{"id":9368,"date":"2026-04-13T17:52:03","date_gmt":"2026-04-13T09:52:03","guid":{"rendered":"https:\/\/tianhuipackingmachine.com\/?post_type=product&#038;p=9368"},"modified":"2026-04-13T18:04:49","modified_gmt":"2026-04-13T10:04:49","slug":"table-top-tray-sealing-machine","status":"publish","type":"product","link":"https:\/\/tianhuipackingmachine.com\/vi\/table-top-tray-sealing-machine\/","title":{"rendered":"M\u00e1y \u0111\u00f3ng g\u00f3i khay \u0111\u1ec3 b\u00e0n"},"content":{"rendered":"<p class=\"translation-block\">Shuliy <strong>m\u00e1y \u0111\u00f3ng g\u00f3i khay b\u00e0n<\/strong> l\u00e0 gi\u1ea3i ph\u00e1p \u0111\u00f3ng g\u00f3i nh\u1ecf g\u1ecdn \u0111\u01b0\u1ee3c thi\u1ebft k\u1ebf \u0111\u1ec3 ni\u00eam phong khay th\u1ef1c ph\u1ea9m v\u1edbi c\u00f4ng ngh\u1ec7 \u0111\u00f3ng g\u00f3i kh\u00ed thay \u0111\u1ed5i (MAP). N\u00f3 s\u1eed d\u1ee5ng c\u00f4ng ngh\u1ec7 x\u1ea3 kh\u00ed \u0111\u1ec3 thay th\u1ebf kh\u00f4ng kh\u00ed trong khay b\u1eb1ng nit\u01a1 ho\u1eb7c kh\u00ed h\u1ed7n h\u1ee3p, k\u00e9o d\u00e0i th\u1eddi gian b\u1ea3o qu\u1ea3n v\u00e0 duy tr\u00ec \u0111\u1ed9 t\u01b0\u01a1i c\u1ee7a s\u1ea3n ph\u1ea9m.<\/p>    <p>N\u00f3 c\u00f3 c\u00f4ng su\u1ea5t 300-700 h\u1ed9p\/gi\u1edd, v\u00e0 t\u1ef7 l\u1ec7 thay th\u1ebf kh\u00ed \u226599%. Ngo\u00e0i ra, \u0111\u1ed9 ch\u00ednh x\u00e1c pha tr\u1ed9n kh\u00ed l\u00e0 \u00b12%. Ph\u01b0\u01a1ng ph\u00e1p b\u01a1m kh\u00ed d\u1ef1a tr\u00ean lu\u1ed3ng kh\u00f4ng kh\u00ed.<\/p>    <p>Lo\u1ea1i m\u00e1y \u0111\u00f3ng g\u00f3i kh\u00ed n\u00e0y ph\u00f9 h\u1ee3p cho doanh nghi\u1ec7p nh\u1ecf \u0111\u1ebfn v\u1eeba, bao g\u1ed3m nh\u00e0 h\u00e0ng, c\u1eeda h\u00e0ng th\u1ef1c ph\u1ea9m, v\u00e0 nh\u00e0 m\u00e1y ch\u1ebf bi\u1ebfn c\u1ea7n \u0111\u00f3ng g\u00f3i hi\u1ec7u qu\u1ea3 v\u00e0 v\u1ec7 sinh.<\/p>   <figure class=\"wp-block-embed-youtube wp-block-embed is-type-video is-provider-youtube wp-embed-aspect-16-9 wp-has-aspect-ratio\"><div class=\"lyte-wrapper\" title=\"M\u00e1y \u0111\u00f3ng g\u00f3i ch\u00e2n kh\u00f4ng kh\u00ed MAP b\u00e0n cho rau qu\u1ea3 t\u01b0\u01a1i \u2013 Li\u00ean h\u1ec7 \u0111\u1ec3 bi\u1ebft gi\u00e1!\" style=\"width:853px;max-width:100%;margin:5px auto;\"><div class=\"lyMe\" id=\"WYL_yyM2aT7I8IE\" itemprop=\"video\" itemscope itemtype=\"https:\/\/schema.org\/VideoObject\"><div><meta itemprop=\"thumbnailUrl\" content=\"https:\/\/i.ytimg.com\/vi\/yyM2aT7I8IE\/hqdefault.jpg\" \/><meta itemprop=\"embedURL\" content=\"https:\/\/www.youtube.com\/embed\/yyM2aT7I8IE\" \/><meta itemprop=\"duration\" content=\"PT1M13S\" \/><meta itemprop=\"uploadDate\" content=\"2026-04-13T07:44:16Z\" \/><\/div><div id=\"lyte_yyM2aT7I8IE\" data-src=\"https:\/\/i.ytimg.com\/vi\/yyM2aT7I8IE\/hqdefault.jpg\" class=\"pL\"><div class=\"tC\"><div class=\"tT\" itemprop=\"name\">M\u00e1y \u0111\u00f3ng g\u00f3i ch\u00e2n kh\u00f4ng kh\u00ed MAP b\u00e0n cho rau qu\u1ea3 t\u01b0\u01a1i \u2013 Li\u00ean h\u1ec7 \u0111\u1ec3 bi\u1ebft gi\u00e1!<\/div><\/div><div class=\"play\"><\/div><div class=\"ctrl\"><div class=\"Lctrl\"><\/div><div class=\"Rctrl\"><\/div><\/div><\/div><noscript><a href=\"https:\/\/youtu.be\/yyM2aT7I8IE\" rel=\"nofollow noopener\" target=\"_blank\"><img loading=\"lazy\" decoding=\"async\" src=\"https:\/\/i.ytimg.com\/vi\/yyM2aT7I8IE\/0.jpg\" alt=\"M\u00e1y \u0111\u00f3ng g\u00f3i ch\u00e2n kh\u00f4ng kh\u00ed MAP b\u00e0n cho rau qu\u1ea3 t\u01b0\u01a1i \u2013 Li\u00ean h\u1ec7 \u0111\u1ec3 bi\u1ebft gi\u00e1!\" width=\"853\" height=\"460\" \/><\/a><\/noscript><meta itemprop=\"description\" content=\"#map #vacuumpacking #modifiedatmospherepackagingmachine WhatsApp No.: https:\/\/wa.me\/+8613673689272 WeChat\/Tel No.:+8613673689272 Email: sales@tianhuipackingmachine.com Website: https:\/\/tianhuipackingmachine.com\/vacuum-packaging-machines\/ \ud83e\udd66\ud83c\udf53 Tabletop MAP Vacuum Packaging Machine for Vegetables &amp; Fruits \u2013 Freshness Preservation Solution In this video, we demonstrate our tabletop modified atmosphere packaging (MAP) vacuum packaging machine, designed for fresh vegetables and fruits preservation. The machine removes air and replaces it with a protective gas mixture, helping to significantly extend shelf life and maintain product freshness. \ud83d\udca1 Benefits: \u2714 Extends shelf life of fresh produce \u2714 Maintains color, texture, and taste \u2714 Reduces food waste \u2714 Improves commercial value of products \ud83d\udce6 We provide different models of MAP vacuum packaging machines for various production needs. \ud83d\udcac If you are looking for a fresh food packaging solution, feel free to contact us for: Machine price Technical specifications Working videos Custom packaging solutions \ud83d\ude80 Contact us today to get a professional food preservation solution for your business! WhatsApp No.: https:\/\/wa.me\/+8613673689272 WeChat\/Tel No.:+8613673689272 Email: sales@tianhuipackingmachine.com Website: https:\/\/tianhuipackingmachine.com\/vacuum-packaging-machines\/\"><\/div><\/div><div class=\"lL\" style=\"max-width:100%;width:853px;margin:5px auto;\"> <a href=\"https:\/\/youtu.be\/yyM2aT7I8IE\" target=\"_blank\" rel=\"noopener\">Xem video n\u00e0y tr\u00ean YouTube<\/a>.<\/div><figcaption>m\u00e1y \u0111\u00f3ng g\u00f3i kh\u00ed thay \u0111\u1ed5i b\u00e0n<\/figcaption><\/figure>   <h2 class=\"wp-block-heading\"><strong>C\u00e1c \u01b0u \u0111i\u1ec3m ch\u00ednh c\u1ee7a m\u00e1y \u0111\u00f3ng g\u00f3i khay b\u00e0n<\/strong><\/h2>    <ul class=\"wp-block-list\"> <li><strong>Thi\u1ebft k\u1ebf nh\u1ecf g\u1ecdn, hi\u1ec7u su\u1ea5t m\u1ea1nh m\u1ebd<\/strong> <ul class=\"wp-block-list\"> <li>Chi\u1ebfm di\u1ec7n t\u00edch nh\u1ecf, ph\u00f9 h\u1ee3p v\u1edbi kh\u00f4ng gian h\u1ea1n ch\u1ebf nh\u01b0ng v\u1eabn \u0111\u1ea3m b\u1ea3o hi\u1ec7u qu\u1ea3 \u0111\u00f3ng g\u00f3i cao.<\/li> <\/ul> <\/li>    <li><strong>Ch\u00ednh x\u00e1c trong thay th\u1ebf kh\u00ed \u0111\u1ec3 gi\u1eef \u0111\u1ed9 t\u01b0\u01a1i<\/strong> <ul class=\"wp-block-list\"> <li>V\u1edbi t\u1ef7 l\u1ec7 thay th\u1ebf kh\u00ed \u226599% v\u00e0 \u0111\u1ed9 ch\u00ednh x\u00e1c pha tr\u1ed9n cao, m\u00e1y \u0111\u00f3ng g\u00f3i kh\u00ed MAP b\u00e0n ho\u1ea1t \u0111\u1ed9ng hi\u1ec7u qu\u1ea3 trong vi\u1ec7c ng\u0103n ng\u1eeba oxy h\u00f3a v\u00e0 \u1ee9c ch\u1ebf s\u1ef1 ph\u00e1t tri\u1ec3n c\u1ee7a vi khu\u1ea9n.<\/li> <\/ul> <\/li>    <li><strong>D\u1ec5 v\u1eadn h\u00e0nh v\u1edbi m\u00e0n h\u00ecnh c\u1ea3m \u1ee9ng<\/strong> <ul class=\"wp-block-list\"> <li>Trang b\u1ecb b\u1ea3ng \u0111i\u1ec1u khi\u1ec3n c\u1ea3m \u1ee9ng tr\u1ef1c quan, ng\u01b0\u1eddi v\u1eadn h\u00e0nh d\u1ec5 d\u00e0ng ki\u1ec3m so\u00e1t qu\u00e1 tr\u00ecnh \u0111\u00f3ng g\u00f3i ch\u1ec9 v\u1edbi m\u1ed9t n\u00fat nh\u1ea5n.<\/li> <\/ul> <\/li>    <li><strong>Ni\u00eam phong m\u1ea1nh m\u1ebd v\u00e0 \u0111\u00f3ng g\u00f3i h\u1ea5p d\u1eabn<\/strong> <ul class=\"wp-block-list\"> <li>C\u00e1c khay \u0111\u00e3 ni\u00eam phong ch\u1eafc ch\u1eafn, ch\u1ed1ng r\u00f2 r\u1ec9, v\u00e0 b\u1eaft m\u1eaft, n\u00e2ng cao kh\u1ea3 n\u0103ng tr\u00ecnh b\u00e0y s\u1ea3n ph\u1ea9m v\u00e0 c\u1ea1nh tranh th\u1ecb tr\u01b0\u1eddng.<\/li> <\/ul> <\/li> <\/ul>    <h2 class=\"wp-block-heading\"><strong>C\u00e1c m\u1eabu m\u00e1y \u0111\u00f3ng g\u00f3i khay b\u00e0n Shuliy<\/strong><\/h2>    <p>Ch\u00fang t\u00f4i cung c\u1ea5p nhi\u1ec1u m\u1eabu \u0111\u1ec3 \u0111\u00e1p \u1ee9ng c\u00e1c y\u00eau c\u1ea7u v\u1ec1 c\u00f4ng su\u1ea5t v\u00e0 k\u00edch th\u01b0\u1edbc khay kh\u00e1c nhau:<\/p>    <figure class=\"wp-block-table\"><table class=\"has-fixed-layout\"><tbody><tr><td><strong>M\u1eabu thay th\u1ebf<\/strong><\/td><td>Lu\u1ed3ng kh\u00ed<\/td><td>Lu\u1ed3ng kh\u00ed<\/td><td>Lu\u1ed3ng kh\u00ed<\/td><td>Lu\u1ed3ng kh\u00ed<\/td><\/tr><tr><td><strong>Ng\u01b0\u1eddi m\u1eabu<\/strong><\/td><td>JR-T330S<\/td><td>JR-T380S<\/td><td>JR-T450S<\/td><td>JR-TH380S<\/td><\/tr><tr><td><strong>Chi\u1ec1u r\u1ed9ng phim t\u1ed1i \u0111a<\/strong> <strong>(mm)<\/strong><\/td><td>330<\/td><td>380<\/td><td>450<\/td><td>370<\/td><\/tr><tr><td><strong>\u0110\u01b0\u1eddng k\u00ednh phim t\u1ed1i \u0111a<\/strong> <strong>(mm)<\/strong><\/td><td>240<\/td><td>240<\/td><td>240<\/td><td>240<\/td><\/tr><tr><td><strong>T\u1ed1c \u0111\u1ed9 \u0111\u00f3ng g\u00f3i<\/strong> <strong>(gi\u00e2y\/m\u1ed7i chu k\u1ef3)<\/strong><\/td><td>8<\/td><td>8<\/td><td>8<\/td><td>8<\/td><\/tr><tr><td><strong>\u0110\u1ea7u ra<\/strong> <strong>(khay\/gi\u1edd)<\/strong><\/td><td>\u2248400 (2 khay)<\/td><td>\u2248700 (4 khay)<\/td><td>\u2248700 (4 khay)<\/td><td>\u2248300 (1 khay)<\/td><\/tr><tr><td><strong>T\u1ef7 l\u1ec7 thay th\u1ebf kh\u00ed<\/strong><\/td><td>\u226599%<\/td><td>\u226599%<\/td><td>\u226599%<\/td><td>\u226599%<\/td><\/tr><tr><td><strong>\u0110\u1ed9 ch\u00ednh x\u00e1c pha tr\u1ed9n kh\u00ed<\/strong><\/td><td>\u00b12.5%<\/td><td>\u00b12.5%<\/td><td>\u00b12%<\/td><td>\u00b12%<\/td><\/tr><tr><td><strong>C\u00f4ng su\u1ea5t (kW)<\/strong><\/td><td>1.6<\/td><td>2.8<\/td><td>3.5<\/td><td>3.5<\/td><\/tr><tr><td><strong>V\u00f4n<\/strong><\/td><td>220V \/ 50Hz<\/td><td>220V \/ 50Hz<\/td><td>220V \/ 50Hz<\/td><td>220V \/ 50Hz<\/td><\/tr><tr><td><strong>\u00c1p su\u1ea5t kh\u00ed (MPa)<\/strong><\/td><td>0.6\u20130.8<\/td><td>0.6\u20130.8<\/td><td>0.6\u20130.8<\/td><td>0.6\u20130.8<\/td><\/tr><tr><td><strong>M\u00e1y n\u00e9n kh\u00ed ph\u00f9 h\u1ee3p (L)<\/strong><\/td><td>60<\/td><td>60<\/td><td>90<\/td><td>90<\/td><\/tr><tr><td><strong>Tr\u1ecdng l\u01b0\u1ee3ng m\u00e1y<\/strong> <strong>(kg)<\/strong><\/td><td>102.5<\/td><td>120<\/td><td>150<\/td><td>145<\/td><\/tr><tr><td><strong>K\u00edch th\u01b0\u1edbc m\u00e1y (mm)<\/strong><\/td><td>845 \u00d7 1030 \u00d7 730<\/td><td>1089 \u00d7 979 \u00d7 800<\/td><td>1350 \u00d7 1210 \u00d7 800<\/td><td>1050 \u00d7 730 \u00d7 1070<\/td><\/tr><tr><td><strong>Tr\u1ecdng l\u01b0\u1ee3ng h\u00e0ng \u0111\u00f3ng g\u00f3i (kg)<\/strong><\/td><td>120 <\/td><td>140<\/td><td>170<\/td><td>170<\/td><\/tr><tr><td><strong>K\u00edch th\u01b0\u1edbc h\u1ed9p carton ngo\u00e0i (mm)<\/strong><\/td><td>1260 \u00d7 1020 \u00d7 850<\/td><td>1189 \u00d7 1079 \u00d7 950<\/td><td>1450 \u00d7 1310 \u00d7 950<\/td><td>1150 \u00d7 830 \u00d7 1220<\/td><\/tr><tr><td><strong>K\u00edch th\u01b0\u1edbc khay t\u1ed1i \u0111a<\/strong> <strong>(mm)<\/strong><\/td><td>1 khay: 370 \u00d7 260 \u00d7 80<br>2 khay: 260 \u00d7 170 \u00d7 80<\/td><td>2 khay: 310 \u00d7 200 \u00d7 80<br>4 khay: 200 \u00d7 140 \u00d7 80<\/td><td>2 khay: 370 \u00d7 260 \u00d7 80<br>4 khay: 260 \u00d7 170 \u00d7 80<\/td><td>1 khay: 380 \u00d7 305 \u00d7 135<br>2 khay: 305 \u00d7 175 \u00d7 135<\/td><\/tr><\/tbody><\/table><figcaption class=\"wp-element-caption\">Th\u00f4ng s\u1ed1 c\u1ee7a m\u00e1y \u0111\u00f3ng g\u00f3i kh\u00ed thay \u0111\u1ed5i b\u00e0n<\/figcaption><\/figure>    <figure class=\"wp-block-image aligncenter size-large\"><img loading=\"lazy\" decoding=\"async\" width=\"500\" height=\"500\" src=\"https:\/\/tianhuipackingmachine.com\/wp-content\/uploads\/2026\/04\/tabletop-modified-atmosphere-packaging-bagging-machine-500x500.webp\" alt=\"tabletop modified atmosphere packaging bagging machine\" class=\"wp-image-9372\" srcset=\"https:\/\/tianhuipackingmachine.com\/wp-content\/uploads\/2026\/04\/tabletop-modified-atmosphere-packaging-bagging-machine-500x500.webp 500w, https:\/\/tianhuipackingmachine.com\/wp-content\/uploads\/2026\/04\/tabletop-modified-atmosphere-packaging-bagging-machine-360x360.webp 360w, https:\/\/tianhuipackingmachine.com\/wp-content\/uploads\/2026\/04\/tabletop-modified-atmosphere-packaging-bagging-machine-150x150.webp 150w, https:\/\/tianhuipackingmachine.com\/wp-content\/uploads\/2026\/04\/tabletop-modified-atmosphere-packaging-bagging-machine-12x12.webp 12w, https:\/\/tianhuipackingmachine.com\/wp-content\/uploads\/2026\/04\/tabletop-modified-atmosphere-packaging-bagging-machine.webp 540w\" sizes=\"auto, (max-width: 500px) 100vw, 500px\" \/><figcaption class=\"wp-element-caption\">M\u00e1y \u0111\u00f3ng g\u00f3i kh\u00ed thay \u0111\u1ed5i b\u00e0n<\/figcaption><\/figure>    <h2 class=\"wp-block-heading\"><strong>M\u00e1y \u0111\u00f3ng g\u00f3i khay b\u00e0n ho\u1ea1t \u0111\u1ed9ng nh\u01b0 th\u1ebf n\u00e0o?<\/strong><\/h2>    <p>Qu\u00e1 tr\u00ecnh ho\u1ea1t \u0111\u1ed9ng \u0111\u01a1n gi\u1ea3n v\u00e0 t\u1ef1 \u0111\u1ed9ng cao:<\/p>    <ol class=\"wp-block-list\"> <li><strong>V\u1ecb tr\u00ed s\u1ea3n ph\u1ea9m<\/strong> <ul class=\"wp-block-list\"> <li>\u0110\u1eb7t th\u1ef1c ph\u1ea9m nh\u01b0 th\u1ecbt t\u01b0\u01a1i, tr\u00e1i c\u00e2y ho\u1eb7c b\u1eefa \u0103n s\u1eb5n v\u00e0o khay.<\/li> <\/ul> <\/li>    <li><strong>Ch\u00e2n kh\u00f4ng v\u00e0 x\u1ea3 kh\u00ed<\/strong> <ul class=\"wp-block-list\"> <li>M\u00e1y \u0111\u00f3ng g\u00f3i MAP \u0111\u1ea7u ti\u00ean lo\u1ea1i b\u1ecf kh\u00f4ng kh\u00ed kh\u1ecfi khay, sau \u0111\u00f3 b\u01a1m kh\u00ed nit\u01a1 ho\u1eb7c kh\u00ed h\u1ed7n h\u1ee3p v\u1edbi \u0111\u1ed9 ch\u00ednh x\u00e1c cao.<\/li> <\/ul> <\/li>    <li><strong>Ni\u00eam phong khay<\/strong> <ul class=\"wp-block-list\"> <li>M\u1ed9t m\u00e0ng phim nhi\u1ec7t h\u00e0n k\u00edn khay, \u0111\u1ea3m b\u1ea3o \u0111\u00f3ng g\u00f3i ch\u1eafc ch\u1eafn v\u00e0 ch\u1ed1ng r\u00f2 r\u1ec9.<\/li> <\/ul> <\/li>    <li><strong>\u0110\u00f3ng g\u00f3i ho\u00e0n thi\u1ec7n<\/strong> <ul class=\"wp-block-list\"> <li>S\u1ea3n ph\u1ea9m cu\u1ed1i c\u00f9ng c\u00f3 \u0111\u1eb7c \u0111i\u1ec3m k\u00edn ch\u1eb7t, gi\u1eef \u0111\u1ed9 t\u01b0\u01a1i l\u00e2u v\u00e0 ngo\u1ea1i h\u00ecnh h\u1ea5p d\u1eabn.<\/li> <\/ul> <\/li> <\/ol>    <h2 class=\"wp-block-heading\"><strong>\u1ee8ng d\u1ee5ng c\u1ee7a m\u00e1y \u0111\u00f3ng g\u00f3i kh\u00ed MAP b\u00e0n<\/strong><\/h2>    <p>M\u00e1y \u0111\u00f3ng g\u00f3i khay b\u00e0n c\u1ee7a ch\u00fang t\u00f4i c\u00f3 ph\u1ea1m vi \u1ee9ng d\u1ee5ng r\u1ed9ng, nh\u01b0:<\/p>    <ul class=\"wp-block-list\"> <li><strong>Tr\u00e1i c\u00e2y v\u00e0 rau qu\u1ea3 c\u1eaft t\u01b0\u01a1i<\/strong> <ul class=\"wp-block-list\"> <li>Salad tr\u00e1i c\u00e2y c\u1eaft s\u1eb5n v\u00e0 \u0111\u0129a<\/li>    <li>G\u00f3i snack rau c\u1ee7<\/li>    <li>Bao b\u00ec th\u1ea3o m\u1ed9c t\u01b0\u01a1i<\/li>    <li>G\u00f3i s\u1ea3n ph\u1ea9m h\u1eefu c\u01a1<\/li> <\/ul> <\/li>    <li><strong>Th\u1ef1c ph\u1ea9m ngu\u1ed9i v\u00e0 ch\u1ebf bi\u1ebfn s\u1eb5n<\/strong> <ul class=\"wp-block-list\"> <li>Th\u1ecbt ngu\u1ed9i v\u00e0 ph\u00f4 mai c\u1eaft l\u00e1t<\/li>    <li>Salad v\u00e0 b\u00e1nh m\u00ec k\u1eb9p \u0111\u00e3 chu\u1ea9n b\u1ecb<\/li>    <li>C\u00e1c b\u1eefa \u0103n s\u1eb5n s\u00e0ng \u0111\u1ec3 \u0103n<\/li>    <li>Th\u1ecbt v\u00e0 gia c\u1ea7m \u01b0\u1edbp gia v\u1ecb<\/li> <\/ul> <\/li>    <li><strong>B\u00e1nh m\u00ec v\u00e0 m\u00f3n tr\u00e1ng mi\u1ec7ng<\/strong> <ul class=\"wp-block-list\"> <li>B\u00e1nh ng\u1ecdt v\u00e0 b\u00e1nh kem t\u01b0\u01a1i<\/li>    <li>B\u00e1nh m\u00ec k\u1eb9p v\u00e0 b\u00e1nh wrap<\/li>    <li>\u0110\u0129a tr\u00e1ng mi\u1ec7ng<\/li>    <li>B\u00e1nh n\u01b0\u1edbng<\/li> <\/ul> <\/li>    <li><strong>S\u1ea3n ph\u1ea9m h\u1ea3i s\u1ea3n<\/strong> <ul class=\"wp-block-list\"> <li>V\u1eadn chuy\u1ec3n h\u1ea3i s\u1ea3n s\u1ed1ng (v\u1edbi t\u0103ng c\u01b0\u1eddng oxy)<\/li>    <li>Fillet c\u00e1 t\u01b0\u01a1i<\/li>    <li>H\u1ea3i s\u1ea3n v\u00e0 t\u00f4m<\/li>    <li>H\u1ea3i s\u1ea3n hun kh\u00f3i<\/li> <\/ul> <\/li> <\/ul>    <figure class=\"wp-block-image aligncenter size-large\"><img loading=\"lazy\" decoding=\"async\" width=\"626\" height=\"500\" src=\"https:\/\/tianhuipackingmachine.com\/wp-content\/uploads\/2026\/04\/applications-of-Table-Top-Tray-Sealing-Machine-626x500.webp\" alt=\"applications of Table Top Tray Sealing Machine\" class=\"wp-image-9371\" srcset=\"https:\/\/tianhuipackingmachine.com\/wp-content\/uploads\/2026\/04\/applications-of-Table-Top-Tray-Sealing-Machine-626x500.webp 626w, https:\/\/tianhuipackingmachine.com\/wp-content\/uploads\/2026\/04\/applications-of-Table-Top-Tray-Sealing-Machine-451x360.webp 451w, https:\/\/tianhuipackingmachine.com\/wp-content\/uploads\/2026\/04\/applications-of-Table-Top-Tray-Sealing-Machine-15x12.webp 15w, https:\/\/tianhuipackingmachine.com\/wp-content\/uploads\/2026\/04\/applications-of-Table-Top-Tray-Sealing-Machine.webp 676w\" sizes=\"auto, (max-width: 626px) 100vw, 626px\" \/><figcaption class=\"wp-element-caption\">\u1ee8ng d\u1ee5ng c\u1ee7a m\u00e1y \u0111\u00f3ng g\u00f3i khay b\u00e0n<\/figcaption><\/figure>    <p>Thus, it&#8217;s widely used in Retail &amp; Catering, such as:<\/p>    <ul class=\"wp-block-list\"> <li>Si\u00eau th\u1ecb <\/li>    <li>C\u00e1c c\u1eeda h\u00e0ng th\u1ef1c ph\u1ea9m <\/li>    <li>Nh\u00e0 h\u00e0ng <\/li>    <li>C\u00e1c nh\u00e0 b\u1ebfp trung t\u00e2m<\/li> <\/ul>    <h2 class=\"wp-block-heading\"><strong>What&#8217;s the Table Top Tray Sealing Machine Price?<\/strong><\/h2>    <p>Gi\u00e1 m\u00e1y \u0111\u00f3ng g\u00f3i kh\u00ed MAP b\u00e0n thay \u0111\u1ed5i t\u00f9y theo th\u00f4ng s\u1ed1 k\u1ef9 thu\u1eadt, c\u00f4ng su\u1ea5t, v\u00e0 t\u00ednh n\u0103ng. L\u00e0 nh\u00e0 s\u1ea3n xu\u1ea5t tr\u1ef1c ti\u1ebfp, Shuliy cung c\u1ea5p gi\u00e1 th\u00e0nh c\u1ea1nh tranh kh\u00f4ng qua trung gian.<\/p>    <h3 class=\"wp-block-heading\"><strong>C\u00e1c y\u1ebfu t\u1ed1 gi\u00e1 c\u1ea3<\/strong><\/h3>    <ul class=\"wp-block-list\"> <li><strong>Chi\u1ec1u r\u1ed9ng phim<\/strong>: T\u00f9y ch\u1ecdn dung t\u00edch 330mm, 380mm ho\u1eb7c 450mm<\/li>    <li><strong>Kh\u1ea3 n\u0103ng s\u1ea3n xu\u1ea5t<\/strong>: 300-700 h\u1ed9p\/gi\u1edd t\u00f9y theo m\u1eabu<\/li>    <li><strong>C\u1ea5u h\u00ecnh khay<\/strong>: T\u00f9y ch\u1ecdn h\u1ed9p \u0111\u01a1n, \u0111\u00f4i ho\u1eb7c b\u1ed1n<\/li>    <li><strong>T\u00ednh n\u0103ng \u0111\u1eb7c bi\u1ec7t<\/strong>: T\u0103ng c\u01b0\u1eddng oxy cho h\u1ea3i s\u1ea3n s\u1ed1ng<\/li>    <li><strong>T\u00f9y ch\u1ec9nh<\/strong>: C\u00e1c k\u00edch th\u01b0\u1edbc khay \u0111\u1eb7c bi\u1ec7t, t\u00f9y ch\u1ecdn th\u01b0\u01a1ng hi\u1ec7u<\/li> <\/ul>    <p>N\u1ebfu c\u1ea7n b\u00e1o gi\u00e1 c\u1ee5 th\u1ec3, vui l\u00f2ng li\u00ean h\u1ec7 v\u1edbi ch\u00fang t\u00f4i b\u1ea5t c\u1ee9 l\u00fac n\u00e0o!<\/p>    <figure class=\"wp-block-image aligncenter size-large\"><img loading=\"lazy\" decoding=\"async\" width=\"451\" height=\"500\" src=\"https:\/\/tianhuipackingmachine.com\/wp-content\/uploads\/2026\/04\/MAP-food-tray-sealing-machine-451x500.webp\" alt=\"MAP food tray sealing machine\" class=\"wp-image-9373\" srcset=\"https:\/\/tianhuipackingmachine.com\/wp-content\/uploads\/2026\/04\/MAP-food-tray-sealing-machine-451x500.webp 451w, https:\/\/tianhuipackingmachine.com\/wp-content\/uploads\/2026\/04\/MAP-food-tray-sealing-machine-325x360.webp 325w, https:\/\/tianhuipackingmachine.com\/wp-content\/uploads\/2026\/04\/MAP-food-tray-sealing-machine-11x12.webp 11w, https:\/\/tianhuipackingmachine.com\/wp-content\/uploads\/2026\/04\/MAP-food-tray-sealing-machine.webp 487w\" sizes=\"auto, (max-width: 451px) 100vw, 451px\" \/><figcaption class=\"wp-element-caption\">M\u00e1y \u0111\u00f3ng g\u00f3i khay th\u1ef1c ph\u1ea9m MAP<\/figcaption><\/figure>    <h2 class=\"wp-block-heading\"><strong>Gi\u1ea3i ph\u00e1p \u0111\u00f3ng g\u00f3i MAP li\u00ean quan<\/strong><\/h2>    <p>Kh\u00e1m ph\u00e1 to\u00e0n b\u1ed9 d\u00f2ng thi\u1ebft b\u1ecb \u0111\u00f3ng g\u00f3i kh\u00ed thay \u0111\u1ed5i c\u1ee7a ch\u00fang t\u00f4i:<\/p>    <ul class=\"wp-block-list\"> <li><a href=\"https:\/\/tianhuipackingmachine.com\/vi\/modified-atmosphere-packaging-machine-map-tray-sealer\/\">M\u00e1y \u0111\u00f3ng g\u00f3i kh\u00ed \u0111i\u1ec1u ch\u1ec9nh theo ph\u01b0\u01a1ng d\u1ecdc<\/a><\/li>    <li><a href=\"https:\/\/tianhuipackingmachine.com\/vi\/vacuum-skin-packaging-machine\/\">M\u00e1y \u0111\u00f3ng g\u00f3i ch\u00e2n kh\u00f4ng Skin<\/a><\/li> <\/ul>    <p class=\"translation-block\">&#x1f449; <strong>Contact us today to get the best price, machine details, and customized solution for your packaging needs!<\/strong><\/p>","protected":false},"excerpt":{"rendered":"<p>Shuliy tabletop MAP packaging machine features compact design, nitrogen flushing, and precise gas replacement. Perfect for small shops, restaurants, and food retailers.<\/p>","protected":false},"author":1,"featured_media":9369,"parent":0,"template":"","tags":[246,239,247,245,248],"product-type":[140],"class_list":["post-9368","product","type-product","status-publish","has-post-thumbnail","hentry","tag-desktop-map-packaging-machine","tag-map-packaging","tag-nitrogen-flushing-machine","tag-tabletop-map-machine","tag-tray-sealing-machine","product-type-vacuum-packaging-machines"],"_links":{"self":[{"href":"https:\/\/tianhuipackingmachine.com\/vi\/wp-json\/wp\/v2\/product\/9368","targetHints":{"allow":["GET"]}}],"collection":[{"href":"https:\/\/tianhuipackingmachine.com\/vi\/wp-json\/wp\/v2\/product"}],"about":[{"href":"https:\/\/tianhuipackingmachine.com\/vi\/wp-json\/wp\/v2\/types\/product"}],"author":[{"embeddable":true,"href":"https:\/\/tianhuipackingmachine.com\/vi\/wp-json\/wp\/v2\/users\/1"}],"wp:featuredmedia":[{"embeddable":true,"href":"https:\/\/tianhuipackingmachine.com\/vi\/wp-json\/wp\/v2\/media\/9369"}],"wp:attachment":[{"href":"https:\/\/tianhuipackingmachine.com\/vi\/wp-json\/wp\/v2\/media?parent=9368"}],"wp:term":[{"taxonomy":"post_tag","embeddable":true,"href":"https:\/\/tianhuipackingmachine.com\/vi\/wp-json\/wp\/v2\/tags?post=9368"},{"taxonomy":"product-type","embeddable":true,"href":"https:\/\/tianhuipackingmachine.com\/vi\/wp-json\/wp\/v2\/product-type?post=9368"}],"curies":[{"name":"wp","href":"https:\/\/api.w.org\/{rel}","templated":true}]}}