{"id":9350,"date":"2026-04-10T16:00:17","date_gmt":"2026-04-10T08:00:17","guid":{"rendered":"https:\/\/tianhuipackingmachine.com\/?post_type=product&#038;p=9350"},"modified":"2026-04-10T16:42:15","modified_gmt":"2026-04-10T08:42:15","slug":"vacuum-skin-packaging-machine","status":"publish","type":"product","link":"https:\/\/tianhuipackingmachine.com\/vi\/vacuum-skin-packaging-machine\/","title":{"rendered":"M\u00e1y \u0111\u00f3ng g\u00f3i ch\u00e2n kh\u00f4ng d\u1ea1ng da"},"content":{"rendered":"<p class=\"translation-block\"><strong>M\u00e1y \u0111\u00f3ng g\u00f3i ch\u00e2n kh\u00f4ng<\/strong> l\u00e0 m\u1ed9t lo\u1ea1i m\u00e1y \u0111\u00f3ng g\u00f3i MAP, gi\u1ea3i ph\u00e1p \u0111\u00f3ng g\u00f3i ti\u00ean ti\u1ebfn s\u1eed d\u1ee5ng ch\u00e2n kh\u00f4ng \u0111\u1ec3 ni\u00eam phong ch\u1eb7t ch\u1ebd m\u00e0ng nh\u1ef1a nhi\u1ec7t d\u1ebbo tr\u00ean s\u1ea3n ph\u1ea9m \u0111\u1eb7t tr\u00ean khay ho\u1eb7c b\u1ea3ng n\u1ec1n. M\u00e0ng ph\u00f9 h\u1ee3p ho\u00e0n h\u1ea3o v\u1edbi h\u00ecnh d\u1ea1ng s\u1ea3n ph\u1ea9m, t\u1ea1o th\u00e0nh <strong>g\u00f3i da 3D ch\u1eb7t ch\u1ebd<\/strong> k\u1ebft h\u1ee3p b\u1ea3o v\u1ec7, \u0111\u1ed9 t\u01b0\u01a1i v\u00e0 s\u1ee9c h\u1ea5p d\u1eabn th\u1ecb gi\u00e1c.<\/p>    <p class=\"translation-block\">N\u00f3 c\u00f3 c\u00f4ng su\u1ea5t <strong>180-500 h\u1ed9p m\u1ed7i gi\u1edd<\/strong> v\u00e0 c\u00f3 th\u1ec3 ho\u00e0n th\u00e0nh <strong>m\u1ed9t chu tr\u00ecnh trong v\u00f2ng 12-15 gi\u00e2y<\/strong>. C\u00f4ng ngh\u1ec7 \u0111\u00f3ng g\u00f3i s\u00e1ng t\u1ea1o n\u00e0y mang l\u1ea1i ba l\u1ee3i \u00edch ch\u00ednh: <strong>b\u1ea3o v\u1ec7 s\u1ea3n ph\u1ea9m ch\u1eb7t ch\u1ebd, b\u1ea3o qu\u1ea3n ch\u00e2n kh\u00f4ng, v\u00e0 tr\u00ecnh b\u00e0y 3D<\/strong>, \u0111\u01b0\u1ee3c s\u1eed d\u1ee5ng r\u1ed9ng r\u00e3i trong ch\u1ebf bi\u1ebfn th\u1ef1c ph\u1ea9m, \u0111\u00f3ng g\u00f3i b\u00e1n l\u1ebb v\u00e0 b\u1ea3o v\u1ec7 s\u1ea3n ph\u1ea9m c\u00f4ng nghi\u1ec7p.<\/p>    <h2 class=\"wp-block-heading\"><strong>Video ho\u1ea1t \u0111\u1ed9ng c\u1ee7a m\u00e1y \u0111\u00f3ng g\u00f3i ch\u00e2n kh\u00f4ng VSP<\/strong><\/h2>   <figure class=\"wp-block-embed-youtube wp-block-embed is-type-video is-provider-youtube wp-embed-aspect-16-9 wp-has-aspect-ratio\"><div class=\"lyte-wrapper\" title=\"Video ho\u1ea1t \u0111\u1ed9ng c\u1ee7a m\u00e1y \u0111\u00f3ng g\u00f3i ch\u00e2n kh\u00f4ng | Gi\u1ea3i ph\u00e1p \u0111\u00f3ng g\u00f3i th\u1ef1c ph\u1ea9m 3D ho\u00e0n h\u1ea3o \u2013 Li\u00ean h\u1ec7 \u0111\u1ec3 bi\u1ebft gi\u00e1!\" style=\"width:853px;max-width:100%;margin:5px auto;\"><div class=\"lyMe\" id=\"WYL_XR3KQcHGhuc\" itemprop=\"video\" itemscope itemtype=\"https:\/\/schema.org\/VideoObject\"><div><meta itemprop=\"thumbnailUrl\" content=\"https:\/\/i.ytimg.com\/vi\/XR3KQcHGhuc\/hqdefault.jpg\" \/><meta itemprop=\"embedURL\" content=\"https:\/\/www.youtube.com\/embed\/XR3KQcHGhuc\" \/><meta itemprop=\"duration\" content=\"PT1M22S\" \/><meta itemprop=\"uploadDate\" content=\"2026-04-10T07:00:16Z\" \/><\/div><div id=\"lyte_XR3KQcHGhuc\" data-src=\"https:\/\/i.ytimg.com\/vi\/XR3KQcHGhuc\/hqdefault.jpg\" class=\"pL\"><div class=\"tC\"><div class=\"tT\" itemprop=\"name\">Video ho\u1ea1t \u0111\u1ed9ng c\u1ee7a m\u00e1y \u0111\u00f3ng g\u00f3i ch\u00e2n kh\u00f4ng | Gi\u1ea3i ph\u00e1p \u0111\u00f3ng g\u00f3i th\u1ef1c ph\u1ea9m 3D ho\u00e0n h\u1ea3o \u2013 Li\u00ean h\u1ec7 \u0111\u1ec3 bi\u1ebft gi\u00e1!<\/div><\/div><div class=\"play\"><\/div><div class=\"ctrl\"><div class=\"Lctrl\"><\/div><div class=\"Rctrl\"><\/div><\/div><\/div><noscript><a href=\"https:\/\/youtu.be\/XR3KQcHGhuc\" rel=\"nofollow noopener\" target=\"_blank\"><img loading=\"lazy\" decoding=\"async\" src=\"https:\/\/i.ytimg.com\/vi\/XR3KQcHGhuc\/0.jpg\" alt=\"Video ho\u1ea1t \u0111\u1ed9ng c\u1ee7a m\u00e1y \u0111\u00f3ng g\u00f3i ch\u00e2n kh\u00f4ng | Gi\u1ea3i ph\u00e1p \u0111\u00f3ng g\u00f3i th\u1ef1c ph\u1ea9m 3D ho\u00e0n h\u1ea3o \u2013 Li\u00ean h\u1ec7 \u0111\u1ec3 bi\u1ebft gi\u00e1!\" width=\"853\" height=\"460\" \/><\/a><\/noscript><meta itemprop=\"description\" content=\"#skinpack #vacuumpackaging #vacuumpacking WhatsApp No.: https:\/\/wa.me\/+8613673689272 WeChat\/Tel No.:+8613673689272 Email: sales@tianhuipackingmachine.com Website: https:\/\/tianhuipackingmachine.com\/vacuum-skin-packaging-machine\/ This video shows the working process of a vacuum skin packaging machine, designed for high-quality packaging of fresh food and industrial products. The machine uses vacuum pressure to tightly seal a heated film over the product, creating a 3D skin-tight package that enhances product appearance, extends shelf life, and prevents movement or damage during transport. \u2728 Key Features: Perfect 3D display for better product presentation Strong vacuum sealing for freshness and protection Suitable for meat, seafood, frozen food, and hardware Stable performance with high efficiency Widely used in supermarkets, food processing plants, and industrial packaging. \ud83d\udc49 Looking for a reliable vacuum skin packaging machine? Contact us now for detailed specifications, working videos, and the latest price! WhatsApp No.: https:\/\/wa.me\/+8613673689272 WeChat\/Tel No.:+8613673689272 Email: sales@tianhuipackingmachine.com Website: https:\/\/tianhuipackingmachine.com\/vacuum-skin-packaging-machine\/\"><\/div><\/div><div class=\"lL\" style=\"max-width:100%;width:853px;margin:5px auto;\"> <a href=\"https:\/\/youtu.be\/XR3KQcHGhuc\" target=\"_blank\" rel=\"noopener\">Xem video n\u00e0y tr\u00ean YouTube<\/a>.<\/div><figcaption>Video c\u1ee7a m\u00e1y \u0111\u00f3ng g\u00f3i th\u1ef1c ph\u1ea9m th\u1ee7 c\u00f4ng<\/figcaption><\/figure>   <h2 class=\"wp-block-heading\"><strong>Th\u00f4ng s\u1ed1 k\u1ef9 thu\u1eadt c\u1ee7a m\u00e1y \u0111\u00f3ng g\u00f3i ch\u00e2n kh\u00f4ng da<\/strong><\/h2>    <p class=\"translation-block\">T\u1ea1i Shuliy, c\u00f3 hai m\u1eabu m\u00e1y \u0111\u00f3ng g\u00f3i ch\u00e2n kh\u00f4ng d\u1ea1ng \u0111\u1ee9ng \u0111\u1ec3 b\u00e1n: <strong>JRB-M380V<\/strong> v\u00e0 <strong>JRB-M450V<\/strong>. <\/p>    <p>K\u00edch th\u01b0\u1edbc khay c\u00f3 th\u1ec3 t\u00f9y ch\u1ec9nh \u0111\u1ec3 ph\u00f9 h\u1ee3p v\u1edbi nhu c\u1ea7u th\u1ef1c t\u1ebf. <\/p>    <figure class=\"wp-block-table\"><table class=\"has-fixed-layout\"><tbody><tr><td><strong>Ng\u01b0\u1eddi m\u1eabu<\/strong><\/td><td><strong>JRB-M380V<\/strong><\/td><td><strong>JRB-M450V<\/strong><\/td><\/tr><tr><td><strong>Chi\u1ec1u r\u1ed9ng phim t\u1ed1i \u0111a<\/strong><\/td><td>380 mm<\/td><td>450 mm<\/td><\/tr><tr><td><strong>\u0110\u01b0\u1eddng k\u00ednh phim t\u1ed1i \u0111a<\/strong><\/td><td>240 mm<\/td><td> 240 mm<\/td><\/tr><tr><td><strong>T\u1ed1c \u0111\u1ed9 \u0111\u00f3ng g\u00f3i<\/strong><\/td><td>12\u201315 gi\u00e2y\/m\u1ed9t chu tr\u00ecnh<\/td><td>12\u201315 gi\u00e2y\/m\u1ed9t chu tr\u00ecnh<\/td><\/tr><tr><td><strong>C\u00f4ng su\u1ea5t \u0111\u1ea7u ra<\/strong><\/td><td>2 khay: \u2248300 khay\/gi\u1edd<br>4 khay: \u2248500 khay\/gi\u1edd<\/td><td>1 khay: \u2248180 khay\/gi\u1edd<br>2 khay: \u2248300 khay\/gi\u1edd<br>4 khay: \u2248500 khay\/gi\u1edd<\/td><\/tr><tr><td><strong>C\u00f4ng su\u1ea5t b\u01a1m ch\u00e2n kh\u00f4ng<\/strong><\/td><td>63 m\u00b3\/h<\/td><td>100 m\u00b3\/h<\/td><\/tr><tr><td><strong>Ngu\u1ed3n c\u1ea5p<\/strong><\/td><td>380V \/ 50Hz <\/td><td>380V \/ 50Hz<\/td><\/tr><tr><td><strong>T\u1ed5ng c\u00f4ng su\u1ea5t<\/strong><\/td><td>4.5 kW<\/td><td>6.5 kW <\/td><\/tr><tr><td><strong>\u00c1p su\u1ea5t kh\u00f4ng kh\u00ed<\/strong><\/td><td> 0.6\u20130.8 MPa<\/td><td> 0.6\u20130.8 MPa<\/td><\/tr><tr><td><strong>Tr\u1ecdng l\u01b0\u1ee3ng m\u00e1y<\/strong><\/td><td>330 kg<\/td><td>447 kg<\/td><\/tr><tr><td><strong>K\u00edch th\u01b0\u1edbc m\u00e1y<\/strong><\/td><td>1120 \u00d7 1100 \u00d7 1600 mm<\/td><td>1250 \u00d7 1200 \u00d7 1600 mm<\/td><\/tr><tr><td><strong>K\u00edch th\u01b0\u1edbc khay t\u1ed1i \u0111a<\/strong><\/td><td>2 khay: 310 \u00d7 200 \u00d7 60 mm<br>4 khay: 200 \u00d7 140 \u00d7 60 mm<\/td><td>2 khay: 380 \u00d7 260 \u00d7 60 mm<br>4 khay: 260 \u00d7 175 \u00d7 60 mm<\/td><\/tr><\/tbody><\/table><figcaption class=\"wp-element-caption\">Th\u00f4ng s\u1ed1 c\u1ee7a m\u00e1y \u0111\u00f3ng g\u00f3i khay th\u1ef1c ph\u1ea9m d\u1ea1ng \u0111\u1ee9ng VSP<\/figcaption><\/figure>    <figure class=\"wp-block-image aligncenter size-large\"><img loading=\"lazy\" decoding=\"async\" width=\"667\" height=\"500\" src=\"https:\/\/tianhuipackingmachine.com\/wp-content\/uploads\/2026\/04\/commercial-vacuum-tray-sealing-machine-for-skin-packing-667x500.webp\" alt=\"commercial vacuum tray sealing machine for skin packing\" class=\"wp-image-9361\" srcset=\"https:\/\/tianhuipackingmachine.com\/wp-content\/uploads\/2026\/04\/commercial-vacuum-tray-sealing-machine-for-skin-packing-667x500.webp 667w, https:\/\/tianhuipackingmachine.com\/wp-content\/uploads\/2026\/04\/commercial-vacuum-tray-sealing-machine-for-skin-packing-480x360.webp 480w, https:\/\/tianhuipackingmachine.com\/wp-content\/uploads\/2026\/04\/commercial-vacuum-tray-sealing-machine-for-skin-packing-16x12.webp 16w, https:\/\/tianhuipackingmachine.com\/wp-content\/uploads\/2026\/04\/commercial-vacuum-tray-sealing-machine-for-skin-packing.webp 720w\" sizes=\"auto, (max-width: 667px) 100vw, 667px\" \/><figcaption class=\"wp-element-caption\">M\u00e1y \u0111\u00f3ng g\u00f3i ch\u00e2n kh\u00f4ng th\u01b0\u01a1ng m\u1ea1i cho \u0111\u00f3ng g\u00f3i da<\/figcaption><\/figure>    <h2 class=\"wp-block-heading\"><strong>M\u00e1y \u0111\u00f3ng g\u00f3i ch\u00e2n kh\u00f4ng ho\u1ea1t \u0111\u1ed9ng nh\u01b0 th\u1ebf n\u00e0o?<\/strong><\/h2>    <p>Quy tr\u00ecnh ho\u1ea1t \u0111\u1ed9ng c\u1ee7a m\u00e1y \u0111\u00f3ng g\u00f3i ch\u00e2n kh\u00f4ng da r\u1ea5t \u0111\u01a1n gi\u1ea3n nh\u01b0ng hi\u1ec7u qu\u1ea3 cao:<\/p>   <div id=\"rank-math-howto\" class=\"rank-math-block\" > <div class=\"rank-math-howto-description\">  <\/div>  <div class=\"rank-math-steps\"> <div id=\"howto-step-1775803819391\" class=\"rank-math-step\"> <h3 class=\"rank-math-step-title\"> <strong>V\u1ecb tr\u00ed s\u1ea3n ph\u1ea9m<\/strong><\/h3> <div class=\"rank-math-step-content\"><p>S\u1ea3n ph\u1ea9m \u0111\u01b0\u1ee3c \u0111\u1eb7t tr\u00ean n\u1ec1n nh\u01b0 b\u00eca c\u1ee9ng tho\u00e1ng kh\u00ed ho\u1eb7c khay c\u00f3 l\u1ed7.<\/p> <\/div> <\/div> <div id=\"howto-step-1775803893070\" class=\"rank-math-step\"> <h3 class=\"rank-math-step-title\"><strong>Nhi\u1ec7t m\u00e0ng<\/strong><\/h3> <div class=\"rank-math-step-content\"><p>M\u00e0ng \u0111\u00f3ng g\u00f3i \u0111\u01b0\u1ee3c nung n\u00f3ng \u0111\u1ebfn nhi\u1ec7t \u0111\u1ed9 l\u00e0m m\u1ec1m, cho ph\u00e9p n\u00f3 tr\u1edf n\u00ean linh ho\u1ea1t v\u00e0 d\u1ec5 t\u1ea1o h\u00ecnh.<\/p> <\/div> <\/div> <div id=\"howto-step-1775803912682\" class=\"rank-math-step\"> <h3 class=\"rank-math-step-title\"><strong>H\u00fat ch\u00e2n kh\u00f4ng<\/strong><\/h3> <div class=\"rank-math-step-content\"><p>H\u1ec7 th\u1ed1ng ch\u00e2n kh\u00f4ng lo\u1ea1i b\u1ecf kh\u00f4ng kh\u00ed kh\u1ecfi bu\u1ed3ng. D\u01b0\u1edbi \u00e1p l\u1ef1c \u00e2m, m\u00e0ng nhi\u1ec7t \u0111\u01b0\u1ee3c l\u00e0m n\u00f3ng m\u1ec1m d\u1ebbo v\u00e0 b\u00e1m ch\u1eb7t quanh s\u1ea3n ph\u1ea9m tr\u00ean khay ho\u1eb7c b\u1ea3ng n\u1ec1n.<\/p> <\/div> <\/div> <div id=\"howto-step-1775803933822\" class=\"rank-math-step\"> <h3 class=\"rank-math-step-title\"><strong>L\u00e0m m\u00e1t v\u00e0 \u0111\u1ecbnh h\u00ecnh<\/strong><\/h3> <div class=\"rank-math-step-content\"><img loading=\"lazy\" decoding=\"async\" width=\"639\" height=\"540\" src=\"https:\/\/tianhuipackingmachine.com\/wp-content\/uploads\/2026\/04\/vacuum-skin-packaging-effect.webp\" class=\"attachment-full size-full\" alt=\"vacuum skin packaging effect\" srcset=\"https:\/\/tianhuipackingmachine.com\/wp-content\/uploads\/2026\/04\/vacuum-skin-packaging-effect.webp 639w, https:\/\/tianhuipackingmachine.com\/wp-content\/uploads\/2026\/04\/vacuum-skin-packaging-effect-426x360.webp 426w, https:\/\/tianhuipackingmachine.com\/wp-content\/uploads\/2026\/04\/vacuum-skin-packaging-effect-592x500.webp 592w, https:\/\/tianhuipackingmachine.com\/wp-content\/uploads\/2026\/04\/vacuum-skin-packaging-effect-14x12.webp 14w\" sizes=\"auto, (max-width: 639px) 100vw, 639px\" \/><p>M\u00e0ng l\u00e0m l\u1ea1nh v\u00e0 \u0111\u00f4ng c\u1ee9ng trong khi duy tr\u00ec ni\u00eam phong ch\u1eb7t ch\u1ebd, t\u1ea1o th\u00e0nh g\u00f3i b\u1ec1n v\u00e0 h\u1ea5p d\u1eabn th\u1ecb gi\u00e1c (3D).<\/p> <\/div> <\/div> <\/div> <\/div>       <h2 class=\"wp-block-heading\"><strong>L\u1ee3i \u00edch ch\u00ednh c\u1ee7a \u0111\u00f3ng g\u00f3i ch\u00e2n kh\u00f4ng<\/strong><\/h2>    <ul class=\"wp-block-list\"> <li><strong>Hi\u1ec3n th\u1ecb h\u00ecnh \u1ea3nh 3D \u0111\u1ec3 b\u00e1n h\u00e0ng t\u1ed1t h\u01a1n<\/strong> <ul class=\"wp-block-list\"> <li>Products are displayed like a &#8220;sculpture,&#8221; enhancing shelf appeal and allowing customers to clearly see product details.<\/li> <\/ul> <\/li>    <li><strong>\u0110\u1ed9 t\u01b0\u01a1i v\u00e0 b\u1ea3o qu\u1ea3n v\u01b0\u1ee3t tr\u1ed9i<\/strong> <ul class=\"wp-block-list\"> <li>Gi\u00fap duy tr\u00ec m\u00e0u s\u1eafc, k\u1ebft c\u1ea5u v\u00e0 \u0111\u1ed9 t\u01b0\u01a1i m\u1edbi, l\u00fd t\u01b0\u1edfng cho: <ul class=\"wp-block-list\"> <li>Th\u1ecbt t\u01b0\u01a1i<\/li>    <li>H\u1ea3i s\u1ea3n<\/li>    <li>Th\u1ef1c ph\u1ea9m \u0111\u00f4ng l\u1ea1nh<\/li> <\/ul> <\/li>    <li>N\u00f3 c\u0169ng gi\u1ea3m s\u1ef1 h\u00ecnh th\u00e0nh tinh th\u1ec3 \u0111\u00e1 v\u00e0 ch\u00e1y \u0111\u00e1 trong t\u1ee7 \u0111\u00f4ng.<\/li> <\/ul> <\/li>    <li><strong>B\u1ea3o v\u1ec7 v\u00e0 \u1ed5n \u0111\u1ecbnh xu\u1ea5t s\u1eafc<\/strong> <ul class=\"wp-block-list\"> <li>Vi\u1ec7c \u0111\u00f3ng g\u00f3i ch\u1eb7t ch\u1ebd ng\u0103n chuy\u1ec3n \u0111\u1ed9ng c\u1ee7a s\u1ea3n ph\u1ea9m, ph\u00f9 h\u1ee3p cho: <ul class=\"wp-block-list\"> <li>D\u1ee5ng c\u1ee5 ph\u1ea7n c\u1ee9ng<\/li>    <li>C\u00e1c linh ki\u1ec7n \u0111i\u1ec7n t\u1eed<\/li>    <li>C\u00e1c m\u1eb7t h\u00e0ng d\u1ec5 v\u1ee1<\/li> <\/ul> <\/li> <\/ul> <\/li> <\/ul>    <h2 class=\"wp-block-heading\"><strong>\u1ee8ng d\u1ee5ng c\u1ee7a m\u00e1y \u0111\u00f3ng g\u00f3i ch\u00e2n kh\u00f4ng th\u01b0\u01a1ng m\u1ea1i<\/strong><\/h2>    <p>M\u00e1y \u0111\u00f3ng g\u00f3i da th\u1ef1c ph\u1ea9m \u0111\u01b0\u1ee3c s\u1eed d\u1ee5ng r\u1ed9ng r\u00e3i trong:<\/p>    <h3 class=\"wp-block-heading\"><strong>Ng\u00e0nh c\u00f4ng nghi\u1ec7p th\u1ef1c ph\u1ea9m<\/strong><\/h3>    <ul class=\"wp-block-list\"> <li>Th\u1ecbt t\u01b0\u01a1i v\u00e0 b\u00f2<\/li>    <li>H\u1ea3i s\u1ea3n v\u00e0 c\u00e1<\/li>    <li>Th\u1ef1c ph\u1ea9m \u0111\u00f4ng l\u1ea1nh<\/li>    <li>C\u00e1c b\u1eefa \u0103n \u0111\u00e3 s\u1eb5n s\u00e0ng<\/li> <\/ul>    <figure class=\"wp-block-gallery has-nested-images columns-default is-cropped wp-block-gallery-2 is-layout-flex wp-block-gallery-is-layout-flex\"> <figure class=\"wp-block-image size-large\"><img loading=\"lazy\" decoding=\"async\" width=\"375\" height=\"500\" data-id=\"9357\" src=\"https:\/\/tianhuipackingmachine.com\/wp-content\/uploads\/2026\/04\/vacuum-skin-packaging-VSP-machine-for-food-375x500.webp\" alt=\"vacuum skin packaging (VSP) machine for food\" class=\"wp-image-9357\" srcset=\"https:\/\/tianhuipackingmachine.com\/wp-content\/uploads\/2026\/04\/vacuum-skin-packaging-VSP-machine-for-food-375x500.webp 375w, https:\/\/tianhuipackingmachine.com\/wp-content\/uploads\/2026\/04\/vacuum-skin-packaging-VSP-machine-for-food-270x360.webp 270w, https:\/\/tianhuipackingmachine.com\/wp-content\/uploads\/2026\/04\/vacuum-skin-packaging-VSP-machine-for-food-768x1024.webp 768w, https:\/\/tianhuipackingmachine.com\/wp-content\/uploads\/2026\/04\/vacuum-skin-packaging-VSP-machine-for-food-9x12.webp 9w, https:\/\/tianhuipackingmachine.com\/wp-content\/uploads\/2026\/04\/vacuum-skin-packaging-VSP-machine-for-food.webp 1080w\" sizes=\"auto, (max-width: 375px) 100vw, 375px\" \/><figcaption class=\"wp-element-caption\">M\u00e1y \u0111\u00f3ng g\u00f3i ch\u00e2n kh\u00f4ng da cho th\u1ef1c ph\u1ea9m<\/figcaption><\/figure>    <figure class=\"wp-block-image size-large\"><img loading=\"lazy\" decoding=\"async\" width=\"375\" height=\"500\" data-id=\"9358\" src=\"https:\/\/tianhuipackingmachine.com\/wp-content\/uploads\/2026\/04\/vacuum-skin-packaging-machine-for-foodstuffs-375x500.webp\" alt=\"vacuum skin packaging machine for foodstuffs\" class=\"wp-image-9358\" srcset=\"https:\/\/tianhuipackingmachine.com\/wp-content\/uploads\/2026\/04\/vacuum-skin-packaging-machine-for-foodstuffs-375x500.webp 375w, https:\/\/tianhuipackingmachine.com\/wp-content\/uploads\/2026\/04\/vacuum-skin-packaging-machine-for-foodstuffs-270x360.webp 270w, https:\/\/tianhuipackingmachine.com\/wp-content\/uploads\/2026\/04\/vacuum-skin-packaging-machine-for-foodstuffs-768x1024.webp 768w, https:\/\/tianhuipackingmachine.com\/wp-content\/uploads\/2026\/04\/vacuum-skin-packaging-machine-for-foodstuffs-9x12.webp 9w, https:\/\/tianhuipackingmachine.com\/wp-content\/uploads\/2026\/04\/vacuum-skin-packaging-machine-for-foodstuffs.webp 960w\" sizes=\"auto, (max-width: 375px) 100vw, 375px\" \/><figcaption class=\"wp-element-caption\">M\u00e1y \u0111\u00f3ng g\u00f3i ch\u00e2n kh\u00f4ng cho th\u1ef1c ph\u1ea9m<\/figcaption><\/figure>    <figure class=\"wp-block-image size-large\"><img loading=\"lazy\" decoding=\"async\" width=\"375\" height=\"500\" data-id=\"9359\" src=\"https:\/\/tianhuipackingmachine.com\/wp-content\/uploads\/2026\/04\/manual-vacuum-skin-packaging-machine-for-meat-375x500.webp\" alt=\"manual vacuum skin packaging machine for meat\" class=\"wp-image-9359\" srcset=\"https:\/\/tianhuipackingmachine.com\/wp-content\/uploads\/2026\/04\/manual-vacuum-skin-packaging-machine-for-meat-375x500.webp 375w, https:\/\/tianhuipackingmachine.com\/wp-content\/uploads\/2026\/04\/manual-vacuum-skin-packaging-machine-for-meat-270x360.webp 270w, https:\/\/tianhuipackingmachine.com\/wp-content\/uploads\/2026\/04\/manual-vacuum-skin-packaging-machine-for-meat-768x1024.webp 768w, https:\/\/tianhuipackingmachine.com\/wp-content\/uploads\/2026\/04\/manual-vacuum-skin-packaging-machine-for-meat-9x12.webp 9w, https:\/\/tianhuipackingmachine.com\/wp-content\/uploads\/2026\/04\/manual-vacuum-skin-packaging-machine-for-meat.webp 1080w\" sizes=\"auto, (max-width: 375px) 100vw, 375px\" \/><figcaption class=\"wp-element-caption\">M\u00e1y \u0111\u00f3ng g\u00f3i ch\u00e2n kh\u00f4ng th\u1ee7 c\u00f4ng cho th\u1ecbt<\/figcaption><\/figure> <\/figure>    <h3 class=\"wp-block-heading\"><strong>Ng\u00e0nh c\u00f4ng nghi\u1ec7p phi th\u1ef1c ph\u1ea9m<\/strong><\/h3>    <ul class=\"wp-block-list\"> <li>D\u1ee5ng c\u1ee5 ph\u1ea7n c\u1ee9ng v\u00e0 s\u1ea3n ph\u1ea9m DIY<\/li>    <li>C\u00e1c linh ki\u1ec7n \u0111i\u1ec7n t\u1eed<\/li>    <li>C\u00e1c linh ki\u1ec7n c\u00f4ng nghi\u1ec7p<\/li>    <li>M\u1ef9 ph\u1ea9m v\u00e0 \u0111\u1ed3 d\u00f9ng c\u00e1 nh\u00e2n<\/li> <\/ul>    <h2 class=\"wp-block-heading\"><strong>What&#8217;s the Vacuum Skin Packaging Machine Price?<\/strong><\/h2>    <p>Gi\u00e1 m\u00e1y \u0111\u00f3ng g\u00f3i kh\u00ed th\u1ed5i<\/p>    <ul class=\"wp-block-list\"> <li>M\u1eabu m\u00e1y v\u00e0 k\u00edch th\u01b0\u1edbc (v\u00ed d\u1ee5, M380 so v\u1edbi M450)<\/li>    <li>C\u00f4ng su\u1ea5t b\u01a1m ch\u00e2n kh\u00f4ng<\/li>    <li>C\u00f4ng su\u1ea5t s\u1ea3n xu\u1ea5t (khay m\u1ed7i gi\u1edd)<\/li>    <li>Chi\u1ec1u r\u1ed9ng phim v\u00e0 k\u00edch th\u01b0\u1edbc khay<\/li>    <li>T\u00f9y ch\u1ecdn t\u00ednh n\u0103ng t\u00f9y ch\u1ec9nh<\/li> <\/ul>    <p>Li\u00ean h\u1ec7 \u0111\u1ed9i ng\u0169 b\u00e1n h\u00e0ng c\u1ee7a ch\u00fang t\u00f4i \u0111\u1ec3 c\u00f3 gi\u00e1 ch\u00ednh x\u00e1c d\u1ef1a tr\u00ean kh\u1ed1i l\u01b0\u1ee3ng s\u1ea3n xu\u1ea5t, \u0111\u1eb7c \u0111i\u1ec3m s\u1ea3n ph\u1ea9m v\u00e0 y\u00eau c\u1ea7u giao h\u00e0ng. Ch\u00fang t\u00f4i cung c\u1ea5p b\u00e1o gi\u00e1 c\u1ea1nh tranh cho c\u00e1c \u0111\u01a1n v\u1ecb ri\u00eang l\u1ebb v\u00e0 \u0111\u01a1n h\u00e0ng s\u1ed1 l\u01b0\u1ee3ng l\u1edbn, v\u1eadn chuy\u1ec3n to\u00e0n c\u1ea7u \u0111\u1ebfn h\u01a1n 50 qu\u1ed1c gia.<\/p>    <h2 class=\"wp-block-heading\"><strong>T\u1ea1i sao ch\u1ecdn m\u00e1y \u0111\u00f3ng g\u00f3i ch\u00e2n kh\u00f4ng Shuliy?<\/strong><\/h2>    <ul class=\"wp-block-list\"> <li>H\u1ec7 th\u1ed1ng ch\u00e2n kh\u00f4ng hi\u1ec7u su\u1ea5t cao \u0111\u1ec3 ni\u00eam phong ch\u1eb7t ch\u1ebd<\/li>    <li>V\u1eadn h\u00e0nh \u1ed5n \u0111\u1ecbnh v\u1edbi ch\u1ea5t l\u01b0\u1ee3ng \u0111\u00f3ng g\u00f3i nh\u1ea5t qu\u00e1n<\/li>    <li>\u1ee8ng d\u1ee5ng r\u1ed9ng r\u00e3i cho th\u1ef1c ph\u1ea9m v\u00e0 s\u1ea3n ph\u1ea9m c\u00f4ng nghi\u1ec7p<\/li>    <li>C\u1ea5u h\u00ecnh t\u00f9y ch\u1ec9nh d\u1ef1a tr\u00ean nhu c\u1ea7u s\u1ea3n xu\u1ea5t<\/li>    <li>H\u1ed7 tr\u1ee3 chuy\u00ean nghi\u1ec7p v\u00e0 kinh nghi\u1ec7m xu\u1ea5t kh\u1ea9u to\u00e0n c\u1ea7u<\/li> <\/ul>    <figure class=\"wp-block-gallery has-nested-images columns-default is-cropped wp-block-gallery-3 is-layout-flex wp-block-gallery-is-layout-flex\"> <figure class=\"wp-block-image size-large\"><img loading=\"lazy\" decoding=\"async\" width=\"667\" height=\"500\" data-id=\"9364\" src=\"https:\/\/tianhuipackingmachine.com\/wp-content\/uploads\/2026\/04\/skin-vacuum-packaging-machine-for-sale-667x500.webp\" alt=\"skin vacuum packaging machine for sale\" class=\"wp-image-9364\" srcset=\"https:\/\/tianhuipackingmachine.com\/wp-content\/uploads\/2026\/04\/skin-vacuum-packaging-machine-for-sale-667x500.webp 667w, https:\/\/tianhuipackingmachine.com\/wp-content\/uploads\/2026\/04\/skin-vacuum-packaging-machine-for-sale-480x360.webp 480w, https:\/\/tianhuipackingmachine.com\/wp-content\/uploads\/2026\/04\/skin-vacuum-packaging-machine-for-sale-16x12.webp 16w, https:\/\/tianhuipackingmachine.com\/wp-content\/uploads\/2026\/04\/skin-vacuum-packaging-machine-for-sale.webp 720w\" sizes=\"auto, (max-width: 667px) 100vw, 667px\" \/><figcaption class=\"wp-element-caption\">M\u00e1y \u0111\u00f3ng g\u00f3i ch\u00e2n kh\u00f4ng \u0111\u1ec3 b\u00e1n<\/figcaption><\/figure>    <figure class=\"wp-block-image size-large\"><img loading=\"lazy\" decoding=\"async\" width=\"500\" height=\"500\" data-id=\"9363\" src=\"https:\/\/tianhuipackingmachine.com\/wp-content\/uploads\/2026\/04\/meat-skin-packaging-with-3D-effect-500x500.webp\" alt=\"meat skin packaging with 3D effect\" class=\"wp-image-9363\" srcset=\"https:\/\/tianhuipackingmachine.com\/wp-content\/uploads\/2026\/04\/meat-skin-packaging-with-3D-effect-500x500.webp 500w, https:\/\/tianhuipackingmachine.com\/wp-content\/uploads\/2026\/04\/meat-skin-packaging-with-3D-effect-360x360.webp 360w, https:\/\/tianhuipackingmachine.com\/wp-content\/uploads\/2026\/04\/meat-skin-packaging-with-3D-effect-150x150.webp 150w, https:\/\/tianhuipackingmachine.com\/wp-content\/uploads\/2026\/04\/meat-skin-packaging-with-3D-effect-768x768.webp 768w, https:\/\/tianhuipackingmachine.com\/wp-content\/uploads\/2026\/04\/meat-skin-packaging-with-3D-effect-12x12.webp 12w, https:\/\/tianhuipackingmachine.com\/wp-content\/uploads\/2026\/04\/meat-skin-packaging-with-3D-effect.webp 924w\" sizes=\"auto, (max-width: 500px) 100vw, 500px\" \/><figcaption class=\"wp-element-caption\">Bao b\u00ec da th\u1ecbt v\u1edbi hi\u1ec7u \u1ee9ng 3D<\/figcaption><\/figure> <\/figure>    <h2 class=\"wp-block-heading\"><strong>Li\u00ean h\u1ec7 ch\u00fang t\u00f4i \u0111\u1ec3 gi\u1ea3i ph\u00e1p \u0111\u00f3ng g\u00f3i da<\/strong><\/h2>    <p class=\"translation-block\"><strong>M\u00e1y \u0111\u00f3ng g\u00f3i ch\u00e2n kh\u00f4ng<\/strong> l\u00e0 gi\u1ea3i ph\u00e1p l\u00fd t\u01b0\u1edfng cho c\u00e1c doanh nghi\u1ec7p mu\u1ed1n n\u00e2ng cao \u0111\u1ed9 t\u01b0\u01a1i m\u1edbi, b\u1ea3o v\u1ec7 v\u00e0 s\u1ee9c h\u1ea5p d\u1eabn c\u1ee7a s\u1ea3n ph\u1ea9m. V\u1edbi c\u00f4ng ngh\u1ec7 ch\u00e2n kh\u00f4ng ti\u00ean ti\u1ebfn v\u00e0 hi\u1ec7u su\u1ea5t cao, n\u00f3 gi\u00fap t\u0103ng gi\u00e1 tr\u1ecb s\u1ea3n ph\u1ea9m v\u00e0 kh\u1ea3 n\u0103ng c\u1ea1nh tranh tr\u00ean th\u1ecb tr\u01b0\u1eddng.<\/p>    <p class=\"translation-block\">&#x1f449; <strong>Contact us today to get detailed specifications, videos, and the best price for your vacuum skin packaging solution.<\/strong><\/p>    <h2 class=\"wp-block-heading\"><strong>Nh\u1eefng s\u1ea3m ph\u1ea9m t\u01b0\u01a1ng t\u1ef1<\/strong><\/h2>    <ul class=\"wp-block-list\"> <li><strong><a href=\"https:\/\/tianhuipackingmachine.com\/vi\/modified-atmosphere-packaging-machine-map-tray-sealer\/\">M\u00e1y \u0111\u00f3ng g\u00f3i MAP d\u1ea1ng \u0111\u1ee9ng<\/a><\/strong><\/li>    <li><strong>M\u00e1y \u0111\u00f3ng g\u00f3i ch\u00e2n kh\u00f4ng bu\u1ed3ng \u0111\u00f4i<\/strong><\/li>    <li><strong>M\u00e1y \u0111\u00f3ng g\u00f3i kh\u00ed thay \u0111\u1ed5i \u0111\u1ec3 b\u00e0n<\/strong><\/li> <\/ul>","protected":false},"excerpt":{"rendered":"<p>Shuliy vacuum skin packaging machine creates 3D tight-fitting packages with superior product presentation. Perfect for premium meat, seafood, and retail display packaging.<\/p>","protected":false},"author":1,"featured_media":9351,"parent":0,"template":"","tags":[239,243,193,242,244],"product-type":[140],"class_list":["post-9350","product","type-product","status-publish","has-post-thumbnail","hentry","tag-map-packaging","tag-skin-packaging-machine","tag-vacuum-packaging","tag-vacuum-skin-packaging-machine","tag-vsp-packaging","product-type-vacuum-packaging-machines"],"_links":{"self":[{"href":"https:\/\/tianhuipackingmachine.com\/vi\/wp-json\/wp\/v2\/product\/9350","targetHints":{"allow":["GET"]}}],"collection":[{"href":"https:\/\/tianhuipackingmachine.com\/vi\/wp-json\/wp\/v2\/product"}],"about":[{"href":"https:\/\/tianhuipackingmachine.com\/vi\/wp-json\/wp\/v2\/types\/product"}],"author":[{"embeddable":true,"href":"https:\/\/tianhuipackingmachine.com\/vi\/wp-json\/wp\/v2\/users\/1"}],"wp:featuredmedia":[{"embeddable":true,"href":"https:\/\/tianhuipackingmachine.com\/vi\/wp-json\/wp\/v2\/media\/9351"}],"wp:attachment":[{"href":"https:\/\/tianhuipackingmachine.com\/vi\/wp-json\/wp\/v2\/media?parent=9350"}],"wp:term":[{"taxonomy":"post_tag","embeddable":true,"href":"https:\/\/tianhuipackingmachine.com\/vi\/wp-json\/wp\/v2\/tags?post=9350"},{"taxonomy":"product-type","embeddable":true,"href":"https:\/\/tianhuipackingmachine.com\/vi\/wp-json\/wp\/v2\/product-type?post=9350"}],"curies":[{"name":"wp","href":"https:\/\/api.w.org\/{rel}","templated":true}]}}