{"id":6402,"date":"2023-03-22T18:10:21","date_gmt":"2023-03-22T10:10:21","guid":{"rendered":"https:\/\/tianhuipackingmachine.com\/?post_type=product&#038;p=6402"},"modified":"2023-04-03T09:49:30","modified_gmt":"2023-04-03T01:49:30","slug":"jumbo-bag-filling-machine","status":"publish","type":"product","link":"https:\/\/tianhuipackingmachine.com\/vi\/jumbo-bag-filling-machine\/","title":{"rendered":"M\u00e1y l\u00e0m \u0111\u1ea7y t\u00fai Jumbo"},"content":{"rendered":"<p class=\"translation-block\"><strong>M\u00e1y \u0111\u00f3ng g\u00f3i t\u00fai Jumbo<\/strong>, c\u00f2n \u0111\u01b0\u1ee3c g\u1ecdi l\u00e0 m\u00e1y \u0111\u00f3ng g\u00f3i bao l\u1edbn, \u0111\u01b0\u1ee3c thi\u1ebft k\u1ebf \u0111\u1ec3 \u0111\u01a1n gi\u1ea3n h\u00f3a v\u00e0 h\u1ee3p l\u00fd h\u00f3a quy tr\u00ecnh x\u1eed l\u00fd v\u1eadt li\u1ec7u c\u1ee7a b\u1ea1n. M\u00e1y t\u1eeb ch\u00fang t\u00f4i ho\u00e0n h\u1ea3o cho c\u00e1c ng\u00e0nh c\u00f4ng nghi\u1ec7p y\u00eau c\u1ea7u \u0111\u00f3ng g\u00f3i hi\u1ec7u qu\u1ea3, ch\u00ednh x\u00e1c v\u00e0 t\u1ef1 \u0111\u1ed9ng cho m\u1ed9t lo\u1ea1t v\u1eadt li\u1ec7u, bao g\u1ed3m h\u1ea1t, b\u1ed9t v\u00e0 vi\u00ean. B\u1eb1ng c\u00e1ch t\u1ef1 \u0111\u1ed9ng h\u00f3a qu\u00e1 tr\u00ecnh \u0111\u00f3ng g\u00f3i, m\u00e1y \u0111\u00f3ng g\u00f3i t\u00fai jumbo c\u00f3 th\u1ec3 c\u1ea3i thi\u1ec7n \u0111\u00e1ng k\u1ec3 hi\u1ec7u qu\u1ea3 s\u1ea3n xu\u1ea5t v\u00e0 gi\u1ea3m chi ph\u00ed lao \u0111\u1ed9ng.<\/p>    <figure class=\"wp-block-image size-full\"><img loading=\"lazy\" decoding=\"async\" width=\"720\" height=\"540\" src=\"https:\/\/tianhuipackingmachine.com\/wp-content\/uploads\/2023\/03\/jumbo-bag-filling-station.jpg\" alt=\"tr\u1ea1m n\u1ea1p bao jumbo\" class=\"wp-image-6406\"\/><figcaption class=\"wp-element-caption\">Tr\u1ea1m n\u1ea1p bao Jumbo<\/figcaption><\/figure>    <h2 class=\"wp-block-heading\">T\u00ednh n\u0103ng ho\u1ea1t \u0111\u1ed9ng c\u1ee7a m\u00e1y \u0111\u00f3ng bao jumbo<\/h2>    <ol class=\"wp-block-list\" type=\"1\"> <li>\u0110\u1ed9 ch\u00ednh x\u00e1c v\u00e0 t\u1ed1c \u0111\u1ed9 l\u00e0m \u0111\u1ea7y cao<\/li>    <li>T\u1ea5t c\u1ea3 c\u00e1c c\u1ea5u tr\u00fac th\u00e2n m\u00e1y b\u1eb1ng th\u00e9p kh\u00f4ng g\u1ec9, b\u1ec1n v\u00e0 \u0111\u00e1ng tin c\u1eady<\/li>    <li>Kh\u1ea3 n\u0103ng x\u1eed l\u00fd nhi\u1ec1u k\u00edch c\u1ee1 v\u00e0 tr\u1ecdng l\u01b0\u1ee3ng t\u00fai kh\u00e1c nhau<\/li>    <li>\u00c1p d\u1ee5ng m\u00e0n h\u00ecnh c\u1ea3m \u1ee9ng LCD, d\u1ec5 v\u1eadn h\u00e0nh<\/li>    <li>T\u00ednh linh ho\u1ea1t \u0111\u1ec3 ch\u1ee9a c\u00e1c lo\u1ea1i v\u1eadt li\u1ec7u kh\u00e1c nhau, ch\u1eb3ng h\u1ea1n nh\u01b0 b\u1ed9t, h\u1ea1t ho\u1eb7c ch\u1ea5t l\u1ecfng<\/li>    <li>T\u00edch h\u1ee3p v\u1edbi h\u1ec7 th\u1ed1ng c\u00e2n v\u00e0 v\u1eadn chuy\u1ec3n cho c\u00e1c quy tr\u00ecnh t\u1ef1 \u0111\u1ed9ng<\/li>    <li>Tu\u00e2n th\u1ee7 c\u00e1c ti\u00eau chu\u1ea9n v\u00e0 quy \u0111\u1ecbnh an to\u00e0n<\/li>    <li>D\u1ecbch v\u1ee5 t\u00f9y bi\u1ebfn c\u00f3 s\u1eb5n \u0111\u1ec3 \u0111\u00e1p \u1ee9ng c\u00e1c y\u00eau c\u1ea7u \u0111\u00f3ng g\u00f3i c\u1ee5 th\u1ec3<\/li> <\/ol>    <h2 class=\"wp-block-heading has-luminous-vivid-orange-color has-text-color\">Th\u00f4ng s\u1ed1 m\u00e1y l\u00e0m \u0111\u1ea7y t\u00fai s\u1ed1 l\u01b0\u1ee3ng l\u1edbn<\/h2>    <figure class=\"wp-block-table\"><table><tbody><tr><td>Ng\u01b0\u1eddi m\u1eabu<\/td><td>ph-2000T<\/td><td>ph-2000T<\/td><\/tr><tr><td>C\u00e1c \u1ee9ng d\u1ee5ng<\/td><td>V\u1eadt r\u1ea5t nh\u1ecf<\/td><td>b\u1ed9t<\/td><\/tr><tr><td>Ph\u1ea1m vi c\u00e2n<\/td><td>200-1000kg<\/td><td>200-1500kg<\/td><\/tr><tr><td>C\u1ea5p ch\u00ednh x\u00e1c<\/td><td>\u00b10.2%<\/td><td>\u00b10.5%<\/td><\/tr><tr><td>T\u1ed1c \u0111\u1ed9 \u0111\u00f3ng g\u00f3i<\/td><td>M\u1ed7i t\u00fai\/2~3 ph\u00fat<\/td><td>T\u1ed1i thi\u1ec3u 15 t\u00fai\/gi\u1edd<\/td><\/tr><tr><td>Ph\u01b0\u01a1ng ph\u00e1p cho \u0103n<\/td><td>Cho \u0103n b\u1eb1ng tr\u1ecdng l\u1ef1c<\/td><td>cho \u0103n b\u1eb1ng m\u00e1y khoan<\/td><\/tr><tr><td>\u00a0\u00c1p su\u1ea5t kh\u00f4ng kh\u00ed<\/td><td>0,6-0,8Mpa<\/td><td>0,8Mpa<\/td><\/tr><tr><td>Ti\u00eau th\u1ee5 kh\u00f4ng kh\u00ed<\/td><td>1 m3\/gi\u1edd<\/td><td>1 m3\/gi\u1edd<\/td><\/tr><tr><td>S\u1ef1 ti\u00eau th\u1ee5 n\u0103ng l\u01b0\u1ee3ng<\/td><td>380V\/8KW<\/td><td>380V\/8KW,50hz<\/td><\/tr><tr><td>K\u00edch th\u01b0\u1edbc m\u00e1y (mm)<\/td><td>2000\u00d72000\u00d73000<\/td><td>2000\u00d72000\u00d73400<\/td><\/tr><\/tbody><\/table><\/figure>    <h2 class=\"wp-block-heading\">Bao jumbo l\u00e0 g\u00ec?<\/h2>    <p class=\"translation-block\">T\u00fai jumbo, c\u00f2n \u0111\u01b0\u1ee3c bi\u1ebft \u0111\u1ebfn nh\u01b0 t\u00fai bulks ho\u1eb7c <a href=\"https:\/\/en.wikipedia.org\/wiki\/Flexible_intermediate_bulk_container\" target=\"_blank\" rel=\"noopener\">FIBCs<\/a> (Flexible Intermediate Bulk Containers), l\u00e0 c\u00e1c container c\u00f4ng nghi\u1ec7p l\u1edbn \u0111\u01b0\u1ee3c s\u1eed d\u1ee5ng \u0111\u1ec3 l\u01b0u tr\u1eef v\u00e0 v\u1eadn chuy\u1ec3n c\u00e1c s\u1ea3n ph\u1ea9m kh\u00f4, c\u00f3 kh\u1ea3 n\u0103ng ch\u1ea3y nh\u01b0 c\u00e1t, xi m\u0103ng, ng\u0169 c\u1ed1c, h\u00f3a ch\u1ea5t v\u00e0 kho\u00e1ng s\u1ea3n. Ch\u00fang th\u01b0\u1eddng c\u00f3 kh\u1ea3 n\u0103ng ch\u1ee9a t\u1eeb 500 kg \u0111\u1ebfn v\u00e0i t\u1ea5n v\u00e0 \u0111\u01b0\u1ee3c l\u00e0m b\u1eb1ng v\u1ea3i polypropylene d\u1ec7t v\u1edbi v\u00f2ng k\u00e9o \u0111\u1ec3 d\u1ec5 thao t\u00e1c b\u1eb1ng c\u1ea7n c\u1ea9u ho\u1eb7c xe n\u00e2ng. T\u00fai jumbo l\u00e0 m\u1ed9t gi\u1ea3i ph\u00e1p thay th\u1ebf ti\u1ebft ki\u1ec7m chi ph\u00ed v\u00e0 th\u00e2n thi\u1ec7n v\u1edbi m\u00f4i tr\u01b0\u1eddng so v\u1edbi c\u00e1c t\u00fai v\u00e0 th\u00f9ng nh\u1ecf h\u01a1n, v\u00ec ch\u00fang gi\u1ea3m thi\u1ec3u ch\u1ea5t th\u1ea3i \u0111\u00f3ng g\u00f3i v\u00e0 c\u1ea3i thi\u1ec7n hi\u1ec7u qu\u1ea3 logistics.<\/p>    <figure class=\"wp-block-image size-full\"><img loading=\"lazy\" decoding=\"async\" width=\"720\" height=\"540\" src=\"https:\/\/tianhuipackingmachine.com\/wp-content\/uploads\/2023\/03\/ton-bags.jpg\" alt=\"t\u1ea5n t\u00fai\" class=\"wp-image-6407\"\/><figcaption class=\"wp-element-caption\">T\u00fai t\u1ea5n<\/figcaption><\/figure>    <h2 class=\"wp-block-heading\">L\u1ee3i \u00edch c\u1ee7a vi\u1ec7c s\u1eed d\u1ee5ng m\u00e1y chi\u1ebft r\u00f3t bao Jumbo<\/h2>    <p>M\u1ed9t trong nh\u1eefng l\u1ee3i \u00edch ch\u00ednh c\u1ee7a vi\u1ec7c s\u1eed d\u1ee5ng m\u00e1y \u0111\u00f3ng bao jumbo l\u00e0 t\u0103ng hi\u1ec7u qu\u1ea3 m\u00e0 ch\u00fang mang l\u1ea1i. Nh\u1eefng m\u00e1y n\u00e0y c\u00f3 kh\u1ea3 n\u0103ng \u0111\u1ed5 \u0111\u1ea7y t\u00fai m\u1ed9t c\u00e1ch nhanh ch\u00f3ng v\u00e0 ch\u00ednh x\u00e1c, \u0111i\u1ec1u \u0111\u00f3 c\u00f3 ngh\u0129a l\u00e0 ch\u00fang c\u00f3 th\u1ec3 gi\u1ea3m \u0111\u00e1ng k\u1ec3 th\u1eddi gian v\u00e0 nh\u00e2n c\u00f4ng c\u1ea7n thi\u1ebft cho vi\u1ec7c \u0111\u1ed5 \u0111\u1ea7y t\u00fai th\u1ee7 c\u00f4ng. \u0110i\u1ec1u n\u00e0y d\u1eabn \u0111\u1ebfn t\u1ef7 l\u1ec7 s\u1ea3n xu\u1ea5t cao h\u01a1n, s\u1ea3n l\u01b0\u1ee3ng t\u0103ng l\u00ean v\u00e0 chi ph\u00ed lao \u0111\u1ed9ng th\u1ea5p h\u01a1n.<\/p>    <p>M\u00e1y \u0111\u00f3ng g\u00f3i bao Jumbo c\u0169ng c\u00f3 \u0111\u1ed9 ch\u00ednh x\u00e1c cao, \u0111\u1ea3m b\u1ea3o m\u1ed7i bao \u0111\u01b0\u1ee3c \u0111\u00f3ng g\u00f3i \u0111\u00fang tr\u1ecdng l\u01b0\u1ee3ng v\u00e0 th\u1ec3 t\u00edch. \u0110i\u1ec1u n\u00e0y \u0111\u1eb7c bi\u1ec7t quan tr\u1ecdng \u0111\u1ed1i v\u1edbi c\u00e1c ng\u00e0nh \u0111\u00f2i h\u1ecfi ph\u00e9p \u0111o ch\u00ednh x\u00e1c, ch\u1eb3ng h\u1ea1n nh\u01b0 ng\u00e0nh h\u00f3a ch\u1ea5t v\u00e0 d\u01b0\u1ee3c ph\u1ea9m.<\/p>    <p>Ngo\u00e0i ra, m\u00e1y \u0111\u00f3ng bao jumbo \u0111\u01b0\u1ee3c thi\u1ebft k\u1ebf \u0111\u1ec3 x\u1eed l\u00fd nhi\u1ec1u lo\u1ea1i v\u1eadt li\u1ec7u, bao g\u1ed3m c\u1ea3 v\u1eadt li\u1ec7u m\u00e0i m\u00f2n v\u00e0 kh\u00f3 x\u1eed l\u00fd. \u0110i\u1ec1u n\u00e0y c\u00f3 ngh\u0129a l\u00e0 ch\u00fang c\u00f3 th\u1ec3 \u0111\u01b0\u1ee3c s\u1eed d\u1ee5ng trong nhi\u1ec1u ng\u00e0nh c\u00f4ng nghi\u1ec7p kh\u00e1c nhau, bao g\u1ed3m khai th\u00e1c m\u1ecf, x\u00e2y d\u1ef1ng, n\u00f4ng nghi\u1ec7p v\u00e0 ch\u1ebf bi\u1ebfn th\u1ef1c ph\u1ea9m.<\/p>    <figure class=\"wp-block-image size-full\"><img loading=\"lazy\" decoding=\"async\" width=\"720\" height=\"540\" src=\"https:\/\/tianhuipackingmachine.com\/wp-content\/uploads\/2023\/03\/jumbo-bag-packing-machine-parts.jpg\" alt=\"linh ki\u1ec7n m\u00e1y \u0111\u00f3ng g\u00f3i t\u00fai jumbo\" class=\"wp-image-6408\"\/><figcaption class=\"wp-element-caption\">Ph\u1ee5 t\u00f9ng m\u00e1y \u0111\u00f3ng g\u00f3i t\u00fai Jumbo<\/figcaption><\/figure>    <h2 class=\"wp-block-heading\">C\u00e1c y\u1ebfu t\u1ed1 ch\u00ednh c\u1ea7n xem x\u00e9t khi ch\u1ecdn m\u00e1y \u0111\u00f3ng bao Jumbo<\/h2>    <p>Khi ch\u1ecdn m\u00e1y \u0111\u00f3ng bao jumbo, c\u00f3 m\u1ed9t s\u1ed1 y\u1ebfu t\u1ed1 c\u1ea7n xem x\u00e9t, bao g\u1ed3m:<\/p>    <p class=\"translation-block\"><strong>Lo\u1ea1i v\u1eadt li\u1ec7u:<\/strong> Lo\u1ea1i v\u1eadt li\u1ec7u b\u1ea1n s\u1ebd \u0111\u00f3ng g\u00f3i s\u1ebd quy\u1ebft \u0111\u1ecbnh lo\u1ea1i m\u00e1y b\u1ea1n c\u1ea7n. V\u00ed d\u1ee5, n\u1ebfu b\u1ea1n \u0111ang \u0111\u00f3ng g\u00f3i v\u1eadt li\u1ec7u m\u00e0i m\u00f2n, b\u1ea1n s\u1ebd c\u1ea7n m\u1ed9t m\u00e1y \u0111\u01b0\u1ee3c thi\u1ebft k\u1ebf \u0111\u1ec3 x\u1eed l\u00fd c\u00e1c v\u1eadt li\u1ec7u n\u00e0y.<\/p>    <p class=\"translation-block\"><strong>K\u00edch th\u01b0\u1edbc v\u00e0 tr\u1ecdng l\u01b0\u1ee3ng t\u00fai:<\/strong> C\u00e1c m\u00e1y \u0111\u00f3ng g\u00f3i t\u00fai jumbo c\u00f3 th\u1ec3 x\u1eed l\u00fd c\u00e1c t\u00fai v\u1edbi k\u00edch th\u01b0\u1edbc v\u00e0 tr\u1ecdng l\u01b0\u1ee3ng kh\u00e1c nhau, v\u00ec v\u1eady \u0111i\u1ec1u quan tr\u1ecdng l\u00e0 ch\u1ecdn m\u1ed9t m\u00e1y c\u00f3 th\u1ec3 \u0111\u00e1p \u1ee9ng c\u00e1c t\u00fai b\u1ea1n s\u1ebd s\u1eed d\u1ee5ng.<\/p>    <p class=\"translation-block\"><strong>T\u1ed1c \u0111\u1ed9 \u0111\u00f3ng g\u00f3i:<\/strong> T\u1ed1c \u0111\u1ed9 \u0111\u00f3ng g\u00f3i c\u1ee7a m\u1ed9t m\u00e1y x\u00e1c \u0111\u1ecbnh n\u00f3 c\u00f3 th\u1ec3 \u0111\u1ed5 \u0111\u1ea7y t\u00fai nhanh nh\u01b0 th\u1ebf n\u00e0o. \u0110\u00e2y l\u00e0 y\u1ebfu t\u1ed1 quan tr\u1ecdng n\u1ebfu b\u1ea1n c\u1ea7n \u0111\u00f3ng g\u00f3i m\u1ed9t s\u1ed1 l\u01b0\u1ee3ng l\u1edbn t\u00fai trong th\u1eddi gian ng\u1eafn.<\/p>    <p class=\"translation-block\"><strong>C\u1ea5p \u0111\u1ed9 t\u1ef1 \u0111\u1ed9ng h\u00f3a:<\/strong> M\u00e1y \u0111\u00f3ng g\u00f3i t\u00fai jumbo c\u00f3 th\u1ec3 ho\u00e0n to\u00e0n t\u1ef1 \u0111\u1ed9ng ho\u1eb7c b\u00e1n t\u1ef1 \u0111\u1ed9ng. M\u00e1y ho\u00e0n to\u00e0n t\u1ef1 \u0111\u1ed9ng \u0111\u00f2i h\u1ecfi \u00edt s\u1ef1 tham gia c\u1ee7a ng\u01b0\u1eddi v\u1eadn h\u00e0nh h\u01a1n, trong khi m\u00e1y b\u00e1n t\u1ef1 \u0111\u1ed9ng \u0111\u00f2i h\u1ecfi nhi\u1ec1u s\u1ef1 tham gia c\u1ee7a ng\u01b0\u1eddi v\u1eadn h\u00e0nh h\u01a1n nh\u01b0ng th\u01b0\u1eddng c\u00f3 gi\u00e1 th\u1ea5p h\u01a1n.<\/p>    <figure class=\"wp-block-image size-full\"><img loading=\"lazy\" decoding=\"async\" width=\"720\" height=\"540\" src=\"https:\/\/tianhuipackingmachine.com\/wp-content\/uploads\/2023\/03\/big-bag-filling-machine-factory.jpg\" alt=\"nh\u00e0 m\u00e1y s\u1ea3n xu\u1ea5t m\u00e1y \u0111\u00f3ng t\u00fai l\u1edbn\" class=\"wp-image-6409\"\/><figcaption class=\"wp-element-caption\">Nh\u00e0 m\u00e1y m\u00e1y chi\u1ebft r\u00f3t t\u00fai l\u1edbn<\/figcaption><\/figure>    <h2 class=\"wp-block-heading\">Ph\u1ea7n k\u1ebft lu\u1eadn<\/h2>    <p>M\u00e1y \u0111\u00f3ng bao Jumbo l\u00e0 m\u1ed9t c\u00f4ng c\u1ee5 thi\u1ebft y\u1ebfu cho nhi\u1ec1u ng\u00e0nh c\u00f4ng nghi\u1ec7p, cung c\u1ea5p gi\u1ea3i ph\u00e1p \u0111\u00f3ng g\u00f3i v\u1eadt li\u1ec7u r\u1eddi nhanh ch\u00f3ng, ch\u00ednh x\u00e1c v\u00e0 hi\u1ec7u qu\u1ea3. B\u1eb1ng c\u00e1ch t\u1ef1 \u0111\u1ed9ng h\u00f3a quy tr\u00ecnh chi\u1ebft r\u00f3t, nh\u1eefng m\u00e1y n\u00e0y c\u00f3 th\u1ec3 c\u1ea3i thi\u1ec7n \u0111\u00e1ng k\u1ec3 t\u1ed1c \u0111\u1ed9 s\u1ea3n xu\u1ea5t v\u00e0 gi\u1ea3m chi ph\u00ed lao \u0111\u1ed9ng. Khi ch\u1ecdn m\u00e1y r\u00f3t bao jumbo, \u0111i\u1ec1u quan tr\u1ecdng l\u00e0 ph\u1ea3i xem x\u00e9t c\u00e1c y\u1ebfu t\u1ed1 nh\u01b0 lo\u1ea1i v\u1eadt li\u1ec7u, k\u00edch th\u01b0\u1edbc v\u00e0 tr\u1ecdng l\u01b0\u1ee3ng bao, t\u1ef7 l\u1ec7 chi\u1ebft r\u00f3t v\u00e0 m\u1ee9c \u0111\u1ed9 t\u1ef1 \u0111\u1ed9ng h\u00f3a.  <\/p>    <p class=\"translation-block\">C\u00f4ng ty Henan Top Packaging Machinery Co., Ltd cung c\u1ea5p c\u00e1c gi\u1ea3i ph\u00e1p \u0111\u00f3ng g\u00f3i &amp; \u0111\u00f3ng g\u00f3i chuy\u00ean nghi\u1ec7p cho kh\u00e1ch h\u00e0ng to\u00e0n c\u1ea7u. M\u00e1y \u0111\u00f3ng g\u00f3i t\u00fai jumbo c\u1ee7a ch\u00fang t\u00f4i \u0111\u1ec3 b\u00e1n n\u1ed5i ti\u1ebfng v\u1edbi hi\u1ec7u su\u1ea5t xu\u1ea5t s\u1eafc v\u00e0 gi\u00e1 t\u1ed1t. N\u1ebfu b\u1ea1n \u0111ang t\u00ecm m\u1ed9t h\u1ec7 th\u1ed1ng \u0111\u00f3ng g\u00f3i t\u00fai l\u1edbn, h\u00e3y li\u00ean h\u1ec7 v\u1edbi ch\u00fang t\u00f4i \u0111\u1ec3 bi\u1ebft th\u00eam chi ti\u1ebft v\u1ec1 m\u00e1y h\u1eefu \u00edch. <\/p>","protected":false},"excerpt":{"rendered":"<p>Jumbo bag filling machine, also named ton bag packing machine, is designed to simplify and streamline your material handling process. The machine from us is perfect for industries that require efficient, accurate, and automated packaging of a wide range of materials, including granules, powders, and pellets. By automating the packaging process, jumbo bag filling machine [&hellip;]<\/p>\n","protected":false},"author":1,"featured_media":6404,"parent":0,"template":"","tags":[162],"product-type":[141],"class_list":["post-6402","product","type-product","status-publish","has-post-thumbnail","hentry","tag-filling-machine","product-type-filling-machines"],"_links":{"self":[{"href":"https:\/\/tianhuipackingmachine.com\/vi\/wp-json\/wp\/v2\/product\/6402","targetHints":{"allow":["GET"]}}],"collection":[{"href":"https:\/\/tianhuipackingmachine.com\/vi\/wp-json\/wp\/v2\/product"}],"about":[{"href":"https:\/\/tianhuipackingmachine.com\/vi\/wp-json\/wp\/v2\/types\/product"}],"author":[{"embeddable":true,"href":"https:\/\/tianhuipackingmachine.com\/vi\/wp-json\/wp\/v2\/users\/1"}],"wp:featuredmedia":[{"embeddable":true,"href":"https:\/\/tianhuipackingmachine.com\/vi\/wp-json\/wp\/v2\/media\/6404"}],"wp:attachment":[{"href":"https:\/\/tianhuipackingmachine.com\/vi\/wp-json\/wp\/v2\/media?parent=6402"}],"wp:term":[{"taxonomy":"post_tag","embeddable":true,"href":"https:\/\/tianhuipackingmachine.com\/vi\/wp-json\/wp\/v2\/tags?post=6402"},{"taxonomy":"product-type","embeddable":true,"href":"https:\/\/tianhuipackingmachine.com\/vi\/wp-json\/wp\/v2\/product-type?post=6402"}],"curies":[{"name":"wp","href":"https:\/\/api.w.org\/{rel}","templated":true}]}}