{"id":6356,"date":"2023-03-03T15:28:21","date_gmt":"2023-03-03T07:28:21","guid":{"rendered":"https:\/\/tianhuipackingmachine.com\/?post_type=product&#038;p=6356"},"modified":"2023-03-03T17:19:30","modified_gmt":"2023-03-03T09:19:30","slug":"soap-making-machine","status":"publish","type":"product","link":"https:\/\/tianhuipackingmachine.com\/vi\/soap-making-machine\/","title":{"rendered":"M\u00e1y l\u00e0m x\u00e0 ph\u00f2ng"},"content":{"rendered":"<p class=\"translation-block\"><strong>M\u00e1y l\u00e0m x\u00e0 ph\u00f2ng<\/strong> l\u00e0 m\u1ed9t c\u00f4ng c\u1ee5 tuy\u1ec7t v\u1eddi \u0111\u01b0\u1ee3c s\u1eed d\u1ee5ng \u0111\u1ec3 t\u1ef1 \u0111\u1ed9ng h\u00f3a quy tr\u00ecnh l\u00e0m x\u00e0 ph\u00f2ng. M\u00e1y \u0111\u01b0\u1ee3c thi\u1ebft k\u1ebf \u0111\u1ec3 tr\u1ed9n, pha tr\u1ed9n, \u0111\u00f9n v\u00e0 c\u1eaft x\u00e0 ph\u00f2ng. M\u00e1y l\u00e0m x\u00e0 ph\u00f2ng c\u00f3 th\u1ec3 \u0111\u01b0\u1ee3c s\u1eed d\u1ee5ng \u0111\u1ec3 s\u1ea3n xu\u1ea5t nhi\u1ec1u s\u1ea3n ph\u1ea9m x\u00e0 ph\u00f2ng kh\u00e1c nhau, ch\u1eb3ng h\u1ea1n nh\u01b0 x\u00e0 ph\u00f2ng b\u00e1nh, x\u00e0 ph\u00f2ng gi\u1eb7t, x\u00e0 ph\u00f2ng t\u1eafm, x\u00e0 ph\u00f2ng v\u1ec7 sinh v\u00e0 x\u00e0 ph\u00f2ng trong su\u1ed1t. \u00a0<\/p>    <p>X\u00e0 ph\u00f2ng l\u00e0 m\u1ed9t ph\u1ea7n thi\u1ebft y\u1ebfu trong v\u1ec7 sinh v\u00e0 s\u1ef1 s\u1ea1ch s\u1ebd c\u1ee7a con ng\u01b0\u1eddi trong nhi\u1ec1u th\u1ebf k\u1ef7. V\u00e0 m\u00e1y l\u00e0m x\u00e0 ph\u00f2ng \u0111\u00e3 c\u00e1ch m\u1ea1ng h\u00f3a c\u00e1ch s\u1ea3n xu\u1ea5t x\u00e0 ph\u00f2ng. N\u00f3 gi\u00fap c\u00e1c nh\u00e0 s\u1ea3n xu\u1ea5t x\u00e0 ph\u00f2ng c\u00f3 th\u1ec3 s\u1ea3n xu\u1ea5t c\u00e1c s\u1ea3n ph\u1ea9m x\u00e0 ph\u00f2ng tr\u00ean quy m\u00f4 l\u1edbn h\u01a1n, v\u1edbi hi\u1ec7u qu\u1ea3 v\u00e0 \u0111\u1ed9 tin c\u1eady cao h\u01a1n.<\/p>    <figure class=\"wp-block-image size-full\"><img loading=\"lazy\" decoding=\"async\" width=\"720\" height=\"540\" src=\"https:\/\/tianhuipackingmachine.com\/wp-content\/uploads\/2023\/03\/soap-making-machine.jpg\" alt=\"m\u00e1y l\u00e0m x\u00e0 ph\u00f2ng\" class=\"wp-image-6357\"\/><figcaption class=\"wp-element-caption\">M\u00e1y l\u00e0m x\u00e0 ph\u00f2ng<\/figcaption><\/figure>    <h2 class=\"wp-block-heading\"><strong>C\u1ea7n b\u00e1n c\u00e1c lo\u1ea1i m\u00e1y l\u00e0m x\u00e0 ph\u00f2ng<\/strong><\/h2>    <p>\u0110\u1ec3 th\u1ef1c hi\u1ec7n quy tr\u00ecnh s\u1ea3n xu\u1ea5t x\u00e0 ph\u00f2ng ho\u00e0n to\u00e0n t\u1ef1 \u0111\u1ed9ng, c\u00f3 m\u1ed9t s\u1ed1 lo\u1ea1i m\u00e1y l\u00e0m x\u00e0 ph\u00f2ng c\u00f3 s\u1eb5n tr\u00ean th\u1ecb tr\u01b0\u1eddng to\u00e0n c\u1ea7u, m\u1ed7i lo\u1ea1i \u0111\u01b0\u1ee3c thi\u1ebft k\u1ebf \u0111\u1ec3 \u0111\u00e1p \u1ee9ng nhu c\u1ea7u s\u1ea3n xu\u1ea5t c\u1ee5 th\u1ec3. V\u00e0 h\u1ecd k\u1ebft h\u1ee3p v\u1edbi nhau \u0111\u1ec3 t\u1ea1o th\u00e0nh m\u1ed9t d\u00e2y chuy\u1ec1n s\u1ea3n xu\u1ea5t x\u00e0 ph\u00f2ng ho\u00e0n ch\u1ec9nh. D\u01b0\u1edbi \u0111\u00e2y l\u00e0 m\u1ed9t s\u1ed1 lo\u1ea1i m\u00e1y l\u00e0m x\u00e0 ph\u00f2ng ph\u1ed5 bi\u1ebfn nh\u1ea5t bao g\u1ed3m:<\/p>    <p class=\"translation-block\"><strong>M\u00e1y tr\u1ed9n x\u00e0 ph\u00f2ng:<\/strong> M\u00e1y tr\u1ed9n x\u00e0 ph\u00f2ng \u0111\u01b0\u1ee3c s\u1eed d\u1ee5ng \u0111\u1ec3 tr\u1ed9n c\u00e1c nguy\u00ean li\u1ec7u tr\u01b0\u1edbc khi nghi\u1ec1n ch\u00fang. V\u1eadt li\u1ec7u khung m\u00e1y \u0111\u01b0\u1ee3c l\u00e0m b\u1eb1ng th\u00e9p carbon Q235 ch\u1ea5t l\u01b0\u1ee3ng t\u1ed1t, v\u00e0 ph\u1ea7n ti\u1ebfp x\u00fac v\u1edbi h\u1ea1t x\u00e0 ph\u00f2ng \u0111\u01b0\u1ee3c l\u00e0m b\u1eb1ng th\u00e9p kh\u00f4ng g\u1ec9.<\/p>    <p class=\"translation-block\"><strong>M\u00e1y nghi\u1ec1n x\u00e0 ph\u00f2ng:<\/strong> M\u00e1y nghi\u1ec1n x\u00e0 ph\u00f2ng \u0111\u01b0\u1ee3c s\u1eed d\u1ee5ng \u0111\u1ec3 nghi\u1ec1n h\u1ea1t x\u00e0 ph\u00f2ng th\u00e0nh h\u1ea1t nh\u1ecf h\u01a1n. \u0110\u00e2y l\u00e0 m\u1ed9t b\u01b0\u1edbc quan tr\u1ecdng \u0111\u1ec3 chu\u1ea9n b\u1ecb nguy\u00ean li\u1ec7u x\u00e0 ph\u00f2ng. C\u00f4ng su\u1ea5t \u0111\u1ed9ng c\u01a1 c\u1ee7a m\u00e1y l\u00e0 4kw. &nbsp;<\/p>    <p class=\"translation-block\"><strong>M\u00e1y \u0111\u00f9n x\u00e0 ph\u00f2ng:<\/strong> M\u00e1y \u0111\u00f9n x\u00e0 ph\u00f2ng \u0111\u01b0\u1ee3c s\u1eed d\u1ee5ng \u0111\u1ec3 s\u1ea3n xu\u1ea5t h\u1ea1t x\u00e0 ph\u00f2ng, \u0111\u01b0\u1ee3c s\u1eed d\u1ee5ng \u0111\u1ec3 l\u00e0m c\u00e1c lo\u1ea1i s\u1ea3n ph\u1ea9m x\u00e0 ph\u00f2ng kh\u00e1c nhau. C\u00f4ng su\u1ea5t c\u1ee7a m\u00e1y \u00e9p \u0111\u00f9n c\u00f3 th\u1ec3 \u0111\u1ea1t 100kg m\u1ed7i gi\u1edd.<\/p>    <p class=\"translation-block\"><strong>M\u00e1y c\u1eaft x\u00e0 ph\u00f2ng:<\/strong> M\u00e1y c\u1eaft x\u00e0 ph\u00f2ng \u0111\u01b0\u1ee3c s\u1eed d\u1ee5ng \u0111\u1ec3 c\u1eaft b\u00e1nh x\u00e0 ph\u00f2ng th\u00e0nh c\u00e1c h\u00ecnh d\u1ea1ng v\u00e0 k\u00edch th\u01b0\u1edbc \u0111\u1ed3ng nh\u1ea5t. V\u00e0 ch\u00fang c\u00f3 th\u1ec3 \u0111\u01b0\u1ee3c t\u00f9y ch\u1ec9nh theo y\u00eau c\u1ea7u c\u1ee7a b\u1ea1n. C\u00f4ng su\u1ea5t c\u1ee7a n\u00f3 c\u00f3 th\u1ec3 \u0111\u1ea1t 200 b\u00e1nh x\u00e0 ph\u00f2ng m\u1ed7i ph\u00fat.<\/p>    <p class=\"translation-block\"><strong>M\u00e1y d\u1eadp x\u00e0 ph\u00f2ng:<\/strong> M\u00e1y d\u1eadp x\u00e0 ph\u00f2ng \u0111\u01b0\u1ee3c s\u1eed d\u1ee5ng \u0111\u1ec3 in logo ho\u1eb7c h\u1ecda ti\u1ebft l\u00ean b\u00e1nh x\u00e0 ph\u00f2ng. C\u00e1c c\u1ed1c h\u00fat nh\u1eb7t x\u00e0 ph\u00f2ng th\u00f4 v\u00e0 \u0111\u1eb7t l\u00ean khu\u00f4n, sau khi t\u1ea1o h\u00ecnh, nh\u1eb7t c\u00e1c b\u00e1nh x\u00e0 ph\u00f2ng \u0111\u00e3 ho\u00e0n th\u00e0nh ra b\u0103ng chuy\u1ec1n. To\u00e0n b\u1ed9 quy tr\u00ecnh ho\u00e0n to\u00e0n t\u1ef1 \u0111\u1ed9ng, hi\u1ec7u qu\u1ea3 cao v\u00e0 ho\u1ea1t \u0111\u1ed9ng \u1ed5n \u0111\u1ecbnh.<\/p>    <p class=\"translation-block\"><strong>M\u00e1y \u0111\u00f3ng g\u00f3i x\u00e0 ph\u00f2ng:<\/strong> <a href=\"https:\/\/tianhuipackingmachine.com\/vi\/soap-packaging-machines\/\" target=\"_blank\" rel=\"noreferrer noopener\">M\u00e1y \u0111\u00f3ng g\u00f3i x\u00e0 ph\u00f2ng<\/a> \u0111\u01b0\u1ee3c s\u1eed d\u1ee5ng \u0111\u1ec3 b\u1ecdc b\u00e1nh x\u00e0 ph\u00f2ng \u0111\u00e3 ho\u00e0n th\u00e0nh v\u00e0o t\u00fai. \u0110\u00e2y l\u00e0 b\u01b0\u1edbc c\u1ea7n thi\u1ebft tr\u01b0\u1edbc khi tr\u01b0ng b\u00e0y s\u1ea3n ph\u1ea9m x\u00e0 ph\u00f2ng c\u1ee7a b\u1ea1n tr\u00ean k\u1ec7 si\u00eau th\u1ecb. \u00a0<\/p>    <h2 class=\"wp-block-heading\"><strong>Quy tr\u00ecnh s\u1ea3n xu\u1ea5t d\u00e2y chuy\u1ec1n m\u00e1y l\u00e0m x\u00e0 ph\u00f2ng<\/strong><\/h2>    <p>M\u1ed9t d\u00e2y chuy\u1ec1n s\u1ea3n xu\u1ea5t x\u00e0 ph\u00f2ng bao g\u1ed3m m\u1ed9t s\u1ed1 m\u00e1y l\u00e0m x\u00e0 ph\u00f2ng. V\u00e0 quy tr\u00ecnh s\u1ea3n xu\u1ea5t to\u00e0n b\u1ed9 d\u00e2y chuy\u1ec1n s\u1ea3n xu\u1ea5t x\u00e0 ph\u00f2ng \u0111\u01b0\u1ee3c tr\u00ecnh b\u00e0y chi ti\u1ebft nh\u01b0 sau:<\/p>    <p class=\"translation-block\"><strong>Tr\u1ed9n nguy\u00ean li\u1ec7u x\u00e0 ph\u00f2ng \u2192 nghi\u1ec1n <strong>\u2192<\/strong><\/strong> <strong>\u0111\u00f9n h\u1ea1t x\u00e0 ph\u00f2ng <strong><strong><strong>\u2192<\/strong><\/strong><\/strong> c\u1eaft b\u00e1nh x\u00e0 ph\u00f2ng <strong><strong>\u2192<\/strong><\/strong> d\u1eadp khu\u00f4n <strong><strong>\u2192<\/strong><\/strong> \u0111\u00f3ng g\u00f3i s\u1ea3n ph\u1ea9m ho\u00e0n ch\u1ec9nh.<\/strong><\/p>    <figure class=\"wp-block-image size-full\"><img loading=\"lazy\" decoding=\"async\" width=\"720\" height=\"540\" src=\"https:\/\/tianhuipackingmachine.com\/wp-content\/uploads\/2023\/03\/soap-making-line.jpg\" alt=\"d\u00e2y chuy\u1ec1n s\u1ea3n xu\u1ea5t x\u00e0 ph\u00f2ng\" class=\"wp-image-6363\"\/><figcaption class=\"wp-element-caption\">D\u00e2y chuy\u1ec1n l\u00e0m x\u00e0 ph\u00f2ng<\/figcaption><\/figure>    <h2 class=\"wp-block-heading\"><strong>T\u00ednh n\u0103ng c\u1ee7a m\u00e1y l\u00e0m x\u00e0 ph\u00f2ng t\u1ef1 \u0111\u1ed9ng n\u00e0y<\/strong><\/h2>    <ol class=\"wp-block-list\" type=\"1\"> <li>C\u1ea5u tr\u00fac c\u01a1 th\u1ec3 \u0111\u01a1n gi\u1ea3n. T\u1ea5t c\u1ea3 c\u00e1c m\u00e1y l\u00e0m x\u00e0 ph\u00f2ng \u0111\u1ec1u \u0111\u01b0\u1ee3c thi\u1ebft k\u1ebf v\u1edbi k\u1ebft c\u1ea5u \u0111\u01a1n gi\u1ea3n. \u0110\u00f3 l\u00e0 d\u1ec5 d\u00e0ng \u0111\u1ec3 c\u00e0i \u0111\u1eb7t v\u00e0 b\u1ea3o tr\u00ec.<\/li>    <li>V\u1eadt li\u1ec7u c\u01a1 th\u1ec3 ch\u1ea5t l\u01b0\u1ee3ng cao. T\u1ea5t c\u1ea3 c\u00e1c m\u00e1y \u0111\u1ec1u \u0111\u01b0\u1ee3c s\u1eed d\u1ee5ng th\u00e9p kh\u00f4ng g\u1ec9, b\u1ec1n v\u00e0 d\u1ec5 lau ch\u00f9i.<\/li>    <li>D\u1ec5 d\u00e0ng ho\u1ea1t \u0111\u1ed9ng. V\u1edbi h\u1ec7 th\u1ed1ng \u0111i\u1ec1u khi\u1ec3n ti\u00ean ti\u1ebfn, n\u00f3 r\u1ea5t d\u1ec5 v\u1eadn h\u00e0nh v\u00e0 ch\u1ec9 m\u1ed9t ng\u01b0\u1eddi c\u00f3 th\u1ec3 x\u1eed l\u00fd \u0111\u01b0\u1ee3c.<\/li>    <li>R\u1ea5t \u0111a d\u1ea1ng. D\u00e2y chuy\u1ec1n s\u1ea3n xu\u1ea5t x\u00e0 ph\u00f2ng b\u00e1nh n\u00e0y c\u00f3 th\u1ec3 s\u1ea3n xu\u1ea5t nhi\u1ec1u lo\u1ea1i s\u1ea3n ph\u1ea9m x\u00e0 ph\u00f2ng nh\u01b0 x\u00e0 ph\u00f2ng gi\u1eb7t, x\u00e0 ph\u00f2ng v\u1ec7 sinh, x\u00e0 ph\u00f2ng t\u1eafm, v.v.<\/li>    <li>Ch\u1ea5t l\u01b0\u1ee3ng ph\u00f9 h\u1ee3p. M\u00e1y l\u00e0m x\u00e0 ph\u00f2ng t\u1ef1 \u0111\u1ed9ng c\u00f3 th\u1ec3 t\u1ea1o ra c\u00e1c s\u1ea3n ph\u1ea9m x\u00e0 ph\u00f2ng c\u00f3 ch\u1ea5t l\u01b0\u1ee3ng \u1ed5n \u0111\u1ecbnh, \u0111\u1ea3m b\u1ea3o m\u1ed7i thanh x\u00e0 ph\u00f2ng \u0111\u1ec1u \u0111\u00e1p \u1ee9ng c\u00e1c ti\u00eau chu\u1ea9n cao nh\u01b0 nhau.<\/li>    <li>D\u1ecbch v\u1ee5 OEM c\u00f3 s\u1eb5n. V\u1edbi kinh nghi\u1ec7m phong ph\u00fa, ch\u00fang t\u00f4i cung c\u1ea5p c\u00e1c d\u1ecbch v\u1ee5 t\u00f9y bi\u1ebfn tuy\u1ec7t v\u1eddi nh\u01b0 c\u00f4ng su\u1ea5t m\u00e1y, v\u1eadt li\u1ec7u, linh ki\u1ec7n, logo, h\u00ecnh d\u1ea1ng v\u00e0 k\u00edch th\u01b0\u1edbc tr\u00ean x\u00e0 ph\u00f2ng.<\/li> <\/ol>    <h2 class=\"wp-block-heading\"><strong>C\u00e1c b\u1ed9 ph\u1eadn ch\u00ednh c\u1ee7a d\u00e2y chuy\u1ec1n m\u00e1y l\u00e0m x\u00e0 ph\u00f2ng t\u1ef1 \u0111\u1ed9ng<\/strong><\/h2>    <p>C\u00e1c b\u1ed9 ph\u1eadn ch\u00ednh c\u1ee7a d\u00e2y chuy\u1ec1n s\u1ea3n xu\u1ea5t x\u00e0 ph\u00f2ng t\u1ef1 \u0111\u1ed9ng ho\u00e0n ch\u1ec9nh bao g\u1ed3m m\u00e1y tr\u1ed9n nguy\u00ean li\u1ec7u, m\u00e1y nghi\u1ec1n, m\u00e1y h\u00fat ch\u00e2n kh\u00f4ng, m\u00e1y c\u1eaft, m\u00e1y in x\u00e0 ph\u00f2ng, t\u1ee7 \u0111i\u1ec1u khi\u1ec3n, b\u0103ng t\u1ea3i, v.v. M\u1ecdi b\u1ed9 ph\u1eadn ph\u1ed1i h\u1ee3p v\u1edbi nhau \u0111\u1ec3 t\u1ea1o n\u00ean m\u1ed9t chi\u1ebfc m\u00e1y l\u00e0m x\u00e0 ph\u00f2ng tuy\u1ec7t v\u1eddi.<\/p>    <div class=\"wp-block-group is-layout-constrained wp-block-group-is-layout-constrained\"> <div class=\"wp-block-columns is-layout-flex wp-container-core-columns-is-layout-28f84493 wp-block-columns-is-layout-flex\"> <div class=\"wp-block-column is-layout-flow wp-block-column-is-layout-flow\"> <figure class=\"wp-block-gallery has-nested-images columns-default is-cropped wp-block-gallery-2 is-layout-flex wp-block-gallery-is-layout-flex\"> <figure class=\"wp-block-image size-full\"><img loading=\"lazy\" decoding=\"async\" width=\"720\" height=\"540\" data-id=\"6364\" src=\"https:\/\/tianhuipackingmachine.com\/wp-content\/uploads\/2023\/03\/soap-mixing-and-grinding-machine.jpg\" alt=\"m\u00e1y tr\u1ed9n v\u00e0 nghi\u1ec1n x\u00e0 ph\u00f2ng\" class=\"wp-image-6364\"\/><figcaption class=\"wp-element-caption\">M\u00e1y tr\u1ed9n v\u00e0 nghi\u1ec1n x\u00e0 ph\u00f2ng<\/figcaption><\/figure> <\/figure> <\/div>    <div class=\"wp-block-column is-layout-flow wp-block-column-is-layout-flow\"> <figure class=\"wp-block-gallery has-nested-images columns-default is-cropped wp-block-gallery-3 is-layout-flex wp-block-gallery-is-layout-flex\"> <figure class=\"wp-block-image size-full\"><img loading=\"lazy\" decoding=\"async\" width=\"720\" height=\"540\" data-id=\"6366\" src=\"https:\/\/tianhuipackingmachine.com\/wp-content\/uploads\/2023\/03\/soap-extruder.jpg\" alt=\"m\u00e1y \u0111\u00f9n x\u00e0 ph\u00f2ng\" class=\"wp-image-6366\"\/><figcaption class=\"wp-element-caption\">M\u00e1y \u0111\u00f9n x\u00e0 ph\u00f2ng<\/figcaption><\/figure> <\/figure> <\/div>    <div class=\"wp-block-column is-layout-flow wp-block-column-is-layout-flow\"> <figure class=\"wp-block-gallery has-nested-images columns-default is-cropped wp-block-gallery-4 is-layout-flex wp-block-gallery-is-layout-flex\"> <figure class=\"wp-block-image size-full\"><img loading=\"lazy\" decoding=\"async\" width=\"720\" height=\"540\" data-id=\"6367\" src=\"https:\/\/tianhuipackingmachine.com\/wp-content\/uploads\/2023\/03\/soap-cutter-machine.jpg\" alt=\"m\u00e1y c\u1eaft x\u00e0 ph\u00f2ng\" class=\"wp-image-6367\"\/><figcaption class=\"wp-element-caption\">M\u00e1y c\u1eaft x\u00e0 ph\u00f2ng<\/figcaption><\/figure> <\/figure> <\/div> <\/div> <\/div>    <h2 class=\"wp-block-heading\"><strong>M\u00e1y l\u00e0m x\u00e0 ph\u00f2ng gi\u00e1 bao nhi\u00eau?<\/strong><\/h2>    <p>Gi\u00e1 m\u00e1y l\u00e0m x\u00e0 ph\u00f2ng kh\u00e1c nhau t\u00f9y thu\u1ed9c v\u00e0o c\u1ea5u h\u00ecnh, c\u00f4ng su\u1ea5t v\u00e0 ch\u1ea5t li\u1ec7u m\u00e1y kh\u00e1c nhau. H\u01a1n n\u1eefa, gi\u00e1 m\u00e1y l\u00e0m x\u00e0 ph\u00f2ng s\u1ebd kh\u00e1c khi v\u1eadn chuy\u1ec3n \u0111\u1ebfn c\u00e1c c\u1ea3ng kh\u00e1c nhau, v\u00ec chi ph\u00ed v\u1eadn chuy\u1ec3n l\u00e0 kh\u00e1c nhau. Ch\u00fang t\u00f4i cung c\u1ea5p d\u00e2y chuy\u1ec1n s\u1ea3n xu\u1ea5t x\u00e0 ph\u00f2ng ho\u00e0n ch\u1ec9nh v\u00e0 m\u00e1y l\u00e0m x\u00e0 ph\u00f2ng \u0111\u01a1n. V\u00ec v\u1eady, cho d\u00f9 b\u1ea1n mu\u1ed1n mua m\u1ed9t d\u00e2y chuy\u1ec1n l\u00e0m x\u00e0 ph\u00f2ng \u0111\u1ea7y \u0111\u1ee7 hay ch\u1ec9 m\u1ed9t chi\u1ebfc m\u00e1y duy nh\u1ea5t b\u1ea1n c\u1ea7n, th\u1eadt tuy\u1ec7t v\u1eddi khi li\u00ean h\u1ec7 v\u1edbi ch\u00fang t\u00f4i \u0111\u1ec3 bi\u1ebft th\u00eam chi ti\u1ebft v\u00e0 b\u1ea3ng gi\u00e1.<\/p>    <h2 class=\"wp-block-heading\"><strong>\u1ee8ng d\u1ee5ng c\u1ee7a m\u00e1y l\u00e0m x\u00e0 ph\u00f2ng<\/strong><\/h2>    <p>Tr\u00ean th\u1ef1c t\u1ebf, m\u00e1y l\u00e0m x\u00e0 ph\u00f2ng n\u00e0y \u0111\u01b0\u1ee3c thi\u1ebft k\u1ebf \u0111\u1ec3 l\u00e0m x\u00e0 ph\u00f2ng b\u00e1nh ch\u1ee9 kh\u00f4ng ph\u1ea3i x\u00e0 ph\u00f2ng l\u1ecfng. V\u1edbi c\u00e1c lo\u1ea1i tem, khu\u00f4n kh\u00e1c nhau, d\u00e2y chuy\u1ec1n s\u1ea3n xu\u1ea5t x\u00e0 ph\u00f2ng c\u00f3 th\u1ec3 s\u1ea3n xu\u1ea5t ra \u0111\u1ea7y \u0111\u1ee7 c\u00e1c lo\u1ea1i b\u00e1nh x\u00e0 ph\u00f2ng, c\u00f3 th\u1ec3 thi\u1ebft k\u1ebf v\u1edbi nhi\u1ec1u k\u00edch th\u01b0\u1edbc, h\u00ecnh d\u1ea1ng, m\u00e0u s\u1eafc, logo \u0111a d\u1ea1ng. Ngo\u00e0i ra, v\u1edbi c\u00f4ng th\u1ee9c nguy\u00ean li\u1ec7u x\u00e0 ph\u00f2ng kh\u00e1c nhau, n\u00f3 c\u00f3 th\u1ec3 s\u1ea3n xu\u1ea5t x\u00e0 ph\u00f2ng gi\u1eb7t, x\u00e0 ph\u00f2ng v\u1ec7 sinh, x\u00e0 ph\u00f2ng gi\u1eb7t, x\u00e0 ph\u00f2ng t\u1ea9y r\u1eeda, x\u00e0 ph\u00f2ng t\u1eafm, x\u00e0 ph\u00f2ng trong su\u1ed1t, v.v.<\/p>    <figure class=\"wp-block-image size-full\"><img loading=\"lazy\" decoding=\"async\" width=\"720\" height=\"540\" src=\"https:\/\/tianhuipackingmachine.com\/wp-content\/uploads\/2023\/03\/finished-soap-products.jpg\" alt=\"th\u00e0nh ph\u1ea9m x\u00e0 ph\u00f2ng\" class=\"wp-image-6360\"\/><figcaption class=\"wp-element-caption\">S\u1ea3n ph\u1ea9m x\u00e0 ph\u00f2ng th\u00e0nh ph\u1ea9m<\/figcaption><\/figure>    <h2 class=\"wp-block-heading\"><strong>S\u1eed d\u1ee5ng m\u00e1y l\u00e0m x\u00e0 ph\u00f2ng \u0111\u1ec3 h\u1ee3p l\u00fd h\u00f3a vi\u1ec7c s\u1ea3n xu\u1ea5t x\u00e0 ph\u00f2ng<\/strong><\/h2>    <p>M\u00e1y l\u00e0m x\u00e0 ph\u00f2ng c\u00f3 th\u1ec3 \u0111\u01b0\u1ee3c \u00e1p d\u1ee5ng \u0111\u1ec3 h\u1ee3p l\u00fd h\u00f3a vi\u1ec7c s\u1ea3n xu\u1ea5t x\u00e0 ph\u00f2ng theo nhi\u1ec1u c\u00e1ch. D\u01b0\u1edbi \u0111\u00e2y l\u00e0 m\u1ed9t s\u1ed1 c\u00e1ch m\u00e0 m\u00e1y s\u1ea3n xu\u1ea5t x\u00e0 ph\u00f2ng c\u00f3 th\u1ec3 \u0111\u01b0\u1ee3c s\u1eed d\u1ee5ng \u0111\u1ec3 h\u1ee3p l\u00fd h\u00f3a vi\u1ec7c s\u1ea3n xu\u1ea5t x\u00e0 ph\u00f2ng quy m\u00f4 l\u1edbn:<\/p>    <h3 class=\"wp-block-heading\">1. <strong>N\u00e2ng cao hi\u1ec7u qu\u1ea3<\/strong><\/h3>    <p>M\u00e1y l\u00e0m x\u00e0 ph\u00f2ng c\u00f3 th\u1ec3 n\u00e2ng cao hi\u1ec7u qu\u1ea3 b\u1eb1ng c\u00e1ch t\u1ef1 \u0111\u1ed9ng h\u00f3a quy tr\u00ecnh l\u00e0m x\u00e0 ph\u00f2ng. \u0110i\u1ec1u n\u00e0y c\u00f3 ngh\u0129a l\u00e0 c\u1ea7n \u00edt c\u00f4ng s\u1ee9c v\u00e0 th\u1eddi gian h\u01a1n \u0111\u1ec3 s\u1ea3n xu\u1ea5t x\u00e0 ph\u00f2ng, \u0111i\u1ec1u n\u00e0y c\u00f3 th\u1ec3 gi\u00fap gi\u1ea3m chi ph\u00ed v\u00e0 t\u0103ng l\u1ee3i nhu\u1eadn cho doanh nghi\u1ec7p c\u1ee7a b\u1ea1n.<\/p>    <h3 class=\"wp-block-heading\">2. <strong>T\u0103ng n\u0103ng l\u1ef1c s\u1ea3n xu\u1ea5t<\/strong><\/h3>    <p>M\u00e1y l\u00e0m x\u00e0 ph\u00f2ng ho\u00e0n to\u00e0n t\u1ef1 \u0111\u1ed9ng c\u00f3 th\u1ec3 t\u0103ng \u0111\u00e1ng k\u1ec3 n\u0103ng l\u1ef1c s\u1ea3n xu\u1ea5t. \u0110i\u1ec1u n\u00e0y c\u00f3 ngh\u0129a l\u00e0 c\u00f3 th\u1ec3 s\u1ea3n xu\u1ea5t \u0111\u01b0\u1ee3c nhi\u1ec1u x\u00e0 ph\u00f2ng h\u01a1n trong th\u1eddi gian ng\u1eafn h\u01a1n. \u0110i\u1ec1u n\u00e0y c\u00f3 th\u1ec3 l\u00e0m t\u0103ng kh\u1ea3 n\u0103ng c\u1ea1nh tranh c\u1ee7a s\u1ea3n ph\u1ea9m x\u00e0 ph\u00f2ng c\u1ee7a b\u1ea1n tr\u00ean th\u1ecb tr\u01b0\u1eddng.<\/p>    <h3 class=\"wp-block-heading\">3. <strong>Gi\u1ea3m chi ph\u00ed lao \u0111\u1ed9ng<\/strong><\/h3>    <p>So v\u1edbi l\u00e0m x\u00e0 ph\u00f2ng th\u1ee7 c\u00f4ng, m\u00e1y l\u00e0m x\u00e0 ph\u00f2ng t\u1ef1 \u0111\u1ed9ng \u0111\u00f2i h\u1ecfi \u00edt nh\u00e2n c\u00f4ng h\u01a1n v\u00e0 r\u1ea5t d\u1ec5 v\u1eadn h\u00e0nh. \u00a0\u00a0<\/p>    <h2 class=\"wp-block-heading\"><strong>Li\u00ean h\u1ec7 v\u1edbi ch\u00fang t\u00f4i ngay h\u00f4m nay \u0111\u1ec3 b\u1eaft \u0111\u1ea7u c\u00f4ng vi\u1ec7c kinh doanh x\u00e0 ph\u00f2ng c\u1ee7a b\u1ea1n<\/strong><\/h2>    <p class=\"translation-block\">L\u00e0 m\u1ed9t <a href=\"https:\/\/tianhuipackingmachine.com\/vi\/\">nh\u00e0 s\u1ea3n xu\u1ea5t m\u00e1y m\u00f3c to\u00e0n di\u1ec7n<\/a>, m\u00e1y l\u00e0m x\u00e0 ph\u00f2ng c\u1ee7a ch\u00fang t\u00f4i \u0111\u00e3 \u0111\u01b0\u1ee3c xu\u1ea5t kh\u1ea9u th\u00e0nh c\u00f4ng \u0111\u1ebfn h\u01a1n 15 qu\u1ed1c gia v\u00e0 khu v\u1ef1c, ch\u1eb3ng h\u1ea1n nh\u01b0 Nam Phi, Kenya, Zimbabwe, Ghana, Nigeria, Philippines, Ethiopia, M\u1ef9, New Zealand, v.v. N\u1ebfu b\u1ea1n mu\u1ed1n b\u1eaft \u0111\u1ea7u d\u1ef1 \u00e1n l\u00e0m x\u00e0 ph\u00f2ng c\u1ee7a m\u00ecnh, \u0111\u00e3 \u0111\u1ebfn l\u00fac li\u00ean h\u1ec7 v\u1edbi ch\u00fang t\u00f4i \u0111\u1ec3 bi\u1ebft th\u00f4ng tin chi ti\u1ebft h\u1eefu \u00edch v\u1ec1 m\u00e1y m\u00f3c v\u00e0 danh s\u00e1ch gi\u00e1 m\u1edbi nh\u1ea5t.<\/p>","protected":false},"excerpt":{"rendered":"<p>Soap making machine is a great tool used to automate the soap making process. The machine is designed to mix, blend, extrude, and cut of soaps. The soap making machine can be used to manufacture various soap products, such as bar soap, laundry soap, bath soap, toilet soap, and transparent soap. \u00a0 Soap has been [&hellip;]<\/p>\n","protected":false},"author":1,"featured_media":6357,"parent":0,"template":"","tags":[],"product-type":[145],"class_list":["post-6356","product","type-product","status-publish","has-post-thumbnail","hentry","product-type-other-products"],"_links":{"self":[{"href":"https:\/\/tianhuipackingmachine.com\/vi\/wp-json\/wp\/v2\/product\/6356","targetHints":{"allow":["GET"]}}],"collection":[{"href":"https:\/\/tianhuipackingmachine.com\/vi\/wp-json\/wp\/v2\/product"}],"about":[{"href":"https:\/\/tianhuipackingmachine.com\/vi\/wp-json\/wp\/v2\/types\/product"}],"author":[{"embeddable":true,"href":"https:\/\/tianhuipackingmachine.com\/vi\/wp-json\/wp\/v2\/users\/1"}],"wp:featuredmedia":[{"embeddable":true,"href":"https:\/\/tianhuipackingmachine.com\/vi\/wp-json\/wp\/v2\/media\/6357"}],"wp:attachment":[{"href":"https:\/\/tianhuipackingmachine.com\/vi\/wp-json\/wp\/v2\/media?parent=6356"}],"wp:term":[{"taxonomy":"post_tag","embeddable":true,"href":"https:\/\/tianhuipackingmachine.com\/vi\/wp-json\/wp\/v2\/tags?post=6356"},{"taxonomy":"product-type","embeddable":true,"href":"https:\/\/tianhuipackingmachine.com\/vi\/wp-json\/wp\/v2\/product-type?post=6356"}],"curies":[{"name":"wp","href":"https:\/\/api.w.org\/{rel}","templated":true}]}}