{"id":5685,"date":"2022-04-19T09:28:57","date_gmt":"2022-04-19T01:28:57","guid":{"rendered":"http:\/\/tianhuipackingmachine.local\/?post_type=product&#038;p=5685"},"modified":"2024-09-20T18:32:44","modified_gmt":"2024-09-20T10:32:44","slug":"rice-vacuum-packing-machine-2","status":"publish","type":"product","link":"https:\/\/tianhuipackingmachine.com\/vi\/rice-vacuum-packing-machine\/","title":{"rendered":"M\u00e1y \u0111\u00f3ng g\u00f3i ch\u00e2n kh\u00f4ng g\u1ea1o"},"content":{"rendered":"<p class=\"translation-block\">M\u00e1y <strong>\u0111\u00f3ng g\u00f3i ch\u00e2n kh\u00f4ng g\u1ea1o<\/strong> Shuliy l\u00e0 m\u1ed9t lo\u1ea1i m\u00e1y \u0111\u00f3ng g\u00f3i ch\u00e2n kh\u00f4ng chuy\u00ean d\u1ee5ng cho vi\u1ec7c h\u00fat ch\u00e2n kh\u00f4ng g\u1ea1o v\u1edbi h\u00ecnh d\u1ea1ng vi\u00ean g\u1ea1ch v\u00e0 tr\u1ecdng l\u01b0\u1ee3ng t\u1eeb 0.5-20kg m\u1ed7i vi\u00ean. <\/p>    <p>M\u00e1y n\u00e0y c\u00f3 th\u1ec3 h\u00fat ch\u00e2n kh\u00f4ng 1-20 g\u00f3i g\u1ea1ch g\u1ea1o m\u1ed7i ph\u00fat. \u0110\u00f3ng g\u00f3i ch\u00e2n kh\u00f4ng b\u1eb1ng m\u00e1y n\u00e0y c\u00f3 th\u1ec3 k\u00e9o d\u00e0i th\u1eddi h\u1ea1n s\u1eed d\u1ee5ng th\u1ef1c ph\u1ea9m m\u1ed9t c\u00e1ch hi\u1ec7u qu\u1ea3, ch\u1ed1ng l\u1ea1i qu\u00e1 tr\u00ecnh oxy h\u00f3a, c\u00f4n tr\u00f9ng, n\u1ea5m m\u1ed1c v\u00e0 \u0111\u1ed9 \u1ea9m.<\/p>    <p>Ngo\u00e0i ra, n\u00f3 c\u00f2n c\u00f3 th\u1ec3 \u0111\u00f3ng g\u00f3i ch\u00e2n kh\u00f4ng c\u00e1c lo\u1ea1i v\u1eadt li\u1ec7u d\u1ea1ng b\u1ed9t v\u00e0 d\u1ea1ng h\u1ea1t kh\u00e1c nhau, ch\u1eb3ng h\u1ea1n nh\u01b0 b\u1ed9t m\u00ec, b\u1ed9t men kh\u00f4 l\u00ean men, tr\u00e0, \u0111\u1eadu ph\u1ed9ng, h\u1ea1t \u0111i\u1ec1u, v.v. N\u1ebfu quan t\u00e2m, vui l\u00f2ng li\u00ean h\u1ec7 v\u1edbi ch\u00fang t\u00f4i \u0111\u1ec3 bi\u1ebft th\u00eam chi ti\u1ebft! <\/p>    <figure class=\"wp-block-image aligncenter size-large\"><img loading=\"lazy\" decoding=\"async\" width=\"750\" height=\"500\" src=\"https:\/\/tianhuipackingmachine.com\/wp-content\/uploads\/2021\/12\/rice-vacuum-packing-machine-750x500.jpg\" alt=\"m\u00e1y \u0111\u00f3ng g\u00f3i ch\u00e2n kh\u00f4ng g\u1ea1o\" class=\"wp-image-3870\" srcset=\"https:\/\/tianhuipackingmachine.com\/wp-content\/uploads\/2021\/12\/rice-vacuum-packing-machine.jpg 750w, https:\/\/tianhuipackingmachine.com\/wp-content\/uploads\/2021\/12\/rice-vacuum-packing-machine-480x320.jpg 480w\" sizes=\"auto, (max-width: 750px) 100vw, 750px\" \/><figcaption class=\"wp-element-caption\">M\u00e1y \u0111\u00f3ng g\u00f3i ch\u00e2n kh\u00f4ng g\u1ea1o<\/figcaption><\/figure>    <h2 class=\"wp-block-heading\" id=\"h-what-raw-materials-can-be-packaged-into-brick-shape-by-this-machine\">Nh\u1eefng nguy\u00ean li\u1ec7u th\u00f4 n\u00e0o c\u00f3 th\u1ec3 \u0111\u01b0\u1ee3c \u0111\u00f3ng g\u00f3i th\u00e0nh h\u00ecnh vi\u00ean g\u1ea1ch b\u1eb1ng m\u00e1y n\u00e0y?<\/h2>    <p>M\u00e1y \u0111\u00f3ng g\u00f3i ch\u00e2n kh\u00f4ng g\u1ea1o h\u00ecnh vi\u00ean g\u1ea1ch th\u01b0\u01a1ng m\u1ea1i \u00e1p d\u1ee5ng cho nhi\u1ec1u m\u1eb7t h\u00e0ng kh\u00e1c nhau nh\u01b0: <\/p>    <ul class=\"wp-block-list\"> <li><strong>Ng\u0169 c\u1ed1c<\/strong> <ul class=\"wp-block-list\"> <li>G\u1ea1o, k\u00ea, \u0111\u1eadu xanh, \u0111\u1eadu \u0111\u1ecf, y\u1ebfn m\u1ea1ch, h\u1ea1t l\u00faa m\u00ec, ng\u0169 c\u1ed1c th\u00f4 h\u1ed7n h\u1ee3p, v.v.<\/li> <\/ul> <\/li>    <li><strong>Qu\u1ea3 h\u1ea1ch<\/strong> <ul class=\"wp-block-list\"> <li>\u0110\u1eadu ph\u1ed9ng, h\u1ea1t \u0111i\u1ec1u, h\u1ea1t h\u1ed3 tr\u0103n, <a href=\"https:\/\/en.wikipedia.org\/wiki\/Macadamia_nuts\" target=\"_blank\" rel=\"noopener\">h\u1ea1t m\u1eafc ca<\/a>, h\u1ea1nh nh\u00e2n, ch\u00e0 l\u00e0 \u0111\u1ecf, v.v.<\/li> <\/ul> <\/li>    <li><strong>b\u1ed9t<\/strong> <ul class=\"wp-block-list\"> <li>B\u1ed9t men kh\u00f4 n\u01b0\u1edbng, b\u1ed9t m\u00ec v\u00e0 c\u00e1c lo\u1ea1i kh\u00e1c.<\/li> <\/ul> <\/li>    <li><strong>Ng\u01b0\u1eddi kh\u00e1c<\/strong> <ul class=\"wp-block-list\"> <li>Tr\u00e0, \u0111\u1eadu l\u0103ng, h\u1ea3i s\u1ea3n, v.v.<\/li> <\/ul> <\/li> <\/ul>    <p>Ngo\u00e0i ra, m\u00e1y \u0111\u00f3ng g\u00f3i ch\u00e2n kh\u00f4ng g\u1ea1o c\u1ee7a ch\u00fang t\u00f4i c\u00f3 nhi\u1ec1u lo\u1ea1i t\u00fai v\u00e0 khu\u00f4n g\u1ea1ch g\u1ea1o nh\u01b0 250g, 500g, 1000g, 1500g, 2500g, v.v. B\u1ea1n c\u00f3 th\u1ec3 ch\u1ecdn n\u00f3 theo nhu c\u1ea7u th\u1ef1c t\u1ebf c\u1ee7a b\u1ea1n.<\/p>    <figure class=\"wp-block-gallery has-nested-images columns-default is-cropped wp-block-gallery-2 is-layout-flex wp-block-gallery-is-layout-flex\"> <figure class=\"wp-block-image size-large\"><img loading=\"lazy\" decoding=\"async\" width=\"750\" height=\"500\" data-id=\"4623\" src=\"https:\/\/tianhuipackingmachine.com\/wp-content\/uploads\/2021\/12\/rice-brick-mold-and-packing-effect-750x500.jpg\" alt=\"khu\u00f4n g\u1ea1ch g\u1ea1o v\u00e0 hi\u1ec7u \u1ee9ng \u0111\u00f3ng g\u00f3i\" class=\"wp-image-4623\" srcset=\"https:\/\/tianhuipackingmachine.com\/wp-content\/uploads\/2021\/12\/rice-brick-mold-and-packing-effect.jpg 750w, https:\/\/tianhuipackingmachine.com\/wp-content\/uploads\/2021\/12\/rice-brick-mold-and-packing-effect-480x320.jpg 480w\" sizes=\"auto, (max-width: 750px) 100vw, 750px\" \/><figcaption class=\"wp-element-caption\">Khu\u00f4n g\u1ea1ch g\u1ea1o v\u00e0 hi\u1ec7u qu\u1ea3 \u0111\u00f3ng g\u00f3i<\/figcaption><\/figure>    <figure class=\"wp-block-image size-large\"><img loading=\"lazy\" decoding=\"async\" width=\"750\" height=\"500\" data-id=\"4626\" src=\"https:\/\/tianhuipackingmachine.com\/wp-content\/uploads\/2021\/12\/rice-brick-molds-sealing-effect-750x500.jpg\" alt=\"khu\u00f4n g\u1ea1ch g\u1ea1o &amp; t\u00e1c d\u1ee5ng b\u1ecbt k\u00edn\" class=\"wp-image-4626\" srcset=\"https:\/\/tianhuipackingmachine.com\/wp-content\/uploads\/2021\/12\/rice-brick-molds-sealing-effect.jpg 750w, https:\/\/tianhuipackingmachine.com\/wp-content\/uploads\/2021\/12\/rice-brick-molds-sealing-effect-480x320.jpg 480w\" sizes=\"auto, (max-width: 750px) 100vw, 750px\" \/><figcaption class=\"wp-element-caption\">Khu\u00f4n g\u1ea1ch g\u1ea1o &amp; hi\u1ec7u \u1ee9ng b\u1ecbt k\u00edn<\/figcaption><\/figure> <\/figure>    <h2 class=\"wp-block-heading\" id=\"h-characteristics-advantages-of-rice-vacuum-packing-machine\">\u0110\u1eb7c \u0111i\u1ec3m c\u1ee7a m\u00e1y \u0111\u00f3ng g\u00f3i ch\u00e2n kh\u00f4ng g\u1ea1o Shuliy<\/h2>    <ol style=\"list-style-type:1\" class=\"wp-block-list\"> <li>N\u00f3 c\u00f3 th\u1ec3 x\u1eed l\u00fd <strong>1-20 bao g\u1ea1ch ch\u00e2n kh\u00f4ng g\u1ea1o m\u1ed7i ph\u00fat<\/strong>, hi\u1ec7u qu\u1ea3.<\/li>    <li>M\u00e1y c\u00f3 m\u1ed9t <strong>t\u1ea5m acrylic<\/strong>, \u0111\u00f3 l\u00e0 t\u1ea5m mica trong su\u1ed1t kh\u00f4ng m\u00e0u. N\u00f3 c\u00f3 \u0111\u1ed9 trong su\u1ed1t tuy\u1ec7t v\u1eddi v\u00e0 <strong>\u0111\u1ed9 truy\u1ec1n \u00e1nh s\u00e1ng c\u00f3 th\u1ec3 \u0111\u1ea1t h\u01a1n 92%<\/strong>. <\/li>    <li>C\u1ea3 hai c\u1ea1nh tr\u01b0\u1edbc v\u00e0 sau \u0111\u1ec1u \u0111\u01b0\u1ee3c trang b\u1ecb <strong>d\u1ea3i ni\u00eam phong<\/strong>.<\/li>    <li>M\u00e1y \u0111\u00f3ng g\u00f3i ch\u00e2n kh\u00f4ng g\u1ea1ch g\u1ea1o c\u1ee7a ch\u00fang t\u00f4i \u0111\u01b0\u1ee3c trang b\u1ecb <strong>b\u1ed1n b\u00e1nh xe<\/strong>, di chuy\u1ec3n thu\u1eadn ti\u1ec7n v\u00e0 linh ho\u1ea1t.<\/li>    <li>Ho\u1ea1t \u0111\u1ed9ng \u0111\u01a1n gi\u1ea3n, c\u1ea5u tr\u00fac nh\u1ecf g\u1ecdn, kh\u00f4ng gian chi\u1ebfm d\u1ee5ng nh\u1ecf, chi ph\u00ed th\u1ea5p.<\/li>    <li>B\u1ea3o qu\u1ea3n l\u00e2u d\u00e0i, ni\u00eam phong ch\u1ed1ng r\u00f2 r\u1ec9, k\u00e9o d\u00e0i th\u1eddi h\u1ea1n s\u1eed d\u1ee5ng m\u1ed9t c\u00e1ch hi\u1ec7u qu\u1ea3.<\/li> <\/ol>    <figure class=\"wp-block-image size-large\"><img loading=\"lazy\" decoding=\"async\" width=\"750\" height=\"500\" src=\"https:\/\/tianhuipackingmachine.com\/wp-content\/uploads\/2021\/12\/rice-brick-packing-machine-750x500.jpg\" alt=\"m\u00e1y \u0111\u00f3ng g\u00f3i g\u1ea1ch g\u1ea1o\" class=\"wp-image-4624\" srcset=\"https:\/\/tianhuipackingmachine.com\/wp-content\/uploads\/2021\/12\/rice-brick-packing-machine.jpg 750w, https:\/\/tianhuipackingmachine.com\/wp-content\/uploads\/2021\/12\/rice-brick-packing-machine-480x320.jpg 480w\" sizes=\"auto, (max-width: 750px) 100vw, 750px\" \/><figcaption class=\"wp-element-caption\">M\u00e1y \u0111\u00f3ng g\u00f3i g\u1ea1ch g\u1ea1o<\/figcaption><\/figure>    <h2 class=\"wp-block-heading has-black-color has-text-color\" id=\"h-technical-data-of-vacuum-packing-machine-for-rice-brick\">D\u1eef li\u1ec7u k\u1ef9 thu\u1eadt c\u1ee7a m\u00e1y \u0111\u00f3ng g\u00f3i ch\u00e2n kh\u00f4ng cho g\u1ea1ch g\u1ea1o<\/h2>    <p>Ch\u00fang t\u00f4i c\u00f3 b\u00e1n hai lo\u1ea1i m\u00e1y d\u00e1n g\u1ea1ch g\u1ea1o ch\u00e2n kh\u00f4ng l\u00e0 SL-660 v\u00e0 SL-850. Con s\u1ed1 ch\u00ednh l\u00e0 chi\u1ec1u d\u00e0i c\u1ee7a d\u1ea3i ni\u00eam phong. B\u1ea1n c\u0169ng c\u00f3 th\u1ec3 bi\u1ebft c\u00f4ng su\u1ea5t, tr\u1ecdng l\u01b0\u1ee3ng, k\u00edch th\u01b0\u1edbc, v.v. B\u1ea3ng sau \u0111\u00e2y l\u00e0 th\u00f4ng tin th\u00f4ng s\u1ed1 chi ti\u1ebft \u0111\u1ec3 b\u1ea1n tham kh\u1ea3o.<\/p>    <figure class=\"wp-block-table is-style-stripes\"><table><tbody><tr><td>Ng\u01b0\u1eddi m\u1eabu<\/td><td>SL-660<\/td><td>SL-850<\/td><\/tr><tr><td>V\u00f4n<\/td><td>AC220V\/50Hz<\/td><td>AC220V\/50Hz<\/td><\/tr><tr><td>C\u00f4ng su\u1ea5t \u0111\u1ed9ng c\u01a1<\/td><td>1000W<\/td><td>1000W<\/td><\/tr><tr><td>S\u1ee9c m\u1ea1nh ni\u00eam phong<\/td><td>1200W<\/td><td>1600W<\/td><\/tr><tr><td>S\u1ed1 l\u01b0\u1ee3ng thanh ni\u00eam phong cho m\u1ed7i bu\u1ed3ng<\/td><td>2 chi\u1ebfc<\/td><td>2 chi\u1ebfc<\/td><\/tr><tr><td>\u00c1p su\u1ea5t ch\u00e2n kh\u00f4ng t\u1ed1i \u0111a<\/td><td>1Kpa<\/td><td>1Kpa<\/td><\/tr><tr><td>K\u00edch th\u01b0\u1edbc bu\u1ed3ng<\/td><td>680 (L)*210(W)*350(H)mm <\/td><td>900(L)*210(W)*350(H)mm<\/td><\/tr><tr><td>K\u00edch th\u01b0\u1edbc gi\u1ea5y ni\u00eam phong<\/td><td>660(L)*10(W)mm<\/td><td>850(L)*10(W)mm<\/td><\/tr><tr><td>T\u1ed1c \u0111\u1ed9 b\u01a1m ch\u00e2n kh\u00f4ng<\/td><td>20*1m<sup>3<\/sup>\/h<\/td><td>20*1m<sup>3<\/sup>\/h<\/td><\/tr><tr><td>V\u1eadt li\u1ec7u bu\u1ed3ng ch\u00e2n kh\u00f4ng<\/td><td>Th\u00e9p kh\u00f4ng g\u1ec9 201<\/td><td>Th\u00e9p kh\u00f4ng g\u1ec9 201<\/td><\/tr><tr><td>K\u00edch th\u01b0\u1edbc<\/td><td>740*480*800mm<\/td><td>930*450*800mm<\/td><\/tr><tr><td>Kh\u1ed1i l\u01b0\u1ee3ng t\u1ecbnh<\/td><td>88kg<\/td><td>100kg<\/td><\/tr><tr><td>Kho\u1ea3ng c\u00e1ch trung t\u00e2m gi\u1eefa hai thanh ni\u00eam phong<\/td><td>280mm<\/td><td>280mm<\/td><\/tr><\/tbody><\/table><figcaption class=\"wp-element-caption\">d\u1eef li\u1ec7u c\u1ee7a m\u00e1y \u0111\u00f3ng g\u00f3i ch\u00e2n kh\u00f4ng g\u1ea1o<\/figcaption><\/figure>    <h2 class=\"wp-block-heading\" id=\"h-main-parts-of-rice-vacuum-packing-machine\">C\u00e1c b\u1ed9 ph\u1eadn ch\u00ednh c\u1ee7a m\u00e1y \u0111\u00f3ng g\u00f3i ch\u00e2n kh\u00f4ng g\u1ea1o ho\u00e0n to\u00e0n t\u1ef1 \u0111\u1ed9ng<\/h2>    <p>M\u00e1y ch\u1ee7 y\u1ebfu bao g\u1ed3m b\u1ea3ng \u0111i\u1ec1u khi\u1ec3n, \u0111\u1ed9ng c\u01a1, ph\u00f2ng ch\u00e2n kh\u00f4ng, d\u1ea3i ni\u00eam phong k\u00e9p, v\u1ecf trong su\u1ed1t acrylic, b\u01a1m ch\u00e2n kh\u00f4ng, b\u1ed1n b\u00e1nh xe, v.v.<\/p>    <ul class=\"wp-block-list\"> <li>\u0110\u1ea7u ti\u00ean, b\u1ea1n c\u00f3 th\u1ec3 thi\u1ebft l\u1eadp v\u00e0 ki\u1ec3m tra c\u00e1c th\u00f4ng s\u1ed1 tr\u00ean b\u1ea3ng \u0111i\u1ec1u khi\u1ec3n. <ul class=\"wp-block-list\"> <li>\u0110\u1eb7t th\u1eddi gian h\u00fat b\u1ee5i v\u00e0 ni\u00eam phong c\u0169ng nh\u01b0 nhi\u1ec7t \u0111\u1ed9 ni\u00eam phong.<\/li>    <li>C\u00f3 \u0111\u1ed3ng h\u1ed3 \u0111o ch\u00e2n kh\u00f4ng v\u00e0 hi\u1ec3n th\u1ecb th\u1eddi gian h\u00fat b\u1ee5i, h\u00e0n k\u00edn, nhi\u1ec7t \u0111\u1ed9 kh\u00f4ng \u0111\u1ed5i v\u00e0 l\u00e0m m\u00e1t.<\/li> <\/ul> <\/li> <\/ul>    <figure class=\"wp-block-image size-large\"><img loading=\"lazy\" decoding=\"async\" width=\"750\" height=\"500\" src=\"https:\/\/tianhuipackingmachine.com\/wp-content\/uploads\/2021\/12\/the-control-panel-of-rice-brick-vacuum-sealer-750x500.jpg\" alt=\"b\u1ea3ng \u0111i\u1ec1u khi\u1ec3n c\u1ee7a m\u00e1y h\u00fat ch\u00e2n kh\u00f4ng g\u1ea1ch g\u1ea1o\" class=\"wp-image-3859\" srcset=\"https:\/\/tianhuipackingmachine.com\/wp-content\/uploads\/2021\/12\/the-control-panel-of-rice-brick-vacuum-sealer.jpg 750w, https:\/\/tianhuipackingmachine.com\/wp-content\/uploads\/2021\/12\/the-control-panel-of-rice-brick-vacuum-sealer-480x320.jpg 480w\" sizes=\"auto, (max-width: 750px) 100vw, 750px\" \/><figcaption class=\"wp-element-caption\">B\u1ea3ng \u0111i\u1ec1u khi\u1ec3n c\u1ee7a m\u00e1y h\u00fat ch\u00e2n kh\u00f4ng g\u1ea1ch g\u1ea1o<\/figcaption><\/figure>    <ul class=\"wp-block-list\"> <li>Th\u1ee9 hai, bu\u1ed3ng ch\u00e2n kh\u00f4ng c\u1ee7a n\u00f3 \u0111\u01b0\u1ee3c thi\u1ebft k\u1ebf \u0111\u1eb7c bi\u1ec7t \u0111\u1ec3 \u0111\u00f3ng g\u00f3i ch\u00e2n kh\u00f4ng g\u1ea1ch g\u1ea1o.  <ul class=\"wp-block-list\"> <li>Dung l\u01b0\u1ee3ng d\u00e0i h\u01a1n v\u00e0 s\u00e2u h\u01a1n b\u00ecnh th\u01b0\u1eddng <a href=\"https:\/\/tianhuipackingmachine.com\/vi\/single-chamber-vacuum-packaging-machine\/\">m\u00e1y h\u00fat ch\u00e2n kh\u00f4ng bu\u1ed3ng \u0111\u01a1n<\/a>. <\/li>    <li>K\u00edch th\u01b0\u1edbc c\u1ee7a n\u00f3 c\u00f3 th\u1ec3 \u0111\u01b0\u1ee3c t\u00f9y ch\u1ec9nh theo k\u00edch th\u01b0\u1edbc c\u1ee7a t\u00fai ch\u00e2n kh\u00f4ng. <\/li> <\/ul> <\/li>    <li>Th\u1ee9 ba, m\u00e1y h\u00fat ch\u00e2n kh\u00f4ng \u0111\u1ef1ng g\u1ea1o \u0111\u01b0\u1ee3c trang b\u1ecb d\u1ea3i ni\u00eam phong \u1edf m\u1eb7t tr\u01b0\u1edbc v\u00e0 m\u1eb7t sau.  <ul class=\"wp-block-list\"> <li>Hai d\u1ea3i ni\u00eam phong c\u00f3 kh\u1ea3 n\u0103ng x\u1eed l\u00fd l\u1edbn v\u00e0 hi\u1ec7u qu\u1ea3 cao. <\/li> <\/ul> <\/li> <\/ul>    <figure class=\"wp-block-image size-large\"><img loading=\"lazy\" decoding=\"async\" width=\"750\" height=\"500\" src=\"https:\/\/tianhuipackingmachine.com\/wp-content\/uploads\/2021\/12\/two-sealing-strips-in-the-vacuum-chamber-1-750x500.jpg\" alt=\"hai d\u1ea3i ni\u00eam phong trong bu\u1ed3ng ch\u00e2n kh\u00f4ng\" class=\"wp-image-3860\" srcset=\"https:\/\/tianhuipackingmachine.com\/wp-content\/uploads\/2021\/12\/two-sealing-strips-in-the-vacuum-chamber-1.jpg 750w, https:\/\/tianhuipackingmachine.com\/wp-content\/uploads\/2021\/12\/two-sealing-strips-in-the-vacuum-chamber-1-480x320.jpg 480w\" sizes=\"auto, (max-width: 750px) 100vw, 750px\" \/><figcaption class=\"wp-element-caption\">Hai d\u1ea3i ni\u00eam phong trong bu\u1ed3ng ch\u00e2n kh\u00f4ng<\/figcaption><\/figure>    <ul class=\"wp-block-list\"> <li>V\u1ecf acrylic trong su\u1ed1t \u0111\u01b0\u1ee3c \u01b0a chu\u1ed9ng v\u00ec kh\u1ea3 n\u0103ng ch\u1ed1ng va \u0111\u1eadp m\u1ea1nh, \u0111\u1ed9 d\u1ebbo dai t\u1ed1t, hi\u1ec7u su\u1ea5t c\u00e1ch nhi\u1ec7t tuy\u1ec7t v\u1eddi v\u00e0 tr\u1ecdng l\u01b0\u1ee3ng nh\u1eb9. <\/li> <\/ul>    <figure class=\"wp-block-gallery has-nested-images columns-default is-cropped wp-block-gallery-3 is-layout-flex wp-block-gallery-is-layout-flex\"> <figure class=\"wp-block-image size-large\"><img loading=\"lazy\" decoding=\"async\" width=\"750\" height=\"500\" data-id=\"3861\" src=\"https:\/\/tianhuipackingmachine.com\/wp-content\/uploads\/2021\/12\/acrylic-transparent-cover-1-750x500.jpg\" alt=\"b\u00eca acrylic trong su\u1ed1t\" class=\"wp-image-3861\" srcset=\"https:\/\/tianhuipackingmachine.com\/wp-content\/uploads\/2021\/12\/acrylic-transparent-cover-1.jpg 750w, https:\/\/tianhuipackingmachine.com\/wp-content\/uploads\/2021\/12\/acrylic-transparent-cover-1-480x320.jpg 480w\" sizes=\"auto, (max-width: 750px) 100vw, 750px\" \/><figcaption class=\"wp-element-caption\">B\u00eca acrylic trong su\u1ed1t<\/figcaption><\/figure>    <figure class=\"wp-block-image size-large\"><img loading=\"lazy\" decoding=\"async\" width=\"750\" height=\"500\" data-id=\"3862\" src=\"https:\/\/tianhuipackingmachine.com\/wp-content\/uploads\/2021\/12\/suitable-for-various-sizes-of-rice-bricks-1-750x500.jpg\" alt=\"th\u00edch h\u1ee3p cho nhi\u1ec1u k\u00edch c\u1ee1 kh\u00e1c nhau c\u1ee7a g\u1ea1ch g\u1ea1o\" class=\"wp-image-3862\" srcset=\"https:\/\/tianhuipackingmachine.com\/wp-content\/uploads\/2021\/12\/suitable-for-various-sizes-of-rice-bricks-1.jpg 750w, https:\/\/tianhuipackingmachine.com\/wp-content\/uploads\/2021\/12\/suitable-for-various-sizes-of-rice-bricks-1-480x320.jpg 480w\" sizes=\"auto, (max-width: 750px) 100vw, 750px\" \/><figcaption class=\"wp-element-caption\">Th\u00edch h\u1ee3p cho nhi\u1ec1u k\u00edch c\u1ee1 kh\u00e1c nhau c\u1ee7a g\u1ea1ch g\u1ea1o<\/figcaption><\/figure> <\/figure>    <h2 class=\"wp-block-heading\"><strong>M\u00e1y \u0111\u00f3ng g\u00f3i h\u00fat ch\u00e2n kh\u00f4ng g\u1ea1o ho\u1ea1t \u0111\u1ed9ng nh\u01b0 th\u1ebf n\u00e0o?<\/strong><\/h2>    <p>M\u00e1y \u0111\u00f3ng g\u00f3i h\u00fat ch\u00e2n kh\u00f4ng g\u1ea1o ho\u1ea1t \u0111\u1ed9ng b\u1eb1ng c\u00e1ch h\u00fat kh\u00f4ng kh\u00ed ra kh\u1ecfi t\u00fai t\u1ea1o th\u00e0nh ch\u00e2n kh\u00f4ng r\u1ed3i h\u00e0n k\u00edn nhanh ch\u00f3ng.<\/p>    <ul class=\"wp-block-list\"> <li>\u0110\u1ea7u ti\u00ean, g\u1ea1o s\u1ebd t\u1ef1 \u0111\u1ed9ng \u0111\u01b0\u1ee3c n\u1ea1p v\u00e0o bao.<\/li>    <li>Sau \u0111\u00f3 m\u00e1y b\u1eaft \u0111\u1ea7u h\u00fat kh\u00f4ng kh\u00ed ra t\u1ea1o th\u00e0nh \u00e1p su\u1ea5t \u00e2m b\u00ean trong t\u00fai, l\u00e0m gi\u1ea3m h\u00e0m l\u01b0\u1ee3ng oxy.<\/li>    <li>Cu\u1ed1i c\u00f9ng, m\u00e1y s\u1ebd h\u00e0n nhi\u1ec7t mi\u1ec7ng t\u00fai \u0111\u1ec3 \u0111\u1ea3m b\u1ea3o \u0111\u1ed9 k\u00edn v\u00e0 k\u00e9o d\u00e0i th\u1eddi gian s\u1eed d\u1ee5ng c\u1ee7a g\u1ea1o.<\/li> <\/ul>    <p>To\u00e0n b\u1ed9 qu\u00e1 tr\u00ecnh \u0111\u01b0\u1ee3c t\u1ef1 \u0111\u1ed9ng h\u00f3a cao, v\u1eadn h\u00e0nh \u0111\u01a1n gi\u1ea3n v\u00e0 hi\u1ec7u qu\u1ea3 cao. M\u00e1y ph\u00f9 h\u1ee3p cho c\u00e1c doanh nghi\u1ec7p ch\u1ebf bi\u1ebfn g\u1ea1o v\u1eeba v\u00e0 nh\u1ecf.<\/p>   <figure class=\"wp-block-embed-youtube wp-block-embed is-type-video is-provider-youtube wp-embed-aspect-16-9 wp-has-aspect-ratio\"><div class=\"lyte-wrapper\" title=\"M\u00e1y h\u00fat ch\u00e2n kh\u00f4ng cho g\u00f3i h\u1ea3i s\u1ea3n Maroc | Ki\u1ec3m tra m\u00e1y \u0111\u00f3ng g\u00f3i ch\u00e2n kh\u00f4ng t\u1ea1i nh\u00e0 m\u00e1y\" style=\"width:853px;max-width:100%;margin:5px auto;\"><div class=\"lyMe\" id=\"WYL_2r2CLlFwGMk\" itemprop=\"video\" itemscope itemtype=\"https:\/\/schema.org\/VideoObject\"><div><meta itemprop=\"thumbnailUrl\" content=\"https:\/\/i.ytimg.com\/vi\/2r2CLlFwGMk\/hqdefault.jpg\" \/><meta itemprop=\"embedURL\" content=\"https:\/\/www.youtube.com\/embed\/2r2CLlFwGMk\" \/><meta itemprop=\"duration\" content=\"PT1M30S\" \/><meta itemprop=\"uploadDate\" content=\"2024-07-31T03:18:23Z\" \/><\/div><div id=\"lyte_2r2CLlFwGMk\" data-src=\"https:\/\/i.ytimg.com\/vi\/2r2CLlFwGMk\/hqdefault.jpg\" class=\"pL\"><div class=\"tC\"><div class=\"tT\" itemprop=\"name\">M\u00e1y h\u00fat ch\u00e2n kh\u00f4ng cho g\u00f3i h\u1ea3i s\u1ea3n Maroc | Ki\u1ec3m tra m\u00e1y \u0111\u00f3ng g\u00f3i ch\u00e2n kh\u00f4ng t\u1ea1i nh\u00e0 m\u00e1y<\/div><\/div><div class=\"play\"><\/div><div class=\"ctrl\"><div class=\"Lctrl\"><\/div><div class=\"Rctrl\"><\/div><\/div><\/div><noscript><a href=\"https:\/\/youtu.be\/2r2CLlFwGMk\" rel=\"nofollow noopener\" target=\"_blank\"><img loading=\"lazy\" decoding=\"async\" src=\"https:\/\/i.ytimg.com\/vi\/2r2CLlFwGMk\/0.jpg\" alt=\"M\u00e1y h\u00fat ch\u00e2n kh\u00f4ng cho g\u00f3i h\u1ea3i s\u1ea3n Maroc | Ki\u1ec3m tra m\u00e1y \u0111\u00f3ng g\u00f3i ch\u00e2n kh\u00f4ng t\u1ea1i nh\u00e0 m\u00e1y\" width=\"853\" height=\"460\" \/><\/a><\/noscript><meta itemprop=\"description\" content=\"WhatsApp No.: https:\/\/wa.me\/+8613673689272 WeChat\/Tel No.:+8613673689272 Email: sales@tianhuipackingmachine.com Website: https:\/\/tianhuipackingmachine.com\/double-chamber-vacuum-packaging-machine\/ In this video, we show the trial process of the vacuum packaging machine customized for Moroccan customers. This vacuum sealer will be used for seafood packaging to ensure that seafood remains fresh and high quality during transportation and storage. Through the trial machine, we verified the performance and effect of the machine to ensure that it can meet the needs of customers. Thank you for your trust and support, and hope that this vacuum packing machine can help their seafood business flourish. WhatsApp No.: https:\/\/wa.me\/+8613673689272 WeChat\/Tel No.:+8613673689272 Email: sales@tianhuipackingmachine.com Website: https:\/\/tianhuipackingmachine.com\/double-chamber-vacuum-packaging-machine\/\"><\/div><\/div><div class=\"lL\" style=\"max-width:100%;width:853px;margin:5px auto;\"> <a href=\"https:\/\/youtu.be\/2r2CLlFwGMk\" target=\"_blank\" rel=\"noopener\">Xem video n\u00e0y tr\u00ean YouTube<\/a>.<\/div><figcaption>video m\u00e1y h\u00fat ch\u00e2n kh\u00f4ng<\/figcaption><\/figure>   <h2 class=\"wp-block-heading\"><strong>M\u00e1y h\u00fat ch\u00e2n kh\u00f4ng \u0111\u1ef1ng g\u1ea1o gi\u00e1 bao nhi\u00eau?<\/strong><\/h2>    <p>Gi\u00e1 m\u00e1y \u0111\u00f3ng g\u00f3i h\u00fat ch\u00e2n kh\u00f4ng g\u1ea1ch g\u1ea1o Shuliy dao \u0111\u1ed9ng t\u00f9y theo c\u00f4ng su\u1ea5t, th\u01b0\u01a1ng hi\u1ec7u, c\u1ea5u h\u00ecnh, d\u1ecbch v\u1ee5 h\u1eadu m\u00e3i,\u2026<\/p>    <p>Gi\u00e1 c\u1ee7a m\u00e1y s\u1ea3n xu\u1ea5t l\u1edbn cao h\u01a1n m\u00e1y nh\u1ecf. Gi\u00e1 c\u0169ng c\u00f3 th\u1ec3 t\u0103ng th\u00eam n\u1ebfu c\u00f3 nhu c\u1ea7u \u0111\u00f3ng g\u00f3i \u0111\u1eb7c bi\u1ec7t ho\u1eb7c t\u00f9y ch\u1ec9nh.<\/p>    <p>B\u1ea1n mu\u1ed1n b\u00e1o gi\u00e1 m\u00e1y chi ti\u1ebft? H\u00e3y nhanh tay li\u00ean h\u1ec7 v\u1edbi ch\u00fang t\u00f4i, ch\u00fang t\u00f4i s\u1ebd cung c\u1ea5p cho b\u1ea1n b\u00e1o gi\u00e1 chi ti\u1ebft.<\/p>    <figure class=\"wp-block-image size-large\"><img loading=\"lazy\" decoding=\"async\" width=\"750\" height=\"500\" src=\"https:\/\/tianhuipackingmachine.com\/wp-content\/uploads\/2021\/12\/the-rice-vacuum-sealer-display-750x500.jpg\" alt=\"m\u00e0n h\u00ecnh m\u00e1y h\u00fat ch\u00e2n kh\u00f4ng g\u1ea1o\" class=\"wp-image-4625\" srcset=\"https:\/\/tianhuipackingmachine.com\/wp-content\/uploads\/2021\/12\/the-rice-vacuum-sealer-display.jpg 750w, https:\/\/tianhuipackingmachine.com\/wp-content\/uploads\/2021\/12\/the-rice-vacuum-sealer-display-480x320.jpg 480w\" sizes=\"auto, (max-width: 750px) 100vw, 750px\" \/><figcaption class=\"wp-element-caption\">M\u00e0n h\u00ecnh m\u00e1y h\u00fat ch\u00e2n kh\u00f4ng g\u1ea1o<\/figcaption><\/figure>    <h2 class=\"wp-block-heading\"><strong>H\u00e3y t\u00ecm hi\u1ec3u v\u1ec1 m\u00e1y \u0111\u00f3ng g\u00f3i ch\u00e2n kh\u00f4ng ngay b\u00e2y gi\u1edd!<\/strong><\/h2>    <p>B\u1ea1n c\u00f3 mu\u1ed1n b\u1ea3o qu\u1ea3n th\u1ef1c ph\u1ea9m c\u1ee7a m\u00ecnh l\u00e2u h\u01a1n kh\u00f4ng? N\u1ebfu v\u1eady, h\u00e3y li\u00ean h\u1ec7 v\u1edbi ch\u00fang t\u00f4i ngay b\u00e2y gi\u1edd! Ch\u00fang t\u00f4i s\u1ebd cung c\u1ea5p cho b\u1ea1n b\u00e1o gi\u00e1 t\u1ed1t nh\u1ea5t cho nhu c\u1ea7u c\u1ee7a b\u1ea1n!<\/p>","protected":false},"excerpt":{"rendered":"<p>M\u00e1y \u0111\u00f3ng g\u00f3i ch\u00e2n kh\u00f4ng g\u1ea1o Shuliy l\u00e0 m\u00e1y \u0111\u00f3ng g\u00f3i ch\u00e2n kh\u00f4ng chuy\u00ean d\u1ee5ng \u0111\u1ec3 h\u00fat b\u1ee5i g\u1ea1o v\u1edbi h\u00ecnh d\u1ea1ng vi\u00ean g\u1ea1ch v\u00e0 tr\u1ecdng l\u01b0\u1ee3ng 0,5-20kg m\u1ed7i vi\u00ean g\u1ea1ch. <\/p>","protected":false},"author":1,"featured_media":3870,"parent":0,"template":"","tags":[218,194],"product-type":[140],"class_list":["post-5685","product","type-product","status-publish","has-post-thumbnail","hentry","tag-rice-vacuum-packing","tag-vacuum-packing-machine","product-type-vacuum-packaging-machines"],"_links":{"self":[{"href":"https:\/\/tianhuipackingmachine.com\/vi\/wp-json\/wp\/v2\/product\/5685","targetHints":{"allow":["GET"]}}],"collection":[{"href":"https:\/\/tianhuipackingmachine.com\/vi\/wp-json\/wp\/v2\/product"}],"about":[{"href":"https:\/\/tianhuipackingmachine.com\/vi\/wp-json\/wp\/v2\/types\/product"}],"author":[{"embeddable":true,"href":"https:\/\/tianhuipackingmachine.com\/vi\/wp-json\/wp\/v2\/users\/1"}],"wp:featuredmedia":[{"embeddable":true,"href":"https:\/\/tianhuipackingmachine.com\/vi\/wp-json\/wp\/v2\/media\/3870"}],"wp:attachment":[{"href":"https:\/\/tianhuipackingmachine.com\/vi\/wp-json\/wp\/v2\/media?parent=5685"}],"wp:term":[{"taxonomy":"post_tag","embeddable":true,"href":"https:\/\/tianhuipackingmachine.com\/vi\/wp-json\/wp\/v2\/tags?post=5685"},{"taxonomy":"product-type","embeddable":true,"href":"https:\/\/tianhuipackingmachine.com\/vi\/wp-json\/wp\/v2\/product-type?post=5685"}],"curies":[{"name":"wp","href":"https:\/\/api.w.org\/{rel}","templated":true}]}}