{"id":5538,"date":"2022-04-15T09:55:05","date_gmt":"2022-04-15T01:55:05","guid":{"rendered":"http:\/\/tianhuipackingmachine.local\/?post_type=product&#038;p=5538"},"modified":"2022-06-21T11:32:08","modified_gmt":"2022-06-21T03:32:08","slug":"non-food-packaging-solution-2","status":"publish","type":"product","link":"https:\/\/tianhuipackingmachine.com\/vi\/non-food-packaging-solution\/","title":{"rendered":"Gi\u1ea3i ph\u00e1p \u0111\u00f3ng g\u00f3i phi th\u1ef1c ph\u1ea9m"},"content":{"rendered":"<p>C\u00d4NG TY TNHH M\u00c1Y \u0110\u00d3NG G\u00d3I HENAN TOP cung c\u1ea5p nhi\u1ec1u gi\u1ea3i ph\u00e1p \u0111\u00f3ng g\u00f3i phi th\u1ef1c ph\u1ea9m cho c\u00e1c s\u1ea3n ph\u1ea9m kh\u00e1c nhau (ph\u1ea7n c\u1ee9ng, s\u1ea3n ph\u1ea9m d\u00f9ng m\u1ed9t l\u1ea7n, v\u1eadt ph\u1ea9m y t\u1ebf, v.v. C\u00e1c lo\u1ea1i t\u00fai \u0111\u00f3ng g\u00f3i bao g\u1ed3m t\u00fai d\u1ea1ng que, t\u00fai d\u00e1n k\u00edn \u1edf gi\u1eefa, t\u00fai d\u00e1n 3 m\u1eb7t, 4- t\u00fai ni\u00eam phong b\u00ean, t\u00fai li\u00ean t\u1ee5c, t\u00fai h\u00ecnh tam gi\u00e1c, t\u00fai \u0111\u1ee9ng, t\u00fai c\u00f3 l\u1ed7, t\u00fai d\u1ec5 r\u00e1ch, t\u00fai c\u1eaft ph\u1eb3ng, t\u00fai c\u1eaft r\u0103ng c\u01b0a, t\u00fai g\u00f3c tr\u00f2n, t\u00fai ph\u1eb3ng, b\u1ecdc co nhi\u1ec7t, v.v.<\/p>","protected":false},"excerpt":{"rendered":"<p>HENAN TOP PACKING MACHINERY CO., LTD supplies various non-food packaging solutions for different products ( hardware, disposable products, medical articles, etc. Packaging bag types include the stick bag, back center seal pouch, 3-side seal sachet, 4-side seal bag, continuous bags, gusset pouch, stand up bag, pouch with a hole, pouch easy to tear, flat cutting [&hellip;]<\/p>\n","protected":false},"author":1,"featured_media":0,"parent":0,"template":"","tags":[],"product-type":[135],"class_list":["post-5538","product","type-product","status-publish","hentry","product-type-solutions"],"_links":{"self":[{"href":"https:\/\/tianhuipackingmachine.com\/vi\/wp-json\/wp\/v2\/product\/5538","targetHints":{"allow":["GET"]}}],"collection":[{"href":"https:\/\/tianhuipackingmachine.com\/vi\/wp-json\/wp\/v2\/product"}],"about":[{"href":"https:\/\/tianhuipackingmachine.com\/vi\/wp-json\/wp\/v2\/types\/product"}],"author":[{"embeddable":true,"href":"https:\/\/tianhuipackingmachine.com\/vi\/wp-json\/wp\/v2\/users\/1"}],"wp:attachment":[{"href":"https:\/\/tianhuipackingmachine.com\/vi\/wp-json\/wp\/v2\/media?parent=5538"}],"wp:term":[{"taxonomy":"post_tag","embeddable":true,"href":"https:\/\/tianhuipackingmachine.com\/vi\/wp-json\/wp\/v2\/tags?post=5538"},{"taxonomy":"product-type","embeddable":true,"href":"https:\/\/tianhuipackingmachine.com\/vi\/wp-json\/wp\/v2\/product-type?post=5538"}],"curies":[{"name":"wp","href":"https:\/\/api.w.org\/{rel}","templated":true}]}}