{"id":5537,"date":"2022-04-15T09:52:16","date_gmt":"2022-04-15T01:52:16","guid":{"rendered":"http:\/\/tianhuipackingmachine.local\/?post_type=product&#038;p=5537"},"modified":"2022-12-01T15:33:48","modified_gmt":"2022-12-01T07:33:48","slug":"fresh-food-packaging-solution-2","status":"publish","type":"product","link":"https:\/\/tianhuipackingmachine.com\/vi\/fresh-food-packaging-solution\/","title":{"rendered":"Gi\u1ea3i ph\u00e1p \u0111\u00f3ng g\u00f3i th\u1ef1c ph\u1ea9m t\u01b0\u01a1i s\u1ed1ng"},"content":{"rendered":"<p>C\u00d4NG TY TNHH M\u00c1Y \u0110\u00d3NG G\u00d3I HENAN TOP cung c\u1ea5p nhi\u1ec1u gi\u1ea3i ph\u00e1p \u0111\u00f3ng g\u00f3i th\u1ef1c ph\u1ea9m t\u01b0\u01a1i s\u1ed1ng cho c\u00e1c s\u1ea3n ph\u1ea9m kh\u00e1c nhau nh\u01b0 rau, tr\u00e1i c\u00e2y, th\u1ecbt, th\u1ecbt gia c\u1ea7m, h\u1ea3i s\u1ea3n, v.v. \u0110\u1ed9i ng\u0169 chuy\u00ean nghi\u1ec7p c\u1ee7a ch\u00fang t\u00f4i s\u1ebd thi\u1ebft k\u1ebf v\u00e0 s\u1ea3n xu\u1ea5t thi\u1ebft b\u1ecb \u0111\u00f3ng g\u00f3i th\u1ef1c ph\u1ea9m t\u01b0\u01a1i s\u1ed1ng theo \u0111\u1eb7c t\u00ednh c\u1ee7a th\u1ef1c ph\u1ea9m t\u01b0\u01a1i s\u1ed1ng c\u1ee5 th\u1ec3 v\u00e0 c\u00e1c nhu c\u1ea7u kh\u00e1c. V\u00ed d\u1ee5, n\u00f3 \u0111\u1ec1 c\u1eadp \u0111\u1ebfn k\u00edch th\u01b0\u1edbc c\u1ee7a th\u1ef1c ph\u1ea9m, \u0111\u00f3ng g\u00f3i tr\u1ef1c ti\u1ebfp ho\u1eb7c b\u1eb1ng h\u1ed9p, \u0111\u00f3ng g\u00f3i ch\u00e2n kh\u00f4ng hay kh\u00f4ng, v.v. C\u00e1c lo\u1ea1i bao b\u00ec cu\u1ed1i c\u00f9ng bao g\u1ed3m t\u00fai ni\u00eam phong ph\u00eda sau, t\u00fai h\u00ecnh tam gi\u00e1c, t\u00fai \u0111\u1ee9ng, bao b\u00ec t\u00fai ch\u00e2n kh\u00f4ng, v.v.<\/p>","protected":false},"excerpt":{"rendered":"<p>HENAN TOP PACKING MACHINERY CO., LTD provides various fresh food packaging solutions for different products, such as vegetables, fruits, meat, poultry, seafood, etc. Our professional team will design and manufacture the fresh food packing equipment according to the properties of the specific fresh food and other demands. For instance, it refers to the size of [&hellip;]<\/p>\n","protected":false},"author":1,"featured_media":0,"parent":0,"template":"","tags":[],"product-type":[135],"class_list":["post-5537","product","type-product","status-publish","hentry","product-type-solutions"],"_links":{"self":[{"href":"https:\/\/tianhuipackingmachine.com\/vi\/wp-json\/wp\/v2\/product\/5537","targetHints":{"allow":["GET"]}}],"collection":[{"href":"https:\/\/tianhuipackingmachine.com\/vi\/wp-json\/wp\/v2\/product"}],"about":[{"href":"https:\/\/tianhuipackingmachine.com\/vi\/wp-json\/wp\/v2\/types\/product"}],"author":[{"embeddable":true,"href":"https:\/\/tianhuipackingmachine.com\/vi\/wp-json\/wp\/v2\/users\/1"}],"wp:attachment":[{"href":"https:\/\/tianhuipackingmachine.com\/vi\/wp-json\/wp\/v2\/media?parent=5537"}],"wp:term":[{"taxonomy":"post_tag","embeddable":true,"href":"https:\/\/tianhuipackingmachine.com\/vi\/wp-json\/wp\/v2\/tags?post=5537"},{"taxonomy":"product-type","embeddable":true,"href":"https:\/\/tianhuipackingmachine.com\/vi\/wp-json\/wp\/v2\/product-type?post=5537"}],"curies":[{"name":"wp","href":"https:\/\/api.w.org\/{rel}","templated":true}]}}