{"id":5536,"date":"2022-04-15T09:51:58","date_gmt":"2022-04-15T01:51:58","guid":{"rendered":"http:\/\/tianhuipackingmachine.local\/?post_type=product&#038;p=5536"},"modified":"2023-01-12T14:23:28","modified_gmt":"2023-01-12T06:23:28","slug":"food-packaging-solution-2","status":"publish","type":"product","link":"https:\/\/tianhuipackingmachine.com\/vi\/food-packaging-solution-2\/","title":{"rendered":"Gi\u1ea3i ph\u00e1p \u0111\u00f3ng g\u00f3i th\u1ef1c ph\u1ea9m"},"content":{"rendered":"<p>C\u00d4NG TY TNHH M\u00c1Y \u0110\u00d3NG G\u00d3I HENAN TOP cung c\u1ea5p nhi\u1ec1u gi\u1ea3i ph\u00e1p \u0111\u00f3ng g\u00f3i th\u1ef1c ph\u1ea9m, ch\u1eb3ng h\u1ea1n nh\u01b0 cho b\u00e1nh m\u00ec, b\u00e1nh m\u00ec, b\u00e1nh quy, s\u00f4 c\u00f4 la, v.v. Ph\u01b0\u01a1ng ph\u00e1p c\u00e2n b\u1eb1ng c\u1ed1c \u0111o, c\u00e2n 2 \u0111\u1ea7u, c\u00e2n 4 \u0111\u1ea7u, k\u1ebft h\u1ee3p nhi\u1ec1u \u0111\u1ea7u c\u00e2n \u0111i\u1ec7n t\u1eed ho\u1eb7c c\u00e2n \u0111\u1ecbnh l\u01b0\u1ee3ng b\u1eb1ng \u0111i\u1ec7n. C\u00e1c lo\u1ea1i t\u00fai \u0111\u00f3ng g\u00f3i bao g\u1ed3m t\u00fai d\u00e1n k\u00edn ph\u00eda sau, t\u00fai d\u00e1n 3 m\u1eb7t, t\u00fai 4 m\u1eb7t, t\u00fai li\u00ean t\u1ee5c, t\u00fai h\u00ecnh tam gi\u00e1c, t\u00fai \u0111\u1ee9ng, t\u00fai c\u00f3 l\u1ed7, t\u00fai c\u1eaft ph\u1eb3ng, t\u00fai c\u1eaft r\u0103ng c\u01b0a, t\u00fai ph\u1eb3ng, g\u00f3c tr\u00f2n t\u00fai, t\u00fai n\u1ea1p nit\u01a1, v.v.<\/p>","protected":false},"excerpt":{"rendered":"<p>HENAN TOP PACKING MACHINERY CO., LTD provides a wide range of food packaging solutions, such as for bread, bakery, biscuit, chocolate, etc. The weighting method adopts measuring cup, 2 head weigher, 4-head weigher, multi-head combination scale, or electric quantitative weighing. The packaging bag types include the back center seal bag, 3-side seal pouch, 4-side sachet, [&hellip;]<\/p>\n","protected":false},"author":1,"featured_media":0,"parent":0,"template":"","tags":[],"product-type":[135],"class_list":["post-5536","product","type-product","status-publish","hentry","product-type-solutions"],"_links":{"self":[{"href":"https:\/\/tianhuipackingmachine.com\/vi\/wp-json\/wp\/v2\/product\/5536","targetHints":{"allow":["GET"]}}],"collection":[{"href":"https:\/\/tianhuipackingmachine.com\/vi\/wp-json\/wp\/v2\/product"}],"about":[{"href":"https:\/\/tianhuipackingmachine.com\/vi\/wp-json\/wp\/v2\/types\/product"}],"author":[{"embeddable":true,"href":"https:\/\/tianhuipackingmachine.com\/vi\/wp-json\/wp\/v2\/users\/1"}],"wp:attachment":[{"href":"https:\/\/tianhuipackingmachine.com\/vi\/wp-json\/wp\/v2\/media?parent=5536"}],"wp:term":[{"taxonomy":"post_tag","embeddable":true,"href":"https:\/\/tianhuipackingmachine.com\/vi\/wp-json\/wp\/v2\/tags?post=5536"},{"taxonomy":"product-type","embeddable":true,"href":"https:\/\/tianhuipackingmachine.com\/vi\/wp-json\/wp\/v2\/product-type?post=5536"}],"curies":[{"name":"wp","href":"https:\/\/api.w.org\/{rel}","templated":true}]}}