{"id":5535,"date":"2022-04-15T09:51:38","date_gmt":"2022-04-15T01:51:38","guid":{"rendered":"http:\/\/tianhuipackingmachine.local\/?post_type=product&#038;p=5535"},"modified":"2022-09-28T18:40:31","modified_gmt":"2022-09-28T10:40:31","slug":"liquid-paste-packaging-solution-2","status":"publish","type":"product","link":"https:\/\/tianhuipackingmachine.com\/vi\/liquid-paste-packaging-solution\/","title":{"rendered":"Gi\u1ea3i ph\u00e1p \u0111\u00f3ng g\u00f3i d\u1ea1ng l\u1ecfng\/d\u00e1n"},"content":{"rendered":"<p>C\u00d4NG TY TNHH M\u00c1Y \u0110\u00d3NG G\u00d3I HENAN TOP cung c\u1ea5p nhi\u1ec1u gi\u1ea3i ph\u00e1p \u0111\u00f3ng g\u00f3i ch\u1ea5t l\u1ecfng v\u00e0 b\u1ed9t nh\u00e3o cho c\u00e1c ch\u1ea5t l\u1ecfng v\u00e0 s\u1ea3n ph\u1ea9m b\u1ed9t nh\u00e3o kh\u00e1c nhau. \u0110\u1ed9i ng\u0169 chuy\u00ean nghi\u1ec7p c\u1ee7a ch\u00fang t\u00f4i s\u1ebd thi\u1ebft k\u1ebf v\u00e0 s\u1ea3n xu\u1ea5t thi\u1ebft b\u1ecb \u0111\u00f3ng g\u00f3i ch\u1ea5t l\u1ecfng v\u00e0 b\u1ed9t nh\u00e3o theo \u0111\u1eb7c t\u00ednh c\u1ee7a ch\u1ea5t l\u1ecfng, b\u1ed9t nh\u00e3o c\u1ee5 th\u1ec3 v\u00e0 c\u00e1c nhu c\u1ea7u kh\u00e1c. V\u00ed d\u1ee5: n\u00f3 \u0111\u1ec1 c\u1eadp \u0111\u1ebfn t\u00ednh thanh kho\u1ea3n, \u0111\u1ed9 nh\u1edbt, tr\u1ecdng l\u01b0\u1ee3ng bao b\u00ec, \u0111\u00f3ng g\u00f3i ho\u1eb7c \u0111\u00f3ng chai, v.v. C\u00e1c lo\u1ea1i bao b\u00ec cu\u1ed1i c\u00f9ng bao g\u1ed3m t\u00fai d\u00e1n k\u00edn ph\u00eda sau, t\u00fai d\u00e1n 3 c\u1ea1nh, t\u00fai d\u00e1n 4 c\u1ea1nh, t\u00fai c\u1eaft ph\u1eb3ng, t\u00fai \u0111\u1ee9ng, t\u00fai c\u00f3 v\u00f2i, t\u00fai kh\u00f4ng \u0111\u1ec1u, chai, lon, c\u1ed1c, v.v.<\/p>","protected":false},"excerpt":{"rendered":"<p>HENAN TOP PACKING MACHINERY CO., LTD provides a lot of liquid and paste packing solutions for different liquids and paste products. Our professional team will design and manufacture the liquid and paste packing equipment according to the properties of the specific liquid, paste, and other demands. For instance, it refers to liquidity, viscosity, packaging weight, [&hellip;]<\/p>\n","protected":false},"author":1,"featured_media":0,"parent":0,"template":"","tags":[],"product-type":[135],"class_list":["post-5535","product","type-product","status-publish","hentry","product-type-solutions"],"_links":{"self":[{"href":"https:\/\/tianhuipackingmachine.com\/vi\/wp-json\/wp\/v2\/product\/5535","targetHints":{"allow":["GET"]}}],"collection":[{"href":"https:\/\/tianhuipackingmachine.com\/vi\/wp-json\/wp\/v2\/product"}],"about":[{"href":"https:\/\/tianhuipackingmachine.com\/vi\/wp-json\/wp\/v2\/types\/product"}],"author":[{"embeddable":true,"href":"https:\/\/tianhuipackingmachine.com\/vi\/wp-json\/wp\/v2\/users\/1"}],"wp:attachment":[{"href":"https:\/\/tianhuipackingmachine.com\/vi\/wp-json\/wp\/v2\/media?parent=5535"}],"wp:term":[{"taxonomy":"post_tag","embeddable":true,"href":"https:\/\/tianhuipackingmachine.com\/vi\/wp-json\/wp\/v2\/tags?post=5535"},{"taxonomy":"product-type","embeddable":true,"href":"https:\/\/tianhuipackingmachine.com\/vi\/wp-json\/wp\/v2\/product-type?post=5535"}],"curies":[{"name":"wp","href":"https:\/\/api.w.org\/{rel}","templated":true}]}}