{"id":5534,"date":"2022-04-15T09:51:10","date_gmt":"2022-04-15T01:51:10","guid":{"rendered":"http:\/\/tianhuipackingmachine.local\/?post_type=product&#038;p=5534"},"modified":"2022-06-21T10:51:05","modified_gmt":"2022-06-21T02:51:05","slug":"powder-packaging-solution-2","status":"publish","type":"product","link":"https:\/\/tianhuipackingmachine.com\/vi\/powder-packaging-solution\/","title":{"rendered":"Gi\u1ea3i ph\u00e1p \u0111\u00f3ng g\u00f3i b\u1ed9t"},"content":{"rendered":"<p>C\u00d4NG TY TNHH M\u00c1Y \u0110\u00d3NG G\u00d3I HENAN TOP cung c\u1ea5p c\u00e1c gi\u1ea3i ph\u00e1p \u0111\u00f3ng g\u00f3i b\u1ed9t kh\u00e1c nhau cho c\u00e1c s\u1ea3n ph\u1ea9m b\u1ed9t kh\u00e1c nhau. \u0110\u1ed9i ng\u0169 chuy\u00ean nghi\u1ec7p c\u1ee7a ch\u00fang t\u00f4i s\u1ebd thi\u1ebft k\u1ebf v\u00e0 s\u1ea3n xu\u1ea5t thi\u1ebft b\u1ecb \u0111\u00f3ng g\u00f3i b\u1ed9t theo \u0111\u1eb7c t\u00ednh c\u1ee7a lo\u1ea1i b\u1ed9t c\u1ee5 th\u1ec3 v\u00e0 c\u00e1c nhu c\u1ea7u kh\u00e1c. V\u00ed d\u1ee5, n\u00f3 \u0111\u1ec1 c\u1eadp \u0111\u1ebfn \u0111\u1ed9 m\u1ecbn, \u0111\u1ed9 nh\u1edbt, tr\u1ecdng l\u01b0\u1ee3ng bao b\u00ec, lo\u1ea1i t\u00fai \u0111\u00f3ng g\u00f3i, v.v. C\u00e1c t\u00fai \u0111\u00f3ng g\u00f3i cu\u1ed1i c\u00f9ng c\u00f3 r\u1ea5t nhi\u1ec1u t\u00f9y ch\u1ecdn, bao g\u1ed3m t\u00fai d\u00ednh, t\u00fai ni\u00eam phong \u1edf gi\u1eefa, t\u00fai ni\u00eam phong 3 m\u1eb7t, t\u00fai 4 m\u1eb7t, t\u00fai li\u00ean t\u1ee5c, t\u00fai h\u00ecnh tam gi\u00e1c, t\u00fai \u0111\u1ee9ng, t\u00fai c\u00f3 l\u1ed7, t\u00fai d\u1ec5 r\u00e1ch, t\u00fai c\u1eaft ph\u1eb3ng, t\u00fai c\u1eaft r\u0103ng c\u01b0a, t\u00fai ph\u1eb3ng, t\u00fai g\u00f3c tr\u00f2n, t\u00fai d\u1ec7t, v.v.<\/p>","protected":false},"excerpt":{"rendered":"<p>HENAN TOP PACKING MACHINERY CO., LTD provides various powder packing solutions for different powder products. Our professional team will design and manufacture the powder packing equipment according to the properties of the specific powder and other demands. For instance, it refers to the fineness, viscosity, packaging weight, the types of the packaging bag, and so [&hellip;]<\/p>\n","protected":false},"author":1,"featured_media":0,"parent":0,"template":"","tags":[],"product-type":[135],"class_list":["post-5534","product","type-product","status-publish","hentry","product-type-solutions"],"_links":{"self":[{"href":"https:\/\/tianhuipackingmachine.com\/vi\/wp-json\/wp\/v2\/product\/5534","targetHints":{"allow":["GET"]}}],"collection":[{"href":"https:\/\/tianhuipackingmachine.com\/vi\/wp-json\/wp\/v2\/product"}],"about":[{"href":"https:\/\/tianhuipackingmachine.com\/vi\/wp-json\/wp\/v2\/types\/product"}],"author":[{"embeddable":true,"href":"https:\/\/tianhuipackingmachine.com\/vi\/wp-json\/wp\/v2\/users\/1"}],"wp:attachment":[{"href":"https:\/\/tianhuipackingmachine.com\/vi\/wp-json\/wp\/v2\/media?parent=5534"}],"wp:term":[{"taxonomy":"post_tag","embeddable":true,"href":"https:\/\/tianhuipackingmachine.com\/vi\/wp-json\/wp\/v2\/tags?post=5534"},{"taxonomy":"product-type","embeddable":true,"href":"https:\/\/tianhuipackingmachine.com\/vi\/wp-json\/wp\/v2\/product-type?post=5534"}],"curies":[{"name":"wp","href":"https:\/\/api.w.org\/{rel}","templated":true}]}}