{"id":5526,"date":"2022-04-14T10:52:52","date_gmt":"2022-04-14T02:52:52","guid":{"rendered":"http:\/\/tianhuipackingmachine.local\/?post_type=product&#038;p=5526"},"modified":"2022-06-21T11:26:49","modified_gmt":"2022-06-21T03:26:49","slug":"granule-food-packaging-solution-3","status":"publish","type":"product","link":"https:\/\/tianhuipackingmachine.com\/vi\/granule-food-packaging-solution\/","title":{"rendered":"Gi\u1ea3i ph\u00e1p \u0111\u00f3ng g\u00f3i th\u1ef1c ph\u1ea9m d\u1ea1ng h\u1ea1t"},"content":{"rendered":"<p>C\u00d4NG TY TNHH M\u00c1Y \u0110\u00d3NG G\u00d3I HENAN TOP cung c\u1ea5p c\u00e1c gi\u1ea3i ph\u00e1p \u0111\u00f3ng g\u00f3i d\u1ea1ng h\u1ea1t kh\u00e1c nhau cho c\u00e1c s\u1ea3n ph\u1ea9m d\u1ea1ng h\u1ea1t kh\u00e1c nhau. H\u1ec7 th\u1ed1ng c\u00e2n c\u00f3 c\u1ed1c \u0111ong, c\u00e2n \u0111\u1ecbnh l\u01b0\u1ee3ng 2 \u0111\u1ea7u, c\u00e2n \u0111\u1ecbnh l\u01b0\u1ee3ng 4 \u0111\u1ea7u, c\u00e2n k\u1ebft h\u1ee3p nhi\u1ec1u \u0111\u1ea7u, c\u00e2n \u0111\u1ecbnh l\u01b0\u1ee3ng \u0111i\u1ec7n t\u1eed t\u00f9y ch\u1ecdn. C\u00e1c lo\u1ea1i t\u00fai \u0111\u00f3ng g\u00f3i bao g\u1ed3m t\u00fai d\u00ednh, t\u00fai d\u00e1n trung t\u00e2m ph\u00eda sau, t\u00fai d\u00e1n 3 m\u1eb7t, t\u00fai d\u00e1n 4 m\u1eb7t, t\u00fai li\u00ean t\u1ee5c, t\u00fai h\u00ecnh tam gi\u00e1c, t\u00fai \u0111\u1ee9ng, t\u00fai c\u00f3 l\u1ed7, t\u00fai d\u1ec5 x\u00e9, t\u00fai c\u1eaft ph\u1eb3ng, r\u0103ng c\u01b0a t\u00fai c\u1eaft, t\u00fai g\u00f3c tr\u00f2n, t\u00fai ph\u1eb3ng, t\u00fai n\u1ea1p nit\u01a1, v.v.<\/p>","protected":false},"excerpt":{"rendered":"<p>HENAN TOP PACKING MACHINERY CO., LTD supplies various granule packaging solutions for different granule products. The weighing system has the measuring cup, 2 head weigher, 4-head weigher, multi-head combination scale, electric quantitative weighing optional. Packaging bag types include the stick bag, back center seal pouch, 3-side seal sachet, 4-side seal bag, continuous bags, gusset pouch, [&hellip;]<\/p>\n","protected":false},"author":1,"featured_media":0,"parent":0,"template":"","tags":[],"product-type":[135],"class_list":["post-5526","product","type-product","status-publish","hentry","product-type-solutions"],"_links":{"self":[{"href":"https:\/\/tianhuipackingmachine.com\/vi\/wp-json\/wp\/v2\/product\/5526","targetHints":{"allow":["GET"]}}],"collection":[{"href":"https:\/\/tianhuipackingmachine.com\/vi\/wp-json\/wp\/v2\/product"}],"about":[{"href":"https:\/\/tianhuipackingmachine.com\/vi\/wp-json\/wp\/v2\/types\/product"}],"author":[{"embeddable":true,"href":"https:\/\/tianhuipackingmachine.com\/vi\/wp-json\/wp\/v2\/users\/1"}],"wp:attachment":[{"href":"https:\/\/tianhuipackingmachine.com\/vi\/wp-json\/wp\/v2\/media?parent=5526"}],"wp:term":[{"taxonomy":"post_tag","embeddable":true,"href":"https:\/\/tianhuipackingmachine.com\/vi\/wp-json\/wp\/v2\/tags?post=5526"},{"taxonomy":"product-type","embeddable":true,"href":"https:\/\/tianhuipackingmachine.com\/vi\/wp-json\/wp\/v2\/product-type?post=5526"}],"curies":[{"name":"wp","href":"https:\/\/api.w.org\/{rel}","templated":true}]}}