{"id":4793,"date":"2022-01-12T09:55:21","date_gmt":"2022-01-12T01:55:21","guid":{"rendered":"https:\/\/tianhuipackingmachine.com\/?page_id=4793"},"modified":"2023-12-22T15:04:45","modified_gmt":"2023-12-22T07:04:45","slug":"counting-packing-machine","status":"publish","type":"product","link":"https:\/\/tianhuipackingmachine.com\/vi\/counting-packing-machine\/","title":{"rendered":"M\u00e1y \u0111\u00f3ng g\u00f3i \u0111\u1ebfm"},"content":{"rendered":"<p class=\"translation-block\"><strong>M\u00e1y \u0111\u00f3ng g\u00f3i \u0111\u1ebfm<\/strong> ph\u00f9 h\u1ee3p cho vi\u1ec7c \u0111\u00f3ng g\u00f3i m\u1ed9t lo\u1ea1i ho\u1eb7c nhi\u1ec1u lo\u1ea1i linh ki\u1ec7n nh\u1ecf b\u1eb1ng c\u00e1ch k\u1ebft h\u1ee3p c\u00e1c b\u1ed9 c\u1ea5p li\u1ec7u b\u00e1t v\u1edbi s\u1ed1 l\u01b0\u1ee3ng kh\u00e1c nhau. N\u00f3 ch\u1ee7 y\u1ebfu bao g\u1ed3m m\u1ed9t h\u1ec7 th\u1ed1ng \u0111\u1ebfm v\u00e0 m\u1ed9t h\u1ec7 th\u1ed1ng \u0111\u00f3ng g\u00f3i. H\u1ec7 th\u1ed1ng \u0111\u1ebfm c\u00f3 hai lo\u1ea1i. M\u1ed9t lo\u1ea1i l\u00e0 c\u1ea3m bi\u1ebfn h\u1ed3ng ngo\u1ea1i, v\u00e0 lo\u1ea1i c\u00f2n l\u1ea1i l\u00e0 thi\u1ebft b\u1ecb t\u00f9y ch\u1ec9nh cho m\u1ed9t s\u1ed1 l\u01b0\u1ee3ng nh\u1ea5t \u0111\u1ecbnh m\u1ed7i t\u00fai. H\u1ec7 th\u1ed1ng \u0111\u00f3ng g\u00f3i c\u00f3 th\u1ec3 t\u1ef1 \u0111\u1ed9ng ho\u00e0n th\u00e0nh quy tr\u00ecnh l\u00e0m t\u00fai, \u0111\u1ed5 \u0111\u1ea7y, ni\u00eam phong v\u00e0 c\u1eaft. N\u00f3 c\u00f3 nh\u1eefng \u01b0u \u0111i\u1ec3m nh\u01b0 t\u1ef1 \u0111\u1ed9ng h\u00f3a cao, th\u00f4ng minh, hi\u1ec7u qu\u1ea3, \u0111\u1ed9 ch\u00ednh x\u00e1c, v\u00e0 nhi\u1ec1u h\u01a1n n\u1eefa. B\u1ed9 c\u1ea5p li\u1ec7u \u0111\u1ebfm \u0111\u01b0\u1ee3c t\u00f9y ch\u1ec9nh theo k\u00edch th\u01b0\u1edbc v\u00e0 s\u1ed1 l\u01b0\u1ee3ng c\u1ee7a c\u00e1c \u0111\u1ed1i t\u01b0\u1ee3ng. N\u1ebfu b\u1ea1n mu\u1ed1n c\u1ea3i thi\u1ec7n t\u1ed1c \u0111\u1ed9 \u0111\u00f3ng g\u00f3i ho\u1eb7c \u0111\u00f3ng g\u00f3i nhi\u1ec1u lo\u1ea1i v\u1eadt li\u1ec7u kh\u00e1c nhau v\u00e0o m\u1ed9t t\u00fai, vi\u1ec7c th\u00eam c\u00e1c b\u1ed9 c\u1ea5p li\u1ec7u rung l\u00e0 m\u1ed9t \u00fd t\u01b0\u1edfng t\u1ed1t.<\/p>    <figure class=\"wp-block-image aligncenter size-large\"><img loading=\"lazy\" decoding=\"async\" width=\"667\" height=\"500\" src=\"https:\/\/tianhuipackingmachine.com\/wp-content\/uploads\/2022\/01\/counting-packaging-machine-667x500.webp\" alt=\"m\u00e1y \u0111\u00f3ng g\u00f3i \u0111\u1ebfm\" class=\"wp-image-6525\" srcset=\"https:\/\/tianhuipackingmachine.com\/wp-content\/uploads\/2022\/01\/counting-packaging-machine-667x500.webp 667w, https:\/\/tianhuipackingmachine.com\/wp-content\/uploads\/2022\/01\/counting-packaging-machine-480x360.webp 480w, https:\/\/tianhuipackingmachine.com\/wp-content\/uploads\/2022\/01\/counting-packaging-machine.webp 720w\" sizes=\"auto, (max-width: 667px) 100vw, 667px\" \/><figcaption class=\"wp-element-caption\">M\u00e1y \u0111\u00f3ng g\u00f3i \u0111\u1ebfm<\/figcaption><\/figure>    <h2 class=\"wp-block-heading\" id=\"h-what-are-the-characteristics-of-the-counting-packing-machine\">C\u00e1c \u0111\u1eb7c \u0111i\u1ec3m c\u1ee7a m\u00e1y \u0111\u00f3ng g\u00f3i \u0111\u1ebfm l\u00e0 g\u00ec?<\/h2>    <ol class=\"wp-block-list\"> <li>C\u1ea5u tr\u00fac \u0111\u01a1n gi\u1ea3n, d\u1ec5 l\u1eafp \u0111\u1eb7t, v\u1eadn h\u00e0nh v\u00e0 b\u1ea3o tr\u00ec<\/li>    <li>Hi\u1ec7u qu\u1ea3 \u0111\u00f3ng g\u00f3i xu\u1ea5t s\u1eafc, h\u00e0n nhi\u1ec7t ch\u1eafc ch\u1eafn, \u00eam \u00e1i, g\u1ecdn g\u00e0ng<\/li>    <li>T\u1ed1c \u0111\u1ed9 s\u1ea3n xu\u1ea5t cao, ch\u1ea5t l\u01b0\u1ee3ng, hi\u1ec7u qu\u1ea3 v\u00e0 \u0111\u1ed9 b\u1ec1n cao,<\/li>    <li>M\u00e1y \u0111\u00f3ng g\u00f3i m\u00f3ng\u00a0s\u1eed d\u1ee5ng m\u00e0n h\u00ecnh \u0111i\u1ec1u khi\u1ec3n PLC thu\u1eadn ti\u1ec7n \u0111\u1ec3 thi\u1ebft l\u1eadp nhi\u1ec1u d\u1eef li\u1ec7u ch\u1ea1y li\u00ean quan kh\u00e1c nhau.<\/li>    <li>\u0110\u0129a c\u1ea5p v\u00edt t\u00f9y ch\u1ec9nh ph\u00f9 h\u1ee3p v\u1edbi c\u00e1c b\u1ed9 ph\u1eadn, \u0111\u1ed5 t\u1eebng b\u1ed9 ph\u1eadn v\u00e0o t\u00fai<\/li>    <li>\u0110\u01b0\u1ee3c trang b\u1ecb thi\u1ebft b\u1ecb b\u1ea3o v\u1ec7 an to\u00e0n cho c\u00e1c b\u1ed9 ph\u1eadn nguy hi\u1ec3m nh\u01b0 t\u1ea5m che xung quanh m\u00e1y c\u1eaft.<\/li>    <li>Thi\u1ebft k\u1ebf c\u1ea5p li\u1ec7u rung \u0111\u1ea3m b\u1ea3o v\u1eadt li\u1ec7u \u0111\u01b0\u1ee3c s\u1eafp x\u1ebfp \u0111\u1ec3 \u0111\u1ebfm t\u1ef1 \u0111\u1ed9ng<\/li>    <li>N\u00f3 c\u00f3 th\u1ec3 ph\u00f9 h\u1ee3p v\u1edbi nhi\u1ec1u lo\u1ea1i m\u00e1y c\u1ea5p li\u1ec7u d\u1ea1ng b\u00e1t v\u00edt kh\u00e1c nhau t\u00f9y theo nhu c\u1ea7u c\u1ee7a kh\u00e1ch h\u00e0ng.<\/li>    <li>C\u00f3 th\u1ec3 k\u1ebft h\u1ee3p v\u1edbi m\u00e1y in ng\u00e0y, m\u00e1y d\u00e1n nh\u00e3n, b\u0103ng t\u1ea3i \u0111\u1ea7u ra v\u00e0 c\u00e1c thi\u1ebft b\u1ecb h\u1ed7 tr\u1ee3 kh\u00e1c.<\/li> <\/ol>    <figure class=\"wp-block-gallery has-nested-images columns-default is-cropped wp-block-gallery-2 is-layout-flex wp-block-gallery-is-layout-flex\"> <figure class=\"wp-block-image size-large\"><img loading=\"lazy\" decoding=\"async\" width=\"667\" height=\"500\" data-id=\"6529\" src=\"https:\/\/tianhuipackingmachine.com\/wp-content\/uploads\/2022\/01\/multiple-feeder-of-counting-packing-machine-667x500.webp\" alt=\"nhi\u1ec1u b\u1ed9 n\u1ea1p c\u1ee7a m\u00e1y \u0111\u00f3ng g\u00f3i \u0111\u1ebfm\" class=\"wp-image-6529\" srcset=\"https:\/\/tianhuipackingmachine.com\/wp-content\/uploads\/2022\/01\/multiple-feeder-of-counting-packing-machine-667x500.webp 667w, https:\/\/tianhuipackingmachine.com\/wp-content\/uploads\/2022\/01\/multiple-feeder-of-counting-packing-machine-480x360.webp 480w, https:\/\/tianhuipackingmachine.com\/wp-content\/uploads\/2022\/01\/multiple-feeder-of-counting-packing-machine.webp 720w\" sizes=\"auto, (max-width: 667px) 100vw, 667px\" \/><figcaption class=\"wp-element-caption\">Nhi\u1ec1u m\u00e1y \u0111\u00f3ng g\u00f3i \u0111\u1ebfm<\/figcaption><\/figure>    <figure class=\"wp-block-image size-large\"><img loading=\"lazy\" decoding=\"async\" width=\"750\" height=\"500\" data-id=\"4811\" src=\"https:\/\/tianhuipackingmachine.com\/wp-content\/uploads\/2022\/01\/screw-bowl-feeders-750x500.jpg\" alt=\"m\u00e1y c\u1ea5p li\u1ec7u b\u00e1t v\u00edt\" class=\"wp-image-4811\" srcset=\"https:\/\/tianhuipackingmachine.com\/wp-content\/uploads\/2022\/01\/screw-bowl-feeders.jpg 750w, https:\/\/tianhuipackingmachine.com\/wp-content\/uploads\/2022\/01\/screw-bowl-feeders-480x320.jpg 480w\" sizes=\"auto, (max-width: 750px) 100vw, 750px\" \/><figcaption class=\"wp-element-caption\">M\u00e1y c\u1ea5p li\u1ec7u d\u1ea1ng b\u00e1t v\u00edt<\/figcaption><\/figure> <\/figure>    <h2 class=\"wp-block-heading\" id=\"h-main-components-of-screw-nail-packing-machine\">C\u00e1c th\u00e0nh ph\u1ea7n ch\u00ednh c\u1ee7a m\u00e1y \u0111\u00f3ng g\u00f3i \u0111inh v\u00edt<\/h2>    <p class=\"translation-block\">M\u00e1y \u0111\u00f3ng g\u00f3i bu l\u00f4ng \u0111\u01b0\u1ee3c c\u1ea5u th\u00e0nh t\u1eeb m\u1ed9t b\u1ed9 c\u1ea5p li\u1ec7u rung v\u00edt, h\u1ec7 th\u1ed1ng v\u1eadn chuy\u1ec3n phim \u0111\u00f3ng g\u00f3i, m\u00e1y l\u00e0m t\u00fai, b\u1ea3ng \u0111i\u1ec1u khi\u1ec3n, thi\u1ebft b\u1ecb ni\u00eam phong, dao c\u1eaft, b\u00e1nh xe \u0111\u00f4i \u0111\u1ec3 k\u00e9o phim, m\u1ed9t pallet, v\u00e0 nhi\u1ec1u th\u1ee9 kh\u00e1c. M\u1ed9t b\u1ed9 c\u1ea5p li\u1ec7u rung xo\u1eafn \u0111\u01b0\u1ee3c s\u1eed d\u1ee5ng \u0111\u1ec3 s\u1eafp x\u1ebfp c\u00e1c v\u1eadt ph\u1ea9m theo th\u1ee9 t\u1ef1. Gi\u1ed1ng nh\u01b0 <strong><a href=\"https:\/\/tianhuipackingmachine.com\/vi\/chain-bucket-packing-machine\/\">m\u00e1y \u0111\u00f3ng g\u00f3i x\u00f4 chu\u1ed7i<\/a><\/strong>, n\u00f3 c\u00f3 th\u1ec3 k\u1ebft h\u1ee3p nhi\u1ec1u b\u1ed9 c\u1ea5p li\u1ec7u v\u00edt \u0111\u1ec3 \u0111\u00f3ng g\u00f3i c\u00e1c lo\u1ea1i v\u1eadt th\u1ec3 kh\u00e1c nhau trong m\u1ed9t t\u00fai. H\u1ec7 th\u1ed1ng v\u1eadn chuy\u1ec3n phim \u0111\u00f3ng g\u00f3i bao g\u1ed3m nhi\u1ec1u con l\u0103n v\u00e0 thi\u1ebft b\u1ecb k\u00e9o phim, c\u00f3 l\u1ee3i cho vi\u1ec7c \u0111\u00f3ng g\u00f3i li\u00ean t\u1ee5c. M\u00e0n h\u00ecnh c\u1ea3m \u1ee9ng PLC, hi\u1ec3n th\u1ecb thi\u1ebft b\u1ecb ni\u00eam phong nhi\u1ec7t, n\u00fat kh\u1ea9n c\u1ea5p, v\u00e0 c\u00f4ng t\u1eafc kh\u1edfi \u0111\u1ed9ng v\u00e0 d\u1eebng n\u1eb1m tr\u00ean b\u1ea3ng \u0111i\u1ec1u khi\u1ec3n. T\u01b0\u01a1ng t\u1ef1 nh\u01b0 c\u00e1c m\u00e1y \u0111\u00f3ng g\u00f3i kh\u00e1c, n\u00f3 \u0111\u01b0\u1ee3c trang b\u1ecb c\u00e1c thi\u1ebft b\u1ecb ni\u00eam phong ngang, v\u00e0 ni\u00eam phong v\u00e0 c\u1eaft \u1edf cu\u1ed1i. \u0110\u1ec3 b\u1ea3o v\u1ec7 s\u1ea3n ph\u1ea9m cu\u1ed1i c\u00f9ng, c\u00f3 m\u1ed9t pallet \u1edf d\u01b0\u1edbi c\u00f9ng c\u1ee7a thi\u1ebft b\u1ecb. Ngo\u00e0i ra, nhi\u1ec1u kh\u00e1ch h\u00e0ng s\u1ebd k\u1ebft h\u1ee3p m\u1ed9t b\u0103ng t\u1ea3i \u0111\u1ea7u ra d\u01b0\u1edbi pallet. <\/p>    <h2 class=\"wp-block-heading\" id=\"h-wide-applications-of-counting-and-packaging-equipment\">\u1ee8ng d\u1ee5ng r\u1ed9ng r\u00e3i c\u1ee7a thi\u1ebft b\u1ecb \u0111\u1ebfm v\u00e0 \u0111\u00f3ng g\u00f3i<\/h2>    <p class=\"translation-block\">M\u00e1y \u0111\u00f3ng g\u00f3i \u0111\u1ebfm v\u1edbi b\u1ed9 c\u1ea5p li\u1ec7u v\u00edt \u00e1p d\u1ee5ng cho nhi\u1ec1u ng\u00e0nh c\u00f4ng nghi\u1ec7p th\u1ef1c ph\u1ea9m v\u00e0 phi th\u1ef1c ph\u1ea9m. C\u00e1c m\u1eb7t h\u00e0ng \u0111\u00f3ng g\u00f3i ph\u1ed5 bi\u1ebfn c\u00f3 b\u1ed9 d\u1ee5ng c\u1ee5 bu l\u00f4ng, v\u00edt g\u1ed7 n\u1ed9i th\u1ea5t, ph\u00edch c\u1eafm nh\u1ef1a, <a href=\"https:\/\/en.wikipedia.org\/wiki\/Bolt_(fastener)\" target=\"_blank\" rel=\"noopener\">bu l\u00f4ng<\/a>, n\u1eafp chai nh\u1ef1a, v\u00f2ng O cao su, ph\u1ea7n c\u1ee9ng, \u0111\u1ed3 trang s\u1ee9c, v\u00f2ng \u0111\u1ec7m, \u0111inh, ph\u1ee5 ki\u1ec7n nh\u1ecf, \u0111\u1ed3 ch\u01a1i, kh\u1ed1i x\u00e2y d\u1ef1ng, n\u00fat b\u1ea5m, thu\u1ed1c, k\u1eb9o, vi\u00ean s\u1eefa, \u0111\u1eadu ph\u1ed9ng, v\u00e0 c\u00e1c v\u1eadt ph\u1ea9m nh\u1ecf kh\u00e1c, v.v.<\/p>    <figure class=\"wp-block-gallery has-nested-images columns-default is-cropped wp-block-gallery-3 is-layout-flex wp-block-gallery-is-layout-flex\"> <figure class=\"wp-block-image size-large\"><img loading=\"lazy\" decoding=\"async\" width=\"750\" height=\"500\" data-id=\"4808\" src=\"https:\/\/tianhuipackingmachine.com\/wp-content\/uploads\/2022\/01\/widely-applicable-raw-material-750x500.jpg\" alt=\"nguy\u00ean li\u1ec7u th\u00f4 \u0111\u01b0\u1ee3c \u00e1p d\u1ee5ng r\u1ed9ng r\u00e3i\" class=\"wp-image-4808\" srcset=\"https:\/\/tianhuipackingmachine.com\/wp-content\/uploads\/2022\/01\/widely-applicable-raw-material.jpg 750w, https:\/\/tianhuipackingmachine.com\/wp-content\/uploads\/2022\/01\/widely-applicable-raw-material-480x320.jpg 480w\" sizes=\"auto, (max-width: 750px) 100vw, 750px\" \/><figcaption class=\"wp-element-caption\">Nguy\u00ean li\u1ec7u th\u00f4 \u0111\u01b0\u1ee3c \u00e1p d\u1ee5ng r\u1ed9ng r\u00e3i<\/figcaption><\/figure>    <figure class=\"wp-block-image size-large\"><img loading=\"lazy\" decoding=\"async\" width=\"750\" height=\"500\" data-id=\"4807\" src=\"https:\/\/tianhuipackingmachine.com\/wp-content\/uploads\/2022\/01\/fastener-parts-packaging-effect-750x500.jpg\" alt=\"hi\u1ec7u \u1ee9ng \u0111\u00f3ng g\u00f3i c\u00e1c b\u1ed9 ph\u1eadn d\u00e2y bu\u1ed9c\" class=\"wp-image-4807\" srcset=\"https:\/\/tianhuipackingmachine.com\/wp-content\/uploads\/2022\/01\/fastener-parts-packaging-effect.jpg 750w, https:\/\/tianhuipackingmachine.com\/wp-content\/uploads\/2022\/01\/fastener-parts-packaging-effect-480x320.jpg 480w\" sizes=\"auto, (max-width: 750px) 100vw, 750px\" \/><figcaption class=\"wp-element-caption\">Hi\u1ec7u \u1ee9ng \u0111\u00f3ng g\u00f3i b\u1ed9 ph\u1eadn d\u00e2y bu\u1ed9c<\/figcaption><\/figure> <\/figure>    <h2 class=\"wp-block-heading\" id=\"h-how-does-the-hardware-counting-packing-machine-work\">M\u00e1y \u0111\u00f3ng g\u00f3i \u0111\u1ebfm ph\u1ea7n c\u1ee9ng ho\u1ea1t \u0111\u1ed9ng nh\u01b0 th\u1ebf n\u00e0o?<\/h2>    <ol class=\"wp-block-list\"> <li>L\u1eafp \u0111\u1eb7t t\u1eebng b\u1ed9 ph\u1eadn c\u1ee7a m\u00e1y \u0111\u00f3ng g\u00f3i \u0111\u1ebfm t\u1ef1 \u0111\u1ed9ng\u00a0v\u00e0 k\u1ebft n\u1ed1i v\u1edbi ngu\u1ed3n \u0111i\u1ec7n.<\/li>    <li>\u0110\u1ea3m b\u1ea3o m\u00e0ng bao b\u00ec \u0111\u00e3 \u0111\u01b0\u1ee3c l\u1eafp \u0111\u1eb7t v\u00e0 \u0111\u1eb7t c\u00e1c \u0111\u1ed3 v\u1eadt \u0111\u00f3ng g\u00f3i v\u00e0o m\u00e1y c\u1ea5p li\u1ec7u rung.<\/li>    <li>Thi\u1ebft l\u1eadp c\u00e1c th\u00f4ng s\u1ed1 \u0111\u00f3ng g\u00f3i tr\u00ean b\u1ea3ng \u0111i\u1ec1u khi\u1ec3n, ch\u1eb3ng h\u1ea1n nh\u01b0 s\u1eed d\u1ee5ng ng\u00f4n ng\u1eef, chi\u1ec1u d\u00e0i t\u00fai, nhi\u1ec7t \u0111\u1ed9 ni\u00eam phong, v.v.<\/li>    <li>Kh\u1edfi \u0111\u1ed9ng thi\u1ebft b\u1ecb s\u1ebd t\u1ef1 \u0111\u1ed9ng ho\u00e0n t\u1ea5t vi\u1ec7c v\u1eadn chuy\u1ec3n \u0111\u1ed3 \u0111\u00f3ng g\u00f3i \u0111\u1ebfn \u0111\u1ea7u ra, \u0111\u1ecbnh h\u00ecnh t\u00fai \u0111\u00f3ng g\u00f3i, cho \u0111\u1ed3 v\u00e0o t\u00fai, h\u00e0n k\u00edn v\u00e0 c\u1eaft.<\/li>    <li>M\u00e0n h\u00ecnh c\u1ea3m \u1ee9ng s\u1ebd hi\u1ec3n th\u1ecb s\u1ed1 l\u01b0\u1ee3ng s\u1ea3n ph\u1ea9m \u0111\u00e3 ho\u00e0n th\u00e0nh.<\/li>    <li>T\u1eaft m\u00e1y \u0111\u00f3ng g\u00f3i n\u1ebfu ho\u00e0n th\u00e0nh c\u00f4ng vi\u1ec7c.<\/li>    <li>Duy tr\u00ec n\u00f3 trong m\u1ed9t th\u1eddi gian th\u01b0\u1eddng xuy\u00ean.<\/li> <\/ol>    <h2 class=\"wp-block-heading\" id=\"h-automatic-counting-packaging-equipment-working-video\">Video ho\u1ea1t \u0111\u1ed9ng c\u1ee7a thi\u1ebft b\u1ecb \u0111\u00f3ng g\u00f3i \u0111\u1ebfm t\u1ef1 \u0111\u1ed9ng <\/h2>   <figure class=\"wp-block-embed-youtube wp-block-embed is-type-video is-provider-youtube wp-embed-aspect-16-9 wp-has-aspect-ratio\"><div class=\"lyte-wrapper\" title=\"M\u00e1y \u0111\u1ebfm v\u00e0 \u0111\u00f3ng g\u00f3i t\u1ef1 \u0111\u1ed9ng | C\u00e1c b\u1ed9 ph\u1eadn nh\u1ecf, Hareware, V\u00edt, M\u00e1y t\u00ednh b\u1ea3ng s\u1eefa, Linh ki\u1ec7n\" style=\"width:853px;max-width:100%;margin:5px auto;\"><div class=\"lyMe\" id=\"WYL_KaRf02S05d4\" itemprop=\"video\" itemscope itemtype=\"https:\/\/schema.org\/VideoObject\"><div><meta itemprop=\"thumbnailUrl\" content=\"https:\/\/i.ytimg.com\/vi\/KaRf02S05d4\/hqdefault.jpg\" \/><meta itemprop=\"embedURL\" content=\"https:\/\/www.youtube.com\/embed\/KaRf02S05d4\" \/><meta itemprop=\"duration\" content=\"PT3M27S\" \/><meta itemprop=\"uploadDate\" content=\"2022-01-07T05:57:22Z\" \/><\/div><div id=\"lyte_KaRf02S05d4\" data-src=\"https:\/\/i.ytimg.com\/vi\/KaRf02S05d4\/hqdefault.jpg\" class=\"pL\"><div class=\"tC\"><div class=\"tT\" itemprop=\"name\">M\u00e1y \u0111\u1ebfm v\u00e0 \u0111\u00f3ng g\u00f3i t\u1ef1 \u0111\u1ed9ng | C\u00e1c b\u1ed9 ph\u1eadn nh\u1ecf, Hareware, V\u00edt, M\u00e1y t\u00ednh b\u1ea3ng s\u1eefa, Linh ki\u1ec7n<\/div><\/div><div class=\"play\"><\/div><div class=\"ctrl\"><div class=\"Lctrl\"><\/div><div class=\"Rctrl\"><\/div><\/div><\/div><noscript><a href=\"https:\/\/youtu.be\/KaRf02S05d4\" rel=\"nofollow noopener\" target=\"_blank\"><img loading=\"lazy\" decoding=\"async\" src=\"https:\/\/i.ytimg.com\/vi\/KaRf02S05d4\/0.jpg\" alt=\"M\u00e1y \u0111\u1ebfm v\u00e0 \u0111\u00f3ng g\u00f3i t\u1ef1 \u0111\u1ed9ng | C\u00e1c b\u1ed9 ph\u1eadn nh\u1ecf, Hareware, V\u00edt, M\u00e1y t\u00ednh b\u1ea3ng s\u1eefa, Linh ki\u1ec7n\" width=\"853\" height=\"460\" \/><\/a><\/noscript><meta itemprop=\"description\" content=\"If you are interested in it, welcome to contact us. Website: https:\/\/tianhuipackingmachine.com\/counting-packing-machine\/ Whatsapp\/Tel: +86 17329326135 Email: sales@toppackingmachine.com The automatic counting and packing machine is composed of vibratory feeders counting system and bag packaging system. It applies to small parts, hardware, screw, milk tablet, components, and other granular materials. The number of vibratory feeders depends on the packaging objects and actual requirements for packing speed. Each vibrating tray is customized in accordance with the size of the packaging things. TH-320 granule packing machine: https:\/\/youtu.be\/WL8gU11AWqI Electric vertical packing machine: https:\/\/youtu.be\/7TSMlFBWPOY Four-head weigher packing machine: https:\/\/youtu.be\/m3XHQ9LlhgY Email: sales@toppackingmachine.com Whatsapp\/Tel: +86 17329326135\"><\/div><\/div><div class=\"lL\" style=\"max-width:100%;width:853px;margin:5px auto;\"> <a href=\"https:\/\/youtu.be\/KaRf02S05d4\" target=\"_blank\" rel=\"noopener\">Xem video n\u00e0y tr\u00ean YouTube<\/a>.<\/div><figcaption><\/figcaption><\/figure>   <h2 class=\"wp-block-heading\" id=\"h-technical-data-of-automatic-counting-packaging-machine\">Th\u00f4ng s\u1ed1 k\u1ef9 thu\u1eadt c\u1ee7a m\u00e1y \u0111\u00f3ng g\u00f3i \u0111\u1ebfm t\u1ef1 \u0111\u1ed9ng<\/h2>    <figure class=\"wp-block-table is-style-stripes\"><table><tbody><tr><td>Ng\u01b0\u1eddi m\u1eabu<\/td><td>TH-320<\/td><\/tr><tr><td>Quy\u1ec1n l\u1ef1c<\/td><td>220V, 50\/60Hz, 2KW<\/td><\/tr><tr><td>T\u1ed1c \u0111\u1ed9 \u0111\u00f3ng g\u00f3i<\/td><td>30-60 t\u00fai \/ ph\u00fat<\/td><\/tr><tr><td>Chi\u1ec1u d\u00e0i t\u00fai<\/td><td>50-180mm<\/td><\/tr><tr><td>Chi\u1ec1u r\u1ed9ng t\u00fai<\/td><td>40-150mm<\/td><\/tr><tr><td>Chi\u1ec1u r\u1ed9ng t\u1ed1i \u0111a c\u1ee7a m\u00e0ng bao b\u00ec<\/td><td>320mm<\/td><\/tr><tr><td>C\u00e2n n\u1eb7ng<\/td><td>300kg<\/td><\/tr><tr><td>K\u00edch th\u01b0\u1edbc<\/td><td>1200*1000*1600mm<\/td><\/tr><\/tbody><\/table><\/figure>    <p>Th\u00f4ng s\u1ed1 ch\u1ec9 mang t\u00ednh tham kh\u1ea3o cho m\u00e1y \u0111\u00f3ng g\u00f3i \u0111\u1ebfm TH-320 ti\u00eau chu\u1ea9n. Thi\u1ebft b\u1ecb cu\u1ed1i c\u00f9ng ph\u1ee5 thu\u1ed9c v\u00e0o y\u00eau c\u1ea7u c\u1ee7a kh\u00e1ch h\u00e0ng. V\u00e0 b\u1ed9 n\u1ea1p b\u00e1t v\u00edt c\u1ee7a n\u00f3 th\u01b0\u1eddng \u0111\u01b0\u1ee3c t\u00f9y ch\u1ec9nh theo k\u00edch th\u01b0\u1edbc bao b\u00ec v\u00e0 s\u1ed1 l\u01b0\u1ee3ng tr\u00ean m\u1ed7i t\u00fai. <\/p>","protected":false},"excerpt":{"rendered":"<p>Counting packing machine&nbsp;is suitable for single kind or several kinds of small parts packaging by matching different numbers of bowl feeders. It mainly consists of a counting system and a packaging system. The counting system has two types. One is an infrared ray induction sensor, and the other one is a customized device for a [&hellip;]<\/p>\n","protected":false},"author":1,"featured_media":6525,"parent":0,"template":"","tags":[164],"product-type":[136],"class_list":["post-4793","product","type-product","status-publish","has-post-thumbnail","hentry","tag-packing-machine","product-type-granule-packing-machines"],"_links":{"self":[{"href":"https:\/\/tianhuipackingmachine.com\/vi\/wp-json\/wp\/v2\/product\/4793","targetHints":{"allow":["GET"]}}],"collection":[{"href":"https:\/\/tianhuipackingmachine.com\/vi\/wp-json\/wp\/v2\/product"}],"about":[{"href":"https:\/\/tianhuipackingmachine.com\/vi\/wp-json\/wp\/v2\/types\/product"}],"author":[{"embeddable":true,"href":"https:\/\/tianhuipackingmachine.com\/vi\/wp-json\/wp\/v2\/users\/1"}],"wp:featuredmedia":[{"embeddable":true,"href":"https:\/\/tianhuipackingmachine.com\/vi\/wp-json\/wp\/v2\/media\/6525"}],"wp:attachment":[{"href":"https:\/\/tianhuipackingmachine.com\/vi\/wp-json\/wp\/v2\/media?parent=4793"}],"wp:term":[{"taxonomy":"post_tag","embeddable":true,"href":"https:\/\/tianhuipackingmachine.com\/vi\/wp-json\/wp\/v2\/tags?post=4793"},{"taxonomy":"product-type","embeddable":true,"href":"https:\/\/tianhuipackingmachine.com\/vi\/wp-json\/wp\/v2\/product-type?post=4793"}],"curies":[{"name":"wp","href":"https:\/\/api.w.org\/{rel}","templated":true}]}}