{"id":3035,"date":"2021-10-29T17:39:09","date_gmt":"2021-10-29T09:39:09","guid":{"rendered":"https:\/\/tianhuipackingmachine.com\/?page_id=3035"},"modified":"2023-03-17T16:23:44","modified_gmt":"2023-03-17T08:23:44","slug":"food-grinding-machine","status":"publish","type":"product","link":"https:\/\/tianhuipackingmachine.com\/vi\/food-grinding-machine\/","title":{"rendered":"M\u00e1y nghi\u1ec1n th\u1ef1c ph\u1ea9m"},"content":{"rendered":"<p class=\"translation-block\"><strong>M\u00e1y xay th\u1ef1c ph\u1ea9m<\/strong> l\u00e0 m\u1ed9t m\u00e1y xay \u0111\u01b0\u1ee3c s\u1eed d\u1ee5ng cho nhi\u1ec1u lo\u1ea1i th\u1ef1c ph\u1ea9m kh\u00f4, nh\u01b0 ng\u0169 c\u1ed1c, g\u1ea1o, \u0111\u1eadu n\u00e0nh, \u0111\u01b0\u1eddng, \u1edbt, gia v\u1ecb, ti\u00eau \u0111en, th\u1ea3o m\u1ed9c, \u0111\u1eadu ph\u1ed9ng, v.v. Vi\u1ec7c v\u1eadn chuy\u1ec3n \u00e1p su\u1ea5t \u00e2m gi\u00fap nhi\u1ec7t sinh ra trong khoang m\u00e1y \u0111\u01b0\u1ee3c x\u1ea3 li\u00ean t\u1ee5c trong qu\u00e1 tr\u00ecnh xay, do \u0111\u00f3 n\u00f3 c\u0169ng th\u00edch h\u1ee3p cho vi\u1ec7c xay c\u00e1c v\u1eadt li\u1ec7u nh\u1ea1y c\u1ea3m v\u1edbi nhi\u1ec7t. Vi\u1ec7c s\u1eed d\u1ee5ng t\u1ed1c \u0111\u1ed9 t\u01b0\u01a1ng \u0111\u1ed1i cao gi\u1eefa \u0111\u0129a r\u0103ng di \u0111\u1ed9ng v\u00e0 b\u00e1nh xe x\u00edch c\u1ed1 \u0111\u1ecbnh, v\u1eadt li\u1ec7u b\u1ecb t\u00e1c \u0111\u1ed9ng b\u1edfi \u0111\u0129a r\u0103ng, ma s\u00e1t v\u00e0 va ch\u1ea1m v\u1eadt li\u1ec7u v\u1edbi nhau \u0111\u1ec3 thu \u0111\u01b0\u1ee3c b\u1ed9t.<\/p>    <h2 class=\"wp-block-heading\" id=\"h-types-of-food-grinding-machine\">C\u1ea7n b\u00e1n c\u00e1c lo\u1ea1i m\u00e1y xay th\u1ef1c ph\u1ea9m<\/h2>    <p class=\"translation-block\">M\u00e1y xay th\u1ef1c ph\u1ea9m kh\u00f4 \u0111ang \u0111\u01b0\u1ee3c b\u00e1n t\u1ea1i <strong><a href=\"https:\/\/tianhuipackingmachine.com\/vi\/\">Henan Top Packing Machinery<\/a><\/strong> bao g\u1ed3m lo\u1ea1i l\u01b0\u1ee1i, lo\u1ea1i b\u00faa ch\u00e9o, lo\u1ea1i turbo, lo\u1ea1i x\u00edch v\u00e0 lo\u1ea1i s\u00e0ng. \u0110\u1ed1i v\u1edbi c\u00e1c lo\u1ea1i s\u00e0ng, c\u00f3 s\u1eb5n c\u00e1c k\u00edch th\u01b0\u1edbc 40mesh, 60mesh, 80mesh, 100mesh v\u00e0 120 mesh. Mesh \u0111\u1ec1 c\u1eadp \u0111\u1ebfn s\u1ed1 l\u01b0\u1ee3ng l\u1ed7 tr\u00ean m\u1ed7i inch. S\u1ed1 mesh c\u00e0ng cao tr\u00ean m\u1ed7i inch, s\u1ed1 l\u1ed7 c\u00e0ng nhi\u1ec1u v\u00e0 k\u00edch th\u01b0\u1edbc h\u1ea1t \u0111i qua c\u00e0ng nh\u1ecf. Do \u0111\u00f3, b\u1ea1n c\u00f3 th\u1ec3 ch\u1ecdn lo\u1ea1i s\u00e0ng c\u00f3 nhi\u1ec1u mesh h\u01a1n n\u1ebfu b\u1ea1n mu\u1ed1n c\u00f3 b\u1ed9t m\u1ecbn h\u01a1n.<\/p>    <figure class=\"wp-block-image aligncenter size-full\"><img loading=\"lazy\" decoding=\"async\" width=\"750\" height=\"500\" src=\"https:\/\/tianhuipackingmachine.com\/wp-content\/uploads\/2021\/10\/grinding-machine-for-food.jpg\" alt=\"m\u00e1y nghi\u1ec1n th\u1ef1c ph\u1ea9m\" class=\"wp-image-3036\" srcset=\"https:\/\/tianhuipackingmachine.com\/wp-content\/uploads\/2021\/10\/grinding-machine-for-food.jpg 750w, https:\/\/tianhuipackingmachine.com\/wp-content\/uploads\/2021\/10\/grinding-machine-for-food-300x200.jpg 300w\" sizes=\"auto, (max-width: 750px) 100vw, 750px\" \/><figcaption class=\"wp-element-caption\">M\u00e1y m\u00e0i th\u1ef1c ph\u1ea9m<\/figcaption><\/figure>    <h2 class=\"wp-block-heading\" id=\"h-food-grinding-machine-working-video\">Video ho\u1ea1t \u0111\u1ed9ng c\u1ee7a m\u00e1y nghi\u1ec1n th\u1ef1c ph\u1ea9m <\/h2>   <figure class=\"wp-block-embed-youtube wp-block-embed is-type-video is-provider-youtube wp-embed-aspect-16-9 wp-has-aspect-ratio\"><div class=\"lyte-wrapper\" title=\"M\u00e1y Xay Th\u1ef1c Ph\u1ea9m Kh\u00f4 | M\u00e1y xay th\u1ef1c ph\u1ea9m ho\u1ea1t \u0111\u1ed9ng nh\u01b0 th\u1ebf n\u00e0o? | C\u1ea7n b\u00e1n m\u00e1y xay th\u1ef1c ph\u1ea9m\" style=\"width:853px;max-width:100%;margin:5px auto;\"><div class=\"lyMe\" id=\"WYL_6Wacp-y2C6A\" itemprop=\"video\" itemscope itemtype=\"https:\/\/schema.org\/VideoObject\"><div><meta itemprop=\"thumbnailUrl\" content=\"https:\/\/i.ytimg.com\/vi\/6Wacp-y2C6A\/hqdefault.jpg\" \/><meta itemprop=\"embedURL\" content=\"https:\/\/www.youtube.com\/embed\/6Wacp-y2C6A\" \/><meta itemprop=\"duration\" content=\"PT3M8S\" \/><meta itemprop=\"uploadDate\" content=\"2021-11-01T05:59:07Z\" \/><\/div><div id=\"lyte_6Wacp-y2C6A\" data-src=\"https:\/\/i.ytimg.com\/vi\/6Wacp-y2C6A\/hqdefault.jpg\" class=\"pL\"><div class=\"tC\"><div class=\"tT\" itemprop=\"name\">M\u00e1y Xay Th\u1ef1c Ph\u1ea9m Kh\u00f4 | M\u00e1y xay th\u1ef1c ph\u1ea9m ho\u1ea1t \u0111\u1ed9ng nh\u01b0 th\u1ebf n\u00e0o? | C\u1ea7n b\u00e1n m\u00e1y xay th\u1ef1c ph\u1ea9m<\/div><\/div><div class=\"play\"><\/div><div class=\"ctrl\"><div class=\"Lctrl\"><\/div><div class=\"Rctrl\"><\/div><\/div><\/div><noscript><a href=\"https:\/\/youtu.be\/6Wacp-y2C6A\" rel=\"nofollow noopener\" target=\"_blank\"><img loading=\"lazy\" decoding=\"async\" src=\"https:\/\/i.ytimg.com\/vi\/6Wacp-y2C6A\/0.jpg\" alt=\"M\u00e1y Xay Th\u1ef1c Ph\u1ea9m Kh\u00f4 | M\u00e1y xay th\u1ef1c ph\u1ea9m ho\u1ea1t \u0111\u1ed9ng nh\u01b0 th\u1ebf n\u00e0o? | C\u1ea7n b\u00e1n m\u00e1y xay th\u1ef1c ph\u1ea9m\" width=\"853\" height=\"460\" \/><\/a><\/noscript><meta itemprop=\"description\" content=\"More information here: https:\/\/tianhuipackingmachine.com\/food-grinding-machine\/ sales@toppackingmachine.com Whatsapp\/Tel: +86 17329326135 Dry food grinding machine is suitable for various dry food milling, such as grains, sugar, ginger, chilli, black pepper, bean, rice, seasoning, etc. It has the features of compact structure, reasonable design, simple operation, wide applications, and efficient working. The machine is made of stainless steel, durable and convenient to clean and maintain.\"><\/div><\/div><div class=\"lL\" style=\"max-width:100%;width:853px;margin:5px auto;\"> <a href=\"https:\/\/youtu.be\/6Wacp-y2C6A\" target=\"_blank\" rel=\"noopener\">Xem video n\u00e0y tr\u00ean YouTube<\/a>.<\/div><figcaption><\/figcaption><\/figure>   <h2 class=\"has-text-color wp-block-heading\" id=\"h-parameters-of-food-grinding-machine\" style=\"color:#ff5200\">Th\u00f4ng s\u1ed1 c\u1ee7a m\u00e1y nghi\u1ec1n th\u1ef1c ph\u1ea9m<\/h2>    <figure class=\"wp-block-table is-style-stripes\"><table><tbody><tr><td>ng\u01b0\u1eddi m\u1eabu<\/td><td>TZ-18<\/td><td>TZ-20<\/td><td>TZ-30<\/td><td>TZ-40<\/td><td>TZ-60<\/td><\/tr><tr><td>\u0110\u1ed9 m\u1ecbn x\u1eed l\u00fd<\/td><td>5-120 l\u01b0\u1edbi<\/td><td>5-120 l\u01b0\u1edbi<\/td><td>5-120 l\u01b0\u1edbi<\/td><td>5-120 l\u01b0\u1edbi<\/td><td>5-120 l\u01b0\u1edbi<\/td><\/tr><tr><td>Dung t\u00edch<\/td><td>5-60kg\/gi\u1edd<\/td><td>6-150kg\/gi\u1edd<\/td><td>100-200kg\/gi\u1edd<\/td><td>160-800kg\/gi\u1edd<\/td><td>500-1500kg\/gi\u1edd<\/td><\/tr><tr><td>Quy\u1ec1n l\u1ef1c<\/td><td>2,2kw\/gi\u1edd<\/td><td>4kw\/gi\u1edd<\/td><td>5,5kw\/gi\u1edd<\/td><td>7,5kw\/gi\u1edd<\/td><td>15kw\/gi\u1edd<\/td><\/tr><tr><td>K\u00edch c\u1ee1<\/td><td>550*600*1000mm<\/td><td>550*600*1250mm<\/td><td>600*700*1450mm<\/td><td>800*900*1550mm<\/td><td>1000*900*1680mm<\/td><\/tr><\/tbody><\/table><\/figure>    <h2 class=\"wp-block-heading\" id=\"h-features-of-food-grinder\">\u0110\u1eb7c \u0111i\u1ec3m c\u1ee7a m\u00e1y xay th\u1ef1c ph\u1ea9m<\/h2>    <ol class=\"wp-block-list\" type=\"1\"> <li>Thi\u1ebft k\u1ebf h\u1ee3p l\u00fd, c\u1ea5u tr\u00fac nh\u1ecf g\u1ecdn, v\u1eadn h\u00e0nh \u0111\u01a1n gi\u1ea3n<\/li>    <li>Ch\u1ea1y \u1ed5n \u0111\u1ecbnh, l\u00e0m vi\u1ec7c hi\u1ec7u qu\u1ea3, m\u00e0i t\u1ed1c \u0111\u1ed9 cao<\/li>    <li>\u0110\u01b0\u1ee3c l\u00e0m b\u1eb1ng th\u00e9p kh\u00f4ng g\u1ec9, b\u1ec1n, thu\u1eadn ti\u1ec7n cho vi\u1ec7c v\u1ec7 sinh v\u00e0 b\u1ea3o tr\u00ec<\/li>    <li>Th\u00edch h\u1ee3p cho nhi\u1ec1u lo\u1ea1i nguy\u00ean li\u1ec7u nh\u01b0 g\u1ea1o, \u0111\u1eadu n\u00e0nh, \u0111\u01b0\u1eddng, \u1edbt, ng\u0169 c\u1ed1c, gia v\u1ecb, v.v.<\/li>    <li>Nhi\u1ec1u lo\u1ea1i m\u00e1y xay th\u1ef1c ph\u1ea9m l\u00e0 t\u00f9y ch\u1ecdn<\/li> <\/ol>    <h2 class=\"wp-block-heading\" id=\"h-applications-of-grinding-miller\">\u1ee8ng d\u1ee5ng c\u1ee7a m\u00e1y nghi\u1ec1n<\/h2>    <p>M\u00e1y nghi\u1ec1n th\u1ef1c ph\u1ea9m th\u01b0\u01a1ng m\u1ea1i\u00a0ch\u1ee7 y\u1ebfu \u0111\u01b0\u1ee3c s\u1eed d\u1ee5ng trong t\u1ea5t c\u1ea3 c\u00e1c lo\u1ea1i ng\u0169 c\u1ed1c, gia v\u1ecb, thu\u1ed1c th\u1ea3o d\u01b0\u1ee3c Trung Qu\u1ed1c c\u00f3 r\u1ec5, c\u00e0nh, nguy\u00ean li\u1ec7u kh\u1ed1i v\u00e0 c\u00e1c nguy\u00ean li\u1ec7u kh\u00f4 c\u1ee9ng ho\u1eb7c gi\u00f2n \u00edt d\u1ea7u kh\u00e1c. C\u00e1c nguy\u00ean li\u1ec7u c\u00f3 th\u1ec3 \u00e1p d\u1ee5ng bao g\u1ed3m \u0111\u1eadu, l\u00faa m\u00ec, g\u1ea1o, k\u00ea, l\u00faa m\u1ea1ch, g\u1ea1o \u0111en, ki\u1ec1u m\u1ea1ch, l\u00faa mi\u1ebfn, h\u1ea1t ng\u00f4, h\u1ea1t ti\u00eau \u0111en, \u1edbt, h\u1ea1t ca cao, g\u1eebng, h\u1ea1t th\u00ec l\u00e0, v.v. Ngo\u00e0i ra, n\u00f3 c\u00f2n c\u00f3 th\u1ec3 \u0111\u01b0\u1ee3c \u1ee9ng d\u1ee5ng trong c\u00e1c ng\u00e0nh c\u00f4ng nghi\u1ec7p v\u1eadt li\u1ec7u h\u00f3a h\u1ecdc, d\u01b0\u1ee3c ph\u1ea9m v\u00e0 thu\u1ed1c tr\u1eeb s\u00e2u.<\/p>    <div class=\"wp-block-columns is-layout-flex wp-container-core-columns-is-layout-28f84493 wp-block-columns-is-layout-flex\"> <div class=\"wp-block-column is-layout-flow wp-block-column-is-layout-flow\"> <figure class=\"wp-block-image size-full\"><img loading=\"lazy\" decoding=\"async\" width=\"750\" height=\"500\" src=\"https:\/\/tianhuipackingmachine.com\/wp-content\/uploads\/2021\/10\/applications-of-food-grinder.jpg\" alt=\"\u1ee9ng d\u1ee5ng c\u1ee7a m\u00e1y xay th\u1ef1c ph\u1ea9m\" class=\"wp-image-3039\" srcset=\"https:\/\/tianhuipackingmachine.com\/wp-content\/uploads\/2021\/10\/applications-of-food-grinder.jpg 750w, https:\/\/tianhuipackingmachine.com\/wp-content\/uploads\/2021\/10\/applications-of-food-grinder-300x200.jpg 300w\" sizes=\"auto, (max-width: 750px) 100vw, 750px\" \/><figcaption class=\"wp-element-caption\">\u1ee8ng d\u1ee5ng c\u1ee7a m\u00e1y xay th\u1ef1c ph\u1ea9m<\/figcaption><\/figure> <\/div>    <div class=\"wp-block-column is-layout-flow wp-block-column-is-layout-flow\"> <figure class=\"wp-block-image size-full\"><img loading=\"lazy\" decoding=\"async\" width=\"750\" height=\"500\" src=\"https:\/\/tianhuipackingmachine.com\/wp-content\/uploads\/2021\/10\/food-grinder-applications.jpg\" alt=\"\u1ee9ng d\u1ee5ng m\u00e1y xay th\u1ef1c ph\u1ea9m\" class=\"wp-image-3040\" srcset=\"https:\/\/tianhuipackingmachine.com\/wp-content\/uploads\/2021\/10\/food-grinder-applications.jpg 750w, https:\/\/tianhuipackingmachine.com\/wp-content\/uploads\/2021\/10\/food-grinder-applications-300x200.jpg 300w\" sizes=\"auto, (max-width: 750px) 100vw, 750px\" \/><figcaption class=\"wp-element-caption\">\u1ee8ng d\u1ee5ng m\u00e1y xay th\u1ef1c ph\u1ea9m<\/figcaption><\/figure> <\/div> <\/div>    <h2 class=\"wp-block-heading\" id=\"h-structure-of-food-grinder\">C\u1ea5u t\u1ea1o c\u1ee7a thi\u1ebft b\u1ecb m\u00e1y xay th\u1ef1c ph\u1ea9m<\/h2>    <p>M\u00e1y nghi\u1ec1n th\u1ef1c ph\u1ea9m\u00a0bao g\u1ed3m \u0111\u1ea7u v\u00e0o, thi\u1ebft b\u1ecb \u0111i\u1ec1u ch\u1ec9nh t\u1ed1c \u0111\u1ed9, v\u00edt kh\u00f3a, khoang nghi\u1ec1n, n\u00fat chuy\u1ec3n \u0111\u1ed5i, \u0111\u1ea7u ra. Tr\u01b0\u1edbc khi s\u1eed d\u1ee5ng m\u00e1y, ph\u1ea3i \u0111\u1ea3m b\u1ea3o r\u1eb1ng khoang nghi\u1ec1n \u0111\u00e3 \u0111\u01b0\u1ee3c \u0111\u00f3ng v\u00e0 kh\u00f3a v\u00edt. Qu\u00e1 tr\u00ecnh l\u00e0m vi\u1ec7c ch\u00ednh l\u00e0 \u0111\u01b0a nguy\u00ean li\u1ec7u v\u00e0o m\u00e1y nghi\u1ec1n b\u1eb1ng \u0111\u1ea7u v\u00e0o, sau \u0111\u00f3 nguy\u00ean li\u1ec7u s\u1ebd ch\u1ea3y v\u00e0o khoang nghi\u1ec1n \u0111\u1ec3 nghi\u1ec1n th\u00e0nh b\u1ed9t, cu\u1ed1i c\u00f9ng l\u1ea5y b\u1ed9t t\u01b0\u01a1ng \u1ee9ng t\u1eeb \u0111\u1ea7u ra. T\u1ed1t h\u01a1n h\u1ebft b\u1ea1n n\u00ean chu\u1ea9n b\u1ecb m\u1ed9t chi\u1ebfc t\u00fai s\u1ea1ch \u0111\u1ec3 c\u1ed1 \u0111\u1ecbnh v\u00e0o \u1ed5 c\u1eafm, n\u00f3 kh\u00f4ng ch\u1ec9 c\u00f3 th\u1ec3 thu gom b\u1ed9t d\u1ec5 d\u00e0ng m\u00e0 c\u00f2n gi\u1eef cho n\u01a1i l\u00e0m vi\u1ec7c g\u1ecdn g\u00e0ng h\u01a1n.<\/p>    <figure class=\"wp-block-image aligncenter size-full\"><img loading=\"lazy\" decoding=\"async\" width=\"750\" height=\"500\" src=\"https:\/\/tianhuipackingmachine.com\/wp-content\/uploads\/2021\/11\/structure-of-grinding-miller.jpg\" alt=\"c\u1ea5u t\u1ea1o c\u1ee7a m\u00e1y nghi\u1ec1n\" class=\"wp-image-3050\" srcset=\"https:\/\/tianhuipackingmachine.com\/wp-content\/uploads\/2021\/11\/structure-of-grinding-miller.jpg 750w, https:\/\/tianhuipackingmachine.com\/wp-content\/uploads\/2021\/11\/structure-of-grinding-miller-300x200.jpg 300w\" sizes=\"auto, (max-width: 750px) 100vw, 750px\" \/><figcaption class=\"wp-element-caption\">C\u1ea5u tr\u00fac c\u1ee7a m\u00e1y m\u00e0i<\/figcaption><\/figure>    <h2 class=\"wp-block-heading\" id=\"h-related-machines\">M\u00e1y m\u00f3c li\u00ean quan<\/h2>    <p class=\"translation-block\">Thi\u1ebft b\u1ecb xay th\u1ef1c ph\u1ea9m kh\u00f4ng ch\u1ec9 c\u00f3 th\u1ec3 \u0111\u01b0\u1ee3c s\u1eed d\u1ee5ng \u0111\u1ed9c l\u1eadp, m\u00e0 c\u00f2n c\u00f3 th\u1ec3 k\u1ebft h\u1ee3p v\u1edbi m\u00e1y xay (m\u00e1y tr\u1ed9n tr\u1ed1ng, m\u00e1y tr\u1ed9n ngang t\u00f9y ch\u1ecdn), v\u00e0 <strong><a href=\"https:\/\/tianhuipackingmachine.com\/vi\/powder-packing-machine\/\">m\u00e1y \u0111\u00f3ng g\u00f3i b\u1ed9t<\/a><\/strong> \u0111\u1ec3 t\u1ea1o th\u00e0nh m\u1ed9t d\u00e2y chuy\u1ec1n s\u1ea3n xu\u1ea5t ho\u00e0n to\u00e0n t\u1ef1 \u0111\u1ed9ng. D\u00e2y chuy\u1ec1n c\u00f3 th\u1ec3 ho\u00e0n th\u00e0nh qu\u00e1 tr\u00ecnh xay, tr\u1ed9n, g\u00f3i, ni\u00eam phong v\u00e0 \u0111\u1ebfm. N\u1ebfu b\u1ea1n quan t\u00e2m, b\u1ea1n c\u00f3 th\u1ec3 li\u00ean h\u1ec7 v\u1edbi ch\u00fang t\u00f4i s\u1edbm \u0111\u1ec3 nh\u1eadn th\u00eam chi ti\u1ebft v\u00e0 gi\u00e1 t\u1ed1t nh\u1ea5t.<\/p>","protected":false},"excerpt":{"rendered":"<p>Food grinding machine&nbsp;is a grinder&nbsp;used for various dry food, like grains, rice, soybean, sugar, chili, spice, black pepper, herbs, peanut, etc. Negative pressure conveying causes the heat generated in the machine cavity to be continuously discharged during the grinding process, so it is also suitable for the milling of heat-sensitive materials. Local using the relatively [&hellip;]<\/p>\n","protected":false},"author":1,"featured_media":3036,"parent":0,"template":"","tags":[203],"product-type":[144],"class_list":["post-3035","product","type-product","status-publish","has-post-thumbnail","hentry","tag-food-grinding-machine","product-type-supporting-equipment"],"_links":{"self":[{"href":"https:\/\/tianhuipackingmachine.com\/vi\/wp-json\/wp\/v2\/product\/3035","targetHints":{"allow":["GET"]}}],"collection":[{"href":"https:\/\/tianhuipackingmachine.com\/vi\/wp-json\/wp\/v2\/product"}],"about":[{"href":"https:\/\/tianhuipackingmachine.com\/vi\/wp-json\/wp\/v2\/types\/product"}],"author":[{"embeddable":true,"href":"https:\/\/tianhuipackingmachine.com\/vi\/wp-json\/wp\/v2\/users\/1"}],"wp:featuredmedia":[{"embeddable":true,"href":"https:\/\/tianhuipackingmachine.com\/vi\/wp-json\/wp\/v2\/media\/3036"}],"wp:attachment":[{"href":"https:\/\/tianhuipackingmachine.com\/vi\/wp-json\/wp\/v2\/media?parent=3035"}],"wp:term":[{"taxonomy":"post_tag","embeddable":true,"href":"https:\/\/tianhuipackingmachine.com\/vi\/wp-json\/wp\/v2\/tags?post=3035"},{"taxonomy":"product-type","embeddable":true,"href":"https:\/\/tianhuipackingmachine.com\/vi\/wp-json\/wp\/v2\/product-type?post=3035"}],"curies":[{"name":"wp","href":"https:\/\/api.w.org\/{rel}","templated":true}]}}