{"id":2876,"date":"2021-10-11T14:28:12","date_gmt":"2021-10-11T06:28:12","guid":{"rendered":"https:\/\/tianhuipackingmachine.com\/?page_id=2876"},"modified":"2024-03-08T15:03:08","modified_gmt":"2024-03-08T07:03:08","slug":"multi-head-filling-machine","status":"publish","type":"product","link":"https:\/\/tianhuipackingmachine.com\/vi\/multi-head-filling-machine\/","title":{"rendered":"M\u00e1y chi\u1ebft r\u00f3t nhi\u1ec1u \u0111\u1ea7u"},"content":{"rendered":"<p class=\"translation-block\"><strong>M\u00e1y \u0111\u00f3ng g\u00f3i \u0111a \u0111\u1ea7u<\/strong> \u0111\u01b0\u1ee3c trang b\u1ecb nhi\u1ec1u c\u00e2n ho\u1eb7c \u0111\u1ea7u ra \u0111\u1ec3 \u0111\u00f3ng g\u00f3i nguy\u00ean li\u1ec7u. \u0110\u00e2y l\u00e0 m\u1ed9t lo\u1ea1i m\u00e1y \u0111\u00f3ng g\u00f3i \u0111\u1ecbnh l\u01b0\u1ee3ng. M\u00e1y c\u00f3 th\u1ec3 \u0111\u00f3ng g\u00f3i nguy\u00ean li\u1ec7u v\u00e0o t\u00fai, chai, lon, v.v. C\u00f3 nhi\u1ec1u lo\u1ea1i m\u00e1y \u0111\u00f3ng g\u00f3i \u0111a \u0111\u1ea7u cho b\u1ed9t, h\u1ea1t, l\u1ecfng ho\u1eb7c b\u1ed9t nh\u00e3o. Ngo\u00e0i ra, thi\u1ebft b\u1ecb \u0111\u00f3ng g\u00f3i \u0111a \u0111\u1ea7u c\u00f3 th\u1ec3 k\u1ebft h\u1ee3p v\u1edbi h\u1ec7 th\u1ed1ng \u0111\u00f3ng g\u00f3i t\u01b0\u01a1ng \u1ee9ng \u0111\u1ec3 tr\u1edf th\u00e0nh m\u00e1y \u0111\u00f3ng g\u00f3i. M\u00e1y \u0111\u00f3ng g\u00f3i t\u00fai \u0111a \u0111\u1ea7u bao g\u1ed3m m\u00e1y \u0111\u00f3ng g\u00f3i t\u00fai kh\u00ed n\u00e9n \u0111a \u0111\u1ea7u v\u00e0 m\u00e1y \u0111\u00f3ng g\u00f3i k\u1ebft h\u1ee3p \u0111a \u0111\u1ea7u. M\u00e1y kh\u00ed n\u00e9n \u0111\u01b0\u1ee3c \u0111i\u1ec1u khi\u1ec3n b\u1eb1ng l\u1ef1c kh\u00ed n\u00e9n, ho\u1ea1t \u0111\u1ed9ng \u1ed5n \u0111\u1ecbnh. Ngo\u00e0i ra, d\u1ecbch v\u1ee5 t\u00f9y ch\u1ec9nh c\u00f3 s\u1eb5n theo y\u00eau c\u1ea7u th\u1ef1c t\u1ebf c\u1ee7a b\u1ea1n.<\/p>    <h2 class=\"wp-block-heading\" id=\"h-multi-head-filling-machine-for-sale\">C\u1ea7n b\u00e1n m\u00e1y chi\u1ebft r\u00f3t nhi\u1ec1u \u0111\u1ea7u<\/h2>    <h3 class=\"wp-block-heading\" id=\"h-pneumatic-electronic-scale-filling-machine\">M\u00e1y chi\u1ebft r\u00f3t c\u00e2n \u0111i\u1ec7n t\u1eed b\u1eb1ng kh\u00ed n\u00e9n<\/h3>    <p>M\u00e1y chi\u1ebft r\u00f3t kh\u00ed n\u00e9n c\u00e2n \u0111i\u1ec7n t\u1eed c\u00f3 c\u00e1c lo\u1ea1i \u0111\u1ea7u \u0111\u00f4i, ba \u0111\u1ea7u, b\u1ed1n v\u00e0 n\u0103m \u0111\u1ea7u t\u00f9y ch\u1ecdn. C\u00e1c lo\u1ea1i v\u1eadt li\u1ec7u kh\u00e1c nhau c\u00f3 th\u1ec3 \u0111\u01b0\u1ee3c cho v\u00e0o c\u00e1c ph\u1ec5u kh\u00e1c nhau c\u00f3 c\u00e2n \u0111\u1ec3 c\u00e2n ri\u00eang c\u00e1c gam kh\u00e1c nhau v\u00e0 nh\u1eefng v\u1eadt li\u1ec7u n\u00e0y c\u00f3 th\u1ec3 \u0111\u01b0\u1ee3c cho v\u00e0o c\u00f9ng m\u1ed9t t\u00fai, chai ho\u1eb7c lon. \u0110\u1ed1i v\u1edbi c\u00f9ng m\u1ed9t s\u1ea3n ph\u1ea9m, c\u00e1c c\u1eeda n\u1ea1p nhi\u1ec1u \u0111\u1ea7u c\u00f3 th\u1ec3 \u0111\u01b0\u1ee3c thi\u1ebft l\u1eadp thay phi\u00ean nhau \u0111\u1ec3 n\u00e2ng cao hi\u1ec7u qu\u1ea3 s\u1ea3n xu\u1ea5t. N\u00f3 ph\u00f9 h\u1ee3p cho c\u00e1c h\u1ea1t v\u00e0 b\u1ed9t kh\u00e1c nhau, ch\u1eb3ng h\u1ea1n nh\u01b0 s\u1eefa b\u1ed9t, b\u1ed9t c\u00e0 ph\u00ea, b\u1ed9t m\u00ec, ng\u0169 c\u1ed1c, tr\u00e0 th\u01a1m, h\u1ea1t c\u00e0 ph\u00ea, g\u1ea1o, k\u00ea, b\u1ecfng ng\u00f4, \u0111\u1ed3 \u0103n nh\u1eb9, c\u00e1c lo\u1ea1i h\u1ea1t, h\u1ea1t, th\u1ef1c ph\u1ea9m c\u0103ng ph\u1ed3ng, qu\u1ea3 d\u00e2u t\u00e2y, ng\u0169 c\u1ed1c, tr\u00e1i c\u00e2y s\u1ea5y kh\u00f4, h\u1ea1t d\u1ebb , th\u1ee9c \u0103n cho ch\u00f3, \u0111\u1ed3 l\u1eb7t v\u1eb7t, ph\u1ee5 ki\u1ec7n ph\u1ea7n c\u1ee9ng, v.v. Ngo\u00e0i ra, m\u00e1y c\u00e2n v\u00e0 chi\u1ebft r\u00f3t c\u00f3 th\u1ec3 \u0111\u01b0\u1ee3c trang b\u1ecb h\u1ec7 th\u1ed1ng \u0111\u00f3ng g\u00f3i, c\u00e2n ho\u00e0n thi\u1ec7n, l\u00e0m t\u00fai, chi\u1ebft r\u00f3t, h\u00e0n k\u00edn v\u00e0 c\u1eaft. Con d\u1ea5u ph\u00eda sau v\u00e0 con d\u1ea5u b\u00ean l\u00e0 t\u00f9y ch\u1ecdn.<\/p>    <div class=\"wp-block-image\"><figure class=\"aligncenter size-full\"><img loading=\"lazy\" decoding=\"async\" width=\"750\" height=\"500\" src=\"https:\/\/tianhuipackingmachine.com\/wp-content\/uploads\/2021\/10\/pneumatic-multi-head-weigher-filler.jpg\" alt=\"m\u00e1y c\u00e2n nhi\u1ec1u \u0111\u1ea7u b\u1eb1ng kh\u00ed n\u00e9n\" class=\"wp-image-2879\" srcset=\"https:\/\/tianhuipackingmachine.com\/wp-content\/uploads\/2021\/10\/pneumatic-multi-head-weigher-filler.jpg 750w, https:\/\/tianhuipackingmachine.com\/wp-content\/uploads\/2021\/10\/pneumatic-multi-head-weigher-filler-300x200.jpg 300w\" sizes=\"auto, (max-width: 750px) 100vw, 750px\" \/><figcaption>m\u00e1y c\u00e2n nhi\u1ec1u \u0111\u1ea7u b\u1eb1ng kh\u00ed n\u00e9n<\/figcaption><\/figure><\/div>    <h3 class=\"wp-block-heading\" id=\"h-multi-head-liquid-filling-machine\">M\u00e1y r\u00f3t ch\u1ea5t l\u1ecfng nhi\u1ec1u \u0111\u1ea7u<\/h3>    <p class=\"translation-block\">Thi\u1ebft b\u1ecb <strong><a href=\"https:\/\/tianhuipackingmachine.com\/vi\/liquid-filling-machines\/\">\u0111\u00f3ng g\u00f3i l\u1ecfng \u0111a \u0111\u1ea7u<\/a><\/strong> c\u00f3 th\u1ec3 \u0111\u01b0\u1ee3c s\u1eed d\u1ee5ng \u0111\u1ed9c l\u1eadp ho\u1eb7c nh\u01b0 m\u1ed9t ph\u1ea7n c\u1ee7a d\u00e2y chuy\u1ec1n s\u1ea3n xu\u1ea5t. N\u00f3 c\u00f3 th\u1ec3 \u0111\u00f3ng g\u00f3i nhi\u1ec1u chai ho\u1eb7c lon c\u00f9ng m\u1ed9t l\u00fac. Ph\u1ea1m vi \u0111\u00f3ng g\u00f3i c\u1ee7a c\u00e1c m\u1eabu b\u01a1m bao g\u1ed3m 10-100ml, 50-500ml, 100-1000ml, 500-3000ml, 1000-5000ml, v.v. V\u00e0 s\u1ed1 l\u01b0\u1ee3ng \u0111\u1ea7u ra c\u00f3 th\u1ec3 \u0111\u01b0\u1ee3c t\u00f9y ch\u1ec9nh d\u1ef1a tr\u00ean nhu c\u1ea7u c\u1ee7a b\u1ea1n. M\u00e1y \u0111\u00f3ng g\u00f3i l\u1ecfng \u0111a \u0111\u1ea7u \u00e1p d\u1ee5ng thi\u1ebft b\u1ecb ch\u1ed1ng nh\u1ecf gi\u1ecdt \u0111\u1ec3 \u0111\u1ea3m b\u1ea3o \u0111\u1ed9 ch\u00ednh x\u00e1c khi \u0111\u00f3ng g\u00f3i m\u00e0 kh\u00f4ng b\u1ecb nh\u1ecf gi\u1ecdt. H\u01a1n n\u1eefa, n\u00f3 c\u00f3 th\u1ec3 k\u1ebft h\u1ee3p v\u1edbi c\u00e1c m\u00e1y kh\u00e1c \u0111\u1ec3 t\u1ea1o th\u00e0nh m\u1ed9t d\u00e2y chuy\u1ec1n s\u1ea3n xu\u1ea5t ho\u00e0n ch\u1ec9nh, nh\u01b0 m\u00e1y ph\u00e2n lo\u1ea1i chai, <strong><a href=\"https:\/\/tianhuipackingmachine.com\/vi\/vacuum-capping-machines\/\">m\u00e1y \u0111\u00f3ng n\u1eafp<\/a><\/strong>, m\u00e1y d\u00e1n nh\u00e3n, <strong><a href=\"https:\/\/tianhuipackingmachine.com\/vi\/carton-sealing-machine\/\">m\u00e1y ni\u00eam phong th\u00f9ng carton<\/a><\/strong>, v.v. N\u1ebfu b\u1ea1n mu\u1ed1n \u0111\u00f3ng g\u00f3i b\u1ed9t nh\u00e3o, c\u00f3 c\u00e1c m\u00e1y \u0111\u00f3ng g\u00f3i b\u1ed9t nh\u00e3o \u0111\u01b0\u1ee3c trang b\u1ecb b\u01a1m b\u1ed9t nh\u00e3o. V\u00e0 d\u1ecbch v\u1ee5 t\u00f9y ch\u1ec9nh \u0111\u01b0\u1ee3c cung c\u1ea5p.<\/p>    <div class=\"wp-block-image\"><figure class=\"aligncenter size-full\"><img loading=\"lazy\" decoding=\"async\" width=\"750\" height=\"500\" src=\"https:\/\/tianhuipackingmachine.com\/wp-content\/uploads\/2021\/09\/multi-head-automatic-liquid-filler.jpg\" alt=\"m\u00e1y chi\u1ebft r\u00f3t ch\u1ea5t l\u1ecfng t\u1ef1 \u0111\u1ed9ng nhi\u1ec1u \u0111\u1ea7u\" class=\"wp-image-2564\" srcset=\"https:\/\/tianhuipackingmachine.com\/wp-content\/uploads\/2021\/09\/multi-head-automatic-liquid-filler.jpg 750w, https:\/\/tianhuipackingmachine.com\/wp-content\/uploads\/2021\/09\/multi-head-automatic-liquid-filler-300x200.jpg 300w\" sizes=\"auto, (max-width: 750px) 100vw, 750px\" \/><figcaption>m\u00e1y chi\u1ebft r\u00f3t ch\u1ea5t l\u1ecfng t\u1ef1 \u0111\u1ed9ng nhi\u1ec1u \u0111\u1ea7u<\/figcaption><\/figure><\/div>    <h2 class=\"wp-block-heading\" id=\"h-pneumatic-multi-head-pouch-packing-machine-chain-bucket-packing-machine\">M\u00e1y \u0111\u00f3ng g\u00f3i t\u00fai nhi\u1ec1u \u0111\u1ea7u b\u1eb1ng kh\u00ed n\u00e9n &amp; m\u00e1y \u0111\u00f3ng g\u00f3i x\u00f4 x\u00edch<\/h2>    <p class=\"translation-block\">M\u00e1y \u0111\u00f3ng g\u00f3i t\u00fai kh\u00ed n\u00e9n \u0111a track kh\u00f4ng ch\u1ec9 c\u00f3 th\u1ec3 thi\u1ebft l\u1eadp c\u00e1c \u0111\u1ea7u ra \u0111\u1ec3 l\u1ea7n l\u01b0\u1ee3t \u0111\u00f3ng g\u00f3i c\u00f9ng m\u1ed9t nguy\u00ean li\u1ec7u m\u00e0 c\u00f2n c\u00f3 th\u1ec3 c\u00e2n c\u00e1c lo\u1ea1i nguy\u00ean li\u1ec7u kh\u00e1c nhau v\u1edbi tr\u1ecdng l\u01b0\u1ee3ng kh\u00e1c nhau m\u1ed9t c\u00e1ch ri\u00eang bi\u1ec7t v\u00e0 \u0111\u00f3ng g\u00f3i ch\u00fang v\u00e0o m\u1ed9t t\u00fai. Trong khi \u0111\u00f3, m\u00e1y \u0111\u00f3ng g\u00f3i x\u00f4 chu\u1ed7i b\u1ea3n th\u00e2n kh\u00f4ng c\u00f3 ch\u1ee9c n\u0103ng c\u00e2n. N\u00f3 c\u00f3 th\u1ec3 k\u1ebft h\u1ee3p v\u1edbi m\u1ed9t s\u1ed1 m\u00e1y <strong><a href=\"https:\/\/tianhuipackingmachine.com\/vi\/small-filling-machine\/\">m\u00e1y \u0111\u00f3ng g\u00f3i \u0111\u1ecbnh l\u01b0\u1ee3ng \u0111\u1ec3 b\u00e0n nh\u1ecf<\/a><\/strong> cho h\u1ea1t ho\u1eb7c b\u1ed9t \u0111\u1ec3 \u0111\u00f3ng g\u00f3i m\u1ed9t tr\u1ecdng l\u01b0\u1ee3ng nh\u1ea5t \u0111\u1ecbnh c\u1ee7a c\u00e1c nguy\u00ean li\u1ec7u kh\u00e1c nhau, ch\u1eb3ng h\u1ea1n nh\u01b0 tr\u00e0 th\u01a1m, ng\u0169 c\u1ed1c v\u00e0 c\u00e1c s\u1ea3n ph\u1ea9m h\u1ed7n h\u1ee3p kh\u00e1c. So v\u1edbi m\u00e1y tr\u01b0\u1edbc \u0111\u00f3, <strong><a href=\"https:\/\/tianhuipackingmachine.com\/vi\/chain-bucket-packing-machine\/\">m\u00e1y \u0111\u00f3ng g\u00f3i x\u00f4 chu\u1ed7i<\/a><\/strong> y\u00eau c\u1ea7u chi ph\u00ed cao h\u01a1n. C\u1ea3 hai \u0111\u1ec1u c\u00f3 th\u1ec3 ho\u1ea1t \u0111\u1ed9ng c\u00f9ng v\u1edbi c\u00e1c m\u00e1y h\u1ed7 tr\u1ee3, nh\u01b0 m\u00e1y c\u1ea5p li\u1ec7u, b\u0103ng t\u1ea3i \u0111\u1ea7u ra, m\u00e1y in ng\u00e0y th\u00e1ng, thi\u1ebft b\u1ecb n\u1ea1p kh\u00ed nit\u01a1, v.v.<\/p>    <div class=\"wp-block-columns is-layout-flex wp-container-core-columns-is-layout-28f84493 wp-block-columns-is-layout-flex\"> <div class=\"wp-block-column is-layout-flow wp-block-column-is-layout-flow\"> <figure class=\"wp-block-image size-full\"><img loading=\"lazy\" decoding=\"async\" width=\"600\" height=\"450\" src=\"https:\/\/tianhuipackingmachine.com\/wp-content\/uploads\/2021\/10\/pneumatic-multitrack-pouch-packing-machine.jpg\" alt=\"m\u00e1y \u0111\u00f3ng g\u00f3i t\u00fai kh\u00ed n\u00e9n nhi\u1ec1u r\u00e3nh\" class=\"wp-image-2880\" srcset=\"https:\/\/tianhuipackingmachine.com\/wp-content\/uploads\/2021\/10\/pneumatic-multitrack-pouch-packing-machine.jpg 600w, https:\/\/tianhuipackingmachine.com\/wp-content\/uploads\/2021\/10\/pneumatic-multitrack-pouch-packing-machine-300x225.jpg 300w\" sizes=\"auto, (max-width: 600px) 100vw, 600px\" \/><figcaption>M\u00e1y \u0111\u00f3ng g\u00f3i t\u00fai nhi\u1ec1u r\u00e3nh b\u1eb1ng kh\u00ed n\u00e9n<\/figcaption><\/figure> <\/div>    <div class=\"wp-block-column is-layout-flow wp-block-column-is-layout-flow\"> <figure class=\"wp-block-image size-full\"><img loading=\"lazy\" decoding=\"async\" width=\"600\" height=\"450\" src=\"https:\/\/tianhuipackingmachine.com\/wp-content\/uploads\/2021\/09\/chain-bucket-packing-machine.jpg\" alt=\"m\u00e1y \u0111\u00f3ng g\u00f3i x\u00f4 x\u00edch\" class=\"wp-image-2605\" srcset=\"https:\/\/tianhuipackingmachine.com\/wp-content\/uploads\/2021\/09\/chain-bucket-packing-machine.jpg 600w, https:\/\/tianhuipackingmachine.com\/wp-content\/uploads\/2021\/09\/chain-bucket-packing-machine-300x225.jpg 300w\" sizes=\"auto, (max-width: 600px) 100vw, 600px\" \/><figcaption>M\u00e1y \u0111\u00f3ng g\u00f3i th\u00f9ng x\u00edch<\/figcaption><\/figure> <\/div> <\/div>    <h2 class=\"wp-block-heading\" id=\"h-conclusion\">Ph\u1ea7n k\u1ebft lu\u1eadn<\/h2>    <p class=\"translation-block\">M\u00e1y \u0111\u00f3ng g\u00f3i \u0111a \u0111\u1ea7u l\u00e0 thi\u1ebft b\u1ecb \u0111\u1ec3 \u0111\u00f3ng g\u00f3i nguy\u00ean li\u1ec7u. C\u00e2n \u0111i\u1ec7n t\u1eed \u0111a \u0111\u1ea7u kh\u00ed n\u00e9n c\u00f3 th\u1ec3 l\u1ea7n l\u01b0\u1ee3t \u0111\u00f3ng g\u00f3i m\u1ed9t nguy\u00ean li\u1ec7u duy nh\u1ea5t, ho\u1eb7c c\u00e2n c\u00e1c nguy\u00ean li\u1ec7u kh\u00e1c nhau v\u1edbi tr\u1ecdng l\u01b0\u1ee3ng ri\u00eang bi\u1ec7t v\u00e0 \u0111\u00f3ng g\u00f3i c\u00f9ng m\u1ed9t l\u00fac. D\u00f9 l\u00e0 b\u1ed9t, h\u1ea1t, l\u1ecfng, hay b\u1ed9t nh\u00e3o, \u0111\u1ec1u c\u00f3 h\u1ec7 th\u1ed1ng \u0111\u00f3ng g\u00f3i v\u00e0 h\u1ec7 th\u1ed1ng \u0111\u00f3ng g\u00f3i t\u01b0\u01a1ng \u1ee9ng c\u00f3 s\u1eb5n. L\u00e0 m\u1ed9t <strong><a href=\"https:\/\/tianhuipackingmachine.com\/vi\/\">nh\u00e0 s\u1ea3n xu\u1ea5t v\u00e0 cung c\u1ea5p m\u00e1y \u0111\u00f3ng g\u00f3i<\/a><\/strong>, ch\u00fang t\u00f4i c\u0169ng cung c\u1ea5p m\u00e1y \u0111\u00f3ng g\u00f3i g\u1ed1i, <strong><a href=\"https:\/\/tianhuipackingmachine.com\/vi\/vacuum-packaging-machine\/\">m\u00e1y \u0111\u00f3ng g\u00f3i ch\u00e2n kh\u00f4ng<\/a><\/strong>, m\u00e1y ni\u00eam phong li\u00ean t\u1ee5c, m\u00e1y \u0111\u00f3ng n\u1eafp, <strong><a href=\"https:\/\/tianhuipackingmachine.com\/vi\/semi-automatic-round-bottle-labeling-machine\/\">m\u00e1y d\u00e1n nh\u00e3n<\/a><\/strong>, m\u00e1y ni\u00eam phong th\u00f9ng carton, b\u0103ng t\u1ea3i t\u1ea3i, b\u0103ng t\u1ea3i \u0111\u1ea7u ra, m\u00e1y in m\u00e3, v\u00e0 nhi\u1ec1u h\u01a1n n\u1eefa. Ngo\u00e0i ra, ch\u00fang t\u00f4i h\u1ed7 tr\u1ee3 d\u1ecbch v\u1ee5 OEM d\u1ef1a tr\u00ean y\u00eau c\u1ea7u c\u1ee5 th\u1ec3 c\u1ee7a b\u1ea1n. <strong><a href=\"https:\/\/tianhuipackingmachine.com\/vi\/contact\/\">Li\u00ean h\u1ec7 v\u1edbi ch\u00fang t\u00f4i<\/a><\/strong> \u0111\u1ec3 bi\u1ebft th\u00eam chi ti\u1ebft v\u00e0 gi\u00e1 t\u1ed1t nh\u1ea5t, v\u00e0 ch\u00fang t\u00f4i s\u1ebd tr\u1ea3 l\u1eddi b\u1ea1n c\u00e0ng s\u1edbm c\u00e0ng t\u1ed1t.<\/p>","protected":false},"excerpt":{"rendered":"<p>Multi-head filling machine is equipped with multiple weighers or outlets to fill materials. It\u2019s one kind of quantitative filling machine. The machine can fill materials into bags, bottles, cans, etc. There are a variety of multi-head filling machines for powder, granules, liquid, or paste. Besides, the multi-head filling equipment can match with accordant packaging system [&hellip;]<\/p>\n","protected":false},"author":1,"featured_media":2879,"parent":0,"template":"","tags":[162],"product-type":[141],"class_list":["post-2876","product","type-product","status-publish","has-post-thumbnail","hentry","tag-filling-machine","product-type-filling-machines"],"_links":{"self":[{"href":"https:\/\/tianhuipackingmachine.com\/vi\/wp-json\/wp\/v2\/product\/2876","targetHints":{"allow":["GET"]}}],"collection":[{"href":"https:\/\/tianhuipackingmachine.com\/vi\/wp-json\/wp\/v2\/product"}],"about":[{"href":"https:\/\/tianhuipackingmachine.com\/vi\/wp-json\/wp\/v2\/types\/product"}],"author":[{"embeddable":true,"href":"https:\/\/tianhuipackingmachine.com\/vi\/wp-json\/wp\/v2\/users\/1"}],"wp:featuredmedia":[{"embeddable":true,"href":"https:\/\/tianhuipackingmachine.com\/vi\/wp-json\/wp\/v2\/media\/2879"}],"wp:attachment":[{"href":"https:\/\/tianhuipackingmachine.com\/vi\/wp-json\/wp\/v2\/media?parent=2876"}],"wp:term":[{"taxonomy":"post_tag","embeddable":true,"href":"https:\/\/tianhuipackingmachine.com\/vi\/wp-json\/wp\/v2\/tags?post=2876"},{"taxonomy":"product-type","embeddable":true,"href":"https:\/\/tianhuipackingmachine.com\/vi\/wp-json\/wp\/v2\/product-type?post=2876"}],"curies":[{"name":"wp","href":"https:\/\/api.w.org\/{rel}","templated":true}]}}