{"id":2827,"date":"2021-09-28T16:17:47","date_gmt":"2021-09-28T08:17:47","guid":{"rendered":"https:\/\/tianhuipackingmachine.com\/?page_id=2827"},"modified":"2024-03-08T14:44:22","modified_gmt":"2024-03-08T06:44:22","slug":"flat-label-applicator","status":"publish","type":"product","link":"https:\/\/tianhuipackingmachine.com\/vi\/flat-label-applicator\/","title":{"rendered":"D\u1ee5ng c\u1ee5 d\u00e1n nh\u00e3n ph\u1eb3ng"},"content":{"rendered":"<p class=\"translation-block\"><strong>M\u00e1y d\u00e1n nh\u00e3n ph\u1eb3ng<\/strong> bao g\u1ed3m m\u00e1y d\u00e1n nh\u00e3n ph\u1eb3ng \u0111\u1ec3 b\u00e0n v\u00e0 m\u00e1y d\u00e1n nh\u00e3n ph\u1eb3ng \u0111\u1ee9ng. \u0110\u00e2y l\u00e0 m\u1ed9t m\u00e1y d\u00e1n nh\u00e3n t\u1ef1 \u0111\u1ed9ng, ph\u00f9 h\u1ee3p cho nhi\u1ec1u b\u1ec1 m\u1eb7t ph\u1eb3ng kh\u00e1c nhau, ch\u1eb3ng h\u1ea1n nh\u01b0 t\u00fai ph\u1eb3ng, h\u1ed9p, ho\u1eb7c lon c\u00f3 n\u1eafp ph\u1eb3ng, th\u00f9ng carton, v.v. M\u00e1y c\u00f3 th\u1ec3 \u0111\u01b0\u1ee3c s\u1eed d\u1ee5ng \u0111\u1ed9c l\u1eadp ho\u1eb7c k\u1ebft h\u1ee3p v\u1edbi c\u00e1c m\u00e1y kh\u00e1c \u0111\u1ec3 t\u1ea1o th\u00e0nh m\u1ed9t d\u00e2y chuy\u1ec1n s\u1ea3n xu\u1ea5t ho\u00e0n ch\u1ec9nh, nh\u01b0 m\u00e1y chi\u1ebft r\u00f3t, m\u00e1y ni\u00eam phong, m\u00e1y \u0111\u00f3ng g\u00f3i, m\u00e1y n\u1eafp, m\u00e1y t\u1ea3i, b\u0103ng t\u1ea3i, m\u00e1y in ng\u00e0y th\u00e1ng, v.v. B\u1ea1n c\u00f3 th\u1ec3 ch\u1ecdn theo nhu c\u1ea7u c\u1ee7a m\u00ecnh v\u1ec1 k\u00edch th\u01b0\u1edbc nh\u00e3n, k\u00edch th\u01b0\u1edbc c\u1ee7a c\u00e1c v\u1eadt d\u00e1n nh\u00e3n, t\u1ed1c \u0111\u1ed9 d\u00e1n nh\u00e3n, v.v. H\u01a1n n\u1eefa, b\u1ea1n c\u0169ng c\u00f3 th\u1ec3 li\u00ean h\u1ec7 v\u1edbi ch\u00fang t\u00f4i \u0111\u1ec3 nh\u1eadn \u0111\u01b0\u1ee3c nh\u1eefng g\u1ee3i \u00fd h\u1eefu \u00edch d\u1ef1a tr\u00ean y\u00eau c\u1ea7u c\u1ee7a b\u1ea1n.<\/p>    <h2 class=\"wp-block-heading\" id=\"h-flat-label-applicator-for-sale\">C\u1ea7n b\u00e1n nh\u00e3n ph\u1eb3ng<\/h2>    <p>M\u00e1y d\u00e1n nh\u00e3n t\u1ef1 \u0111\u1ed9ng cho b\u1ec1 m\u1eb7t ph\u1eb3ng \u0111\u01b0\u1ee3c b\u00e1n t\u1ea1i Top(Henan) Machinery \u0111\u01b0\u1ee3c g\u1ecdi l\u00e0 m\u00e1y d\u00e1n nh\u00e3n ph\u1eb3ng d\u1ecdc v\u00e0 m\u00e1y \u0111\u1ec3 b\u00e0n. C\u00e1i tr\u01b0\u1edbc cao h\u01a1n c\u00e1i sau. M\u00e1y \u0111\u1ee9ng thu\u1eadn ti\u1ec7n khi v\u1eadn h\u00e0nh \u1edf \u0111\u1ed9 cao th\u00edch h\u1ee3p. V\u00e0 m\u00e1y t\u00ednh \u0111\u1ec3 b\u00e0n c\u00f3 t\u00ednh di \u0111\u1ed9ng v\u00e0 th\u00e2n thi\u1ec7n v\u1edbi c\u00e1c doanh nghi\u1ec7p v\u1eeba v\u00e0 nh\u1ecf. \u0110\u1ed1i v\u1edbi t\u00fai ph\u1eb3ng, n\u00f3 c\u00f3 th\u1ec3 k\u1ebft h\u1ee3p v\u1edbi m\u00e1y r\u00f3t b\u1ed9t, h\u1ea1t, ch\u1ea5t l\u1ecfng ho\u1eb7c b\u1ed9t nh\u00e3o v\u00e0 m\u00e1y h\u00e0n t\u00fai li\u00ean t\u1ee5c \u0111\u1ec3 t\u1ea1o th\u00e0nh d\u00e2y chuy\u1ec1n s\u1ea3n xu\u1ea5t. Trong khi n\u1ebfu mu\u1ed1n d\u00e1n nh\u00e3n lon, b\u1ea1n c\u00f3 th\u1ec3 ch\u1ecdn m\u00e1y chi\u1ebft r\u00f3t d\u1ea1ng l\u1ecfng ho\u1eb7c d\u1ea1ng d\u00e1n v\u00e0 m\u00e1y \u0111\u00f3ng n\u1eafp \u0111\u1ec3 b\u1ed1 tr\u00ed d\u00e2y chuy\u1ec1n s\u1ea3n xu\u1ea5t. H\u00e3y li\u00ean h\u1ec7 v\u1edbi ch\u00fang t\u00f4i \u0111\u1ec3 bi\u1ebft th\u00eam chi ti\u1ebft.<\/p>    <div class=\"wp-block-columns is-layout-flex wp-container-core-columns-is-layout-28f84493 wp-block-columns-is-layout-flex\"> <div class=\"wp-block-column is-layout-flow wp-block-column-is-layout-flow\"> <figure class=\"wp-block-image size-full\"><img loading=\"lazy\" decoding=\"async\" width=\"750\" height=\"500\" src=\"https:\/\/tianhuipackingmachine.com\/wp-content\/uploads\/2021\/09\/vertical-automatic-flat-labeling-machine.jpg\" alt=\"m\u00e1y d\u00e1n nh\u00e3n ph\u1eb3ng t\u1ef1 \u0111\u1ed9ng d\u1ecdc\" class=\"wp-image-2830\" srcset=\"https:\/\/tianhuipackingmachine.com\/wp-content\/uploads\/2021\/09\/vertical-automatic-flat-labeling-machine.jpg 750w, https:\/\/tianhuipackingmachine.com\/wp-content\/uploads\/2021\/09\/vertical-automatic-flat-labeling-machine-300x200.jpg 300w\" sizes=\"auto, (max-width: 750px) 100vw, 750px\" \/><figcaption class=\"wp-element-caption\">M\u00e1y d\u00e1n nh\u00e3n ph\u1eb3ng t\u1ef1 \u0111\u1ed9ng d\u1ecdc<\/figcaption><\/figure> <\/div>    <div class=\"wp-block-column is-layout-flow wp-block-column-is-layout-flow\"> <figure class=\"wp-block-image size-full\"><img loading=\"lazy\" decoding=\"async\" width=\"750\" height=\"500\" src=\"https:\/\/tianhuipackingmachine.com\/wp-content\/uploads\/2021\/09\/desktop-flat-labeling-machine.jpg\" alt=\"m\u00e1y d\u00e1n nh\u00e3n ph\u1eb3ng \u0111\u1ec3 b\u00e0n\" class=\"wp-image-2831\" srcset=\"https:\/\/tianhuipackingmachine.com\/wp-content\/uploads\/2021\/09\/desktop-flat-labeling-machine.jpg 750w, https:\/\/tianhuipackingmachine.com\/wp-content\/uploads\/2021\/09\/desktop-flat-labeling-machine-300x200.jpg 300w\" sizes=\"auto, (max-width: 750px) 100vw, 750px\" \/><figcaption class=\"wp-element-caption\">M\u00e1y d\u00e1n nh\u00e3n ph\u1eb3ng \u0111\u1ec3 b\u00e0n<\/figcaption><\/figure> <\/div> <\/div>    <h2 class=\"wp-block-heading\" id=\"h-features-of-flat-surface-labeling-machine\">T\u00ednh n\u0103ng c\u1ee7a m\u00e1y d\u00e1n nh\u00e3n b\u1ec1 m\u1eb7t ph\u1eb3ng<\/h2>    <ol class=\"wp-block-list\"> <li>Thi\u1ebft k\u1ebf h\u1ee3p l\u00fd, c\u1ea5u tr\u00fac \u0111\u01a1n gi\u1ea3n, hi\u1ec7u qu\u1ea3 cao, \u1ee9ng d\u1ee5ng r\u1ed9ng r\u00e3i, \u0111\u1ed9 \u1ed3n th\u1ea5p<\/li>    <li>Ch\u1ea1y \u1ed5n \u0111\u1ecbnh, l\u00e0m vi\u1ec7c hi\u1ec7u qu\u1ea3, d\u00e1n nh\u00e3n t\u1ed1t, ho\u00e0n th\u00e0nh t\u1ef1 \u0111\u1ed9ng<\/li>    <li>C\u00f3 s\u1eb5n d\u1ee5ng c\u1ee5 d\u00e1n nh\u00e3n b\u1ec1 m\u1eb7t ph\u1eb3ng d\u1ecdc v\u00e0 m\u00e1y t\u00ednh \u0111\u1ec3 b\u00e0n.<\/li>    <li>C\u00f3 th\u1ec3 \u0111i\u1ec1u ch\u1ec9nh \u0111\u1ed9 cao c\u1ee7a nh\u00e3n, chi\u1ec1u r\u1ed9ng c\u1ee7a b\u0103ng t\u1ea3i v\u00e0 chi\u1ec1u d\u00e0i c\u1ee7a nh\u00e3n<\/li>    <li>B\u1ea3ng \u0111i\u1ec1u khi\u1ec3n th\u00f4ng minh c\u00f3 th\u1ec3 thi\u1ebft l\u1eadp nhi\u1ec1u th\u00f4ng s\u1ed1 \u0111\u1ec3 ho\u00e0n thi\u1ec7n vi\u1ec7c d\u00e1n nh\u00e3n.<\/li>    <li>T\u1ed1c \u0111\u1ed9 d\u00e1n nh\u00e3n \u0111\u01b0\u1ee3c t\u1ef1 \u0111\u1ed9ng \u0111\u1ed3ng b\u1ed9 v\u1edbi t\u1ed1c \u0111\u1ed9 c\u1ee7a b\u0103ng t\u1ea3i.<\/li>    <li>N\u00fat d\u1eebng kh\u1ea9n c\u1ea5p \u0111\u01b0\u1ee3c thi\u1ebft k\u1ebf nh\u01b0 m\u1ed9t bi\u1ec7n ph\u00e1p ph\u00f2ng ng\u1eeba an to\u00e0n.<\/li>    <li>D\u1ecbch v\u1ee5 t\u00f9y bi\u1ebfn c\u00f3 s\u1eb5n<\/li> <\/ol>    <h2 class=\"wp-block-heading\" id=\"h-applicable-objects-of-flat-label-applicator\">\u0110\u1ed1i t\u01b0\u1ee3ng \u00e1p d\u1ee5ng c\u1ee7a d\u1ee5ng c\u1ee5 d\u00e1n nh\u00e3n ph\u1eb3ng<\/h2>    <p class=\"translation-block\">M\u00e1y d\u00e1n nh\u00e3n b\u1ec1 m\u1eb7t ph\u1eb3ng ph\u00f9 h\u1ee3p cho t\u1ea5t c\u1ea3 c\u00e1c lo\u1ea1i \u0111\u1ed1i t\u01b0\u1ee3ng c\u00f3 b\u1ec1 m\u1eb7t ph\u1eb3ng trong nhi\u1ec1u ng\u00e0nh c\u00f4ng nghi\u1ec7p kh\u00e1c nhau, ch\u1eb3ng h\u1ea1n nh\u01b0 th\u1ef1c ph\u1ea9m, giao h\u00e0ng, \u0111\u1ed3 ch\u01a1i, m\u1ef9 ph\u1ea9m, \u0111\u1ed3 d\u00f9ng h\u00e0ng ng\u00e0y, v\u0103n ph\u00f2ng ph\u1ea9m, d\u01b0\u1ee3c ph\u1ea9m v\u00e0 c\u00e1c ng\u00e0nh c\u00f4ng nghi\u1ec7p kh\u00e1c. <strong><a href=\"https:\/\/tianhuipackingmachine.com\/vi\/automatic-round-bottle-labeling-machine-sale\/\">M\u00e1y d\u00e1n nh\u00e3n<\/a><\/strong> \u0111\u01b0\u1ee3c \u1ee9ng d\u1ee5ng r\u1ed9ng r\u00e3i cho c\u00e1c g\u00f3i ph\u1eb3ng, h\u1ed9p v\u00e0 th\u00f9ng carton \u0111\u1ec3 \u0111\u00f3ng g\u00f3i \u0111\u1ed3 \u0103n nh\u1eb9, h\u1ea1t, k\u1eb9o, tr\u00e1i c\u00e2y, rau qu\u1ea3, qu\u1ea7n \u00e1o, gi\u00e0y d\u00e9p, gel l\u00f4 h\u1ed9i, m\u1ef9 ph\u1ea9m, d\u1ea7u g\u1ed9i, s\u1eefa t\u1eafm, b\u1ed9t gi\u1eb7t, gi\u1ea5y, t\u00fai t\u00e0i li\u1ec7u, h\u1ed9p \u0103n tr\u01b0a, h\u1ed9p qu\u00e0, v.v.<\/p>    <figure class=\"wp-block-image aligncenter size-full\"><img loading=\"lazy\" decoding=\"async\" width=\"750\" height=\"500\" src=\"https:\/\/tianhuipackingmachine.com\/wp-content\/uploads\/2021\/09\/applications-of-flat-label-applicator.jpg\" alt=\"\u1ee9ng d\u1ee5ng c\u1ee7a d\u1ee5ng c\u1ee5 d\u00e1n nh\u00e3n ph\u1eb3ng\" class=\"wp-image-2832\" srcset=\"https:\/\/tianhuipackingmachine.com\/wp-content\/uploads\/2021\/09\/applications-of-flat-label-applicator.jpg 750w, https:\/\/tianhuipackingmachine.com\/wp-content\/uploads\/2021\/09\/applications-of-flat-label-applicator-300x200.jpg 300w\" sizes=\"auto, (max-width: 750px) 100vw, 750px\" \/><figcaption class=\"wp-element-caption\">C\u00e1c \u1ee9ng d\u1ee5ng c\u1ee7a m\u00e1y d\u00e1n nh\u00e3n ph\u1eb3ng<\/figcaption><\/figure>    <h2 class=\"wp-block-heading\" id=\"h-automatic-flat-labeling-machine-structure\">C\u1ea5u tr\u00fac m\u00e1y d\u00e1n nh\u00e3n ph\u1eb3ng t\u1ef1 \u0111\u1ed9ng<\/h2>    <p>M\u00e1y d\u00e1n nh\u00e3n cho b\u1ec1 m\u1eb7t ph\u1eb3ng bao g\u1ed3m c\u01a1 c\u1ea5u d\u00e1n nh\u00e3n, gi\u00e1 \u0111\u1ee1 nh\u00e3n, n\u00fam xoay, b\u1ea3ng \u0111i\u1ec1u khi\u1ec3n, m\u1eaft \u0111i\u1ec7n, \u0111\u1ed9ng c\u01a1, n\u00fat d\u1eebng kh\u1ea9n c\u1ea5p,\u2026 C\u1ea5u tr\u00fac m\u00e1y d\u00e1n nh\u00e3n l\u00e0 n\u01a1i d\u00e1n nh\u00e3n \u0111\u1ed3 v\u1eadt, gi\u00e1 \u0111\u1ee1 nh\u00e3n \u0111\u1ec3 c\u1ed1 \u0111\u1ecbnh nh\u00e3n cu\u1ed9n, n\u00fam xoay \u0111\u1ec3 \u0111i\u1ec1u ch\u1ec9nh \u0111\u1ed9 cao c\u1ee7a nh\u00e3n, b\u1ea3ng \u0111i\u1ec1u khi\u1ec3n \u0111\u1ec3 \u0111\u1eb7t c\u00e1c th\u00f4ng s\u1ed1 kh\u00e1c nhau. M\u1eaft \u0111i\u1ec7n r\u1ea5t nh\u1ea1y \u0111\u1ec3 ph\u00e1t hi\u1ec7n v\u1eadt li\u1ec7u, c\u1ea3i thi\u1ec7n \u0111\u1ed9 ch\u00ednh x\u00e1c khi l\u00e0m vi\u1ec7c. D\u1ee5ng c\u1ee5 d\u00e1n nh\u00e3n ph\u1eb3ng ti\u00eau chu\u1ea9n \u0111\u01b0\u1ee3c trang b\u1ecb gi\u00e1 \u0111\u1ee1 nh\u00e3n nh\u01b0ng d\u1ecbch v\u1ee5 OEM lu\u00f4n s\u1eb5n s\u00e0ng \u0111\u00e1p \u1ee9ng nhu c\u1ea7u c\u1ee7a b\u1ea1n. V\u00ed d\u1ee5: n\u1ebfu b\u1ea1n mu\u1ed1n d\u00e1n nh\u00e3n cho ph\u1ea7n tr\u00ean v\u00e0 ph\u1ea7n b\u00ean c\u1ee7a h\u1ed9p tr\u00f2n, d\u1ee5ng c\u1ee5 d\u00e1n nh\u00e3n t\u00edch h\u1ee3p c\u00f3 th\u1ec3 nh\u1eadn ra \u0111i\u1ec1u \u0111\u00f3. <\/p>    <figure class=\"wp-block-image aligncenter size-full\"><img loading=\"lazy\" decoding=\"async\" width=\"750\" height=\"500\" src=\"https:\/\/tianhuipackingmachine.com\/wp-content\/uploads\/2021\/09\/the-structure-of-labeling-machine-for-flat-surfaces.jpg\" alt=\"c\u1ea5u t\u1ea1o c\u1ee7a m\u00e1y d\u00e1n nh\u00e3n cho b\u1ec1 m\u1eb7t ph\u1eb3ng\" class=\"wp-image-2833\" srcset=\"https:\/\/tianhuipackingmachine.com\/wp-content\/uploads\/2021\/09\/the-structure-of-labeling-machine-for-flat-surfaces.jpg 750w, https:\/\/tianhuipackingmachine.com\/wp-content\/uploads\/2021\/09\/the-structure-of-labeling-machine-for-flat-surfaces-300x200.jpg 300w\" sizes=\"auto, (max-width: 750px) 100vw, 750px\" \/><figcaption class=\"wp-element-caption\">C\u1ea5u t\u1ea1o c\u1ee7a m\u00e1y d\u00e1n nh\u00e3n cho b\u1ec1 m\u1eb7t ph\u1eb3ng<\/figcaption><\/figure>    <h2 class=\"wp-block-heading\" id=\"h-related-machines\">M\u00e1y m\u00f3c li\u00ean quan<\/h2>    <p class=\"translation-block\">\u0110\u1ed1i v\u1edbi c\u00e1c m\u00e1y d\u00e1n nh\u00e3n, c\u00f3 <strong><a href=\"https:\/\/tianhuipackingmachine.com\/vi\/automatic-round-bottle-labeling-machine-sale\/\">m\u00e1y d\u00e1n nh\u00e3n chai tr\u00f2n t\u1ef1 \u0111\u1ed9ng<\/a><\/strong> v\u00e0 <strong><a href=\"https:\/\/tianhuipackingmachine.com\/vi\/semi-automatic-round-bottle-labeling-machine\/\">m\u00e1y d\u00e1n nh\u00e3n chai tr\u00f2n b\u00e1n t\u1ef1 \u0111\u1ed9ng<\/a><\/strong> \u0111\u01b0\u1ee3c b\u00e1n t\u1ea1i Top(Henen) Packing Machinery, ngo\u00e0i m\u00e1y d\u00e1n nh\u00e3n ph\u1eb3ng. Nh\u1eefng m\u00e1y d\u00e1n nh\u00e3n n\u00e0y c\u00f3 th\u1ec3 s\u1eed d\u1ee5ng \u0111\u1ed9c l\u1eadp ho\u1eb7c k\u1ebft h\u1ee3p v\u1edbi c\u00e1c m\u00e1y kh\u00e1c \u0111\u1ec3 t\u1ea1o th\u00e0nh m\u1ed9t d\u00e2y chuy\u1ec1n s\u1ea3n xu\u1ea5t, nh\u01b0 m\u00e1y chi\u1ebft r\u00f3t, m\u00e1y n\u1eafp, m\u00e1y ni\u00eam phong, m\u00e1y co nhi\u1ec7t, m\u00e1y h\u00fat ch\u00e2n kh\u00f4ng, <strong><a href=\"https:\/\/tianhuipackingmachine.com\/vi\/\">m\u00e1y \u0111\u00f3ng g\u00f3i<\/a><\/strong>, v.v. N\u1ebfu b\u1ea1n mu\u1ed1n bi\u1ebft th\u00eam th\u00f4ng tin, b\u1ea1n c\u00f3 th\u1ec3 <strong><a href=\"https:\/\/tianhuipackingmachine.com\/vi\/contact\/\">li\u00ean h\u1ec7 v\u1edbi ch\u00fang t\u00f4i<\/a><\/strong> v\u00e0 ch\u00fang t\u00f4i s\u1ebd tr\u1ea3 l\u1eddi b\u1ea1n s\u1edbm nh\u1ea5t c\u00f3 th\u1ec3.<\/p>","protected":false},"excerpt":{"rendered":"<p>Flat label applicator includes desktop flat labeling machine and a vertical flat labeling machine. It\u2019s an automatic labeling machine, suitable for various flat surfaces, such as flat bags, boxes, or cans with flat covers, cartons, etc. The machine can be used alone or matched with other machines to compose a whole production line, like filling [&hellip;]<\/p>\n","protected":false},"author":1,"featured_media":2831,"parent":0,"template":"","tags":[172],"product-type":[144],"class_list":["post-2827","product","type-product","status-publish","has-post-thumbnail","hentry","tag-labeling-machine","product-type-supporting-equipment"],"_links":{"self":[{"href":"https:\/\/tianhuipackingmachine.com\/vi\/wp-json\/wp\/v2\/product\/2827","targetHints":{"allow":["GET"]}}],"collection":[{"href":"https:\/\/tianhuipackingmachine.com\/vi\/wp-json\/wp\/v2\/product"}],"about":[{"href":"https:\/\/tianhuipackingmachine.com\/vi\/wp-json\/wp\/v2\/types\/product"}],"author":[{"embeddable":true,"href":"https:\/\/tianhuipackingmachine.com\/vi\/wp-json\/wp\/v2\/users\/1"}],"wp:featuredmedia":[{"embeddable":true,"href":"https:\/\/tianhuipackingmachine.com\/vi\/wp-json\/wp\/v2\/media\/2831"}],"wp:attachment":[{"href":"https:\/\/tianhuipackingmachine.com\/vi\/wp-json\/wp\/v2\/media?parent=2827"}],"wp:term":[{"taxonomy":"post_tag","embeddable":true,"href":"https:\/\/tianhuipackingmachine.com\/vi\/wp-json\/wp\/v2\/tags?post=2827"},{"taxonomy":"product-type","embeddable":true,"href":"https:\/\/tianhuipackingmachine.com\/vi\/wp-json\/wp\/v2\/product-type?post=2827"}],"curies":[{"name":"wp","href":"https:\/\/api.w.org\/{rel}","templated":true}]}}