{"id":2805,"date":"2021-09-25T10:07:48","date_gmt":"2021-09-25T02:07:48","guid":{"rendered":"https:\/\/tianhuipackingmachine.com\/?page_id=2805"},"modified":"2022-12-08T11:47:23","modified_gmt":"2022-12-08T03:47:23","slug":"desktop-vacuum-packing-machine","status":"publish","type":"product","link":"https:\/\/tianhuipackingmachine.com\/vi\/desktop-vacuum-packing-machine\/","title":{"rendered":"M\u00e1y \u0111\u00f3ng g\u00f3i ch\u00e2n kh\u00f4ng \u0111\u1ec3 b\u00e0n"},"content":{"rendered":"<p class=\"translation-block\"><strong>M\u00e1y \u0111\u00f3ng g\u00f3i h\u00fat ch\u00e2n kh\u00f4ng \u0111\u1ec3 b\u00e0n<\/strong> \u00e1p d\u1ee5ng cho nhi\u1ec1u lo\u1ea1i \u0111\u00f3ng g\u00f3i ch\u00e2n kh\u00f4ng th\u1ef1c ph\u1ea9m, k\u00e9o d\u00e0i th\u1eddi h\u1ea1n s\u1eed d\u1ee5ng, l\u00e0m ch\u1eadm qu\u00e1 tr\u00ecnh h\u01b0 h\u1ecfng th\u1ef1c ph\u1ea9m. M\u00e1y c\u00f3 \u01b0u \u0111i\u1ec3m l\u00e0 chi\u1ebfm \u00edt kh\u00f4ng gian, t\u00ednh di \u0111\u1ed9ng, chi ph\u00ed th\u1ea5p v\u00e0 hi\u1ec7u qu\u1ea3 ni\u00eam phong t\u1ed1t. Lo\u1ea1i m\u00e1y \u0111\u00f3ng g\u00f3i ch\u00e2n kh\u00f4ng \u0111\u1ec3 b\u00e0n n\u00e0y y\u00eau c\u1ea7u ch\u00fang ta ph\u1ea3i t\u1ef1 tay cho nguy\u00ean li\u1ec7u v\u00e0o t\u00fai l\u00e0m s\u1eb5n, sau \u0111\u00f3 \u0111\u1eb7t t\u00fai c\u00f3 nguy\u00ean li\u1ec7u v\u00e0o m\u00e1y \u0111\u1ec3 ni\u00eam phong. Do \u0111\u00f3, m\u00e1y \u0111\u00f3ng g\u00f3i ch\u00e2n kh\u00f4ng \u0111\u1ec3 b\u00e0n c\u00f2n c\u00f3 th\u1ec3 \u0111\u01b0\u1ee3c g\u1ecdi l\u00e0 m\u00e1y h\u00fat ch\u00e2n kh\u00f4ng \u0111\u1ec3 b\u00e0n.<\/p>    <h2 class=\"wp-block-heading\" id=\"h-desktop-vacuum-packing-machine-for-sale\">C\u1ea7n b\u00e1n m\u00e1y \u0111\u00f3ng g\u00f3i ch\u00e2n kh\u00f4ng \u0111\u1ec3 b\u00e0n<\/h2>    <p>M\u00e1y h\u00fat ch\u00e2n kh\u00f4ng c\u1ea7m tay \u0111\u01b0\u1ee3c b\u00e1n tr\u00ean Top Packing Machinery bao g\u1ed3m lo\u1ea1i DZ-260, chia th\u00e0nh DZ-260A, DZ-260B v\u00e0 DZ-260C. M\u00e1y \u0111\u00f3ng g\u00f3i ch\u00e2n kh\u00f4ng \u0111\u01b0\u1ee3c l\u00e0m b\u1eb1ng th\u00e9p kh\u00f4ng g\u1ec9, b\u1ec1n v\u00e0 kh\u00f4ng d\u1ec5 b\u1ecb r\u1ec9 s\u00e9t. B\u01a1m ch\u00e2n kh\u00f4ng s\u1eed d\u1ee5ng c\u00e1c b\u1ed9 ph\u1eadn c\u1ee7a th\u01b0\u01a1ng hi\u1ec7u n\u1ed5i ti\u1ebfng, h\u00fat kh\u00f4ng kh\u00ed nhanh v\u00e0 hi\u1ec7u qu\u1ea3, ho\u1ea1t \u0111\u1ed9ng hi\u1ec7u qu\u1ea3. V\u1ecf c\u1ee7a n\u00f3 trong su\u1ed1t, c\u00f3 kh\u1ea3 n\u0103ng ch\u1ed1ng \u0103n m\u00f2n, k\u00e9o d\u00e0i th\u1eddi gian s\u1eed d\u1ee5ng. N\u1ebfu mu\u1ed1n l\u1ef1a ch\u1ecdn v\u00e0 mua m\u00e1y h\u00fat ch\u00e2n kh\u00f4ng hi\u1ec7u qu\u1ea3 h\u01a1n, b\u1ea1n c\u00f3 th\u1ec3 c\u00e2n nh\u1eafc m\u00e1y \u0111\u00f3ng g\u00f3i ch\u00e2n kh\u00f4ng d\u1ea1ng bu\u1ed3ng ho\u1eb7c m\u00e1y \u0111\u00f3ng g\u00f3i ch\u00e2n kh\u00f4ng \u0111\u00f4i.<\/p>    <figure class=\"wp-block-image aligncenter size-full\"><img loading=\"lazy\" decoding=\"async\" width=\"750\" height=\"500\" src=\"https:\/\/tianhuipackingmachine.com\/wp-content\/uploads\/2021\/09\/desktop-vacuum-packing-machine.jpg\" alt=\"m\u00e1y \u0111\u00f3ng g\u00f3i ch\u00e2n kh\u00f4ng \u0111\u1ec3 b\u00e0n\" class=\"wp-image-2806\" srcset=\"https:\/\/tianhuipackingmachine.com\/wp-content\/uploads\/2021\/09\/desktop-vacuum-packing-machine.jpg 750w, https:\/\/tianhuipackingmachine.com\/wp-content\/uploads\/2021\/09\/desktop-vacuum-packing-machine-300x200.jpg 300w\" sizes=\"auto, (max-width: 750px) 100vw, 750px\" \/><figcaption class=\"wp-element-caption\">M\u00e1y \u0111\u00f3ng g\u00f3i ch\u00e2n kh\u00f4ng \u0111\u1ec3 b\u00e0n<\/figcaption><\/figure>    <h2 class=\"has-text-color wp-block-heading\" id=\"h-table-top-vacuum-sealer-parameters\" style=\"color:#ff5200\">Th\u00f4ng s\u1ed1 m\u00e1y h\u00fat ch\u00e2n kh\u00f4ng \u0111\u1ec3 b\u00e0n<\/h2>    <figure class=\"wp-block-table is-style-stripes\"><table><tbody><tr><td>Ng\u01b0\u1eddi m\u1eabu<\/td><td>DZ-260A<\/td><td>DZ-260B<\/td><td>DZ-260C<\/td><\/tr><tr><td>Ngu\u1ed3n c\u1ea5p<\/td><td> AC220V\/50Hz 110V\/60Hz <\/td><td>AC220V\/50Hz 110V\/60Hz<\/td><td>AC220V\/50Hz 110V\/60Hz<\/td><\/tr><tr><td>C\u00f4ng su\u1ea5t b\u01a1m ch\u00e2n kh\u00f4ng<\/td><td>180W<\/td><td>180W<\/td><td>120W<\/td><\/tr><tr><td>S\u1ee9c m\u1ea1nh ni\u00eam phong nhi\u1ec7t<\/td><td>260W<\/td><td>260W<\/td><td>260W<\/td><\/tr><tr><td>K\u00edch th\u01b0\u1edbc ph\u00f2ng ch\u00e2n kh\u00f4ng<\/td><td>390*285*50mm<\/td><td>390*285*50mm<\/td><td>330*270*50mm<\/td><\/tr><tr><td>Ch\u1ea5t li\u1ec7u ph\u00f2ng ch\u00e2n kh\u00f4ng<\/td><td>Th\u00e9p kh\u00f4ng g\u1ec9<\/td><td>Th\u00e9p kh\u00f4ng g\u1ec9<\/td><td>Th\u00e9p kh\u00f4ng g\u1ec9<\/td><\/tr><tr><td>K\u00edch th\u01b0\u1edbc m\u00e1y<\/td><td>490*340*380mm<\/td><td>490*340*380mm<\/td><td>405*320*340mm<\/td><\/tr><\/tbody><\/table><\/figure>    <h2 class=\"wp-block-heading\" id=\"h-features-of-tabletop-vacuum-packing-machine\">\u0110\u1eb7c \u0111i\u1ec3m c\u1ee7a m\u00e1y \u0111\u00f3ng g\u00f3i ch\u00e2n kh\u00f4ng \u0111\u1ec3 b\u00e0n<\/h2>    <ol class=\"wp-block-list\" type=\"1\"> <li>Thi\u1ebft k\u1ebf h\u1ee3p l\u00fd, c\u1ea5u tr\u00fac \u0111\u01a1n gi\u1ea3n, hi\u1ec7u \u1ee9ng b\u1ecbt k\u00edn t\u1ed1t, v\u1eadn h\u00e0nh \u0111\u01a1n gi\u1ea3n, \u1ee9ng d\u1ee5ng r\u1ed9ng r\u00e3i<\/li>    <li>K\u00edch th\u01b0\u1edbc nh\u1ecf, di \u0111\u1ed9ng, chi ph\u00ed th\u1ea5p, gi\u00e1 c\u1ea3 ph\u1ea3i ch\u0103ng, ph\u00f9 h\u1ee3p v\u1edbi doanh nghi\u1ec7p quy m\u00f4 nh\u1ecf, \u0111\u1ed9 \u1ed3n th\u1ea5p<\/li>    <li>B\u1ea3ng \u0111i\u1ec1u khi\u1ec3n th\u00f4ng minh s\u1eed d\u1ee5ng h\u1ec7 th\u1ed1ng m\u00e1y vi t\u00ednh, d\u1ec5 d\u00e0ng qu\u1ea3n l\u00fd c\u00e1c th\u00f4ng s\u1ed1 kh\u00e1c nhau<\/li>    <li>Th\u00e2n m\u00e1y \u0111\u01b0\u1ee3c l\u00e0m b\u1eb1ng th\u00e9p kh\u00f4ng g\u1ec9, b\u1ec1n, \u0111\u1eb9p<\/li>    <li>Ph\u00f2ng h\u00fat ch\u00e2n kh\u00f4ng \u0111\u01b0\u1ee3c thi\u1ebft k\u1ebf d\u1ed1c, thu\u1eadn ti\u1ec7n cho vi\u1ec7c \u0111\u1eb7t v\u1eadt li\u1ec7u \u01b0\u1edbt ho\u1eb7c c\u00f3 d\u1ea7u<\/li>    <li>V\u1ecf ch\u00e2n kh\u00f4ng trong su\u1ed1t, ch\u1ed1ng \u0103n m\u00f2n v\u00e0 r\u1ec9 s\u00e9t, t\u00ecnh tr\u1ea1ng b\u1ecbt k\u00edn t\u1ed1t<\/li>    <li>D\u1ec5 d\u00e0ng v\u1eadn h\u00e0nh v\u00e0 b\u1ea3o tr\u00ec, th\u00e1o r\u1eddi m\u00e1y kh\u1ecfi ph\u1ea7n sau c\u1ee7a m\u00e1y m\u1ed9t c\u00e1ch \u0111\u01a1n gi\u1ea3n<\/li>    <li>C\u00f4ng t\u1eafc kh\u1ea9n c\u1ea5p c\u00f3 th\u1ec3 d\u1eebng quy tr\u00ecnh khi n\u00f3 ch\u1ea1y nh\u01b0 m\u1ed9t bi\u1ec7n ph\u00e1p ph\u00f2ng ng\u1eeba an to\u00e0n<\/li> <\/ol>    <h2 class=\"wp-block-heading\" id=\"h-wide-applications-of-desktop-vacuum-sealer\">\u1ee8ng d\u1ee5ng r\u1ed9ng r\u00e3i c\u1ee7a m\u00e1y h\u00fat ch\u00e2n kh\u00f4ng \u0111\u1ec3 b\u00e0n<\/h2>    <p class=\"translation-block\">L\u00e0 m\u1ed9t lo\u1ea1i <strong><a href=\"https:\/\/tianhuipackingmachine.com\/vi\/vacuum-packaging-machine\/\">m\u00e1y h\u00fat ch\u00e2n kh\u00f4ng<\/a><\/strong>, m\u00e1y \u0111\u00f3ng g\u00f3i ch\u00e2n kh\u00f4ng \u0111\u1ec3 b\u00e0n \u00e1p d\u1ee5ng cho th\u1ecbt, tr\u00e1i c\u00e2y, rau, ng\u0169 c\u1ed1c, gia v\u1ecb, \u0111\u1ed3 \u0103n nh\u1eb9, h\u1ea3i s\u1ea3n, v.v. N\u00f3 ph\u00f9 h\u1ee3p v\u1edbi th\u1ecbt b\u00f2, th\u1ecbt c\u1eebu, th\u1ecbt l\u1ee3n, c\u00e1, g\u00e0, x\u00fac x\u00edch, th\u1ecbt x\u00f4ng kh\u00f3i, v\u1ecbt quay, t\u00e1o, m\u1eadn, \u0111\u00e0o, cam, kiwi, vi\u1ec7t qu\u1ea5t, chanh, d\u1ee9a, m\u00edt, c\u00e0 r\u1ed1t, rau xanh, \u1edbt, d\u01b0a chu\u1ed9t, \u0111\u1eadu ph\u1ee5 kh\u00f4, <strong><a href=\"https:\/\/tianhuipackingmachine.com\/vi\/rice-packaging-machine\/\">g\u1ea1o<\/a><\/strong>, y\u1ebfn m\u1ea1ch, \u0111\u1eadu n\u00e0nh, \u0111\u1eadu xanh, \u0111\u1eadu \u0111\u1ecf, g\u1ea1o \u0111en, b\u1ed9t ti\u00eau \u0111en, <strong><a href=\"https:\/\/tianhuipackingmachine.com\/vi\/chilli-powder-packing-machine\/\">b\u1ed9t \u1edbt<\/a><\/strong>, b\u1ed9t g\u1eebng, b\u1ed9t th\u00ec l\u00e0, b\u1ed9t b\u1ea1ch \u0111\u1eadu kh\u1ea5u, <strong><a href=\"https:\/\/tianhuipackingmachine.com\/vi\/tea-packaging-machine\/\">tr\u00e0<\/a><\/strong>, b\u00e1nh quy, tr\u00e1i c\u00e2y s\u1ea5y kh\u00f4, ng\u00f4, \u0111\u1eadu ph\u1ed9ng, c\u00e1c lo\u1ea1i h\u1ea1t, h\u1ea1t d\u01b0a, v.v. \u0110\u1ed1i v\u1edbi t\u00fai \u0111\u00f3ng g\u00f3i, th\u00f4ng th\u01b0\u1eddng c\u00f3 th\u1ec3 \u00e1p d\u1ee5ng c\u00e1c lo\u1ea1i t\u00fai \u0111\u00f3ng g\u00f3i ch\u00e2n kh\u00f4ng th\u00f4ng th\u01b0\u1eddng.<\/p>    <figure class=\"wp-block-image aligncenter size-full\"><img loading=\"lazy\" decoding=\"async\" width=\"750\" height=\"500\" src=\"https:\/\/tianhuipackingmachine.com\/wp-content\/uploads\/2021\/09\/table-top-vacuum-packing-machine-applications.jpg\" alt=\"\u1ee9ng d\u1ee5ng m\u00e1y \u0111\u00f3ng g\u00f3i ch\u00e2n kh\u00f4ng \u0111\u1ec3 b\u00e0n\" class=\"wp-image-2807\" srcset=\"https:\/\/tianhuipackingmachine.com\/wp-content\/uploads\/2021\/09\/table-top-vacuum-packing-machine-applications.jpg 750w, https:\/\/tianhuipackingmachine.com\/wp-content\/uploads\/2021\/09\/table-top-vacuum-packing-machine-applications-300x200.jpg 300w\" sizes=\"auto, (max-width: 750px) 100vw, 750px\" \/><figcaption class=\"wp-element-caption\">C\u00e1c \u1ee9ng d\u1ee5ng m\u00e1y \u0111\u00f3ng g\u00f3i ch\u00e2n kh\u00f4ng h\u00e0ng \u0111\u1ea7u<\/figcaption><\/figure>    <h2 class=\"wp-block-heading\" id=\"h-desktop-vacuum-packing-machine-structure\">C\u1ea5u tr\u00fac m\u00e1y \u0111\u00f3ng g\u00f3i ch\u00e2n kh\u00f4ng \u0111\u1ec3 b\u00e0n<\/h2>    <p>M\u00e1y \u0111\u00f3ng g\u00f3i ch\u00e2n kh\u00f4ng \u0111\u1ec3 b\u00e0n bao g\u1ed3m b\u01a1m ch\u00e2n kh\u00f4ng, b\u1ea3ng \u0111i\u1ec1u khi\u1ec3n, ph\u00f2ng ch\u00e2n kh\u00f4ng, d\u1ea3i ni\u00eam phong, v\u1ecf trong su\u1ed1t, v.v. Th\u1ee9 nh\u1ea5t, b\u01a1m ch\u00e2n kh\u00f4ng c\u00f3 c\u00f4ng su\u1ea5t cao, t\u1ed1c \u0111\u1ed9 b\u01a1m nhanh, hi\u1ec7u su\u1ea5t cao v\u00e0 \u0111\u1ed9 \u1ed3n th\u1ea5p. Th\u1ee9 hai, b\u1ea3ng \u0111i\u1ec1u khi\u1ec3n qu\u1ea3n l\u00fd c\u00e1c th\u00f4ng s\u1ed1 ch\u00e2n kh\u00f4ng, hi\u1ec3n th\u1ecb \u0111\u1ed9 ch\u00e2n kh\u00f4ng trong bu\u1ed3ng ch\u00e2n kh\u00f4ng, th\u1eddi gian h\u00fat b\u1ee5i, b\u1ecbt k\u00edn, l\u00e0m m\u00e1t,\u2026 Th\u1ee9 ba, b\u1ec1 m\u1eb7t ph\u00f2ng ch\u00e2n kh\u00f4ng nghi\u00eang, thu\u1eadn ti\u1ec7n \u0111\u1ec3 \u0111\u1eb7t t\u00fai ch\u00e2n kh\u00f4ng v\u1edbi ch\u1ea5t li\u1ec7u \u01b0\u1edbt ho\u1eb7c d\u1ea7u. Ngo\u00e0i ra, d\u1ea3i ni\u00eam phong \u0111\u01b0\u1ee3c s\u1eed d\u1ee5ng \u0111\u1ec3 \u0111\u1ea3m b\u1ea3o chi\u1ec1u d\u00e0i v\u00e0 chi\u1ec1u r\u1ed9ng ch\u00e2n kh\u00f4ng. V\u00e0 l\u1edbp v\u1ecf trong su\u1ed1t gi\u00fap nh\u00ecn r\u00f5 qu\u00e1 tr\u00ecnh l\u00e0m vi\u1ec7c, d\u1ec5 d\u00e0ng thao t\u00e1c.<\/p>    <h2 class=\"wp-block-heading\" id=\"h-related-machines-to-vacuum-packaging\">M\u00e1y li\u00ean quan \u0111\u1ebfn \u0111\u00f3ng g\u00f3i ch\u00e2n kh\u00f4ng<\/h2>    <p class=\"translation-block\">M\u00e1y \u0111\u00f3ng g\u00f3i ch\u00e2n kh\u00f4ng t\u1ea1i <strong><a href=\"https:\/\/tianhuipackingmachine.com\/vi\/\">Top(Henan) Packaging Machinery<\/a><\/strong> \u0111\u1ec3 b\u00e1n bao g\u1ed3m m\u00e1y \u0111\u00f3ng g\u00f3i ch\u00e2n kh\u00f4ng \u0111\u1ec3 b\u00e0n, m\u00e1y \u0111\u00f3ng g\u00f3i ch\u00e2n kh\u00f4ng m\u1ed9t bu\u1ed3ng v\u00e0 m\u00e1y \u0111\u00f3ng g\u00f3i ch\u00e2n kh\u00f4ng hai bu\u1ed3ng. So v\u1edbi m\u00e1y h\u00fat ch\u00e2n kh\u00f4ng \u0111\u1ec3 b\u00e0n, bu\u1ed3ng ch\u00e2n kh\u00f4ng c\u1ee7a <strong><a href=\"https:\/\/tianhuipackingmachine.com\/vi\/single-chamber-vacuum-packaging-machine\/\">m\u00e1y \u0111\u00f3ng g\u00f3i ch\u00e2n kh\u00f4ng m\u1ed9t bu\u1ed3ng<\/a><\/strong> c\u00f3 kh\u00f4ng gian l\u1edbn h\u01a1n \u0111\u1ec3 h\u00fat ch\u00e2n kh\u00f4ng v\u00e0 hi\u1ec7u qu\u1ea3 l\u00e0m vi\u1ec7c cao h\u01a1n. N\u1ebfu b\u1ea1n theo \u0111u\u1ed5i s\u1ea3n l\u01b0\u1ee3ng l\u1edbn h\u01a1n, th\u00ec vi\u1ec7c l\u1ef1a ch\u1ecdn <strong><a href=\"https:\/\/tianhuipackingmachine.com\/vi\/double-chamber-vacuum-packaging-machine\/\">m\u00e1y \u0111\u00f3ng g\u00f3i ch\u00e2n kh\u00f4ng hai bu\u1ed3ng<\/a><\/strong> l\u00e0 m\u1ed9t \u00fd t\u01b0\u1edfng hay. Ngo\u00e0i ra, ch\u00fang t\u00f4i c\u00f2n cung c\u1ea5p m\u00e1y chi\u1ebft r\u00f3t, m\u00e1y d\u00e1n nh\u00e3n, m\u00e1y in date, v.v. Ngo\u00e0i ra, ch\u00fang t\u00f4i c\u0169ng h\u1ed7 tr\u1ee3 d\u1ecbch v\u1ee5 t\u00f9y ch\u1ec9nh theo y\u00eau c\u1ea7u c\u1ee5 th\u1ec3 c\u1ee7a b\u1ea1n. <strong><a href=\"https:\/\/tianhuipackingmachine.com\/vi\/contact\/\">H\u00e3y li\u00ean h\u1ec7 v\u1edbi ch\u00fang t\u00f4i<\/a><\/strong> \u0111\u1ec3 bi\u1ebft th\u00eam chi ti\u1ebft.<\/p>    <figure class=\"wp-block-image aligncenter size-full\"><img loading=\"lazy\" decoding=\"async\" width=\"750\" height=\"500\" src=\"https:\/\/tianhuipackingmachine.com\/wp-content\/uploads\/2021\/09\/single-chamber-double-chamber-vacuum-sealer.jpg\" alt=\"m\u00e1y h\u00fat ch\u00e2n kh\u00f4ng bu\u1ed3ng \u0111\u01a1n v\u00e0 bu\u1ed3ng \u0111\u00f4i\" class=\"wp-image-2809\" srcset=\"https:\/\/tianhuipackingmachine.com\/wp-content\/uploads\/2021\/09\/single-chamber-double-chamber-vacuum-sealer.jpg 750w, https:\/\/tianhuipackingmachine.com\/wp-content\/uploads\/2021\/09\/single-chamber-double-chamber-vacuum-sealer-300x200.jpg 300w\" sizes=\"auto, (max-width: 750px) 100vw, 750px\" \/><figcaption class=\"wp-element-caption\">Bu\u1ed3ng \u0111\u01a1n &amp; M\u00e1y h\u00fat ch\u00e2n kh\u00f4ng bu\u1ed3ng \u0111\u00f4i<\/figcaption><\/figure>","protected":false},"excerpt":{"rendered":"<p>Desktop vacuum packing machine applies to various food vacuum packaging, extending shelf life, slowing down food spoilage. It has the advantages of small occupied space, portability, low cost, and good sealing effect. This kind of tabletop vacuum packaging machine needs us to put the material to fill in pre-made bags manually, then place the pouch [&hellip;]<\/p>\n","protected":false},"author":1,"featured_media":2806,"parent":0,"template":"","tags":[194],"product-type":[140],"class_list":["post-2805","product","type-product","status-publish","has-post-thumbnail","hentry","tag-vacuum-packing-machine","product-type-vacuum-packaging-machines"],"_links":{"self":[{"href":"https:\/\/tianhuipackingmachine.com\/vi\/wp-json\/wp\/v2\/product\/2805","targetHints":{"allow":["GET"]}}],"collection":[{"href":"https:\/\/tianhuipackingmachine.com\/vi\/wp-json\/wp\/v2\/product"}],"about":[{"href":"https:\/\/tianhuipackingmachine.com\/vi\/wp-json\/wp\/v2\/types\/product"}],"author":[{"embeddable":true,"href":"https:\/\/tianhuipackingmachine.com\/vi\/wp-json\/wp\/v2\/users\/1"}],"wp:featuredmedia":[{"embeddable":true,"href":"https:\/\/tianhuipackingmachine.com\/vi\/wp-json\/wp\/v2\/media\/2806"}],"wp:attachment":[{"href":"https:\/\/tianhuipackingmachine.com\/vi\/wp-json\/wp\/v2\/media?parent=2805"}],"wp:term":[{"taxonomy":"post_tag","embeddable":true,"href":"https:\/\/tianhuipackingmachine.com\/vi\/wp-json\/wp\/v2\/tags?post=2805"},{"taxonomy":"product-type","embeddable":true,"href":"https:\/\/tianhuipackingmachine.com\/vi\/wp-json\/wp\/v2\/product-type?post=2805"}],"curies":[{"name":"wp","href":"https:\/\/api.w.org\/{rel}","templated":true}]}}