{"id":2733,"date":"2021-09-24T09:58:04","date_gmt":"2021-09-24T01:58:04","guid":{"rendered":"https:\/\/tianhuipackingmachine.com\/?page_id=2733"},"modified":"2022-04-27T11:43:16","modified_gmt":"2022-04-27T03:43:16","slug":"electric-vertical-packing-machine","status":"publish","type":"product","link":"https:\/\/tianhuipackingmachine.com\/vi\/electric-vertical-packing-machine\/","title":{"rendered":"M\u00e1y \u0111\u00f3ng g\u00f3i d\u1ecdc \u0111i\u1ec7n"},"content":{"rendered":"<p class=\"translation-block\"><strong>M\u00e1y \u0111\u00f3ng g\u00f3i \u0111\u1ee9ng \u0111i\u1ec7n<\/strong> ch\u1ee7 y\u1ebfu bao g\u1ed3m hai ph\u1ea7n, h\u1ec7 th\u1ed1ng c\u1ea5p li\u1ec7u v\u00e0 h\u1ec7 th\u1ed1ng \u0111\u00f3ng g\u00f3i. H\u1ec7 th\u1ed1ng c\u1ea5p li\u1ec7u l\u00e0 m\u1ed9t m\u00e1y chi\u1ebft r\u00f3t nh\u1ecf cho b\u1ed9t, h\u1ea1t ho\u1eb7c hai trong m\u1ed9t. Nhi\u1ec1u ph\u1ea1m vi chi\u1ebft r\u00f3t c\u00f3 th\u1ec3 t\u00f9y ch\u1ecdn. H\u1ec7 th\u1ed1ng \u0111\u00f3ng g\u00f3i \u0111\u01b0\u1ee3c s\u1eed d\u1ee5ng \u0111\u1ec3 t\u1ea1o t\u00fai \u0111\u00f3ng g\u00f3i c\u00e1c v\u1eadt li\u1ec7u r\u01a1i t\u1eeb h\u1ec7 th\u1ed1ng c\u1ea5p li\u1ec7u. So v\u1edbi m\u00e1y \u0111\u00f3ng g\u00f3i h\u1ea1t ho\u1eb7c b\u1ed9t ti\u00eau chu\u1ea9n, m\u00e1y n\u00e0y chi\u1ebft r\u00f3t ch\u00ednh x\u00e1c h\u01a1n b\u1eb1ng c\u00e1ch c\u00e2n \u0111\u1ecbnh l\u01b0\u1ee3ng, nh\u01b0ng t\u1ed1c \u0111\u1ed9 \u0111\u00f3ng g\u00f3i ch\u1eadm h\u01a1n. V\u00e0 n\u00f3 c\u00f3 chi ph\u00ed th\u1ea5p, ph\u00f9 h\u1ee3p cho c\u00e1c doanh nghi\u1ec7p nh\u1ecf v\u00e0 v\u1eeba. Ngo\u00e0i ra, d\u1ecbch v\u1ee5 t\u00f9y ch\u1ec9nh c\u00f3 s\u1eb5n theo nhu c\u1ea7u c\u1ee7a b\u1ea1n.<\/p>    <h2 class=\"wp-block-heading\" id=\"h-electric-vertical-packaging-machine-for-sale\">C\u1ea7n b\u00e1n m\u00e1y \u0111\u00f3ng g\u00f3i d\u1ecdc ch\u1ea1y \u0111i\u1ec7n<\/h2>    <p class=\"translation-block\">M\u00e1y \u0111\u00f3ng g\u00f3i \u0111\u1ee9ng \u0111i\u1ec7n t\u1ea1i <strong><a href=\"https:\/\/tianhuipackingmachine.com\/vi\/\">Henan Top Packing machinery<\/a><\/strong> \u0111\u1ec3 b\u00e1n bao g\u1ed3m m\u00e1y \u0111\u00f3ng g\u00f3i lo\u1ea1i ni\u00eam phong b\u00ean \u0111i\u1ec7n v\u00e0 m\u00e1y \u0111\u00f3ng g\u00f3i lo\u1ea1i ni\u00eam phong ph\u00eda sau \u0111i\u1ec7n. Hai lo\u1ea1i thi\u1ebft b\u1ecb n\u00e0y kh\u00e1c nhau \u1edf m\u00e1y t\u1ea1o t\u00fai, thi\u1ebft b\u1ecb ni\u00eam phong \u0111\u1ee9ng v\u00e0 thi\u1ebft b\u1ecb ni\u00eam phong v\u00e0 c\u1eaft cu\u1ed1i. M\u00e1y c\u00f3 th\u1ec3 t\u1ea1o t\u00fai ni\u00eam phong 3 b\u00ean ho\u1eb7c t\u00fai ni\u00eam phong ph\u00eda sau. N\u00f3 c\u00f3 th\u1ec3 ho\u00e0n th\u00e0nh ri\u00eang bi\u1ec7t quy tr\u00ecnh c\u00e2n, t\u1ea1o t\u00fai, chi\u1ebft r\u00f3t, ni\u00eam phong v\u00e0 c\u1eaft. B\u1ea3ng \u0111i\u1ec1u khi\u1ec3n c\u00f3 th\u1ec3 thi\u1ebft l\u1eadp nhi\u1ec7t \u0111\u1ed9 ni\u00eam phong v\u00e0 chi\u1ec1u d\u00e0i t\u00fai, v\u00e0 hi\u1ec3n th\u1ecb nhi\u1ec7t \u0111\u1ed9 tr\u00ean, nhi\u1ec7t \u0111\u1ed9 d\u01b0\u1edbi v\u00e0 chi\u1ec1u d\u00e0i th\u1ef1c t\u1ebf.<\/p>    <figure class=\"wp-block-gallery has-nested-images columns-default is-cropped wp-block-gallery-2 is-layout-flex wp-block-gallery-is-layout-flex\"> <figure class=\"wp-block-image size-large\"><img loading=\"lazy\" decoding=\"async\" width=\"750\" height=\"500\" data-id=\"4432\" src=\"https:\/\/tianhuipackingmachine.com\/wp-content\/uploads\/2021\/12\/electric-packaging-machine-750x500.jpg\" alt=\"m\u00e1y \u0111\u00f3ng g\u00f3i \u0111i\u1ec7n\" class=\"wp-image-4432\" srcset=\"https:\/\/tianhuipackingmachine.com\/wp-content\/uploads\/2021\/12\/electric-packaging-machine.jpg 750w, https:\/\/tianhuipackingmachine.com\/wp-content\/uploads\/2021\/12\/electric-packaging-machine-480x320.jpg 480w\" sizes=\"auto, (max-width: 750px) 100vw, 750px\" \/><figcaption>M\u00e1y \u0111\u00f3ng g\u00f3i \u0111i\u1ec7n<\/figcaption><\/figure>    <figure class=\"wp-block-image size-large\"><img loading=\"lazy\" decoding=\"async\" width=\"750\" height=\"500\" data-id=\"3630\" src=\"https:\/\/tianhuipackingmachine.com\/wp-content\/uploads\/2021\/12\/Electric-VFFS-Machine-750x500.jpg\" alt=\"M\u00e1y VFFS \u0111i\u1ec7n\" class=\"wp-image-3630\" srcset=\"https:\/\/tianhuipackingmachine.com\/wp-content\/uploads\/2021\/12\/Electric-VFFS-Machine.jpg 750w, https:\/\/tianhuipackingmachine.com\/wp-content\/uploads\/2021\/12\/Electric-VFFS-Machine-480x320.jpg 480w\" sizes=\"auto, (max-width: 750px) 100vw, 750px\" \/><figcaption>M\u00e1y Vffs \u0111i\u1ec7n<\/figcaption><\/figure> <\/figure>    <h2 class=\"wp-block-heading\" id=\"h-features-of-electric-vertical-packaging-machine\">C\u00e1c t\u00ednh n\u0103ng c\u1ee7a m\u00e1y \u0111\u00f3ng g\u00f3i d\u1ecdc \u0111i\u1ec7n<\/h2>    <ol class=\"wp-block-list\" type=\"1\"><li>Thi\u1ebft k\u1ebf h\u1ee3p l\u00fd, c\u1ea5u tr\u00fac \u0111\u01a1n gi\u1ea3n, d\u1ec5 v\u1eadn h\u00e0nh<\/li><li>C\u00e2n ch\u00ednh x\u00e1c, \u0111\u1ed9 ch\u00ednh x\u00e1c cao, chi ph\u00ed th\u1ea5p, gi\u00e1 c\u1ea3 ph\u1ea3i ch\u0103ng<\/li><li>Nhi\u1ec1u ph\u1ea1m vi \u0111\u00f3ng g\u00f3i c\u00f3 th\u1ec3 \u0111\u01b0\u1ee3c l\u1ef1a ch\u1ecdn d\u1ef1a tr\u00ean nhu c\u1ea7u c\u1ee7a b\u1ea1n<\/li><li>T\u00fai ni\u00eam phong 3 m\u1eb7t v\u00e0 t\u00fai ni\u00eam phong ph\u00eda sau l\u00e0 t\u00f9y ch\u1ecdn<\/li><li>D\u1ecbch v\u1ee5 t\u00f9y bi\u1ebfn c\u00f3 s\u1eb5n<\/li><\/ol>    <h2 class=\"wp-block-heading\" id=\"h-wide-applications-of-small-electric-packing-machine\">\u1ee8ng d\u1ee5ng r\u1ed9ng r\u00e3i c\u1ee7a m\u00e1y \u0111\u00f3ng g\u00f3i \u0111i\u1ec7n nh\u1ecf<\/h2>    <p class=\"translation-block\">M\u00e1y n\u00e0y t\u01b0\u01a1ng t\u1ef1 nh\u01b0 c\u00e1c <strong><a href=\"https:\/\/tianhuipackingmachine.com\/vi\/granule-packing-machine\/\">m\u00e1y \u0111\u00f3ng g\u00f3i h\u1ea1t<\/a><\/strong> v\u00e0 m\u00e1y \u0111\u00f3ng g\u00f3i b\u1ed9t kh\u00e1c. N\u00f3 \u00e1p d\u1ee5ng cho c\u00e1c lo\u1ea1i h\u1ea1t v\u00e0 b\u1ed9t kh\u00e1c nhau, ch\u1eb3ng h\u1ea1n nh\u01b0 \u0111\u1eadu ph\u1ed9ng, h\u1ea1t c\u00e0 ph\u00ea, h\u1ea1t d\u01b0a, ng\u0169 c\u1ed1c, h\u1ea1t, y\u1ebfn m\u1ea1ch, g\u1ea1o, tr\u00e0, tr\u00e1i c\u00e2y kh\u00f4, m\u00e8, \u0111\u1eadu n\u00e0nh, \u0111\u1eadu xanh, \u0111\u1eadu \u0111\u1ecf, b\u1ed9t monosodium glutamate, mu\u1ed1i, b\u1ed9t m\u00ec, b\u1ed9t s\u1eefa, b\u1ed9t ng\u00f4, b\u1ed9t g\u1ea1o, <strong><a href=\"https:\/\/tianhuipackingmachine.com\/vi\/coffee-packaging-machine\/\">b\u1ed9t c\u00e0 ph\u00ea<\/a><\/strong>, gia v\u1ecb, <strong><a href=\"https:\/\/tianhuipackingmachine.com\/vi\/chilli-powder-packing-machine\/\">b\u1ed9t \u1edbt<\/a><\/strong>, b\u1ed9t tinh b\u1ed9t, b\u1ed9t ph\u1ea9m m\u00e0u, <strong><a href=\"https:\/\/tianhuipackingmachine.com\/vi\/detergent-powder-packing-machine\/\">b\u1ed9t gi\u1eb7t<\/a><\/strong>, v.v.<\/p>    <figure class=\"wp-block-gallery has-nested-images columns-default is-cropped wp-block-gallery-3 is-layout-flex wp-block-gallery-is-layout-flex\"> <figure class=\"wp-block-image size-large\"><img loading=\"lazy\" decoding=\"async\" width=\"750\" height=\"500\" data-id=\"4433\" src=\"https:\/\/tianhuipackingmachine.com\/wp-content\/uploads\/2021\/12\/final-packing-effect-750x500.jpg\" alt=\"hi\u1ec7u \u1ee9ng \u0111\u00f3ng g\u00f3i cu\u1ed1i c\u00f9ng\" class=\"wp-image-4433\" srcset=\"https:\/\/tianhuipackingmachine.com\/wp-content\/uploads\/2021\/12\/final-packing-effect.jpg 750w, https:\/\/tianhuipackingmachine.com\/wp-content\/uploads\/2021\/12\/final-packing-effect-480x320.jpg 480w\" sizes=\"auto, (max-width: 750px) 100vw, 750px\" \/><figcaption>Hi\u1ec7u \u1ee9ng \u0111\u00f3ng g\u00f3i cu\u1ed1i c\u00f9ng<\/figcaption><\/figure>    <figure class=\"wp-block-image size-large\"><img loading=\"lazy\" decoding=\"async\" width=\"750\" height=\"500\" data-id=\"4434\" src=\"https:\/\/tianhuipackingmachine.com\/wp-content\/uploads\/2021\/12\/packaging-effect-display-1-750x500.jpg\" alt=\"hi\u1ec3n th\u1ecb hi\u1ec7u \u1ee9ng bao b\u00ec\" class=\"wp-image-4434\" srcset=\"https:\/\/tianhuipackingmachine.com\/wp-content\/uploads\/2021\/12\/packaging-effect-display-1.jpg 750w, https:\/\/tianhuipackingmachine.com\/wp-content\/uploads\/2021\/12\/packaging-effect-display-1-480x320.jpg 480w\" sizes=\"auto, (max-width: 750px) 100vw, 750px\" \/><figcaption>Hi\u1ec3n th\u1ecb hi\u1ec7u \u1ee9ng bao b\u00ec<\/figcaption><\/figure> <\/figure>    <h2 class=\"wp-block-heading\" id=\"h-electric-vertical-form-filling-sealing-machine-working-video\">Video ho\u1ea1t \u0111\u1ed9ng c\u1ee7a m\u00e1y h\u00e0n k\u00edn d\u1ea1ng \u0111\u1ee9ng ch\u1ea1y \u0111i\u1ec7n <\/h2>   <figure class=\"wp-block-embed-youtube wp-block-embed is-type-video is-provider-youtube wp-embed-aspect-16-9 wp-has-aspect-ratio\"><div class=\"lyte-wrapper\" title=\"M\u00e1y \u0111\u00f3ng g\u00f3i d\u1ecdc \u0111i\u1ec7n | Th\u00edch h\u1ee3p cho b\u1ed9t, h\u1ea1t c\u00f3 t\u00fai d\u00ednh, t\u00fai ni\u00eam phong b\u00ean\" style=\"width:853px;max-width:100%;margin:5px auto;\"><div class=\"lyMe\" id=\"WYL_7TSMlFBWPOY\" itemprop=\"video\" itemscope itemtype=\"https:\/\/schema.org\/VideoObject\"><div><meta itemprop=\"thumbnailUrl\" content=\"https:\/\/i.ytimg.com\/vi\/7TSMlFBWPOY\/hqdefault.jpg\" \/><meta itemprop=\"embedURL\" content=\"https:\/\/www.youtube.com\/embed\/7TSMlFBWPOY\" \/><meta itemprop=\"duration\" content=\"PT4M31S\" \/><meta itemprop=\"uploadDate\" content=\"2021-12-24T04:18:33Z\" \/><\/div><div id=\"lyte_7TSMlFBWPOY\" data-src=\"https:\/\/i.ytimg.com\/vi\/7TSMlFBWPOY\/hqdefault.jpg\" class=\"pL\"><div class=\"tC\"><div class=\"tT\" itemprop=\"name\">M\u00e1y \u0111\u00f3ng g\u00f3i d\u1ecdc \u0111i\u1ec7n | Th\u00edch h\u1ee3p cho b\u1ed9t, h\u1ea1t c\u00f3 t\u00fai d\u00ednh, t\u00fai ni\u00eam phong b\u00ean<\/div><\/div><div class=\"play\"><\/div><div class=\"ctrl\"><div class=\"Lctrl\"><\/div><div class=\"Rctrl\"><\/div><\/div><\/div><noscript><a href=\"https:\/\/youtu.be\/7TSMlFBWPOY\" rel=\"nofollow noopener\" target=\"_blank\"><img loading=\"lazy\" decoding=\"async\" src=\"https:\/\/i.ytimg.com\/vi\/7TSMlFBWPOY\/0.jpg\" alt=\"M\u00e1y \u0111\u00f3ng g\u00f3i d\u1ecdc \u0111i\u1ec7n | Th\u00edch h\u1ee3p cho b\u1ed9t, h\u1ea1t c\u00f3 t\u00fai d\u00ednh, t\u00fai ni\u00eam phong b\u00ean\" width=\"853\" height=\"460\" \/><\/a><\/noscript><meta itemprop=\"description\" content=\"https:\/\/tianhuipackingmachine.com\/electric-vertical-packing-machine\/ If you are interested in it, welcome to consult us. Email: sales@toppackingmachine.com | Whatsapp\/Tel: +86 17329326135 Electric vertical packing machine applies to various powdery and granular material packaging, such as milk powder, coffee powder, spice powder, sugar, salt, peanut, banana chips, rice, etc. It has the characteristics of low cost, small occupied space, wide applicable material, and so on. There are lots of types of machines, and so can choose the suitable one according to your actual needs. If you are interested in it, welcome to consult us. Email: sales@toppackingmachine.com | Whatsapp\/Tel: +86 17329326135 https:\/\/tianhuipackingmachine.com\/electric-vertical-packing-machine\/\"><\/div><\/div><div class=\"lL\" style=\"max-width:100%;width:853px;margin:5px auto;\"> <a href=\"https:\/\/youtu.be\/7TSMlFBWPOY\" target=\"_blank\" rel=\"noopener\">Xem video n\u00e0y tr\u00ean YouTube<\/a>.<\/div><figcaption><\/figcaption><\/figure>   <h2 class=\"wp-block-heading\" id=\"h-electric-vertical-packing-machine-structure\">C\u1ea5u tr\u00fac m\u00e1y \u0111\u00f3ng g\u00f3i d\u1ecdc \u0111i\u1ec7n<\/h2>    <p class=\"translation-block\">M\u00e1y \u0111\u00f3ng g\u00f3i \u0111i\u1ec7n l\u00e0 m\u1ed9t lo\u1ea1i <strong><a href=\"https:\/\/tianhuipackingmachine.com\/vi\/vertical-packaging-machine\/\">m\u00e1y ni\u00eam phong h\u00ecnh \u0111\u1ee9ng<\/a><\/strong>. N\u00f3 bao g\u1ed3m phim \u0111\u00f3ng g\u00f3i cu\u1ed9n, ph\u1ec5u v\u1eadt li\u1ec7u, b\u1ea3ng \u0111i\u1ec1u khi\u1ec3n ki\u1ec3m so\u00e1t \u0111\u1ecbnh l\u01b0\u1ee3ng, m\u00e1y t\u1ea1o t\u00fai, b\u1ea3ng \u0111i\u1ec1u khi\u1ec3n \u0111i\u1ec1u khi\u1ec3n b\u1ecdc, c\u00f4ng t\u1eafc ngu\u1ed3n, b\u1ed9 ph\u00e2n t\u00e1ch, thi\u1ebft b\u1ecb ni\u00eam phong, b\u00e1nh xe k\u00e9o phim \u0111\u00f3ng g\u00f3i, l\u1ed7 x\u1ea3. N\u00f3 \u00e1p d\u1ee5ng c\u00e2n v\u00e0 chi\u1ebft r\u00f3t \u0111\u1ecbnh l\u01b0\u1ee3ng, r\u1ea5t ch\u00ednh x\u00e1c v\u00e0 ch\u00ednh x\u00e1c. C\u00e1c b\u1ea3ng \u0111i\u1ec1u khi\u1ec3n th\u00f4ng minh c\u00f3 th\u1ec3 thi\u1ebft l\u1eadp c\u00e1c th\u00f4ng s\u1ed1 kh\u00e1c nhau v\u1ec1 chi\u1ebft r\u00f3t v\u00e0 \u0111\u00f3ng g\u00f3i, r\u1ea5t \u0111\u01a1n gi\u1ea3n \u0111\u1ec3 v\u1eadn h\u00e0nh. M\u00e1y t\u1ea1o t\u00fai \u0111\u01b0\u1ee3c s\u1eed d\u1ee5ng \u0111\u1ec3 \u0111\u1ecbnh h\u00ecnh t\u00fai cho \u0111\u00f3ng g\u00f3i. Ni\u00eam phong nhi\u1ec7t \u1ed5n \u0111\u1ecbnh v\u00e0 hi\u1ec7u qu\u1ea3 t\u1ed1t. B\u00e1nh xe k\u00e9o phim \u0111\u00f3ng g\u00f3i k\u00e9o phim xu\u1ed1ng d\u01b0\u1edbi, th\u00fac \u0111\u1ea9y hi\u1ec7u qu\u1ea3 \u0111\u00f3ng g\u00f3i. Ngo\u00e0i ra, m\u00e1y c\u0169ng c\u00f3 th\u1ec3 k\u1ebft h\u1ee3p v\u1edbi c\u00e1c thi\u1ebft b\u1ecb kh\u00e1c, ch\u1eb3ng h\u1ea1n nh\u01b0 m\u00e1y in ng\u00e0y, thi\u1ebft b\u1ecb n\u1ea1p, thi\u1ebft b\u1ecb n\u1ea1p kh\u00ed nit\u01a1, v.v. <\/p>    <div class=\"wp-block-image\"><figure class=\"aligncenter size-large\"><img loading=\"lazy\" decoding=\"async\" width=\"750\" height=\"500\" src=\"https:\/\/tianhuipackingmachine.com\/wp-content\/uploads\/2021\/12\/structure-of-electric-verticle-packing-machine-750x500.jpg\" alt=\"c\u1ea5u tr\u00fac c\u1ee7a m\u00e1y \u0111\u00f3ng g\u00f3i \u0111i\u1ec7n\" class=\"wp-image-4317\" srcset=\"https:\/\/tianhuipackingmachine.com\/wp-content\/uploads\/2021\/12\/structure-of-electric-verticle-packing-machine.jpg 750w, https:\/\/tianhuipackingmachine.com\/wp-content\/uploads\/2021\/12\/structure-of-electric-verticle-packing-machine-480x320.jpg 480w\" sizes=\"auto, (max-width: 750px) 100vw, 750px\" \/><figcaption>c\u1ea5u tr\u00fac c\u1ee7a m\u00e1y \u0111\u00f3ng g\u00f3i \u0111i\u1ec7n<\/figcaption><\/figure><\/div>    <h2 class=\"wp-block-heading\" id=\"h-detailed-components-of-the-electric-vertical-packer\">C\u00e1c th\u00e0nh ph\u1ea7n chi ti\u1ebft c\u1ee7a m\u00e1y \u0111\u00f3ng g\u00f3i d\u1ecdc \u0111i\u1ec7n<\/h2>    <div class=\"wp-block-columns is-layout-flex wp-container-core-columns-is-layout-28f84493 wp-block-columns-is-layout-flex\"> <div class=\"wp-block-column is-layout-flow wp-block-column-is-layout-flow\"> <figure class=\"wp-block-gallery has-nested-images columns-default is-cropped wp-block-gallery-4 is-layout-flex wp-block-gallery-is-layout-flex\"> <figure class=\"wp-block-image size-large\"><img loading=\"lazy\" decoding=\"async\" width=\"750\" height=\"500\" data-id=\"4325\" src=\"https:\/\/tianhuipackingmachine.com\/wp-content\/uploads\/2021\/12\/material-hopper-750x500.jpg\" alt=\"ph\u1ec5u v\u1eadt li\u1ec7u\" class=\"wp-image-4325\" srcset=\"https:\/\/tianhuipackingmachine.com\/wp-content\/uploads\/2021\/12\/material-hopper.jpg 750w, https:\/\/tianhuipackingmachine.com\/wp-content\/uploads\/2021\/12\/material-hopper-480x320.jpg 480w\" sizes=\"auto, (max-width: 750px) 100vw, 750px\" \/><figcaption>Ph\u1ec5u nguy\u00ean li\u1ec7u<\/figcaption><\/figure>    <figure class=\"wp-block-image size-large\"><img loading=\"lazy\" decoding=\"async\" width=\"750\" height=\"500\" data-id=\"4326\" src=\"https:\/\/tianhuipackingmachine.com\/wp-content\/uploads\/2021\/12\/top-material-holder-750x500.jpg\" alt=\"ng\u01b0\u1eddi gi\u1eef v\u1eadt li\u1ec7u h\u00e0ng \u0111\u1ea7u\" class=\"wp-image-4326\" srcset=\"https:\/\/tianhuipackingmachine.com\/wp-content\/uploads\/2021\/12\/top-material-holder.jpg 750w, https:\/\/tianhuipackingmachine.com\/wp-content\/uploads\/2021\/12\/top-material-holder-480x320.jpg 480w\" sizes=\"auto, (max-width: 750px) 100vw, 750px\" \/><figcaption>Ng\u01b0\u1eddi gi\u1eef v\u1eadt li\u1ec7u h\u00e0ng \u0111\u1ea7u<\/figcaption><\/figure> <\/figure> <\/div>    <div class=\"wp-block-column is-layout-flow wp-block-column-is-layout-flow\"> <figure class=\"wp-block-gallery has-nested-images columns-default is-cropped wp-block-gallery-5 is-layout-flex wp-block-gallery-is-layout-flex\"> <figure class=\"wp-block-image size-large\"><img loading=\"lazy\" decoding=\"async\" width=\"750\" height=\"500\" data-id=\"4320\" src=\"https:\/\/tianhuipackingmachine.com\/wp-content\/uploads\/2021\/12\/control-panel-750x500.jpg\" alt=\"b\u1ea3ng \u0111i\u1ec1u khi\u1ec3n\" class=\"wp-image-4320\" srcset=\"https:\/\/tianhuipackingmachine.com\/wp-content\/uploads\/2021\/12\/control-panel.jpg 750w, https:\/\/tianhuipackingmachine.com\/wp-content\/uploads\/2021\/12\/control-panel-480x320.jpg 480w\" sizes=\"auto, (max-width: 750px) 100vw, 750px\" \/><figcaption>B\u1ea3ng \u0111i\u1ec1u khi\u1ec3n<\/figcaption><\/figure>    <figure class=\"wp-block-image size-large\"><img loading=\"lazy\" decoding=\"async\" width=\"750\" height=\"500\" data-id=\"4319\" src=\"https:\/\/tianhuipackingmachine.com\/wp-content\/uploads\/2021\/12\/coding-printer-750x500.jpg\" alt=\"m\u00e1y in m\u00e3 h\u00f3a\" class=\"wp-image-4319\" srcset=\"https:\/\/tianhuipackingmachine.com\/wp-content\/uploads\/2021\/12\/coding-printer.jpg 750w, https:\/\/tianhuipackingmachine.com\/wp-content\/uploads\/2021\/12\/coding-printer-480x320.jpg 480w\" sizes=\"auto, (max-width: 750px) 100vw, 750px\" \/><figcaption>M\u00e1y in m\u00e3 h\u00f3a<\/figcaption><\/figure> <\/figure> <\/div> <\/div>    <div class=\"wp-block-columns is-layout-flex wp-container-core-columns-is-layout-28f84493 wp-block-columns-is-layout-flex\"> <div class=\"wp-block-column is-layout-flow wp-block-column-is-layout-flow\"> <figure class=\"wp-block-gallery has-nested-images columns-default is-cropped wp-block-gallery-6 is-layout-flex wp-block-gallery-is-layout-flex\"> <figure class=\"wp-block-image size-large\"><img loading=\"lazy\" decoding=\"async\" width=\"750\" height=\"500\" data-id=\"4324\" src=\"https:\/\/tianhuipackingmachine.com\/wp-content\/uploads\/2021\/12\/heat-sealing-750x500.jpg\" alt=\"\u00e9p nhi\u1ec7t\" class=\"wp-image-4324\" srcset=\"https:\/\/tianhuipackingmachine.com\/wp-content\/uploads\/2021\/12\/heat-sealing.jpg 750w, https:\/\/tianhuipackingmachine.com\/wp-content\/uploads\/2021\/12\/heat-sealing-480x320.jpg 480w\" sizes=\"auto, (max-width: 750px) 100vw, 750px\" \/><figcaption>\u00c9p nhi\u1ec7t<\/figcaption><\/figure>    <figure class=\"wp-block-image size-large\"><img loading=\"lazy\" decoding=\"async\" width=\"750\" height=\"500\" data-id=\"4323\" src=\"https:\/\/tianhuipackingmachine.com\/wp-content\/uploads\/2021\/12\/forming-part-750x500.jpg\" alt=\"T\u1ea1o th\u00e0nh m\u1ed9t ph\u1ea7n\" class=\"wp-image-4323\" srcset=\"https:\/\/tianhuipackingmachine.com\/wp-content\/uploads\/2021\/12\/forming-part.jpg 750w, https:\/\/tianhuipackingmachine.com\/wp-content\/uploads\/2021\/12\/forming-part-480x320.jpg 480w\" sizes=\"auto, (max-width: 750px) 100vw, 750px\" \/><figcaption>T\u1ea1o th\u00e0nh m\u1ed9t ph\u1ea7n<\/figcaption><\/figure> <\/figure> <\/div>    <div class=\"wp-block-column is-layout-flow wp-block-column-is-layout-flow\"> <figure class=\"wp-block-gallery has-nested-images columns-default is-cropped wp-block-gallery-7 is-layout-flex wp-block-gallery-is-layout-flex\"> <figure class=\"wp-block-image size-large\"><img loading=\"lazy\" decoding=\"async\" width=\"750\" height=\"500\" data-id=\"4321\" src=\"https:\/\/tianhuipackingmachine.com\/wp-content\/uploads\/2021\/12\/cursor-position-tracker-750x500.jpg\" alt=\"theo d\u00f5i v\u1ecb tr\u00ed con tr\u1ecf\" class=\"wp-image-4321\" srcset=\"https:\/\/tianhuipackingmachine.com\/wp-content\/uploads\/2021\/12\/cursor-position-tracker.jpg 750w, https:\/\/tianhuipackingmachine.com\/wp-content\/uploads\/2021\/12\/cursor-position-tracker-480x320.jpg 480w\" sizes=\"auto, (max-width: 750px) 100vw, 750px\" \/><figcaption>Tr\u00ecnh theo d\u00f5i v\u1ecb tr\u00ed con tr\u1ecf<\/figcaption><\/figure>    <figure class=\"wp-block-image size-large\"><img loading=\"lazy\" decoding=\"async\" width=\"750\" height=\"500\" data-id=\"4322\" src=\"https:\/\/tianhuipackingmachine.com\/wp-content\/uploads\/2021\/12\/feeding-clamp-wheel-750x500.jpg\" alt=\"b\u00e1nh xe k\u1eb9p cho \u0103n\" class=\"wp-image-4322\" srcset=\"https:\/\/tianhuipackingmachine.com\/wp-content\/uploads\/2021\/12\/feeding-clamp-wheel.jpg 750w, https:\/\/tianhuipackingmachine.com\/wp-content\/uploads\/2021\/12\/feeding-clamp-wheel-480x320.jpg 480w\" sizes=\"auto, (max-width: 750px) 100vw, 750px\" \/><figcaption>B\u00e1nh k\u1eb9p cho \u0103n<\/figcaption><\/figure> <\/figure> <\/div> <\/div>    <h2 class=\"has-text-color wp-block-heading\" id=\"h-electric-side-seal-vertical-packaging-machine-parameters\" style=\"color:#ff5200\">Th\u00f4ng s\u1ed1 m\u00e1y \u0111\u00f3ng g\u00f3i d\u1ecdc con d\u1ea5u \u0111i\u1ec7n<\/h2>    <figure class=\"wp-block-table is-style-stripes\"><table><tbody><tr><td>Ng\u01b0\u1eddi m\u1eabu<\/td><td>CF-200<\/td><td>CF-260<\/td><td>CF-300<\/td><\/tr><tr><td>Quy\u1ec1n l\u1ef1c<\/td><td>600W<\/td><td>700W<\/td><td>800W<\/td><\/tr><tr><td>T\u1ed1c \u0111\u1ed9 \u0111\u00f3ng g\u00f3i<\/td><td>700-1200 t\u00fai\/gi\u1edd<\/td><td>650-1000 t\u00fai\/gi\u1edd<\/td><td>650-1000 t\u00fai\/gi\u1edd<\/td><\/tr><tr><td>Chi\u1ec1u r\u1ed9ng m\u00e0ng bao b\u00ec<\/td><td>5-20cm<\/td><td>21-26cm<\/td><td>27-30cm<\/td><\/tr><tr><td>Chi\u1ec1u d\u00e0i t\u00fai<\/td><td>3-17cm<\/td><td>3-22cm<\/td><td>3-22cm<\/td><\/tr><tr><td>K\u00edch th\u01b0\u1edbc m\u00e1y<\/td><td>45*55*148cm<\/td><td>56*63*168cm<\/td><td>56*63*168<\/td><\/tr><\/tbody><\/table><\/figure>    <h2 class=\"has-text-color wp-block-heading\" id=\"h-electric-back-seal-vertical-packaging-machine-parameters\" style=\"color:#ff5200\">Th\u00f4ng s\u1ed1 m\u00e1y \u0111\u00f3ng g\u00f3i d\u1ecdc con d\u1ea5u \u0111i\u1ec7n<\/h2>    <figure class=\"wp-block-table is-style-stripes\"><table><tbody><tr><td>Ng\u01b0\u1eddi m\u1eabu<\/td><td>BF-200<\/td><td>BF-260<\/td><td>BF-340<\/td><td>BF-440<\/td><\/tr><tr><td>Quy\u1ec1n l\u1ef1c<\/td><td>600W<\/td><td>700W<\/td><td>800W<\/td><td>900W<\/td><\/tr><tr><td>T\u1ed1c \u0111\u1ed9 \u0111\u00f3ng g\u00f3i<\/td><td>700-1200 t\u00fai\/gi\u1edd<\/td><td>650-1000 t\u00fai\/gi\u1edd<\/td><td>650-1000 t\u00fai\/gi\u1edd<\/td><td>600-950 t\u00fai\/gi\u1edd<\/td><\/tr><tr><td>Chi\u1ec1u r\u1ed9ng m\u00e0ng bao b\u00ec<\/td><td>5-20cm<\/td><td>21-26cm<\/td><td>27-34cm<\/td><td>35-44cm<\/td><\/tr><tr><td>Chi\u1ec1u d\u00e0i t\u00fai<\/td><td>3-17cm<\/td><td>3-22cm<\/td><td>3-22cm<\/td><td>5-27cm<\/td><\/tr><tr><td>K\u00edch th\u01b0\u1edbc m\u00e1y<\/td><td>45*55*148cm<\/td><td>56*63*168cm<\/td><td>56*63*168cm<\/td><td>66*77*180cm<\/td><\/tr><\/tbody><\/table><\/figure>    <h2 class=\"wp-block-heading\" id=\"h-conclusion\">Ph\u1ea7n k\u1ebft lu\u1eadn<\/h2>    <p class=\"translation-block\">M\u00e1y \u0111\u00f3ng g\u00f3i \u0111\u1ee9ng \u0111i\u1ec7n c\u00f3 th\u1ec3 t\u1ef1 \u0111\u1ed9ng ho\u00e0n th\u00e0nh quy tr\u00ecnh \u0111\u00f3ng g\u00f3i. T\u1ed1c \u0111\u1ed9 l\u00e0m vi\u1ec7c c\u1ee7a n\u00f3 ch\u1eadm h\u01a1n so v\u1edbi m\u00e1y \u0111\u00f3ng g\u00f3i h\u1ea1t ti\u00eau chu\u1ea9n v\u00e0 <strong><a href=\"https:\/\/tianhuipackingmachine.com\/vi\/powder-packing-machine\/\">m\u00e1y \u0111\u00f3ng g\u00f3i b\u1ed9t<\/a><\/strong>, nh\u01b0ng \u0111\u1ed9 ch\u00ednh x\u00e1c chi\u1ebft r\u00f3t cao h\u01a1n v\u00ec m\u00e1y \u00e1p d\u1ee5ng c\u00e2n v\u00e0 chi\u1ebft r\u00f3t \u0111\u1ecbnh l\u01b0\u1ee3ng, thay v\u00ec c\u1ed1c \u0111o ho\u1eb7c gi\u1eadn d\u1eef. Ngo\u00e0i ra, n\u00f3 c\u0169ng c\u00f3 nh\u1eefng l\u1ee3i th\u1ebf v\u1ec1 chi ph\u00ed th\u1ea5p, gi\u00e1 c\u1ea3 ph\u1ea3i ch\u0103ng, ph\u00f9 h\u1ee3p cho c\u00e1c doanh nghi\u1ec7p nh\u1ecf v\u00e0 v\u1eeba. N\u1ebfu b\u1ea1n mu\u1ed1n <strong><a href=\"https:\/\/tianhuipackingmachine.com\/vi\/contact\/\">c\u00f3 th\u00eam chi ti\u1ebft<\/a><\/strong> ho\u1eb7c tr\u1edf th\u00e0nh nh\u00e0 ph\u00e2n ph\u1ed1i, b\u1ea1n c\u00f3 th\u1ec3 li\u00ean h\u1ec7 v\u1edbi ch\u00fang t\u00f4i v\u00e0 ch\u00fang t\u00f4i s\u1ebd tr\u1ea3 l\u1eddi b\u1ea1n c\u00e0ng s\u1edbm c\u00e0ng t\u1ed1t.<\/p>","protected":false},"excerpt":{"rendered":"<p>Electric vertical packing machine mainly consists of two parts, feeding system, and packaging system. The feeding system is a small filling machine for powder, granule, or two-in-one. Many filling scopes are optional. The packaging system is used to make bags to package falling materials from the feeding system. Compared with a standard granule or powder [&hellip;]<\/p>\n","protected":false},"author":1,"featured_media":2743,"parent":0,"template":"","tags":[199],"product-type":[145],"class_list":["post-2733","product","type-product","status-publish","has-post-thumbnail","hentry","tag-vertical-packing-machine","product-type-other-products"],"_links":{"self":[{"href":"https:\/\/tianhuipackingmachine.com\/vi\/wp-json\/wp\/v2\/product\/2733","targetHints":{"allow":["GET"]}}],"collection":[{"href":"https:\/\/tianhuipackingmachine.com\/vi\/wp-json\/wp\/v2\/product"}],"about":[{"href":"https:\/\/tianhuipackingmachine.com\/vi\/wp-json\/wp\/v2\/types\/product"}],"author":[{"embeddable":true,"href":"https:\/\/tianhuipackingmachine.com\/vi\/wp-json\/wp\/v2\/users\/1"}],"wp:featuredmedia":[{"embeddable":true,"href":"https:\/\/tianhuipackingmachine.com\/vi\/wp-json\/wp\/v2\/media\/2743"}],"wp:attachment":[{"href":"https:\/\/tianhuipackingmachine.com\/vi\/wp-json\/wp\/v2\/media?parent=2733"}],"wp:term":[{"taxonomy":"post_tag","embeddable":true,"href":"https:\/\/tianhuipackingmachine.com\/vi\/wp-json\/wp\/v2\/tags?post=2733"},{"taxonomy":"product-type","embeddable":true,"href":"https:\/\/tianhuipackingmachine.com\/vi\/wp-json\/wp\/v2\/product-type?post=2733"}],"curies":[{"name":"wp","href":"https:\/\/api.w.org\/{rel}","templated":true}]}}