{"id":2710,"date":"2021-09-23T15:38:40","date_gmt":"2021-09-23T07:38:40","guid":{"rendered":"https:\/\/tianhuipackingmachine.com\/?page_id=2710"},"modified":"2023-01-18T15:30:04","modified_gmt":"2023-01-18T07:30:04","slug":"shisha-charcoal-packing-machine","status":"publish","type":"product","link":"https:\/\/tianhuipackingmachine.com\/vi\/shisha-charcoal-packing-machine\/","title":{"rendered":"M\u00e1y \u0111\u00f3ng g\u00f3i than Shisha"},"content":{"rendered":"<p class=\"translation-block\"><strong>M\u00e1y \u0111\u00f3ng g\u00f3i than shisha<\/strong> ho\u1eb7c m\u00e1y \u0111\u00f3ng g\u00f3i than hookah l\u00e0 m\u1ed9t lo\u1ea1i m\u00e1y \u0111\u00f3ng g\u00f3i theo d\u00f2ng ngang. N\u00f3 \u0111\u01b0\u1ee3c cung c\u1ea5p n\u0103ng l\u01b0\u1ee3ng b\u1eb1ng \u0111i\u1ec7n v\u00e0 \u0111\u01b0\u1ee3c \u0111i\u1ec1u khi\u1ec3n b\u1edfi h\u1ec7 th\u1ed1ng \u0111i\u1ec1u khi\u1ec3n PLC th\u00f4ng minh. V\u1edbi v\u1eadt li\u1ec7u th\u00e9p kh\u00f4ng g\u1ec9 304 v\u00e0 c\u1ea5u tr\u00fac h\u1ee3p l\u00fd, m\u00e1y \u0111\u00f3ng g\u00f3i than shisha c\u00f3 \u0111\u1ed9 b\u1ec1n cao v\u00e0 th\u1eddi gian s\u1eed d\u1ee5ng l\u00e2u d\u00e0i. B\u00ean c\u1ea1nh \u0111\u00f3, n\u00f3 r\u1ea5t d\u1ec5 d\u00e0ng \u0111\u1ec3 l\u1eafp \u0111\u1eb7t, v\u1eadn h\u00e0nh v\u00e0 b\u1ea3o tr\u00ec. Thi\u1ebft b\u1ecb \u0111\u00f3ng g\u00f3i than shisha \u0111ang b\u00e1n t\u1eeb Henan Top Packing Machinery c\u00f3 ch\u1ea5t l\u01b0\u1ee3ng cao v\u00e0 gi\u00e1 c\u1ea3 c\u1ea1nh tranh. V\u00e0 \u0111\u01b0\u1ee3c r\u1ea5t nhi\u1ec1u kh\u00e1ch h\u00e0ng y\u00eau th\u00edch. Ch\u00e0o m\u1eebng b\u1ea1n li\u00ean h\u1ec7 v\u1edbi ch\u00fang t\u00f4i \u0111\u1ec3 bi\u1ebft gi\u00e1 m\u1edbi nh\u1ea5t.<\/p>    <figure class=\"wp-block-image aligncenter size-large\"><img loading=\"lazy\" decoding=\"async\" width=\"750\" height=\"500\" src=\"https:\/\/tianhuipackingmachine.com\/wp-content\/uploads\/2022\/01\/shisha-charcoal-packing-machine-750x500.jpg\" alt=\"m\u00e1y \u0111\u00f3ng g\u00f3i than shisha\" class=\"wp-image-5054\" srcset=\"https:\/\/tianhuipackingmachine.com\/wp-content\/uploads\/2022\/01\/shisha-charcoal-packing-machine.jpg 750w, https:\/\/tianhuipackingmachine.com\/wp-content\/uploads\/2022\/01\/shisha-charcoal-packing-machine-480x320.jpg 480w\" sizes=\"auto, (max-width: 750px) 100vw, 750px\" \/><figcaption class=\"wp-element-caption\">M\u00e1y \u0111\u00f3ng g\u00f3i than Shisha<\/figcaption><\/figure>    <h2 class=\"wp-block-heading\" id=\"h-detailed-components-of-the-ring-shisha-charcoal-packing-equipment\">C\u00e1c th\u00e0nh ph\u1ea7n chi ti\u1ebft c\u1ee7a m\u00e1y \u0111\u00f3ng g\u00f3i than shisha d\u1ea1ng v\u00f2ng<\/h2>    <p class=\"translation-block\">M\u1ed9t d\u00e2y chuy\u1ec1n s\u1ea3n xu\u1ea5t \u0111\u00f3ng g\u00f3i than hookah ch\u1ee7 y\u1ebfu bao g\u1ed3m m\u1ed9t b\u0103ng t\u1ea3i, m\u1ed9t m\u00e1y c\u1ea5p li\u1ec7u v\u00e0 m\u1ed9t m\u00e1y \u0111\u00f3ng g\u00f3i g\u1ed1i. Sau khi ng\u01b0\u1eddi v\u1eadn h\u00e0nh \u0111\u1eb7t nguy\u00ean li\u1ec7u l\u00ean b\u0103ng t\u1ea3i, n\u00f3 s\u1ebd v\u1eadn chuy\u1ec3n ch\u00fang \u0111\u1ebfn m\u00e1y c\u1ea5p li\u1ec7u. M\u00e1y c\u1ea5p li\u1ec7u c\u00f3 th\u1ec3 t\u00e1ch c\u00e1c vi\u00ean than shisha v\u00e0 k\u1ebft h\u1ee3p ch\u00fang th\u00e0nh c\u00e1c nh\u00f3m \u0111\u1ec3 \u0111\u00f3ng g\u00f3i. C\u00f3 r\u1ea5t nhi\u1ec1u kh\u00f3a tr\u00ean m\u00e1y \u0111\u00f3ng g\u00f3i theo d\u00f2ng \u0111\u1ec3 thi\u1ebft b\u1ecb c\u00f3 th\u1ec3 gi\u1eef cho than hookah c\u00f3 h\u00ecnh d\u1ea1ng tr\u1ee5 trong qu\u00e1 tr\u00ecnh \u0111\u00f3ng g\u00f3i. N\u1ebfu b\u1ea1n c\u1ea7n \u0111\u00f3ng g\u00f3i ch\u00fang v\u00e0o th\u00f9ng carton, ch\u00fang t\u00f4i c\u0169ng cung c\u1ea5p <a href=\"https:\/\/tianhuipackingmachine.com\/vi\/carton-sealing-machine\/\">m\u00e1y ni\u00eam phong v\u00e0 th\u1eaft ch\u1eb7t th\u00f9ng carton<\/a>. Ch\u00e0o m\u1eebng b\u1ea1n tham kh\u1ea3o n\u1ebfu b\u1ea1n quan t\u00e2m \u0111\u1ebfn lo\u1ea1i m\u00e1y \u0111\u00f3ng g\u00f3i n\u00e0y.<\/p>    <figure class=\"wp-block-gallery has-nested-images columns-default is-cropped wp-block-gallery-2 is-layout-flex wp-block-gallery-is-layout-flex\"> <figure class=\"wp-block-image size-large\"><img loading=\"lazy\" decoding=\"async\" width=\"750\" height=\"500\" data-id=\"5045\" src=\"https:\/\/tianhuipackingmachine.com\/wp-content\/uploads\/2022\/01\/conveyor-belts-for-hookah-charcoal-750x500.jpg\" alt=\"\" class=\"wp-image-5045\" srcset=\"https:\/\/tianhuipackingmachine.com\/wp-content\/uploads\/2022\/01\/conveyor-belts-for-hookah-charcoal.jpg 750w, https:\/\/tianhuipackingmachine.com\/wp-content\/uploads\/2022\/01\/conveyor-belts-for-hookah-charcoal-480x320.jpg 480w\" sizes=\"auto, (max-width: 750px) 100vw, 750px\" \/><figcaption class=\"wp-element-caption\">B\u0103ng t\u1ea3i than Hookah<\/figcaption><\/figure>    <figure class=\"wp-block-image size-large\"><img loading=\"lazy\" decoding=\"async\" width=\"750\" height=\"500\" data-id=\"5039\" src=\"https:\/\/tianhuipackingmachine.com\/wp-content\/uploads\/2022\/01\/feeding-machine-for-sets-of-shisha-charcoal-750x500.jpg\" alt=\"m\u00e1y cho \u0103n b\u1ed9 than shisha\" class=\"wp-image-5039\" srcset=\"https:\/\/tianhuipackingmachine.com\/wp-content\/uploads\/2022\/01\/feeding-machine-for-sets-of-shisha-charcoal.jpg 750w, https:\/\/tianhuipackingmachine.com\/wp-content\/uploads\/2022\/01\/feeding-machine-for-sets-of-shisha-charcoal-480x320.jpg 480w\" sizes=\"auto, (max-width: 750px) 100vw, 750px\" \/><figcaption class=\"wp-element-caption\">M\u00e1y cho \u0103n b\u1ed9 than Shisha<\/figcaption><\/figure>    <figure class=\"wp-block-image size-large\"><img loading=\"lazy\" decoding=\"async\" width=\"750\" height=\"500\" data-id=\"5044\" src=\"https:\/\/tianhuipackingmachine.com\/wp-content\/uploads\/2022\/01\/the-place-for-putting-a-group-of-hookah-charcoal-750x500.jpg\" alt=\"n\u01a1i \u0111\u1eb7t m\u1ed9t nh\u00f3m than hookah\" class=\"wp-image-5044\" srcset=\"https:\/\/tianhuipackingmachine.com\/wp-content\/uploads\/2022\/01\/the-place-for-putting-a-group-of-hookah-charcoal.jpg 750w, https:\/\/tianhuipackingmachine.com\/wp-content\/uploads\/2022\/01\/the-place-for-putting-a-group-of-hookah-charcoal-480x320.jpg 480w\" sizes=\"auto, (max-width: 750px) 100vw, 750px\" \/><figcaption class=\"wp-element-caption\">N\u01a1i \u0110\u1ec3 Nh\u00f3m Than Hookah<\/figcaption><\/figure> <\/figure>    <figure class=\"wp-block-gallery has-nested-images columns-default is-cropped wp-block-gallery-3 is-layout-flex wp-block-gallery-is-layout-flex\"> <figure class=\"wp-block-image size-large\"><img loading=\"lazy\" decoding=\"async\" width=\"750\" height=\"500\" data-id=\"5041\" src=\"https:\/\/tianhuipackingmachine.com\/wp-content\/uploads\/2022\/01\/shisha-charcoal-packaging-production-line-750x500.jpg\" alt=\"d\u00e2y chuy\u1ec1n s\u1ea3n xu\u1ea5t bao b\u00ec than shisha\" class=\"wp-image-5041\" srcset=\"https:\/\/tianhuipackingmachine.com\/wp-content\/uploads\/2022\/01\/shisha-charcoal-packaging-production-line.jpg 750w, https:\/\/tianhuipackingmachine.com\/wp-content\/uploads\/2022\/01\/shisha-charcoal-packaging-production-line-480x320.jpg 480w\" sizes=\"auto, (max-width: 750px) 100vw, 750px\" \/><figcaption class=\"wp-element-caption\">D\u00e2y chuy\u1ec1n s\u1ea3n xu\u1ea5t bao b\u00ec than Shisha<\/figcaption><\/figure>    <figure class=\"wp-block-image size-large\"><img loading=\"lazy\" decoding=\"async\" width=\"750\" height=\"500\" data-id=\"5051\" src=\"https:\/\/tianhuipackingmachine.com\/wp-content\/uploads\/2022\/01\/upper-roll-film-device-750x500.jpg\" alt=\"thi\u1ebft b\u1ecb m\u00e0ng cu\u1ed9n tr\u00ean\" class=\"wp-image-5051\" srcset=\"https:\/\/tianhuipackingmachine.com\/wp-content\/uploads\/2022\/01\/upper-roll-film-device.jpg 750w, https:\/\/tianhuipackingmachine.com\/wp-content\/uploads\/2022\/01\/upper-roll-film-device-480x320.jpg 480w\" sizes=\"auto, (max-width: 750px) 100vw, 750px\" \/><figcaption class=\"wp-element-caption\">Thi\u1ebft b\u1ecb m\u00e0ng cu\u1ed9n tr\u00ean<\/figcaption><\/figure>    <figure class=\"wp-block-image size-large\"><img loading=\"lazy\" decoding=\"async\" width=\"750\" height=\"500\" data-id=\"5048\" src=\"https:\/\/tianhuipackingmachine.com\/wp-content\/uploads\/2022\/01\/PLC-touch-screen-750x500.jpg\" alt=\"M\u00e0n h\u00ecnh c\u1ea3m \u1ee9ng PLC\" class=\"wp-image-5048\" srcset=\"https:\/\/tianhuipackingmachine.com\/wp-content\/uploads\/2022\/01\/PLC-touch-screen.jpg 750w, https:\/\/tianhuipackingmachine.com\/wp-content\/uploads\/2022\/01\/PLC-touch-screen-480x320.jpg 480w\" sizes=\"auto, (max-width: 750px) 100vw, 750px\" \/><figcaption class=\"wp-element-caption\">M\u00e0n h\u00ecnh c\u1ea3m \u1ee9ng Plc<\/figcaption><\/figure> <\/figure>    <h2 class=\"wp-block-heading\" id=\"h-features-of-hookah-charcoal-packaging-machine\">C\u00e1c t\u00ednh n\u0103ng c\u1ee7a m\u00e1y \u0111\u00f3ng g\u00f3i than hookah<\/h2>    <ol class=\"wp-block-list\" type=\"1\"> <li>thi\u1ebft k\u1ebf tuy\u1ec7t v\u1eddi, c\u1ea5u tr\u00fac \u0111\u01a1n gi\u1ea3n, hi\u1ec7u su\u1ea5t \u1ed5n \u0111\u1ecbnh<\/li>    <li>H\u1ec7 th\u1ed1ng \u0111i\u1ec1u khi\u1ec3n th\u00f4ng minh PLC, d\u1ec5 v\u1eadn h\u00e0nh v\u00e0 n\u00e2ng c\u1ea5p<\/li>    <li>Thi\u1ebft b\u1ecb b\u1ea3o v\u1ec7 an to\u00e0n \u0111\u00e1ng tin c\u1eady \u0111\u1ec3 \u0111\u1ea3m b\u1ea3o an to\u00e0n cho ng\u01b0\u1eddi v\u1eadn h\u00e0nh<\/li>    <li>H\u1ec7 th\u1ed1ng \u0111\u1ed9ng c\u01a1 servo, ho\u1ea1t \u0111\u1ed9ng ch\u00ednh x\u00e1c v\u00e0 hi\u1ec7u qu\u1ea3<\/li>    <li>\u0110i\u1ec1u khi\u1ec3n PID nhi\u1ec7t \u0111\u1ed9 \u0111\u1ed9c l\u1eadp, th\u00edch h\u1ee3p \u0111\u1ec3 \u0111\u00f3ng g\u00f3i c\u00e1c v\u1eadt li\u1ec7u m\u00e0ng kh\u00e1c nhau<\/li>    <li>Ti\u1ebfng \u1ed3n th\u1ea5p, ti\u1ebft ki\u1ec7m n\u0103ng l\u01b0\u1ee3ng v\u00e0 gi\u00e1 xu\u1ea5t x\u01b0\u1edfng<\/li> <\/ol>    <h2 class=\"wp-block-heading\" id=\"h-how-to-package-shisha-charcoal-by-the-pillow-packing-machine\">L\u00e0m th\u1ebf n\u00e0o \u0111\u1ec3 \u0111\u00f3ng g\u00f3i than shisha b\u1eb1ng m\u00e1y \u0111\u00f3ng g\u00f3i g\u1ed1i?<\/h2>   <figure class=\"wp-block-embed-youtube wp-block-embed is-type-video is-provider-youtube wp-embed-aspect-16-9 wp-has-aspect-ratio\"><div class=\"lyte-wrapper\" title=\"M\u00e1y \u0111\u00f3ng g\u00f3i than Shisha t\u1ef1 \u0111\u1ed9ng | Hi\u1ec7u qu\u1ea3 cao\" style=\"width:853px;max-width:100%;margin:5px auto;\"><div class=\"lyMe\" id=\"WYL_XRflGHvTdo8\" itemprop=\"video\" itemscope itemtype=\"https:\/\/schema.org\/VideoObject\"><div><meta itemprop=\"thumbnailUrl\" content=\"https:\/\/i.ytimg.com\/vi\/XRflGHvTdo8\/hqdefault.jpg\" \/><meta itemprop=\"embedURL\" content=\"https:\/\/www.youtube.com\/embed\/XRflGHvTdo8\" \/><meta itemprop=\"duration\" content=\"PT2M34S\" \/><meta itemprop=\"uploadDate\" content=\"2021-09-27T10:20:48Z\" \/><\/div><div id=\"lyte_XRflGHvTdo8\" data-src=\"https:\/\/i.ytimg.com\/vi\/XRflGHvTdo8\/hqdefault.jpg\" class=\"pL\"><div class=\"tC\"><div class=\"tT\" itemprop=\"name\">M\u00e1y \u0111\u00f3ng g\u00f3i than Shisha t\u1ef1 \u0111\u1ed9ng | Hi\u1ec7u qu\u1ea3 cao<\/div><\/div><div class=\"play\"><\/div><div class=\"ctrl\"><div class=\"Lctrl\"><\/div><div class=\"Rctrl\"><\/div><\/div><\/div><noscript><a href=\"https:\/\/youtu.be\/XRflGHvTdo8\" rel=\"nofollow noopener\" target=\"_blank\"><img loading=\"lazy\" decoding=\"async\" src=\"https:\/\/i.ytimg.com\/vi\/XRflGHvTdo8\/0.jpg\" alt=\"M\u00e1y \u0111\u00f3ng g\u00f3i than Shisha t\u1ef1 \u0111\u1ed9ng | Hi\u1ec7u qu\u1ea3 cao\" width=\"853\" height=\"460\" \/><\/a><\/noscript><meta itemprop=\"description\" content=\"Email: sales@toppackingmachine.com Whatsapp\/Tel: +86 17329326135 Official website: https:\/\/tianhuipackingmachine.com\/shisha-charcoal-packing-machine\/ Shisha charcoal packing machine or hookah charcoal packing machine is a kind of pillow packing machine. It is powered by electricity and controlled by an intelligent PLC control system. With 304 stainless steel material and reasonable structure, the shisha charcoal wrapping machine is durable and has a long service life. Besides, it is quite easy to install, operate, and maintain.\"><\/div><\/div><div class=\"lL\" style=\"max-width:100%;width:853px;margin:5px auto;\"> <a href=\"https:\/\/youtu.be\/XRflGHvTdo8\" target=\"_blank\" rel=\"noopener\">Xem video n\u00e0y tr\u00ean YouTube<\/a>.<\/div><figcaption><\/figcaption><\/figure>   <h2 class=\"wp-block-heading\" id=\"h-do-you-know-these-about-hookah-charcoal-packing-machine\">B\u1ea1n c\u00f3 bi\u1ebft nh\u1eefng \u0111i\u1ec1u n\u00e0y v\u1ec1 m\u00e1y \u0111\u00f3ng g\u00f3i than hookah kh\u00f4ng?<\/h2>    <p class=\"translation-block\">Th\u1ef1c t\u1ebf, m\u00e1y \u0111\u00f3ng g\u00f3i than shisha \u0111ang b\u00e1n l\u00e0 m\u1ed9t lo\u1ea1i <a href=\"https:\/\/tianhuipackingmachine.com\/vi\/pillow-packing-machine\/\">thi\u1ebft b\u1ecb \u0111\u00f3ng g\u00f3i g\u1ed1i<\/a>, n\u00f3 c\u00f3 th\u1ec3 qu\u1ea5n vi\u00ean than shisha ch\u1eb7t ch\u1ebd v\u00e0 \u0111\u1eb9p m\u1eaft. Do \u0111\u00f3, n\u00f3 thu\u1eadn ti\u1ec7n \u0111\u1ec3 l\u01b0u tr\u1eef v\u00e0 b\u00e1n. L\u00e0 m\u1ed9t trong nh\u1eefng nh\u00e0 s\u1ea3n xu\u1ea5t m\u00e1y \u0111\u00f3ng g\u00f3i h\u00e0ng \u0111\u1ea7u t\u1ea1i Trung Qu\u1ed1c, ch\u00fang t\u00f4i c\u00f3 kh\u1ea3 n\u0103ng s\u1ea3n xu\u1ea5t m\u1ea1nh m\u1ebd, v\u00e0 ch\u00fang t\u00f4i h\u1ed7 tr\u1ee3 d\u1ecbch v\u1ee5 OEM\/ODM \u0111\u1ec3 \u0111\u00e1p \u1ee9ng b\u1ea5t k\u1ef3 y\u00eau c\u1ea7u c\u1ee5 th\u1ec3 n\u00e0o c\u1ee7a b\u1ea1n, ch\u1eb3ng h\u1ea1n nh\u01b0 v\u1eadt li\u1ec7u th\u00e2n m\u00e1y, c\u00f4ng su\u1ea5t, k\u00edch th\u01b0\u1edbc m\u00e1y, th\u01b0\u01a1ng hi\u1ec7u \u0111\u1ed9ng c\u01a1, v.v. <\/p>    <p class=\"translation-block\">Ch\u00fang t\u00f4i th\u1eeba nh\u1eadn r\u1eb1ng gi\u00e1 m\u00e1y \u0111\u00f3ng g\u00f3i than hookah c\u1ee7a ch\u00fang t\u00f4i l\u00e0 ho\u00e0n to\u00e0n h\u1ee3p l\u00fd. N\u1ebfu b\u1ea1n \u0111ang t\u00ecm ki\u1ebfm m\u1ed9t m\u00e1y \u0111\u00f3ng g\u00f3i than shisha ch\u1ea5t l\u01b0\u1ee3ng, h\u00e3y li\u00ean h\u1ec7 v\u1edbi ch\u00fang t\u00f4i ngay h\u00f4m nay \u0111\u1ec3 th\u00fac \u0111\u1ea9y doanh nghi\u1ec7p c\u1ee7a b\u1ea1n. V\u00e0 n\u1ebfu b\u1ea1n mu\u1ed1n <a href=\"https:\/\/tianhuipackingmachine.com\/vi\/be-agent\/\">tr\u1edf th\u00e0nh \u0111\u1ea1i l\u00fd c\u1ee7a ch\u00fang t\u00f4i<\/a>, vui l\u00f2ng cho t\u00f4i bi\u1ebft, v\u00e0 ch\u00fang t\u00f4i s\u1ebd g\u1eedi cho b\u1ea1n th\u00f4ng tin chi ti\u1ebft li\u00ean quan.<\/p>    <figure class=\"wp-block-gallery has-nested-images columns-default is-cropped wp-block-gallery-4 is-layout-flex wp-block-gallery-is-layout-flex\"> <figure class=\"wp-block-image size-large\"><img loading=\"lazy\" decoding=\"async\" width=\"750\" height=\"500\" data-id=\"5049\" src=\"https:\/\/tianhuipackingmachine.com\/wp-content\/uploads\/2022\/01\/shisha-charcoal-packaging-machine-in-factory-750x500.jpg\" alt=\"m\u00e1y \u0111\u00f3ng g\u00f3i than shisha t\u1ea1i nh\u00e0 m\u00e1y\" class=\"wp-image-5049\" srcset=\"https:\/\/tianhuipackingmachine.com\/wp-content\/uploads\/2022\/01\/shisha-charcoal-packaging-machine-in-factory.jpg 750w, https:\/\/tianhuipackingmachine.com\/wp-content\/uploads\/2022\/01\/shisha-charcoal-packaging-machine-in-factory-480x320.jpg 480w\" sizes=\"auto, (max-width: 750px) 100vw, 750px\" \/><figcaption class=\"wp-element-caption\">M\u00e1y \u0111\u00f3ng g\u00f3i than Shisha t\u1ea1i nh\u00e0 m\u00e1y<\/figcaption><\/figure>    <figure class=\"wp-block-image size-large\"><img loading=\"lazy\" decoding=\"async\" width=\"750\" height=\"500\" data-id=\"5052\" src=\"https:\/\/tianhuipackingmachine.com\/wp-content\/uploads\/2022\/01\/pillow-packaging-equipment-display-750x500.jpg\" alt=\"tr\u01b0ng b\u00e0y thi\u1ebft b\u1ecb \u0111\u00f3ng g\u00f3i g\u1ed1i\" class=\"wp-image-5052\" srcset=\"https:\/\/tianhuipackingmachine.com\/wp-content\/uploads\/2022\/01\/pillow-packaging-equipment-display.jpg 750w, https:\/\/tianhuipackingmachine.com\/wp-content\/uploads\/2022\/01\/pillow-packaging-equipment-display-480x320.jpg 480w\" sizes=\"auto, (max-width: 750px) 100vw, 750px\" \/><figcaption class=\"wp-element-caption\">M\u00e0n h\u00ecnh thi\u1ebft b\u1ecb \u0111\u00f3ng g\u00f3i g\u1ed1i<\/figcaption><\/figure> <\/figure>    <h2 class=\"has-luminous-vivid-orange-color has-text-color wp-block-heading\" id=\"h-shisha-charcoal-flow-wrapping-machine-parameter\">Th\u00f4ng s\u1ed1 m\u00e1y qu\u1ea5n than Shisha<\/h2>    <figure class=\"wp-block-table is-style-stripes\"><table><tbody><tr><td>Ng\u01b0\u1eddi m\u1eabu<\/td><td>TH-280<\/td><\/tr><tr><td>Chi\u1ec1u r\u1ed9ng phim<\/td><td>T\u1ed1i \u0111a 280mm<\/td><\/tr><tr><td>Chi\u1ec1u r\u1ed9ng t\u00fai<\/td><td>50-110mm<\/td><\/tr><tr><td>S\u1ea3n ph\u1ea9m cao<\/td><td>T\u1ed1i \u0111a40mm<\/td><\/tr><tr><td>\u0110\u01b0\u1eddng k\u00ednh cu\u1ed9n phim<\/td><td>T\u1ed1i \u0111a320mm<\/td><\/tr><tr><td>K\u1ebft c\u1ea5u<\/td><td>Th\u00e9p kh\u00f4ng g\u1ec9<\/td><\/tr><tr><td>Chi\u1ec1u d\u00e0i \u0111\u00f3ng g\u00f3i<\/td><td>65-190mm ho\u1eb7c 120-280mm<\/td><\/tr><tr><td>T\u1ed1c \u0111\u1ed9 \u0111\u00f3ng g\u00f3i<\/td><td>40-230 t\u00fai\/ph\u00fat<\/td><\/tr><tr><td>V\u00f4n<\/td><td>220V50HZ 2,5kw (c\u00f3 th\u1ec3 \u0111i\u1ec1u ch\u1ec9nh)<\/td><\/tr><tr><td>K\u00edch th\u01b0\u1edbc<\/td><td>(L)3920\u00d7(W)670\u00d7(H)1210mm<\/td><\/tr><tr><td>C\u00e2n n\u1eb7ng<\/td><td>500kg<\/td><\/tr><\/tbody><\/table><\/figure>    <h2 class=\"wp-block-heading\" id=\"h-what-is-the-shisha-charcoal-packing-machine-price\">Gi\u00e1 m\u00e1y \u0111\u00f3ng g\u00f3i than shisha l\u00e0 bao nhi\u00eau?<\/h2>    <p>Gi\u00e1 m\u00e1y \u0111\u00f3ng g\u00f3i than shisha ph\u1ee5 thu\u1ed9c v\u00e0o nhi\u1ec1u y\u1ebfu t\u1ed1 nh\u01b0 s\u1ed1 l\u01b0\u1ee3ng \u0111\u1eb7t h\u00e0ng, ch\u1ea5t li\u1ec7u th\u00e2n m\u00e1y, nh\u00e3n hi\u1ec7u ph\u1ee5 ki\u1ec7n, chi ph\u00ed v\u1eadn chuy\u1ec3n, v.v. V\u00ec v\u1eady, gi\u00e1 th\u00e0nh m\u00e1y \u0111\u00f3ng g\u00f3i than shisha thay \u0111\u1ed5i v\u00e0 kh\u00f4ng \u1ed5n \u0111\u1ecbnh. Nh\u01b0ng ch\u00fang t\u00f4i c\u00f3 th\u1ec3 \u0111\u1ea3m b\u1ea3o gi\u00e1 m\u00e1y \u0111\u00f3ng g\u00f3i than hookah c\u1ee7a ch\u00fang t\u00f4i kh\u00e1 c\u1ea1nh tranh v\u00e0 h\u1ee3p l\u00fd. N\u1ebfu b\u1ea1n quan t\u00e2m \u0111\u1ebfn thi\u1ebft b\u1ecb n\u00e0y, vui l\u00f2ng g\u1eedi email cho ch\u00fang t\u00f4i ho\u1eb7c \u0111\u1ec3 l\u1ea1i tin nh\u1eafn b\u00ean d\u01b0\u1edbi, ch\u00fang t\u00f4i s\u1ebd g\u1eedi cho b\u1ea1n gi\u00e1 t\u1ed1t nh\u1ea5t.<\/p>    <h2 class=\"wp-block-heading\" id=\"h-contact-us-to-start-your-business\">H\u00e3y li\u00ean h\u1ec7 v\u1edbi ch\u00fang t\u00f4i \u0111\u1ec3 b\u1eaft \u0111\u1ea7u c\u00f4ng vi\u1ec7c kinh doanh c\u1ee7a b\u1ea1n<\/h2>    <p class=\"translation-block\">L\u00e0 m\u1ed9t nh\u00e0 s\u1ea3n xu\u1ea5t v\u00e0 cung c\u1ea5p m\u00e1y \u0111\u00f3ng g\u00f3i to\u00e0n di\u1ec7n, <a href=\"https:\/\/tianhuipackingmachine.com\/vi\/\">C\u00f4ng ty TNHH Henan Top Packing Machinery<\/a> cung c\u1ea5p c\u00e1c m\u00e1y \u0111\u00f3ng g\u00f3i ngang xu\u1ea5t s\u1eafc cho than hookah v\u1edbi hi\u1ec7u su\u1ea5t t\u1ed1t v\u00e0 gi\u00e1 c\u1ea3 h\u1ee3p l\u00fd. H\u01a1n n\u1eefa, ch\u00fang t\u00f4i cung c\u1ea5p d\u1ecbch v\u1ee5 t\u00f9y ch\u1ec9nh \u0111\u1ec3 \u0111\u00e1p \u1ee9ng nhu c\u1ea7u \u0111\u1eb7c bi\u1ec7t c\u1ee7a b\u1ea1n. V\u1edbi ch\u1ea5t l\u01b0\u1ee3ng t\u1ed1t v\u00e0 tr\u1ef1c ti\u1ebfp t\u1eeb nh\u00e0 m\u00e1y, m\u00e1y c\u1ee7a ch\u00fang t\u00f4i c\u00f3 th\u1ec3 mang l\u1ea1i l\u1ee3i \u00edch l\u1edbn cho doanh nghi\u1ec7p c\u1ee7a b\u1ea1n. G\u1eedi y\u00eau c\u1ea7u c\u1ee7a b\u1ea1n v\u00e0 ch\u00fang t\u00f4i s\u1ebd tr\u1ea3 l\u1eddi b\u1ea1n s\u1edbm nh\u1ea5t c\u00f3 th\u1ec3.<\/p>","protected":false},"excerpt":{"rendered":"<p>Shisha charcoal packing machine or&nbsp;hookah charcoal packing machine is a kind of horizontal flow wrap machine. It is powered by electricity and is controlled by an intelligent PLC control system. With 304 stainless steel material and a reasonable structure, the shisha charcoal wrapping machine is durable and has a long service life. Besides, it is [&hellip;]<\/p>\n","protected":false},"author":1,"featured_media":5054,"parent":0,"template":"","tags":[213],"product-type":[139],"class_list":["post-2710","product","type-product","status-publish","has-post-thumbnail","hentry","tag-flow-wrapping-machine","product-type-pillow-packing-machines"],"_links":{"self":[{"href":"https:\/\/tianhuipackingmachine.com\/vi\/wp-json\/wp\/v2\/product\/2710","targetHints":{"allow":["GET"]}}],"collection":[{"href":"https:\/\/tianhuipackingmachine.com\/vi\/wp-json\/wp\/v2\/product"}],"about":[{"href":"https:\/\/tianhuipackingmachine.com\/vi\/wp-json\/wp\/v2\/types\/product"}],"author":[{"embeddable":true,"href":"https:\/\/tianhuipackingmachine.com\/vi\/wp-json\/wp\/v2\/users\/1"}],"wp:featuredmedia":[{"embeddable":true,"href":"https:\/\/tianhuipackingmachine.com\/vi\/wp-json\/wp\/v2\/media\/5054"}],"wp:attachment":[{"href":"https:\/\/tianhuipackingmachine.com\/vi\/wp-json\/wp\/v2\/media?parent=2710"}],"wp:term":[{"taxonomy":"post_tag","embeddable":true,"href":"https:\/\/tianhuipackingmachine.com\/vi\/wp-json\/wp\/v2\/tags?post=2710"},{"taxonomy":"product-type","embeddable":true,"href":"https:\/\/tianhuipackingmachine.com\/vi\/wp-json\/wp\/v2\/product-type?post=2710"}],"curies":[{"name":"wp","href":"https:\/\/api.w.org\/{rel}","templated":true}]}}