{"id":2601,"date":"2021-09-14T18:02:34","date_gmt":"2021-09-14T10:02:34","guid":{"rendered":"https:\/\/tianhuipackingmachine.com\/?page_id=2601"},"modified":"2025-04-28T17:02:29","modified_gmt":"2025-04-28T09:02:29","slug":"chain-bucket-packing-machine","status":"publish","type":"product","link":"https:\/\/tianhuipackingmachine.com\/vi\/chain-bucket-packing-machine\/","title":{"rendered":"M\u00e1y \u0111\u00f3ng g\u00f3i th\u00f9ng x\u00edch"},"content":{"rendered":"<p class=\"translation-block\"><strong>M\u00e1y \u0111\u00f3ng g\u00f3i x\u00f4 chu\u1ed7i<\/strong> l\u00e0 m\u1ed9t lo\u1ea1i thi\u1ebft b\u1ecb kh\u00f4ng c\u00e2n tr\u1ecdng l\u01b0\u1ee3ng v\u1eadt li\u1ec7u trong qu\u00e1 tr\u00ecnh \u0111\u00f3ng g\u00f3i. N\u00f3 \u0111\u01b0\u1ee3c \u00e1p d\u1ee5ng r\u1ed9ng r\u00e3i cho nhi\u1ec1u lo\u1ea1i h\u1ea1t kh\u00e1c nhau, ch\u1eb3ng h\u1ea1n nh\u01b0 \u0111\u1eadu ph\u1ed9ng, khoai t\u00e2y chi\u00ean, chu\u1ed1i chi\u00ean, b\u00e1nh t\u00f4m, \u0111\u1ed3 \u0103n v\u1eb7t bugles, b\u00e1nh h\u00e0nh, b\u00e1nh quy, \u0111\u1eadu broad, \u0111\u1eadu xanh, t\u00e1o \u0111\u1ecf, ng\u0169 c\u1ed1c, v.v. Ngo\u00e0i ra, n\u00f3 c\u00f2n c\u00f3 th\u1ec3 \u0111\u00f3ng g\u00f3i nhi\u1ec1u lo\u1ea1i v\u1eadt li\u1ec7u kh\u00e1c nhau v\u00e0o m\u1ed9t t\u00fai, nh\u01b0 tr\u00e0 th\u01a1m. B\u1ea1n c\u00f3 th\u1ec3 ch\u1ecdn c\u00e1ch cho v\u1eadt li\u1ec7u v\u00e0o x\u00f4 chu\u1ed7i b\u1eb1ng tay ho\u1eb7c k\u1ebft h\u1ee3p v\u1edbi m\u00e1y c\u00e2n \u0111\u1ecbnh l\u01b0\u1ee3ng \u0111\u1ec3 \u0111\u1ea1t \u0111\u01b0\u1ee3c t\u1ef1 \u0111\u1ed9ng ho\u00e0n to\u00e0n, n\u00e2ng cao hi\u1ec7u su\u1ea5t s\u1ea3n xu\u1ea5t, v\u00e0 ti\u1ebft ki\u1ec7m nh\u00e2n c\u00f4ng v\u00e0 th\u1eddi gian.<\/p>   <figure class=\"wp-block-embed-youtube wp-block-embed is-type-video is-provider-youtube wp-embed-aspect-16-9 wp-has-aspect-ratio\"><div class=\"lyte-wrapper\" title=\"M\u00e1y \u0111\u00f3ng g\u00f3i b\u0103ng t\u1ea3i x\u00f4 x\u00edch | M\u00e1y \u0111\u00f3ng g\u00f3i lo\u1ea1i \u0111\u1ed5 t\u1ef1 \u0111\u1ed9ng \u0111\u1ec3 b\u00e1n #h\u1ea1t\" style=\"width:853px;max-width:100%;margin:5px auto;\"><div class=\"lyMe\" id=\"WYL_yw1mwP7_aCI\" itemprop=\"video\" itemscope itemtype=\"https:\/\/schema.org\/VideoObject\"><div><meta itemprop=\"thumbnailUrl\" content=\"https:\/\/i.ytimg.com\/vi\/yw1mwP7_aCI\/hqdefault.jpg\" \/><meta itemprop=\"embedURL\" content=\"https:\/\/www.youtube.com\/embed\/yw1mwP7_aCI\" \/><meta itemprop=\"duration\" content=\"PT1M7S\" \/><meta itemprop=\"uploadDate\" content=\"2025-04-28T09:01:59Z\" \/><\/div><div id=\"lyte_yw1mwP7_aCI\" data-src=\"https:\/\/i.ytimg.com\/vi\/yw1mwP7_aCI\/hqdefault.jpg\" class=\"pL\"><div class=\"tC\"><div class=\"tT\" itemprop=\"name\">M\u00e1y \u0111\u00f3ng g\u00f3i b\u0103ng t\u1ea3i x\u00f4 x\u00edch | M\u00e1y \u0111\u00f3ng g\u00f3i lo\u1ea1i \u0111\u1ed5 t\u1ef1 \u0111\u1ed9ng \u0111\u1ec3 b\u00e1n #h\u1ea1t<\/div><\/div><div class=\"play\"><\/div><div class=\"ctrl\"><div class=\"Lctrl\"><\/div><div class=\"Rctrl\"><\/div><\/div><\/div><noscript><a href=\"https:\/\/youtu.be\/yw1mwP7_aCI\" rel=\"nofollow noopener\" target=\"_blank\"><img loading=\"lazy\" decoding=\"async\" src=\"https:\/\/i.ytimg.com\/vi\/yw1mwP7_aCI\/0.jpg\" alt=\"M\u00e1y \u0111\u00f3ng g\u00f3i b\u0103ng t\u1ea3i x\u00f4 x\u00edch | M\u00e1y \u0111\u00f3ng g\u00f3i lo\u1ea1i \u0111\u1ed5 t\u1ef1 \u0111\u1ed9ng \u0111\u1ec3 b\u00e1n #h\u1ea1t\" width=\"853\" height=\"460\" \/><\/a><\/noscript><meta itemprop=\"description\" content=\"#granulepackingmachine #granules #packingmachine #packagingmachine WhatsApp No.: https:\/\/wa.me\/+8613673689272 WeChat\/Tel No.:+8613673689272 Email: info@tianhuipackingmachine.com Website: https:\/\/tianhuipackingmachine.com\/chain-bucket-packing-machine\/ Discover the working process of our efficient bucket conveyor packing machine! This automatic dump type packaging machine is perfect for various granular, powder, and irregular products. It features precise filling, stable operation, and easy maintenance, making it ideal for industries like food, agriculture, and chemicals. If you&#039;re looking for a reliable and high-efficiency packing solution, don&#039;t miss this video! \u2705 Contact us now for professional advice and best price! \ud83c\udf1f Application: rice, seeds, nuts, beans, snacks, chemical powders, fertilizers, etc. \ud83c\udf1f Features: high efficiency, precise weighing, smooth dumping, customizable solutions. \ud83d\udce9 Inquiry for more details and machine quotation! WhatsApp No.: https:\/\/wa.me\/+8613673689272 WeChat\/Tel No.:+8613673689272 Email: info@tianhuipackingmachine.com Website: https:\/\/tianhuipackingmachine.com\/chain-bucket-packing-machine\/\"><\/div><\/div><div class=\"lL\" style=\"max-width:100%;width:853px;margin:5px auto;\"> <a href=\"https:\/\/youtu.be\/yw1mwP7_aCI\" target=\"_blank\" rel=\"noopener\">Xem video n\u00e0y tr\u00ean YouTube<\/a>.<\/div><figcaption>video c\u1ee7a m\u00e1y \u0111\u00f3ng g\u00f3i x\u00f4 x\u00edch<\/figcaption><\/figure>   <h2 class=\"wp-block-heading\" id=\"h-chain-bucket-packing-machine-for-sale\">C\u1ea7n b\u00e1n m\u00e1y \u0111\u00f3ng g\u00f3i th\u00f9ng x\u00edch<\/h2>    <p>B\u00e1n m\u00e1y \u0111\u00f3ng g\u00f3i t\u00fai c\u00f3 g\u1ea7u x\u00edch t\u1ea1i Top(Henan) M\u00e1y \u0111\u00f3ng g\u00f3i bao g\u1ed3m 2 m\u1eabu TH-320 v\u00e0 TH-450. Ch\u00fang \u0111\u01b0\u1ee3c \u0111\u1eb7t t\u00ean theo chi\u1ec1u r\u1ed9ng m\u00e0ng \u0111\u00f3ng g\u00f3i t\u1ed1i \u0111a. T\u1ea5t c\u1ea3 \u0111\u1ec1u c\u00f3 th\u1ec3 t\u1ef1 \u0111\u1ed9ng ho\u00e0n th\u00e0nh vi\u1ec7c \u0111\u00f3ng, l\u00e0m \u0111\u1ea7y, h\u00e0n k\u00edn, c\u1eaft v\u00e0 \u0111\u1ebfm t\u00fai. Khi ho\u1ea1t \u0111\u1ed9ng, n\u00f3 s\u1ebd \u0111\u00f3ng g\u00f3i t\u1eebng v\u1eadt li\u1ec7u t\u1eeb th\u00f9ng x\u00edch, b\u1ea5t k\u1ec3 s\u1ed1 l\u01b0\u1ee3ng v\u1eadt li\u1ec7u l\u00e0 bao nhi\u00eau.<\/p>    <figure class=\"wp-block-image aligncenter size-full\"><img loading=\"lazy\" decoding=\"async\" width=\"600\" height=\"450\" src=\"https:\/\/tianhuipackingmachine.com\/wp-content\/uploads\/2021\/09\/chain-bucket-packing-machine.jpg\" alt=\"m\u00e1y \u0111\u00f3ng g\u00f3i x\u00f4 x\u00edch\" class=\"wp-image-2605\" srcset=\"https:\/\/tianhuipackingmachine.com\/wp-content\/uploads\/2021\/09\/chain-bucket-packing-machine.jpg 600w, https:\/\/tianhuipackingmachine.com\/wp-content\/uploads\/2021\/09\/chain-bucket-packing-machine-300x225.jpg 300w\" sizes=\"auto, (max-width: 600px) 100vw, 600px\" \/><figcaption class=\"wp-element-caption\">M\u00e1y \u0111\u00f3ng g\u00f3i th\u00f9ng x\u00edch<\/figcaption><\/figure>    <h2 class=\"wp-block-heading has-text-color\" id=\"h-chain-bucket-granule-packaging-machine-parameters\" style=\"color:#ff5200\">Th\u00f4ng s\u1ed1 m\u00e1y \u0111\u00f3ng g\u00f3i h\u1ea1t x\u00f4 x\u00edch<\/h2>    <figure class=\"wp-block-table is-style-stripes\"><table><tbody><tr><td>Quy\u1ec1n l\u1ef1c<\/td><td>2,2kw<\/td><\/tr><tr><td>Chi\u1ec1u d\u00e0i t\u00fai \u0111\u00f3ng g\u00f3i<\/td><td>50-300mm<\/td><\/tr><tr><td>Chi\u1ec1u r\u1ed9ng t\u00fai \u0111\u00f3ng g\u00f3i<\/td><td>80-200mm<\/td><\/tr><tr><td>T\u1ed1c \u0111\u1ed9 \u0111\u00f3ng g\u00f3i<\/td><td>20-60 t\u00fai\/ph\u00fat<\/td><\/tr><tr><td>c\u00f4ng su\u1ea5t \u0111\u00f3ng g\u00f3i<\/td><td>\u0110\u1eb7t v\u1eadt li\u1ec7u b\u1eb1ng tay ho\u1eb7c m\u00e1y r\u00f3t di\u00eam<\/td><\/tr><tr><td>Phong c\u00e1ch ni\u00eam phong<\/td><td>Con d\u1ea5u ph\u00eda sau<\/td><\/tr><tr><td>C\u00e2n n\u1eb7ng<\/td><td>400kg<\/td><\/tr><tr><td>K\u00edch th\u01b0\u1edbc<\/td><td>820*1220*2000mm<\/td><\/tr><\/tbody><\/table><\/figure>    <p>(C\u00e1c th\u00f4ng s\u1ed1 c\u00f3 th\u1ec3 \u0111\u01b0\u1ee3c \u0111i\u1ec1u ch\u1ec9nh theo y\u00eau c\u1ea7u c\u1ee7a kh\u00e1ch h\u00e0ng)<\/p>    <h2 class=\"wp-block-heading\" id=\"h-bucket-chain-packing-machine-working-video\">Video ho\u1ea1t \u0111\u1ed9ng c\u1ee7a m\u00e1y \u0111\u00f3ng g\u00f3i x\u00edch x\u00f4 <\/h2>   <figure class=\"wp-block-embed-youtube wp-block-embed is-type-video is-provider-youtube wp-embed-aspect-16-9 wp-has-aspect-ratio\"><div class=\"lyte-wrapper\" title=\"\u0110\u00e2y l\u00e0 c\u00e1ch ho\u1ea1t \u0111\u1ed9ng c\u1ee7a m\u00e1y \u0111\u00f3ng g\u00f3i th\u00f9ng x\u00edch | Th\u00f4ng minh, \u0110a ch\u1ee9c n\u0103ng, B\u00e1n t\u1ef1 \u0111\u1ed9ng, T\u1ef1 \u0111\u1ed9ng\" style=\"width:853px;max-width:100%;margin:5px auto;\"><div class=\"lyMe\" id=\"WYL_Fl8qAtw3M4o\" itemprop=\"video\" itemscope itemtype=\"https:\/\/schema.org\/VideoObject\"><div><meta itemprop=\"thumbnailUrl\" content=\"https:\/\/i.ytimg.com\/vi\/Fl8qAtw3M4o\/hqdefault.jpg\" \/><meta itemprop=\"embedURL\" content=\"https:\/\/www.youtube.com\/embed\/Fl8qAtw3M4o\" \/><meta itemprop=\"duration\" content=\"PT2M14S\" \/><meta itemprop=\"uploadDate\" content=\"2022-01-11T09:10:20Z\" \/><\/div><div id=\"lyte_Fl8qAtw3M4o\" data-src=\"https:\/\/i.ytimg.com\/vi\/Fl8qAtw3M4o\/hqdefault.jpg\" class=\"pL\"><div class=\"tC\"><div class=\"tT\" itemprop=\"name\">\u0110\u00e2y l\u00e0 c\u00e1ch ho\u1ea1t \u0111\u1ed9ng c\u1ee7a m\u00e1y \u0111\u00f3ng g\u00f3i th\u00f9ng x\u00edch | Th\u00f4ng minh, \u0110a ch\u1ee9c n\u0103ng, B\u00e1n t\u1ef1 \u0111\u1ed9ng, T\u1ef1 \u0111\u1ed9ng<\/div><\/div><div class=\"play\"><\/div><div class=\"ctrl\"><div class=\"Lctrl\"><\/div><div class=\"Rctrl\"><\/div><\/div><\/div><noscript><a href=\"https:\/\/youtu.be\/Fl8qAtw3M4o\" rel=\"nofollow noopener\" target=\"_blank\"><img loading=\"lazy\" decoding=\"async\" src=\"https:\/\/i.ytimg.com\/vi\/Fl8qAtw3M4o\/0.jpg\" alt=\"\u0110\u00e2y l\u00e0 c\u00e1ch ho\u1ea1t \u0111\u1ed9ng c\u1ee7a m\u00e1y \u0111\u00f3ng g\u00f3i th\u00f9ng x\u00edch | Th\u00f4ng minh, \u0110a ch\u1ee9c n\u0103ng, B\u00e1n t\u1ef1 \u0111\u1ed9ng, T\u1ef1 \u0111\u1ed9ng\" width=\"853\" height=\"460\" \/><\/a><\/noscript><meta itemprop=\"description\" content=\"If you are interested in it, welcome to consult us. Website: https:\/\/tianhuipackingmachine.com\/chain-bucket-packing-machine\/ Whatsapp\/Tel: +86 17329326135 Email: sales@toppackingmachine.com Chain bucket packing machine is a kind of special equipment. The pouch can package the material in each bucket as long as the packaging bag has enough capacity. The operator can choose to place material manually or match one or several feeders based on the needs. The size of the machine support customization service for different packaging raw material and actual requirements. It is composed of a PLC touch screen, bucket chain, bag maker, film roll fixing device, vertical sealing device, horizontal sealing, and cutting device, etc. The operator can set up using language, packaging bag length, packing speed, etc. The sealing temperature is adjustable according to the packaging effect. When the bucket chain reaches to bag maker, it will tip the material into the packaging bag automatically. The tripping bucket packing machine is suitable for single or multiple objects per bag. And it can be equipped with a date cording machine, nitrogen filling device, output conveyor, etc. The sealing style includes bag center seal, 3-side seal, 4-side seal, gusset pouch, flat bag, pouch with a hole, plain end seal, sawtooth end seal, etc. This type of packaging machine has a wide range of applications, such as scented tea, coffee bean, peanut, broad bean, melon seeds, puffed food, oatmeal, rice crust, green beans, red beans, popcorn, candy, apple chips, potato\u00a0chips, french chips, banana chips, prawn cracker, bugles snacks, onion ring, biscuit,\u00a0snacks, jelly, dried fruit, dried vegetable, and so on. If you want to know more about granule packing machines, you can see them here. Vertical granule packing machine: https:\/\/youtu.be\/WL8gU11AWqI Four-head weigher packing machine: https:\/\/www.youtube.com\/watch?v=m3XHQ9LlhgY&amp;t=19s 10-Head scale packing machine for potato chips: https:\/\/youtu.be\/fIU65zNNvU4 Whatsapp\/Tel: +86 17329326135 Email: sales@toppackingmachine.com\"><\/div><\/div><div class=\"lL\" style=\"max-width:100%;width:853px;margin:5px auto;\"> <a href=\"https:\/\/youtu.be\/Fl8qAtw3M4o\" target=\"_blank\" rel=\"noopener\">Xem video n\u00e0y tr\u00ean YouTube<\/a>.<\/div><figcaption><\/figcaption><\/figure>   <h2 class=\"wp-block-heading\" id=\"h-features-of-chain-bucket-packaging-machine\">T\u00ednh n\u0103ng c\u1ee7a m\u00e1y \u0111\u00f3ng g\u00f3i x\u00f4 x\u00edch<\/h2>    <ol class=\"wp-block-list\"> <li>Thi\u1ebft k\u1ebf h\u1ee3p l\u00fd, k\u1ebft c\u1ea5u \u0111\u01a1n gi\u1ea3n, g\u1ea7u x\u00edch ngang, d\u1ec5 v\u1eadn h\u00e0nh<\/li>    <li>\u0110i\u1ec1u khi\u1ec3n chip vi t\u00ednh ti\u00ean ti\u1ebfn, tr\u00ean m\u00e0n h\u00ecnh c\u1ea3m \u1ee9ng \u0111\u1ec3 thi\u1ebft l\u1eadp s\u1eed d\u1ee5ng ng\u00f4n ng\u1eef, t\u1ed1c \u0111\u1ed9 \u0111\u00f3ng g\u00f3i, chi\u1ec1u d\u00e0i t\u00fai, v.v.<\/li>    <li>N\u00f3 c\u00f3 th\u1ec3 ho\u00e0n th\u00e0nh to\u00e0n b\u1ed9 qu\u00e1 tr\u00ecnh t\u1ea1o h\u00ecnh, l\u00e0m \u0111\u1ea7y, ni\u00eam phong, c\u1eaft v\u00e0 \u0111\u1ebfm t\u00fai m\u1ed9t c\u00e1ch t\u1ef1 \u0111\u1ed9ng.<\/li>    <li>\u0110\u01b0\u1ee3c trang b\u1ecb m\u1eaft quang \u0111i\u1ec7n \u0111\u1ec3 \u0111\u1ea3m b\u1ea3o \u0111\u1ecbnh v\u1ecb ch\u00ednh x\u00e1c v\u00e0 c\u1eaft ch\u00ednh x\u00e1c<\/li>    <li>M\u00e0n h\u00ecnh hi\u1ec3n th\u1ecb l\u1edbn d\u1ec5 d\u00e0ng quan s\u00e1t \u0111\u01b0\u1ee3c nhi\u1ec1u th\u00f4ng s\u1ed1 kh\u00e1c nhau tr\u00ean m\u00e0n h\u00ecnh.<\/li>    <li>D\u1ec5 d\u00e0ng nh\u1eadn th\u1ea5y nhi\u1ec7t \u0111\u1ed9 ni\u00eam phong d\u1ecdc v\u00e0 ngang<\/li>    <li>Ch\u1ea9n \u0111o\u00e1n l\u1ed7i th\u00f4ng minh, hi\u1ec3n th\u1ecb v\u1ecb tr\u00ed l\u1ed7i, thu\u1eadn ti\u1ec7n b\u1ea3o tr\u00ec<\/li>    <li>N\u00fat kh\u1ea9n c\u1ea5p \u0111\u01b0\u1ee3c thi\u1ebft k\u1ebf nh\u01b0 m\u1ed9t bi\u1ec7n ph\u00e1p ph\u00f2ng ng\u1eeba an to\u00e0n<\/li>    <li>D\u1ecbch v\u1ee5 t\u00f9y bi\u1ebfn c\u00f3 s\u1eb5n<\/li> <\/ol>    <h2 class=\"wp-block-heading\" id=\"h-wide-applications-of-chain-bucket-packing-equipment\">\u1ee8ng d\u1ee5ng r\u1ed9ng r\u00e3i c\u1ee7a thi\u1ebft b\u1ecb \u0111\u00f3ng g\u00f3i x\u00f4 x\u00edch<\/h2>    <p class=\"translation-block\">M\u00e1y \u0111\u00f3ng g\u00f3i ni\u00eam phong m\u1eb7t sau v\u1edbi x\u00f4 chu\u1ed7i th\u00edch h\u1ee3p cho t\u1ea5t c\u1ea3 c\u00e1c lo\u1ea1i h\u1ea1t kh\u00f4ng d\u00ednh, ch\u1eb3ng h\u1ea1n nh\u01b0 tr\u00e0 th\u01a1m, h\u1ea1t c\u00e0 ph\u00ea, \u0111\u1eadu ph\u1ed9ng, \u0111\u1eadu broad, h\u1ea1t d\u01b0a, th\u1ef1c ph\u1ea9m ph\u1ed3ng, b\u1ed9t y\u1ebfn m\u1ea1ch, c\u01a1m ch\u00e1y, \u0111\u1eadu xanh, \u0111\u1eadu \u0111\u1ecf, b\u1ecfng ng\u00f4, k\u1eb9o, chu\u1ed1i chips, khoai t\u00e2y <strong><a href=\"https:\/\/tianhuipackingmachine.com\/vi\/chips-packaging-machine\/\">chips<\/a><\/strong>, khoai t\u00e2y chi\u00ean, chu\u1ed1i chi\u00ean, b\u00e1nh t\u00f4m, \u0111\u1ed3 \u0103n v\u1eb7t bugles, b\u00e1nh h\u00e0nh, b\u00e1nh quy, <strong><a href=\"https:\/\/tianhuipackingmachine.com\/vi\/snacks-packing-machine\/\">\u0111\u1ed3 \u0103n v\u1eb7t<\/a><\/strong>, th\u1ea1ch, tr\u00e1i c\u00e2y s\u1ea5y kh\u00f4, rau c\u1ee7 s\u1ea5y kh\u00f4, v.v. &nbsp;<\/p>    <figure class=\"wp-block-image aligncenter size-full\"><img loading=\"lazy\" decoding=\"async\" width=\"750\" height=\"500\" src=\"https:\/\/tianhuipackingmachine.com\/wp-content\/uploads\/2021\/09\/applications-of-chain-bucket-packaging-machine.jpg\" alt=\"\u1ee9ng d\u1ee5ng c\u1ee7a m\u00e1y \u0111\u00f3ng g\u00f3i x\u00f4 x\u00edch\" class=\"wp-image-2610\" srcset=\"https:\/\/tianhuipackingmachine.com\/wp-content\/uploads\/2021\/09\/applications-of-chain-bucket-packaging-machine.jpg 750w, https:\/\/tianhuipackingmachine.com\/wp-content\/uploads\/2021\/09\/applications-of-chain-bucket-packaging-machine-300x200.jpg 300w\" sizes=\"auto, (max-width: 750px) 100vw, 750px\" \/><figcaption class=\"wp-element-caption\">\u1ee8ng d\u1ee5ng c\u1ee7a m\u00e1y \u0111\u00f3ng g\u00f3i th\u00f9ng x\u00edch<\/figcaption><\/figure>    <h2 class=\"wp-block-heading\" id=\"h-chain-granule-packing-machine-structure\">C\u1ea5u tr\u00fac m\u00e1y \u0111\u00f3ng g\u00f3i h\u1ea1t chu\u1ed7i<\/h2>    <p>Thi\u1ebft b\u1ecb bao g\u1ed3m m\u00e0n h\u00ecnh c\u1ea3m \u1ee9ng, x\u00f4 x\u00edch, m\u00e1y t\u1ea1o t\u00fai, thi\u1ebft b\u1ecb c\u1ed1 \u0111\u1ecbnh cu\u1ed9n phim, thi\u1ebft b\u1ecb ni\u00eam phong d\u1ecdc, ni\u00eam phong ngang v\u00e0 thi\u1ebft b\u1ecb c\u1eaft, v.v. Ng\u01b0\u1eddi v\u1eadn h\u00e0nh c\u00f3 th\u1ec3 thi\u1ebft l\u1eadp b\u1eb1ng ng\u00f4n ng\u1eef, chi\u1ec1u d\u00e0i t\u00fai \u0111\u00f3ng g\u00f3i, t\u1ed1c \u0111\u1ed9 \u0111\u00f3ng g\u00f3i, v.v. X\u00f4 x\u00edch \u0111\u1ef1ng nguy\u00ean li\u1ec7u \u0111\u01b0\u1ee3c s\u1eed d\u1ee5ng \u0111\u1ec3 v\u1eadn chuy\u1ec3n v\u00e0 c\u1ea5p h\u1ea1t v\u00e0o t\u00fai \u0111\u00f3ng g\u00f3i. V\u00e0 k\u00edch th\u01b0\u1edbc c\u1ee7a th\u00f9ng x\u00edch d\u00e0nh cho v\u1eadt li\u1ec7u c\u00f3 m\u1ed9t s\u1ed1 kh\u00e1c bi\u1ec7t d\u1ef1a tr\u00ean c\u00e1c y\u00eau c\u1ea7u kh\u00e1c nhau c\u1ee7a kh\u00e1ch h\u00e0ng. N\u1ebfu b\u1ea1n mu\u1ed1n \u0111\u00f3ng g\u00f3i c\u00e1c k\u00edch c\u1ee1 t\u00fai kh\u00e1c nhau, b\u1ea1n c\u1ea7n thay th\u1ebf m\u00e1y l\u00e0m t\u00fai ph\u1ed1i h\u1ee3p. Ngo\u00e0i ra, ch\u00fang t\u00f4i c\u00f2n cung c\u1ea5p c\u00e1c thi\u1ebft b\u1ecb n\u1ea1p nit\u01a1 n\u1ebfu b\u1ea1n mu\u1ed1n. H\u01a1n n\u1eefa, d\u1ecbch v\u1ee5 OEM c\u00f3 s\u1eb5n.<\/p>    <figure class=\"wp-block-image aligncenter size-full\"><img loading=\"lazy\" decoding=\"async\" width=\"750\" height=\"500\" src=\"https:\/\/tianhuipackingmachine.com\/wp-content\/uploads\/2021\/09\/chain-bucket-packaging-machine-structure.jpg\" alt=\"c\u1ea5u tr\u00fac m\u00e1y \u0111\u00f3ng g\u00f3i x\u00f4 x\u00edch\" class=\"wp-image-2606\" srcset=\"https:\/\/tianhuipackingmachine.com\/wp-content\/uploads\/2021\/09\/chain-bucket-packaging-machine-structure.jpg 750w, https:\/\/tianhuipackingmachine.com\/wp-content\/uploads\/2021\/09\/chain-bucket-packaging-machine-structure-300x200.jpg 300w\" sizes=\"auto, (max-width: 750px) 100vw, 750px\" \/><figcaption class=\"wp-element-caption\">C\u1ea5u tr\u00fac m\u00e1y \u0111\u00f3ng g\u00f3i x\u00f4 x\u00edch<\/figcaption><\/figure>    <h2 class=\"wp-block-heading\" id=\"h-do-you-know-these-about-chain-bucket-packing-equipment-price\">B\u1ea1n c\u00f3 bi\u1ebft nh\u1eefng \u0111i\u1ec1u n\u00e0y v\u1ec1 gi\u00e1 thi\u1ebft b\u1ecb \u0111\u00f3ng g\u00f3i x\u00f4 x\u00edch?<\/h2>    <p class=\"translation-block\">Gi\u00e1 m\u00e1y \u0111\u00f3ng g\u00f3i h\u1ea1t chu\u1ed7i c\u00f3 li\u00ean quan ch\u1eb7t ch\u1ebd \u0111\u1ebfn v\u1eadt li\u1ec7u s\u1ea3n xu\u1ea5t, c\u00f4ng ngh\u1ec7 v\u00e0 c\u00e1c thi\u1ebft b\u1ecb t\u00f9y ch\u1ecdn kh\u00e1c \u0111\u1ec3 k\u1ebft h\u1ee3p. V\u1eadt li\u1ec7u l\u00e0m m\u00e1y t\u1ed1t h\u01a1n th\u00ec chi ph\u00ed v\u1eadt li\u1ec7u cao h\u01a1n. C\u00f4ng ngh\u1ec7 ti\u00ean ti\u1ebfn h\u01a1n c\u1ea7n nhi\u1ec1u chi ph\u00ed lao \u0111\u1ed9ng h\u01a1n \u0111\u1ec3 th\u1ef1c hi\u1ec7n. \u0110\u1ed1i v\u1edbi c\u00e1c thi\u1ebft b\u1ecb t\u00f9y ch\u1ecdn, n\u00f3 ph\u1ee5 thu\u1ed9c v\u00e0o s\u1ef1 l\u1ef1a ch\u1ecdn c\u1ee7a b\u1ea1n. N\u1ebfu b\u1ea1n c\u1ea7n m\u1ed9t thi\u1ebft b\u1ecb c\u1ea5p li\u1ec7u \u0111\u1ec3 \u0111\u1ed5 v\u1eadt li\u1ec7u v\u00e0o x\u00f4 chu\u1ed7i, b\u1ea1n c\u00f3 th\u1ec3 ch\u1ecdn m\u1ed9t ho\u1eb7c nhi\u1ec1u thi\u1ebft b\u1ecb c\u00e2n \u0111\u1ecbnh l\u01b0\u1ee3ng v\u00e0 \u0111\u00f3ng g\u00f3i c\u00f3 chi ph\u00ed th\u1ea5p. Ngo\u00e0i ra, c\u00f2n c\u00f3 m\u00e1y in m\u00e3, b\u0103ng t\u1ea3i \u0111\u1ea7u ra, thi\u1ebft b\u1ecb b\u01a1m nit\u01a1, v.v. Do \u0111\u00f3, gi\u00e1 cu\u1ed1i c\u00f9ng \u0111\u01b0\u1ee3c quy\u1ebft \u0111\u1ecbnh b\u1edfi m\u00e1y c\u1ee5 th\u1ec3. B\u1ea1n c\u00f3 quan t\u00e2m kh\u00f4ng? <strong><a href=\"https:\/\/tianhuipackingmachine.com\/vi\/contact\/\">Li\u00ean h\u1ec7 v\u1edbi ch\u00fang t\u00f4i<\/a><\/strong> \u0111\u1ec3 bi\u1ebft th\u00eam chi ti\u1ebft v\u00e0 gi\u00e1 t\u1ed1t nh\u1ea5t.<\/p>    <h2 class=\"wp-block-heading\" id=\"h-contact-us-to-learn-more-information\">Li\u00ean h\u1ec7 v\u1edbi ch\u00fang t\u00f4i \u0111\u1ec3 t\u00ecm hi\u1ec3u th\u00eam th\u00f4ng tin<\/h2>    <p class=\"translation-block\">So v\u1edbi c\u00e1c <strong><a href=\"https:\/\/tianhuipackingmachine.com\/vi\/granule-packing-machine\/\">m\u00e1y \u0111\u00f3ng g\u00f3i h\u1ea1t<\/a><\/strong> kh\u00e1c, n\u00f3 c\u00f3 th\u1ec3 \u0111\u00f3ng g\u00f3i c\u00e1c k\u00edch th\u01b0\u1edbc h\u1ea1t kh\u00e1c nhau trong ph\u1ea1m vi c\u1ee7a x\u00f4 chu\u1ed7i v\u00e0 t\u00fai \u0111\u00f3ng g\u00f3i. Khi n\u00f3 ho\u1ea1t \u0111\u1ed9ng v\u1edbi c\u00e1c thi\u1ebft b\u1ecb c\u1ea5p li\u1ec7u \u0111\u1ecbnh l\u01b0\u1ee3ng, c\u00f3 th\u1ec3 \u0111\u00f3ng g\u00f3i c\u00e1c v\u1eadt li\u1ec7u kh\u00e1c nhau theo m\u1ed9t t\u1ef7 l\u1ec7 nh\u1ea5t \u0111\u1ecbnh. C\u00e1c m\u1eabu ph\u1ed5 bi\u1ebfn trong Top(Henan) Packing Machinery l\u00e0 TH-320 v\u00e0 TH-450, nh\u01b0ng ch\u00fang t\u00f4i c\u00f3 th\u1ec3 t\u00f9y ch\u1ec9nh k\u00edch th\u01b0\u1edbc m\u00e1y theo y\u00eau c\u1ea7u c\u1ee7a b\u1ea1n. Ngo\u00e0i ra, ch\u00fang t\u00f4i c\u0169ng cung c\u1ea5p <strong><a href=\"https:\/\/tianhuipackingmachine.com\/vi\/\">m\u00e1y \u0111\u00f3ng g\u00f3i<\/a><\/strong> cho ch\u1ea5t l\u1ecfng, b\u1ed9t nh\u00e3o, mi\u1ebfng, b\u1ed9t, ho\u1eb7c h\u1ea1t, m\u00e1y h\u00fat ch\u00e2n kh\u00f4ng, m\u00e1y \u0111\u00f3ng n\u1eafp, m\u00e1y ni\u00eam phong, m\u00e1y \u0111\u00f3ng g\u00f3i g\u1ed1i, v.v. Mong ch\u1edd th\u00f4ng tin li\u00ean l\u1ea1c c\u1ee7a b\u1ea1n v\u00e0 s\u1ef1 giao ti\u1ebfp th\u00eam.<\/p>","protected":false},"excerpt":{"rendered":"<p>Chain bucket packing machine is a kind of equipment that does not weigh the material when during the packaging process. It widely applies to various granules, such as peanuts, potato chips, banana chips, prawn crackers, bugles snacks, onion rings, biscuits, broad beans, green beans, red dates, cereal, etc. Besides, it can make it possible to [&hellip;]<\/p>\n","protected":false},"author":1,"featured_media":2606,"parent":0,"template":"","tags":[184],"product-type":[145],"class_list":["post-2601","product","type-product","status-publish","has-post-thumbnail","hentry","tag-chain-bucket-packing-machine","product-type-other-products"],"_links":{"self":[{"href":"https:\/\/tianhuipackingmachine.com\/vi\/wp-json\/wp\/v2\/product\/2601","targetHints":{"allow":["GET"]}}],"collection":[{"href":"https:\/\/tianhuipackingmachine.com\/vi\/wp-json\/wp\/v2\/product"}],"about":[{"href":"https:\/\/tianhuipackingmachine.com\/vi\/wp-json\/wp\/v2\/types\/product"}],"author":[{"embeddable":true,"href":"https:\/\/tianhuipackingmachine.com\/vi\/wp-json\/wp\/v2\/users\/1"}],"wp:featuredmedia":[{"embeddable":true,"href":"https:\/\/tianhuipackingmachine.com\/vi\/wp-json\/wp\/v2\/media\/2606"}],"wp:attachment":[{"href":"https:\/\/tianhuipackingmachine.com\/vi\/wp-json\/wp\/v2\/media?parent=2601"}],"wp:term":[{"taxonomy":"post_tag","embeddable":true,"href":"https:\/\/tianhuipackingmachine.com\/vi\/wp-json\/wp\/v2\/tags?post=2601"},{"taxonomy":"product-type","embeddable":true,"href":"https:\/\/tianhuipackingmachine.com\/vi\/wp-json\/wp\/v2\/product-type?post=2601"}],"curies":[{"name":"wp","href":"https:\/\/api.w.org\/{rel}","templated":true}]}}