{"id":2556,"date":"2021-09-11T11:45:26","date_gmt":"2021-09-11T03:45:26","guid":{"rendered":"https:\/\/tianhuipackingmachine.com\/?page_id=2556"},"modified":"2022-04-27T11:18:46","modified_gmt":"2022-04-27T03:18:46","slug":"liquid-filling-machines","status":"publish","type":"product","link":"https:\/\/tianhuipackingmachine.com\/vi\/liquid-filling-machines\/","title":{"rendered":"M\u00e1y l\u00e0m \u0111\u1ea7y ch\u1ea5t l\u1ecfng"},"content":{"rendered":"<p class=\"translation-block\"><strong>M\u00e1y chi\u1ebft r\u00f3t d\u1ea1ng l\u1ecfng<\/strong> l\u00e0 m\u1ed9t lo\u1ea1i m\u00e1y chi\u1ebft r\u00f3t \u0111\u1ecbnh l\u01b0\u1ee3ng, chi\u1ebft r\u00f3t \u0111\u1ec1u, v\u1eadn h\u00e0nh \u0111\u01a1n gi\u1ea3n. Thi\u1ebft b\u1ecb ph\u00f9 h\u1ee3p v\u1edbi nhi\u1ec1u lo\u1ea1i ch\u1ea5t l\u1ecfng c\u00f3 \u0111\u1ed9 ch\u1ea3y t\u1ed1t, nh\u01b0 n\u01b0\u1edbc, n\u01b0\u1edbc tr\u00e1i c\u00e2y, s\u1eefa, r\u01b0\u1ee3u, bia, c\u1ed3n, gi\u1ea5m, \u0111\u1ed3 u\u1ed1ng, d\u1ea7u, ch\u1ea5t b\u00f4i tr\u01a1n, n\u01b0\u1edbc trang \u0111i\u1ec3m, v.v. C\u00f3 nhi\u1ec1u m\u1eabu b\u01a1m chi\u1ebft r\u00f3t d\u1ea1ng l\u1ecfng t\u00f9y ch\u1ecdn. B\u1ea1n c\u00f3 th\u1ec3 ch\u1ecdn thi\u1ebft b\u1ecb chi\u1ebft r\u00f3t ph\u00f9 h\u1ee3p nh\u1ea5t theo nhu c\u1ea7u v\u1ec1 th\u1ec3 t\u00edch b\u1ea1n mu\u1ed1n chi\u1ebft r\u00f3t. Ngo\u00e0i ra, ch\u00fang t\u00f4i c\u0169ng h\u1ed7 tr\u1ee3 d\u1ecbch v\u1ee5 t\u00f9y ch\u1ec9nh d\u1ef1a tr\u00ean y\u00eau c\u1ea7u th\u1ef1c t\u1ebf c\u1ee7a b\u1ea1n.<\/p>    <h2 class=\"wp-block-heading\" id=\"h-liquid-filling-machine-for-sale\">C\u1ea7n b\u00e1n m\u00e1y l\u00e0m \u0111\u1ea7y ch\u1ea5t l\u1ecfng<\/h2>    <p>C\u00f3 hai lo\u1ea1i m\u00e1y r\u00f3t ch\u1ea5t l\u1ecfng \u0111\u01b0\u1ee3c b\u00e1n t\u1ea1i M\u00e1y \u0111\u00f3ng g\u00f3i Top (H\u00e0 Nam), m\u00e1y l\u00e0m \u0111\u1ea7y ch\u1ea5t l\u1ecfng m\u1ed9t c\u1eeda b\u00e1n t\u1ef1 \u0111\u1ed9ng v\u00e0 m\u00e1y l\u00e0m \u0111\u1ea7y ch\u1ea5t l\u1ecfng nhi\u1ec1u \u0111\u1ea7u t\u1ef1 \u0111\u1ed9ng. Lo\u1ea1i th\u1ee9 nh\u1ea5t c\u00f3 \u01b0u \u0111i\u1ec3m l\u00e0 chi ph\u00ed th\u1ea5p, di\u1ec7n t\u00edch s\u1eed d\u1ee5ng nh\u1ecf v\u00e0 \u1ee9ng d\u1ee5ng r\u1ed9ng r\u00e3i, ph\u00f9 h\u1ee3p cho doanh nghi\u1ec7p nh\u1ecf. M\u00e1y sau v\u00e0 c\u00e1c m\u00e1y kh\u00e1c c\u00f3 th\u1ec3 t\u1ea1o n\u00ean d\u00e2y chuy\u1ec1n s\u1ea3n xu\u1ea5t bao b\u00ec ch\u1ea5t l\u1ecfng, nh\u01b0 m\u00e1y \u0111\u00f3ng chai, m\u00e1y \u0111\u00f3ng n\u1eafp, m\u00e1y d\u00e1n nh\u00e3n, m\u00e1y in m\u00e3 h\u00f3a, v.v., ho\u1ea1t \u0111\u1ed9ng hi\u1ec7u qu\u1ea3 v\u00e0 ch\u00ednh x\u00e1c, ph\u00f9 h\u1ee3p cho s\u1ea3n xu\u1ea5t chi\u1ebft r\u00f3t ch\u1ea5t l\u1ecfng h\u00e0ng lo\u1ea1t.<\/p>    <div class=\"wp-block-columns is-layout-flex wp-container-core-columns-is-layout-28f84493 wp-block-columns-is-layout-flex\"> <div class=\"wp-block-column is-layout-flow wp-block-column-is-layout-flow\"> <figure class=\"wp-block-image size-full\"><img loading=\"lazy\" decoding=\"async\" width=\"750\" height=\"500\" src=\"https:\/\/tianhuipackingmachine.com\/wp-content\/uploads\/2021\/09\/semi-automatic-single-outlet-liquid-filler.jpg\" alt=\"m\u00e1y n\u1ea1p ch\u1ea5t l\u1ecfng m\u1ed9t c\u1eeda b\u00e1n t\u1ef1 \u0111\u1ed9ng\" class=\"wp-image-2563\" srcset=\"https:\/\/tianhuipackingmachine.com\/wp-content\/uploads\/2021\/09\/semi-automatic-single-outlet-liquid-filler.jpg 750w, https:\/\/tianhuipackingmachine.com\/wp-content\/uploads\/2021\/09\/semi-automatic-single-outlet-liquid-filler-300x200.jpg 300w\" sizes=\"auto, (max-width: 750px) 100vw, 750px\" \/><figcaption>M\u00e1y chi\u1ebft r\u00f3t ch\u1ea5t l\u1ecfng \u0111\u01a1n b\u00e1n t\u1ef1 \u0111\u1ed9ng<\/figcaption><\/figure> <\/div>    <div class=\"wp-block-column is-layout-flow wp-block-column-is-layout-flow\"> <figure class=\"wp-block-image size-full\"><img loading=\"lazy\" decoding=\"async\" width=\"750\" height=\"500\" src=\"https:\/\/tianhuipackingmachine.com\/wp-content\/uploads\/2021\/09\/multi-head-automatic-liquid-filler.jpg\" alt=\"m\u00e1y chi\u1ebft r\u00f3t ch\u1ea5t l\u1ecfng t\u1ef1 \u0111\u1ed9ng nhi\u1ec1u \u0111\u1ea7u\" class=\"wp-image-2564\" srcset=\"https:\/\/tianhuipackingmachine.com\/wp-content\/uploads\/2021\/09\/multi-head-automatic-liquid-filler.jpg 750w, https:\/\/tianhuipackingmachine.com\/wp-content\/uploads\/2021\/09\/multi-head-automatic-liquid-filler-300x200.jpg 300w\" sizes=\"auto, (max-width: 750px) 100vw, 750px\" \/><figcaption>M\u00e1y chi\u1ebft r\u00f3t ch\u1ea5t l\u1ecfng t\u1ef1 \u0111\u1ed9ng nhi\u1ec1u \u0111\u1ea7u<\/figcaption><\/figure> <\/div> <\/div>    <h2 class=\"wp-block-heading\" id=\"h-semi-automatic-single-outlet-liquid-filling-machine\">M\u00e1y chi\u1ebft r\u00f3t ch\u1ea5t l\u1ecfng m\u1ed9t c\u1eeda b\u00e1n t\u1ef1 \u0111\u1ed9ng<\/h2>    <p>M\u00e1y r\u00f3t ch\u1ea5t l\u1ecfng m\u1ed9t c\u1eeda ra l\u00e0 m\u00e1y r\u00f3t piston b\u00e1n t\u1ef1 \u0111\u1ed9ng, \u0111\u01b0\u1ee3c d\u1eabn \u0111\u1ed9ng b\u1edfi m\u1ed9t xi lanh \u0111\u1ec3 chi\u1ebft v\u00e0 \u0111\u1ea9y v\u1eadt li\u1ec7u. Th\u00e2n m\u00e1y \u0111\u01b0\u1ee3c l\u00e0m b\u1eb1ng th\u00e9p kh\u00f4ng g\u1ec9, b\u1ec1n b\u1ec9, d\u1ec5 d\u00e0ng v\u1ec7 sinh v\u00e0 b\u1ea3o tr\u00ec. Tr\u00ean thi\u1ebft b\u1ecb c\u00f3 thang \u0111o \u0111\u1ec3 \u0111i\u1ec1u ch\u1ec9nh th\u1ec3 t\u00edch chi\u1ebft r\u00f3t, thao t\u00e1c thu\u1eadn ti\u1ec7n. Nhi\u1ec1u k\u00edch c\u1ee1 c\u1ee7a m\u00e1y b\u01a1m ch\u1ea5t l\u1ecfng l\u00e0 t\u00f9y ch\u1ecdn. Ph\u1ea1m vi c\u1ee7a c\u00e1c m\u1eabu m\u00e1y b\u01a1m r\u00f3t bao g\u1ed3m 1-10ml, 10-100ml, 100-1000ml, 5-50ml, 50-500ml, 500-5000ml, 3-30ml, 30-300ml, 300-3000ml, 1000-5000ml, v.v. B\u1ea1n c\u00f3 th\u1ec3 l\u1ef1a ch\u1ecdn theo nhu c\u1ea7u c\u1ee7a b\u1ea1n. M\u00e1y \u0111\u01b0\u1ee3c c\u00e1c doanh nghi\u1ec7p nh\u1ecf \u01b0a chu\u1ed9ng do \u0111\u1eb7c \u0111i\u1ec3m chi\u1ebfm \u00edt kh\u00f4ng gian, ch\u1ea5t l\u01b0\u1ee3ng t\u1ed1t v\u00e0 gi\u00e1 th\u00e0nh th\u1ea5p.<\/p>    <h2 class=\"wp-block-heading\" id=\"h-single-outlet-liquid-filling-machine-structure\">C\u1ea5u tr\u00fac m\u00e1y chi\u1ebft r\u00f3t ch\u1ea5t l\u1ecfng \u0111\u01a1n<\/h2>    <div class=\"wp-block-image\"><figure class=\"aligncenter size-full\"><img loading=\"lazy\" decoding=\"async\" width=\"750\" height=\"500\" src=\"https:\/\/tianhuipackingmachine.com\/wp-content\/uploads\/2021\/09\/semi-automatic-liquid-filling-machine-structure.jpg\" alt=\"c\u1ea5u tr\u00fac m\u00e1y r\u00f3t ch\u1ea5t l\u1ecfng b\u00e1n t\u1ef1 \u0111\u1ed9ng\" class=\"wp-image-2560\" srcset=\"https:\/\/tianhuipackingmachine.com\/wp-content\/uploads\/2021\/09\/semi-automatic-liquid-filling-machine-structure.jpg 750w, https:\/\/tianhuipackingmachine.com\/wp-content\/uploads\/2021\/09\/semi-automatic-liquid-filling-machine-structure-300x200.jpg 300w\" sizes=\"auto, (max-width: 750px) 100vw, 750px\" \/><figcaption>c\u1ea5u tr\u00fac m\u00e1y r\u00f3t ch\u1ea5t l\u1ecfng b\u00e1n t\u1ef1 \u0111\u1ed9ng<\/figcaption><\/figure><\/div>    <h2 class=\"wp-block-heading\" id=\"h-automatic-multi-head-liquid-filling-equipment\">Thi\u1ebft b\u1ecb r\u00f3t ch\u1ea5t l\u1ecfng nhi\u1ec1u \u0111\u1ea7u t\u1ef1 \u0111\u1ed9ng<\/h2>    <p>M\u00e1y l\u00e0m \u0111\u1ea7y ch\u1ea5t l\u1ecfng nhi\u1ec1u \u0111\u1ea7u t\u1ef1 \u0111\u1ed9ng, \u0111\u00fang nh\u01b0 t\u00ean g\u1ecdi c\u1ee7a n\u00f3, n\u00f3 s\u1eed d\u1ee5ng nhi\u1ec1u \u0111\u1ea7u \u0111\u1ec3 \u0111\u1ed5 \u0111\u1ea7y, c\u1ea3i thi\u1ec7n \u0111\u00e1ng k\u1ec3 hi\u1ec7u su\u1ea5t l\u00e0m vi\u1ec7c. Trong s\u1ed1 \u0111\u00f3, thi\u1ebft b\u1ecb r\u00f3t ch\u1ea5t l\u1ecfng 12 \u0111\u1ea7u c\u00f3 th\u1ec3 \u0111\u1ea1t t\u1edbi 3000 chai\/h. S\u1ed1 l\u01b0\u1ee3ng \u0111\u1ea7u r\u00f3t t\u1ed1i thi\u1ec3u l\u00e0 hai v\u00e0 s\u1ed1 l\u01b0\u1ee3ng c\u00f3 th\u1ec3 \u0111\u01b0\u1ee3c t\u00f9y ch\u1ec9nh. B\u1ea1n c\u00f3 th\u1ec3 l\u1ef1a ch\u1ecdn d\u1ef1a tr\u00ean quy m\u00f4 s\u1ea3n xu\u1ea5t c\u1ee7a m\u00ecnh. B\u00ean c\u1ea1nh \u0111\u00f3, thi\u1ebft b\u1ecb \u0111\u1ea7u r\u00f3t tuy\u1ebfn t\u00ednh \u0111\u01b0\u1ee3c trang b\u1ecb thi\u1ebft b\u1ecb ch\u1ed1ng nh\u1ecf gi\u1ecdt ng\u0103n ng\u1eeba l\u00e3ng ph\u00ed nguy\u00ean li\u1ec7u m\u1ed9t c\u00e1ch hi\u1ec7u qu\u1ea3. C\u00e1c m\u1eabu m\u00e1y b\u01a1m ph\u1ea1m vi r\u00f3t l\u00e0 10-100ml, 50-500ml, 100-1000ml, 500-3000ml, 1000-5000ml, v.v. K\u1ebft qu\u1ea3 \u0111\u1ed5 \u0111\u1ea7y c\u1ee7a n\u00f3 l\u00e0 ch\u00ednh x\u00e1c v\u00e0 \u0111\u1ed3ng \u0111\u1ec1u. N\u00f3 c\u00f2n c\u00f3 th\u1ec3 k\u1ebft h\u1ee3p v\u1edbi c\u00e1c lo\u1ea1i m\u00e1y kh\u00e1c \u0111\u1ec3 t\u1ea1o th\u00e0nh d\u00e2y chuy\u1ec1n s\u1ea3n xu\u1ea5t, ph\u00f9 h\u1ee3p cho c\u00e1c doanh nghi\u1ec7p v\u1eeba v\u00e0 l\u1edbn. \u00a0<\/p>    <h2 class=\"wp-block-heading\" id=\"h-multi-head-bottle-filling-machine-structure\">C\u1ea5u t\u1ea1o m\u00e1y r\u00f3t chai nhi\u1ec1u \u0111\u1ea7u<\/h2>    <div class=\"wp-block-image\"><figure class=\"aligncenter size-full\"><img loading=\"lazy\" decoding=\"async\" width=\"750\" height=\"500\" src=\"https:\/\/tianhuipackingmachine.com\/wp-content\/uploads\/2021\/09\/multi-head-automatic-liquid-filling-equipment-structure.jpg\" alt=\"c\u1ea5u tr\u00fac thi\u1ebft b\u1ecb l\u00e0m \u0111\u1ea7y ch\u1ea5t l\u1ecfng t\u1ef1 \u0111\u1ed9ng nhi\u1ec1u \u0111\u1ea7u\" class=\"wp-image-2568\" srcset=\"https:\/\/tianhuipackingmachine.com\/wp-content\/uploads\/2021\/09\/multi-head-automatic-liquid-filling-equipment-structure.jpg 750w, https:\/\/tianhuipackingmachine.com\/wp-content\/uploads\/2021\/09\/multi-head-automatic-liquid-filling-equipment-structure-300x200.jpg 300w\" sizes=\"auto, (max-width: 750px) 100vw, 750px\" \/><figcaption>c\u1ea5u tr\u00fac thi\u1ebft b\u1ecb l\u00e0m \u0111\u1ea7y ch\u1ea5t l\u1ecfng t\u1ef1 \u0111\u1ed9ng nhi\u1ec1u \u0111\u1ea7u<\/figcaption><\/figure><\/div>    <h2 class=\"wp-block-heading\" id=\"h-features-benefits-of-liquid-filling-machines\">T\u00ednh n\u0103ng v\u00e0 l\u1ee3i \u00edch c\u1ee7a m\u00e1y r\u00f3t ch\u1ea5t l\u1ecfng<\/h2>    <ol class=\"wp-block-list\" type=\"1\"><li>Thi\u1ebft k\u1ebf h\u1ee3p l\u00fd, c\u1ea5u tr\u00fac \u0111\u01a1n gi\u1ea3n, \u0111i\u1ec1n \u0111\u1ecbnh l\u01b0\u1ee3ng, d\u1ec5 v\u1eadn h\u00e0nh<\/li><li>T\u00f9y ch\u1ecdn nhi\u1ec1u lo\u1ea1i b\u01a1m l\u00e0m \u0111\u1ea7y ch\u1ea5t l\u1ecfng, kh\u1ed1i l\u01b0\u1ee3ng v\u00e0 t\u1ed1c \u0111\u1ed9 l\u00e0m \u0111\u1ea7y c\u00f3 th\u1ec3 \u0111i\u1ec1u ch\u1ec9nh \u0111\u01b0\u1ee3c<\/li><li>Th\u00e2n thi\u1ebft b\u1ecb s\u1eed d\u1ee5ng th\u00e9p kh\u00f4ng g\u1ec9, b\u1ec1n v\u00e0 thu\u1eadn ti\u1ec7n \u0111\u1ec3 l\u00e0m s\u1ea1ch v\u00e0 b\u1ea3o tr\u00ec<\/li><li>\u0110\u01b0\u1ee3c trang b\u1ecb thi\u1ebft b\u1ecb ch\u1ed1ng nh\u1ecf gi\u1ecdt \u0111\u1ec3 \u0111\u1ea3m b\u1ea3o \u0111\u1ed5 \u0111\u1ea7y ch\u00ednh x\u00e1c.<\/li><li>M\u00e1y l\u00e0m \u0111\u1ea7y ch\u1ea5t l\u1ecfng b\u00e1n t\u1ef1 \u0111\u1ed9ng chi\u1ebfm kh\u00f4ng gian nh\u1ecf, \u0111\u1ea7u t\u01b0 th\u1ea5p, \u0111\u1ed9 \u1ed3n th\u1ea5p<\/li><li>M\u00e1y l\u00e0m \u0111\u1ea7y nhi\u1ec1u \u0111\u1ea7u t\u1ef1 \u0111\u1ed9ng c\u00f3 th\u1ec3 k\u1ebft h\u1ee3p v\u1edbi c\u00e1c m\u00e1y kh\u00e1c \u0111\u1ec3 t\u1ea1o th\u00e0nh to\u00e0n b\u1ed9 d\u00e2y chuy\u1ec1n s\u1ea3n xu\u1ea5t, th\u1ef1c hi\u1ec7n t\u1ef1 \u0111\u1ed9ng h\u00f3a ho\u00e0n to\u00e0n, n\u00e2ng cao hi\u1ec7u qu\u1ea3 v\u00e0 ti\u1ebft ki\u1ec7m nh\u00e2n c\u00f4ng.<\/li><li>C\u1ea7n ph\u1ea3i l\u00e0m vi\u1ec7c v\u1edbi m\u00e1y n\u00e9n kh\u00ed c\u00f9ng nhau<\/li><li>D\u1ecbch v\u1ee5 t\u00f9y bi\u1ebfn c\u00f3 s\u1eb5n<\/li><\/ol>    <h2 class=\"wp-block-heading\" id=\"h-multi-head-water-bottle-filling-machine-working-video\">Video ho\u1ea1t \u0111\u1ed9ng c\u1ee7a m\u00e1y r\u00f3t chai n\u01b0\u1edbc nhi\u1ec1u \u0111\u1ea7u<\/h2>   <figure class=\"wp-block-embed-youtube wp-block-embed is-type-video is-provider-youtube wp-embed-aspect-16-9 wp-has-aspect-ratio\"><div class=\"lyte-wrapper\" title=\"M\u00e1y chi\u1ebft r\u00f3t chai nhi\u1ec1u \u0111\u1ea7u | Hi\u1ec7u qu\u1ea3 v\u00e0 \u0111\u1ed9 ch\u00ednh x\u00e1c cao\" style=\"width:853px;max-width:100%;margin:5px auto;\"><div class=\"lyMe\" id=\"WYL_FyQd0tZFAAA\" itemprop=\"video\" itemscope itemtype=\"https:\/\/schema.org\/VideoObject\"><div><meta itemprop=\"thumbnailUrl\" content=\"https:\/\/i.ytimg.com\/vi\/FyQd0tZFAAA\/hqdefault.jpg\" \/><meta itemprop=\"embedURL\" content=\"https:\/\/www.youtube.com\/embed\/FyQd0tZFAAA\" \/><meta itemprop=\"duration\" content=\"PT1M34S\" \/><meta itemprop=\"uploadDate\" content=\"2021-08-06T10:47:45Z\" \/><\/div><div id=\"lyte_FyQd0tZFAAA\" data-src=\"https:\/\/i.ytimg.com\/vi\/FyQd0tZFAAA\/hqdefault.jpg\" class=\"pL\"><div class=\"tC\"><div class=\"tT\" itemprop=\"name\">M\u00e1y chi\u1ebft r\u00f3t chai nhi\u1ec1u \u0111\u1ea7u | Hi\u1ec7u qu\u1ea3 v\u00e0 \u0111\u1ed9 ch\u00ednh x\u00e1c cao<\/div><\/div><div class=\"play\"><\/div><div class=\"ctrl\"><div class=\"Lctrl\"><\/div><div class=\"Rctrl\"><\/div><\/div><\/div><noscript><a href=\"https:\/\/youtu.be\/FyQd0tZFAAA\" rel=\"nofollow noopener\" target=\"_blank\"><img loading=\"lazy\" decoding=\"async\" src=\"https:\/\/i.ytimg.com\/vi\/FyQd0tZFAAA\/0.jpg\" alt=\"M\u00e1y chi\u1ebft r\u00f3t chai nhi\u1ec1u \u0111\u1ea7u | Hi\u1ec7u qu\u1ea3 v\u00e0 \u0111\u1ed9 ch\u00ednh x\u00e1c cao\" width=\"853\" height=\"460\" \/><\/a><\/noscript><meta itemprop=\"description\" content=\"Multi-head bottle filling and packaging machine is suitable for various kinds of liquids to realize high-volume production, filling with multiple heads, efficiently and accurately. It also can match with some other machines, such as unscramble bottle machine, screwing cap machine, labeling machine, date printer, etc. Get more details: https:\/\/tianhuipackingmachine.com\/water-packing-machine\/ Email: toppacking@163.com\"><\/div><\/div><div class=\"lL\" style=\"max-width:100%;width:853px;margin:5px auto;\"> <a href=\"https:\/\/youtu.be\/FyQd0tZFAAA\" target=\"_blank\" rel=\"noopener\">Xem video n\u00e0y tr\u00ean YouTube<\/a>.<\/div><figcaption><\/figcaption><\/figure>   <h2 class=\"wp-block-heading\" id=\"h-applications-of-liquid-filling-equipment\">\u1ee8ng d\u1ee5ng c\u1ee7a thi\u1ebft b\u1ecb l\u00e0m \u0111\u1ea7y ch\u1ea5t l\u1ecfng<\/h2>    <p class=\"translation-block\">M\u00e1y chi\u1ebft r\u00f3t d\u1ea1ng l\u1ecfng ph\u00f9 h\u1ee3p \u0111\u1ec3 chi\u1ebft r\u00f3t ch\u1ea5t l\u1ecfng c\u00f3 \u0111\u1ed9 ch\u1ea3y t\u1ed1t, \u1ee9ng d\u1ee5ng r\u1ed9ng r\u00e3i cho <strong><a href=\"https:\/\/tianhuipackingmachine.com\/vi\/water-packing-machine\/\">n\u01b0\u1edbc<\/a><\/strong>, \u0111\u1ed3 u\u1ed1ng, gia v\u1ecb, <strong><a href=\"https:\/\/tianhuipackingmachine.com\/vi\/oil-packaging-machine\/\">d\u1ea7u<\/a><\/strong>, nhu y\u1ebfu ph\u1ea9m, thu\u1ed1c, m\u1ef9 ph\u1ea9m, h\u00f3a ch\u1ea5t, ph\u1ee5 gia, v.v. Thi\u1ebft b\u1ecb c\u00f3 th\u1ec3 chi\u1ebft r\u00f3t n\u01b0\u1edbc kho\u00e1ng, n\u01b0\u1edbc ng\u1ecdt c\u00f3 ga, n\u01b0\u1edbc c\u00f3 ga, n\u01b0\u1edbc tr\u00e1i c\u00e2y, s\u1eefa, bia, r\u01b0\u1ee3u, gi\u1ea5m, r\u01b0\u1ee3u m\u1ea1nh, c\u1ed3n, dung d\u1ecbch u\u1ed1ng, d\u1ea7u \u0103n, d\u1ea7u \u00f4 liu, d\u1ea7u \u0111\u1eadu ph\u1ed9ng, ch\u1ea5t b\u00f4i tr\u01a1n, n\u01b0\u1edbc trang \u0111i\u1ec3m, dung d\u1ecbch t\u1ea9y r\u1eeda, n\u01b0\u1edbc r\u1eeda tay, d\u1ea7u g\u1ed9i, s\u1eefa t\u1eafm, ch\u1ea5t kh\u1eed tr\u00f9ng, ch\u1ea5t ch\u1ed1ng \u0111\u00f4ng, thu\u1ed1c tr\u1eeb s\u00e2u, thu\u1ed1c di\u1ec7t c\u1ecf, v.v. \u0110\u1ed1i v\u1edbi chi\u1ebft r\u00f3t ch\u1ea5t l\u1ecfng \u0111\u1eb7c, b\u1ea1n c\u1ea7n s\u1eed d\u1ee5ng m\u00e1y chi\u1ebft r\u00f3t kem \u0111\u1eb7c.<\/p>    <h2 class=\"wp-block-heading\" id=\"h-liquid-filling-machine-price\">Gi\u00e1 m\u00e1y l\u00e0m \u0111\u1ea7y ch\u1ea5t l\u1ecfng<\/h2>    <p class=\"translation-block\">Gi\u00e1 m\u00e1y chi\u1ebft r\u00f3t d\u1ea1ng l\u1ecfng li\u00ean quan \u0111\u1ebfn lo\u1ea1i m\u00e1y, k\u00edch th\u01b0\u1edbc b\u01a1m chi\u1ebft r\u00f3t, s\u1ed1 l\u01b0\u1ee3ng \u0111\u1ea7u chi\u1ebft r\u00f3t, v.v. So v\u1edbi m\u00e1y chi\u1ebft r\u00f3t d\u1ea1ng l\u1ecfng b\u00e1n t\u1ef1 \u0111\u1ed9ng m\u1ed9t \u0111\u1ea7u, gi\u00e1 m\u00e1y chi\u1ebft r\u00f3t d\u1ea1ng l\u1ecfng t\u1ef1 \u0111\u1ed9ng nhi\u1ec1u \u0111\u1ea7u cao h\u01a1n v\u00ec lo\u1ea1i sau c\u1ea7n chi ph\u00ed s\u1ea3n xu\u1ea5t cao h\u01a1n. \u0110\u1ed1i v\u1edbi c\u00e1c k\u00edch th\u01b0\u1edbc b\u01a1m chi\u1ebft r\u00f3t d\u1ea1ng l\u1ecfng kh\u00e1c nhau, lo\u1ea1i l\u1edbn h\u01a1n s\u1ebd \u0111\u1eaft h\u01a1n. Ngo\u00e0i ra, \u0111\u1ed1i v\u1edbi m\u00e1y chi\u1ebft r\u00f3t d\u1ea1ng l\u1ecfng nhi\u1ec1u \u0111\u1ea7u, nhi\u1ec1u \u0111\u1ea7u chi\u1ebft r\u00f3t h\u01a1n c\u0169ng \u0111\u00f2i h\u1ecfi chi ph\u00ed cao h\u01a1n. L\u00e0 m\u1ed9t <strong><a href=\"https:\/\/tianhuipackingmachine.com\/vi\/\">nh\u00e0 s\u1ea3n xu\u1ea5t v\u00e0 cung c\u1ea5p m\u00e1y \u0111\u00f3ng g\u00f3i<\/a><\/strong>, ch\u00fang t\u00f4i s\u1ebd c\u1ed1 g\u1eafng h\u1ebft s\u1ee9c \u0111\u1ec3 cung c\u1ea5p c\u00e1c m\u00e1y c\u00f3 hi\u1ec7u su\u1ea5t chi ph\u00ed cao. Nh\u01b0ng nh\u01b0 ng\u01b0\u1eddi ta th\u01b0\u1eddng n\u00f3i, b\u1ea1n nh\u1eadn \u0111\u01b0\u1ee3c nh\u1eefng g\u00ec b\u1ea1n ph\u1ea3i tr\u1ea3. V\u00ec v\u1eady, t\u1ed1t nh\u1ea5t l\u00e0 kh\u00f4ng n\u00ean b\u1ecf qua ch\u1ea5t l\u01b0\u1ee3ng v\u00e0 c\u00e1c thu\u1ed9c t\u00ednh kh\u00e1c v\u00ec gi\u00e1 c\u1ea3. <strong><a href=\"https:\/\/tianhuipackingmachine.com\/vi\/contact\/\">Li\u00ean h\u1ec7 v\u1edbi ch\u00fang t\u00f4i<\/a><\/strong> \u0111\u1ec3 bi\u1ebft th\u00eam chi ti\u1ebft.<\/p>","protected":false},"excerpt":{"rendered":"<p>Liquid filling machine is one kind of quantitative filling machine, filling evenly, simple to operate. The equipment is suitable for a variety of liquids that flow well, such as water, juice, milk, wine, beer, alcohol, vinegar, beverage, oil, lubricant, make-up water, etc. A variety of liquid filling pump models are optional. You can choose the [&hellip;]<\/p>\n","protected":false},"author":1,"featured_media":2563,"parent":0,"template":"","tags":[162],"product-type":[141],"class_list":["post-2556","product","type-product","status-publish","has-post-thumbnail","hentry","tag-filling-machine","product-type-filling-machines"],"_links":{"self":[{"href":"https:\/\/tianhuipackingmachine.com\/vi\/wp-json\/wp\/v2\/product\/2556","targetHints":{"allow":["GET"]}}],"collection":[{"href":"https:\/\/tianhuipackingmachine.com\/vi\/wp-json\/wp\/v2\/product"}],"about":[{"href":"https:\/\/tianhuipackingmachine.com\/vi\/wp-json\/wp\/v2\/types\/product"}],"author":[{"embeddable":true,"href":"https:\/\/tianhuipackingmachine.com\/vi\/wp-json\/wp\/v2\/users\/1"}],"wp:featuredmedia":[{"embeddable":true,"href":"https:\/\/tianhuipackingmachine.com\/vi\/wp-json\/wp\/v2\/media\/2563"}],"wp:attachment":[{"href":"https:\/\/tianhuipackingmachine.com\/vi\/wp-json\/wp\/v2\/media?parent=2556"}],"wp:term":[{"taxonomy":"post_tag","embeddable":true,"href":"https:\/\/tianhuipackingmachine.com\/vi\/wp-json\/wp\/v2\/tags?post=2556"},{"taxonomy":"product-type","embeddable":true,"href":"https:\/\/tianhuipackingmachine.com\/vi\/wp-json\/wp\/v2\/product-type?post=2556"}],"curies":[{"name":"wp","href":"https:\/\/api.w.org\/{rel}","templated":true}]}}