{"id":2522,"date":"2021-09-09T11:06:51","date_gmt":"2021-09-09T03:06:51","guid":{"rendered":"https:\/\/tianhuipackingmachine.com\/?page_id=2522"},"modified":"2023-02-15T10:24:05","modified_gmt":"2023-02-15T02:24:05","slug":"yogurt-cup-filling-machine","status":"publish","type":"product","link":"https:\/\/tianhuipackingmachine.com\/vi\/yogurt-cup-filling-machine\/","title":{"rendered":"M\u00e1y l\u00e0m \u0111\u1ea7y c\u1ed1c s\u1eefa chua"},"content":{"rendered":"<p class=\"translation-block\"><strong>M\u00e1y \u0111\u00f3ng g\u00f3i c\u1ed1c s\u1eefa chua<\/strong>, nh\u01b0 t\u00ean g\u1ecdi, l\u00e0 m\u1ed9t lo\u1ea1i thi\u1ebft b\u1ecb d\u00f9ng \u0111\u1ec3 \u0111\u00f3ng g\u00f3i v\u00e0 ni\u00eam phong c\u1ed1c. So v\u1edbi m\u00e1y \u0111\u00f3ng g\u00f3i l\u1ecfng theo \u0111\u01b0\u1eddng th\u1eb3ng, m\u00e1y \u0111\u00f3ng g\u00f3i s\u1eefa chua cho c\u1ed1c n\u00e0y \u0111\u01b0\u1ee3c trang b\u1ecb m\u1ed9t \u0111\u0129a xoay. <strong>M\u00e1y \u0111\u00f3ng g\u00f3i v\u00e0 ni\u00eam phong c\u1ed1c s\u1eefa chua<\/strong> c\u00f3 th\u1ec3 t\u1ef1 \u0111\u1ed9ng ho\u00e0n th\u00e0nh to\u00e0n b\u1ed9 quy tr\u00ecnh cho c\u1ed1c, \u0111i\u1ec1n \u0111\u1ea7y, ni\u00eam phong v\u00e0 k\u00e9o ra s\u1ea3n ph\u1ea9m ho\u00e0n ch\u1ec9nh. N\u00f3 \u00e1p d\u1ee5ng cho c\u00e1c c\u1ed1c v\u00e0 n\u1eafp c\u1ed1c \u0111\u00e3 \u0111\u01b0\u1ee3c ch\u1ebf t\u1ea1o s\u1eb5n. <\/p>    <p>\u1ed4 c\u1eafm \u0111\u01a1n v\u00e0 \u0111\u1ea7u r\u00f3t \u0111\u00f4i l\u00e0 nh\u1eefng lo\u1ea1i ph\u1ed5 bi\u1ebfn. Ngo\u00e0i ra, lo\u1ea1i m\u00e1y n\u00e0y y\u00eau c\u1ea7u t\u00f9y ch\u1ec9nh theo k\u00edch th\u01b0\u1edbc, h\u00ecnh d\u1ea1ng c\u1ee7a c\u1ed1c v\u00e0 n\u1eafp n\u00ean ch\u00fang t\u00f4i \u0111\u1ec1 ngh\u1ecb kh\u00e1ch h\u00e0ng cho ch\u00fang t\u00f4i bi\u1ebft chi ti\u1ebft v\u1ec1 h\u00ecnh d\u1ea1ng v\u00e0 dung t\u00edch c\u1ee7a s\u1ea3n ph\u1ea9m khi li\u00ean h\u1ec7 v\u1edbi ch\u00fang t\u00f4i.<\/p>    <figure class=\"wp-block-image aligncenter size-full\"><img loading=\"lazy\" decoding=\"async\" width=\"750\" height=\"500\" src=\"https:\/\/tianhuipackingmachine.com\/wp-content\/uploads\/2021\/09\/yogurt-cup-filler.jpg\" alt=\"c\u1ed1c \u0111\u1ef1ng s\u1eefa chua\" class=\"wp-image-2523\" srcset=\"https:\/\/tianhuipackingmachine.com\/wp-content\/uploads\/2021\/09\/yogurt-cup-filler.jpg 750w, https:\/\/tianhuipackingmachine.com\/wp-content\/uploads\/2021\/09\/yogurt-cup-filler-300x200.jpg 300w\" sizes=\"auto, (max-width: 750px) 100vw, 750px\" \/><figcaption class=\"wp-element-caption\">Ch\u1ea5t l\u00e0m \u0111\u1ea7y c\u1ed1c s\u1eefa chua<\/figcaption><\/figure>    <h2 class=\"wp-block-heading\" id=\"h-features-benefits-of-yogurt-cup-filling-machine\">T\u00ednh n\u0103ng &amp; l\u1ee3i \u00edch c\u1ee7a m\u00e1y r\u00f3t c\u1ed1c s\u1eefa chua<\/h2>    <ol class=\"wp-block-list\" type=\"1\"> <li>C\u1ea5u tr\u00fac quay, thi\u1ebft k\u1ebf h\u1ee3p l\u00fd, hi\u1ec7u qu\u1ea3 v\u00e0 \u0111\u1ed9 ch\u00ednh x\u00e1c cao, \u0111\u1ea7y \u0111\u1ee7 ch\u1ee9c n\u0103ng.<\/li>    <li>M\u00e0n h\u00ecnh c\u1ea3m \u1ee9ng \u0111\u1ec3 thi\u1ebft l\u1eadp c\u00e1c th\u00f4ng s\u1ed1 kh\u00e1c nhau c\u1ee7a m\u00e1y, d\u1ec5 v\u1eadn h\u00e0nh.<\/li>    <li>T\u1ef1 \u0111\u1ed9ng h\u00f3a cao: t\u1ef1 \u0111\u1ed9ng c\u1ea5p c\u1ed1c, chi\u1ebft r\u00f3t, d\u00e1n k\u00edn v\u00e0 k\u00e9o th\u00e0nh ph\u1ea9m ra ngo\u00e0i.<\/li>    <li>Chi\u1ebfm kh\u00f4ng gian nh\u1ecf, ch\u1ea1y \u1ed5n \u0111\u1ecbnh, s\u1eed d\u1ee5ng \u0111i\u1ec1u khi\u1ec3n nhi\u1ec7t \u0111\u1ed9 \u0111\u1ed9c l\u1eadp.<\/li>    <li>M\u00e1y s\u1ebd d\u1eebng n\u1ebfu kh\u00f4ng c\u00f3 c\u1ed1c r\u01a1i, kh\u1edfi \u0111\u1ed9ng l\u1ea1i sau khi cho c\u1ed1c v\u00e0o.<\/li>    <li>N\u00f3 \u0111\u01b0\u1ee3c l\u00e0m b\u1eb1ng th\u00e9p kh\u00f4ng g\u1ec9 v\u00e0 h\u1ee3p kim nh\u00f4m, \u1ed5n \u0111\u1ecbnh v\u00e0 b\u1ec1n, thu\u1eadn ti\u1ec7n \u0111\u1ec3 l\u00e0m s\u1ea1ch.<\/li>    <li>\u00c1p d\u1ee5ng h\u1ec7 th\u1ed1ng \u0111i\u1ec1u khi\u1ec3n v\u00e0 linh ki\u1ec7n kh\u00ed n\u00e9n n\u1ed5i ti\u1ebfng th\u1ebf gi\u1edbi, ch\u1ea5t l\u01b0\u1ee3ng t\u1ed1t v\u00e0 tu\u1ed5i th\u1ecd d\u00e0i.<\/li>    <li>D\u1ecbch v\u1ee5 t\u00f9y bi\u1ebfn c\u00f3 s\u1eb5n.<\/li> <\/ol>    <h2 class=\"wp-block-heading\" id=\"how-does-a-yogurt-cup-filling-and-sealing-machine-work\">M\u00e1y chi\u1ebft r\u00f3t v\u00e0 d\u00e1n k\u00edn c\u1ed1c s\u1eefa chua ho\u1ea1t \u0111\u1ed9ng nh\u01b0 th\u1ebf n\u00e0o?<\/h2>   <figure class=\"wp-block-embed-youtube wp-block-embed is-type-video is-provider-youtube wp-embed-aspect-16-9 wp-has-aspect-ratio lyte-align aligncenter\"><div class=\"lyte-wrapper\" title=\"M\u00e1y chi\u1ebft r\u00f3t v\u00e0 d\u00e1n k\u00edn c\u1ed1c s\u1eefa chua t\u1ef1 \u0111\u1ed9ng lo\u1ea1i quay\" style=\"width:853px;max-width:100%;margin:5px auto;\"><div class=\"lyMe\" id=\"WYL_HicsfkDOUwI\" itemprop=\"video\" itemscope itemtype=\"https:\/\/schema.org\/VideoObject\"><div><meta itemprop=\"thumbnailUrl\" content=\"https:\/\/i.ytimg.com\/vi\/HicsfkDOUwI\/hqdefault.jpg\" \/><meta itemprop=\"embedURL\" content=\"https:\/\/www.youtube.com\/embed\/HicsfkDOUwI\" \/><meta itemprop=\"duration\" content=\"PT3M10S\" \/><meta itemprop=\"uploadDate\" content=\"2021-09-17T09:58:33Z\" \/><\/div><div id=\"lyte_HicsfkDOUwI\" data-src=\"https:\/\/i.ytimg.com\/vi\/HicsfkDOUwI\/hqdefault.jpg\" class=\"pL\"><div class=\"tC\"><div class=\"tT\" itemprop=\"name\">M\u00e1y chi\u1ebft r\u00f3t v\u00e0 d\u00e1n k\u00edn c\u1ed1c s\u1eefa chua t\u1ef1 \u0111\u1ed9ng lo\u1ea1i quay<\/div><\/div><div class=\"play\"><\/div><div class=\"ctrl\"><div class=\"Lctrl\"><\/div><div class=\"Rctrl\"><\/div><\/div><\/div><noscript><a href=\"https:\/\/youtu.be\/HicsfkDOUwI\" rel=\"nofollow noopener\" target=\"_blank\"><img loading=\"lazy\" decoding=\"async\" src=\"https:\/\/i.ytimg.com\/vi\/HicsfkDOUwI\/0.jpg\" alt=\"M\u00e1y chi\u1ebft r\u00f3t v\u00e0 d\u00e1n k\u00edn c\u1ed1c s\u1eefa chua t\u1ef1 \u0111\u1ed9ng lo\u1ea1i quay\" width=\"853\" height=\"460\" \/><\/a><\/noscript><meta itemprop=\"description\" content=\"#yogurt #yogurtrecipe #yogurtpackaging Email\ud83d\udc49 sales@tianhuipackingmachine.com WhatsApp\/Tel\ud83d\udc49 +86 17329326135 Useful reference\ud83d\udc49 https:\/\/tianhuipackingmachine.com\/yogurt-cup-filling-machine\/ ----------------------------------------------------------------------- Yogurt cup filling sealing machine is a kind of equipment for cup yogurt packaging. Compared with a single outlet liquid filling machine and multi-head liquid filling machine, this yogurt packaging machine for cups can automatically complete the whole process of feeding cups, filling, sealing, pulling out finished products. Besides, this kind of machine requires to customize according to the sizes and shapes of cups and covers, so we suggest our customer tell us the details of the product\u2019s shape and capacity when getting in touch with us. Yogurt cup filling machine is composed of an automatic touch screen, cup dropping system, gearing and pulling system, filling system, film putting device, sealing system, and cup discharging device with an output conveyor belt. ----------------------------------------------------------------------- Email\ud83d\udc49 sales@tianhuipackingmachine.com WhatsApp\/Tel\ud83d\udc49 +86 17329326135 Useful reference\ud83d\udc49 https:\/\/tianhuipackingmachine.com\/yogurt-cup-filling-machine\/\"><\/div><\/div><div class=\"lL\" style=\"max-width:100%;width:853px;margin:5px auto;\"> <a href=\"https:\/\/youtu.be\/HicsfkDOUwI\" target=\"_blank\" rel=\"noopener\">Xem video n\u00e0y tr\u00ean YouTube<\/a>.<\/div><figcaption><\/figcaption><\/figure>   <h2 class=\"wp-block-heading\" id=\"h-yogurt-cup-filler-structure\">C\u1ea5u tr\u00fac c\u1ed1c s\u1eefa chua<\/h2>    <p>M\u00e1y r\u00f3t c\u1ed1c s\u1eefa chua bao g\u1ed3m m\u00e0n h\u00ecnh c\u1ea3m \u1ee9ng t\u1ef1 \u0111\u1ed9ng, h\u1ec7 th\u1ed1ng th\u1ea3 c\u1ed1c, h\u1ec7 th\u1ed1ng truy\u1ec1n \u0111\u1ed9ng v\u00e0 k\u00e9o, h\u1ec7 th\u1ed1ng r\u00f3t, thi\u1ebft b\u1ecb d\u00e1n m\u00e0ng, h\u1ec7 th\u1ed1ng ni\u00eam phong v\u00e0 thi\u1ebft b\u1ecb x\u1ea3 c\u1ed1c b\u1eb1ng b\u0103ng t\u1ea3i \u0111\u1ea7u ra. M\u00e0n h\u00ecnh c\u1ea3m \u1ee9ng \u0111i\u1ec1u khi\u1ec3n c\u00e1c c\u00f4ng t\u1eafc r\u01a1i c\u1ed1c, r\u00f3t, \u0111\u00f3ng m\u00e0ng, h\u00e0n k\u00edn, x\u1ea3 v\u00e0 hi\u1ec3n th\u1ecb \u0111\u1ebfm th\u00e0nh ph\u1ea9m. Thi\u1ebft b\u1ecb r\u01a1i c\u1ed1c th\u1ef1c hi\u1ec7n \u0111\u01b0\u1ee3c d\u1eabn \u0111\u1ed9ng b\u1eb1ng kh\u00ed n\u00e9n, ch\u1ea1y \u1ed5n \u0111\u1ecbnh v\u00e0 ch\u00ednh x\u00e1c. <\/p>    <p>H\u1ec7 th\u1ed1ng truy\u1ec1n \u0111\u1ed9ng v\u00e0 k\u00e9o bao g\u1ed3m \u0111\u1ed9ng c\u01a1 truy\u1ec1n \u0111\u1ed9ng, b\u1ed9 gi\u1ea3m t\u1ed1c, thi\u1ebft b\u1ecb truy\u1ec1n \u0111\u1ed9ng \u1ed5n \u0111\u1ecbnh v\u00e0 c\u1ed1c v\u1eadn chuy\u1ec3n \u0111\u1ebfn h\u1ec7 th\u1ed1ng r\u00f3t. Thi\u1ebft b\u1ecb chi\u1ebft r\u00f3t bao g\u1ed3m m\u1ed9t \u1ed5 c\u1eafm duy nh\u1ea5t v\u00e0 m\u1ed9t \u0111\u1ea7u k\u00e9p \u0111\u1ec3 \u0111\u1ed5 \u0111\u1ea7y, lo\u1ea1i sau hi\u1ec7u qu\u1ea3 h\u01a1n. H\u1ec7 th\u1ed1ng \u0111\u1eb7t n\u1eafp c\u1ed1c \u0111\u1eb7t ch\u00ednh x\u00e1c. Thi\u1ebft b\u1ecb b\u1ecbt k\u00edn v\u00e0nh c\u1ed1c m\u1ed9t c\u00e1ch ch\u1eafc ch\u1eafn v\u00e0 \u0111\u1ea9y ch\u00fang v\u00e0o b\u0103ng t\u1ea3i \u0111\u1ea7u ra.<\/p>    <figure class=\"wp-block-image aligncenter size-full\"><img loading=\"lazy\" decoding=\"async\" width=\"750\" height=\"500\" src=\"https:\/\/tianhuipackingmachine.com\/wp-content\/uploads\/2021\/09\/yogurt-cup-filling-machine-structure.jpg\" alt=\"c\u1ea5u t\u1ea1o m\u00e1y l\u00e0m c\u1ed1c s\u1eefa chua\" class=\"wp-image-2524\" srcset=\"https:\/\/tianhuipackingmachine.com\/wp-content\/uploads\/2021\/09\/yogurt-cup-filling-machine-structure.jpg 750w, https:\/\/tianhuipackingmachine.com\/wp-content\/uploads\/2021\/09\/yogurt-cup-filling-machine-structure-300x200.jpg 300w\" sizes=\"auto, (max-width: 750px) 100vw, 750px\" \/><figcaption class=\"wp-element-caption\">C\u1ea5u tr\u00fac m\u00e1y l\u00e0m s\u1eefa chua<\/figcaption><\/figure>    <h2 class=\"has-text-color wp-block-heading\" id=\"h-yogurt-filling-equipment-parameters\" style=\"color:#ff5200\">Th\u00f4ng s\u1ed1 thi\u1ebft b\u1ecb l\u00e0m s\u1eefa chua<\/h2>    <figure class=\"wp-block-table is-style-stripes\"><table><tbody><tr><td>Quy\u1ec1n l\u1ef1c<\/td><td>220V \u00a0\u00a01200W<\/td><\/tr><tr><td>T\u1ed1c \u0111\u1ed9 \u0111\u00f3ng g\u00f3i<\/td><td>800-900cups\/h (\u1ed5 c\u1eafm \u0111\u01a1n) \u00a0 1600-1800cups\/h (\u1ed5 c\u1eafm \u0111\u00f4i)<\/td><\/tr><tr><td>\u00c1p su\u1ea5t kh\u00f4ng kh\u00ed<\/td><td>0,5-0,75Mpa<\/td><\/tr><tr><td>Ti\u00eau th\u1ee5 kh\u00f4ng kh\u00ed t\u1ed1i \u0111a<\/td><td>0,45m<sup>3<\/sup>\/m<\/td><\/tr><tr><td>K\u00edch th\u01b0\u1edbc<\/td><td>100*80*120cm<\/td><\/tr><tr><td>C\u00e2n n\u1eb7ng<\/td><td>350kg<\/td><\/tr><\/tbody><\/table><\/figure>    <p>K\u1ef9 thu\u1eadt th\u1ef1c t\u1ebf s\u1ebd c\u00f3 m\u1ed9t s\u1ed1 kh\u00e1c bi\u1ec7t d\u1ef1a tr\u00ean t\u00ecnh h\u00ecnh th\u1ef1c t\u1ebf v\u00ec m\u00e1y l\u00e0m \u0111\u1ea7y c\u1ed1c s\u1eefa chua th\u01b0\u1eddng \u0111\u01b0\u1ee3c t\u00f9y ch\u1ec9nh. <\/p>    <h2 class=\"wp-block-heading\" id=\"h-applications-of-yogurt-filling-machine\">\u1ee8ng d\u1ee5ng c\u1ee7a m\u00e1y l\u00e0m s\u1eefa chua<\/h2>    <p>Ch\u1ea5t \u0111\u1ed9n c\u1ed1c s\u1eefa chua\u00a0kh\u00f4ng ch\u1ec9 c\u00f3 th\u1ec3 \u0111\u1ed5 \u0111\u1ea7y v\u00e0 b\u1ecbt k\u00edn c\u1ed1c s\u1eefa chua m\u00e0 c\u00f2n c\u00f3 th\u1ec3 \u00e1p d\u1ee5ng cho \u0111\u1ed3 u\u1ed1ng, s\u1eefa, c\u00e0 ph\u00ea, n\u01b0\u1edbc tr\u00e1i c\u00e2y, kem c\u00e0 ph\u00ea, kem, th\u1ea1ch, s\u1eefa \u0111\u1eadu n\u00e0nh, xi-r\u00f4 m\u1eadn, r\u01b0\u1ee3u g\u1ea1o, m\u1ee9t, n\u01b0\u1edbc s\u1ed1t, t\u01b0\u01a1ng \u1edbt, th\u1ecbt b\u00f2 d\u00e1n, v.v. b\u1eb1ng c\u00e1ch trang b\u1ecb c\u00e1c h\u1ec7 th\u1ed1ng l\u00e0m \u0111\u1ea7y kh\u00e1c nhau. N\u00f3 ph\u00f9 h\u1ee3p v\u1edbi c\u1ed1c nh\u1ef1a, c\u1ed1c gi\u1ea5y, c\u1ed1c nh\u00f4m, v.v. \u0110\u1ed1i v\u1edbi thi\u1ebft b\u1ecb chi\u1ebft r\u00f3t, th\u1ec3 t\u00edch chi\u1ebft r\u00f3t kh\u00e1c nhau l\u00e0 t\u00f9y ch\u1ecdn, tham kh\u1ea3o 1-10ml, 10-100ml, 5-50ml, 50-500ml, 30-300ml, v.v. (t\u1ed1i \u0111a 500ml). B\u1ea1n c\u00f3 th\u1ec3 l\u1ef1a ch\u1ecdn theo nhu c\u1ea7u th\u1ef1c t\u1ebf c\u1ee7a b\u1ea1n. <\/p>    <figure class=\"wp-block-gallery has-nested-images columns-default is-cropped wp-block-gallery-2 is-layout-flex wp-block-gallery-is-layout-flex\"> <figure class=\"wp-block-image size-large\"><img loading=\"lazy\" decoding=\"async\" width=\"750\" height=\"500\" data-id=\"2526\" src=\"https:\/\/tianhuipackingmachine.com\/wp-content\/uploads\/2021\/09\/yogurt-cup-filling-equipment-applications-display.jpg\" alt=\"hi\u1ec3n th\u1ecb \u1ee9ng d\u1ee5ng thi\u1ebft b\u1ecb l\u00e0m \u0111\u1ea7y c\u1ed1c s\u1eefa chua\" class=\"wp-image-2526\" srcset=\"https:\/\/tianhuipackingmachine.com\/wp-content\/uploads\/2021\/09\/yogurt-cup-filling-equipment-applications-display.jpg 750w, https:\/\/tianhuipackingmachine.com\/wp-content\/uploads\/2021\/09\/yogurt-cup-filling-equipment-applications-display-300x200.jpg 300w\" sizes=\"auto, (max-width: 750px) 100vw, 750px\" \/><figcaption class=\"wp-element-caption\">Hi\u1ec3n th\u1ecb \u1ee9ng d\u1ee5ng thi\u1ebft b\u1ecb l\u00e0m \u0111\u1ea7y c\u1ed1c s\u1eefa chua<\/figcaption><\/figure>    <figure class=\"wp-block-image size-large\"><img loading=\"lazy\" decoding=\"async\" width=\"750\" height=\"500\" data-id=\"4684\" src=\"https:\/\/tianhuipackingmachine.com\/wp-content\/uploads\/2021\/12\/coffee-mate-750x500.jpg\" alt=\"ng\u01b0\u1eddi b\u1ea1n \u0111\u1eddi c\u00e0 ph\u00ea\" class=\"wp-image-4684\" srcset=\"https:\/\/tianhuipackingmachine.com\/wp-content\/uploads\/2021\/12\/coffee-mate.jpg 750w, https:\/\/tianhuipackingmachine.com\/wp-content\/uploads\/2021\/12\/coffee-mate-480x320.jpg 480w\" sizes=\"auto, (max-width: 750px) 100vw, 750px\" \/><figcaption class=\"wp-element-caption\">Ng\u01b0\u1eddi b\u1ea1n \u0111\u1eddi c\u00e0 ph\u00ea<\/figcaption><\/figure> <\/figure>    <h2 class=\"wp-block-heading\" id=\"do-you-need-a-yogurt-cup-filling-and-sealing-machine-for-larger-output\">B\u1ea1n c\u00f3 c\u1ea7n m\u1ed9t m\u00e1y l\u00e0m \u0111\u1ea7y v\u00e0 ni\u00eam phong c\u1ed1c s\u1eefa chua \u0111\u1ec3 c\u00f3 s\u1ea3n l\u01b0\u1ee3ng l\u1edbn h\u01a1n kh\u00f4ng?<\/h2>    <p>N\u1ebfu c\u00f3, b\u1ea1n c\u00f3 th\u1ec3 xem qua m\u00e1y chi\u1ebft r\u00f3t v\u00e0 d\u00e1n c\u1ed1c li\u00ean t\u1ee5c. \u0110\u00e2y l\u00e0 thi\u1ebft b\u1ecb l\u00fd t\u01b0\u1edfng \u0111\u1ec3 \u0111\u00f3ng g\u00f3i c\u1ed1c cho d\u00e2y chuy\u1ec1n l\u1eafp r\u00e1p v\u00e0 s\u1ea3n xu\u1ea5t h\u00e0ng lo\u1ea1t l\u1edbn. M\u00e1y \u0111\u00f3ng g\u00f3i c\u1ed1c n\u00e0y \u00e1p d\u1ee5ng cho s\u1eefa chua, th\u1ea1ch, n\u01b0\u1edbc tr\u00e1i c\u00e2y, kem, b\u00e1nh pudding, ch\u00e1o, ch\u1ea5t l\u1ecfng ho\u1eb7c b\u1ed9t nh\u00e3o kh\u00e1c, v.v. Thi\u1ebft b\u1ecb c\u00f3 th\u1ec3 t\u1ef1 \u0111\u1ed9ng ho\u00e0n t\u1ea5t quy tr\u00ecnh \u0111\u1ed5 c\u1ed1c v\u00e0o m\u00f4 h\u00ecnh, \u0111\u1ed5 nguy\u00ean li\u1ec7u v\u00e0o c\u1ed1c, m\u00e0ng cho \u0103n, ni\u00eam phong v\u00e0 c\u1eaft m\u00e0ng bao b\u00ec. <\/p>    <p>N\u00f3 c\u00f3 \u01b0u \u0111i\u1ec3m l\u00e0 c\u1ea5u tr\u00fac nh\u1ecf g\u1ecdn, m\u1ee9c \u0111\u1ed9 t\u1ef1 \u0111\u1ed9ng h\u00f3a cao, s\u1eed d\u1ee5ng thu\u1eadn ti\u1ec7n, b\u1ea3o tr\u00ec \u0111\u01a1n gi\u1ea3n v\u00e0 hi\u1ec7u qu\u1ea3 s\u1ea3n xu\u1ea5t cao. V\u00e0 thi\u1ebft b\u1ecb c\u00f3 ch\u1ea5t l\u01b0\u1ee3ng \u1ed5n \u0111\u1ecbnh v\u00e0 tu\u1ed5i th\u1ecd d\u00e0i, hi\u1ec7u su\u1ea5t ti\u00ean ti\u1ebfn v\u00e0 ch\u1ea5t l\u01b0\u1ee3ng \u0111\u00e1ng tin c\u1eady. S\u1ed1 l\u01b0\u1ee3ng c\u1ed1c tr\u00ean m\u1ed7i h\u00e0ng c\u00f3 th\u1ec3 \u0111\u01b0\u1ee3c t\u00f9y ch\u1ec9nh theo y\u00eau c\u1ea7u s\u1ea3n xu\u1ea5t c\u1ee7a kh\u00e1ch h\u00e0ng.<\/p>    <figure class=\"wp-block-image aligncenter size-large\"><img loading=\"lazy\" decoding=\"async\" width=\"750\" height=\"500\" src=\"https:\/\/tianhuipackingmachine.com\/wp-content\/uploads\/2022\/02\/cup-filling-and-sealing-machine-750x500.jpg\" alt=\"m\u00e1y r\u00f3t v\u00e0 d\u00e1n c\u1ed1c\" class=\"wp-image-5183\" srcset=\"https:\/\/tianhuipackingmachine.com\/wp-content\/uploads\/2022\/02\/cup-filling-and-sealing-machine.jpg 750w, https:\/\/tianhuipackingmachine.com\/wp-content\/uploads\/2022\/02\/cup-filling-and-sealing-machine-480x320.jpg 480w\" sizes=\"auto, (max-width: 750px) 100vw, 750px\" \/><figcaption class=\"wp-element-caption\">M\u00e1y chi\u1ebft r\u00f3t v\u00e0 h\u00e0n k\u00edn c\u1ed1c<\/figcaption><\/figure>    <h2 class=\"wp-block-heading\" id=\"what-are-characteristics-of-the-continuous-yogurt-cup-filling-and-sealing-machine\">\u0110\u1eb7c \u0111i\u1ec3m c\u1ee7a m\u00e1y chi\u1ebft r\u00f3t v\u00e0 d\u00e1n k\u00edn c\u1ed1c s\u1eefa chua li\u00ean t\u1ee5c l\u00e0 g\u00ec?<\/h2>    <ol class=\"wp-block-list\" type=\"1\"> <li>Thi\u1ebft k\u1ebf ti\u00ean ti\u1ebfn, c\u1ea5u tr\u00fac h\u1ee3p l\u00fd, t\u1ef1 \u0111\u1ed9ng h\u00f3a cao v\u00e0 hi\u1ec7u su\u1ea5t \u0111\u00e1ng tin c\u1eady.<\/li>    <li>Ho\u1ea1t \u0111\u1ed9ng \u0111\u01a1n gi\u1ea3n c\u1ea3i thi\u1ec7n hi\u1ec7u qu\u1ea3 c\u00f4ng vi\u1ec7c v\u00e0 gi\u1ea3m s\u1ee9c lao \u0111\u1ed9ng c\u1ee7a con ng\u01b0\u1eddi.<\/li>    <li>To\u00e0n b\u1ed9 m\u00e1y \u0111\u01b0\u1ee3c l\u00e0m b\u1eb1ng th\u00e9p kh\u00f4ng g\u1ec9, h\u1ee3p kim nh\u00f4m, \u0111\u1ed3ng v\u00e0 c\u00e1c v\u1eadt li\u1ec7u ch\u1ed1ng \u0103n m\u00f2n kh\u00e1c ph\u00f9 h\u1ee3p v\u1edbi ti\u00eau chu\u1ea9n v\u1ec7 sinh an to\u00e0n th\u1ef1c ph\u1ea9m<\/li>    <li>Khu\u00f4n \u0111\u1eb7t c\u1ed1c c\u00f3 th\u1ec3 \u0111\u01b0\u1ee3c t\u00f9y ch\u1ec9nh. Khu\u00f4n tr\u00f2n v\u00e0 khu\u00f4n vu\u00f4ng l\u00e0 nh\u1eefng lo\u1ea1i ph\u1ed5 bi\u1ebfn hi\u1ec7n c\u00f3. <\/li>    <li>M\u00e1y d\u00f2 m\u1eaft quang \u0111i\u1ec7n \u0111\u1ea3m b\u1ea3o l\u00e0m \u0111\u1ea7y v\u00e0 ni\u00eam phong ch\u00ednh x\u00e1c v\u00e0 ch\u00ednh x\u00e1c.<\/li>    <li>T\u1ed1c \u0111\u1ed9 s\u1ea3n xu\u1ea5t v\u00e0 \u00e1p su\u1ea5t ni\u00eam phong \u0111\u01b0\u1ee3c \u0111i\u1ec1u ch\u1ec9nh d\u1ef1a tr\u00ean nhu c\u1ea7u th\u1ef1c t\u1ebf.<\/li>    <li>Con d\u1ea5u ch\u1eafc ch\u1eafn, c\u00e1c c\u1ea1nh m\u1ecbn v\u00e0 kh\u00f4ng t\u00ec v\u1ebft.<\/li> <\/ol>    <figure class=\"wp-block-gallery has-nested-images columns-default is-cropped wp-block-gallery-3 is-layout-flex wp-block-gallery-is-layout-flex\"> <figure class=\"wp-block-image size-large\"><img loading=\"lazy\" decoding=\"async\" width=\"750\" height=\"500\" data-id=\"5185\" src=\"https:\/\/tianhuipackingmachine.com\/wp-content\/uploads\/2022\/02\/round-cup-type-filling-system-for-liquid.jpg\" alt=\"h\u1ec7 th\u1ed1ng r\u00f3t lo\u1ea1i c\u1ed1c tr\u00f2n cho ch\u1ea5t l\u1ecfng\" class=\"wp-image-5185\" srcset=\"https:\/\/tianhuipackingmachine.com\/wp-content\/uploads\/2022\/02\/round-cup-type-filling-system-for-liquid.jpg 750w, https:\/\/tianhuipackingmachine.com\/wp-content\/uploads\/2022\/02\/round-cup-type-filling-system-for-liquid-480x320.jpg 480w\" sizes=\"auto, (max-width: 750px) 100vw, 750px\" \/><figcaption class=\"wp-element-caption\">H\u1ec7 th\u1ed1ng chi\u1ebft r\u00f3t lo\u1ea1i c\u1ed1c tr\u00f2n cho ch\u1ea5t l\u1ecfng<\/figcaption><\/figure>    <figure class=\"wp-block-image size-large\"><img loading=\"lazy\" decoding=\"async\" width=\"750\" height=\"500\" data-id=\"5184\" src=\"https:\/\/tianhuipackingmachine.com\/wp-content\/uploads\/2022\/02\/quadrate-cup-type-filling-system.jpg\" alt=\"h\u1ec7 th\u1ed1ng r\u00f3t lo\u1ea1i c\u1ed1c t\u1ee9 gi\u00e1c\" class=\"wp-image-5184\" srcset=\"https:\/\/tianhuipackingmachine.com\/wp-content\/uploads\/2022\/02\/quadrate-cup-type-filling-system.jpg 750w, https:\/\/tianhuipackingmachine.com\/wp-content\/uploads\/2022\/02\/quadrate-cup-type-filling-system-480x320.jpg 480w\" sizes=\"auto, (max-width: 750px) 100vw, 750px\" \/><figcaption class=\"wp-element-caption\">H\u1ec7 th\u1ed1ng chi\u1ebft r\u00f3t lo\u1ea1i c\u1ed1c Quadrate<\/figcaption><\/figure> <\/figure>    <h2 class=\"has-luminous-vivid-orange-color has-text-color wp-block-heading\" id=\"multiline-linear-automatic-cup-packing-machine-parameter\">Th\u00f4ng s\u1ed1 m\u00e1y \u0111\u00f3ng g\u00f3i c\u1ed1c t\u1ef1 \u0111\u1ed9ng tuy\u1ebfn t\u00ednh \u0111a d\u00f2ng<\/h2>    <figure class=\"wp-block-table\"><table><tbody><tr><td>Ki\u1ec3u<\/td><td>XBG60-4<\/td><td>JXS-1680<\/td><\/tr><tr><td>Quy\u1ec1n l\u1ef1c<\/td><td>Ba pha b\u1ed1n d\u00e2y, 380V\/50HZ, 2,4Kw\/h<\/td><td>380V, 2.2Kw<\/td><\/tr><tr><td>Ph\u1ea1m vi ki\u1ec3m so\u00e1t nhi\u1ec7t \u0111\u1ed9<\/td><td>0-400oC<\/td><td>\/<\/td><\/tr><tr><td>Ti\u00eau th\u1ee5 kh\u00f4ng kh\u00ed<\/td><td>0,6m<sup>3<\/sup>\/S<\/td><td>\/<\/td><\/tr><tr><td>\u00c1p su\u1ea5t kh\u00f4ng kh\u00ed<\/td><td>0,65-0,85Mpa<\/td><td>0,6-0,8Mpa<\/td><\/tr><tr><td>T\u1ed1c \u0111\u1ed9 \u0111\u00f3ng g\u00f3i<\/td><td>1800-2000 c\u1ed1c\/gi\u1edd<\/td><td>1200-7200 c\u1ed1c\/gi\u1edd<\/td><\/tr><tr><td>C\u00e2n n\u1eb7ng<\/td><td>700kg<\/td><td>1050kg<\/td><\/tr><tr><td>K\u00edch th\u01b0\u1edbc<\/td><td>3000mm*600mm*1600mm<\/td><td>3200*1350*1720mm<\/td><\/tr><\/tbody><\/table><\/figure>    <p>D\u1eef li\u1ec7u k\u1ef9 thu\u1eadt th\u1ef1c t\u1ebf s\u1ebd \u0111i\u1ec1u ch\u1ec9nh theo t\u00ecnh h\u00ecnh v\u00e0 y\u00eau c\u1ea7u th\u1ef1c t\u1ebf. <\/p>    <h2 class=\"wp-block-heading\" id=\"h-get-in-touch-with-us-to-get-more-information\">H\u00e3y li\u00ean h\u1ec7 v\u1edbi ch\u00fang t\u00f4i \u0111\u1ec3 bi\u1ebft th\u00eam th\u00f4ng tin<\/h2>    <p class=\"translation-block\">M\u00e1y \u0111\u00f3ng g\u00f3i &amp; ni\u00eam phong c\u1ed1c s\u1eefa chua t\u1ef1 \u0111\u1ed9ng xoay th\u01b0\u1eddng \u0111\u01b0\u1ee3c t\u00f9y ch\u1ec9nh \u0111\u1ec3 ph\u00f9 h\u1ee3p v\u1edbi k\u00edch th\u01b0\u1edbc v\u00e0 h\u00ecnh d\u1ea1ng c\u1ee7a c\u1ed1c v\u00e0 n\u1eafp c\u1ed1c c\u1ee7a b\u1ea1n. T\u1ea1i Henan Top Packing machinery, c\u00f3 r\u1ea5t nhi\u1ec1u <a href=\"https:\/\/tianhuipackingmachine.com\/vi\/\">m\u00e1y \u0111\u00f3ng g\u00f3i<\/a> \u0111ang \u0111\u01b0\u1ee3c b\u00e1n, ch\u1eb3ng h\u1ea1n nh\u01b0 <a href=\"https:\/\/tianhuipackingmachine.com\/vi\/liquid-packing-machine\/\">m\u00e1y \u0111\u00f3ng g\u00f3i l\u1ecfng<\/a>, m\u00e1y \u0111\u00f3ng g\u00f3i b\u1ed9t, m\u00e1y \u0111\u00f3ng g\u00f3i h\u1ea1t, m\u00e1y \u0111\u00f3ng g\u00f3i ch\u00e2n kh\u00f4ng, m\u00e1y \u0111\u00f3ng g\u00f3i g\u1ed1i, m\u00e1y ghi nh\u00e3n, m\u00e1y in ng\u00e0y, <a href=\"https:\/\/tianhuipackingmachine.com\/vi\/carton-sealing-machine\/\">m\u00e1y ni\u00eam phong th\u00f9ng carton<\/a>, v\u00e0 nhi\u1ec1u th\u1ee9 kh\u00e1c. B\u1ea1n c\u00f3 \u0111ang t\u00ecm ki\u1ebfm thi\u1ebft b\u1ecb nh\u01b0 v\u1eady kh\u00f4ng? Li\u00ean h\u1ec7 v\u1edbi ch\u00fang t\u00f4i \u0111\u1ec3 nh\u1eadn th\u00eam chi ti\u1ebft v\u00e0 gi\u00e1 t\u1ed1t nh\u1ea5t.<\/p>","protected":false},"excerpt":{"rendered":"<p>Yogurt cup filling machine, as the name implies, is a kind of equipment for cup filling and sealing. Compared with the inline liquid filling machine, this yogurt packaging machine for cups is equipped with a rotary plate. The yogurt cup filling and sealing machine can automatically complete the whole process of feeding cups, filling, sealing, [&hellip;]<\/p>\n","protected":false},"author":1,"featured_media":2523,"parent":0,"template":"","tags":[162],"product-type":[141],"class_list":["post-2522","product","type-product","status-publish","has-post-thumbnail","hentry","tag-filling-machine","product-type-filling-machines"],"_links":{"self":[{"href":"https:\/\/tianhuipackingmachine.com\/vi\/wp-json\/wp\/v2\/product\/2522","targetHints":{"allow":["GET"]}}],"collection":[{"href":"https:\/\/tianhuipackingmachine.com\/vi\/wp-json\/wp\/v2\/product"}],"about":[{"href":"https:\/\/tianhuipackingmachine.com\/vi\/wp-json\/wp\/v2\/types\/product"}],"author":[{"embeddable":true,"href":"https:\/\/tianhuipackingmachine.com\/vi\/wp-json\/wp\/v2\/users\/1"}],"wp:featuredmedia":[{"embeddable":true,"href":"https:\/\/tianhuipackingmachine.com\/vi\/wp-json\/wp\/v2\/media\/2523"}],"wp:attachment":[{"href":"https:\/\/tianhuipackingmachine.com\/vi\/wp-json\/wp\/v2\/media?parent=2522"}],"wp:term":[{"taxonomy":"post_tag","embeddable":true,"href":"https:\/\/tianhuipackingmachine.com\/vi\/wp-json\/wp\/v2\/tags?post=2522"},{"taxonomy":"product-type","embeddable":true,"href":"https:\/\/tianhuipackingmachine.com\/vi\/wp-json\/wp\/v2\/product-type?post=2522"}],"curies":[{"name":"wp","href":"https:\/\/api.w.org\/{rel}","templated":true}]}}