{"id":2510,"date":"2021-09-08T11:10:06","date_gmt":"2021-09-08T03:10:06","guid":{"rendered":"https:\/\/tianhuipackingmachine.com\/?page_id=2510"},"modified":"2026-03-11T15:10:18","modified_gmt":"2026-03-11T07:10:18","slug":"1-10kg-powder-filling-machine","status":"publish","type":"product","link":"https:\/\/tianhuipackingmachine.com\/vi\/1-10kg-powder-filling-machine\/","title":{"rendered":"M\u00e1y chi\u1ebft b\u1ed9t 1-10kg"},"content":{"rendered":"<p class=\"translation-block\"><strong>Powder filling machine<\/strong> \u1edf \u0111\u00e2y l\u00e0 m\u1ed9t c\u00f4ng c\u1ee5 \u0111\u1ec3 \u0111i\u1ec1n b\u1ed9t trong ph\u1ea1m vi 1-10kg m\u1ed9t c\u00e1ch hi\u1ec7u qu\u1ea3 v\u00e0 \u0111\u00e1ng tin c\u1eady. Gi\u1ed1ng nh\u01b0 c\u00e1c m\u00e1y \u0111\u00f3ng g\u00f3i b\u1ed9t kh\u00e1c, n\u00f3 \u0111\u01b0\u1ee3c trang b\u1ecb m\u1ed9t  auger \u0111o th\u1ec3 t\u00edch c\u1ee7a v\u1eadt li\u1ec7u \u0111i\u1ec1n, thi\u1ebft b\u1ecb ph\u00f9 h\u1ee3p v\u1edbi nhi\u1ec1u lo\u1ea1i b\u1ed9t kh\u00e1c nhau, ch\u1eb3ng h\u1ea1n b\u1ed9t s\u1eefa, b\u1ed9t m\u00ec, tinh b\u1ed9t, gia v\u1ecb, b\u1ed9t \u1edbt, b\u1ed9t gi\u1eb7t, b\u1ed9t h\u00f3a ch\u1ea5t, n\u00f4ng nghi\u1ec7p, v\u00e0 c\u00e1c s\u1ea3n ph\u1ea9m ph\u1ee5, b\u1ed9t b\u1ed5 sung, b\u1ed9t nhu\u1ed9m, b\u1ed9t th\u1ee9c \u0103n ch\u0103n nu\u00f4i, v.v. <\/p>    <p>\u0110\u1ec3 \u0111\u00f3ng g\u00f3i hi\u1ec7u qu\u1ea3 h\u01a1n, b\u1ea1n c\u00f3 th\u1ec3 s\u1eed d\u1ee5ng n\u00f3 b\u1eb1ng c\u00e1ch k\u1ebft h\u1ee3p n\u00f3 v\u1edbi m\u1ed9t s\u1ed1 thi\u1ebft b\u1ecb. V\u00ed d\u1ee5, t\u1ed1t h\u01a1n h\u1ebft b\u1ea1n n\u00ean mua c\u00f9ng m\u1ed9t m\u00e1y h\u00e0n k\u00edn t\u00fai n\u1ebfu b\u1ea1n c\u0169ng mu\u1ed1n ni\u00eam phong t\u00fai. Trong khi n\u1ebfu s\u1eed d\u1ee5ng chai \u0111\u1ec3 \u0111\u00f3ng g\u00f3i, b\u1ea1n c\u00f3 th\u1ec3 mua th\u00eam b\u0103ng t\u1ea3i \u0111\u1ec3 ti\u1ebft ki\u1ec7m nh\u00e2n c\u00f4ng. H\u01a1n n\u1eefa, d\u1ecbch v\u1ee5 OEM c\u00f3 s\u1eb5n theo nhu c\u1ea7u c\u1ee7a b\u1ea1n.<\/p>    <figure class=\"wp-block-image size-full\"><img loading=\"lazy\" decoding=\"async\" width=\"750\" height=\"500\" src=\"https:\/\/tianhuipackingmachine.com\/wp-content\/uploads\/2021\/09\/powder-weighing-and-filing-machine.jpg\" alt=\"m\u00e1y c\u00e2n v\u00e0 r\u00f3t b\u1ed9t\" class=\"wp-image-6246\"\/><figcaption class=\"wp-element-caption\">M\u00e1y c\u00e2n v\u00e0 chi\u1ebft b\u1ed9t<\/figcaption><\/figure>    <h2 class=\"has-black-color has-text-color wp-block-heading\" id=\"h-features-benefits-of-1-10kg-powder-filling-machine\">T\u00ednh n\u0103ng &amp; l\u1ee3i \u00edch c\u1ee7a m\u00e1y c\u00e2n v\u00e0 chi\u1ebft r\u00f3t b\u1ed9t kh\u00f4<\/h2>    <ol class=\"wp-block-list\" type=\"1\"> <li>Thi\u1ebft k\u1ebf h\u1ee3p l\u00fd, c\u1ea5u tr\u00fac \u0111\u01a1n gi\u1ea3n, d\u1ec5 l\u1eafp \u0111\u1eb7t, v\u1eadn h\u00e0nh v\u00e0 b\u1ea3o tr\u00ec<\/li>    <li>T\u1ef1 \u0111\u1ed9ng c\u00e2n, chi\u1ebft r\u00f3t v\u00e0 \u0111i\u1ec1u ch\u1ec9nh l\u1ed7i \u0111o \u0111\u1ecbnh l\u01b0\u1ee3ng<\/li>    <li>Ph\u00edm v\u00e0 m\u00e0n h\u00ecnh c\u1ea3m \u1ee9ng PLC l\u00e0 t\u00f9y ch\u1ecdn d\u1ef1a tr\u00ean nhu c\u1ea7u c\u1ee7a b\u1ea1n<\/li>    <li>Th\u00eam m\u1ed9t k\u1eb9p l\u1edbn tr\u00ean c\u1ed5ng x\u1ea3 \u0111\u1ec3 c\u1ed1 \u0111\u1ecbnh t\u00fai \u0111\u00f3ng g\u00f3i \u0111\u1ec3 \u0111\u1ed5 kh\u1ed1i l\u01b0\u1ee3ng l\u1edbn<\/li>    <li>Vi\u1ec7c thay \u0111\u1ed5i c\u00e1c k\u00edch c\u1ee1 kh\u00e1c nhau c\u1ee7a m\u0169i khoan c\u00f3 th\u1ec3 ki\u1ec3m so\u00e1t \u0111\u1ec3 \u0111\u00f3ng g\u00f3i kh\u1ed1i l\u01b0\u1ee3ng v\u1eadt li\u1ec7u kh\u00e1c nhau<\/li>    <li>\u00c1p d\u1ee5ng h\u1ec7 th\u1ed1ng c\u00e2n \u0111\u1ecbnh l\u01b0\u1ee3ng, ch\u00ednh x\u00e1c, hi\u1ec7u qu\u1ea3 v\u00e0 thu\u1eadn ti\u1ec7n<\/li>    <li>S\u1eed d\u1ee5ng \u0111\u1ed9ng c\u01a1 b\u01b0\u1edbc v\u00e0 c\u00f4ng ngh\u1ec7 c\u00e2n \u0111i\u1ec7n t\u1eed, \u0111\u1ed9 ch\u00ednh x\u00e1c cao<\/li>    <li>Th\u00edch h\u1ee3p \u0111\u1ec3 \u0111\u00f3ng g\u00f3i bao b\u00ec, chai v\u00e0 lon<\/li>    <li>D\u1ecbch v\u1ee5 t\u00f9y bi\u1ebfn c\u00f3 s\u1eb5n<\/li> <\/ol>    <h2 class=\"has-text-color wp-block-heading\" id=\"h-semi-automatic-1-10-kg-powder-packing-equipment-parameters\" style=\"color:#ff5200\">Th\u00f4ng s\u1ed1 m\u00e1y r\u00f3t b\u1ed9t b\u00e1n t\u1ef1 \u0111\u1ed9ng<\/h2>    <figure class=\"wp-block-table is-style-stripes\"><table><tbody><tr><td>Quy\u1ec1n l\u1ef1c<\/td><td>AC380V 900W<\/td><\/tr><tr><td>Quy c\u00e1ch \u0111\u00f3ng g\u00f3i<\/td><td>1-10kg<\/td><\/tr><tr><td>\u0110\u1ed9 ch\u00ednh x\u00e1c c\u1ee7a bao b\u00ec<\/td><td>\u00b11%<\/td><\/tr><tr><td>T\u1ed1c \u0111\u1ed9 \u0111\u00f3ng g\u00f3i<\/td><td>500-1500bags\/h (theo k\u00edch th\u01b0\u1edbc bao b\u00ec v\u00e0 s\u1ea3n ph\u1ea9m)<\/td><\/tr><tr><td>K\u00edch th\u01b0\u1edbc<\/td><td>1000*850*1850mm<\/td><\/tr><tr><td>C\u00e2n n\u1eb7ng<\/td><td>280kg<\/td><\/tr><\/tbody><\/table><\/figure>    <h2 class=\"has-black-color has-text-color wp-block-heading\" id=\"h-1-10kg-powder-auger-filler-structure\">C\u1ea5u tr\u00fac m\u00e1y khoan b\u1ed9t 1-10kg<\/h2>    <p>M\u00e1y khoan ph\u1ee5 bao g\u1ed3m ph\u1ec5u nguy\u00ean li\u1ec7u, c\u1eeda x\u1ea3, b\u1ea3ng \u0111i\u1ec1u khi\u1ec3n \u0111i\u1ec7n t\u1eed, khay, b\u0103ng t\u1ea3i tr\u1ee5c v\u00edt c\u00f3 ph\u1ec5u v\u00e0 \u0111\u1ed9ng c\u01a1. Ph\u1ec5u nguy\u00ean li\u1ec7u \u0111\u01b0\u1ee3c s\u1eed d\u1ee5ng \u0111\u1ec3 l\u01b0u tr\u1eef b\u1ed9t \u0111\u1ec3 l\u00e0m \u0111\u1ea7y. M\u1ed9t c\u1eeda x\u1ea3 c\u00f3 m\u00e1y khoan d\u00f9ng \u0111\u1ec3 ki\u1ec3m so\u00e1t kh\u1ed1i l\u01b0\u1ee3ng n\u1ea1p. \u0110\u1ed1i v\u1edbi vi\u1ec7c \u0111\u00f3ng t\u00fai l\u1edbn s\u1ebd \u0111\u01b0\u1ee3c trang b\u1ecb thi\u1ebft b\u1ecb k\u1eb9p \u0111\u1ec3 bu\u1ed9c ch\u1eb7t t\u00fai. Khay c\u00f3 ch\u1ee9c n\u0103ng h\u1ed7 tr\u1ee3 \u0111\u1ef1ng t\u00fai, chai, lon. C\u00f3 hai lo\u1ea1i b\u1ea3ng \u0111i\u1ec1u khi\u1ec3n t\u00f9y ch\u1ecdn, ph\u00edm v\u00e0 m\u00e0n h\u00ecnh c\u1ea3m \u1ee9ng PLC. B\u0103ng t\u1ea3i tr\u1ee5c v\u00edt v\u1eadn chuy\u1ec3n v\u1eadt li\u1ec7u v\u00e0o ph\u1ec5u c\u1ee7a m\u00e1y chi\u1ebft r\u00f3t b\u1eb1ng s\u1ee9c m\u1ea1nh c\u1ee7a \u0111\u1ed9ng c\u01a1 ri\u00eang. <\/p>    <p class=\"translation-block\">Ngo\u00e0i ra, ch\u00fang t\u00f4i h\u1ed7 tr\u1ee3 m\u00e1y t\u00f9y ch\u1ec9nh theo nhu c\u1ea7u c\u1ee7a b\u1ea1n. B\u1ea1n c\u00f3 th\u1ec3 <strong><a href=\"https:\/\/tianhuipackingmachine.com\/vi\/contact\/\">li\u00ean h\u1ec7 v\u1edbi ch\u00fang t\u00f4i<\/a><\/strong> \u0111\u1ec3 nh\u1eadn th\u00eam chi ti\u1ebft b\u1eb1ng c\u00e1ch \u0111i\u1ec1n m\u1eabu \u1edf cu\u1ed1i b\u00e0i vi\u1ebft n\u00e0y.<\/p>    <figure class=\"wp-block-image aligncenter size-full\"><img loading=\"lazy\" decoding=\"async\" width=\"750\" height=\"500\" src=\"https:\/\/tianhuipackingmachine.com\/wp-content\/uploads\/2021\/09\/1-10kg-powder-filling-equipment-structure.jpg\" alt=\"C\u1ea5u tr\u00fac thi\u1ebft b\u1ecb l\u00e0m \u0111\u1ea7y b\u1ed9t 1-10kg\" class=\"wp-image-2512\" srcset=\"https:\/\/tianhuipackingmachine.com\/wp-content\/uploads\/2021\/09\/1-10kg-powder-filling-equipment-structure.jpg 750w, https:\/\/tianhuipackingmachine.com\/wp-content\/uploads\/2021\/09\/1-10kg-powder-filling-equipment-structure-300x200.jpg 300w\" sizes=\"auto, (max-width: 750px) 100vw, 750px\" \/><figcaption class=\"wp-element-caption\">C\u1ea5u tr\u00fac thi\u1ebft b\u1ecb l\u00e0m \u0111\u1ea7y b\u1ed9t 1-10Kg<\/figcaption><\/figure>    <h2 class=\"has-text-color wp-block-heading\" id=\"h-screw-conveyor-parameters\" style=\"color:#ff5200\">Th\u00f4ng s\u1ed1 b\u0103ng t\u1ea3i tr\u1ee5c v\u00edt<\/h2>    <figure class=\"wp-block-table is-style-stripes\"><table><tbody><tr><td>Quy\u1ec1n l\u1ef1c<\/td><td>AC380V 1100W<\/td><\/tr><tr><td>N\u00e2ng cao c\u00f4ng su\u1ea5t<\/td><td>1000-3000kg\/gi\u1edd<\/td><\/tr><tr><td>C\u00f4ng su\u1ea5t ph\u1ec5u<\/td><td>100-300kg<\/td><\/tr><tr><td>Chi\u1ec1u cao c\u1ee7a thi\u1ebft b\u1ecb l\u00e0m \u0111\u1ea7y<\/td><td>2000mm (h\u1ed7 tr\u1ee3 d\u1ecbch v\u1ee5 t\u00f9y ch\u1ec9nh)<\/td><\/tr><tr><td>Ch\u1ea5t li\u1ec7u c\u1ee7a thi\u1ebft b\u1ecb<\/td><td>Th\u00e9p kh\u00f4ng g\u1ec9<\/td><\/tr><tr><td>C\u00e2n n\u1eb7ng<\/td><td>150kg<\/td><\/tr><\/tbody><\/table><\/figure>    <h2 class=\"has-black-color has-text-color wp-block-heading\" id=\"h-wide-applications-in-food-non-food-bags-bottles-or-cans\">\u1ee8ng d\u1ee5ng r\u1ed9ng r\u00e3i trong th\u1ef1c ph\u1ea9m v\u00e0 phi th\u1ef1c ph\u1ea9m, t\u00fai, chai ho\u1eb7c lon<\/h2>    <p class=\"translation-block\">M\u00e1y \u0111\u00f3ng g\u00f3i b\u1ed9t 1-10kg ph\u00f9 h\u1ee3p v\u1edbi nhi\u1ec1u lo\u1ea1i b\u1ed9t, nh\u01b0 b\u1ed9t s\u1eefa, b\u1ed9t c\u00e0 ph\u00ea, b\u1ed9t m\u00ec, b\u1ed9t ng\u00f4, b\u1ed9t g\u1ea1o, b\u1ed9t tr\u00e0 s\u1eefa, b\u1ed9t l\u00f2ng tr\u1eafng tr\u1ee9ng, tinh b\u1ed9t, <strong><a href=\"https:\/\/tianhuipackingmachine.com\/vi\/spice-packaging-machine\/\">gia v\u1ecb<\/a><\/strong>, b\u1ed9t matcha, b\u1ed9t cacao, ti\u00eau, <strong><a href=\"https:\/\/tianhuipackingmachine.com\/vi\/chilli-powder-packing-machine\/\">b\u1ed9t \u1edbt<\/a><\/strong>, ti\u00eau \u0111en, th\u00ec l\u00e0, c\u00e0 ri, masala, b\u1ed9t ph\u1ea9m m\u00e0u, b\u1ed9t di\u1ec7t sinh, b\u1ed9t ph\u1ee5 gia, b\u1ed9t th\u1ee9c \u0103n ch\u0103n nu\u00f4i, v.v. V\u00e0 thi\u1ebft b\u1ecb \u0111i\u1ec1n \u0111\u1ea7y \u00e1p d\u1ee5ng cho t\u00fai, chai v\u00e0 h\u1ed9p. <\/p>    <figure class=\"wp-block-image size-large\"><img loading=\"lazy\" decoding=\"async\" width=\"750\" height=\"500\" src=\"https:\/\/tianhuipackingmachine.com\/wp-content\/uploads\/2021\/12\/applicable-powder-750x500.jpg\" alt=\"b\u1ed9t \u00e1p d\u1ee5ng\" class=\"wp-image-4449\" srcset=\"https:\/\/tianhuipackingmachine.com\/wp-content\/uploads\/2021\/12\/applicable-powder.jpg 750w, https:\/\/tianhuipackingmachine.com\/wp-content\/uploads\/2021\/12\/applicable-powder-480x320.jpg 480w\" sizes=\"auto, (max-width: 750px) 100vw, 750px\" \/><figcaption class=\"wp-element-caption\">B\u1ed9t \u00e1p d\u1ee5ng<\/figcaption><\/figure>    <h2 class=\"has-black-color has-text-color wp-block-heading\" id=\"h-related-machines-in-top-packing-machinery\">M\u00e1y li\u00ean quan t\u1eeb M\u00e1y \u0111\u00f3ng g\u00f3i h\u00e0ng \u0111\u1ea7u H\u00e0 Nam<\/h2>    <p class=\"translation-block\">N\u1ebfu b\u1ea1n mu\u1ed1n m\u1ed9t d\u00e2y chuy\u1ec1n s\u1ea3n xu\u1ea5t v\u1edbi m\u00e1y \u0111i\u1ec1n b\u1ed9t 1-10kg, c\u00f3 nhi\u1ec1u m\u00e1y t\u00f9y ch\u1ecdn t\u1ea1i <strong><a href=\"https:\/\/tianhuipackingmachine.com\/vi\/\">Henan Top Packing Machinery<\/a><\/strong>, nh\u01b0 b\u0103ng t\u1ea3i cho chai ho\u1eb7c h\u1ed9p, <strong><a href=\"https:\/\/tianhuipackingmachine.com\/vi\/continuous-bag-sealing-machine\/\">m\u00e1y \u0111\u00f3ng g\u00f3i t\u00fai li\u00ean t\u1ee5c<\/a><\/strong>, m\u00e1y \u0111\u00f3ng n\u1eafp, m\u00e1y h\u00fat ch\u00e2n kh\u00f4ng, m\u00e1y in ng\u00e0y, m\u00e1y ni\u00eam phong h\u1ed9p, v.v. B\u00ean c\u1ea1nh \u0111\u00f3, ch\u00fang t\u00f4i c\u0169ng cung c\u1ea5p <strong><a href=\"https:\/\/tianhuipackingmachine.com\/vi\/powder-packing-machine\/\">m\u00e1y \u0111\u00f3ng g\u00f3i b\u1ed9t<\/a><\/strong> cho 0-80g\/t\u00fai, 20-200g\/t\u00fai, 500-1000g\/t\u00fai, 1000-3000g\/t\u00fai, 5-50kg\/t\u00fai, v.v. H\u01a1n n\u1eefa, ch\u00fang t\u00f4i h\u1ed7 tr\u1ee3 d\u1ecbch v\u1ee5 t\u00f9y ch\u1ec9nh. Li\u00ean h\u1ec7 v\u1edbi ch\u00fang t\u00f4i \u0111\u1ec3 bi\u1ebft th\u00eam th\u00f4ng tin v\u00e0 gi\u00e1 t\u1ed1t nh\u1ea5t.<\/p>    <figure class=\"wp-block-image size-full\"><img loading=\"lazy\" decoding=\"async\" width=\"750\" height=\"500\" src=\"https:\/\/tianhuipackingmachine.com\/wp-content\/uploads\/2021\/09\/powder-filling-machine-factory.jpg\" alt=\"nh\u00e0 m\u00e1y s\u1ea3n xu\u1ea5t m\u00e1y l\u00e0m b\u1ed9t\" class=\"wp-image-6240\"\/><figcaption class=\"wp-element-caption\">Nh\u00e0 m\u00e1y s\u1ea3n xu\u1ea5t m\u00e1y chi\u1ebft b\u1ed9t<\/figcaption><\/figure>    <h2 class=\"wp-block-heading\">Ph\u1ea7n k\u1ebft lu\u1eadn <\/h2>    <p class=\"translation-block\"><strong>M\u00e1y \u0111\u00f3ng g\u00f3i b\u1ed9t<\/strong> l\u00e0 m\u1ed9t c\u00f4ng c\u1ee5 thi\u1ebft y\u1ebfu trong nhi\u1ec1u ng\u00e0nh nh\u01b0 d\u01b0\u1ee3c ph\u1ea9m, th\u1ef1c ph\u1ea9m v\u00e0 \u0111\u1ed3 u\u1ed1ng, h\u00f3a ch\u1ea5t, v\u00e0 n\u00f4ng nghi\u1ec7p. Nh\u1eefng m\u00e1y n\u00e0y \u0111\u01b0\u1ee3c s\u1eed d\u1ee5ng \u0111\u1ec3 \u0111\u1ed5 \u0111\u1ea7y b\u1ed9t v\u00e0o container v\u1edbi m\u1ee9c \u0111\u1ed9 ch\u00ednh x\u00e1c v\u00e0 nh\u1ea5t qu\u00e1n cao. Ch\u00fang c\u00f3 s\u1eb5n d\u01b0\u1edbi nhi\u1ec1u lo\u1ea1i, bao g\u1ed3m m\u00e1y \u0111\u00f3ng m\u1ea7u c\u1ee7 c\u1ea3i, m\u00e1y \u0111\u00f3ng \u0111\u1ecbnh l\u01b0\u1ee3ng, v\u00e0 m\u00e1y \u0111\u00f3ng tr\u1ecdng l\u01b0\u1ee3ng, m\u1ed7i lo\u1ea1i c\u00f3 nh\u1eefng \u0111\u1eb7c \u0111i\u1ec3m v\u00e0 c\u00f4ng d\u1ee5ng ri\u00eang. C\u00e1c \u0111\u1eb7c \u0111i\u1ec3m n\u1ed5i b\u1eadt c\u1ee7a m\u00e1y \u0111\u00f3ng g\u00f3i b\u1ed9t bao g\u1ed3m t\u1ed1c \u0111\u1ed9 v\u00e0 \u0111\u1ed9 ch\u00ednh x\u00e1c, \u0111\u1ed9 ch\u00ednh x\u00e1c v\u00e0 t\u00ednh nh\u1ea5t qu\u00e1n, d\u1ec5 s\u1eed d\u1ee5ng v\u00e0 b\u1ea3o d\u01b0\u1ee1ng, v\u00e0 c\u00e1c t\u00ednh n\u0103ng an to\u00e0n. V\u1edbi s\u1ef1 ph\u00e1t tri\u1ec3n v\u00e0 ti\u1ebfn b\u1ed9 li\u00ean t\u1ee5c c\u1ee7a c\u00f4ng ngh\u1ec7, m\u00e1y \u0111\u00f3ng g\u00f3i b\u1ed9t s\u1ebd ti\u1ebfp t\u1ee5c \u0111\u00f3ng vai tr\u00f2 quan tr\u1ecdng trong vi\u1ec7c \u0111\u1ea3m b\u1ea3o s\u1ea3n xu\u1ea5t hi\u1ec7u qu\u1ea3 v\u00e0 hi\u1ec7u qu\u1ea3 trong nhi\u1ec1u ng\u00e0nh.<\/p>","protected":false},"excerpt":{"rendered":"<p>Powder filling machine here is a tool to fill powder within 1-10kg efficiently and reliably. The same as other powder packing machines, it\u2019s equipped with an auger that measures the volume of filling material. The equipment is suitable for various kinds of powders, such as milk powder, flour, starch, condiment, chili powder, detergent powder, chemical [&hellip;]<\/p>\n","protected":false},"author":1,"featured_media":6238,"parent":0,"template":"","tags":[162],"product-type":[141],"class_list":["post-2510","product","type-product","status-publish","has-post-thumbnail","hentry","tag-filling-machine","product-type-filling-machines"],"_links":{"self":[{"href":"https:\/\/tianhuipackingmachine.com\/vi\/wp-json\/wp\/v2\/product\/2510","targetHints":{"allow":["GET"]}}],"collection":[{"href":"https:\/\/tianhuipackingmachine.com\/vi\/wp-json\/wp\/v2\/product"}],"about":[{"href":"https:\/\/tianhuipackingmachine.com\/vi\/wp-json\/wp\/v2\/types\/product"}],"author":[{"embeddable":true,"href":"https:\/\/tianhuipackingmachine.com\/vi\/wp-json\/wp\/v2\/users\/1"}],"wp:featuredmedia":[{"embeddable":true,"href":"https:\/\/tianhuipackingmachine.com\/vi\/wp-json\/wp\/v2\/media\/6238"}],"wp:attachment":[{"href":"https:\/\/tianhuipackingmachine.com\/vi\/wp-json\/wp\/v2\/media?parent=2510"}],"wp:term":[{"taxonomy":"post_tag","embeddable":true,"href":"https:\/\/tianhuipackingmachine.com\/vi\/wp-json\/wp\/v2\/tags?post=2510"},{"taxonomy":"product-type","embeddable":true,"href":"https:\/\/tianhuipackingmachine.com\/vi\/wp-json\/wp\/v2\/product-type?post=2510"}],"curies":[{"name":"wp","href":"https:\/\/api.w.org\/{rel}","templated":true}]}}