{"id":2464,"date":"2021-09-07T10:28:43","date_gmt":"2021-09-07T02:28:43","guid":{"rendered":"https:\/\/tianhuipackingmachine.com\/?page_id=2464"},"modified":"2023-01-18T15:53:55","modified_gmt":"2023-01-18T07:53:55","slug":"5-50kg-granule-filling-machine","status":"publish","type":"product","link":"https:\/\/tianhuipackingmachine.com\/vi\/5-50kg-granule-filling-machine\/","title":{"rendered":"M\u00e1y l\u00e0m h\u1ea1t 5-50kg"},"content":{"rendered":"<p class=\"translation-block\"><strong>M\u00e1y \u0111\u00f3ng g\u00f3i h\u1ea1t<\/strong> \u0111\u01b0\u1ee3c trang b\u1ecb thi\u1ebft b\u1ecb h\u00e0n mi\u1ec7ng t\u00fai, ch\u1ee7 y\u1ebfu bao g\u1ed3m hai b\u1ed9 ph\u1eadn, h\u1ec7 th\u1ed1ng chi\u1ebft r\u00f3t v\u00e0 h\u1ec7 th\u1ed1ng h\u00e0n mi\u1ec7ng t\u00fai. H\u1ec7 th\u1ed1ng chi\u1ebft r\u00f3t s\u1eed d\u1ee5ng ph\u01b0\u01a1ng ph\u00e1p c\u00e2n \u0111\u1ecbnh l\u01b0\u1ee3ng, ch\u00ednh x\u00e1c v\u00e0 hi\u1ec7u qu\u1ea3. N\u00f3 c\u00f3 th\u1ec3 c\u00e0i \u0111\u1eb7t tr\u01b0\u1edbc tr\u1ecdng l\u01b0\u1ee3ng v\u1eadt li\u1ec7u \u0111\u00f3ng g\u00f3i, gi\u00fap chi\u1ebft r\u00f3t nhanh ch\u00f3ng. H\u1ec7 th\u1ed1ng h\u00e0n mi\u1ec7ng t\u00fai bao g\u1ed3m hai lo\u1ea1i m\u00e1y, m\u00e1y h\u00e0n mi\u1ec7ng t\u00fai nh\u1ef1a v\u00e0 m\u00e1y kh\u00e2u bao d\u1ec7t. B\u1ea1n c\u00f3 th\u1ec3 ch\u1ecdn m\u1ed9t ho\u1eb7c c\u1ea3 hai t\u00f9y theo nhu c\u1ea7u c\u1ee7a m\u00ecnh. Thi\u1ebft b\u1ecb chi\u1ebft r\u00f3t n\u00e0y \u0111\u01b0\u1ee3c \u1ee9ng d\u1ee5ng r\u1ed9ng r\u00e3i cho g\u1ea1o, l\u00faa m\u00ec, k\u00ea, ng\u00f4, ng\u0169 c\u1ed1c, th\u1ee9c \u0103n cho m\u00e8o, th\u1ee9c \u0103n cho ch\u00f3, ph\u00e2n b\u00f3n h\u00f3a h\u1ecdc, v.v. Ngo\u00e0i ra, ch\u00fang t\u00f4i cung c\u1ea5p d\u1ecbch v\u1ee5 t\u00f9y ch\u1ec9nh theo y\u00eau c\u1ea7u th\u1ef1c t\u1ebf c\u1ee7a b\u1ea1n.<\/p>   <figure class=\"wp-block-embed-youtube wp-block-embed is-type-video is-provider-youtube wp-embed-aspect-16-9 wp-has-aspect-ratio\"><div class=\"lyte-wrapper\" title=\"T\u1ed5ng quan v\u00e0 v\u1eadn h\u00e0nh m\u00e1y c\u00e2n v\u00e0 chi\u1ebft h\u1ea1t 5-50kg\" style=\"width:853px;max-width:100%;margin:5px auto;\"><div class=\"lyMe\" id=\"WYL_f7g3DJ9Ghb8\" itemprop=\"video\" itemscope itemtype=\"https:\/\/schema.org\/VideoObject\"><div><meta itemprop=\"thumbnailUrl\" content=\"https:\/\/i.ytimg.com\/vi\/f7g3DJ9Ghb8\/hqdefault.jpg\" \/><meta itemprop=\"embedURL\" content=\"https:\/\/www.youtube.com\/embed\/f7g3DJ9Ghb8\" \/><meta itemprop=\"duration\" content=\"PT1M23S\" \/><meta itemprop=\"uploadDate\" content=\"2021-09-02T06:11:57Z\" \/><\/div><div id=\"lyte_f7g3DJ9Ghb8\" data-src=\"https:\/\/i.ytimg.com\/vi\/f7g3DJ9Ghb8\/hqdefault.jpg\" class=\"pL\"><div class=\"tC\"><div class=\"tT\" itemprop=\"name\">T\u1ed5ng quan v\u00e0 v\u1eadn h\u00e0nh m\u00e1y c\u00e2n v\u00e0 chi\u1ebft h\u1ea1t 5-50kg<\/div><\/div><div class=\"play\"><\/div><div class=\"ctrl\"><div class=\"Lctrl\"><\/div><div class=\"Rctrl\"><\/div><\/div><\/div><noscript><a href=\"https:\/\/youtu.be\/f7g3DJ9Ghb8\" rel=\"nofollow noopener\" target=\"_blank\"><img loading=\"lazy\" decoding=\"async\" src=\"https:\/\/i.ytimg.com\/vi\/f7g3DJ9Ghb8\/0.jpg\" alt=\"T\u1ed5ng quan v\u00e0 v\u1eadn h\u00e0nh m\u00e1y c\u00e2n v\u00e0 chi\u1ebft h\u1ea1t 5-50kg\" width=\"853\" height=\"460\" \/><\/a><\/noscript><meta itemprop=\"description\" content=\"Official website: https:\/\/tianhuipackingmachine.com\/5-50kg-granule-filling-machine\/ If you are interested in this machine, welcome to contact us to get a free quotation\uff01 Email: sales@toppackingmachine.com Whatsapp\/Tel: +86 17329326135 This kind of filling machine is specially designed and manufactured for granule items. It has the features of accurate weighing, intelligent control, easy operation, and good performance. Besides, particle filling machine from us has factory price and excellent after-sales service. Automatic granule packing machine: https:\/\/www.youtube.com\/watch?v=yDA78_loRBo Pillow packing machine: https:\/\/www.youtube.com\/watch?v=Xu9HTPWpcEI Vegetable packaging machine: https:\/\/www.youtube.com\/watch?v=5GtmU8TboFk Vertical powder packing machine: https:\/\/www.youtube.com\/watch?v=-dsZnBZpzUg Double chamber vacuum packaging machine: https:\/\/www.youtube.com\/watch?v=HrAGjwRJopI Chips pouch packing machine: https:\/\/www.youtube.com\/watch?v=fIU65zNNvU4 Peanut pre-made bag packaging machine: https:\/\/www.youtube.com\/watch?v=gSZ43wJ7sFw&amp;t=1s Email us: Email: sales@toppackingmachine.com | Whatsapp\/Tel: +86 17329326135\"><\/div><\/div><div class=\"lL\" style=\"max-width:100%;width:853px;margin:5px auto;\"> <a href=\"https:\/\/youtu.be\/f7g3DJ9Ghb8\" target=\"_blank\" rel=\"noopener\">Xem video n\u00e0y tr\u00ean YouTube<\/a>.<\/div><figcaption><\/figcaption><\/figure>   <h2 class=\"wp-block-heading\" id=\"h-5-50kg-granule-filling-sealing-machine-for-sale\">C\u1ea7n b\u00e1n m\u00e1y \u0111\u00f3ng g\u00f3i h\u1ea1t 5-50kg<\/h2>    <p>M\u00e1y r\u00f3t h\u1ea1t trong kho\u1ea3ng 5-50kg m\u1ed7i t\u00fai \u0111\u01b0\u1ee3c b\u00e1n t\u1ea1i M\u00e1y \u0111\u00f3ng g\u00f3i Top (H\u00e0 Nam). M\u00e1y \u0111\u00f3ng g\u00f3i c\u00f3 th\u1ec3 t\u1ef1 \u0111\u1ed9ng c\u00e2n, chi\u1ebft r\u00f3t v\u00e0 h\u00e0n k\u00edn (ho\u1eb7c kh\u00e2u). N\u00f3 s\u1eed d\u1ee5ng h\u1ec7 th\u1ed1ng c\u00e2n \u0111i\u1ec7n t\u1eed, th\u00f4ng minh v\u00e0 ch\u00ednh x\u00e1c. C\u1eeda x\u1ea3 \u0111\u01b0\u1ee3c trang b\u1ecb m\u1ed9t k\u1eb9p l\u1edbn \u0111\u1ec3 c\u1ed1 \u0111\u1ecbnh t\u00fai \u0111\u1ec3 \u0111\u1ed5 \u0111\u1ea7y. Thi\u1ebft b\u1ecb ti\u00eau chu\u1ea9n l\u00e0 m\u1ed9t l\u1ed7 n\u1ea1p, nh\u01b0ng ch\u00fang t\u00f4i c\u0169ng h\u1ed7 tr\u1ee3 \u1ed5 c\u1eafm n\u1ea1p k\u00e9p n\u1ebfu b\u1ea1n c\u1ea7n. M\u1ecdi ng\u01b0\u1eddi c\u0169ng th\u01b0\u1eddng mua thang n\u00e2ng v\u1eadt li\u1ec7u khi mua m\u00e1y \u0111\u00f3ng g\u00f3i c\u00e2n h\u1ea1t 5-50kg v\u00ec \u0111\u1ea7u v\u00e0o nguy\u00ean li\u1ec7u cao v\u00e0 b\u1ea5t ti\u1ec7n khi t\u1ea3i th\u1ee7 c\u00f4ng. Ngo\u00e0i ra, ch\u00fang t\u00f4i c\u0169ng cung c\u1ea5p d\u1ecbch v\u1ee5 OEM. H\u00e3y li\u00ean h\u1ec7 v\u1edbi ch\u00fang t\u00f4i \u0111\u1ec3 bi\u1ebft th\u00eam chi ti\u1ebft.<\/p>    <figure class=\"wp-block-image aligncenter size-full\"><img loading=\"lazy\" decoding=\"async\" width=\"750\" height=\"500\" src=\"https:\/\/tianhuipackingmachine.com\/wp-content\/uploads\/2021\/09\/5-50kg-weighing-granule-filling-equipment.jpg\" alt=\"Thi\u1ebft b\u1ecb l\u00e0m \u0111\u1ea7y h\u1ea1t n\u1eb7ng 5-50kg\" class=\"wp-image-2499\" srcset=\"https:\/\/tianhuipackingmachine.com\/wp-content\/uploads\/2021\/09\/5-50kg-weighing-granule-filling-equipment.jpg 750w, https:\/\/tianhuipackingmachine.com\/wp-content\/uploads\/2021\/09\/5-50kg-weighing-granule-filling-equipment-300x200.jpg 300w\" sizes=\"auto, (max-width: 750px) 100vw, 750px\" \/><figcaption class=\"wp-element-caption\">Thi\u1ebft b\u1ecb l\u00e0m \u0111\u1ea7y h\u1ea1t n\u1eb7ng 5-50Kg<\/figcaption><\/figure>    <h2 class=\"wp-block-heading\" id=\"h-features-benefits-of-5-50kg-granule-filling-equipment\">T\u00ednh n\u0103ng &amp; l\u1ee3i \u00edch c\u1ee7a thi\u1ebft b\u1ecb m\u00e1y r\u00f3t h\u1ea1t 5-50kg<\/h2>    <ol class=\"wp-block-list\" type=\"1\"> <li>Thi\u1ebft k\u1ebf h\u1ee3p l\u00fd, h\u1ec7 th\u1ed1ng \u0111i\u1ec1u khi\u1ec3n th\u00f4ng minh, nhi\u1ec1u ng\u00f4n ng\u1eef t\u00f9y ch\u1ecdn, \u1ee9ng d\u1ee5ng r\u1ed9ng r\u00e3i<\/li>    <li>Ch\u1ea1y \u1ed5n \u0111\u1ecbnh, c\u00e2n ch\u00ednh x\u00e1c, v\u1eadn h\u00e0nh thu\u1eadn ti\u1ec7n, ni\u00eam phong (ho\u1eb7c may) ch\u1eafc ch\u1eafn<\/li>    <li>N\u00e2ng cao hi\u1ec7u qu\u1ea3 s\u1ea3n xu\u1ea5t, ti\u1ebft ki\u1ec7m nh\u00e2n c\u00f4ng v\u00e0 th\u1eddi gian \u0111\u00f3ng g\u00f3i<\/li>    <li>M\u00e1y d\u00f2 \u0111\u01b0\u1ee3c trang b\u1ecb tr\u00ean c\u1eeda x\u1ea3 \u0111\u1ec3 ki\u1ec3m so\u00e1t vi\u1ec7c n\u1ea1p hay kh\u00f4ng.<\/li>    <li>M\u1ed9t chi\u1ebfc k\u1eb9p l\u1edbn \u0111\u01b0\u1ee3c s\u1eed d\u1ee5ng \u0111\u1ec3 bu\u1ed9c ch\u1eb7t t\u00fai \u0111\u00f3ng g\u00f3i \u0111\u1ec3 \u0111\u1ed5 \u0111\u1ea7y.<\/li>    <li>N\u00f3 h\u1ed7 tr\u1ee3 tr\u1ecdng l\u01b0\u1ee3ng \u0111\u1eb7t tr\u01b0\u1edbc c\u1ee7a \u0111\u1ed3 v\u1eadt \u0111\u00f3ng g\u00f3i, l\u00e0m \u0111\u1ea7y nhanh ch\u00f3ng v\u00e0 ch\u00ednh x\u00e1c. \u00a0\u00a0\u00a0\u00a0<\/li>    <li>D\u1ecbch v\u1ee5 t\u00f9y bi\u1ebfn c\u00f3 s\u1eb5n.<\/li> <\/ol>    <figure class=\"wp-block-image aligncenter size-full\"><img loading=\"lazy\" decoding=\"async\" width=\"750\" height=\"500\" src=\"https:\/\/tianhuipackingmachine.com\/wp-content\/uploads\/2021\/09\/5-50kg-granule-filling-sealing-machine-with-a-material-elevator.jpg\" alt=\"M\u00e1y chi\u1ebft r\u00f3t v\u00e0 h\u00e0n k\u00edn h\u1ea1t 5-50kg c\u00f3 thang n\u00e2ng v\u1eadt li\u1ec7u\" class=\"wp-image-2500\" srcset=\"https:\/\/tianhuipackingmachine.com\/wp-content\/uploads\/2021\/09\/5-50kg-granule-filling-sealing-machine-with-a-material-elevator.jpg 750w, https:\/\/tianhuipackingmachine.com\/wp-content\/uploads\/2021\/09\/5-50kg-granule-filling-sealing-machine-with-a-material-elevator-300x200.jpg 300w\" sizes=\"auto, (max-width: 750px) 100vw, 750px\" \/><figcaption class=\"wp-element-caption\">\u0110\u1ed5 \u0111\u1ea7y h\u1ea1t 5-50Kg &amp; M\u00e1y ni\u00eam phong c\u00f3 thang m\u00e1y v\u1eadt li\u1ec7u<\/figcaption><\/figure>    <h2 class=\"wp-block-heading\" id=\"h-wide-applications-in-food-and-non-food\">\u1ee8ng d\u1ee5ng r\u1ed9ng r\u00e3i trong th\u1ef1c ph\u1ea9m v\u00e0 phi th\u1ef1c ph\u1ea9m<\/h2>    <p class=\"translation-block\">M\u00e1y \u0111\u00f3ng g\u00f3i h\u1ea1t 5-50kg \u0111\u01b0\u1ee3c \u1ee9ng d\u1ee5ng r\u1ed9ng r\u00e3i cho nhi\u1ec1u lo\u1ea1i h\u1ea1t kh\u00e1c nhau, ch\u1eb3ng h\u1ea1n nh\u01b0 g\u1ea1o, l\u00faa m\u00ec, k\u00ea, ng\u00f4, \u0111\u1eadu ph\u1ed9ng, \u0111\u1eadu xanh, \u0111\u1eadu \u0111\u1ecf, \u0111\u1eadu n\u00e0nh, m\u00e8, ki\u1ec1u m\u1ea1ch, h\u1ea1t d\u01b0a, t\u00e1o t\u00e0u, \u1edbt kh\u00f4, \u00f3c ch\u00f3, ng\u0169 c\u1ed1c, c\u00e1c lo\u1ea1i h\u1ea1t, th\u1ee9c \u0103n cho m\u00e8o, th\u1ee9c \u0103n cho ch\u00f3, ph\u00e2n b\u00f3n h\u00f3a h\u1ecdc, v.v. M\u00e1y ph\u00f9 h\u1ee3p v\u1edbi \u0111\u00f3ng g\u00f3i t\u1eeb 5-50kg m\u1ed7i bao. Bao b\u00ec nh\u1ef1a v\u00e0 bao d\u1ec7t l\u00e0 t\u00f9y ch\u1ecdn. Bao b\u00ec nh\u1ef1a s\u1eed d\u1ee5ng <strong><a href=\"https:\/\/tianhuipackingmachine.com\/vi\/continuous-bag-sealing-machine\/\">m\u00e1y h\u00e0n mi\u1ec7ng t\u00fai li\u00ean t\u1ee5c<\/a><\/strong>, trong khi bao d\u1ec7t c\u1ea7n m\u00e1y kh\u00e2u. <\/p>    <figure class=\"wp-block-image aligncenter size-full\"><img loading=\"lazy\" decoding=\"async\" width=\"750\" height=\"500\" src=\"https:\/\/tianhuipackingmachine.com\/wp-content\/uploads\/2021\/09\/various-grains.jpg\" alt=\"c\u00e1c lo\u1ea1i ng\u0169 c\u1ed1c\" class=\"wp-image-2483\" srcset=\"https:\/\/tianhuipackingmachine.com\/wp-content\/uploads\/2021\/09\/various-grains.jpg 750w, https:\/\/tianhuipackingmachine.com\/wp-content\/uploads\/2021\/09\/various-grains-300x200.jpg 300w\" sizes=\"auto, (max-width: 750px) 100vw, 750px\" \/><figcaption class=\"wp-element-caption\">C\u00e1c lo\u1ea1i ng\u0169 c\u1ed1c<\/figcaption><\/figure>    <h2 class=\"wp-block-heading\">L\u00e0m th\u1ebf n\u00e0o \u0111\u1ec3 ch\u1ecdn \u0111\u00fang m\u00e1y l\u00e0m h\u1ea1t? <\/h2>    <p>Ch\u1ecdn m\u00e1y l\u00e0m h\u1ea1t ph\u00f9 h\u1ee3p cho nhu c\u1ea7u c\u1ee5 th\u1ec3 c\u1ee7a b\u1ea1n c\u00f3 th\u1ec3 l\u00e0 m\u1ed9t nhi\u1ec7m v\u1ee5 kh\u00f3 kh\u0103n. D\u01b0\u1edbi \u0111\u00e2y l\u00e0 m\u1ed9t s\u1ed1 y\u1ebfu t\u1ed1 c\u1ea7n xem x\u00e9t khi l\u1ef1a ch\u1ecdn m\u00e1y r\u00f3t h\u1ea1t:<\/p>    <ol class=\"wp-block-list\"> <li><strong>Kh\u1ed1i l\u01b0\u1ee3ng s\u1ea3n xu\u1ea5t:<\/strong> Xem x\u00e9t c\u1ea7n ph\u1ea3i \u0111\u1ed5 bao nhi\u00eau th\u00f9ng ch\u1ee9a m\u1ed7i ng\u00e0y ho\u1eb7c m\u1ed7i gi\u1edd. \u0110i\u1ec1u n\u00e0y s\u1ebd gi\u00fap x\u00e1c \u0111\u1ecbnh t\u1ed1c \u0111\u1ed9 v\u00e0 k\u00edch th\u01b0\u1edbc c\u1ee7a m\u00e1y c\u1ea7n thi\u1ebft.<\/li>    <li><strong>Lo\u1ea1i h\u1ea1t:<\/strong> C\u00e1c lo\u1ea1i h\u1ea1t kh\u00e1c nhau c\u00f3 th\u1ec3 y\u00eau c\u1ea7u k\u1ef9 thu\u1eadt l\u00e0m \u0111\u1ea7y kh\u00e1c nhau. V\u00ed d\u1ee5, n\u1ebfu c\u00e1c h\u1ea1t r\u1ea5t nh\u1ecf ho\u1eb7c c\u00f3 xu h\u01b0\u1edbng v\u00f3n c\u1ee5c th\u00ec ch\u1ea5t \u0111\u1ed9n th\u1ec3 t\u00edch c\u00f3 th\u1ec3 ph\u00f9 h\u1ee3p h\u01a1n, trong khi c\u00e1c h\u1ea1t l\u1edbn h\u01a1n ho\u1eb7c c\u00f3 h\u00ecnh d\u1ea1ng kh\u00f4ng \u0111\u1ec1u c\u00f3 th\u1ec3 c\u1ea7n ch\u1ea5t \u0111\u1ed9n d\u1ea1ng m\u0169i khoan.<\/li>    <li><strong>K\u00edch th\u01b0\u1edbc v\u00e0 h\u00ecnh d\u1ea1ng th\u00f9ng ch\u1ee9a:<\/strong> H\u00e3y xem x\u00e9t k\u00edch th\u01b0\u1edbc v\u00e0 h\u00ecnh d\u1ea1ng c\u1ee7a c\u00e1c th\u00f9ng ch\u1ee9a s\u1ebd \u0111\u01b0\u1ee3c l\u1ea5p \u0111\u1ea7y. M\u1ed9t s\u1ed1 m\u00e1y c\u00f3 th\u1ec3 ph\u00f9 h\u1ee3p h\u01a1n v\u1edbi m\u1ed9t s\u1ed1 h\u00ecnh d\u1ea1ng v\u00e0 k\u00edch c\u1ee1 th\u00f9ng ch\u1ee9a nh\u1ea5t \u0111\u1ecbnh.<\/li>    <li><strong>\u0110\u1ed9 ch\u00ednh x\u00e1c v\u00e0 \u0111\u1ed9 ch\u00ednh x\u00e1c:<\/strong> Xem x\u00e9t m\u1ee9c \u0111\u1ed9 ch\u00ednh x\u00e1c v\u00e0 \u0111\u1ed9 ch\u00ednh x\u00e1c c\u1ea7n thi\u1ebft cho \u1ee9ng d\u1ee5ng c\u1ee7a b\u1ea1n. M\u1ed9t s\u1ed1 m\u00e1y c\u00f3 th\u1ec3 cung c\u1ea5p kh\u1ea3 n\u0103ng chi\u1ebft r\u00f3t ch\u00ednh x\u00e1c v\u00e0 ch\u00ednh x\u00e1c h\u01a1n nh\u1eefng m\u00e1y kh\u00e1c.<\/li>    <li><strong>D\u1ec5 s\u1eed d\u1ee5ng v\u00e0 b\u1ea3o tr\u00ec:<\/strong> H\u00e3y xem x\u00e9t s\u1ef1 d\u1ec5 d\u00e0ng s\u1eed d\u1ee5ng v\u00e0 b\u1ea3o tr\u00ec c\u1ee7a m\u00e1y. H\u00e3y t\u00ecm nh\u1eefng m\u00e1y d\u1ec5 v\u1eadn h\u00e0nh v\u00e0 b\u1ea3o tr\u00ec v\u00e0 c\u00f3 s\u1eb5n ph\u1ee5 t\u00f9ng thay th\u1ebf.<\/li>    <li><strong>C\u00e1c t\u00ednh n\u0103ng an to\u00e0n:<\/strong> T\u00ecm ki\u1ebfm c\u00e1c t\u00ednh n\u0103ng an to\u00e0n nh\u01b0 d\u1eebng kh\u1ea9n c\u1ea5p, b\u1ea3o v\u1ec7 v\u00e0 c\u1ea3m bi\u1ebfn b\u1ea3o v\u1ec7 ng\u01b0\u1eddi v\u1eadn h\u00e0nh.<\/li>    <li><strong>Ch\u1ea5t l\u01b0\u1ee3ng c\u1ee7a nh\u00e0 s\u1ea3n xu\u1ea5t:<\/strong> \u0110i\u1ec1u quan tr\u1ecdng l\u00e0 ph\u1ea3i ch\u1ecdn m\u1ed9t nh\u00e0 s\u1ea3n xu\u1ea5t uy t\u00edn v\u00e0 \u0111\u00e1ng tin c\u1eady c\u00f3 th\u00e0nh t\u00edch t\u1ed1t trong vi\u1ec7c s\u1ea3n xu\u1ea5t m\u00e1y m\u00f3c ch\u1ea5t l\u01b0\u1ee3ng.<\/li>    <li><strong>Ng\u00e2n s\u00e1ch:<\/strong> T\u1ea5t nhi\u00ean, ng\u00e2n s\u00e1ch c\u0169ng l\u00e0 m\u1ed9t y\u1ebfu t\u1ed1 c\u1ea7n c\u00e2n nh\u1eafc khi ch\u1ecdn m\u00e1y r\u00f3t h\u1ea1t, v\u00ec v\u1eady \u0111i\u1ec1u quan tr\u1ecdng l\u00e0 ph\u1ea3i t\u00ecm ki\u1ebfm m\u1ed9t chi\u1ebfc m\u00e1y mang l\u1ea1i gi\u00e1 tr\u1ecb t\u1ed1t nh\u1ea5t cho kho\u1ea3n \u0111\u1ea7u t\u01b0 c\u1ee7a b\u1ea1n.<\/li> <\/ol>    <p>B\u1ea1n n\u00ean tham kh\u1ea3o \u00fd ki\u1ebfn \u200b\u200bc\u1ee7a \u0111\u1ea1i di\u1ec7n nh\u00e0 s\u1ea3n xu\u1ea5t ho\u1eb7c chuy\u00ean gia trong l\u0129nh v\u1ef1c n\u00e0y \u0111\u1ec3 \u0111\u1ea3m b\u1ea3o r\u1eb1ng b\u1ea1n \u0111ang \u0111\u01b0a ra l\u1ef1a ch\u1ecdn \u0111\u00fang \u0111\u1eafn cho nhu c\u1ea7u c\u1ee5 th\u1ec3 c\u1ee7a m\u00ecnh.<\/p>    <h2 class=\"wp-block-heading\" id=\"h-contact-us-for-more-information\">Li\u00ean h\u1ec7 v\u1edbi ch\u00fang t\u00f4i \u0111\u1ec3 bi\u1ebft th\u00eam chi ti\u1ebft h\u1eefu \u00edch <\/h2>    <p class=\"translation-block\">L\u00e0 m\u1ed9t trong nh\u1eefng nh\u00e0 s\u1ea3n xu\u1ea5t v\u00e0 cung c\u1ea5p m\u00e1y \u0111\u00f3ng g\u00f3i h\u1ea1t, Henan Top Packing Machinery Co., Ltd cung c\u1ea5p nhi\u1ec1u lo\u1ea1i <strong><a href=\"https:\/\/tianhuipackingmachine.com\/vi\/\">m\u00e1y \u0111\u00f3ng g\u00f3i<\/a><\/strong>, m\u00e1y chi\u1ebft r\u00f3t, m\u00e1y h\u00e0n mi\u1ec7ng t\u00fai, m\u00e1y \u0111\u00f3ng n\u1eafp, v.v. B\u1ea1n c\u00f3 th\u1ec3 ch\u1ecdn thi\u1ebft b\u1ecb ph\u00f9 h\u1ee3p theo nhu c\u1ea7u c\u1ee7a m\u00ecnh. <strong><a href=\"https:\/\/tianhuipackingmachine.com\/vi\/contact\/\">Li\u00ean h\u1ec7 v\u1edbi ch\u00fang t\u00f4i<\/a><\/strong> \u0111\u1ec3 bi\u1ebft th\u00eam chi ti\u1ebft v\u00e0 ch\u00fang t\u00f4i s\u1ebd tr\u1ea3 l\u1eddi b\u1ea1n s\u1edbm nh\u1ea5t c\u00f3 th\u1ec3.<\/p>","protected":false},"excerpt":{"rendered":"<p>Granule filling machine is equipped with a sealing device, mainly including two parts, the filling system, and a sealing system. The filling system adopts quantitative weighing, accurately and efficiently. It can preset the weight of packaging materials, which fills quickly. The sealing one refers to two sorts of machines, the sealing machine for plastic bags [&hellip;]<\/p>\n","protected":false},"author":1,"featured_media":2500,"parent":0,"template":"","tags":[162],"product-type":[141],"class_list":["post-2464","product","type-product","status-publish","has-post-thumbnail","hentry","tag-filling-machine","product-type-filling-machines"],"_links":{"self":[{"href":"https:\/\/tianhuipackingmachine.com\/vi\/wp-json\/wp\/v2\/product\/2464","targetHints":{"allow":["GET"]}}],"collection":[{"href":"https:\/\/tianhuipackingmachine.com\/vi\/wp-json\/wp\/v2\/product"}],"about":[{"href":"https:\/\/tianhuipackingmachine.com\/vi\/wp-json\/wp\/v2\/types\/product"}],"author":[{"embeddable":true,"href":"https:\/\/tianhuipackingmachine.com\/vi\/wp-json\/wp\/v2\/users\/1"}],"wp:featuredmedia":[{"embeddable":true,"href":"https:\/\/tianhuipackingmachine.com\/vi\/wp-json\/wp\/v2\/media\/2500"}],"wp:attachment":[{"href":"https:\/\/tianhuipackingmachine.com\/vi\/wp-json\/wp\/v2\/media?parent=2464"}],"wp:term":[{"taxonomy":"post_tag","embeddable":true,"href":"https:\/\/tianhuipackingmachine.com\/vi\/wp-json\/wp\/v2\/tags?post=2464"},{"taxonomy":"product-type","embeddable":true,"href":"https:\/\/tianhuipackingmachine.com\/vi\/wp-json\/wp\/v2\/product-type?post=2464"}],"curies":[{"name":"wp","href":"https:\/\/api.w.org\/{rel}","templated":true}]}}