{"id":2354,"date":"2021-08-31T16:27:02","date_gmt":"2021-08-31T08:27:02","guid":{"rendered":"https:\/\/tianhuipackingmachine.com\/?page_id=2354"},"modified":"2024-12-11T11:32:54","modified_gmt":"2024-12-11T03:32:54","slug":"reciprocating-pillow-packing-machine","status":"publish","type":"product","link":"https:\/\/tianhuipackingmachine.com\/vi\/reciprocating-pillow-packing-machine\/","title":{"rendered":"M\u00e1y \u0111\u00f3ng g\u00f3i g\u1ed1i pitt\u00f4ng"},"content":{"rendered":"<p class=\"translation-block\">M\u00e1y <strong>\u0111\u00f3ng g\u00f3i g\u1ed1i \u0111\u1ed1i x\u1ee9ng<\/strong> n\u00e0y l\u00e0 m\u1ed9t m\u00e1y \u0111\u00f3ng g\u00f3i g\u1ed1i servo ho\u00e0n to\u00e0n \u0111\u1ec3 b\u1ecdc b\u00e1nh quy, b\u00e1nh m\u00ec, v.v. v\u00e0o t\u00fai c\u00f3 \u0111\u00e1y. N\u00f3 c\u00f3 t\u1ed1c \u0111\u1ed9 \u0111\u00f3ng g\u00f3i t\u1eeb 20-80 t\u00fai\/ph\u00fat, v\u00e0 chi\u1ec1u cao t\u1ed1i \u0111a c\u1ee7a s\u1ea3n ph\u1ea9m l\u00e0 10cm.<\/p>    <p>M\u00e1y \u0111\u00f3ng g\u00f3i d\u1ea1ng g\u1ed1i s\u1eed d\u1ee5ng d\u00e2y \u0111ai \u0111\u1ec3 v\u1eadn chuy\u1ec3n \u0111\u1ed3, \u0111\u01b0\u1ee3c b\u1ed5 sung th\u00eam l\u1edbp v\u1ecf b\u1ea3o v\u1ec7 trong su\u1ed1t, an to\u00e0n h\u01a1n khi l\u00e0m vi\u1ec7c. V\u1edbi hi\u1ec7u su\u1ea5t cao, \u1ee9ng d\u1ee5ng r\u1ed9ng r\u00e3i v\u00e0 d\u1ecbch v\u1ee5 h\u1eadu m\u00e3i, chi\u1ebfc m\u00e1y n\u00e0y r\u1ea5t ph\u1ed5 bi\u1ebfn trong ng\u00e0nh \u0111\u00f3ng g\u00f3i. <\/p>    <p>B\u1ea1n \u0111ang t\u00ecm ki\u1ebfm m\u1ed9t m\u00e1y qu\u1ea5n d\u00f2ng ch\u1ea3y ngang? N\u1ebfu c\u00f3, vui l\u00f2ng li\u00ean h\u1ec7 v\u1edbi ch\u00fang t\u00f4i \u0111\u1ec3 bi\u1ebft th\u00eam chi ti\u1ebft.<\/p>   <figure class=\"wp-block-embed-youtube wp-block-embed is-type-video is-provider-youtube wp-embed-aspect-16-9 wp-has-aspect-ratio\"><div class=\"lyte-wrapper\" title=\"M\u00e1y qu\u1ea5n d\u00f2ng chuy\u1ec3n \u0111\u1ed9ng t\u1ecbnh ti\u1ebfn cho b\u00e1nh m\u00ec, b\u00e1nh quy, x\u00e0 ph\u00f2ng, v.v. v\u1edbi t\u00fai h\u00ecnh tam gi\u00e1c #packingmachine\" style=\"width:853px;max-width:100%;margin:5px auto;\"><div class=\"lyMe\" id=\"WYL_gK-ot64b-Nc\" itemprop=\"video\" itemscope itemtype=\"https:\/\/schema.org\/VideoObject\"><div><meta itemprop=\"thumbnailUrl\" content=\"https:\/\/i.ytimg.com\/vi\/gK-ot64b-Nc\/hqdefault.jpg\" \/><meta itemprop=\"embedURL\" content=\"https:\/\/www.youtube.com\/embed\/gK-ot64b-Nc\" \/><meta itemprop=\"duration\" content=\"PT4M35S\" \/><meta itemprop=\"uploadDate\" content=\"2024-12-11T03:29:57Z\" \/><\/div><meta itemprop=\"accessibilityFeature\" content=\"captions\" \/><div id=\"lyte_gK-ot64b-Nc\" data-src=\"https:\/\/i.ytimg.com\/vi\/gK-ot64b-Nc\/hqdefault.jpg\" class=\"pL\"><div class=\"tC\"><div class=\"tT\" itemprop=\"name\">M\u00e1y qu\u1ea5n d\u00f2ng chuy\u1ec3n \u0111\u1ed9ng t\u1ecbnh ti\u1ebfn cho b\u00e1nh m\u00ec, b\u00e1nh quy, x\u00e0 ph\u00f2ng, v.v. v\u1edbi t\u00fai h\u00ecnh tam gi\u00e1c #packingmachine<\/div><\/div><div class=\"play\"><\/div><div class=\"ctrl\"><div class=\"Lctrl\"><\/div><div class=\"Rctrl\"><\/div><\/div><\/div><noscript><a href=\"https:\/\/youtu.be\/gK-ot64b-Nc\" rel=\"nofollow noopener\" target=\"_blank\"><img loading=\"lazy\" decoding=\"async\" src=\"https:\/\/i.ytimg.com\/vi\/gK-ot64b-Nc\/0.jpg\" alt=\"M\u00e1y qu\u1ea5n d\u00f2ng chuy\u1ec3n \u0111\u1ed9ng t\u1ecbnh ti\u1ebfn cho b\u00e1nh m\u00ec, b\u00e1nh quy, x\u00e0 ph\u00f2ng, v.v. v\u1edbi t\u00fai h\u00ecnh tam gi\u00e1c #packingmachine\" width=\"853\" height=\"460\" \/><\/a><\/noscript><meta itemprop=\"description\" content=\"#automaticpackagingequipment #pillowpackingmachine #flowwrappingmachine #packagingmachine #packagingsolution WhatsApp No.: https:\/\/wa.me\/+8613673689272 WeChat\/Tel No.:+8613673689272 Email: info@tianhuipackingmachine.com Website: https:\/\/tianhuipackingmachine.com\/reciprocating-pillow-packing-machine\/ Explore the versatility of the reciprocating pillow packaging machine, designed to handle a wide range of products with precision and efficiency. This flow wrap machine is perfect for packaging items like snacks, biscuits, vegetables, small tools, and more. Its user-friendly interface, high-speed performance, and durable structure make it ideal for businesses aiming to optimize their packaging process. Watch this video to see the machine in action and discover how it can elevate your production line. WhatsApp No.: https:\/\/wa.me\/+8613673689272 WeChat\/Tel No.:+8613673689272 Email: info@tianhuipackingmachine.com Website: https:\/\/tianhuipackingmachine.com\/reciprocating-pillow-packing-machine\/\"><\/div><\/div><div class=\"lL\" style=\"max-width:100%;width:853px;margin:5px auto;\"> <a href=\"https:\/\/youtu.be\/gK-ot64b-Nc\" target=\"_blank\" rel=\"noopener\">Xem video n\u00e0y tr\u00ean YouTube<\/a>.<\/div><figcaption>video v\u1ec1 m\u00e1y \u0111\u00f3ng g\u00f3i pitt\u00f4ng<\/figcaption><\/figure>   <h2 class=\"wp-block-heading\" id=\"h-features-benefits-of-reciprocating-pillow-packing-machine\"><strong>\u01afu \u0111i\u1ec3m c\u1ee7a m\u00e1y \u0111\u00f3ng g\u00f3i g\u1ed1i pitt\u00f4ng<\/strong><\/h2>    <ul class=\"wp-block-list\"> <li>N\u00f3 s\u1eed d\u1ee5ng m\u1ed9t <strong>h\u1ec7 th\u1ed1ng servo \u0111\u1ea7y \u0111\u1ee7<\/strong>, b\u0103ng t\u1ea3i servo nh\u1ea1y c\u1ea3m v\u1edbi chi\u1ec1u d\u00e0i s\u1ea3n ph\u1ea9m, ni\u00eam phong v\u00e0 c\u1eaft ch\u00ednh x\u00e1c.<\/li>    <li>M\u00e1y qu\u1ea5n d\u00f2ng ch\u1ea3y l\u00e0 <strong>\u0111\u01b0\u1ee3c \u0111i\u1ec1u khi\u1ec3n b\u1edfi PLC<\/strong>, c\u00e0i \u0111\u1eb7t t\u1ed1c \u0111\u1ed9 \u0111\u00f3ng g\u00f3i, chi\u1ec1u d\u00e0i t\u00fai, v.v., v\u1eadn h\u00e0nh \u0111\u01a1n gi\u1ea3n.<\/li>    <li>N\u00f3 <strong>ti\u1ebft ki\u1ec7m th\u1eddi gian \u0111\u00f3ng g\u00f3i v\u00e0 phim<\/strong> nh\u1edd v\u00e0o b\u1ed9 chuy\u1ec3n \u0111\u1ed5i k\u00e9p ti\u00ean ti\u1ebfn.<\/li>    <li>M\u00e1y \u0111\u00f3ng g\u00f3i g\u1ed1i n\u00e0y \u0111\u01b0\u1ee3c trang b\u1ecb <strong>m\u00e1y d\u00f2 quang \u0111i\u1ec7n \u0111\u1ec3 \u0111\u1ecbnh v\u1ecb ch\u00ednh x\u00e1c<\/strong>.<\/li>    <li>C\u00e1c <strong>thi\u1ebft b\u1ecb b\u1ecbt k\u00edn \u0111\u1ea7u c\u00f3 n\u1eafp k\u00ednh<\/strong> \u0111\u01b0\u1ee3c thi\u1ebft k\u1ebf nh\u01b0 m\u1ed9t bi\u1ec7n ph\u00e1p ph\u00f2ng ng\u1eeba an to\u00e0n.<\/li>    <li>Kh\u00f4ng d\u00ednh dao, kh\u00f4ng l\u00e3ng ph\u00ed m\u00e0ng \u0111\u00f3ng g\u00f3i, ch\u1ee9c n\u0103ng t\u1ef1 ch\u1ea9n \u0111o\u00e1n tr\u1ee5c tr\u1eb7c.<\/li> <\/ul>    <figure class=\"wp-block-image size-large\"><img loading=\"lazy\" decoding=\"async\" width=\"667\" height=\"500\" src=\"https:\/\/tianhuipackingmachine.com\/wp-content\/uploads\/2021\/08\/quality-pillow-packaging-machine-667x500.webp\" alt=\"M\u00e1y \u0111\u00f3ng g\u00f3i g\u1ed1i ch\u1ea5t l\u01b0\u1ee3ng\" class=\"wp-image-8315\" srcset=\"https:\/\/tianhuipackingmachine.com\/wp-content\/uploads\/2021\/08\/quality-pillow-packaging-machine-667x500.webp 667w, https:\/\/tianhuipackingmachine.com\/wp-content\/uploads\/2021\/08\/quality-pillow-packaging-machine-480x360.webp 480w, https:\/\/tianhuipackingmachine.com\/wp-content\/uploads\/2021\/08\/quality-pillow-packaging-machine-16x12.webp 16w, https:\/\/tianhuipackingmachine.com\/wp-content\/uploads\/2021\/08\/quality-pillow-packaging-machine.webp 720w\" sizes=\"auto, (max-width: 667px) 100vw, 667px\" \/><figcaption class=\"wp-element-caption\">M\u00e1y \u0111\u00f3ng g\u00f3i g\u1ed1i ch\u1ea5t l\u01b0\u1ee3ng<\/figcaption><\/figure>    <h2 class=\"wp-block-heading has-black-color has-text-color\" id=\"h-reciprocating-pillow-packing-equipment-parameters\"><strong>Th\u00f4ng s\u1ed1 k\u1ef9 thu\u1eadt c\u1ee7a m\u00e1y \u0111\u00f3ng g\u00f3i g\u1ed1i pitt\u00f4ng t\u1ef1 \u0111\u1ed9ng<\/strong><\/h2>    <figure class=\"wp-block-table is-style-stripes\"><table><tbody><tr><td>Ki\u1ec3u<\/td><td>SL-450W<\/td><td>SL-600W<\/td><\/tr><tr><td>Chi\u1ec1u r\u1ed9ng phim<\/td><td>T\u1ed1i \u0111a 450mm<\/td><td>T\u1ed1i \u0111a 600mm<\/td><\/tr><tr><td>Chi\u1ec1u d\u00e0i l\u00e0m t\u00fai<\/td><td>120-450mm<\/td><td>120-450mm<\/td><\/tr><tr><td>Chi\u1ec1u r\u1ed9ng l\u00e0m t\u00fai<\/td><td>50-160mm<\/td><td>50-200mm<\/td><\/tr><tr><td>Chi\u1ec1u cao s\u1ea3n xu\u1ea5t<\/td><td>10-100mm<\/td><td>10-100mm<\/td><\/tr><tr><td>T\u1ed1c \u0111\u1ed9 \u0111\u00f3ng g\u00f3i<\/td><td>20-80 t\u00fai\/ph\u00fat<\/td><td>20-80 t\u00fai\/ph\u00fat<\/td><\/tr><tr><td>Th\u00f4ng s\u1ed1 ngu\u1ed3n<\/td><td>4.2KW\/220V, 50\/60HZ<\/td><td>4.6KW\/220V, 50\/60HZ<\/td><\/tr><tr><td>K\u00edch th\u01b0\u1edbc m\u00e1y<\/td><td>(L)4380*(W)870*(H)1500mm<\/td><td>(L)4380*(W)970*(H)1500mm<\/td><\/tr><tr><td>Tr\u1ecdng l\u01b0\u1ee3ng th\u00f4<\/td><td>800kg<\/td><td>900kg<\/td><\/tr><\/tbody><\/table><figcaption class=\"wp-element-caption\">d\u1eef li\u1ec7u k\u1ef9 thu\u1eadt c\u1ee7a m\u00e1y \u0111\u00f3ng g\u00f3i ki\u1ec3u g\u1ed1i pitt\u00f4ng<\/figcaption><\/figure>    <p>L\u00e0 nh\u00e0 s\u1ea3n xu\u1ea5t m\u00e1y \u0111\u00f3ng g\u00f3i chuy\u00ean nghi\u1ec7p, ch\u00fang t\u00f4i c\u00f3 hai lo\u1ea1i m\u00e1y \u0111\u00f3ng g\u00f3i g\u1ed1i pitt\u00f4ng \u0111\u1ec3 b\u00e1n: SL-450W v\u00e0 SL-600W.SL-450W c\u00f3 chi\u1ec1u d\u00e0i l\u00e0m t\u00fai 120-450mm v\u00e0 chi\u1ec1u r\u1ed9ng 50-160mm. SL-600W c\u00f3 chi\u1ec1u d\u00e0i l\u00e0m t\u00fai 120-450mm v\u00e0 chi\u1ec1u r\u1ed9ng 50-200mm. Ngo\u00e0i ra, b\u1ea1n c\u00f3 th\u1ec3 bi\u1ebft \u0111i\u1ec7n \u00e1p, c\u00f4ng su\u1ea5t, k\u00edch th\u01b0\u1edbc v\u00e0 tr\u1ecdng l\u01b0\u1ee3ng m\u00e1y, v.v. Vui l\u00f2ng tham kh\u1ea3o b\u1ea3ng tr\u00ean \u0111\u1ec3 bi\u1ebft th\u00f4ng tin th\u00f4ng s\u1ed1 c\u1ee5 th\u1ec3.<\/p>    <figure class=\"wp-block-image size-full\"><img loading=\"lazy\" decoding=\"async\" width=\"720\" height=\"540\" src=\"https:\/\/tianhuipackingmachine.com\/wp-content\/uploads\/2021\/08\/reciprocating-flow-wrapping-machine-in-the-factory.webp\" alt=\"M\u00e1y qu\u1ea5n d\u00f2ng ch\u1ea3y trong nh\u00e0 m\u00e1y\" class=\"wp-image-8313\" srcset=\"https:\/\/tianhuipackingmachine.com\/wp-content\/uploads\/2021\/08\/reciprocating-flow-wrapping-machine-in-the-factory.webp 720w, https:\/\/tianhuipackingmachine.com\/wp-content\/uploads\/2021\/08\/reciprocating-flow-wrapping-machine-in-the-factory-480x360.webp 480w, https:\/\/tianhuipackingmachine.com\/wp-content\/uploads\/2021\/08\/reciprocating-flow-wrapping-machine-in-the-factory-667x500.webp 667w, https:\/\/tianhuipackingmachine.com\/wp-content\/uploads\/2021\/08\/reciprocating-flow-wrapping-machine-in-the-factory-16x12.webp 16w\" sizes=\"auto, (max-width: 720px) 100vw, 720px\" \/><figcaption class=\"wp-element-caption\">M\u00e1y qu\u1ea5n d\u00f2ng ch\u1ea3y t\u1ecbnh ti\u1ebfn trong nh\u00e0 m\u00e1y<\/figcaption><\/figure>    <h2 class=\"wp-block-heading\" id=\"h-reciprocating-pillow-packaging-equipment-structure\"><strong>C\u1ea5u tr\u00fac c\u1ee7a m\u00e1y qu\u1ea5n d\u00f2ng ch\u1ea3y qua l\u1ea1i<\/strong><\/h2>    <p>M\u00e1y \u0111\u00f3ng g\u00f3i g\u1ed1i pitt\u00f4ng c\u1ee7a ch\u00fang t\u00f4i bao g\u1ed3m b\u0103ng t\u1ea3i, thi\u1ebft b\u1ecb c\u1ea5p m\u00e0ng, m\u00e1y l\u00e0m t\u00fai, m\u00e0n h\u00ecnh c\u1ea3m \u1ee9ng, thi\u1ebft b\u1ecb ni\u00eam phong \u1edf gi\u1eefa, thi\u1ebft b\u1ecb c\u1eaft v\u00e0 ni\u00eam phong cu\u1ed1i, v\u00e0 c\u1ed5ng x\u1ea3.<\/p>    <figure class=\"wp-block-image aligncenter size-full\"><img loading=\"lazy\" decoding=\"async\" width=\"750\" height=\"500\" src=\"https:\/\/tianhuipackingmachine.com\/wp-content\/uploads\/2021\/08\/reciprocating-pillow-packing-machine-structure.jpg\" alt=\"c\u1ea5u tr\u00fac m\u00e1y \u0111\u00f3ng g\u00f3i g\u1ed1i qua l\u1ea1i\" class=\"wp-image-2357\" srcset=\"https:\/\/tianhuipackingmachine.com\/wp-content\/uploads\/2021\/08\/reciprocating-pillow-packing-machine-structure.jpg 750w, https:\/\/tianhuipackingmachine.com\/wp-content\/uploads\/2021\/08\/reciprocating-pillow-packing-machine-structure-300x200.jpg 300w\" sizes=\"auto, (max-width: 750px) 100vw, 750px\" \/><figcaption class=\"wp-element-caption\">C\u1ea5u tr\u00fac m\u00e1y \u0111\u00f3ng g\u00f3i g\u1ed1i pitt\u00f4ng<\/figcaption><\/figure>    <ul class=\"wp-block-list\"> <li><strong>B\u0103ng chuy\u1ec1n<\/strong>: servo m\u1ed9t, nh\u1ea1y c\u1ea3m v\u1edbi chi\u1ec1u d\u00e0i c\u1ee7a v\u1eadt th\u1ec3 tr\u00ean d\u00e2y \u0111ai, c\u00f3 l\u1ee3i cho vi\u1ec7c b\u1ecbt k\u00edn v\u00e0 c\u1eaft ch\u00ednh x\u00e1c.<\/li>    <li><strong>M\u00e0n h\u00ecnh c\u1ea3m \u1ee9ng<\/strong>: thi\u1ebft l\u1eadp t\u1ed1c \u0111\u1ed9 \u0111\u00f3ng g\u00f3i, chi\u1ec1u d\u00e0i l\u00e0m t\u00fai, s\u1eed d\u1ee5ng ng\u00f4n ng\u1eef, v.v.<\/li>    <li><strong>Tr\u1ee5c cu\u1ed9n m\u00e0ng \u0111a li\u00ean k\u1ebft<\/strong>: ph\u1ed1i h\u1ee3p k\u00e9o m\u00e0ng v\u00e0 l\u00e0m cho m\u00e0ng m\u1ecbn.<\/li>    <li><strong>Thi\u1ebft b\u1ecb c\u1eaft v\u00e0 ni\u00eam phong cu\u1ed1i<\/strong>: c\u00f3 th\u1ec3 \u0111\u01b0\u1ee3c trang b\u1ecb m\u1ed9t thi\u1ebft b\u1ecb h\u00ecnh tam gi\u00e1c \u0111\u1ec3 t\u1ea1o ra m\u1ed9t chi\u1ebfc t\u00fai c\u00f3 h\u00ecnh th\u1ee9c \u0111\u1eb9p. Khi th\u00eam thi\u1ebft b\u1ecb gusset, c\u1ea7n c\u00f3 m\u00e1y n\u00e9n kh\u00ed.<\/li> <\/ul>    <figure class=\"wp-block-gallery has-nested-images columns-default is-cropped wp-block-gallery-2 is-layout-flex wp-block-gallery-is-layout-flex\"> <figure class=\"wp-block-image size-large\"><img loading=\"lazy\" decoding=\"async\" width=\"667\" height=\"500\" data-id=\"8307\" src=\"https:\/\/tianhuipackingmachine.com\/wp-content\/uploads\/2021\/08\/touch-screen-667x500.webp\" alt=\"M\u00e0n h\u00ecnh c\u1ea3m \u1ee9ng\" class=\"wp-image-8307\" srcset=\"https:\/\/tianhuipackingmachine.com\/wp-content\/uploads\/2021\/08\/touch-screen-667x500.webp 667w, https:\/\/tianhuipackingmachine.com\/wp-content\/uploads\/2021\/08\/touch-screen-480x360.webp 480w, https:\/\/tianhuipackingmachine.com\/wp-content\/uploads\/2021\/08\/touch-screen-16x12.webp 16w, https:\/\/tianhuipackingmachine.com\/wp-content\/uploads\/2021\/08\/touch-screen.webp 720w\" sizes=\"auto, (max-width: 667px) 100vw, 667px\" \/><figcaption class=\"wp-element-caption\">M\u00e0n h\u00ecnh c\u1ea3m \u1ee9ng<\/figcaption><\/figure>    <figure class=\"wp-block-image size-large\"><img loading=\"lazy\" decoding=\"async\" width=\"667\" height=\"500\" data-id=\"8308\" src=\"https:\/\/tianhuipackingmachine.com\/wp-content\/uploads\/2021\/08\/multi-link-film-roll-shaft-667x500.webp\" alt=\"tr\u1ee5c cu\u1ed9n phim \u0111a li\u00ean k\u1ebft\" class=\"wp-image-8308\" srcset=\"https:\/\/tianhuipackingmachine.com\/wp-content\/uploads\/2021\/08\/multi-link-film-roll-shaft-667x500.webp 667w, https:\/\/tianhuipackingmachine.com\/wp-content\/uploads\/2021\/08\/multi-link-film-roll-shaft-480x360.webp 480w, https:\/\/tianhuipackingmachine.com\/wp-content\/uploads\/2021\/08\/multi-link-film-roll-shaft-16x12.webp 16w, https:\/\/tianhuipackingmachine.com\/wp-content\/uploads\/2021\/08\/multi-link-film-roll-shaft.webp 720w\" sizes=\"auto, (max-width: 667px) 100vw, 667px\" \/><figcaption class=\"wp-element-caption\">Tr\u1ee5c cu\u1ed9n phim \u0111a li\u00ean k\u1ebft<\/figcaption><\/figure> <\/figure>    <h2 class=\"wp-block-heading\" id=\"h-reciprocating-pillow-packaging-machine-vs-ordinary-pillow-packaging-machine\"><strong>M\u00e1y \u0111\u00f3ng g\u00f3i g\u1ed1i pitt\u00f4ng VS m\u00e1y \u0111\u00f3ng g\u00f3i g\u1ed1i th\u00f4ng th\u01b0\u1eddng<\/strong><\/h2>    <p>M\u00e1y \u0111\u00f3ng g\u00f3i n\u00e0y c\u00f3 th\u1ec3 \u0111\u01b0\u1ee3c m\u00f4 t\u1ea3 nh\u01b0 m\u1ed9t phi\u00ean b\u1ea3n c\u1eadp nh\u1eadt c\u1ee7a m\u00e1y th\u00f4ng th\u01b0\u1eddng, v\u1edbi nh\u1eefng \u0111i\u1ec3m kh\u00e1c bi\u1ec7t ch\u00ednh sau:<\/p>    <figure class=\"wp-block-table\"><table class=\"has-fixed-layout\"><tbody><tr><td>Lo\u1ea1i m\u00e1y<\/td><td>M\u00e1y \u0111\u00f3ng g\u00f3i g\u1ed1i pitt\u00f4ng<\/td><td>B\u00ecnh th\u01b0\u1eddng <a href=\"https:\/\/tianhuipackingmachine.com\/vi\/pillow-packing-machine\/\">m\u00e1y \u0111\u00f3ng g\u00f3i g\u1ed1i<\/a><\/td><\/tr><tr><td>B\u0103ng t\u1ea3i cho \u0103n<\/td><td>B\u0103ng t\u1ea3i servo<\/td><td>B\u0103ng t\u1ea3i k\u1eb9p x\u00edch<\/td><\/tr><tr><td>M\u00e1y c\u1eaft<\/td><td>Dao th\u1eb3ng (dao c\u1eaft tr\u00ean v\u00e0 d\u01b0\u1edbi)<\/td><td>M\u00e1y c\u1eaft \u0111\u01a1n, m\u00e1y c\u1eaft \u0111\u00f4i, ba m\u00e1y c\u1eaft t\u00f9y ch\u1ecdn<\/td><\/tr><tr><td>B\u1ecdt bi\u1ec3n x\u1ea3<\/td><td>Ba m\u1eb7t v\u1edbi mi\u1ebfng b\u1ecdt bi\u1ec3n<\/td><td>Th\u00eam b\u1ed5 sung<\/td><\/tr><tr><td>Thi\u1ebft b\u1ecb t\u00fai Gusset<\/td><td>S\u1ef1 l\u1ef1a ch\u1ecdn t\u1ed1t h\u01a1n<\/td><td>Th\u00eam b\u1ed5 sung<\/td><\/tr><tr><td>Thi\u1ebft b\u1ecb b\u1ea3o v\u1ec7<\/td><td>N\u1eafp k\u00ednh n\u01a1i \u0111\u00f3ng k\u00edn v\u00e0 thi\u1ebft b\u1ecb c\u1eaft<\/td><td>KH\u00d4NG<\/td><\/tr><\/tbody><\/table><figcaption class=\"wp-element-caption\">so s\u00e1nh c\u00e1c lo\u1ea1i m\u00e1y \u0111\u00f3ng g\u00f3i g\u1ed1i ngang kh\u00e1c nhau<\/figcaption><\/figure>    <figure class=\"wp-block-gallery has-nested-images columns-default is-cropped wp-block-gallery-3 is-layout-flex wp-block-gallery-is-layout-flex\"> <figure class=\"wp-block-image size-large\"><img loading=\"lazy\" decoding=\"async\" width=\"667\" height=\"500\" data-id=\"8310\" src=\"https:\/\/tianhuipackingmachine.com\/wp-content\/uploads\/2021\/08\/cutter-for-reciprocating-pillow-packing-machine-667x500.webp\" alt=\"M\u00e1y c\u1eaft cho m\u00e1y \u0111\u00f3ng g\u00f3i g\u1ed1i \u0111\u1ed1i \u1ee9ng\" class=\"wp-image-8310\" srcset=\"https:\/\/tianhuipackingmachine.com\/wp-content\/uploads\/2021\/08\/cutter-for-reciprocating-pillow-packing-machine-667x500.webp 667w, https:\/\/tianhuipackingmachine.com\/wp-content\/uploads\/2021\/08\/cutter-for-reciprocating-pillow-packing-machine-480x360.webp 480w, https:\/\/tianhuipackingmachine.com\/wp-content\/uploads\/2021\/08\/cutter-for-reciprocating-pillow-packing-machine-16x12.webp 16w, https:\/\/tianhuipackingmachine.com\/wp-content\/uploads\/2021\/08\/cutter-for-reciprocating-pillow-packing-machine.webp 720w\" sizes=\"auto, (max-width: 667px) 100vw, 667px\" \/><figcaption class=\"wp-element-caption\">M\u00e1y c\u1eaft cho m\u00e1y \u0111\u00f3ng g\u00f3i g\u1ed1i chuy\u1ec3n \u0111\u1ed9ng qua l\u1ea1i<\/figcaption><\/figure>    <figure class=\"wp-block-image size-large\"><img loading=\"lazy\" decoding=\"async\" width=\"667\" height=\"500\" data-id=\"8311\" src=\"https:\/\/tianhuipackingmachine.com\/wp-content\/uploads\/2021\/08\/end-sealing-device-for-reciprocating-pillow-type-packing-machine-667x500.webp\" alt=\"Thi\u1ebft b\u1ecb ni\u00eam phong k\u1ebft th\u00fac cho m\u00e1y \u0111\u00f3ng g\u00f3i lo\u1ea1i g\u1ed1i \u0111\u1ed1i \u1ee9ng\" class=\"wp-image-8311\" srcset=\"https:\/\/tianhuipackingmachine.com\/wp-content\/uploads\/2021\/08\/end-sealing-device-for-reciprocating-pillow-type-packing-machine-667x500.webp 667w, https:\/\/tianhuipackingmachine.com\/wp-content\/uploads\/2021\/08\/end-sealing-device-for-reciprocating-pillow-type-packing-machine-480x360.webp 480w, https:\/\/tianhuipackingmachine.com\/wp-content\/uploads\/2021\/08\/end-sealing-device-for-reciprocating-pillow-type-packing-machine-16x12.webp 16w, https:\/\/tianhuipackingmachine.com\/wp-content\/uploads\/2021\/08\/end-sealing-device-for-reciprocating-pillow-type-packing-machine.webp 720w\" sizes=\"auto, (max-width: 667px) 100vw, 667px\" \/><figcaption class=\"wp-element-caption\">Thi\u1ebft b\u1ecb ni\u00eam phong cu\u1ed1i cho m\u00e1y \u0111\u00f3ng g\u00f3i lo\u1ea1i g\u1ed1i chuy\u1ec3n \u0111\u1ed9ng qua l\u1ea1i<\/figcaption><\/figure> <\/figure>    <h2 class=\"wp-block-heading\" id=\"h-wide-applications-of-reciprocating-wrapping-machine\"><strong>\u1ee8ng d\u1ee5ng r\u1ed9ng r\u00e3i c\u1ee7a m\u00e1y \u0111\u00f3ng g\u00f3i g\u1ed1i pitt\u00f4ng<\/strong><\/h2>    <p>M\u00e1y qu\u1ea5n d\u00f2ng chuy\u1ec3n \u0111\u1ed9ng t\u1ecbnh ti\u1ebfn c\u1ee7a ch\u00fang t\u00f4i \u00e1p d\u1ee5ng r\u1ed9ng r\u00e3i cho c\u00e1c v\u1eadt th\u1ec3 r\u1eafn c\u00f3 h\u00ecnh d\u1ea1ng th\u00f4ng th\u01b0\u1eddng c\u00f3 ho\u1eb7c kh\u00f4ng c\u00f3 h\u1ed9p, ch\u1eb3ng h\u1ea1n nh\u01b0:<\/p>    <p class=\"translation-block\"><strong>B\u00e1nh m\u00ec, b\u00e1nh quy, b\u00e1nh trung thu, m\u00ec \u0103n li\u1ec1n, rau, tr\u00e1i c\u00e2y, \u0111\u1ed3 d\u00f9ng kh\u00e1ch s\u1ea1n d\u00f9ng m\u1ed9t l\u1ea7n, \u0111\u1ed3 d\u00f9ng \u0103n u\u1ed1ng d\u00f9ng m\u1ed9t l\u1ea7n, c\u00e1c v\u1eadt ph\u1ea9m y t\u1ebf d\u00f9ng m\u1ed9t l\u1ea7n, \u00e1o cho\u00e0ng y t\u1ebf, kh\u1ea9u trang, \u1ed1ng ti\u00eam d\u00f9ng m\u1ed9t l\u1ea7n, kh\u0103n lau, h\u1ed9p gi\u1ea5y, khay, \u0111\u1ea5t n\u1eb7n, c\u1ee5c t\u1ea9y, ph\u1ee5 ki\u1ec7n \u0111i\u1ec7n, h\u01b0\u1edbng d\u1eabn, s\u1ea3n ph\u1ea9m nh\u1ef1a, x\u00e0 ph\u00f2ng, b\u1ecdt bi\u1ec3n, b\u00f3ng s\u1ea1ch, g\u0103ng tay cao su, kh\u0103n t\u1eafm, ph\u1ea7n c\u1ee9ng, \u0111\u1ed3 g\u1ed7<\/strong>, v.v.<\/p>    <p>Nh\u1eefng m\u1eb7t h\u00e0ng n\u00e0y th\u01b0\u1eddng \u0111\u01b0\u1ee3c \u0111\u00f3ng g\u00f3i trong t\u00fai v\u1ea3i h\u00ecnh tam gi\u00e1c. N\u1ebfu mu\u1ed1n \u0111\u00f3ng g\u00f3i m\u1ed9t s\u1ed1 m\u1eb7t h\u00e0ng, vui l\u00f2ng li\u00ean h\u1ec7 v\u1edbi ch\u00fang t\u00f4i v\u00e0 ch\u00fang t\u00f4i s\u1ebd \u0111\u1ec1 xu\u1ea5t lo\u1ea1i m\u00e1y ph\u00f9 h\u1ee3p nh\u1ea5t cho b\u1ea1n d\u1ef1a tr\u00ean t\u00ecnh h\u00ecnh th\u1ef1c t\u1ebf c\u1ee7a b\u1ea1n.<\/p>    <figure class=\"wp-block-image size-full\"><img loading=\"lazy\" decoding=\"async\" width=\"750\" height=\"500\" src=\"https:\/\/tianhuipackingmachine.com\/wp-content\/uploads\/2021\/08\/reciprocating-pillow-packing-equipment-applications.jpg\" alt=\"\u1ee9ng d\u1ee5ng thi\u1ebft b\u1ecb \u0111\u00f3ng g\u00f3i g\u1ed1i qua l\u1ea1i\" class=\"wp-image-2359\" srcset=\"https:\/\/tianhuipackingmachine.com\/wp-content\/uploads\/2021\/08\/reciprocating-pillow-packing-equipment-applications.jpg 750w, https:\/\/tianhuipackingmachine.com\/wp-content\/uploads\/2021\/08\/reciprocating-pillow-packing-equipment-applications-300x200.jpg 300w\" sizes=\"auto, (max-width: 750px) 100vw, 750px\" \/><figcaption class=\"wp-element-caption\">\u1ee8ng d\u1ee5ng thi\u1ebft b\u1ecb \u0111\u00f3ng g\u00f3i g\u1ed1i chuy\u1ec3n \u0111\u1ed9ng qua l\u1ea1i<\/figcaption><\/figure>    <h2 class=\"wp-block-heading\"><strong>H\u00e3y li\u00ean h\u1ec7 v\u1edbi ch\u00fang t\u00f4i ngay b\u00e2y gi\u1edd \u0111\u1ec3 bi\u1ebft th\u00eam chi ti\u1ebft!<\/strong><\/h2>    <p class=\"translation-block\">B\u1ea1n c\u00f3 mu\u1ed1n m\u1ed9t m\u00e1y \u0111\u00f3ng g\u00f3i \u0111\u1ed1i x\u1ee9ng cho vi\u1ec7c \u0111\u00f3ng g\u00f3i c\u00e1c m\u1eb7t h\u00e0ng v\u1edbi <a href=\"https:\/\/en.wikipedia.org\/wiki\/Gusset\" target=\"_blank\" rel=\"noopener\">\u0111\u00e1y<\/a> kh\u00f4ng? N\u1ebfu c\u00f3, h\u00e3y li\u00ean h\u1ec7 v\u1edbi ch\u00fang t\u00f4i ngay b\u00e2y gi\u1edd, v\u00e0 ch\u00fang t\u00f4i s\u1ebd cung c\u1ea5p gi\u1ea3i ph\u00e1p t\u1ed1t nh\u1ea5t \u0111\u1ec3 mang l\u1ea1i l\u1ee3i \u00edch cho doanh nghi\u1ec7p \u0111\u00f3ng g\u00f3i c\u1ee7a b\u1ea1n.<\/p>   <figure class=\"wp-block-embed-youtube wp-block-embed is-type-video is-provider-youtube wp-embed-aspect-16-9 wp-has-aspect-ratio\"><div class=\"lyte-wrapper\" title=\"M\u00e1y \u0111\u00f3ng g\u00f3i g\u1ed1i pitt\u00f4ng | M\u00e1y \u0111\u00f3ng g\u00f3i g\u1ed1i\" style=\"width:853px;max-width:100%;margin:5px auto;\"><div class=\"lyMe\" id=\"WYL_Ojf_it2csts\" itemprop=\"video\" itemscope itemtype=\"https:\/\/schema.org\/VideoObject\"><div><meta itemprop=\"thumbnailUrl\" content=\"https:\/\/i.ytimg.com\/vi\/Ojf_it2csts\/hqdefault.jpg\" \/><meta itemprop=\"embedURL\" content=\"https:\/\/www.youtube.com\/embed\/Ojf_it2csts\" \/><meta itemprop=\"duration\" content=\"PT1M40S\" \/><meta itemprop=\"uploadDate\" content=\"2021-09-11T10:42:51Z\" \/><\/div><div id=\"lyte_Ojf_it2csts\" data-src=\"https:\/\/i.ytimg.com\/vi\/Ojf_it2csts\/hqdefault.jpg\" class=\"pL\"><div class=\"tC\"><div class=\"tT\" itemprop=\"name\">M\u00e1y \u0111\u00f3ng g\u00f3i g\u1ed1i pitt\u00f4ng | M\u00e1y \u0111\u00f3ng g\u00f3i g\u1ed1i<\/div><\/div><div class=\"play\"><\/div><div class=\"ctrl\"><div class=\"Lctrl\"><\/div><div class=\"Rctrl\"><\/div><\/div><\/div><noscript><a href=\"https:\/\/youtu.be\/Ojf_it2csts\" rel=\"nofollow noopener\" target=\"_blank\"><img loading=\"lazy\" decoding=\"async\" src=\"https:\/\/i.ytimg.com\/vi\/Ojf_it2csts\/0.jpg\" alt=\"M\u00e1y \u0111\u00f3ng g\u00f3i g\u1ed1i pitt\u00f4ng | M\u00e1y \u0111\u00f3ng g\u00f3i g\u1ed1i\" width=\"853\" height=\"460\" \/><\/a><\/noscript><meta itemprop=\"description\" content=\"Reciprocating pillow packing machine can be regarded as an upgraded pillow packing machine. It can complete the process of feeding, middle sealing, end sealing, and cutting. This kind of machine can package gusset bags with pretty shapes. It&#039;s suitable for packaging food, vegetable, fruit, disposable products, plasticine, stationery, electrical accessories, instructions, plastic products, medical products, laundry supplies, cleaning tools, etc. Email: sales@toppackingmachine.com Whatsapp\/Tel: +86 17329326135 Website: https:\/\/tianhuipackingmachine.com\/reciprocating-pillow-packing-machine\/\"><\/div><\/div><div class=\"lL\" style=\"max-width:100%;width:853px;margin:5px auto;\"> <a href=\"https:\/\/youtu.be\/Ojf_it2csts\" target=\"_blank\" rel=\"noopener\">Xem video n\u00e0y tr\u00ean YouTube<\/a>.<\/div><figcaption>video v\u1ec1 m\u00e1y \u0111\u00f3ng g\u00f3i ki\u1ec3u g\u1ed1i pitt\u00f4ng<\/figcaption><\/figure>","protected":false},"excerpt":{"rendered":"<p>M\u00e1y \u0111\u00f3ng g\u00f3i g\u1ed1i chuy\u1ec3n \u0111\u1ed9ng qua l\u1ea1i n\u00e0y l\u00e0 m\u00e1y \u0111\u00f3ng g\u00f3i g\u1ed1i servo \u0111\u1ea7y \u0111\u1ee7 \u0111\u1ec3 g\u00f3i b\u00e1nh quy, b\u00e1nh m\u00ec, v.v. v\u00e0o t\u00fai h\u00ecnh tam gi\u00e1c.<\/p>","protected":false},"author":1,"featured_media":2356,"parent":0,"template":"","tags":[213],"product-type":[139],"class_list":["post-2354","product","type-product","status-publish","has-post-thumbnail","hentry","tag-flow-wrapping-machine","product-type-pillow-packing-machines"],"_links":{"self":[{"href":"https:\/\/tianhuipackingmachine.com\/vi\/wp-json\/wp\/v2\/product\/2354","targetHints":{"allow":["GET"]}}],"collection":[{"href":"https:\/\/tianhuipackingmachine.com\/vi\/wp-json\/wp\/v2\/product"}],"about":[{"href":"https:\/\/tianhuipackingmachine.com\/vi\/wp-json\/wp\/v2\/types\/product"}],"author":[{"embeddable":true,"href":"https:\/\/tianhuipackingmachine.com\/vi\/wp-json\/wp\/v2\/users\/1"}],"wp:featuredmedia":[{"embeddable":true,"href":"https:\/\/tianhuipackingmachine.com\/vi\/wp-json\/wp\/v2\/media\/2356"}],"wp:attachment":[{"href":"https:\/\/tianhuipackingmachine.com\/vi\/wp-json\/wp\/v2\/media?parent=2354"}],"wp:term":[{"taxonomy":"post_tag","embeddable":true,"href":"https:\/\/tianhuipackingmachine.com\/vi\/wp-json\/wp\/v2\/tags?post=2354"},{"taxonomy":"product-type","embeddable":true,"href":"https:\/\/tianhuipackingmachine.com\/vi\/wp-json\/wp\/v2\/product-type?post=2354"}],"curies":[{"name":"wp","href":"https:\/\/api.w.org\/{rel}","templated":true}]}}