{"id":2263,"date":"2021-08-26T10:15:34","date_gmt":"2021-08-26T02:15:34","guid":{"rendered":"https:\/\/tianhuipackingmachine.com\/?page_id=2263"},"modified":"2023-02-02T10:17:43","modified_gmt":"2023-02-02T02:17:43","slug":"carton-sealing-machine","status":"publish","type":"product","link":"https:\/\/tianhuipackingmachine.com\/vi\/carton-sealing-machine\/","title":{"rendered":"M\u00e1y d\u00e1n th\u00f9ng carton"},"content":{"rendered":"<p class=\"translation-block\"><strong>M\u00e1y d\u00e1n th\u00f9ng carton<\/strong> ho\u1eb7c m\u00e1y \u0111\u00f3ng g\u00f3i h\u1ed9p l\u00e0 thi\u1ebft b\u1ecb \u0111\u1ec3 d\u00e1n k\u00edn c\u00e1c th\u00f9ng gi\u1ea5y b\u00eca b\u1eb1ng b\u0103ng d\u00ednh. N\u00f3 \u0111\u01b0\u1ee3c \u1ee9ng d\u1ee5ng r\u1ed9ng r\u00e3i \u0111\u1ec3 \u0111\u00f3ng g\u00f3i nhi\u1ec1u lo\u1ea1i v\u1eadt ph\u1ea9m v\u00e0o th\u00f9ng carton, ch\u1eb3ng h\u1ea1n nh\u01b0 th\u1ef1c ph\u1ea9m, \u0111\u1ed3 u\u1ed1ng, r\u01b0\u1ee3u, thu\u1ed1c, s\u00e1ch, \u0111\u1ed3 n\u1ed9i th\u1ea5t, \u0111\u00e8n, gia v\u1ecb, d\u1ee5ng c\u1ee5 nh\u00e0 b\u1ebfp, ph\u1ea7n c\u1ee9ng, \u0111\u1ed3 g\u1ed7, h\u00f3a ch\u1ea5t, qu\u1ea7n \u00e1o, \u0111\u1ed3 g\u1ed1m, n\u1eafp th\u1ee7y tinh, v.v. N\u00f3 c\u00f3 hai ph\u01b0\u01a1ng ph\u00e1p s\u1eed d\u1ee5ng, ch\u1ec9 s\u1eed d\u1ee5ng m\u1ed9t m\u00e1y \u0111\u01a1n l\u1ebb, ho\u1eb7c nh\u01b0 m\u1ed9t ph\u1ea7n c\u1ee7a d\u00e2y chuy\u1ec1n s\u1ea3n xu\u1ea5t \u0111\u00f3ng g\u00f3i th\u00f9ng carton. M\u00e1y n\u00e0y th\u01b0\u1eddng \u0111\u01b0\u1ee3c k\u1ebft h\u1ee3p v\u1edbi m\u00e1y m\u1edf th\u00f9ng, m\u00e1y d\u00e1n nh\u00e3n, thi\u1ebft b\u1ecb m\u00e3 h\u00f3a, m\u00e1y b\u1ecdc m\u00e0ng co nhi\u1ec7t, v.v. <\/p>    <figure class=\"wp-block-gallery aligncenter has-nested-images columns-default is-cropped wp-block-gallery-2 is-layout-flex wp-block-gallery-is-layout-flex\"> <figure class=\"wp-block-image size-large\"><img loading=\"lazy\" decoding=\"async\" width=\"750\" height=\"500\" data-id=\"4742\" src=\"https:\/\/tianhuipackingmachine.com\/wp-content\/uploads\/2021\/12\/carton-sealing-machine-strapping-machine-750x500.jpg\" alt=\"m\u00e1y d\u00e1n v\u00e0 m\u00e1y \u0111\u00f3ng \u0111ai th\u00f9ng carton\" class=\"wp-image-4742\" srcset=\"https:\/\/tianhuipackingmachine.com\/wp-content\/uploads\/2021\/12\/carton-sealing-machine-strapping-machine.jpg 750w, https:\/\/tianhuipackingmachine.com\/wp-content\/uploads\/2021\/12\/carton-sealing-machine-strapping-machine-480x320.jpg 480w\" sizes=\"auto, (max-width: 750px) 100vw, 750px\" \/><figcaption class=\"wp-element-caption\">M\u00e1y d\u00e1n th\u00f9ng carton &amp; M\u00e1y \u0111\u00f3ng \u0111ai<\/figcaption><\/figure>    <figure class=\"wp-block-image size-large\"><img loading=\"lazy\" decoding=\"async\" width=\"750\" height=\"500\" data-id=\"4750\" src=\"https:\/\/tianhuipackingmachine.com\/wp-content\/uploads\/2021\/12\/the-carton-sealing-strapping-machine-in-factory-750x500.jpg\" alt=\"M\u00e1y d\u00e1n v\u00e0 \u0111\u00f3ng \u0111ai th\u00f9ng carton t\u1ea1i nh\u00e0 m\u00e1y\" class=\"wp-image-4750\" srcset=\"https:\/\/tianhuipackingmachine.com\/wp-content\/uploads\/2021\/12\/the-carton-sealing-strapping-machine-in-factory.jpg 750w, https:\/\/tianhuipackingmachine.com\/wp-content\/uploads\/2021\/12\/the-carton-sealing-strapping-machine-in-factory-480x320.jpg 480w\" sizes=\"auto, (max-width: 750px) 100vw, 750px\" \/><figcaption class=\"wp-element-caption\">Ni\u00eam phong th\u00f9ng carton &amp; M\u00e1y \u0111\u00f3ng \u0111ai t\u1ea1i nh\u00e0 m\u00e1y<\/figcaption><\/figure> <\/figure>    <h2 class=\"wp-block-heading\" id=\"h-carton-sealing-machine-structure\">C\u1ea5u t\u1ea1o m\u00e1y d\u00e1n th\u00f9ng carton<\/h2>    <p>M\u00e1y d\u00e1n th\u00f9ng carton bao g\u1ed3m m\u1ed9t b\u1ec7 b\u0103ng t\u1ea3i c\u00f3 con l\u0103n quay, b\u0103ng t\u1ea3i tr\u00e1i ph\u1ea3i, con l\u0103n \u0111\u1ecbnh v\u1ecb th\u00f9ng carton, tay c\u1ea7m \u0111i\u1ec1u ch\u1ec9nh \u0111\u1ed9 cao c\u1ee7a b\u1ec7 b\u0103ng t\u1ea3i v\u00e0 thi\u1ebft b\u1ecb d\u00e1n k\u00edn ph\u00eda tr\u00ean, m\u1ed9t t\u1ea5m kim lo\u1ea1i d\u00e0i, khung \u0111\u1ee1 c\u00f3 c\u00e2n, c\u00f4ng t\u1eafc ngu\u1ed3n, n\u00fat kh\u1ea9n c\u1ea5p, 4 b\u00e1nh xe d\u01b0\u1edbi \u0111\u00e1y m\u00e1y\u2026 C\u00e1c con l\u0103n quay \u0111\u01b0\u1ee3c b\u1ed1 tr\u00ed ch\u1eb7t ch\u1ebd, ph\u00f9 h\u1ee3p cho vi\u1ec7c v\u1eadn chuy\u1ec3n c\u00e1c lo\u1ea1i th\u00f9ng carton c\u00f3 k\u00edch th\u01b0\u1edbc kh\u00e1c nhau. B\u0103ng t\u1ea3i tr\u00e1i v\u00e0 ph\u1ea3i t\u1ef1 \u0111\u1ed9ng \u0111\u01b0a th\u00f9ng carton v\u1ec1 ph\u00eda tr\u01b0\u1edbc \u0111\u1ec3 ni\u00eam phong. Chi\u1ec1u cao v\u00e0 chi\u1ec1u r\u1ed9ng ni\u00eam phong c\u00f3 th\u1ec3 \u0111\u01b0\u1ee3c \u0111i\u1ec1u ch\u1ec9nh th\u00f4ng qua tay c\u1ea7m. T\u1ea5m kim lo\u1ea1i d\u00e0i l\u00e0m ph\u1eb3ng m\u1eb7t tr\u00ean c\u1ee7a h\u1ed9p, ni\u00eam phong \u00eam \u00e1i.<\/p>    <figure class=\"wp-block-gallery has-nested-images columns-default is-cropped wp-block-gallery-3 is-layout-flex wp-block-gallery-is-layout-flex\"> <figure class=\"wp-block-image size-large\"><img loading=\"lazy\" decoding=\"async\" width=\"750\" height=\"500\" data-id=\"4746\" src=\"https:\/\/tianhuipackingmachine.com\/wp-content\/uploads\/2021\/12\/double-belts-on-both-sides-750x500.jpg\" alt=\"\u0111ai \u0111\u00f4i \u1edf c\u1ea3 hai b\u00ean\" class=\"wp-image-4746\" srcset=\"https:\/\/tianhuipackingmachine.com\/wp-content\/uploads\/2021\/12\/double-belts-on-both-sides.jpg 750w, https:\/\/tianhuipackingmachine.com\/wp-content\/uploads\/2021\/12\/double-belts-on-both-sides-480x320.jpg 480w\" sizes=\"auto, (max-width: 750px) 100vw, 750px\" \/><figcaption class=\"wp-element-caption\">Th\u1eaft l\u01b0ng \u0111\u00f4i \u1edf c\u1ea3 hai b\u00ean<\/figcaption><\/figure>    <figure class=\"wp-block-image size-large\"><img loading=\"lazy\" decoding=\"async\" width=\"750\" height=\"500\" data-id=\"4745\" src=\"https:\/\/tianhuipackingmachine.com\/wp-content\/uploads\/2021\/12\/tape-sealing-device-for-the-bottom-of-the-carton-750x500.jpg\" alt=\"thi\u1ebft b\u1ecb d\u00e1n b\u0103ng d\u00ednh \u1edf \u0111\u00e1y th\u00f9ng carton\" class=\"wp-image-4745\" srcset=\"https:\/\/tianhuipackingmachine.com\/wp-content\/uploads\/2021\/12\/tape-sealing-device-for-the-bottom-of-the-carton.jpg 750w, https:\/\/tianhuipackingmachine.com\/wp-content\/uploads\/2021\/12\/tape-sealing-device-for-the-bottom-of-the-carton-480x320.jpg 480w\" sizes=\"auto, (max-width: 750px) 100vw, 750px\" \/><figcaption class=\"wp-element-caption\">Thi\u1ebft b\u1ecb d\u00e1n b\u0103ng keo \u1edf \u0111\u00e1y th\u00f9ng<\/figcaption><\/figure> <\/figure>    <h2 class=\"wp-block-heading\">Video ho\u1ea1t \u0111\u1ed9ng c\u1ee7a m\u00e1y \u0111\u00f3ng g\u00f3i th\u00f9ng carton <\/h2>   <figure class=\"wp-block-embed-youtube wp-block-embed is-type-video is-provider-youtube wp-embed-aspect-16-9 wp-has-aspect-ratio\"><div class=\"lyte-wrapper\" title=\"M\u00e1y d\u00e1n v\u00e0 \u0111\u00f3ng \u0111ai th\u00f9ng carton | Thi\u1ebft b\u1ecb ni\u00eam phong h\u1ed9p b\u0103ng | \u00c1p d\u1ee5ng nhi\u1ec1u k\u00edch c\u1ee1\" style=\"width:853px;max-width:100%;margin:5px auto;\"><div class=\"lyMe\" id=\"WYL_49oUgXl1olI\" itemprop=\"video\" itemscope itemtype=\"https:\/\/schema.org\/VideoObject\"><div><meta itemprop=\"thumbnailUrl\" content=\"https:\/\/i.ytimg.com\/vi\/49oUgXl1olI\/hqdefault.jpg\" \/><meta itemprop=\"embedURL\" content=\"https:\/\/www.youtube.com\/embed\/49oUgXl1olI\" \/><meta itemprop=\"duration\" content=\"PT1M20S\" \/><meta itemprop=\"uploadDate\" content=\"2022-01-07T10:07:57Z\" \/><\/div><div id=\"lyte_49oUgXl1olI\" data-src=\"https:\/\/i.ytimg.com\/vi\/49oUgXl1olI\/hqdefault.jpg\" class=\"pL\"><div class=\"tC\"><div class=\"tT\" itemprop=\"name\">M\u00e1y d\u00e1n v\u00e0 \u0111\u00f3ng \u0111ai th\u00f9ng carton | Thi\u1ebft b\u1ecb ni\u00eam phong h\u1ed9p b\u0103ng | \u00c1p d\u1ee5ng nhi\u1ec1u k\u00edch c\u1ee1<\/div><\/div><div class=\"play\"><\/div><div class=\"ctrl\"><div class=\"Lctrl\"><\/div><div class=\"Rctrl\"><\/div><\/div><\/div><noscript><a href=\"https:\/\/youtu.be\/49oUgXl1olI\" rel=\"nofollow noopener\" target=\"_blank\"><img loading=\"lazy\" decoding=\"async\" src=\"https:\/\/i.ytimg.com\/vi\/49oUgXl1olI\/0.jpg\" alt=\"M\u00e1y d\u00e1n v\u00e0 \u0111\u00f3ng \u0111ai th\u00f9ng carton | Thi\u1ebft b\u1ecb ni\u00eam phong h\u1ed9p b\u0103ng | \u00c1p d\u1ee5ng nhi\u1ec1u k\u00edch c\u1ee1\" width=\"853\" height=\"460\" \/><\/a><\/noscript><meta itemprop=\"description\" content=\"If you are interested in it, welcome to contact us. https:\/\/tianhuipackingmachine.com\/carton-sealing-machine\/ Whatsapp\/Tel: +86 17329326135 Email: sales@toppackingmachine.com Carton sealing and strapping machine is a set of equipment for box tape sealing and strapping. The carton sealing machine can seal the bottom and top of the box at the same time. It has a wide range of applications in many industries, such as cookers, dishes, furniture, shampoo, wine, juice, etc. Whatsapp\/Tel: +86 17329326135 Email: sales@toppackingmachine.com\"><\/div><\/div><div class=\"lL\" style=\"max-width:100%;width:853px;margin:5px auto;\"> <a href=\"https:\/\/youtu.be\/49oUgXl1olI\" target=\"_blank\" rel=\"noopener\">Xem video n\u00e0y tr\u00ean YouTube<\/a>.<\/div><figcaption><\/figcaption><\/figure>   <h2 class=\"wp-block-heading\" id=\"h-features-of-the-carton-sealing-machine\">\u0110\u1eb7c \u0111i\u1ec3m c\u1ee7a m\u00e1y d\u00e1n th\u00f9ng carton<\/h2>    <ol class=\"wp-block-list\" type=\"1\"> <li>Thi\u1ebft k\u1ebf h\u1ee3p l\u00fd, ch\u1ea5t li\u1ec7u b\u1ec1n b\u1ec9, ch\u1ea1y \u00eam, l\u00e0m vi\u1ec7c hi\u1ec7u qu\u1ea3<\/li>    <li>Chi\u1ec1u cao c\u1ee7a b\u0103ng t\u1ea3i c\u00f3 th\u1ec3 \u0111i\u1ec1u ch\u1ec9nh theo nhu c\u1ea7u c\u1ee7a b\u1ea1n<\/li>    <li>\u1ee8ng d\u1ee5ng r\u1ed9ng r\u00e3i cho c\u00e1c k\u00edch c\u1ee1 kh\u00e1c nhau c\u1ee7a th\u00f9ng carton<\/li>    <li>Con l\u0103n b\u1ed1 tr\u00ed ch\u1eb7t ch\u1ebd, ph\u00f9 h\u1ee3p v\u1edbi c\u00e1c k\u00edch th\u01b0\u1edbc th\u00f9ng carton kh\u00e1c nhau, \u0111\u1eb7c bi\u1ec7t l\u00e0 c\u00e1c lo\u1ea1i h\u1ed9p nh\u1ecf<\/li>    <li>B\u1ed9 ph\u1eadn c\u1ed1 \u0111\u1ecbnh b\u0103ng c\u00f3 th\u1ec3 th\u00e1o r\u1eddi v\u00e0 thay b\u0103ng thu\u1eadn ti\u1ec7n.<\/li>    <li>Ho\u00e0n th\u00e0nh thao t\u00e1c d\u00e1n \u0111\u00e1y v\u00e0 d\u00e1n tr\u00ean c\u00f9ng m\u1ed9t l\u1ea7n, d\u00e1n ch\u1eafc ch\u1eafn v\u00e0 tr\u01a1n tru, h\u00ecnh th\u1ee9c \u0111\u1eb9p m\u1eaft<\/li>    <li>N\u00fat kh\u1ea9n c\u1ea5p \u0111\u01b0\u1ee3c thi\u1ebft k\u1ebf nh\u01b0 m\u1ed9t bi\u1ec7n ph\u00e1p ph\u00f2ng ng\u1eeba an to\u00e0n.<\/li>    <li>D\u1ecbch v\u1ee5 t\u00f9y bi\u1ebfn c\u00f3 s\u1eb5n.<\/li> <\/ol>    <figure class=\"wp-block-gallery has-nested-images columns-default is-cropped wp-block-gallery-4 is-layout-flex wp-block-gallery-is-layout-flex\"> <figure class=\"wp-block-image size-large\"><img loading=\"lazy\" decoding=\"async\" width=\"750\" height=\"500\" data-id=\"4749\" src=\"https:\/\/tianhuipackingmachine.com\/wp-content\/uploads\/2021\/12\/the-applicable-cartons-750x500.jpg\" alt=\"c\u00e1c th\u00f9ng carton \u00e1p d\u1ee5ng\" class=\"wp-image-4749\" srcset=\"https:\/\/tianhuipackingmachine.com\/wp-content\/uploads\/2021\/12\/the-applicable-cartons.jpg 750w, https:\/\/tianhuipackingmachine.com\/wp-content\/uploads\/2021\/12\/the-applicable-cartons-480x320.jpg 480w\" sizes=\"auto, (max-width: 750px) 100vw, 750px\" \/><figcaption class=\"wp-element-caption\">C\u00e1c th\u00f9ng carton \u00e1p d\u1ee5ng<\/figcaption><\/figure>    <figure class=\"wp-block-image size-large\"><img loading=\"lazy\" decoding=\"async\" width=\"750\" height=\"500\" data-id=\"4748\" src=\"https:\/\/tianhuipackingmachine.com\/wp-content\/uploads\/2021\/12\/various-applicable-sizes-of-cartons-750x500.jpg\" alt=\"k\u00edch th\u01b0\u1edbc \u00e1p d\u1ee5ng kh\u00e1c nhau c\u1ee7a th\u00f9ng carton\" class=\"wp-image-4748\" srcset=\"https:\/\/tianhuipackingmachine.com\/wp-content\/uploads\/2021\/12\/various-applicable-sizes-of-cartons.jpg 750w, https:\/\/tianhuipackingmachine.com\/wp-content\/uploads\/2021\/12\/various-applicable-sizes-of-cartons-480x320.jpg 480w\" sizes=\"auto, (max-width: 750px) 100vw, 750px\" \/><figcaption class=\"wp-element-caption\">K\u00edch th\u01b0\u1edbc \u00e1p d\u1ee5ng kh\u00e1c nhau c\u1ee7a th\u00f9ng carton<\/figcaption><\/figure> <\/figure>    <h2 class=\"wp-block-heading\" id=\"h-operation-procedure-of-the-single-machine\">Quy tr\u00ecnh v\u1eadn h\u00e0nh c\u1ee7a m\u00e1y \u0111\u01a1n<\/h2>    <ol class=\"wp-block-list\" type=\"1\"> <li>L\u1eafp hai b\u0103ng d\u00ednh v\u00e0o thi\u1ebft b\u1ecb b\u1ecbt k\u00edn<\/li>    <li>\u0110i\u1ec1u ch\u1ec9nh c\u00e1c th\u00f4ng s\u1ed1 kh\u00e1c nhau v\u00e0 kh\u1edfi \u0111\u1ed9ng m\u00e1y<\/li>    <li>M\u1edf c\u00e1c h\u1ed9p c\u00e1c t\u00f4ng<\/li>    <li>B\u1ecf \u0111\u1ed3 v\u1eadt v\u00e0o th\u00f9ng<\/li>    <li>\u0110\u1eb7t h\u1ed9p l\u00ean b\u0103ng t\u1ea3i<\/li>    <li>\u0110\u1ea9y th\u00f9ng carton v\u00e0 thi\u1ebft b\u1ecb ni\u00eam phong<\/li>    <li>M\u00e1y s\u1ebd t\u1ef1 \u0111\u1ed9ng d\u00e1n b\u0103ng keo l\u00ean tr\u00ean v\u00e0 d\u01b0\u1edbi th\u00f9ng carton.<\/li> <\/ol>    <h2 class=\"wp-block-heading\" id=\"h-various-machines-waiting-for-you\">Nhi\u1ec1u lo\u1ea1i m\u00e1y \u0111ang ch\u1edd b\u1ea1n<\/h2>    <p class=\"translation-block\">V\u1edbi t\u01b0 c\u00e1ch l\u00e0 nh\u00e0 s\u1ea3n xu\u1ea5t v\u00e0 cung c\u1ea5p m\u00e1y \u0111\u00f3ng g\u00f3i, ch\u00fang t\u00f4i cung c\u1ea5p nhi\u1ec1u lo\u1ea1i m\u00e1y \u0111\u00f3ng g\u00f3i. M\u00e1y d\u00e1n th\u00f9ng carton l\u00e0 m\u1ed9t trong nh\u1eefng s\u1ea3n ph\u1ea9m hot c\u1ee7a ch\u00fang t\u00f4i. Ch\u00fang t\u00f4i c\u0169ng cung c\u1ea5p m\u00e1y \u0111\u00f3ng g\u00f3i b\u1ed9t, m\u00e1y \u0111\u00f3ng g\u00f3i h\u1ea1t, m\u00e1y chi\u1ebft r\u00f3t v\u00e0 \u0111\u00f3ng g\u00f3i l\u1ecfng, m\u00e1y \u0111\u00f3ng g\u00f3i ch\u00e2n kh\u00f4ng, m\u00e1y \u0111\u00f3ng g\u00f3i g\u1ed1i, m\u00e1y \u0111\u00f3ng n\u1eafp t\u1ef1 \u0111\u1ed9ng, m\u00e1y \u0111\u00f3ng n\u1eafp ch\u00e2n kh\u00f4ng, <strong><a href=\"https:\/\/tianhuipackingmachine.com\/vi\/continuous-bag-sealing-machine\/\">m\u00e1y d\u00e1n t\u00fai li\u00ean t\u1ee5c<\/a><\/strong>, v.v. B\u1ea1n c\u00f3 quan t\u00e2m \u0111\u1ebfn ch\u00fang kh\u00f4ng? H\u00e3y li\u00ean h\u1ec7 v\u1edbi ch\u00fang t\u00f4i \u0111\u1ec3 bi\u1ebft th\u00eam chi ti\u1ebft v\u00e0 ch\u00fang t\u00f4i s\u1ebd tr\u1ea3 l\u1eddi b\u1ea1n s\u1edbm nh\u1ea5t c\u00f3 th\u1ec3. <\/p>    <h2 class=\"has-luminous-vivid-orange-color has-text-color wp-block-heading\" id=\"h-parameters\">Th\u00f4ng s\u1ed1 c\u1ee7a m\u00e1y \u0111\u00f3ng g\u00f3i th\u00f9ng carton Henan Top<\/h2>    <figure class=\"wp-block-table is-style-stripes\"><table><tbody><tr><td>Ki\u1ec3u<\/td><td>FXJ-4030<\/td><td>FXJ-6050<\/td><\/tr><tr><td>Quy\u1ec1n l\u1ef1c<\/td><td>220V\/50Hz\/180W<\/td><td>220V\/50Hz\/180W <\/td><\/tr><tr><td>Dung t\u00edch<\/td><td>1000 h\u1ed9p \/ gi\u1edd<\/td><td>1000 h\u1ed9p \/ gi\u1edd <\/td><\/tr><tr><td>Chi\u1ec1u r\u1ed9ng b\u0103ng<\/td><td>45mm<\/td><td>45mm <\/td><\/tr><tr><td>Chi\u1ec1u r\u1ed9ng ni\u00eam phong<\/td><td>80-300mm<\/td><td>250-500mm <\/td><\/tr><tr><td>Chi\u1ec1u cao ni\u00eam phong<\/td><td>90-400mm<\/td><td>180-600mm <\/td><\/tr><tr><td>Chi\u1ec1u cao b\u00e0n<\/td><td>t\u1ed1i thi\u1ec3u550mm\/t\u1ed1i \u0111a730mm<\/td><td>t\u1ed1i thi\u1ec3u570mm\/t\u1ed1i \u0111a730mm <\/td><\/tr><tr><td>K\u00edch th\u01b0\u1edbc m\u00e1y<\/td><td>1060*660*1010mm<\/td><td>1000*830*1350mm <\/td><\/tr><\/tbody><\/table><\/figure>    <h2 class=\"wp-block-heading\">C\u1ea7n b\u00e1n m\u00e1y d\u00e1n th\u00f9ng carton ho\u00e0n to\u00e0n t\u1ef1 \u0111\u1ed9ng<\/h2>    <p>M\u00e1y d\u00e1n th\u00f9ng carton ho\u00e0n to\u00e0n t\u1ef1 \u0111\u1ed9ng \u0111\u01b0\u1ee3c trang b\u1ecb c\u00e1c c\u1ea3m bi\u1ebfn ph\u00e1t hi\u1ec7n s\u1ef1 hi\u1ec7n di\u1ec7n c\u1ee7a h\u1ed9p v\u00e0 t\u1ef1 \u0111\u1ed9ng \u0111i\u1ec1u ch\u1ec9nh c\u00e1c c\u00e0i \u0111\u1eb7t c\u1ee7a m\u00e1y \u0111\u1ec3 ph\u00f9 h\u1ee3p v\u1edbi k\u00edch th\u01b0\u1edbc v\u00e0 h\u00ecnh d\u1ea1ng c\u1ee7a h\u1ed9p. Sau \u0111\u00f3, m\u00e1y s\u1ebd d\u00e1n b\u0103ng d\u00ednh nh\u1ea1y \u00e1p l\u1ef1c l\u00ean n\u1eafp tr\u00ean v\u00e0\/ho\u1eb7c n\u1eafp d\u01b0\u1edbi c\u1ee7a h\u1ed9p, d\u00e1n k\u00edn h\u1ed9p. T\u1ed1c \u0111\u1ed9 v\u00e0 hi\u1ec7u qu\u1ea3 c\u1ee7a m\u00e1y c\u00f3 th\u1ec3 \u0111\u01b0\u1ee3c \u0111i\u1ec1u ch\u1ec9nh \u0111\u1ec3 ph\u00f9 h\u1ee3p v\u1edbi nhu c\u1ea7u c\u1ee7a ng\u01b0\u1eddi s\u1eed d\u1ee5ng.<\/p>    <h2 class=\"wp-block-heading\">Ph\u1ea7n k\u1ebft lu\u1eadn <\/h2>    <p>T\u00f3m l\u1ea1i, m\u00e1y d\u00e1n th\u00f9ng carton l\u00e0 m\u1ed9t c\u00f4ng c\u1ee5 c\u00f3 gi\u00e1 tr\u1ecb \u0111\u1ec3 n\u00e2ng cao hi\u1ec7u qu\u1ea3 v\u00e0 h\u1ee3p l\u00fd h\u00f3a quy tr\u00ecnh \u0111\u00f3ng g\u00f3i trong c\u00e1c ng\u00e0nh c\u00f4ng nghi\u1ec7p kh\u00e1c nhau. V\u1edbi kh\u1ea3 n\u0103ng ni\u00eam phong h\u1ed9p nhanh ch\u00f3ng v\u00e0 an to\u00e0n, n\u00f3 c\u00f3 th\u1ec3 gi\u1ea3m \u0111\u00e1ng k\u1ec3 l\u01b0\u1ee3ng th\u1eddi gian v\u00e0 lao \u0111\u1ed9ng th\u1ee7 c\u00f4ng c\u1ea7n thi\u1ebft cho vi\u1ec7c \u0111\u00f3ng g\u00f3i. M\u00e1y \u0111\u00f3ng g\u00f3i h\u00e0ng \u0111\u1ea7u H\u00e0 Nam l\u00e0 nh\u00e0 s\u1ea3n xu\u1ea5t m\u00e1y \u0111\u00f3ng g\u00f3i h\u1ed9p chuy\u00ean nghi\u1ec7p. B\u1ea1n c\u00f3 quan t\u00e2m \u0111\u1ebfn chi\u1ebfc m\u00e1y n\u00e0y kh\u00f4ng? Li\u00ean h\u1ec7 v\u1edbi ch\u00fang t\u00f4i \u0111\u1ec3 \u0111\u01b0\u1ee3c b\u00e1o gi\u00e1 nhanh ch\u00f3ng. <\/p>","protected":false},"excerpt":{"rendered":"<p>Carton sealing machine or box packing machine is the equipment to seal cardboard boxes with tape. It widely applies to packing various kinds of objects into cartons, such as foods, beverages, wines, medicines, books, furniture, lamps, spices, kitchenware, hardware, woodwork, chemicals, clothes, ceramics, glass caps, etc. It has two methods of usage, just using a [&hellip;]<\/p>\n","protected":false},"author":1,"featured_media":4742,"parent":0,"template":"","tags":[182],"product-type":[144],"class_list":["post-2263","product","type-product","status-publish","has-post-thumbnail","hentry","tag-sealing-machine","product-type-supporting-equipment"],"_links":{"self":[{"href":"https:\/\/tianhuipackingmachine.com\/vi\/wp-json\/wp\/v2\/product\/2263","targetHints":{"allow":["GET"]}}],"collection":[{"href":"https:\/\/tianhuipackingmachine.com\/vi\/wp-json\/wp\/v2\/product"}],"about":[{"href":"https:\/\/tianhuipackingmachine.com\/vi\/wp-json\/wp\/v2\/types\/product"}],"author":[{"embeddable":true,"href":"https:\/\/tianhuipackingmachine.com\/vi\/wp-json\/wp\/v2\/users\/1"}],"wp:featuredmedia":[{"embeddable":true,"href":"https:\/\/tianhuipackingmachine.com\/vi\/wp-json\/wp\/v2\/media\/4742"}],"wp:attachment":[{"href":"https:\/\/tianhuipackingmachine.com\/vi\/wp-json\/wp\/v2\/media?parent=2263"}],"wp:term":[{"taxonomy":"post_tag","embeddable":true,"href":"https:\/\/tianhuipackingmachine.com\/vi\/wp-json\/wp\/v2\/tags?post=2263"},{"taxonomy":"product-type","embeddable":true,"href":"https:\/\/tianhuipackingmachine.com\/vi\/wp-json\/wp\/v2\/product-type?post=2263"}],"curies":[{"name":"wp","href":"https:\/\/api.w.org\/{rel}","templated":true}]}}