{"id":2241,"date":"2021-08-24T14:31:39","date_gmt":"2021-08-24T06:31:39","guid":{"rendered":"https:\/\/tianhuipackingmachine.com\/?page_id=2241"},"modified":"2022-12-08T14:11:07","modified_gmt":"2022-12-08T06:11:07","slug":"automatic-capping-machine","status":"publish","type":"product","link":"https:\/\/tianhuipackingmachine.com\/vi\/automatic-capping-machine\/","title":{"rendered":"M\u00e1y \u0111\u00f3ng n\u1eafp t\u1ef1 \u0111\u1ed9ng"},"content":{"rendered":"<p class=\"translation-block\"><strong>M\u00e1y \u0111\u00f3ng n\u1eafp t\u1ef1 \u0111\u1ed9ng<\/strong> ph\u00f9 h\u1ee3p v\u1edbi nhi\u1ec1u lo\u1ea1i n\u1eafp nh\u1ef1a tr\u00f2n c\u00f3 ren v\u1eb7n. N\u00f3 \u0111\u01b0\u1ee3c \u1ee9ng d\u1ee5ng r\u1ed9ng r\u00e3i trong nhi\u1ec1u ng\u00e0nh th\u1ef1c ph\u1ea9m, \u0111\u1ed3 u\u1ed1ng, nhu y\u1ebfu ph\u1ea9m, m\u1ef9 ph\u1ea9m, d\u01b0\u1ee3c ph\u1ea9m, d\u1ea7u m\u1ecf, v.v. Thi\u1ebft b\u1ecb s\u1eed d\u1ee5ng th\u00e9p kh\u00f4ng g\u1ec9, b\u1ec1n b\u1ec9 v\u00e0 ti\u1ec7n l\u1ee3i cho vi\u1ec7c b\u1ea3o tr\u00ec. M\u00e1y \u0111\u00f3ng n\u1eafp t\u1ef1 \u0111\u1ed9ng v\u1edbi b\u1ed1n b\u00e1nh xe ma s\u00e1t quay v\u00e0 si\u1ebft ch\u1eb7t c\u00e1c n\u1eafp tr\u00f2n th\u00f4ng qua \u0111\u1ed9ng c\u01a1 th\u00f4ng th\u01b0\u1eddng. T\u1ed1c \u0111\u1ed9 \u0111\u00f3ng n\u1eafp c\u00f3 th\u1ec3 \u0111i\u1ec1u ch\u1ec9nh d\u1ef1a tr\u00ean s\u1ea3n l\u01b0\u1ee3ng s\u1ea3n xu\u1ea5t. Ngo\u00e0i ra, ch\u00fang t\u00f4i h\u1ed7 tr\u1ee3 d\u1ecbch v\u1ee5 OEM theo y\u00eau c\u1ea7u c\u1ee7a b\u1ea1n.<\/p>    <figure class=\"wp-block-image aligncenter size-full\"><img loading=\"lazy\" decoding=\"async\" width=\"750\" height=\"500\" src=\"https:\/\/tianhuipackingmachine.com\/wp-content\/uploads\/2021\/08\/automatic-capping-machine-1.jpg\" alt=\"m\u00e1y \u0111\u00f3ng n\u1eafp t\u1ef1 \u0111\u1ed9ng\" class=\"wp-image-2256\" srcset=\"https:\/\/tianhuipackingmachine.com\/wp-content\/uploads\/2021\/08\/automatic-capping-machine-1.jpg 750w, https:\/\/tianhuipackingmachine.com\/wp-content\/uploads\/2021\/08\/automatic-capping-machine-1-300x200.jpg 300w\" sizes=\"auto, (max-width: 750px) 100vw, 750px\" \/><figcaption class=\"wp-element-caption\">M\u00e1y \u0111\u00f3ng n\u1eafp t\u1ef1 \u0111\u1ed9ng<\/figcaption><\/figure>    <h2 class=\"wp-block-heading\">Th\u00f4ng s\u1ed1 m\u00e1y \u0111\u00f3ng n\u1eafp t\u1ef1 \u0111\u1ed9ng<\/h2>    <figure class=\"wp-block-table is-style-stripes\"><table><tbody><tr><td>Quy\u1ec1n l\u1ef1c<\/td><td>300W &nbsp;<\/td><\/tr><tr><td>V\u00f4n<\/td><td>AC220V\/50hz<\/td><\/tr><tr><td>K\u00edch th\u01b0\u1edbc m\u0169 \u00e1p d\u1ee5ng<\/td><td>15 \u2013 70 mm \u00a0\u00a040-100mm<\/td><\/tr><tr><td>T\u1ed1c \u0111\u1ed9 gi\u1edbi h\u1ea1n<\/td><td>0 \u2013 40 chai\/ph\u00fat<\/td><\/tr><tr><td>\u0110\u01b0\u1eddng k\u00ednh chai<\/td><td>50 \u2013 280mm<\/td><\/tr><tr><td>\u00c1p su\u1ea5t kh\u00f4ng kh\u00ed<\/td><td>0,4 \u2013 0,6 MPa<\/td><\/tr><tr><td>C\u00e2n n\u1eb7ng<\/td><td>108kg<\/td><\/tr><tr><td>K\u00edch th\u01b0\u1edbc<\/td><td>3500*470*1600mm<\/td><\/tr><\/tbody><\/table><\/figure>    <h2 class=\"wp-block-heading\">\u0110\u1eb7c \u0111i\u1ec3m c\u1ee7a m\u00e1y \u0111\u00f3ng n\u1eafp t\u1ef1 \u0111\u1ed9ng<\/h2>    <ol class=\"wp-block-list\" type=\"1\"> <li>C\u1ea5u tr\u00fac nh\u1ecf g\u1ecdn, thi\u1ebft k\u1ebf h\u1ee3p l\u00fd, chi\u1ebfm kh\u00f4ng gian nh\u1ecf, v\u1eadn h\u00e0nh \u0111\u01a1n gi\u1ea3n<\/li>    <li>Ch\u1ea1y \u1ed5n \u0111\u1ecbnh, \u0111\u00f3ng n\u1eafp t\u1ef1 \u0111\u1ed9ng, si\u1ebft ch\u1eb7t, kh\u00f3a n\u1eafp hi\u1ec7u qu\u1ea3<\/li>    <li>N\u00f3 \u0111\u01b0\u1ee3c trang b\u1ecb m\u00e0n h\u00ecnh c\u1ea3m \u1ee9ng c\u00f3 th\u1ec3 \u0111i\u1ec1u ch\u1ec9nh t\u1ed1c \u0111\u1ed9 ch\u1ea1y c\u1ee7a b\u0103ng t\u1ea3i.<\/li>    <li>Nhi\u1ec1u c\u00e1ch s\u1eed d\u1ee5ng l\u00e0 t\u00f9y ch\u1ecdn: s\u1eed d\u1ee5ng \u0111\u1ed9c l\u1eadp ho\u1eb7c k\u1ebft h\u1ee3p v\u1edbi m\u00e1y chi\u1ebft r\u00f3t, m\u00e1y d\u00e1n nh\u00e3n, m\u00e1y in ng\u00e0y, v.v.<\/li>    <li>\u0110\u1ed9ng c\u01a1 ch\u00ednh s\u1eed d\u1ee5ng b\u1ed9 bi\u1ebfn t\u1ea7n xu\u1ea5t kh\u1ea9u v\u1edbi ch\u1ee9c n\u0103ng kh\u00f4ng \u0111i\u1ec1u ch\u1ec9nh t\u1ed1c \u0111\u1ed9.<\/li>    <li>D\u1ecbch v\u1ee5 t\u00f9y bi\u1ebfn c\u00f3 s\u1eb5n.<\/li> <\/ol>    <h2 class=\"wp-block-heading\">\u1ee8ng d\u1ee5ng r\u1ed9ng r\u00e3i c\u1ee7a m\u00e1y \u0111\u00f3ng n\u1eafp v\u00edt t\u1ef1 \u0111\u1ed9ng<\/h2>    <p class=\"translation-block\">M\u00e1y \u0111\u00f3ng n\u1eafp t\u1ef1 \u0111\u1ed9ng th\u01b0\u1eddng \u0111\u01b0\u1ee3c s\u1eed d\u1ee5ng cho nhi\u1ec1u lo\u1ea1i chai c\u00f3 n\u1eafp nh\u1ef1a tr\u00f2n, \u0111\u01b0\u1ee3c \u1ee9ng d\u1ee5ng r\u1ed9ng r\u00e3i cho k\u1eb9o, \u0111\u1ed3 \u0103n nh\u1eb9, n\u01b0\u1edbc, n\u01b0\u1edbc tr\u00e1i c\u00e2y, s\u1eefa, s\u1eefa chua, m\u1eadt ong, d\u1ea7u, ch\u1ea5t t\u1ea9y r\u1eeda l\u1ecfng, dung d\u1ecbch s\u00e1t khu\u1ea9n, d\u1ea7u g\u1ed9i, m\u1ef9 ph\u1ea9m, d\u01b0\u1ee3c ph\u1ea9m, thu\u1ed1c tr\u1eeb s\u00e2u, v.v. N\u00f3 c\u0169ng c\u00f3 th\u1ec3 k\u1ebft h\u1ee3p v\u1edbi m\u00e1y chi\u1ebft r\u00f3t v\u00e0 m\u00e1y d\u00e1n nh\u00e3n \u0111\u1ec3 t\u1ea1o th\u00e0nh d\u00e2y chuy\u1ec1n s\u1ea3n xu\u1ea5t. B\u1ea1n c\u00f3 mu\u1ed1n bi\u1ebft th\u00eam chi ti\u1ebft kh\u00f4ng? <strong><a href=\"https:\/\/tianhuipackingmachine.com\/vi\/contact\/\">Li\u00ean h\u1ec7 v\u1edbi ch\u00fang t\u00f4i<\/a><\/strong> v\u00e0 ch\u00fang t\u00f4i s\u1ebd tr\u1ea3 l\u1eddi b\u1ea1n s\u1edbm nh\u1ea5t c\u00f3 th\u1ec3.<\/p>    <figure class=\"wp-block-image aligncenter size-full\"><img loading=\"lazy\" decoding=\"async\" width=\"750\" height=\"500\" src=\"https:\/\/tianhuipackingmachine.com\/wp-content\/uploads\/2021\/09\/applications-of-automatic-capping-equipment.jpg\" alt=\"\u1ee9ng d\u1ee5ng c\u1ee7a thi\u1ebft b\u1ecb \u0111\u00f3ng n\u1eafp t\u1ef1 \u0111\u1ed9ng\" class=\"wp-image-2862\" srcset=\"https:\/\/tianhuipackingmachine.com\/wp-content\/uploads\/2021\/09\/applications-of-automatic-capping-equipment.jpg 750w, https:\/\/tianhuipackingmachine.com\/wp-content\/uploads\/2021\/09\/applications-of-automatic-capping-equipment-300x200.jpg 300w\" sizes=\"auto, (max-width: 750px) 100vw, 750px\" \/><figcaption class=\"wp-element-caption\">\u1ee8ng d\u1ee5ng c\u1ee7a thi\u1ebft b\u1ecb \u0111\u00f3ng n\u1eafp t\u1ef1 \u0111\u1ed9ng<\/figcaption><\/figure>    <h2 class=\"wp-block-heading\">C\u1ea5u t\u1ea1o m\u00e1y \u0111\u00f3ng n\u1eafp t\u1ef1 \u0111\u1ed9ng<\/h2>    <p>Thi\u1ebft b\u1ecb \u0111\u00f3ng n\u1eafp bao g\u1ed3m m\u00e0n h\u00ecnh c\u1ea3m \u1ee9ng, b\u0103ng t\u1ea3i c\u00f3 v\u00e1ch ng\u0103n, \u0111\u1ed9ng c\u01a1 th\u00f4ng th\u01b0\u1eddng, \u0111\u1ed9ng c\u01a1 b\u01b0\u1edbc, b\u1ed1n b\u00e1nh ma s\u00e1t, chi\u1ec1u r\u1ed9ng n\u1eafp ch\u1ecbu \u00e1p, b\u00e1nh \u0111i\u1ec1u ch\u1ec9nh \u0111\u1ed9 cao c\u1ee7a b\u00e1nh ma s\u00e1t, b\u0103ng t\u1ea3i b\u00ean, b\u00e1nh \u0111i\u1ec1u ch\u1ec9nh \u0111\u1ed9 cao \u0111\u1ec3 \u0111\u01b0a chai b\u0103ng t\u1ea3i, r\u1ed9ng b\u00e1nh xe \u0111i\u1ec1u ch\u1ec9nh \u0111\u1ec3 \u0111\u01b0a chai b\u0103ng t\u1ea3i, v.v. Th\u00e2n n\u00f3 \u0111\u01b0\u1ee3c l\u00e0m b\u1eb1ng th\u00e9p kh\u00f4ng g\u1ec9.<\/p>    <h2 class=\"wp-block-heading\">M\u1ed9t s\u1ed1 chi ti\u1ebft c\u1ee7a thi\u1ebft b\u1ecb \u0111\u00f3ng n\u1eafp <\/h2>    <ul class=\"wp-block-list\"> <li><strong>B\u00e1nh xe ma s\u00e1t<\/strong><\/li> <\/ul>    <p>N\u1eafp \u0111\u01b0\u1ee3c v\u1eb7n ch\u1eb7t b\u1eb1ng b\u00e1nh xe ma s\u00e1t d\u01b0\u1edbi s\u1ef1 \u0111i\u1ec1u khi\u1ec3n c\u1ee7a m\u00f4 t\u01a1. B\u00e1nh xe ma s\u00e1t b\u1ed1n h\u00e0m k\u1eb9p v\u00e0 xoay n\u1eafp v\u1eb7n b\u1eb1ng nh\u1ef1a khi m\u00e1y d\u00f2 ki\u1ec3m tra n\u1eafp chai.<\/p>    <ul class=\"wp-block-list\"> <li><strong>M\u1eaft quang \u0111i\u1ec7n<\/strong><\/li> <\/ul>    <p>M\u1eaft quang \u0111i\u1ec7n \u0111\u01b0\u1ee3c s\u1eed d\u1ee5ng \u0111\u1ec3 ph\u00e1t hi\u1ec7n chai. Khi ph\u00e1t hi\u1ec7n ra chai, b\u00e1nh xe ma s\u00e1t s\u1ebd b\u1eaft \u0111\u1ea7u ho\u1ea1t \u0111\u1ed9ng.<\/p>    <ul class=\"wp-block-list\"> <li><strong>Ti\u1ec7n \u00edch n\u1eafp nh\u1ea5n<\/strong><\/li> <\/ul>    <p>M\u1ed9t v\u1eadt d\u1ee5ng nh\u1ecf \u1edf b\u00e1nh xe ma s\u00e1t b\u1ed1n h\u00e0m c\u00f3 th\u1ec3 \u1ea5n v\u00e0o n\u1eafp chai gi\u00fap chai kh\u00f4ng b\u1ecb tr\u01b0\u1ee3t trong qu\u00e1 tr\u00ecnh v\u1eb7n v\u00edt. V\u00ec v\u1eady thi\u1ebft b\u1ecb ph\u00f9 h\u1ee3p v\u1edbi nh\u1eefng chai c\u1ee9ng h\u01a1n.<\/p>    <ul class=\"wp-block-list\"> <li><strong>B\u0103ng t\u1ea3i v\u00e0 \u0111\u1ed9ng c\u01a1<\/strong><\/li> <\/ul>    <p>B\u0103ng t\u1ea3i di chuy\u1ec3n th\u00f4ng qua vi\u1ec7c d\u1eabn \u0111\u1ed9ng \u0111\u1ed9ng c\u01a1 v\u00e0 c\u00f3 s\u1eb5n d\u1ecbch v\u1ee5 t\u00f9y ch\u1ec9nh cho b\u0103ng t\u1ea3i t\u00f9y theo k\u00edch th\u01b0\u1edbc c\u1ee7a chai ho\u1eb7c lon.<\/p>    <ul class=\"wp-block-list\"> <li>B\u00e1nh xe ma s\u00e1t \u0111i\u1ec1u ch\u1ec9nh chi\u1ec1u cao<\/li> <\/ul>    <p>B\u00e1nh xe \u0111i\u1ec1u ch\u1ec9nh \u0111\u1ed9 cao b\u00e1nh xe ma s\u00e1t c\u00f3 th\u1ec3 \u0111i\u1ec1u ch\u1ec9nh \u0111\u1ed9 cao c\u1ee7a b\u00e1nh xe ma s\u00e1t b\u1ed1n h\u00e0m d\u1ef1a tr\u00ean chi\u1ec1u cao c\u1ee7a mi\u1ec7ng chai.<\/p>    <ul class=\"wp-block-list\"> <li><strong>B\u0103ng t\u1ea3i b\u00ean v\u00e0 thi\u1ebft b\u1ecb \u0111i\u1ec1u ch\u1ec9nh<\/strong><\/li> <\/ul>    <p>B\u0103ng t\u1ea3i b\u00ean \u0111\u01b0\u1ee3c \u0111i\u1ec1u khi\u1ec3n b\u1edfi m\u1ed9t \u0111\u1ed9ng c\u01a1 b\u01b0\u1edbc, c\u00f3 th\u1ec3 n\u1ea1p chai ch\u00ednh x\u00e1c d\u01b0\u1edbi b\u00e1nh v\u00edt b\u1ed1n h\u00e0m. B\u00e1nh xe \u0111i\u1ec1u ch\u1ec9nh \u0111\u1ed9 r\u1ed9ng c\u1ee7a b\u0103ng t\u1ea3i chai c\u00f3 th\u1ec3 \u0111i\u1ec1u ch\u1ec9nh \u0111\u1ed9 r\u1ed9ng c\u1ee7a v\u00e1ch ng\u0103n b\u00ean \u0111\u1ec3 thu\u1eadn ti\u1ec7n cho vi\u1ec7c k\u1eb9p chai c\u1ea7n v\u1eb7n. B\u00e1nh xe \u0111i\u1ec1u ch\u1ec9nh \u0111\u1ed9 cao cho b\u0103ng t\u1ea3i c\u00f3 th\u1ec3 \u0111i\u1ec1u ch\u1ec9nh \u0111\u1ed9 cao c\u1ee7a b\u0103ng t\u1ea3i b\u00ean.<\/p>    <ul class=\"wp-block-list\"> <li><strong>M\u00e0n h\u00ecnh c\u1ea3m \u1ee9ng<\/strong><\/li> <\/ul>    <p>M\u00e0n h\u00ecnh c\u1ea3m \u1ee9ng c\u00f3 th\u1ec3 thi\u1ebft l\u1eadp t\u1ed1c \u0111\u1ed9 ch\u1ea1y c\u1ee7a b\u0103ng t\u1ea3i, th\u1eddi gian \u0111\u00f3ng n\u1eafp v\u00e0 kho\u1ea3ng c\u00e1ch ch\u1ea1y c\u1ee7a b\u0103ng t\u1ea3i b\u00ean.<\/p>","protected":false},"excerpt":{"rendered":"<p>Automatic capping machine is suitable for various plastic round caps with screw threads. It widely applies to many foods, beverages, daily necessities, cosmetics, medicines, oil, etc. The equipment adopts stainless steel, which is durable and convenient for maintenance. The automatic capping machine with four frictional wheels rotates and tightens round caps through ordinary motor. The [&hellip;]<\/p>\n","protected":false},"author":1,"featured_media":2256,"parent":0,"template":"","tags":[168],"product-type":[144],"class_list":["post-2241","product","type-product","status-publish","has-post-thumbnail","hentry","tag-capping-machine","product-type-supporting-equipment"],"_links":{"self":[{"href":"https:\/\/tianhuipackingmachine.com\/vi\/wp-json\/wp\/v2\/product\/2241","targetHints":{"allow":["GET"]}}],"collection":[{"href":"https:\/\/tianhuipackingmachine.com\/vi\/wp-json\/wp\/v2\/product"}],"about":[{"href":"https:\/\/tianhuipackingmachine.com\/vi\/wp-json\/wp\/v2\/types\/product"}],"author":[{"embeddable":true,"href":"https:\/\/tianhuipackingmachine.com\/vi\/wp-json\/wp\/v2\/users\/1"}],"wp:featuredmedia":[{"embeddable":true,"href":"https:\/\/tianhuipackingmachine.com\/vi\/wp-json\/wp\/v2\/media\/2256"}],"wp:attachment":[{"href":"https:\/\/tianhuipackingmachine.com\/vi\/wp-json\/wp\/v2\/media?parent=2241"}],"wp:term":[{"taxonomy":"post_tag","embeddable":true,"href":"https:\/\/tianhuipackingmachine.com\/vi\/wp-json\/wp\/v2\/tags?post=2241"},{"taxonomy":"product-type","embeddable":true,"href":"https:\/\/tianhuipackingmachine.com\/vi\/wp-json\/wp\/v2\/product-type?post=2241"}],"curies":[{"name":"wp","href":"https:\/\/api.w.org\/{rel}","templated":true}]}}