{"id":2114,"date":"2021-08-10T10:41:22","date_gmt":"2021-08-10T02:41:22","guid":{"rendered":"https:\/\/tianhuipackingmachine.com\/?page_id=2114"},"modified":"2024-03-11T17:35:48","modified_gmt":"2024-03-11T09:35:48","slug":"semi-automatic-round-bottle-labeling-machine","status":"publish","type":"product","link":"https:\/\/tianhuipackingmachine.com\/vi\/semi-automatic-round-bottle-labeling-machine\/","title":{"rendered":"M\u00e1y d\u00e1n nh\u00e3n chai tr\u00f2n b\u00e1n t\u1ef1 \u0111\u1ed9ng"},"content":{"rendered":"<p class=\"translation-block\"><strong>M\u00e1y d\u00e1n nh\u00e3n chai tr\u00f2n b\u00e1n t\u1ef1 \u0111\u1ed9ng<\/strong>, c\u00f2n \u0111\u01b0\u1ee3c g\u1ecdi l\u00e0 m\u00e1y d\u00e1n nh\u00e3n chai tr\u00f2n th\u1ee7 c\u00f4ng, l\u00e0 m\u1ed9t lo\u1ea1i m\u00e1y d\u00e1n nh\u00e3n b\u00e1n t\u1ef1 \u0111\u1ed9ng. N\u00f3 chi\u1ebfm kh\u00f4ng gian nh\u1ecf, ph\u00f9 h\u1ee3p v\u1edbi nhi\u1ec1u lo\u1ea1i chai v\u00e0 lon tr\u00f2n kh\u00e1c nhau. M\u00e1y d\u00e1n nh\u00e3n b\u00e1n t\u1ef1 \u0111\u1ed9ng n\u00e0y c\u00f3 th\u1ec3 \u00e1p d\u1ee5ng cho th\u1ef1c ph\u1ea9m, \u0111\u1ed3 u\u1ed1ng, s\u1eefa, n\u01b0\u1edbc tr\u00e1i c\u00e2y, n\u01b0\u1edbc s\u1ed1t, thu\u1ed1c, s\u1ea3n ph\u1ea9m ti\u00eau d\u00f9ng h\u00e0ng ng\u00e0y, m\u1ef9 ph\u1ea9m, thu\u1ed1c, v.v. Trong qu\u00e1 tr\u00ecnh s\u1eed d\u1ee5ng, n\u00f3 c\u00f3 th\u1ec3 \u0111\u00e1p \u1ee9ng c\u00e1c k\u00edch th\u01b0\u1edbc chai tr\u00f2n kh\u00e1c nhau v\u00e0 b\u1ea1n kh\u00f4ng c\u1ea7n ph\u1ea3i thay \u0111\u1ed5i b\u1ea5t k\u1ef3 b\u1ed9 ph\u1eadn n\u00e0o. Ngo\u00e0i ra, ch\u00fang t\u00f4i c\u0169ng cung c\u1ea5p m\u00e1y d\u00e1n nh\u00e3n chai tr\u00f2n t\u1ef1 \u0111\u1ed9ng, m\u00e1y d\u00e1n nh\u00e3n chai vu\u00f4ng, v.v. H\u01a1n n\u1eefa, d\u1ecbch v\u1ee5 t\u00f9y ch\u1ec9nh c\u00f3 s\u1eb5n theo y\u00eau c\u1ea7u c\u1ee7a b\u1ea1n.<\/p>    <div class=\"wp-block-columns is-layout-flex wp-container-core-columns-is-layout-28f84493 wp-block-columns-is-layout-flex\"> <div class=\"wp-block-column is-layout-flow wp-block-column-is-layout-flow\"> <figure class=\"wp-block-image aligncenter size-full\"><img loading=\"lazy\" decoding=\"async\" width=\"750\" height=\"500\" src=\"https:\/\/tianhuipackingmachine.com\/wp-content\/uploads\/2021\/08\/semi-automatic-round-bottle-labeler-1.jpg\" alt=\"m\u00e1y d\u00e1n nh\u00e3n chai tr\u00f2n b\u00e1n t\u1ef1 \u0111\u1ed9ng\" class=\"wp-image-2118\" srcset=\"https:\/\/tianhuipackingmachine.com\/wp-content\/uploads\/2021\/08\/semi-automatic-round-bottle-labeler-1.jpg 750w, https:\/\/tianhuipackingmachine.com\/wp-content\/uploads\/2021\/08\/semi-automatic-round-bottle-labeler-1-300x200.jpg 300w\" sizes=\"auto, (max-width: 750px) 100vw, 750px\" \/><figcaption>M\u00e1y d\u00e1n nh\u00e3n chai tr\u00f2n b\u00e1n t\u1ef1 \u0111\u1ed9ng<\/figcaption><\/figure> <\/div> <\/div>    <h2 class=\"has-text-color wp-block-heading\" id=\"h-semi-automatic-round-bottle-labeling-machine-parameters\" style=\"color:#ff5200\">Th\u00f4ng s\u1ed1 m\u00e1y d\u00e1n nh\u00e3n chai tr\u00f2n b\u00e1n t\u1ef1 \u0111\u1ed9ng<\/h2>    <figure class=\"wp-block-table is-style-stripes\"><table><tbody><tr><td>Ng\u01b0\u1eddi m\u1eabu<\/td><td>TZ-100<\/td><\/tr><tr><td>Quy\u1ec1n l\u1ef1c<\/td><td>100W<\/td><\/tr><tr><td>\u0110\u01b0\u1eddng k\u00ednh chai<\/td><td>15-120mm<\/td><\/tr><tr><td>T\u1ed1c \u0111\u1ed9 nh\u00e3n<\/td><td>20-40 chai\/ph\u00fat<\/td><\/tr><tr><td>K\u00edch th\u01b0\u1edbc nh\u00e3n<\/td><td>W26L25-W150L300<\/td><\/tr><tr><td>\u0110\u01b0\u1eddng k\u00ednh trong c\u1ee7a cu\u1ed9n nh\u00e3n<\/td><td>75mm<\/td><\/tr><tr><td>\u0110\u01b0\u1eddng k\u00ednh ngo\u00e0i cu\u1ed9n nh\u00e3n<\/td><td>275mm<\/td><\/tr><tr><td>K\u00edch th\u01b0\u1edbc m\u00e1y<\/td><td>650*345*450mm<\/td><\/tr><\/tbody><\/table><\/figure>    <h2 class=\"wp-block-heading\" id=\"h-features-of-semi-automatic-round-bottle-labeling-machine\">T\u00ednh n\u0103ng c\u1ee7a m\u00e1y d\u00e1n nh\u00e3n chai tr\u00f2n b\u00e1n t\u1ef1 \u0111\u1ed9ng<\/h2>    <ol class=\"wp-block-list\" type=\"1\"><li>C\u1ea5u tr\u00fac \u0111\u01a1n gi\u1ea3n, thi\u1ebft k\u1ebf h\u1ee3p l\u00fd, d\u1ec5 l\u1eafp \u0111\u1eb7t, v\u1eadn h\u00e0nh v\u00e0 b\u1ea3o tr\u00ec;<\/li><li>L\u00e0m vi\u1ec7c \u1ed5n \u0111\u1ecbnh, \u00edt ti\u1ebfng \u1ed3n, gi\u00e1 c\u1ea3 ph\u1ea3i ch\u0103ng, \u1ee9ng d\u1ee5ng r\u1ed9ng r\u00e3i;<\/li><li>N\u00f3 \u0111\u01b0\u1ee3c trang b\u1ecb c\u1ea3m bi\u1ebfn quang \u0111i\u1ec7n ti\u00ean ti\u1ebfn, r\u1ea5t th\u00f4ng minh \u0111\u1ec3 ghi nh\u00e3n.<\/li><li>Th\u00e2n m\u00e1y d\u00e1n nh\u00e3n \u0111\u01b0\u1ee3c l\u00e0m b\u1eb1ng h\u1ee3p kim nh\u00f4m c\u00f3 \u0111\u1eb7c t\u00ednh nh\u1eb9 v\u00e0 \u0111\u00fac t\u1ed1t.<\/li><li>\u0110\u00e1p \u1ee9ng h\u1ea7u h\u1ebft c\u00e1c th\u00f4ng s\u1ed1 k\u1ef9 thu\u1eadt c\u1ee7a nhu c\u1ea7u chai tr\u00f2n.<\/li><li>M\u00e1y d\u00e1n nh\u00e3n chai b\u00e1n t\u1ef1 \u0111\u1ed9ng s\u1eed d\u1ee5ng con l\u0103n cao su ch\u1ea5t l\u01b0\u1ee3ng cao v\u1edbi kh\u1ea3 n\u0103ng truy\u1ec1n l\u1ef1c l\u1edbn.<\/li><li>Gi\u00e1 m\u00e1y d\u00e1n nh\u00e3n b\u00e1n t\u1ef1 \u0111\u1ed9ng th\u1ea5p h\u01a1n m\u00e1y d\u00e1n nh\u00e3n t\u1ef1 \u0111\u1ed9ng.<\/li><li>B\u1ed9 ngu\u1ed3n \u0111\u01b0\u1ee3c trang b\u1ecb ch\u1ee9c n\u0103ng b\u1ea3o v\u1ec7 qu\u00e1 d\u00f2ng. N\u1ebfu v\u01b0\u1ee3t qu\u00e1 ph\u1ea1m vi s\u1eed d\u1ee5ng b\u00ecnh th\u01b0\u1eddng, c\u1ea7u ch\u00ec s\u1ebd t\u1ef1 \u0111\u1ed9ng n\u1ed5 \u0111\u1ec3 b\u1ea3o v\u1ec7 m\u00e1y.<\/li><\/ol>    <h2 class=\"wp-block-heading\" id=\"h-various-applications-of-semi-automatic-labeling-machine-for-round-bottle\">\u1ee8ng d\u1ee5ng \u0111a d\u1ea1ng c\u1ee7a m\u00e1y d\u00e1n nh\u00e3n b\u00e1n t\u1ef1 \u0111\u1ed9ng cho chai tr\u00f2n<\/h2>    <p>M\u00e1y d\u00e1n nh\u00e3n b\u00e1n t\u1ef1 \u0111\u1ed9ng ph\u00f9 h\u1ee3p v\u1edbi nhi\u1ec1u lo\u1ea1i chai ho\u1eb7c lon tr\u00f2n kh\u00e1c nhau, b\u1ea5t k\u1ec3 ch\u1ea5t li\u1ec7u chai l\u00e0 nh\u1ef1a, th\u1ee7y tinh hay kim lo\u1ea1i, v.v.. N\u00f3 c\u00f3 th\u1ec3 \u00e1p d\u1ee5ng cho chai ho\u1eb7c lon n\u01b0\u1edbc gi\u1ea3i kh\u00e1t, n\u01b0\u1edbc tr\u00e1i c\u00e2y, n\u01b0\u1edbc, s\u1eefa, d\u1ea7u, n\u01b0\u1edbc s\u1ed1t, gia v\u1ecb, b\u1ed9t \u1edbt, \u0111\u1ed3 \u0103n nh\u1eb9, k\u1eb9o, b\u00e1nh quy, khoai t\u00e2y chi\u00ean, b\u1ecfng ng\u00f4, tr\u00e1i c\u00e2y kh\u00f4, s\u1ea3n ph\u1ea9m s\u1eed d\u1ee5ng h\u00e0ng ng\u00e0y, m\u1ef9 ph\u1ea9m, thu\u1ed1c,\u2026 Nh\u00e3n c\u00f3 th\u1ec3 bao ph\u1ee7 chai theo h\u00ecnh tr\u00f2n ho\u1eb7c kh\u00f4ng. \u0110\u1ed9 d\u00e0i c\u1ee7a nh\u00e3n ph\u1ee5 thu\u1ed9c v\u00e0o nhu c\u1ea7u c\u1ee7a b\u1ea1n. B\u1ea1n c\u0169ng c\u00f3 th\u1ec3 l\u00e0m nh\u00e3n d\u00ednh v\u00e0o m\u1ed9t ph\u1ea7n c\u1ee7a chai. <\/p>    <figure class=\"wp-block-image aligncenter size-full\"><img loading=\"lazy\" decoding=\"async\" width=\"750\" height=\"500\" src=\"https:\/\/tianhuipackingmachine.com\/wp-content\/uploads\/2021\/08\/applications-of-semi-automatic-round-bottle-labeler.jpg\" alt=\"\u1ee9ng d\u1ee5ng c\u1ee7a m\u00e1y d\u00e1n nh\u00e3n chai tr\u00f2n b\u00e1n t\u1ef1 \u0111\u1ed9ng\" class=\"wp-image-2120\" srcset=\"https:\/\/tianhuipackingmachine.com\/wp-content\/uploads\/2021\/08\/applications-of-semi-automatic-round-bottle-labeler.jpg 750w, https:\/\/tianhuipackingmachine.com\/wp-content\/uploads\/2021\/08\/applications-of-semi-automatic-round-bottle-labeler-300x200.jpg 300w\" sizes=\"auto, (max-width: 750px) 100vw, 750px\" \/><figcaption>\u1ee8ng d\u1ee5ng c\u1ee7a m\u00e1y d\u00e1n nh\u00e3n chai tr\u00f2n b\u00e1n t\u1ef1 \u0111\u1ed9ng<\/figcaption><\/figure>    <h2 class=\"wp-block-heading\" id=\"h-structures-manual-round-bottle-labeling-machine\">C\u1ea5u t\u1ea1o m\u00e1y d\u00e1n nh\u00e3n chai tr\u00f2n th\u1ee7 c\u00f4ng<\/h2>    <p class=\"translation-block\">M\u00e1y d\u00e1n nh\u00e3n chai tr\u00f2n b\u00e1n t\u1ef1 \u0111\u1ed9ng ch\u1ee7 y\u1ebfu bao g\u1ed3m m\u1ed9t \u0111\u1ed9ng c\u01a1, th\u00e2n h\u1ee3p kim nh\u00f4m \u0111i\u1ec7n ph\u00e2n, khay cung c\u1ea5p gi\u1ea5y, v\u00edt \u0111i\u1ec1u ch\u1ec9nh khay, c\u1ea3m bi\u1ebfn ch\u1ea5t l\u01b0\u1ee3ng cao, s\u1ee3i quang, c\u00e1nh tay \u0111u \u0111\u01b0a chai, con l\u0103n h\u1ed7 tr\u1ee3 chai, v.v. H\u1ee3p kim nh\u00f4m \u0111i\u1ec7n ph\u00e2n nh\u1eb9 v\u00e0 c\u00f3 t\u00ednh \u0111\u00fac t\u1ed1t. Khay cung c\u1ea5p gi\u1ea5y v\u1edbi v\u00edt \u0111i\u1ec1u ch\u1ec9nh \u0111\u01b0\u1ee3c s\u1eed d\u1ee5ng \u0111\u1ec3 c\u1ed1 \u0111\u1ecbnh nh\u00e3n nh\u1eb1m d\u1ec5 d\u00e0ng v\u1eadn h\u00e0nh. C\u1ea3m bi\u1ebfn ch\u1ea5t l\u01b0\u1ee3ng cao nh\u1ea1y c\u1ea3m \u0111\u1ec3 ph\u00e1t hi\u1ec7n nh\u00e3n. S\u1ee3i quang \u0111\u1ecbnh v\u1ecb ch\u00ednh x\u00e1c. C\u00e1nh tay \u0111u \u0111\u01b0a chai thu\u1eadn ti\u1ec7n \u0111\u1ec3 \u0111\u1eb7t chai ho\u1eb7c lon l\u00ean con l\u0103n h\u1ed7 tr\u1ee3 nh\u1eb1m d\u00e1n nh\u00e3n g\u1ecdn g\u00e0ng v\u00e0 m\u01b0\u1ee3t m\u00e0 khi d\u00e1n nh\u00e3n. N\u1ebfu b\u1ea1n mu\u1ed1n bi\u1ebft th\u00eam chi ti\u1ebft, b\u1ea1n c\u00f3 th\u1ec3 <strong><a href=\"https:\/\/tianhuipackingmachine.com\/vi\/contact\/\">li\u00ean h\u1ec7 v\u1edbi ch\u00fang t\u00f4i<\/a><\/strong> v\u00e0 ch\u00fang t\u00f4i s\u1ebd tr\u1ea3 l\u1eddi b\u1ea1n s\u1edbm nh\u1ea5t c\u00f3 th\u1ec3.<\/p>    <figure class=\"wp-block-image aligncenter size-full\"><img loading=\"lazy\" decoding=\"async\" width=\"750\" height=\"500\" src=\"https:\/\/tianhuipackingmachine.com\/wp-content\/uploads\/2021\/08\/the-structure-of-manual-round-bottle-labeler.jpg\" alt=\"c\u1ea5u t\u1ea1o c\u1ee7a m\u00e1y d\u00e1n nh\u00e3n chai tr\u00f2n th\u1ee7 c\u00f4ng\" class=\"wp-image-2119\" srcset=\"https:\/\/tianhuipackingmachine.com\/wp-content\/uploads\/2021\/08\/the-structure-of-manual-round-bottle-labeler.jpg 750w, https:\/\/tianhuipackingmachine.com\/wp-content\/uploads\/2021\/08\/the-structure-of-manual-round-bottle-labeler-300x200.jpg 300w\" sizes=\"auto, (max-width: 750px) 100vw, 750px\" \/><figcaption>C\u1ea5u t\u1ea1o c\u1ee7a m\u00e1y d\u00e1n nh\u00e3n chai tr\u00f2n th\u1ee7 c\u00f4ng<\/figcaption><\/figure>    <h2 class=\"wp-block-heading\" id=\"h-operation-procedures\">Quy tr\u00ecnh v\u1eadn h\u00e0nh<\/h2>    <ol class=\"wp-block-list\" type=\"1\"><li>\u0110\u1ea3m b\u1ea3o t\u1ea5t c\u1ea3 c\u00e1c b\u1ed9 ph\u1eadn c\u1ee7a m\u00e1y \u0111\u1ec1u \u0111\u01b0\u1ee3c l\u1eafp \u0111\u1eb7t t\u1ed1t.<\/li><li>\u0110\u1eb7t chai l\u00ean c\u00e1c con l\u0103n h\u1ed7 tr\u1ee3 b\u1eb1ng tay.<\/li><li>Nh\u1ea5n tay xoay chai b\u1eb1ng tay \u0111\u1ec3 c\u1ed1 \u0111\u1ecbnh chai s\u1ebd k\u00edch ho\u1ea1t c\u00f4ng t\u1eafc ghi nh\u00e3n.<\/li><li>Khay c\u1ea5p gi\u1ea5y v\u00e0 chai xoay \u0111\u1ec3 ho\u00e0n th\u00e0nh vi\u1ec7c d\u00e1n nh\u00e3n tr\u00ean chai.<\/li><li>Nh\u1ea5c tay xoay chai l\u00ean v\u00e0 qu\u00e1 tr\u00ecnh ghi nh\u00e3n \u0111\u00e3 ho\u00e0n t\u1ea5t.<\/li><\/ol>    <h2 class=\"wp-block-heading\" id=\"h-faqs-about-semi-automatic-round-bottle-labeling-machine\">C\u00e2u h\u1ecfi th\u01b0\u1eddng g\u1eb7p v\u1ec1 m\u00e1y d\u00e1n nh\u00e3n chai tr\u00f2n b\u00e1n t\u1ef1 \u0111\u1ed9ng<\/h2>    <ul class=\"wp-block-list\"><li>C\u00e2u 1: M\u00e1y d\u00e1n nh\u00e3n c\u00f3 th\u1ec3 \u00e1p d\u1ee5ng cho nh\u1eefng lo\u1ea1i chai n\u00e0o?<\/li><li>A1: Chai tr\u00f2n nh\u1ef1a, chai tr\u00f2n th\u1ee7y tinh, chai tr\u00f2n kim lo\u1ea1i, v.v.<\/li><li>C\u00e2u 2: C\u00f3 th\u1ec3 d\u00e1n nh\u00e3n bao nhi\u00eau chai trong m\u1ed9t ph\u00fat?<\/li><li>A2: N\u00f3 ph\u1ee5 thu\u1ed9c v\u00e0o t\u1ed1c \u0111\u1ed9 th\u1ee7 c\u00f4ng c\u1ee7a b\u1ea1n v\u00e0 \u0111\u1ed9 d\u00e0i c\u1ee7a nh\u00e3n.<\/li><li>C\u00e2u 3: K\u00edch c\u1ee1 chai n\u00e0o c\u00f3 th\u1ec3 \u0111\u01b0\u1ee3c s\u1eed d\u1ee5ng?<\/li><li>Tr\u1ea3 l\u1eddi 3: M\u00e1y d\u00e1n nh\u00e3n c\u00f3 th\u1ec3 s\u1eed d\u1ee5ng cho c\u00e1c chai c\u00f3 \u0111\u01b0\u1eddng k\u00ednh tr\u00ean 3,5cm. N\u1ebfu chai c\u1ee7a b\u1ea1n c\u00f3 \u0111\u01b0\u1eddng k\u00ednh nh\u1ecf h\u01a1n 3,5cm th\u00ec m\u00e1y d\u00e1n nh\u00e3n ngang l\u00e0 m\u1ed9t l\u1ef1a ch\u1ecdn t\u1ed1t.<\/li><\/ul>    <h2 class=\"wp-block-heading\" id=\"h-related-machines\">M\u00e1y m\u00f3c li\u00ean quan<\/h2>    <p class=\"translation-block\">L\u00e0 m\u1ed9t nh\u00e0 s\u1ea3n xu\u1ea5t v\u00e0 cung c\u1ea5p m\u00e1y \u0111\u00f3ng g\u00f3i, <strong><a href=\"https:\/\/tianhuipackingmachine.com\/vi\/\">C\u00f4ng ty TNHH M\u00e1y \u0110\u00f3ng G\u00f3i Henan Top<\/a><\/strong>, cung c\u1ea5p nhi\u1ec1u lo\u1ea1i m\u00e1y li\u00ean quan \u0111\u1ebfn \u0111\u00f3ng g\u00f3i cho d\u00e2y chuy\u1ec1n s\u1ea3n xu\u1ea5t. V\u00ed d\u1ee5, c\u00f3 m\u00e1y \u0111\u00f3ng g\u00f3i, <strong><a href=\"https:\/\/tianhuipackingmachine.com\/vi\/automatic-round-bottle-labeling-machine-sale\/\">m\u00e1y d\u00e1n nh\u00e3n<\/a><\/strong>, m\u00e1y chi\u1ebft r\u00f3t, <strong><a href=\"https:\/\/tianhuipackingmachine.com\/vi\/vacuum-capping-machines\/\">m\u00e1y \u0111\u00f3ng n\u1eafp v\u00edt<\/a><\/strong>, m\u00e1y in ng\u00e0y, <strong><a href=\"https:\/\/tianhuipackingmachine.com\/vi\/continuous-bag-sealing-machine\/\">m\u00e1y ni\u00eam phong<\/a><\/strong>, thi\u1ebft b\u1ecb b\u0103ng t\u1ea3i, b\u0103ng t\u1ea3i, thi\u1ebft b\u1ecb b\u01a1m nit\u01a1, v.v. B\u1ea1n c\u00f3 th\u1ec3 ch\u1ecdn v\u00e0 mua theo nhu c\u1ea7u c\u1ee7a m\u00ecnh. N\u1ebfu b\u1ea1n mu\u1ed1n bi\u1ebft th\u00eam th\u00f4ng tin, h\u00e3y li\u00ean h\u1ec7 v\u1edbi ch\u00fang t\u00f4i v\u00e0 ch\u00fang t\u00f4i s\u1ebd tr\u1ea3 l\u1eddi b\u1ea1n s\u1edbm nh\u1ea5t c\u00f3 th\u1ec3. Ch\u00fang t\u00f4i mong nh\u1eadn \u0111\u01b0\u1ee3c email, tin nh\u1eafn ho\u1eb7c cu\u1ed9c g\u1ecdi c\u1ee7a b\u1ea1n.<\/p>","protected":false},"excerpt":{"rendered":"<p>Semi automatic round bottle labeling machine, also called manual round bottle labeling machine, is a kind of semi-automatic labeling machine. It\u2019s occupied with small space, suitable various round bottles and cans. This semi-automatic labeler\u00a0can apply to food, beverage, milk, juice, sauces, medicine, daily use products, cosmetics, medicine, etc. During the process of using, it can [&hellip;]<\/p>\n","protected":false},"author":1,"featured_media":2118,"parent":0,"template":"","tags":[172],"product-type":[144],"class_list":["post-2114","product","type-product","status-publish","has-post-thumbnail","hentry","tag-labeling-machine","product-type-supporting-equipment"],"_links":{"self":[{"href":"https:\/\/tianhuipackingmachine.com\/vi\/wp-json\/wp\/v2\/product\/2114","targetHints":{"allow":["GET"]}}],"collection":[{"href":"https:\/\/tianhuipackingmachine.com\/vi\/wp-json\/wp\/v2\/product"}],"about":[{"href":"https:\/\/tianhuipackingmachine.com\/vi\/wp-json\/wp\/v2\/types\/product"}],"author":[{"embeddable":true,"href":"https:\/\/tianhuipackingmachine.com\/vi\/wp-json\/wp\/v2\/users\/1"}],"wp:featuredmedia":[{"embeddable":true,"href":"https:\/\/tianhuipackingmachine.com\/vi\/wp-json\/wp\/v2\/media\/2118"}],"wp:attachment":[{"href":"https:\/\/tianhuipackingmachine.com\/vi\/wp-json\/wp\/v2\/media?parent=2114"}],"wp:term":[{"taxonomy":"post_tag","embeddable":true,"href":"https:\/\/tianhuipackingmachine.com\/vi\/wp-json\/wp\/v2\/tags?post=2114"},{"taxonomy":"product-type","embeddable":true,"href":"https:\/\/tianhuipackingmachine.com\/vi\/wp-json\/wp\/v2\/product-type?post=2114"}],"curies":[{"name":"wp","href":"https:\/\/api.w.org\/{rel}","templated":true}]}}