{"id":2062,"date":"2021-08-04T14:09:42","date_gmt":"2021-08-04T06:09:42","guid":{"rendered":"https:\/\/tianhuipackingmachine.com\/?page_id=2062"},"modified":"2024-03-08T14:01:26","modified_gmt":"2024-03-08T06:01:26","slug":"continuous-bag-sealing-machine","status":"publish","type":"product","link":"https:\/\/tianhuipackingmachine.com\/vi\/continuous-bag-sealing-machine\/","title":{"rendered":"M\u00e1y h\u00e0n mi\u1ec7ng t\u00fai li\u00ean t\u1ee5c"},"content":{"rendered":"<p class=\"translation-block\"><strong>M\u00e1y ni\u00eam phong t\u00fai li\u00ean t\u1ee5c<\/strong> l\u00e0 m\u1ed9t m\u00e1y ni\u00eam phong nhi\u1ec7t nh\u1ecf cho c\u00e1c t\u00fai. N\u00f3 r\u1ea5t ti\u1ec7n l\u1ee3i khi \u0111\u1eb7t tr\u00ean b\u00e0n khi s\u1eed d\u1ee5ng. C\u00f3 hai lo\u1ea1i m\u00e1y. M\u1ed9t lo\u1ea1i c\u00f3 th\u1ec3 l\u00e0m t\u00fai \u0111\u00f3ng g\u00f3i n\u1eb1m ngang tr\u00ean b\u0103ng t\u1ea3i, trong khi lo\u1ea1i c\u00f2n l\u1ea1i c\u00f3 th\u1ec3 l\u00e0m t\u00fai \u0111\u00f3ng g\u00f3i theo chi\u1ec1u d\u1ecdc tr\u00ean b\u0103ng t\u1ea3i. M\u00e1y ni\u00eam phong t\u00fai ph\u00f9 h\u1ee3p cho vi\u1ec7c ni\u00eam phong t\u00fai ch\u1ee9a b\u1ed9t, h\u1ea1t, l\u1ecfng, pasta, mi\u1ebfng, v.v. Ngo\u00e0i ra, m\u1eabu ni\u00eam phong bao g\u1ed3m l\u01b0\u1edbi, l\u01b0\u1edbi c\u00f3 ng\u00e0y, \u0111\u1ed9 m\u1ecbn, d\u1ea3i. C\u00f3 hai lo\u1ea1i m\u00e1y in ng\u00e0y t\u00f9y ch\u1ecdn, \u0111\u00f3 l\u00e0 m\u00e3 b\u00e1nh xe m\u1ef1c v\u00e0 m\u00e3 cartridge. Ngo\u00e0i ra, \u0111\u1ed1i v\u1edbi c\u00e1c m\u00e1y ni\u00eam phong t\u00fai li\u00ean t\u1ee5c, ch\u00fang t\u00f4i h\u1ed7 tr\u1ee3 d\u1ecbch v\u1ee5 t\u00f9y ch\u1ec9nh cho chi\u1ec1u r\u1ed9ng c\u1ee7a b\u0103ng t\u1ea3i, chi\u1ec1u cao gi\u1eefa thi\u1ebft b\u1ecb ni\u00eam phong v\u00e0 b\u0103ng t\u1ea3i, v.v. H\u00e3y li\u00ean h\u1ec7 v\u1edbi ch\u00fang t\u00f4i \u0111\u1ec3 bi\u1ebft th\u00eam th\u00f4ng tin.<\/p>    <div class=\"wp-block-columns is-layout-flex wp-container-core-columns-is-layout-28f84493 wp-block-columns-is-layout-flex\"> <div class=\"wp-block-column is-layout-flow wp-block-column-is-layout-flow\"> <figure class=\"wp-block-image size-full\"><img loading=\"lazy\" decoding=\"async\" width=\"750\" height=\"500\" src=\"https:\/\/tianhuipackingmachine.com\/wp-content\/uploads\/2021\/08\/flat-bag-heat-sealing-machine.jpg\" alt=\"m\u00e1y h\u00e0n nhi\u1ec7t t\u00fai ph\u1eb3ng\" class=\"wp-image-2075\" srcset=\"https:\/\/tianhuipackingmachine.com\/wp-content\/uploads\/2021\/08\/flat-bag-heat-sealing-machine.jpg 750w, https:\/\/tianhuipackingmachine.com\/wp-content\/uploads\/2021\/08\/flat-bag-heat-sealing-machine-300x200.jpg 300w\" sizes=\"auto, (max-width: 750px) 100vw, 750px\" \/><figcaption>M\u00e1y h\u00e0n nhi\u1ec7t t\u00fai ph\u1eb3ng<\/figcaption><\/figure> <\/div>    <div class=\"wp-block-column is-layout-flow wp-block-column-is-layout-flow\"> <figure class=\"wp-block-image size-full\"><img loading=\"lazy\" decoding=\"async\" width=\"750\" height=\"500\" src=\"https:\/\/tianhuipackingmachine.com\/wp-content\/uploads\/2021\/08\/vertical-bag-heat-sealing-machine.jpg\" alt=\"m\u00e1y h\u00e0n nhi\u1ec7t t\u00fai d\u1ecdc\" class=\"wp-image-2076\" srcset=\"https:\/\/tianhuipackingmachine.com\/wp-content\/uploads\/2021\/08\/vertical-bag-heat-sealing-machine.jpg 750w, https:\/\/tianhuipackingmachine.com\/wp-content\/uploads\/2021\/08\/vertical-bag-heat-sealing-machine-300x200.jpg 300w\" sizes=\"auto, (max-width: 750px) 100vw, 750px\" \/><figcaption>M\u00e1y h\u00e0n nhi\u1ec7t t\u00fai d\u1ecdc<\/figcaption><\/figure> <\/div> <\/div>    <h2 class=\"wp-block-heading\" id=\"h-wide-application-of-continuous-bag-sealer\">\u1ee8ng d\u1ee5ng r\u1ed9ng r\u00e3i c\u1ee7a m\u00e1y h\u00e0n t\u00fai li\u00ean t\u1ee5c<\/h2>    <p class=\"translation-block\">M\u00e1y ni\u00eam phong t\u00fai li\u00ean t\u1ee5c c\u00f3 \u1ee9ng d\u1ee5ng r\u1ed9ng r\u00e3i trong vi\u1ec7c ni\u00eam phong t\u00fai nh\u00f4m v\u00e0 t\u00fai nh\u1ef1a cho b\u1ed9t, h\u1ea1t, l\u1ecfng, pasta, mi\u1ebfng, v.v. C\u00e1c \u1ee9ng d\u1ee5ng ph\u1ed5 bi\u1ebfn \u0111\u1ec1 c\u1eadp \u0111\u1ebfn vi\u1ec7c ni\u00eam phong t\u00fai b\u1ed9t c\u00e0 ph\u00ea, b\u1ed9t s\u1eefa, <strong><a href=\"https:\/\/tianhuipackingmachine.com\/vi\/spice-packaging-machine\/\">gia v\u1ecb<\/a><\/strong>, b\u1ed9t m\u00ec, b\u1ed9t \u1edbt, b\u1ed9t gi\u1eb7t, \u0111\u1ed3 \u0103n nh\u1eb9, <strong><a href=\"https:\/\/tianhuipackingmachine.com\/vi\/tea-packaging-machine\/\">tr\u00e0<\/a><\/strong>, h\u1ea1t c\u00e0 ph\u00ea, k\u1eb9o, h\u1ea1t gi\u1ed1ng, ng\u0169 c\u1ed1c, b\u00e1nh quy, b\u00e1nh m\u00ec, g\u1ea1o, s\u1eefa, n\u01b0\u1edbc tr\u00e1i c\u00e2y, gi\u1ea5m, n\u01b0\u1edbc t\u01b0\u01a1ng, s\u1ed1t c\u00e0 chua, s\u1ed1t spaghetti, n\u01b0\u1edbc s\u1ed1t salad, m\u1ee9t, m\u1eb7t n\u1ea1, ph\u1ea7n c\u1ee9ng, \u0111\u1ed3 g\u1ed7, v.v. T\u00fai n\u1eb1m ho\u1eb7c \u0111\u1ee9ng tr\u00ean b\u0103ng t\u1ea3i do th\u1ec3 t\u00edch c\u1ee7a v\u1eadt li\u1ec7u v\u00e0 tr\u1ea1ng th\u00e1i khi m\u00e1y ni\u00eam phong nhi\u1ec7t nh\u1ecf ho\u1ea1t \u0111\u1ed9ng. B\u1ea1n c\u00f3 th\u1ec3 ch\u1ecdn lo\u1ea1i ph\u00f9 h\u1ee3p theo nhu c\u1ea7u th\u1ef1c t\u1ebf c\u1ee7a m\u00ecnh.<strong><a href=\"https:\/\/tianhuipackingmachine.com\/vi\/contact\/\"> H\u00e3y li\u00ean h\u1ec7 v\u1edbi ch\u00fang t\u00f4i<\/a><\/strong> \u0111\u1ec3 nh\u1eadn \u0111\u01b0\u1ee3c nh\u1eefng g\u1ee3i \u00fd h\u1eefu \u00edch.<\/p>    <div class=\"wp-block-image\"><figure class=\"aligncenter size-full\"><img loading=\"lazy\" decoding=\"async\" width=\"750\" height=\"500\" src=\"https:\/\/tianhuipackingmachine.com\/wp-content\/uploads\/2021\/08\/applications-of-continuous-pouch-sealer.jpg\" alt=\"\u1ee9ng d\u1ee5ng c\u1ee7a m\u00e1y d\u00e1n t\u00fai li\u00ean t\u1ee5c\" class=\"wp-image-2071\" srcset=\"https:\/\/tianhuipackingmachine.com\/wp-content\/uploads\/2021\/08\/applications-of-continuous-pouch-sealer.jpg 750w, https:\/\/tianhuipackingmachine.com\/wp-content\/uploads\/2021\/08\/applications-of-continuous-pouch-sealer-300x200.jpg 300w\" sizes=\"auto, (max-width: 750px) 100vw, 750px\" \/><figcaption>\u1ee9ng d\u1ee5ng c\u1ee7a m\u00e1y d\u00e1n t\u00fai li\u00ean t\u1ee5c<\/figcaption><\/figure><\/div>    <h2 class=\"wp-block-heading\" id=\"h-benefits-of-continuous-bag-sealing-machine\">L\u1ee3i \u00edch c\u1ee7a m\u00e1y h\u00e0n mi\u1ec7ng t\u00fai li\u00ean t\u1ee5c<\/h2>    <ol class=\"wp-block-list\" type=\"1\"><li>C\u1ea5u tr\u00fac \u0111\u01a1n gi\u1ea3n \u0111\u1ec3 c\u00e0i \u0111\u1eb7t, v\u1eadn h\u00e0nh v\u00e0 b\u1ea3o tr\u00ec;<\/li><li>Chi\u1ebfm kh\u00f4ng gian nh\u1ecf, ti\u1ebfng \u1ed3n th\u1ea5p, chi ph\u00ed th\u1ea5p, hi\u1ec7u qu\u1ea3 v\u00e0 ti\u1ebft ki\u1ec7m th\u1eddi gian v\u00e0 n\u0103ng l\u01b0\u1ee3ng;<\/li><li>Kh\u1ed1i \u0111\u1ed3ng nguy\u00ean ch\u1ea5t l\u00e0m n\u00f3ng nhanh v\u00e0 \u0111\u1ec1u v\u00e0 t\u1ea3n nhi\u1ec7t l\u00e0m m\u00e1t b\u1eb1ng kh\u00f4ng kh\u00ed nhanh h\u01a1n.<\/li><li>B\u0103ng t\u1ea3i ch\u1ecbu m\u00e0i m\u00f2n d\u00e0y h\u01a1n, b\u1ec1n h\u01a1n v\u00e0 gi\u00e1 c\u1ea3 ph\u1ea3i ch\u0103ng;<\/li><li>C\u00e1c \u1ee9ng d\u1ee5ng kh\u00e1c nhau cho t\u00fai b\u1ed9t, h\u1ea1t, ch\u1ea5t l\u1ecfng, b\u1ed9t nh\u00e3o, mi\u1ebfng, v.v.<\/li><li>B\u1ed1n m\u1eabu ni\u00eam phong l\u00e0 t\u00f9y ch\u1ecdn theo nhu c\u1ea7u c\u1ee7a b\u1ea1n.<\/li><li>T\u1ed1c \u0111\u1ed9 b\u0103ng t\u1ea3i c\u00f3 th\u1ec3 \u0111i\u1ec1u ch\u1ec9nh \u0111\u01b0\u1ee3c.<\/li><li>N\u00fat kh\u1ea9n c\u1ea5p \u0111\u01b0\u1ee3c thi\u1ebft k\u1ebf nh\u01b0 m\u1ed9t bi\u1ec7n ph\u00e1p ph\u00f2ng ng\u1eeba an to\u00e0n.<\/li><\/ol>    <h2 class=\"wp-block-heading\" id=\"h-continuous-bag-sealing-machine-structure\">C\u1ea5u t\u1ea1o m\u00e1y h\u00e0n t\u00fai li\u00ean t\u1ee5c<\/h2>    <p>M\u00e1y h\u00e0n mi\u1ec7ng t\u00fai li\u00ean t\u1ee5c g\u1ed3m c\u00f3 b\u1ed9 \u0111i\u1ec1u khi\u1ec3n nhi\u1ec7t \u0111\u1ed9 \u1ed5n nhi\u1ec7t, b\u0103ng t\u1ea3i, b\u00e0n b\u0103ng t\u1ea3i, b\u00e1nh xe d\u1eadp n\u1ed5i, n\u00fat \u0111i\u1ec1u ch\u1ec9nh \u00e1p su\u1ea5t, b\u00e1nh xe l\u00e0m m\u00e1t, kh\u1ed1i nhi\u1ec7t, c\u00f4ng t\u1eafc kh\u1ea9n c\u1ea5p, \u0111\u1ed3ng h\u1ed3 \u0111o nhi\u1ec7t \u0111\u1ed9, \u0111i\u1ec1u ch\u1ec9nh ngang b\u00e0n b\u0103ng t\u1ea3i, n\u00fat \u0111i\u1ec1u ch\u1ec9nh b\u0103ng t\u1ea3i. b\u00e0n. B\u1ed9 \u0111i\u1ec1u khi\u1ec3n nhi\u1ec7t \u0111\u1ed9 t\u0129nh nhi\u1ec7t, hi\u1ec3n th\u1ecb nhi\u1ec7t \u0111\u1ed9 trong nh\u00e1y m\u1eaft, gi\u1eef nhi\u1ec7t \u0111\u1ed9 ho\u1ea1t \u0111\u1ed9ng \u0111\u1ec3 n\u00e2ng cao ch\u1ea5t l\u01b0\u1ee3ng v\u00e0 hi\u1ec7u qu\u1ea3 s\u1ea3n ph\u1ea9m. B\u0103ng t\u1ea3i c\u00f3 th\u1ec3 m\u1edf r\u1ed9ng t\u00f9y theo nhu c\u1ea7u c\u1ee7a b\u1ea1n. B\u1ed1n lo\u1ea1i b\u00e1nh xe d\u1eadp n\u1ed5i l\u00e0 t\u00f9y ch\u1ecdn, b\u00e1nh xe l\u01b0\u1edbi, b\u00e1nh xe l\u01b0\u1edbi c\u00f3 ng\u00e0y, b\u00e1nh xe tr\u01a1n v\u00e0 b\u00e1nh xe d\u1ea3i. Kh\u1ed1i nhi\u1ec7t s\u1eed d\u1ee5ng ch\u1ea5t li\u1ec7u \u0111\u1ed3ng nguy\u00ean ch\u1ea5t, l\u00e0m n\u00f3ng nhanh v\u00e0 l\u00e0m n\u00f3ng \u0111\u1ec1u.<\/p>    <div class=\"wp-block-image\"><figure class=\"aligncenter size-full\"><img loading=\"lazy\" decoding=\"async\" width=\"750\" height=\"500\" src=\"https:\/\/tianhuipackingmachine.com\/wp-content\/uploads\/2021\/08\/the-structure-of-continuous-bag-sealer.jpg\" alt=\"c\u1ea5u t\u1ea1o c\u1ee7a m\u00e1y h\u00e0n mi\u1ec7ng t\u00fai li\u00ean t\u1ee5c\" class=\"wp-image-2068\" srcset=\"https:\/\/tianhuipackingmachine.com\/wp-content\/uploads\/2021\/08\/the-structure-of-continuous-bag-sealer.jpg 750w, https:\/\/tianhuipackingmachine.com\/wp-content\/uploads\/2021\/08\/the-structure-of-continuous-bag-sealer-300x200.jpg 300w\" sizes=\"auto, (max-width: 750px) 100vw, 750px\" \/><figcaption>c\u1ea5u t\u1ea1o c\u1ee7a m\u00e1y h\u00e0n mi\u1ec7ng t\u00fai li\u00ean t\u1ee5c<\/figcaption><\/figure><\/div>    <h2 class=\"wp-block-heading\" id=\"h-do-you-know-why-others-choose-our-machines\">B\u1ea1n c\u00f3 bi\u1ebft t\u1ea1i sao ng\u01b0\u1eddi kh\u00e1c ch\u1ecdn m\u00e1y c\u1ee7a ch\u00fang t\u00f4i kh\u00f4ng?<\/h2>    <p class=\"translation-block\">\u0110\u1ea7u ti\u00ean, ch\u00fang t\u00f4i c\u00f3 m\u1ed9t h\u1ec7 th\u1ed1ng ki\u1ec3m tra ch\u1ea5t l\u01b0\u1ee3ng nghi\u00eam ng\u1eb7t v\u00e0 c\u00e1c c\u00f4ng nh\u00e2n l\u00e0nh ngh\u1ec1 c\u1ee7a ch\u00fang t\u00f4i s\u1ebd ki\u1ec3m tra m\u00e1y m\u00f3c c\u1ea9n th\u1eadn tr\u01b0\u1edbc khi giao h\u00e0ng. M\u00e1y m\u00f3c c\u1ee7a ch\u00fang t\u00f4i c\u00f3 \u0111\u1ea3m b\u1ea3o ch\u1ea5t l\u01b0\u1ee3ng ch\u00ednh h\u00e3ng. Th\u1ee9 hai, ch\u00fang t\u00f4i cung c\u1ea5p h\u01b0\u1edbng d\u1eabn ti\u1ebfng Anh v\u00e0 video gi\u1ea3ng d\u1ea1y. D\u1ecbch v\u1ee5 tr\u1ef1c tuy\u1ebfn 24 gi\u1edd c\u00f3 s\u1eb5n. Th\u1ee9 ba, \u0111\u1ed1i v\u1edbi m\u00e1y ni\u00eam phong t\u00fai li\u00ean t\u1ee5c, ch\u00fang t\u00f4i c\u00f3 th\u1ec3 t\u00f9y ch\u1ec9nh chi\u1ec1u r\u1ed9ng c\u1ee7a b\u0103ng t\u1ea3i v\u00e0 chi\u1ec1u cao gi\u1eefa thi\u1ebft b\u1ecb ni\u00eam phong v\u00e0 b\u0103ng t\u1ea3i, v.v., d\u1ef1a tr\u00ean y\u00eau c\u1ea7u c\u1ee7a b\u1ea1n. Ngo\u00e0i ra, ch\u00fang t\u00f4i c\u0169ng cung c\u1ea5p m\u00e1y \u0111\u00f3ng g\u00f3i, <strong><a href=\"https:\/\/tianhuipackingmachine.com\/vi\/\">m\u00e1y \u0111\u00f3ng g\u00f3i<\/a><\/strong>, m\u00e1y ni\u00eam phong ch\u00e2n kh\u00f4ng, <strong><a href=\"https:\/\/tianhuipackingmachine.com\/vi\/automatic-round-bottle-labeling-machine-sale\/\">m\u00e1y d\u00e1n nh\u00e3n<\/a><\/strong>, m\u00e1y in ng\u00e0y, v.v. Nhi\u1ec1u lo\u1ea1i m\u00e1y m\u00f3c kh\u00e1c nhau c\u00f3 s\u1eb5n. Li\u00ean h\u1ec7 v\u1edbi ch\u00fang t\u00f4i \u0111\u1ec3 bi\u1ebft th\u00eam chi ti\u1ebft.<\/p>","protected":false},"excerpt":{"rendered":"<p>Continuous bag sealing machine is a small heat sealer for pouches. It\u2019s convenient to put it on a table when using it. There are two kinds of machines. One can make the packaging bag horizontally on the conveyor belt, while the other one can make the packaging bag vertically on the conveyor belt. The bag [&hellip;]<\/p>\n","protected":false},"author":1,"featured_media":2075,"parent":0,"template":"","tags":[182],"product-type":[144],"class_list":["post-2062","product","type-product","status-publish","has-post-thumbnail","hentry","tag-sealing-machine","product-type-supporting-equipment"],"_links":{"self":[{"href":"https:\/\/tianhuipackingmachine.com\/vi\/wp-json\/wp\/v2\/product\/2062","targetHints":{"allow":["GET"]}}],"collection":[{"href":"https:\/\/tianhuipackingmachine.com\/vi\/wp-json\/wp\/v2\/product"}],"about":[{"href":"https:\/\/tianhuipackingmachine.com\/vi\/wp-json\/wp\/v2\/types\/product"}],"author":[{"embeddable":true,"href":"https:\/\/tianhuipackingmachine.com\/vi\/wp-json\/wp\/v2\/users\/1"}],"wp:featuredmedia":[{"embeddable":true,"href":"https:\/\/tianhuipackingmachine.com\/vi\/wp-json\/wp\/v2\/media\/2075"}],"wp:attachment":[{"href":"https:\/\/tianhuipackingmachine.com\/vi\/wp-json\/wp\/v2\/media?parent=2062"}],"wp:term":[{"taxonomy":"post_tag","embeddable":true,"href":"https:\/\/tianhuipackingmachine.com\/vi\/wp-json\/wp\/v2\/tags?post=2062"},{"taxonomy":"product-type","embeddable":true,"href":"https:\/\/tianhuipackingmachine.com\/vi\/wp-json\/wp\/v2\/product-type?post=2062"}],"curies":[{"name":"wp","href":"https:\/\/api.w.org\/{rel}","templated":true}]}}