{"id":2012,"date":"2021-08-02T17:28:39","date_gmt":"2021-08-02T09:28:39","guid":{"rendered":"https:\/\/tianhuipackingmachine.com\/?page_id=2012"},"modified":"2022-12-08T14:08:31","modified_gmt":"2022-12-08T06:08:31","slug":"vacuum-capping-machines","status":"publish","type":"product","link":"https:\/\/tianhuipackingmachine.com\/vi\/vacuum-capping-machines\/","title":{"rendered":"M\u00e1y \u0111\u00f3ng n\u1eafp ch\u00e2n kh\u00f4ng"},"content":{"rendered":"<p class=\"translation-block\"><strong>M\u00e1y \u0111\u00f3ng n\u1eafp ch\u00e2n kh\u00f4ng<\/strong> l\u00e0 m\u1ed9t m\u00e1y \u0111\u00f3ng n\u1eafp b\u1eb1ng v\u00edt c\u00f3 th\u1ec3 h\u00fat kh\u00f4ng kh\u00ed trong chai ho\u1eb7c lon th\u00f4ng qua m\u1ed9t b\u01a1m ch\u00e2n kh\u00f4ng \u0111\u1ec3 th\u1ef1c ph\u1ea9m trong m\u00f4i tr\u01b0\u1eddng ch\u00e2n kh\u00f4ng k\u00e9o d\u00e0i th\u1eddi gian b\u1ea3o qu\u1ea3n. Th\u00e2n m\u00e1y \u0111\u01b0\u1ee3c l\u00e0m t\u1eeb v\u1eadt li\u1ec7u th\u00e9p kh\u00f4ng g\u1ec9 b\u1ec1n b\u1ec9. M\u00e1y h\u00e0n chai ch\u00e2n kh\u00f4ng n\u00e0y \u0111\u01b0\u1ee3c trang b\u1ecb m\u00e0n h\u00ecnh c\u1ea3m \u1ee9ng PLC, b\u1ed1n khu\u00f4n. Khu\u00f4n \u0111\u01b0\u1ee3c thi\u1ebft k\u1ebf d\u1ef1a tr\u00ean k\u00edch th\u01b0\u1edbc v\u00e0 h\u00ecnh d\u1ea1ng c\u1ee7a chai ho\u1eb7c lon. Ng\u01b0\u1eddi d\u00f9ng c\u1ea7n \u0111\u1eb7t chai c\u00f3 n\u1eafp v\u00e0o khu\u00f4n b\u1eb1ng tay. N\u00f3 ph\u00f9 h\u1ee3p cho chai th\u1ee7y tinh v\u00e0 lon c\u00f3 n\u1eafp s\u1eaft. Ngo\u00e0i ra, ch\u00fang t\u00f4i cung c\u1ea5p d\u1ecbch v\u1ee5 t\u00f9y ch\u1ec9nh theo y\u00eau c\u1ea7u c\u1ee7a b\u1ea1n. B\u1ea1n c\u00f3 mu\u1ed1n bi\u1ebft th\u00eam chi ti\u1ebft? Li\u00ean h\u1ec7 v\u1edbi ch\u00fang t\u00f4i v\u00e0 ch\u00fang t\u00f4i s\u1ebd ph\u1ea3n h\u1ed3i b\u1ea1n c\u00e0ng s\u1edbm c\u00e0ng t\u1ed1t.<\/p>    <h2 class=\"wp-block-heading\" id=\"h-various-applications-of-vacuum-capping-equipment\">C\u00e1c \u1ee9ng d\u1ee5ng kh\u00e1c nhau c\u1ee7a thi\u1ebft b\u1ecb \u0111\u00f3ng n\u1eafp ch\u00e2n kh\u00f4ng<\/h2>    <p>M\u00e1y \u0111\u00f3ng g\u00f3i ch\u00e2n kh\u00f4ng th\u00edch h\u1ee3p cho c\u00e1c chai th\u1ee7y tinh ho\u1eb7c lon c\u00f3 n\u1eafp s\u1eaft nh\u01b0 s\u1eefa, s\u1eefa chua, n\u01b0\u1edbc tr\u00e1i c\u00e2y, m\u1ee9t, b\u01a1 \u0111\u1eadu ph\u1ed9ng, n\u01b0\u1edbc s\u1ed1t c\u00e0 chua, n\u01b0\u1edbc s\u1ed1t salad, t\u01b0\u01a1ng \u1edbt, lon tr\u00e1i c\u00e2y, v.v. H\u00ecnh d\u1ea1ng c\u1ee7a chai ho\u1eb7c lon bao g\u1ed3m h\u00ecnh tr\u00f2n, h\u00ecnh vu\u00f4ng, ph\u1eb3ng, h\u00ecnh l\u1ee5c gi\u00e1c, h\u00ecnh b\u00e1t gi\u00e1c, \u0111a gi\u00e1c, kh\u00f4ng \u0111\u1ec1u, v.v. M\u00e1y n\u00e0y v\u1eb7n n\u1eafp b\u1eb1ng c\u00e1ch truy\u1ec1n \u0111\u1ed9ng b\u1eb1ng kh\u00ed n\u00e9n, v\u00ec v\u1eady n\u00ean k\u1ebft h\u1ee3p v\u1edbi m\u00e1y n\u00e9n kh\u00ed. Ngo\u00e0i ra, b\u1ea1n n\u00ean trang b\u1ecb th\u00eam thi\u1ebft b\u1ecb t\u00e1ch d\u1ea7u-n\u01b0\u1edbc \u0111\u1ec3 tr\u00e1nh n\u01b0\u1edbc sinh ra trong qu\u00e1 tr\u00ecnh s\u1ea3n xu\u1ea5t ch\u1ea3y v\u00e0o m\u00e1y theo \u0111\u01b0\u1eddng \u1ed1ng.<\/p>    <figure class=\"wp-block-image aligncenter size-full\"><img loading=\"lazy\" decoding=\"async\" width=\"750\" height=\"500\" src=\"https:\/\/tianhuipackingmachine.com\/wp-content\/uploads\/2021\/08\/vacuum-capping-machine-1.jpg\" alt=\"m\u00e1y \u0111\u00f3ng n\u1eafp ch\u00e2n kh\u00f4ng\" class=\"wp-image-2014\" srcset=\"https:\/\/tianhuipackingmachine.com\/wp-content\/uploads\/2021\/08\/vacuum-capping-machine-1.jpg 750w, https:\/\/tianhuipackingmachine.com\/wp-content\/uploads\/2021\/08\/vacuum-capping-machine-1-300x200.jpg 300w\" sizes=\"auto, (max-width: 750px) 100vw, 750px\" \/><figcaption class=\"wp-element-caption\">M\u00e1y \u0111\u00f3ng n\u1eafp ch\u00e2n kh\u00f4ng<\/figcaption><\/figure>    <h2 class=\"has-text-color wp-block-heading\" id=\"h-vacuum-capping-machine-parameters\" style=\"color:#ff5200\">Th\u00f4ng s\u1ed1 m\u00e1y \u0111\u00f3ng n\u1eafp ch\u00e2n kh\u00f4ng<\/h2>    <figure class=\"wp-block-table is-style-stripes\"><table><tbody><tr><td>Ng\u01b0\u1eddi m\u1eabu<\/td><td> TZ-40 <\/td><\/tr><tr><td>Quy\u1ec1n l\u1ef1c<\/td><td> 0,87kw <\/td><\/tr><tr><td>\u0110\u01b0\u1eddng k\u00ednh n\u1eafp ph\u00f9 h\u1ee3p<\/td><td> 45-80mm <\/td><\/tr><tr><td> \u0110\u01b0\u1eddng k\u00ednh chai <\/td><td> 40-80mm <\/td><\/tr><tr><td> Chi\u1ec1u cao chai <\/td><td> 60-130mm <\/td><\/tr><tr><td> T\u1ed1c \u0111\u1ed9 gi\u1edbi h\u1ea1n <\/td><td> 10-20chai\/ph\u00fat <\/td><\/tr><tr><td> K\u00edch th\u01b0\u1edbc m\u00e1y <\/td><td> 750*650*1400mm <\/td><\/tr><tr><td> Tr\u1ecdng l\u01b0\u1ee3ng m\u00e1y <\/td><td> 160kg <\/td><\/tr><\/tbody><\/table><\/figure>    <h2 class=\"wp-block-heading\" id=\"h-semi-automatic-vacuum-capping-machine-working-video\">Video ho\u1ea1t \u0111\u1ed9ng c\u1ee7a m\u00e1y \u0111\u00f3ng n\u1eafp ch\u00e2n kh\u00f4ng b\u00e1n t\u1ef1 \u0111\u1ed9ng<\/h2>   <figure class=\"wp-block-embed-youtube wp-block-embed is-type-video is-provider-youtube wp-embed-aspect-16-9 wp-has-aspect-ratio\"><div class=\"lyte-wrapper\" title=\"M\u00e1y \u0111\u00f3ng n\u1eafp ch\u00e2n kh\u00f4ng | Ni\u00eam phong lon m\u1ee9t, m\u1eadt ong, b\u01a1 \u0111\u1eadu ph\u1ed9ng, s\u1ed1t s\u00f4-c\u00f4-la, t\u01b0\u01a1ng \u1edbt\" style=\"width:853px;max-width:100%;margin:5px auto;\"><div class=\"lyMe\" id=\"WYL_32nMxgQSOaI\" itemprop=\"video\" itemscope itemtype=\"https:\/\/schema.org\/VideoObject\"><div><meta itemprop=\"thumbnailUrl\" content=\"https:\/\/i.ytimg.com\/vi\/32nMxgQSOaI\/hqdefault.jpg\" \/><meta itemprop=\"embedURL\" content=\"https:\/\/www.youtube.com\/embed\/32nMxgQSOaI\" \/><meta itemprop=\"duration\" content=\"PT1M7S\" \/><meta itemprop=\"uploadDate\" content=\"2022-02-14T07:15:13Z\" \/><\/div><meta itemprop=\"accessibilityFeature\" content=\"captions\" \/><div id=\"lyte_32nMxgQSOaI\" data-src=\"https:\/\/i.ytimg.com\/vi\/32nMxgQSOaI\/hqdefault.jpg\" class=\"pL\"><div class=\"tC\"><div class=\"tT\" itemprop=\"name\">M\u00e1y \u0111\u00f3ng n\u1eafp ch\u00e2n kh\u00f4ng | Ni\u00eam phong lon m\u1ee9t, m\u1eadt ong, b\u01a1 \u0111\u1eadu ph\u1ed9ng, s\u1ed1t s\u00f4-c\u00f4-la, t\u01b0\u01a1ng \u1edbt<\/div><\/div><div class=\"play\"><\/div><div class=\"ctrl\"><div class=\"Lctrl\"><\/div><div class=\"Rctrl\"><\/div><\/div><\/div><noscript><a href=\"https:\/\/youtu.be\/32nMxgQSOaI\" rel=\"nofollow noopener\" target=\"_blank\"><img loading=\"lazy\" decoding=\"async\" src=\"https:\/\/i.ytimg.com\/vi\/32nMxgQSOaI\/0.jpg\" alt=\"M\u00e1y \u0111\u00f3ng n\u1eafp ch\u00e2n kh\u00f4ng | Ni\u00eam phong lon m\u1ee9t, m\u1eadt ong, b\u01a1 \u0111\u1eadu ph\u1ed9ng, s\u1ed1t s\u00f4-c\u00f4-la, t\u01b0\u01a1ng \u1edbt\" width=\"853\" height=\"460\" \/><\/a><\/noscript><meta itemprop=\"description\" content=\"Website: https:\/\/tianhuipackingmachine.com\/vacuum-capping-machines\/ Email: sales@tianhuipackingmachine.com WhatsApp\/Tel: +86 17329326135 Vacuum capping machine has a wide range of applications in various kinds of sauces in jars. They are common in supermarkets and convenience stores, such as strawberry jam, blueberry sauce, marmalade, honey, peanut butter, chocolate sauce, chili sauce, salad dressing, tahini sauce, etc. Vacuum capping equipment is mainly composed of a touch screen, a rotary air cylinder, precision screw cap, screw cap mold, vacuum pump, stainless steel body. On the touch screen, the operator can set up various parameters, such as using language, output counting, capping time, vacuuming time, the delay time of bottle taking, capping, and so on. After setting data, put the glass cans into molds that will spin automatically so that the jars are easy to exhaust air from cans one by one. A vacuum capping machine is equipped with four molds that are the same and apply to the same jars. There are round, square, hexagonal, octagonal, and irregular shapes of cans optional. Furthermore, the mold is customized in accordance with the cans, so it requires different molds if you want to cap different shapes of jars. The vacuuming process is driven by the vacuum pump. Stainless steel material is durable and easy to maintain. Generally, one machine can produce 10-20 cans per minute. The production speed is related to the speed of placing jars manually and the size of the cans. If you are interested in the equipment, welcome to consult us. Email: sales@toppackingmachine.com WhatsApp\/Tel: +86 17329326135\"><\/div><\/div><div class=\"lL\" style=\"max-width:100%;width:853px;margin:5px auto;\"> <a href=\"https:\/\/youtu.be\/32nMxgQSOaI\" target=\"_blank\" rel=\"noopener\">Xem video n\u00e0y tr\u00ean YouTube<\/a>.<\/div><figcaption><\/figcaption><\/figure>   <h2 class=\"wp-block-heading\" id=\"h-features-benefits-of-vacuum-capping-machine\">T\u00ednh n\u0103ng v\u00e0 l\u1ee3i \u00edch c\u1ee7a m\u00e1y \u0111\u00f3ng n\u1eafp ch\u00e2n kh\u00f4ng<\/h2>    <ol class=\"wp-block-list\" type=\"1\"> <li>C\u1ea5u tr\u00fac \u0111\u01a1n gi\u1ea3n v\u00e0 thi\u1ebft k\u1ebf h\u1ee3p l\u00fd \u0111\u1ec3 l\u1eafp \u0111\u1eb7t, v\u1eadn h\u00e0nh v\u00e0 b\u1ea3o tr\u00ec;<\/li>    <li>Ch\u1ea1y \u1ed5n \u0111\u1ecbnh, \u00edt ti\u1ebfng \u1ed3n v\u00e0 chi\u1ebfm \u00edt kh\u00f4ng gian;<\/li>    <li>B\u1ed1n ch\u00e2n c\u1ed1 \u0111\u1ecbnh ho\u1eb7c b\u1ed1n b\u00e1nh xe t\u00f9y ch\u1ecdn; ch\u00e2n c\u1ed1 \u0111\u1ecbnh \u1ed5n \u0111\u1ecbnh h\u01a1n;<\/li>    <li>Khu\u00f4n c\u00f3 th\u1ec3 \u0111\u01b0\u1ee3c t\u00f9y ch\u1ec9nh theo k\u00edch th\u01b0\u1edbc v\u00e0 h\u00ecnh d\u1ea1ng c\u1ee7a chai ho\u1eb7c lon c\u1ee7a b\u1ea1n.<\/li>    <li>Chai th\u1ee7y tinh c\u00f3 n\u1eafp s\u1eaft l\u00e0 s\u1ef1 l\u1ef1a ch\u1ecdn t\u1ed1t nh\u1ea5t \u0111\u1ec3 \u0111\u00f3ng n\u1eafp ch\u00e2n kh\u00f4ng.<\/li>    <li>D\u1ecbch v\u1ee5 t\u00f9y bi\u1ebfn c\u00f3 s\u1eb5n. &nbsp;<\/li> <\/ol>    <h2 class=\"wp-block-heading\" id=\"h-the-structure-and-details-of-the-vacuum-capping-machine\">C\u1ea5u t\u1ea1o v\u00e0 chi ti\u1ebft c\u1ee7a m\u00e1y \u0111\u00f3ng n\u1eafp ch\u00e2n kh\u00f4ng<\/h2>    <p>M\u00e1y \u0111\u00f3ng n\u1eafp ch\u00e2n kh\u00f4ng bao g\u1ed3m m\u00e0n h\u00ecnh c\u1ea3m \u1ee9ng PLC, xi lanh quay, khu\u00f4n n\u1eafp v\u1eb7n, b\u01a1m ch\u00e2n kh\u00f4ng, v.v. M\u00e0n h\u00ecnh c\u1ea3m \u1ee9ng PLC c\u00f3 th\u1ec3 thi\u1ebft l\u1eadp r\u1ea5t nhi\u1ec1u th\u00f4ng s\u1ed1 nh\u01b0 s\u1eed d\u1ee5ng ng\u00f4n ng\u1eef, th\u1eddi gian h\u00fat ch\u00e2n kh\u00f4ng, \u0111\u1ed9 tr\u1ec5 \u0111\u00f3ng n\u1eafp v\u00edt, th\u1eddi gian n\u00e2ng , v.v. M\u1ed9t b\u1ed9 khu\u00f4n n\u1eafp v\u1eb7n g\u1ed3m b\u1ed1n chi\u1ebfc c\u00f3 c\u00f9ng k\u00edch th\u01b0\u1edbc v\u00e0 h\u00ecnh d\u1ea1ng. T\u1ed1c \u0111\u1ed9 \u0111\u00f3ng n\u1eafp l\u00e0 10-20 chai ho\u1eb7c lon m\u1ed7i ph\u00fat. M\u1ed7i b\u1ed9 khu\u00f4n \u0111\u01b0\u1ee3c t\u00f9y ch\u1ec9nh d\u1ef1a tr\u00ean k\u00edch th\u01b0\u1edbc v\u00e0 h\u00ecnh d\u1ea1ng c\u1ee7a chai ho\u1eb7c lon. B\u01a1m ch\u00e2n kh\u00f4ng h\u00fat h\u1ebft kh\u00f4ng kh\u00ed khi chai ho\u1eb7c lon \u1edf trong khu\u00f4n th\u00f4ng qua m\u1ed9t \u0111\u01b0\u1eddng \u1ed1ng.<\/p>    <figure class=\"wp-block-image aligncenter size-full\"><img loading=\"lazy\" decoding=\"async\" width=\"750\" height=\"500\" src=\"https:\/\/tianhuipackingmachine.com\/wp-content\/uploads\/2021\/08\/the-structure-of-vacuum-capping-machine.jpg\" alt=\"c\u1ea5u t\u1ea1o c\u1ee7a m\u00e1y \u0111\u00f3ng n\u1eafp ch\u00e2n kh\u00f4ng\" class=\"wp-image-2017\" srcset=\"https:\/\/tianhuipackingmachine.com\/wp-content\/uploads\/2021\/08\/the-structure-of-vacuum-capping-machine.jpg 750w, https:\/\/tianhuipackingmachine.com\/wp-content\/uploads\/2021\/08\/the-structure-of-vacuum-capping-machine-300x200.jpg 300w\" sizes=\"auto, (max-width: 750px) 100vw, 750px\" \/><figcaption class=\"wp-element-caption\">C\u1ea5u t\u1ea1o c\u1ee7a m\u00e1y \u0111\u00f3ng n\u1eafp ch\u00e2n kh\u00f4ng<\/figcaption><\/figure>    <h2 class=\"wp-block-heading\" id=\"h-why-a-glass-bottle-or-can-with-an-iron-cover-is-the-best-choice\">T\u1ea1i sao chai th\u1ee7y tinh ho\u1eb7c lon c\u00f3 n\u1eafp s\u1eaft l\u00e0 l\u1ef1a ch\u1ecdn t\u1ed1t nh\u1ea5t?<\/h2>    <p>M\u00e1y \u0111\u00f3ng n\u1eafp ch\u00e2n kh\u00f4ng s\u1ebd h\u00fat h\u1ebft kh\u00f4ng kh\u00ed trong chai \u0111\u1ec3 t\u1ea1o \u0111i\u1ec1u ki\u1ec7n ch\u00e2n kh\u00f4ng. N\u1ebfu s\u1eed d\u1ee5ng chai nh\u1ef1a s\u1ebd d\u1ec5 b\u1ecb bi\u1ebfn d\u1ea1ng khi \u0111\u00f3ng n\u1eafp ch\u00e2n kh\u00f4ng. N\u1ebfu n\u1eafp kh\u00f4ng b\u1eb1ng s\u1eaft th\u00ec n\u1eafp v\u00e0 ni\u00eam phong c\u00f3 th\u1ec3 kh\u00f4ng ch\u1eb7t. Trong khi chai th\u1ee7y tinh ho\u1eb7c lon c\u00f3 n\u1eafp s\u1eaft c\u00f3 th\u1ec3 \u0111\u01b0\u1ee3c \u0111\u00f3ng k\u00edn t\u1ed1t v\u00e0 gi\u1eef ch\u00e2n kh\u00f4ng l\u00e2u d\u00e0i d\u1ef1a tr\u00ean \u0111\u1eb7c t\u00ednh c\u1ee7a v\u1eadt li\u1ec7u th\u1ee7y tinh v\u00e0 s\u1eaft. \u0110\u1ec3 k\u00e9o d\u00e0i th\u1eddi gian b\u1ea3o qu\u1ea3n, chai th\u1ee7y tinh ho\u1eb7c lon c\u00f3 n\u1eafp s\u1eaft l\u00e0 l\u1ef1a ch\u1ecdn t\u1ed1t nh\u1ea5t. Vi\u1ec7c \u0111\u00f3ng n\u1eafp ch\u00e2n kh\u00f4ng s\u1ebd l\u00e0m ch\u1eadm s\u1ef1 h\u01b0 h\u1ecfng th\u1ef1c ph\u1ea9m m\u1ed9t c\u00e1ch hi\u1ec7u qu\u1ea3.<\/p>    <h2 class=\"wp-block-heading\" id=\"h-related-machines\">M\u00e1y m\u00f3c li\u00ean quan<\/h2>    <p class=\"translation-block\">L\u00e0 <strong><a href=\"https:\/\/tianhuipackingmachine.com\/vi\/\">m\u1ed9t nh\u00e0 s\u1ea3n xu\u1ea5t v\u00e0 cung c\u1ea5p m\u00e1y \u0111\u00f3ng g\u00f3i<\/a><\/strong>, ch\u00fang t\u00f4i c\u0169ng cung c\u1ea5p m\u00e1y \u0111\u00f3ng g\u00f3i t\u00fai, m\u00e1y \u0111\u00f3ng g\u00f3i b\u1ed9t, m\u00e1y \u0111\u00f3ng g\u00f3i h\u1ea1t, m\u00e1y \u0111\u00f3ng g\u00f3i l\u1ecfng, m\u00e1y \u0111\u00f3ng g\u00f3i ch\u00e2n kh\u00f4ng, m\u00e1y \u0111\u00f3ng g\u00f3i g\u1ed1i, m\u00e1y t\u1ef1 \u0111\u1ed9ng \u0111i\u1ec1n v\u00e0 \u0111\u00f3ng g\u00f3i chai, <strong><a href=\"https:\/\/tianhuipackingmachine.com\/vi\/automatic-round-bottle-labeling-machine-sale\/\">m\u00e1y d\u00e1n nh\u00e3n chai tr\u00f2n t\u1ef1 \u0111\u1ed9ng<\/a><\/strong>, v.v. Nhi\u1ec1u lo\u1ea1i m\u00e1y \u0111\u00f3ng g\u00f3i kh\u00e1c nhau c\u00f3 s\u1eb5n. H\u01a1n n\u1eefa, b\u0103ng t\u1ea3i, m\u00e1y in ng\u00e0y, m\u00e1y n\u00e9n kh\u00ed c\u0169ng c\u00f3 s\u1eb5n. Trong khi \u0111\u00f3, ch\u00fang t\u00f4i h\u1ed7 tr\u1ee3 d\u1ecbch v\u1ee5 OEM. Li\u00ean h\u1ec7 v\u1edbi ch\u00fang t\u00f4i \u0111\u1ec3 bi\u1ebft th\u00eam chi ti\u1ebft v\u00e0 ch\u00fang t\u00f4i s\u1ebd ph\u1ea3n h\u1ed3i b\u1ea1n c\u00e0ng s\u1edbm c\u00e0ng t\u1ed1t.<\/p>","protected":false},"excerpt":{"rendered":"<p>Vacuum capping machine is a screw capper that can exhaust the air of bottles or cans through a vacuum pump so that the food in a vacuum circumstance extend storage time. The equipment body adopts durable stainless steel material. This vacuum bottle sealer is equipped with a PLC touch screen, four moulds. The mould is [&hellip;]<\/p>\n","protected":false},"author":1,"featured_media":2014,"parent":0,"template":"","tags":[168],"product-type":[144],"class_list":["post-2012","product","type-product","status-publish","has-post-thumbnail","hentry","tag-capping-machine","product-type-supporting-equipment"],"_links":{"self":[{"href":"https:\/\/tianhuipackingmachine.com\/vi\/wp-json\/wp\/v2\/product\/2012","targetHints":{"allow":["GET"]}}],"collection":[{"href":"https:\/\/tianhuipackingmachine.com\/vi\/wp-json\/wp\/v2\/product"}],"about":[{"href":"https:\/\/tianhuipackingmachine.com\/vi\/wp-json\/wp\/v2\/types\/product"}],"author":[{"embeddable":true,"href":"https:\/\/tianhuipackingmachine.com\/vi\/wp-json\/wp\/v2\/users\/1"}],"wp:featuredmedia":[{"embeddable":true,"href":"https:\/\/tianhuipackingmachine.com\/vi\/wp-json\/wp\/v2\/media\/2014"}],"wp:attachment":[{"href":"https:\/\/tianhuipackingmachine.com\/vi\/wp-json\/wp\/v2\/media?parent=2012"}],"wp:term":[{"taxonomy":"post_tag","embeddable":true,"href":"https:\/\/tianhuipackingmachine.com\/vi\/wp-json\/wp\/v2\/tags?post=2012"},{"taxonomy":"product-type","embeddable":true,"href":"https:\/\/tianhuipackingmachine.com\/vi\/wp-json\/wp\/v2\/product-type?post=2012"}],"curies":[{"name":"wp","href":"https:\/\/api.w.org\/{rel}","templated":true}]}}