{"id":1984,"date":"2021-07-29T16:56:16","date_gmt":"2021-07-29T08:56:16","guid":{"rendered":"https:\/\/tianhuipackingmachine.com\/?page_id=1984"},"modified":"2022-04-27T11:26:38","modified_gmt":"2022-04-27T03:26:38","slug":"automatic-round-bottle-labeling-machine-sale","status":"publish","type":"product","link":"https:\/\/tianhuipackingmachine.com\/vi\/automatic-round-bottle-labeling-machine-sale\/","title":{"rendered":"M\u00e1y d\u00e1n nh\u00e3n chai tr\u00f2n t\u1ef1 \u0111\u1ed9ng"},"content":{"rendered":"<p class=\"translation-block\"><strong>M\u00e1y d\u00e1n nh\u00e3n chai tr\u00f2n t\u1ef1 \u0111\u1ed9ng<\/strong> l\u00e0 thi\u1ebft b\u1ecb c\u00f3 th\u1ec3 d\u00e1n c\u00e1c cu\u1ed9n gi\u1ea5y nh\u00e3n l\u00ean c\u00e1c chai tr\u00f2n. C\u00e1c nh\u00e3n bao g\u1ed3m m\u1ed9t nh\u00e3n to\u00e0n b\u1ed9 ho\u1eb7c hai nh\u00e3n quanh chu vi c\u1ee7a chai. N\u00f3 ph\u00f9 h\u1ee3p v\u1edbi nhi\u1ec1u lo\u1ea1i chai, bao g\u1ed3m chai nh\u1ef1a, chai th\u1ee7y tinh, chai kim lo\u1ea1i, v.v. N\u00f3 \u0111\u01b0\u1ee3c trang b\u1ecb m\u00e0n h\u00ecnh c\u1ea3m \u1ee9ng PLC \u0111i\u1ec1u khi\u1ec3n b\u1eb1ng ng\u00f4n ng\u1eef, t\u1ed1c \u0111\u1ed9 d\u00e1n nh\u00e3n, \u0111\u1ebfm chai d\u00e1n nh\u00e3n, l\u00e0m s\u1ea1ch s\u1ea3n xu\u1ea5t, th\u1eed nghi\u1ec7m \u0111\u1ea7u ra nh\u00e3n, thi\u1ebft l\u1eadp tham s\u1ed1 th\u1eed nghi\u1ec7m kh\u00f3a chai, v.v. B\u00ean c\u1ea1nh \u0111\u00f3, ch\u00fang t\u00f4i c\u0169ng cung c\u1ea5p m\u00e1y ph\u00e2n lo\u1ea1i chai, m\u00e1y t\u1ef1 \u0111\u1ed9ng \u0111\u1ed5 l\u1ecfng ho\u1eb7c keo v\u00e0 \u0111\u00f3ng g\u00f3i, b\u0103ng t\u1ea3i, m\u00e1y \u0111\u00f3ng n\u1eafp b\u1eb1ng v\u00edt, m\u00e1y in ng\u00e0y, v.v. Trong khi \u0111\u00f3, d\u1ecbch v\u1ee5 OEM c\u00f3 s\u1eb5n theo y\u00eau c\u1ea7u th\u1ef1c t\u1ebf c\u1ee7a b\u1ea1n. Li\u00ean h\u1ec7 v\u1edbi ch\u00fang t\u00f4i \u0111\u1ec3 bi\u1ebft th\u00eam chi ti\u1ebft v\u00e0 gi\u00e1 t\u1ed1t nh\u1ea5t.<\/p>    <div class=\"wp-block-columns is-layout-flex wp-container-core-columns-is-layout-28f84493 wp-block-columns-is-layout-flex\"> <div class=\"wp-block-column is-layout-flow wp-block-column-is-layout-flow\"> <div class=\"wp-block-image\"><figure class=\"aligncenter size-full\"><img loading=\"lazy\" decoding=\"async\" width=\"750\" height=\"500\" src=\"https:\/\/tianhuipackingmachine.com\/wp-content\/uploads\/2021\/07\/automatic-round-bottle-labeler.jpg\" alt=\"m\u00e1y d\u00e1n nh\u00e3n chai tr\u00f2n t\u1ef1 \u0111\u1ed9ng\" class=\"wp-image-1988\" srcset=\"https:\/\/tianhuipackingmachine.com\/wp-content\/uploads\/2021\/07\/automatic-round-bottle-labeler.jpg 750w, https:\/\/tianhuipackingmachine.com\/wp-content\/uploads\/2021\/07\/automatic-round-bottle-labeler-300x200.jpg 300w\" sizes=\"auto, (max-width: 750px) 100vw, 750px\" \/><figcaption>m\u00e1y d\u00e1n nh\u00e3n chai tr\u00f2n t\u1ef1 \u0111\u1ed9ng<\/figcaption><\/figure><\/div> <\/div> <\/div>    <h2 class=\"wp-block-heading\" id=\"h-structures-of-automatic-round-bottle-labeling-machine\">C\u1ea5u t\u1ea1o c\u1ee7a m\u00e1y d\u00e1n nh\u00e3n chai tr\u00f2n t\u1ef1 \u0111\u1ed9ng<\/h2>    <p class=\"translation-block\">M\u00e1y d\u00e1n nh\u00e3n chai tr\u00f2n t\u1ef1 \u0111\u1ed9ng bao g\u1ed3m m\u00e0n h\u00ecnh c\u1ea3m \u1ee9ng PLC, \u0111\u1ed9ng c\u01a1 d\u00e1n nh\u00e3n, cu\u1ed9n, thi\u1ebft b\u1ecb t\u00e1ch chai v\u1edbi b\u00e1nh xe d\u1eebng chai, t\u1ee7 \u0111i\u1ec7n, thi\u1ebft b\u1ecb cu\u1ed9n nh\u00e3n, b\u0103ng t\u1ea3i \u0111\u1ea7u ra, v.v. Th\u00e2n m\u00e1y \u0111\u01b0\u1ee3c l\u00e0m b\u1eb1ng th\u00e9p kh\u00f4ng g\u1ec9 b\u1ec1n b\u1ec9. Thi\u1ebft l\u1eadp ng\u00f4n ng\u1eef s\u1eed d\u1ee5ng, t\u1ed1c \u0111\u1ed9 ch\u1ea1y c\u1ee7a thi\u1ebft b\u1ecb t\u00e1ch chai, th\u1eddi gian d\u00e1n nh\u00e3n, v.v. tr\u00ean m\u00e0n h\u00ecnh c\u1ea3m \u1ee9ng PLC, c\u00f3 th\u1ec3 hi\u1ec3n th\u1ecb t\u1ed5ng s\u1ea3n l\u01b0\u1ee3ng, s\u1ed1 l\u01b0\u1ee3ng d\u00e1n nh\u00e3n. C\u00e1c nh\u00e3n \u0111i qua c\u00e1c cu\u1ed9n \u0111\u01b0\u1ee3c \u0111i\u1ec1u khi\u1ec3n b\u1edfi \u0111\u1ed9ng c\u01a1. C\u00e1c chai tr\u00ean b\u0103ng t\u1ea3i \u0111\u01b0\u1ee3c t\u00e1ch ra b\u1edfi b\u00e1nh xe d\u1eebng. K\u00edch th\u01b0\u1edbc c\u1ee7a c\u00e1c th\u00e0nh ph\u1ea7n c\u1ee7a m\u00e1y d\u00e1n nh\u00e3n chai t\u1ef1 \u0111\u1ed9ng \u0111\u01b0\u1ee3c t\u00f9y ch\u1ec9nh d\u1ef1a tr\u00ean nhu c\u1ea7u c\u1ee7a b\u1ea1n. B\u1ea1n c\u00f3 mu\u1ed1n bi\u1ebft th\u00eam th\u00f4ng tin kh\u00f4ng? <strong><a href=\"https:\/\/tianhuipackingmachine.com\/vi\/contact\/\">Li\u00ean h\u1ec7 v\u1edbi ch\u00fang t\u00f4i<\/a><\/strong> v\u00e0 ch\u00fang t\u00f4i s\u1ebd tr\u1ea3 l\u1eddi b\u1ea1n s\u1edbm nh\u1ea5t c\u00f3 th\u1ec3.<\/p>    <div class=\"wp-block-image\"><figure class=\"aligncenter size-full\"><img loading=\"lazy\" decoding=\"async\" width=\"750\" height=\"500\" src=\"https:\/\/tianhuipackingmachine.com\/wp-content\/uploads\/2021\/07\/structure-of-automatic-round-bottle-labeling-machine.jpg\" alt=\"C\u1ea5u t\u1ea1o m\u00e1y d\u00e1n nh\u00e3n chai tr\u00f2n t\u1ef1 \u0111\u1ed9ng\" class=\"wp-image-2001\" srcset=\"https:\/\/tianhuipackingmachine.com\/wp-content\/uploads\/2021\/07\/structure-of-automatic-round-bottle-labeling-machine.jpg 750w, https:\/\/tianhuipackingmachine.com\/wp-content\/uploads\/2021\/07\/structure-of-automatic-round-bottle-labeling-machine-300x200.jpg 300w\" sizes=\"auto, (max-width: 750px) 100vw, 750px\" \/><figcaption>C\u1ea5u t\u1ea1o m\u00e1y d\u00e1n nh\u00e3n chai tr\u00f2n t\u1ef1 \u0111\u1ed9ng<\/figcaption><\/figure><\/div>    <h2 class=\"wp-block-heading\" id=\"h-features-benefits\">C\u00e1c t\u00ednh n\u0103ng v\u00e0 l\u1ee3i \u00edch<\/h2>    <ol class=\"wp-block-list\" type=\"1\"><li>C\u1ea5u tr\u00fac \u0111\u01a1n gi\u1ea3n \u0111\u1ec3 c\u00e0i \u0111\u1eb7t, v\u1eadn h\u00e0nh v\u00e0 b\u1ea3o tr\u00ec.<\/li><li>Ch\u1ea1y \u1ed5n \u0111\u1ecbnh, thi\u1ebft k\u1ebf h\u1ee3p l\u00fd, \u0111\u1ed9 \u1ed3n th\u1ea5p, hi\u1ec7u qu\u1ea3 v\u00e0 ch\u00ednh x\u00e1c.<\/li><li>M\u00e0n h\u00ecnh c\u1ea3m \u1ee9ng PLC r\u1ea5t d\u1ec5 v\u1eadn h\u00e0nh.<\/li><li>Chi\u1ec1u r\u1ed9ng b\u0103ng t\u1ea3i, chi\u1ec1u r\u1ed9ng b\u00e1nh xe d\u00e1n nh\u00e3n v\u00e0 chi\u1ec1u cao c\u00f3 th\u1ec3 \u0111i\u1ec1u ch\u1ec9nh \u0111\u01b0\u1ee3c.<\/li><li>B\u1ed1n b\u00e1nh xe ho\u1eb7c \u0111\u00e1y c\u1ed1 \u0111\u1ecbnh t\u00f9y ch\u1ecdn<\/li><li>D\u1ecbch v\u1ee5 t\u00f9y bi\u1ebfn c\u00f3 s\u1eb5n<\/li><\/ol>    <h2 class=\"wp-block-heading\" id=\"h-automatic-round-bottle-labeler-working-video\">Video ho\u1ea1t \u0111\u1ed9ng c\u1ee7a m\u00e1y d\u00e1n nh\u00e3n chai tr\u00f2n t\u1ef1 \u0111\u1ed9ng <\/h2>   <figure class=\"wp-block-embed-youtube wp-block-embed is-type-video is-provider-youtube wp-embed-aspect-16-9 wp-has-aspect-ratio\"><div class=\"lyte-wrapper\" title=\"M\u00e1y d\u00e1n nh\u00e3n chai tr\u00f2n t\u1ef1 \u0111\u1ed9ng | D\u1ee5ng c\u1ee5 d\u00e1n nh\u00e3n\" style=\"width:853px;max-width:100%;margin:5px auto;\"><div class=\"lyMe\" id=\"WYL_hKvurQpWX5I\" itemprop=\"video\" itemscope itemtype=\"https:\/\/schema.org\/VideoObject\"><div><meta itemprop=\"thumbnailUrl\" content=\"https:\/\/i.ytimg.com\/vi\/hKvurQpWX5I\/hqdefault.jpg\" \/><meta itemprop=\"embedURL\" content=\"https:\/\/www.youtube.com\/embed\/hKvurQpWX5I\" \/><meta itemprop=\"duration\" content=\"PT2M37S\" \/><meta itemprop=\"uploadDate\" content=\"2021-10-14T07:39:26Z\" \/><\/div><div id=\"lyte_hKvurQpWX5I\" data-src=\"https:\/\/i.ytimg.com\/vi\/hKvurQpWX5I\/hqdefault.jpg\" class=\"pL\"><div class=\"tC\"><div class=\"tT\" itemprop=\"name\">M\u00e1y d\u00e1n nh\u00e3n chai tr\u00f2n t\u1ef1 \u0111\u1ed9ng | D\u1ee5ng c\u1ee5 d\u00e1n nh\u00e3n<\/div><\/div><div class=\"play\"><\/div><div class=\"ctrl\"><div class=\"Lctrl\"><\/div><div class=\"Rctrl\"><\/div><\/div><\/div><noscript><a href=\"https:\/\/youtu.be\/hKvurQpWX5I\" rel=\"nofollow noopener\" target=\"_blank\"><img loading=\"lazy\" decoding=\"async\" src=\"https:\/\/i.ytimg.com\/vi\/hKvurQpWX5I\/0.jpg\" alt=\"M\u00e1y d\u00e1n nh\u00e3n chai tr\u00f2n t\u1ef1 \u0111\u1ed9ng | D\u1ee5ng c\u1ee5 d\u00e1n nh\u00e3n\" width=\"853\" height=\"460\" \/><\/a><\/noscript><meta itemprop=\"description\" content=\"The automatic round bottle labeling machine can paste a whole long label or double short labels on the round bottles. The equipment size can be customized according to the diameter and the height of the round bottle. It can not only be used alone but also match with other machines to compose a production line, such as filling machine, capping machine, heat shrink packing machine, carton sealing machine, and so on. Email: sales@toppackingmachine.com Whatsapp\/Tel: +86 17329326135 More details on the website: https:\/\/tianhuipackingmachine.com\/automatic-round-bottle-labeling-machine-sale\/\"><\/div><\/div><div class=\"lL\" style=\"max-width:100%;width:853px;margin:5px auto;\"> <a href=\"https:\/\/youtu.be\/hKvurQpWX5I\" target=\"_blank\" rel=\"noopener\">Xem video n\u00e0y tr\u00ean YouTube<\/a>.<\/div><figcaption><\/figcaption><\/figure>   <h2 class=\"wp-block-heading\" id=\"h-various-applications-of-automatic-round-bottle-labeling-equipment\">\u1ee8ng d\u1ee5ng \u0111a d\u1ea1ng c\u1ee7a thi\u1ebft b\u1ecb d\u00e1n nh\u00e3n chai tr\u00f2n t\u1ef1 \u0111\u1ed9ng<\/h2>    <p class=\"translation-block\">M\u00e1y \u0111\u00f3ng g\u00f3i chai tr\u00f2n t\u1ef1 \u0111\u1ed9ng ph\u00f9 h\u1ee3p cho chai nh\u1ef1a, chai th\u1ee7y tinh, chai kim lo\u1ea1i, v.v., \u0111\u01b0\u1ee3c \u00e1p d\u1ee5ng r\u1ed9ng r\u00e3i trong c\u00e1c ng\u00e0nh c\u00f4ng nghi\u1ec7p th\u1ef1c ph\u1ea9m, \u0111\u1ed3 u\u1ed1ng, \u0111\u1ed3 d\u00f9ng h\u00e0ng ng\u00e0y, d\u01b0\u1ee3c ph\u1ea9m, n\u01b0\u1edbc s\u1ed1t, m\u1ef9 ph\u1ea9m, h\u00f3a ch\u1ea5t, v\u00e0 nhi\u1ec1u h\u01a1n n\u1eefa. Trong cu\u1ed9c s\u1ed1ng h\u00e0ng ng\u00e0y c\u1ee7a ch\u00fang ta, r\u1ea5t ph\u1ed5 bi\u1ebfn \u0111\u1ec3 th\u1ea5y chai n\u01b0\u1edbc, bia, r\u01b0\u1ee3u,<strong><a href=\"https:\/\/tianhuipackingmachine.com\/vi\/oil-packaging-machine\/\">d\u1ea7u<\/a><\/strong>, gia v\u1ecb, n\u01b0\u1edbc s\u1ed1t, thu\u1ed1c, s\u1eefa, \u0111\u1ed3 \u0103n nh\u1eb9, v.v. M\u1ed9t m\u00e1y d\u00e1n nh\u00e3n chai tr\u00f2n t\u1ef1 \u0111\u1ed9ng kh\u00f4ng ch\u1ec9 c\u00f3 th\u1ec3 d\u00e1n m\u1ed9t nh\u00e3n to\u00e0n b\u1ed9 quanh chai m\u00e0 c\u00f2n c\u00f3 th\u1ec3 d\u00e1n hai nh\u00e3n \u1edf m\u1eb7t tr\u01b0\u1edbc v\u00e0 m\u1eb7t sau. B\u00ean c\u1ea1nh \u0111\u00f3, n\u00f3 c\u00f3 th\u1ec3 k\u1ebft h\u1ee3p v\u1edbi c\u00e1c m\u00e1y kh\u00e1c \u0111\u1ec3 ho\u1ea1t \u0111\u1ed9ng, ch\u1eb3ng h\u1ea1n nh\u01b0 m\u00e1y ph\u00e2n lo\u1ea1i chai, m\u00e1y t\u1ef1 \u0111\u1ed9ng \u0111\u1ed5 l\u1ecfng, m\u00e1y \u0111\u00f3ng g\u00f3i, b\u0103ng t\u1ea3i, m\u00e1y \u0111\u00f3ng n\u1eafp b\u1eb1ng v\u00edt, m\u00e1y in ng\u00e0y, v.v. Nh\u1eefng m\u00e1y n\u00e0y ho\u1ea1t \u0111\u1ed9ng c\u00f9ng nhau c\u00f3 th\u1ec3 c\u1ea3i thi\u1ec7n \u0111\u00e1ng k\u1ec3 t\u1ef1 \u0111\u1ed9ng h\u00f3a s\u1ea3n xu\u1ea5t. N\u1ebfu b\u1ea1n \u0111ang t\u00ecm ki\u1ebfm ch\u00fang, h\u00e3y li\u00ean h\u1ec7 v\u1edbi ch\u00fang t\u00f4i \u0111\u1ec3 bi\u1ebft th\u00eam th\u00f4ng tin v\u00e0 gi\u00e1 t\u1ed1t nh\u1ea5t.<\/p>    <div class=\"wp-block-image\"><figure class=\"aligncenter size-full\"><img loading=\"lazy\" decoding=\"async\" width=\"750\" height=\"500\" src=\"https:\/\/tianhuipackingmachine.com\/wp-content\/uploads\/2021\/07\/labeling-machines-for-all-kinds-of-round-bottles.jpg\" alt=\"m\u00e1y d\u00e1n nh\u00e3n c\u00e1c lo\u1ea1i chai tr\u00f2n\" class=\"wp-image-2003\" srcset=\"https:\/\/tianhuipackingmachine.com\/wp-content\/uploads\/2021\/07\/labeling-machines-for-all-kinds-of-round-bottles.jpg 750w, https:\/\/tianhuipackingmachine.com\/wp-content\/uploads\/2021\/07\/labeling-machines-for-all-kinds-of-round-bottles-300x200.jpg 300w\" sizes=\"auto, (max-width: 750px) 100vw, 750px\" \/><figcaption>m\u00e1y d\u00e1n nh\u00e3n c\u00e1c lo\u1ea1i chai tr\u00f2n<\/figcaption><\/figure><\/div>    <h2 class=\"wp-block-heading\" id=\"h-operating-procedures\">Th\u1ee7 t\u1ee5c \u0111i\u1ec1u h\u00e0nh<\/h2>    <ol class=\"wp-block-list\" type=\"1\"><li>L\u1eafp nh\u00e3n theo s\u01a1 \u0111\u1ed3 v\u00e0 \u0111i\u1ec1u ch\u1ec9nh \u0111\u1ed9 cao c\u1ee7a t\u1eebng b\u1ed9 ph\u1eadn.<\/li><li>Ki\u1ec3m tra xem v\u1ecb tr\u00ed c\u1ee7a nh\u00e3n c\u00f3 \u0111\u00fang hay kh\u00f4ng.<\/li><li>\u0110i\u1ec1u ch\u1ec9nh \u0111\u1ed9 r\u1ed9ng c\u1ee7a thi\u1ebft b\u1ecb chai ri\u00eang bi\u1ec7t.<\/li><li>C\u1eafm ngu\u1ed3n \u0111i\u1ec7n, m\u1edf c\u00f4ng t\u1eafc \u0111\u1ea7u b\u00e1o quang \u0111i\u1ec7n. \u00a0<\/li><li>M\u1edf c\u00f4ng t\u1eafc \u0111\u1ed9ng c\u01a1 v\u00e0 g\u1eedi nh\u00e3n, ki\u1ec3m tra m\u00e1y. N\u1ebfu c\u00f3 g\u00ec sai, h\u00e3y s\u1eeda n\u00f3.<\/li><li>Sau khi \u0111\u1ea3m b\u1ea3o thi\u1ebft b\u1ecb kh\u00f4ng c\u00f3 l\u1ed7i, b\u1ea1n c\u00f3 th\u1ec3 s\u1eed d\u1ee5ng \u0111\u1ec3 b\u1eaft \u0111\u1ea7u s\u1ea3n xu\u1ea5t.<\/li><li>Ng\u1eaft k\u1ebft n\u1ed1i ngu\u1ed3n \u0111i\u1ec7n khi b\u1ea1n kh\u00f4ng s\u1eed d\u1ee5ng.<\/li><\/ol>    <h2 class=\"wp-block-heading\" id=\"h-attentions\">Ch\u00fa \u00fd<\/h2>    <ul class=\"wp-block-list\" type=\"1\"><li>Tr\u01b0\u1edbc khi b\u1eadt ngu\u1ed3n, h\u00e3y ki\u1ec3m tra xem t\u1ea5t c\u1ea3 c\u00e1c b\u1ed9 ph\u1eadn c\u1ee7a m\u00e1y \u0111\u00e3 \u0111\u01b0\u1ee3c l\u1eafp \u0111\u1eb7t \u0111\u00fang v\u1ecb tr\u00ed ch\u01b0a.<\/li><li>\u0110\u1ea3m b\u1ea3o d\u00e2y n\u1ed1i \u0111\u1ea5t \u0111\u01b0\u1ee3c k\u1ebft n\u1ed1i khi s\u1eed d\u1ee5ng.<\/li><li>H\u00e3y ch\u00fa \u00fd xem h\u01b0\u1edbng c\u1ee7a nh\u00e3n c\u00f3 ph\u00f9 h\u1ee3p v\u1edbi thi\u1ebft b\u1ecb hay kh\u00f4ng.<\/li><li>H\u00e3y ch\u1eafc ch\u1eafn \u0111\u1ec3 l\u00e0m ph\u1eb3ng v\u00e0 c\u0103ng nh\u00e3n.<\/li><li>\u0110\u1eb7t \u0111\u1ea7u d\u00f2 quang \u0111i\u1ec7n \u1edf v\u1ecb tr\u00ed kh\u00f4ng ch\u00ednh x\u00e1c, n\u1ebfu kh\u00f4ng nh\u00e3n d\u00e1n s\u1ebd kh\u00f4ng tr\u01a1n tru.<\/li><li>\u0110\u1ea3m b\u1ea3o vi\u1ec7c v\u1eadn chuy\u1ec3n b\u00ecnh b\u00fa v\u00e0 \u0111\u01b0\u1eddng \u0111i c\u1ee7a nh\u00e3n kh\u00f4ng b\u1ecb c\u1ea3n tr\u1edf.<\/li><\/ul>    <h2 class=\"wp-block-heading\" id=\"h-related-bottle-labeling-machine-for-sale\">C\u1ea7n b\u00e1n m\u00e1y d\u00e1n nh\u00e3n chai li\u00ean quan<\/h2>    <p class=\"translation-block\">L\u00e0 <strong><a href=\"https:\/\/tianhuipackingmachine.com\/vi\/\">m\u1ed9t nh\u00e0 s\u1ea3n xu\u1ea5t v\u00e0 cung c\u1ea5p m\u00e1y m\u00f3c<\/a><\/strong>, ngo\u00e0i m\u00e1y d\u00e1n nh\u00e3n chai tr\u00f2n t\u1ef1 \u0111\u1ed9ng, ch\u00fang t\u00f4i c\u0169ng cung c\u1ea5p m\u00e1y d\u00e1n nh\u00e3n chai ph\u1eb3ng, m\u00e1y d\u00e1n nh\u00e3n chai nh\u1ecf, m\u00e1y d\u00e1n nh\u00e3n chai tr\u00f2n cho nh\u00e3n ng\u1eafn, m\u00e1y d\u00e1n nh\u00e3n h\u1ed9p ph\u1eb3ng ho\u1eb7c t\u00fai, m\u00e1y d\u00e1n nh\u00e3n chai tr\u00f2n th\u1ee7 c\u00f4ng, v.v. M\u00e1y d\u00e1n nh\u00e3n chai ph\u1eb3ng c\u00f3 th\u1ec3 d\u00e1n m\u1ed9t m\u1eb7t ph\u1eb3ng ho\u1eb7c hai m\u1eb7t ph\u1eb3ng t\u00f9y ch\u1ecdn. M\u00e1y d\u00e1n nh\u00e3n chai nh\u1ecf ph\u00f9 h\u1ee3p cho c\u00e1c v\u1eadt nh\u1ecf, nh\u01b0 son m\u00f4i, k\u1eb9o r\u1eafn, m\u1eabu m\u1ef9 ph\u1ea9m v\u1edbi chai tr\u00f2n, v\u00e0 nhi\u1ec1u h\u01a1n n\u1eefa. M\u00e1y d\u00e1n nh\u00e3n chai tr\u00f2n th\u1ee7 c\u00f4ng, c\u00f2n \u0111\u01b0\u1ee3c g\u1ecdi l\u00e0 m\u00e1y d\u00e1n nh\u00e3n chai tr\u00f2n b\u00e1n t\u1ef1 \u0111\u1ed9ng, c\u1ea7n ng\u01b0\u1eddi \u0111\u1eb7t chai v\u00e0o v\u1ecb tr\u00ed d\u00e1n nh\u00e3n b\u1eb1ng tay. H\u01a1n n\u1eefa, ch\u00fang t\u00f4i cung c\u1ea5p d\u1ecbch v\u1ee5 t\u00f9y ch\u1ec9nh theo y\u00eau c\u1ea7u c\u1ee5 th\u1ec3 c\u1ee7a b\u1ea1n. N\u1ebfu b\u1ea1n quan t\u00e2m \u0111\u1ebfn ch\u00fang, vui l\u00f2ng li\u00ean h\u1ec7 v\u1edbi ch\u00fang t\u00f4i \u0111\u1ec3 bi\u1ebft th\u00eam chi ti\u1ebft.<\/p>","protected":false},"excerpt":{"rendered":"<p>Automatic round bottle labeling machine is the equipment that can paste rolls of sticker paper label on the round bottles. The labels include a whole label or double labels around the circumference of the bottle. It is suitable for various bottles, referring to plastic bottles, glass bottles, metal bottles, etc.&nbsp;It\u2019s equipped with a PLC touch [&hellip;]<\/p>\n","protected":false},"author":1,"featured_media":1988,"parent":0,"template":"","tags":[173],"product-type":[144],"class_list":["post-1984","product","type-product","status-publish","has-post-thumbnail","hentry","tag-bottle-labeling-machine","product-type-supporting-equipment"],"_links":{"self":[{"href":"https:\/\/tianhuipackingmachine.com\/vi\/wp-json\/wp\/v2\/product\/1984","targetHints":{"allow":["GET"]}}],"collection":[{"href":"https:\/\/tianhuipackingmachine.com\/vi\/wp-json\/wp\/v2\/product"}],"about":[{"href":"https:\/\/tianhuipackingmachine.com\/vi\/wp-json\/wp\/v2\/types\/product"}],"author":[{"embeddable":true,"href":"https:\/\/tianhuipackingmachine.com\/vi\/wp-json\/wp\/v2\/users\/1"}],"wp:featuredmedia":[{"embeddable":true,"href":"https:\/\/tianhuipackingmachine.com\/vi\/wp-json\/wp\/v2\/media\/1988"}],"wp:attachment":[{"href":"https:\/\/tianhuipackingmachine.com\/vi\/wp-json\/wp\/v2\/media?parent=1984"}],"wp:term":[{"taxonomy":"post_tag","embeddable":true,"href":"https:\/\/tianhuipackingmachine.com\/vi\/wp-json\/wp\/v2\/tags?post=1984"},{"taxonomy":"product-type","embeddable":true,"href":"https:\/\/tianhuipackingmachine.com\/vi\/wp-json\/wp\/v2\/product-type?post=1984"}],"curies":[{"name":"wp","href":"https:\/\/api.w.org\/{rel}","templated":true}]}}