{"id":365,"date":"2021-05-12T07:20:48","date_gmt":"2021-05-12T07:20:48","guid":{"rendered":"https:\/\/tianhuipackingmachine.com\/?page_id=365"},"modified":"2025-09-12T09:46:19","modified_gmt":"2025-09-12T01:46:19","slug":"be-agent","status":"publish","type":"page","link":"https:\/\/tianhuipackingmachine.com\/vi\/be-agent\/","title":{"rendered":"Tr\u1edf th\u00e0nh \u0111\u1ea1i l\u00fd"},"content":{"rendered":"<h2 class=\"wp-block-heading has-text-color\" id=\"h-who-we-are\" style=\"color:#ff4301\"><strong>Ch\u00fang ta l\u00e0 ai<\/strong><\/h2>    <p>\u0110\u01b0\u1ee3c th\u00e0nh l\u1eadp v\u00e0o n\u0103m 1993, ch\u00fang t\u00f4i l\u00e0 m\u1ed9t trong nh\u1eefng nh\u00e0 s\u1ea3n xu\u1ea5t m\u00e1y \u0111\u00f3ng g\u00f3i chuy\u00ean nghi\u1ec7p h\u00e0ng \u0111\u1ea7u t\u1ea1i Trung Qu\u1ed1c. V\u1edbi kinh nghi\u1ec7m phong ph\u00fa trong thi\u1ebft k\u1ebf, nghi\u00ean c\u1ee9u, s\u1ea3n xu\u1ea5t v\u00e0 ti\u1ebfp th\u1ecb thi\u1ebft b\u1ecb \u0111\u00f3ng g\u00f3i, m\u00e1y \u0111\u00f3ng g\u00f3i TOP \u0111\u00e3 \u0111\u01b0\u1ee3c xu\u1ea5t kh\u1ea9u t\u1edbi h\u01a1n 80 qu\u1ed1c gia v\u00e0 khu v\u1ef1c tr\u00ean th\u1ebf gi\u1edbi. Hi\u1ec7n nay, ch\u00fang t\u00f4i \u0111ang t\u00ecm ki\u1ebfm c\u00e1c nh\u00e0 ph\u00e2n ph\u1ed1i l\u00e0m \u0111\u1ed1i t\u00e1c chi\u1ebfn l\u01b0\u1ee3c to\u00e0n c\u1ea7u c\u1ee7a m\u00ecnh \u0111\u1ec3 \u0111\u1ea1t \u0111\u01b0\u1ee3c t\u00ecnh h\u00ecnh \u0111\u00f4i b\u00ean c\u00f9ng c\u00f3 l\u1ee3i.<\/p>    <h2 class=\"wp-block-heading has-text-color\" id=\"h-what-we-supply\" style=\"color:#ff4301\"><strong>Nh\u1eefng g\u00ec ch\u00fang t\u00f4i cung c\u1ea5p<\/strong><\/h2>    <p class=\"translation-block\">Lo\u1ea1i 1: M\u00e1y \u0111\u00f3ng g\u00f3i t\u00fai \u0111\u01b0\u1eddng \u0111i\u1ec7n nh\u1ecf \u0111ang b\u00e1n<\/p>    <h2 class=\"wp-block-heading has-text-color\" id=\"h-what-we-support\" style=\"color:#ff4301\"><strong>Nh\u1eefng g\u00ec ch\u00fang t\u00f4i h\u1ed7 tr\u1ee3<\/strong><\/h2>    <p>H\u1ec7 th\u1ed1ng chu\u1ed7i cung \u1ee9ng li\u00ean t\u1ee5c v\u00e0 \u1ed5n \u0111\u1ecbnh<\/p>    <p>H\u1ec7 th\u1ed1ng \u0111\u1ecbnh gi\u00e1 ho\u00e0n ch\u1ec9nh v\u00e0 c\u1ea1nh tranh<\/p>    <p>H\u1ed7 tr\u1ee3 \u0111\u1ea7y \u0111\u1ee7 qu\u1ea3ng b\u00e1: Tri\u1ec3n l\u00e3m th\u1ebf gi\u1edbi, Website ch\u00ednh th\u1ee9c, M\u1ea1ng x\u00e3 h\u1ed9i, Qu\u1ea3ng c\u00e1o to\u00e0n c\u1ea7u<\/p>    <p>H\u1eadu c\u1ea7n: H\u1eadu c\u1ea7n tr\u00ean to\u00e0n th\u1ebf gi\u1edbi v\u00e0 h\u1eadu c\u1ea7n do kh\u00e1ch h\u00e0ng ch\u1ec9 \u0111\u1ecbnh<\/p>    <p>Chi\u1ebfn l\u01b0\u1ee3c v\u00e0 x\u00e2y d\u1ef1ng th\u01b0\u01a1ng hi\u1ec7u: ti\u1ebfp th\u1ecb th\u01b0\u01a1ng hi\u1ec7u d\u1ef1a tr\u00ean th\u01b0\u01a1ng hi\u1ec7u c\u1ee7a ch\u00fang t\u00f4i ho\u1eb7c OEM\/ODM<\/p>    <h2 class=\"wp-block-heading has-text-color\" id=\"h-how-to-start\" style=\"color:#ff4301\"><strong>L\u00e0m th\u1ebf n\u00e0o \u0111\u1ec3 b\u1eaft \u0111\u1ea7u<\/strong><\/h2>    <ol class=\"wp-block-list\" style=\"list-style-type:1\"> <li>Th\u00f4ng tin ng\u01b0\u1eddi n\u1ed9p \u0111\u01a1n v\u00e0 \u00fd \u0111\u1ecbnh g\u1eedi<\/li>    <li>\u0110\u00e1nh gi\u00e1 v\u00e0 xem x\u00e9t<\/li>    <li>\u0110\u1ec1 xu\u1ea5t v\u00e0 k\u1ebf ho\u1ea1ch kinh doanh<\/li>    <li>Th\u1ef1c hi\u1ec7n v\u00e0 x\u1eed l\u00fd \u0111\u01a1n h\u00e0ng<\/li> <\/ol>    <hr class=\"wp-block-separator has-text-color has-css-opacity has-background is-style-wide\" style=\"background-color:#ff4301;color:#ff4301\"\/>    <p class=\"has-black-color has-text-color translation-block\">b\u1ed9t y\u1ebfn m\u1ea1ch<\/p>    <p class=\"translation-block\">, g\u1ea1o, tr\u00e1i c\u00e2y kh\u00f4, \u0111\u1eadu ph\u1ed9ng, b\u1ed9t c\u00e0 ph\u00ea, b\u1ed9t s\u1eefa, gia v\u1ecb, v.v.<\/p>    <p><\/p>    <p class=\"translation-block\">D\u1eef li\u1ec7u k\u1ef9 thu\u1eadt c\u1ee7a m\u00e1y \u0111\u00f3ng g\u00f3i \u0111\u01b0\u1eddng \u0111i\u1ec7n<\/p>    <p>Tel\/ WhatsApp: +8613673689272 (Ms. Malinda)<\/p>    <h3 class=\"wp-block-heading has-text-align-center has-text-color has-background\" id=\"h-want-to-start-your-successful-business\" style=\"color:#ff5200;background-color:#eeeeee\"><strong>B\u1ea1n mu\u1ed1n b\u1eaft \u0111\u1ea7u c\u00f4ng vi\u1ec7c kinh doanh th\u00e0nh c\u00f4ng c\u1ee7a m\u00ecnh ngay b\u00e2y gi\u1edd? <\/strong><\/h3>    <p>\u0110\u1eebng ng\u1ea7n ng\u1ea1i \u0111\u1ec3 l\u1ea1i tin nh\u1eafn cho ch\u00fang t\u00f4i! D\u1ef1a tr\u00ean tin nh\u1eafn v\u00e0 th\u00f4ng tin c\u1ee7a b\u1ea1n, ch\u00fang t\u00f4i s\u1ebd li\u00ean l\u1ea1c v\u1edbi b\u1ea1n trong th\u1eddi gian s\u1edbm nh\u1ea5t.<\/p>","protected":false},"excerpt":{"rendered":"<p>Who we are Founded in 1993, we are one of the leading professional packing machine manufacturers in China. With rich experience in the design, research, manufacturing, and marketing of packaging equipment, TOP packing machines have been exported to more than 80 countries and regions around the world. Now, we are looking for distributors as our [&hellip;]<\/p>\n","protected":false},"author":1,"featured_media":0,"parent":0,"menu_order":0,"comment_status":"closed","ping_status":"closed","template":"","meta":{"footnotes":""},"class_list":["post-365","page","type-page","status-publish","hentry"],"_links":{"self":[{"href":"https:\/\/tianhuipackingmachine.com\/vi\/wp-json\/wp\/v2\/pages\/365","targetHints":{"allow":["GET"]}}],"collection":[{"href":"https:\/\/tianhuipackingmachine.com\/vi\/wp-json\/wp\/v2\/pages"}],"about":[{"href":"https:\/\/tianhuipackingmachine.com\/vi\/wp-json\/wp\/v2\/types\/page"}],"author":[{"embeddable":true,"href":"https:\/\/tianhuipackingmachine.com\/vi\/wp-json\/wp\/v2\/users\/1"}],"replies":[{"embeddable":true,"href":"https:\/\/tianhuipackingmachine.com\/vi\/wp-json\/wp\/v2\/comments?post=365"}],"version-history":[{"count":0,"href":"https:\/\/tianhuipackingmachine.com\/vi\/wp-json\/wp\/v2\/pages\/365\/revisions"}],"wp:attachment":[{"href":"https:\/\/tianhuipackingmachine.com\/vi\/wp-json\/wp\/v2\/media?parent=365"}],"curies":[{"name":"wp","href":"https:\/\/api.w.org\/{rel}","templated":true}]}}