{"id":320,"date":"2021-05-12T01:52:32","date_gmt":"2021-05-12T01:52:32","guid":{"rendered":"https:\/\/tianhuipackingmachine.com\/?page_id=320"},"modified":"2025-09-12T09:47:44","modified_gmt":"2025-09-12T01:47:44","slug":"faq","status":"publish","type":"page","link":"https:\/\/tianhuipackingmachine.com\/vi\/faq\/","title":{"rendered":"C\u00e2u h\u1ecfi th\u01b0\u1eddng g\u1eb7p"},"content":{"rendered":"<div id=\"rank-math-faq\" class=\"rank-math-block\"> <div class=\"rank-math-list\"> <div id=\"faq-question-1664413497532\" class=\"rank-math-list-item\"> <h3 class=\"rank-math-question\"><strong>H\u1ecfi: T\u00f4i c\u00f3 th\u1ec3 tr\u1edf th\u00e0nh nh\u00e0 ph\u00e2n ph\u1ed1i c\u1ee7a b\u1ea1n \u1edf m\u1ed9t khu v\u1ef1c nh\u1ea5t \u0111\u1ecbnh kh\u00f4ng?<\/strong><\/h3> <div class=\"rank-math-answer\">  <p>Tr\u1ea3 l\u1eddi: T\u1ea5t nhi\u00ean, ch\u00fang t\u00f4i hoan ngh\u00eanh c\u00e1c nh\u00e0 ph\u00e2n ph\u1ed1i, ch\u00fang t\u00f4i s\u1ebd cung c\u1ea5p gi\u00e1 c\u1ea3 v\u00e0 d\u1ecbch v\u1ee5 c\u1ea1nh tranh h\u01a1n khi b\u1ea1n mua s\u1ed1 l\u01b0\u1ee3ng m\u00e1y \u0111\u00f3ng g\u00f3i kh\u00e1c nhau.<\/p>  <\/div> <\/div> <div id=\"faq-question-1664413502438\" class=\"rank-math-list-item\"> <h3 class=\"rank-math-question\"><strong>H\u1ecfi: Th\u1eddi gian v\u00e0 c\u00e1ch v\u1eadn chuy\u1ec3n h\u00e0ng \u0111\u1ea7u l\u00e0 g\u00ec?<\/strong><\/h3> <div class=\"rank-math-answer\">  <p>A: N\u00f3 d\u1ef1a tr\u00ean s\u1ed1 l\u01b0\u1ee3ng \u0111\u1eb7t h\u00e0ng v\u00e0 c\u00e1c m\u1eb7t h\u00e0ng m\u00e1y m\u00f3c! \u0110\u1ed1i v\u1edbi s\u1ed1 l\u01b0\u1ee3ng \u0111\u1eb7t h\u00e0ng nh\u1ecf c\u1ee7a m\u00e1y ti\u00eau chu\u1ea9n, ch\u00fang t\u00f4i lu\u00f4n c\u00f3 h\u00e0ng. \u0110\u1ed1i v\u1edbi m\u1ed9t s\u1ed1 l\u01b0\u1ee3ng l\u1edbn m\u00e1y ti\u00eau chu\u1ea9n v\u00e0 m\u00e1y t\u00f9y ch\u1ec9nh kh\u00e1c, c\u1ea7n 15 ~ 45 ng\u00e0y. Ch\u00fang t\u00f4i s\u1ebd x\u00e1c nh\u1eadn chi ti\u1ebft v\u1edbi kh\u00e1ch h\u00e0ng tr\u01b0\u1edbc khi \u0111\u1eb7t h\u00e0ng.<\/p>  <\/div> <\/div> <div id=\"faq-question-1664413519158\" class=\"rank-math-list-item\"> <h3 class=\"rank-math-question\"><strong>H\u1ecfi: Lo\u1ea1i m\u00e0ng cu\u1ed9n n\u00e0o c\u00f3 th\u1ec3 \u0111\u01b0\u1ee3c s\u1eed d\u1ee5ng cho m\u00e1y c\u1ee7a b\u1ea1n?<\/strong><\/h3> <div class=\"rank-math-answer\">  <p>A: Polypropylene\/polyethylene, l\u00e1 nh\u00f4m\/polyethylene, polyester\/nh\u00f4m\/polyethylene, nylon\/polyethylene gia c\u1ed1, gi\u1ea5y\/polyethylene, gi\u1ea5y l\u1ecdc, v.v.<\/p>  <\/div> <\/div> <div id=\"faq-question-1664413534934\" class=\"rank-math-list-item\"> <h3 class=\"rank-math-question\"><strong>H\u1ecfi: B\u1ea1n cung c\u1ea5p lo\u1ea1i m\u00e1y \u0111\u00f3ng g\u00f3i n\u00e0o?<\/strong><\/h3> <div class=\"rank-math-answer\">  <p>Tr\u1ea3 l\u1eddi: \u0110\u1ed1i v\u1edbi v\u1eadt li\u1ec7u \u0111\u00f3ng g\u00f3i, ch\u00fang t\u00f4i cung c\u1ea5p nhi\u1ec1u lo\u1ea1i m\u00e1y \u0111\u00f3ng g\u00f3i d\u1ea1ng b\u1ed9t, m\u00e1y \u0111\u00f3ng g\u00f3i d\u1ea1ng h\u1ea1t, m\u00e1y \u0111\u00f3ng g\u00f3i ch\u1ea5t l\u1ecfng v\u00e0 m\u00e1y \u0111\u00f3ng g\u00f3i d\u1ea1ng d\u00e1n. V\u1ec1 k\u1ebft c\u1ea5u m\u00e1y, c\u00f3 nhi\u1ec1u lo\u1ea1i thi\u1ebft b\u1ecb \u0111\u00f3ng g\u00f3i g\u1ed1i v\u00e0 thi\u1ebft b\u1ecb \u0111\u00f3ng g\u00f3i d\u1ecdc. V\u00e0 c\u00f3 s\u1eb5n c\u00e1c lo\u1ea1i m\u00e1y \u0111\u00f3ng g\u00f3i c\u00e2n \u0111\u1ecbnh l\u01b0\u1ee3ng nhi\u1ec1u \u0111\u1ea7u kh\u00e1c nhau.<\/p>  <\/div> <\/div> <div id=\"faq-question-1664413560534\" class=\"rank-math-list-item\"> <h3 class=\"rank-math-question\"><strong>H\u1ecfi: \u0110\u1ed1i v\u1edbi m\u00e1y \u0111\u00f3ng g\u00f3i h\u1ea1t, tr\u1ecdng l\u01b0\u1ee3ng s\u1ebd gi\u1ea3m bao nhi\u00eau khi th\u00e1o c\u1ed1c \u0111o?<\/strong><\/h3> <div class=\"rank-math-answer\">  <p>\u0110\u00e1p: C\u00e1c v\u1eadt th\u1ec3 kh\u00e1c nhau l\u00e0 kh\u00e1c nhau v\u00ec m\u1eadt \u0111\u1ed9 c\u1ee7a c\u00e1c v\u1eadt th\u1ec3 l\u00e0 kh\u00e1c nhau. Ch\u00fang t\u00f4i s\u1ebd \u0111\u01b0a ra g\u1ee3i \u00fd cho b\u1ea1n d\u1ef1a tr\u00ean t\u00ecnh h\u00ecnh th\u1ef1c t\u1ebf c\u1ee7a b\u1ea1n.<\/p>  <\/div> <\/div> <div id=\"faq-question-1664413578629\" class=\"rank-math-list-item\"> <h3 class=\"rank-math-question\"><strong>H\u1ecfi: M\u00e1y \u0111\u00f3ng g\u00f3i c\u1ee7a b\u1ea1n c\u00f3 th\u1ec3 in ng\u00e0y kh\u00f4ng?<\/strong><\/h3> <div class=\"rank-math-answer\">  <p>Tr\u1ea3 l\u1eddi: C\u00f3. Ch\u00fang t\u00f4i c\u00f3 th\u1ec3 th\u00eam thi\u1ebft b\u1ecb \u0111\u1ec3 in ng\u00e0y s\u1ea3n xu\u1ea5t \/ S\u1ed1 l\u00f4 \/ Ng\u00e0y h\u1ebft h\u1ea1n.<\/p>  <\/div> <\/div> <div id=\"faq-question-1664413653783\" class=\"rank-math-list-item\"> <h3 class=\"rank-math-question\"><strong>H\u1ecfi: \u0110\u1ed1i v\u1edbi m\u00e1y \u0111\u00f3ng g\u00f3i g\u1ed1i, t\u00f4i c\u00f3 th\u1ec3 t\u1ef1 \u0111i\u1ec1u ch\u1ec9nh chi\u1ec1u r\u1ed9ng t\u00fai kh\u00f4ng?<\/strong><\/h3> <div class=\"rank-math-answer\">  <p>\u0110: T\u1ea5t nhi\u00ean. B\u1ea1n c\u00f3 th\u1ec3 \u0111i\u1ec1u ch\u1ec9nh \u0111\u1ed9 r\u1ed9ng trong m\u1ed9t ph\u1ea1m vi nh\u1ea5t \u0111\u1ecbnh. Ch\u00fang t\u00f4i s\u1ebd cho b\u1ea1n l\u1eddi khuy\u00ean.<\/p>  <\/div> <\/div> <div id=\"faq-question-1664413673286\" class=\"rank-math-list-item\"> <h3 class=\"rank-math-question\"><strong>H\u1ecfi: \u00a0L\u00e0m th\u1ebf n\u00e0o ch\u00fang t\u00f4i c\u00f3 th\u1ec3 \u0111\u1ea3m b\u1ea3o ch\u1ea5t l\u01b0\u1ee3ng c\u1ee7a m\u00e1y sau khi \u0111\u1eb7t h\u00e0ng?<\/strong><\/h3> <div class=\"rank-math-answer\">  <p>Tr\u1ea3 l\u1eddi: Tr\u01b0\u1edbc khi giao h\u00e0ng, ch\u00fang t\u00f4i s\u1ebd g\u1eedi cho b\u1ea1n h\u00ecnh \u1ea3nh v\u00e0 video \u0111\u1ec3 b\u1ea1n ki\u1ec3m tra ch\u1ea5t l\u01b0\u1ee3ng v\u00e0 b\u1ea1n c\u0169ng c\u00f3 th\u1ec3 s\u1eafp x\u1ebfp vi\u1ec7c t\u1ef1 ki\u1ec3m tra ch\u1ea5t l\u01b0\u1ee3ng ho\u1eb7c b\u1edfi nh\u1eefng ng\u01b0\u1eddi li\u00ean h\u1ec7 c\u1ee7a b\u1ea1n \u1edf Zhengzhou.<\/p>  <\/div> <\/div> <div id=\"faq-question-1664413689222\" class=\"rank-math-list-item\"> <h3 class=\"rank-math-question\"><strong>H\u1ecfi: T\u1ea1i sao ch\u00fang t\u00f4i n\u00ean ch\u1ecdn c\u00f4ng ty c\u1ee7a b\u1ea1n?<\/strong><\/h3> <div class=\"rank-math-answer\">  <p>Tr\u1ea3 l\u1eddi: Ch\u00fang t\u00f4i \u0111\u00e3 tham gia thi\u1ebft k\u1ebf, nghi\u00ean c\u1ee9u, s\u1ea3n xu\u1ea5t v\u00e0 ti\u1ebfp th\u1ecb m\u00e1y \u0111\u00f3ng g\u00f3i trong g\u1ea7n 30 n\u0103m. B\u00ean c\u1ea1nh \u0111\u00f3, v\u1edbi ch\u1ea5t l\u01b0\u1ee3ng tuy\u1ec7t v\u1eddi v\u00e0 d\u1ecbch v\u1ee5 th\u00e2n thi\u1ec7n, s\u1ea3n ph\u1ea9m c\u1ee7a ch\u00fang t\u00f4i c\u00f3 t\u00ednh c\u1ea1nh tranh kh\u00e1 cao tr\u00ean th\u1ecb tr\u01b0\u1eddng to\u00e0n c\u1ea7u.<\/p>  <\/div> <\/div> <div id=\"faq-question-1664413702814\" class=\"rank-math-list-item\"> <h3 class=\"rank-math-question\"><strong>H\u1ecfi:\u00a0C\u00f4ng ty c\u1ee7a b\u1ea1n t\u1ecda l\u1ea1c \u1edf \u0111\u00e2u? L\u00e0m th\u1ebf n\u00e0o t\u00f4i c\u00f3 th\u1ec3 \u0111\u1ebfn \u0111\u00f3?<\/strong><\/h3> <div class=\"rank-math-answer\">  <p>A: Nh\u00e0 m\u00e1y c\u1ee7a ch\u00fang t\u00f4i \u0111\u1eb7t t\u1ea1i th\u00e0nh ph\u1ed1 Tr\u1ecbnh Ch\u00e2u, t\u1ec9nh H\u00e0 Nam, Trung Qu\u1ed1c. N\u00f3 r\u1ea5t g\u1ea7n v\u1edbi s\u00e2n bay qu\u1ed1c t\u1ebf Xinzheng. Ch\u00fang t\u00f4i c\u00f3 th\u1ec3 s\u1eafp x\u1ebfp t\u00e0i x\u1ebf c\u1ee7a ch\u00fang t\u00f4i \u0111\u1ec3 \u0111\u00f3n b\u1ea1n. Ch\u00fang t\u00f4i t\u00f4n tr\u1ecdng m\u1ecdi kh\u00e1ch h\u00e0ng nh\u01b0 b\u1ea1n b\u00e8 c\u1ee7a m\u00ecnh v\u00e0 ch\u00fang t\u00f4i ch\u00e2n th\u00e0nh h\u1ee3p t\u00e1c kinh doanh v\u00e0 k\u1ebft b\u1ea1n v\u1edbi h\u1ecd. Ch\u00e0o m\u1eebng b\u1ea1n \u0111\u1ebfn th\u0103m nh\u00e0 m\u00e1y c\u1ee7a ch\u00fang t\u00f4i \u0111\u1ec3 h\u1ee3p t\u00e1c h\u01a1n n\u1eefa.<\/p>  <\/div> <\/div> <\/div> <\/div>   <hr class=\"wp-block-separator has-css-opacity is-style-default\"\/>    <h3 class=\"wp-block-heading has-text-color\" id=\"h-any-other-questions-please-feel-free-to-leave-your-message-below-we-will-get-back-to-you-as-soon-as-possible-or-you-can-contact-us-by-whatsapp-tel-or-email\" style=\"color:#eb5e0b\"><em>M\u1ecdi th\u1eafc m\u1eafc kh\u00e1c xin vui l\u00f2ng \u0111\u1ec3 l\u1ea1i tin nh\u1eafn b\u00ean d\u01b0\u1edbi, ch\u00fang t\u00f4i s\u1ebd li\u00ean h\u1ec7 l\u1ea1i v\u1edbi b\u1ea1n trong th\u1eddi gian s\u1edbm nh\u1ea5t. Ho\u1eb7c b\u1ea1n c\u00f3 th\u1ec3 li\u00ean h\u1ec7 v\u1edbi ch\u00fang t\u00f4i b\u1eb1ng WhatsApp\/Tel ho\u1eb7c Email.<\/em><\/h3>    <h3 class=\"wp-block-heading has-text-color\" id=\"h-whatsapp-tel-86-17329326135-email-sales-tianhuipackingmachine-com\" style=\"color:#eb5e0b\"><strong><em>Whatsapp\/\u0110i\u1ec7n tho\u1ea1i:<\/em><\/strong> +86 13673689272, <strong><em>E-mail:<\/em><\/strong> <a href=\"mailto:sales@tianhuipackingmachine.com\">sales@tianhuipackingmachine.com<\/a><\/h3>","protected":false},"excerpt":{"rendered":"<p>M\u1ecdi th\u1eafc m\u1eafc kh\u00e1c vui l\u00f2ng \u0111\u1ec3 l\u1ea1i tin nh\u1eafn b\u00ean d\u01b0\u1edbi, ch\u00fang t\u00f4i s\u1ebd li\u00ean h\u1ec7 l\u1ea1i v\u1edbi b\u1ea1n trong th\u1eddi gian s\u1edbm nh\u1ea5t. Ho\u1eb7c b\u1ea1n c\u00f3 th\u1ec3 li\u00ean h\u1ec7 v\u1edbi ch\u00fang t\u00f4i b\u1eb1ng WhatsApp\/Tel ho\u1eb7c Email. Whatsapp\/\u0110i\u1ec7n tho\u1ea1i: +86 13673689272, Email: sales@tianhuipackingmachine.com<\/p>","protected":false},"author":1,"featured_media":0,"parent":0,"menu_order":0,"comment_status":"closed","ping_status":"closed","template":"","meta":{"footnotes":""},"class_list":["post-320","page","type-page","status-publish","hentry"],"_links":{"self":[{"href":"https:\/\/tianhuipackingmachine.com\/vi\/wp-json\/wp\/v2\/pages\/320","targetHints":{"allow":["GET"]}}],"collection":[{"href":"https:\/\/tianhuipackingmachine.com\/vi\/wp-json\/wp\/v2\/pages"}],"about":[{"href":"https:\/\/tianhuipackingmachine.com\/vi\/wp-json\/wp\/v2\/types\/page"}],"author":[{"embeddable":true,"href":"https:\/\/tianhuipackingmachine.com\/vi\/wp-json\/wp\/v2\/users\/1"}],"replies":[{"embeddable":true,"href":"https:\/\/tianhuipackingmachine.com\/vi\/wp-json\/wp\/v2\/comments?post=320"}],"version-history":[{"count":0,"href":"https:\/\/tianhuipackingmachine.com\/vi\/wp-json\/wp\/v2\/pages\/320\/revisions"}],"wp:attachment":[{"href":"https:\/\/tianhuipackingmachine.com\/vi\/wp-json\/wp\/v2\/media?parent=320"}],"curies":[{"name":"wp","href":"https:\/\/api.w.org\/{rel}","templated":true}]}}