{"id":139,"date":"2021-05-07T03:01:26","date_gmt":"2021-05-07T03:01:26","guid":{"rendered":"https:\/\/tianhuipackingmachine.com\/?page_id=139"},"modified":"2025-09-12T09:45:44","modified_gmt":"2025-09-12T01:45:44","slug":"contact","status":"publish","type":"page","link":"https:\/\/tianhuipackingmachine.com\/vi\/contact\/","title":{"rendered":"Li\u00ean h\u1ec7 ch\u00fang t\u00f4i"},"content":{"rendered":"<p><\/p>    <h2 class=\"wp-block-heading has-text-align-center\" id=\"h-contact-information\">Th\u00f4ng tin li\u00ean l\u1ea1c<\/h2>    <div class=\"wp-block-columns is-layout-flex wp-container-core-columns-is-layout-28f84493 wp-block-columns-is-layout-flex\"> <div class=\"wp-block-column is-layout-flow wp-block-column-is-layout-flow\"> <figure class=\"wp-block-image aligncenter size-large\"><img loading=\"lazy\" decoding=\"async\" width=\"115\" height=\"115\" src=\"https:\/\/tianhuipackingmachine.com\/wp-content\/uploads\/2021\/05\/icon-1.png\" alt=\"\" class=\"wp-image-175\"\/><\/figure>    <p class=\"has-text-align-center\">GH\u00c9 TH\u0102M CH\u00daNG T\u00d4I<\/p>    <p class=\"has-text-align-center\">\u0110\u01b0\u1eddng H\u00e0ng H\u1ea3i ph\u00eda \u0110\u00f4ng, Khu ph\u00e1t tri\u1ec3n kinh t\u1ebf v\u00e0 c\u00f4ng ngh\u1ec7 Tr\u1ecbnh Ch\u00e2u, <\/p>    <p class=\"has-text-align-center has-vivid-cyan-blue-color has-text-color translation-block\"><strong>Th\u00e0nh ph\u1ed1 Zhengzhou, t\u1ec9nh H\u00e0 Nam, Trung Qu\u1ed1c<\/strong><\/p> <\/div>    <div class=\"wp-block-column is-layout-flow wp-block-column-is-layout-flow\"> <figure class=\"wp-block-image aligncenter size-large is-resized\"><img loading=\"lazy\" decoding=\"async\" width=\"123\" height=\"115\" src=\"https:\/\/tianhuipackingmachine.com\/wp-content\/uploads\/2021\/05\/icon-3.png\" alt=\"\" class=\"wp-image-178\" style=\"width:115px\"\/><\/figure>    <p class=\"has-text-align-center\">G\u1eccI CHO CH\u00daNG T\u00d4I<\/p>    <p class=\"has-text-align-center\">B\u1ea1n quan t\u00e2m \u0111\u1ebfn m\u00e1y \u0111\u00f3ng g\u00f3i ch\u1ea5t l\u01b0\u1ee3ng v\u00e0 gi\u00e1 c\u1ea3 ph\u1ea3i ch\u0103ng? G\u1ecdi cho ch\u00fang t\u00f4i<\/p>    <p class=\"has-text-align-center has-vivid-cyan-blue-color has-text-color translation-block\"><strong>\u0110i\u1ec7n tho\u1ea1i\/Whatsapp: +86 13673689272<\/strong><\/p> <\/div>    <div class=\"wp-block-column is-layout-flow wp-block-column-is-layout-flow\"> <figure class=\"wp-block-image aligncenter size-large is-resized\"><img loading=\"lazy\" decoding=\"async\" width=\"135\" height=\"123\" src=\"https:\/\/tianhuipackingmachine.com\/wp-content\/uploads\/2021\/05\/icon-2.png\" alt=\"\" class=\"wp-image-179\" style=\"width:115px;height:115px\"\/><\/figure>    <p class=\"has-text-align-center\">G\u1eecI EMAIL CHO CH\u00daNG T\u00d4I<\/p>    <p class=\"has-text-align-center\">C\u1ea7n b\u00e1o gi\u00e1 mi\u1ec5n ph\u00ed ho\u1eb7c th\u00eam h\u1ed3 s\u01a1 s\u1ea3n ph\u1ea9m? G\u1eedi email cho ch\u00fang t\u00f4i ngay h\u00f4m nay.<\/p>    <p class=\"has-text-align-center has-vivid-cyan-blue-color has-text-color translation-block\"><strong>sales@tianhuipackingmachine.com<\/strong><\/p> <\/div> <\/div>   <style>.kb-row-layout-id139_d2bc09-3c > .kt-row-column-wrap{align-content:start;}:where(.kb-row-layout-id139_d2bc09-3c > .kt-row-column-wrap) > .wp-block-kadence-column{justify-content:start;}.kb-row-layout-id139_d2bc09-3c > .kt-row-column-wrap{column-gap:var(--global-kb-gap-md, 2rem);row-gap:var(--global-kb-gap-md, 2rem);padding-top:var(--global-kb-spacing-sm, 1.5rem);padding-bottom:var(--global-kb-spacing-sm, 1.5rem);grid-template-columns:minmax(0, 1fr);}.kb-row-layout-id139_d2bc09-3c > .kt-row-layout-overlay{opacity:0.30;}@media all and (max-width: 1024px){.kb-row-layout-id139_d2bc09-3c > .kt-row-column-wrap{grid-template-columns:minmax(0, 1fr);}}@media all and (max-width: 767px){.kb-row-layout-id139_d2bc09-3c > .kt-row-column-wrap{grid-template-columns:minmax(0, 1fr);}}<\/style><div class=\"kb-row-layout-wrap kb-row-layout-id139_d2bc09-3c alignnone wp-block-kadence-rowlayout\"><div class=\"kt-row-column-wrap kt-has-1-columns kt-row-layout-equal kt-tab-layout-inherit kt-mobile-layout-row kt-row-valign-top\"> <style>.kadence-column139_d7407d-2a > .kt-inside-inner-col,.kadence-column139_d7407d-2a > .kt-inside-inner-col:before{border-top-left-radius:0px;border-top-right-radius:0px;border-bottom-right-radius:0px;border-bottom-left-radius:0px;}.kadence-column139_d7407d-2a > .kt-inside-inner-col{column-gap:var(--global-kb-gap-sm, 1rem);}.kadence-column139_d7407d-2a > .kt-inside-inner-col{flex-direction:column;}.kadence-column139_d7407d-2a > .kt-inside-inner-col > .aligncenter{width:100%;}.kadence-column139_d7407d-2a > .kt-inside-inner-col:before{opacity:0.3;}.kadence-column139_d7407d-2a{position:relative;}@media all and (max-width: 1024px){.kadence-column139_d7407d-2a > .kt-inside-inner-col{flex-direction:column;justify-content:center;}}@media all and (max-width: 767px){.kadence-column139_d7407d-2a > .kt-inside-inner-col{flex-direction:column;justify-content:center;}}<\/style> <div class=\"wp-block-kadence-column kadence-column139_d7407d-2a\"><div class=\"kt-inside-inner-col\"><style>.kb-google-maps-container139_24f5d6-82{height:450px;}<\/style><div class=\"kb-google-maps-container kb-google-maps-container139_24f5d6-82  wp-block-kadence-googlemaps\" data-mapid=\"139_24f5d682\"><iframe width=\"100%\" height=\"100%\" \t\t\t\t\t\t\tstyle=\"border:0\" loading=\"lazy\" \t\t\t\t\t\t\tsrc=\"https:\/\/www.google.com\/maps\/embed\/v1\/place?key=AIzaSyBAM2o7PiQqwk15LC1XRH2e_KJ-jUa7KYk&#038;zoom=11&#038;maptype=roadmap&#038;q=Hanghai+Road+East%2C+Zhengzhou+Economic%2C+and+Technological+Development+Zone%2C+++Zhengzhou+City%2C+Henan%2C+China\" \t\t\t\t\t\t\ttitle=\"B\u1ea3n \u0111\u1ed3 Google c\u1ee7a Hanghai Road East, Khu ph\u00e1t tri\u1ec3n kinh t\u1ebf v\u00e0 c\u00f4ng ngh\u1ec7 Zhengzhou, th\u00e0nh ph\u1ed1 Zhengzhou, H\u00e0 Nam, Trung Qu\u1ed1c\"><\/iframe><\/div><script>function kb_google_map139_24f5d682() { let center = { lat: 37.8201, lng: -122.4781}; let map = new google.maps.Map(document.getElementById(\"kb-google-map139_24f5d682\"), {\n\t\t\t\t\t    zoom: 11,\n\t\t\t\t\t    center: center,});let marker = new google.maps.Marker({   position: { lat: 37.8201, lng: -122.4781},    map: map,  });}<\/script><\/div><\/div>  <\/div><\/div>","protected":false},"excerpt":{"rendered":"<p>Th\u00f4ng tin li\u00ean h\u1ec7 THAM QUAN Hoa K\u1ef3 \u0110\u01b0\u1eddng Hanghai ph\u00eda \u0110\u00f4ng, Khu Ph\u00e1t tri\u1ec3n Kinh t\u1ebf v\u00e0 C\u00f4ng ngh\u1ec7 Zhengzhou, Th\u00e0nh ph\u1ed1 Zhengzhou, H\u00e0 Nam, Trung Qu\u1ed1c G\u1eccI CHO CH\u00daNG T\u00d4I Quan t\u00e2m \u0111\u1ebfn m\u00e1y \u0111\u00f3ng g\u00f3i ch\u1ea5t l\u01b0\u1ee3ng v\u00e0 gi\u00e1 c\u1ea3 ph\u1ea3i ch\u0103ng? G\u1ecdi cho ch\u00fang t\u00f4i Tel\/Whatsapp: +86 13673689272 EMAIL US C\u1ea7n b\u00e1o gi\u00e1 mi\u1ec5n ph\u00ed ho\u1eb7c th\u00eam h\u1ed3 s\u01a1 s\u1ea3n ph\u1ea9m? G\u1eedi email cho ch\u00fang t\u00f4i ngay h\u00f4m nay. sales@tianhuipackingmachine.com<\/p>","protected":false},"author":1,"featured_media":0,"parent":0,"menu_order":0,"comment_status":"closed","ping_status":"closed","template":"","meta":{"footnotes":""},"class_list":["post-139","page","type-page","status-publish","hentry"],"_links":{"self":[{"href":"https:\/\/tianhuipackingmachine.com\/vi\/wp-json\/wp\/v2\/pages\/139","targetHints":{"allow":["GET"]}}],"collection":[{"href":"https:\/\/tianhuipackingmachine.com\/vi\/wp-json\/wp\/v2\/pages"}],"about":[{"href":"https:\/\/tianhuipackingmachine.com\/vi\/wp-json\/wp\/v2\/types\/page"}],"author":[{"embeddable":true,"href":"https:\/\/tianhuipackingmachine.com\/vi\/wp-json\/wp\/v2\/users\/1"}],"replies":[{"embeddable":true,"href":"https:\/\/tianhuipackingmachine.com\/vi\/wp-json\/wp\/v2\/comments?post=139"}],"version-history":[{"count":0,"href":"https:\/\/tianhuipackingmachine.com\/vi\/wp-json\/wp\/v2\/pages\/139\/revisions"}],"wp:attachment":[{"href":"https:\/\/tianhuipackingmachine.com\/vi\/wp-json\/wp\/v2\/media?parent=139"}],"curies":[{"name":"wp","href":"https:\/\/api.w.org\/{rel}","templated":true}]}}