{"id":121,"date":"2021-05-06T09:31:24","date_gmt":"2021-05-06T09:31:24","guid":{"rendered":"https:\/\/tianhuipackingmachine.com\/?page_id=121"},"modified":"2025-09-12T09:46:50","modified_gmt":"2025-09-12T01:46:50","slug":"about-us","status":"publish","type":"page","link":"https:\/\/tianhuipackingmachine.com\/vi\/about-us\/","title":{"rendered":"V\u1ec1 ch\u00fang t\u00f4i"},"content":{"rendered":"<p>\u0110\u01b0\u1ee3c th\u00e0nh l\u1eadp v\u00e0o n\u0103m 1993, Henan Shuliy Machinery Co., Ltd \u0111\u00e3 tham gia thi\u1ebft k\u1ebf, nghi\u00ean c\u1ee9u, s\u1ea3n xu\u1ea5t v\u00e0 ti\u1ebfp th\u1ecb c\u00e1c lo\u1ea1i m\u00e1y \u0111\u00f3ng g\u00f3i, m\u00e1y chi\u1ebft r\u00f3t, m\u00e1y h\u00e0n k\u00edn, m\u00e1y d\u00e1n nh\u00e3n v\u00e0 m\u00e1y \u0111\u00f3ng n\u1eafp ch\u1ea5t l\u01b0\u1ee3ng kh\u00e1c nhau trong g\u1ea7n 30 n\u0103m. Ch\u00fang t\u00f4i mong mu\u1ed1n tr\u1edf th\u00e0nh m\u1ed9t trong nh\u1eefng nh\u00e0 cung c\u1ea5p m\u00e1y \u0111\u00f3ng g\u00f3i \u0111\u00e1ng tin c\u1eady, n\u1ed5i ti\u1ebfng v\u00e0 xu\u1ea5t s\u1eafc nh\u1ea5t cho c\u00e1c \u0111\u1ea1i l\u00fd, nh\u00e0 ph\u00e2n ph\u1ed1i v\u00e0 doanh nh\u00e2n tr\u00ean to\u00e0n th\u1ebf gi\u1edbi. Nh\u1eefng n\u0103m n\u00e0y, ch\u00fang ta \u0111\u00e3 \u0111\u1ea1t \u0111\u01b0\u1ee3c nh\u1eefng th\u00e0nh t\u1ef1u to l\u1edbn. S\u1ea3n ph\u1ea9m c\u1ee7a ch\u00fang t\u00f4i \u0111\u00e3 \u0111\u01b0\u1ee3c xu\u1ea5t kh\u1ea9u th\u00e0nh c\u00f4ng t\u1edbi h\u01a1n 80 qu\u1ed1c gia v\u00e0 khu v\u1ef1c v\u00e0 mang l\u1ea1i l\u1ee3i \u00edch to l\u1edbn cho c\u00e1c \u0111\u1ed1i t\u00e1c c\u1ee7a ch\u00fang t\u00f4i. B\u00ean c\u1ea1nh \u0111\u00f3, ch\u00fang t\u00f4i c\u0169ng s\u1eb5n s\u00e0ng h\u1ee3p t\u00e1c v\u1edbi c\u00e1c doanh nghi\u1ec7p nh\u1ecf. V\u00e0 gi\u00fap h\u1ecd ki\u1ebfm \u0111\u01b0\u1ee3c nhi\u1ec1u l\u1ee3i nhu\u1eadn h\u01a1n v\u1edbi ch\u1ea5t l\u01b0\u1ee3ng v\u00e0 m\u00e1y m\u00f3c c\u1ea1nh tranh c\u1ee7a ch\u00fang t\u00f4i.<\/p>    <h2 class=\"wp-block-heading has-text-align-center\" id=\"h-pre-sales-service\">D\u1ecbch v\u1ee5 tr\u01b0\u1edbc khi b\u00e1n h\u00e0ng<\/h2>    <div class=\"wp-block-columns is-layout-flex wp-container-core-columns-is-layout-28f84493 wp-block-columns-is-layout-flex\"> <div class=\"wp-block-column is-layout-flow wp-block-column-is-layout-flow\"> <figure class=\"wp-block-image size-large\"><img loading=\"lazy\" decoding=\"async\" width=\"750\" height=\"500\" src=\"https:\/\/tianhuipackingmachine.com\/wp-content\/uploads\/2021\/12\/team-750x500.jpg\" alt=\"\u0111\u1ed9i\" class=\"wp-image-4184\" srcset=\"https:\/\/tianhuipackingmachine.com\/wp-content\/uploads\/2021\/12\/team.jpg 750w, https:\/\/tianhuipackingmachine.com\/wp-content\/uploads\/2021\/12\/team-480x320.jpg 480w\" sizes=\"auto, (max-width: 750px) 100vw, 750px\" \/><figcaption class=\"wp-element-caption\">\u0110\u1ed9i<\/figcaption><\/figure> <\/div>    <div class=\"wp-block-column is-layout-flow wp-block-column-is-layout-flow\"> <p>Ch\u00fang t\u00f4i s\u1ebd t\u00ecm hi\u1ec3u v\u00e0 x\u00e1c nh\u1eadn nhu c\u1ea7u c\u1ee7a kh\u00e1ch h\u00e0ng, sau \u0111\u00f3 cung c\u1ea5p gi\u1ea3i ph\u00e1p \u0111\u00f3ng g\u00f3i mi\u1ec5n ph\u00ed.<\/p>    <p>Ch\u00fang t\u00f4i c\u00f3 th\u1ec3 cung c\u1ea5p to\u00e0n b\u1ed9 video cho kh\u00e1ch h\u00e0ng \u0111\u1ec3 tham kh\u1ea3o \u0111\u1ec3 ch\u1ecdn m\u00e1y ph\u00f9 h\u1ee3p.<\/p>    <p>Henan Shuliy Machinery h\u1ed7 tr\u1ee3 ki\u1ec3m tra m\u1eabu c\u1ee7a kh\u00e1ch h\u00e0ng b\u1eb1ng c\u00e1ch s\u1eed d\u1ee5ng thi\u1ebft b\u1ecb c\u1ee7a ch\u00fang t\u00f4i v\u00e0 ch\u00fang t\u00f4i s\u1ebd \u0111\u01b0a ra ph\u1ea3n h\u1ed3i.<\/p>    <p>N\u1ebfu b\u1ea1n mu\u1ed1n xem nh\u00e0 m\u00e1y c\u1ee7a ch\u00fang t\u00f4i, ch\u00fang t\u00f4i hoan ngh\u00eanh chuy\u1ebfn th\u0103m c\u1ee7a b\u1ea1n ho\u1eb7c ch\u00fang t\u00f4i c\u00f3 th\u1ec3 t\u1ea1o m\u1ed9t video tr\u1ef1c tuy\u1ebfn.<\/p> <\/div> <\/div>    <h2 class=\"wp-block-heading has-text-align-center\">D\u1ecbch v\u1ee5 sau b\u00e1n h\u00e0ng<\/h2>    <p>M\u1ed7i m\u00e1y c\u1ee7a ch\u00fang t\u00f4i \u0111\u1ec1u c\u00f3 h\u01b0\u1edbng d\u1eabn s\u1eed d\u1ee5ng b\u1eb1ng ti\u1ebfng Anh v\u00e0 video h\u01b0\u1edbng d\u1eabn c\u00e0i \u0111\u1eb7t, c\u00e0i \u0111\u1eb7t, v\u1eadn h\u00e0nh, b\u1ea3o tr\u00ec, v.v.<\/p>    <p>Ch\u00fang t\u00f4i c\u00f3 d\u1ecbch v\u1ee5 tr\u1ef1c tuy\u1ebfn 24 gi\u1edd. B\u1ea1n c\u00f3 th\u1ec3 li\u00ean h\u1ec7 v\u1edbi ch\u00fang t\u00f4i b\u1ea5t c\u1ee9 l\u00fac n\u00e0o n\u1ebfu c\u00f3 th\u1eafc m\u1eafc mu\u1ed1n t\u01b0 v\u1ea5n.<\/p>    <p>C\u00f4ng ty ch\u00fang t\u00f4i c\u00f3 th\u1ec3 c\u1eed k\u1ef9 thu\u1eadt vi\u00ean v\u00e0 k\u1ef9 s\u01b0 \u0111\u1ebfn n\u01b0\u1edbc b\u1ea1n \u0111\u1ec3 gi\u00fap c\u00e0i \u0111\u1eb7t, \u0111i\u1ec1u ch\u1ec9nh, h\u01b0\u1edbng d\u1eabn v\u1eadn h\u00e0nh m\u00e1y.<\/p>    <p>M\u00e1y m\u00f3c H\u00e0 Nam Shuliy s\u1ebd ch\u1ecbu tr\u00e1ch nhi\u1ec7m v\u1ec1 b\u1ea3o h\u00e0nh c\u1ee7a thi\u1ebft b\u1ecb.<\/p>    <p>N\u1ebfu b\u1ea1n c\u00f3 b\u1ea5t k\u1ef3 v\u1ea5n \u0111\u1ec1 kh\u1ea9n c\u1ea5p n\u00e0o, vui l\u00f2ng li\u00ean h\u1ec7 v\u1edbi ch\u00fang t\u00f4i b\u1ea5t c\u1ee9 l\u00fac n\u00e0o v\u00e0 ch\u00fang t\u00f4i s\u1ebd tr\u1ea3 l\u1eddi b\u1ea1n trong th\u1eddi gian s\u1edbm nh\u1ea5t.<\/p>    <h2 class=\"wp-block-heading has-text-align-center\">D\u1ea5u ch\u00e2n<\/h2>    <p class=\"has-text-align-center\">K\u1ec3 t\u1eeb khi ch\u00fang t\u00f4i b\u1eaft \u0111\u1ea7u kinh doanh bao b\u00ec, thi\u1ebft b\u1ecb \u0111\u00f3ng g\u00f3i c\u1ee7a ch\u00fang t\u00f4i \u0111\u00e3 \u0111\u01b0\u1ee3c \u00e1p d\u1ee5ng trong m\u1ecdi l\u0129nh v\u1ef1c \u0111\u1eddi s\u1ed1ng, nh\u01b0 c\u00f4ng nghi\u1ec7p th\u1ef1c ph\u1ea9m, c\u00f4ng nghi\u1ec7p \u0111\u1ed3 u\u1ed1ng, c\u00f4ng nghi\u1ec7p h\u00f3a ch\u1ea5t, c\u00f4ng nghi\u1ec7p m\u1ef9 ph\u1ea9m, c\u00f4ng nghi\u1ec7p d\u01b0\u1ee3c ph\u1ea9m, v.v. Ng\u00e0y nay, s\u1ea3n ph\u1ea9m c\u1ee7a ch\u00fang t\u00f4i \u0111\u00e3 \u0111\u01b0\u1ee3c xu\u1ea5t kh\u1ea9u th\u00e0nh c\u00f4ng \u0111\u1ebfn h\u01a1n 80 qu\u1ed1c gia v\u00e0 khu v\u1ef1c, nh\u01b0 M\u1ef9, Canada, \u00dac, Anh, \u1ea4n \u0110\u1ed9, Pakistan, Malaysia, Philippines, Indonesia, Bangladesh, Kenya, Nigeria, v.v. M\u00e1y c\u1ee7a ch\u00fang t\u00f4i \u0111\u00e3 c\u00f3 danh ti\u1ebfng t\u1ed1t nh\u1edd hi\u1ec7u su\u1ea5t t\u1ed1t v\u00e0 gi\u00e1 c\u1ea3 c\u1ea1nh tranh.<\/p>    <figure class=\"wp-block-image aligncenter size-full\"><img loading=\"lazy\" decoding=\"async\" width=\"1024\" height=\"486\" src=\"https:\/\/tianhuipackingmachine.com\/wp-content\/uploads\/2021\/08\/global-market.jpg\" alt=\"th\u1ecb tr\u01b0\u1eddng to\u00e0n c\u1ea7u c\u1ee7a m\u00e1y \u0111\u00f3ng g\u00f3i Tianhui\" class=\"wp-image-2153\" srcset=\"https:\/\/tianhuipackingmachine.com\/wp-content\/uploads\/2021\/08\/global-market.jpg 1024w, https:\/\/tianhuipackingmachine.com\/wp-content\/uploads\/2021\/08\/global-market-300x142.jpg 300w, https:\/\/tianhuipackingmachine.com\/wp-content\/uploads\/2021\/08\/global-market-768x365.jpg 768w\" sizes=\"auto, (max-width: 1024px) 100vw, 1024px\" \/><figcaption class=\"wp-element-caption\">Th\u1ecb tr\u01b0\u1eddng to\u00e0n c\u1ea7u c\u1ee7a m\u00e1y \u0111\u00f3ng g\u00f3i Tianhui<\/figcaption><\/figure>    <h2 class=\"wp-block-heading has-text-align-center\">Ch\u1ee9ng ch\u1ec9<\/h2>    <figure class=\"wp-block-image aligncenter size-large\"><img loading=\"lazy\" decoding=\"async\" width=\"1024\" height=\"355\" src=\"https:\/\/tianhuipackingmachine.com\/wp-content\/uploads\/2021\/09\/certificates-1024x355.jpg\" alt=\"gi\u1ea5y ch\u1ee9ng nh\u1eadn\" class=\"wp-image-2678\" srcset=\"https:\/\/tianhuipackingmachine.com\/wp-content\/uploads\/2021\/09\/certificates-1024x355.jpg 1024w, https:\/\/tianhuipackingmachine.com\/wp-content\/uploads\/2021\/09\/certificates-300x104.jpg 300w, https:\/\/tianhuipackingmachine.com\/wp-content\/uploads\/2021\/09\/certificates-768x266.jpg 768w, https:\/\/tianhuipackingmachine.com\/wp-content\/uploads\/2021\/09\/certificates-1536x533.jpg 1536w, https:\/\/tianhuipackingmachine.com\/wp-content\/uploads\/2021\/09\/certificates.jpg 1920w\" sizes=\"auto, (max-width: 1024px) 100vw, 1024px\" \/><figcaption class=\"wp-element-caption\">Ch\u1ee9ng ch\u1ec9<\/figcaption><\/figure>","protected":false},"excerpt":{"rendered":"<p>Founded in 1993, Henan Shuliy Machinery Co., Ltd has been involved in the design, research, manufacturing, and marketing of various quality packing machines, filling machines, sealing machines, labeling machines, and capping machines for almost 30 years. We aim to be one of the most reliable, famous, and excellent packing machine suppliers for worldwide agents, distributors, [&hellip;]<\/p>\n","protected":false},"author":1,"featured_media":0,"parent":0,"menu_order":0,"comment_status":"closed","ping_status":"closed","template":"","meta":{"footnotes":""},"class_list":["post-121","page","type-page","status-publish","hentry"],"_links":{"self":[{"href":"https:\/\/tianhuipackingmachine.com\/vi\/wp-json\/wp\/v2\/pages\/121","targetHints":{"allow":["GET"]}}],"collection":[{"href":"https:\/\/tianhuipackingmachine.com\/vi\/wp-json\/wp\/v2\/pages"}],"about":[{"href":"https:\/\/tianhuipackingmachine.com\/vi\/wp-json\/wp\/v2\/types\/page"}],"author":[{"embeddable":true,"href":"https:\/\/tianhuipackingmachine.com\/vi\/wp-json\/wp\/v2\/users\/1"}],"replies":[{"embeddable":true,"href":"https:\/\/tianhuipackingmachine.com\/vi\/wp-json\/wp\/v2\/comments?post=121"}],"version-history":[{"count":0,"href":"https:\/\/tianhuipackingmachine.com\/vi\/wp-json\/wp\/v2\/pages\/121\/revisions"}],"wp:attachment":[{"href":"https:\/\/tianhuipackingmachine.com\/vi\/wp-json\/wp\/v2\/media?parent=121"}],"curies":[{"name":"wp","href":"https:\/\/api.w.org\/{rel}","templated":true}]}}