{"id":9350,"date":"2026-04-10T16:00:17","date_gmt":"2026-04-10T08:00:17","guid":{"rendered":"https:\/\/tianhuipackingmachine.com\/?post_type=product&#038;p=9350"},"modified":"2026-04-10T16:42:15","modified_gmt":"2026-04-10T08:42:15","slug":"vacuum-skin-packaging-machine","status":"publish","type":"product","link":"https:\/\/tianhuipackingmachine.com\/tr\/vacuum-skin-packaging-machine\/","title":{"rendered":"Vakum cilt ambalaj makinesi"},"content":{"rendered":"<p class=\"translation-block\">Bir <strong>vakum cilt ambalaj makinesi<\/strong>, MAP ambalaj makinesi t\u00fcr\u00fcd\u00fcr, geli\u015fmi\u015f bir ambalaj \u00e7\u00f6z\u00fcm\u00fcd\u00fcr ve vakum bas\u0131nc\u0131 kullanarak \u0131s\u0131t\u0131lm\u0131\u015f plastik filmi \u00fcr\u00fcn\u00fcn \u00fczerine s\u0131k\u0131ca m\u00fch\u00fcrler. Film, \u00fcr\u00fcn\u00fcn \u015fekline m\u00fckemmel uyum sa\u011flar ve <strong>3D cilt s\u0131k\u0131 paket<\/strong> olu\u015fturarak koruma, tazelik ve g\u00f6rsel \u00e7ekicilik sa\u011flar.<\/p>    <p class=\"translation-block\">Saatte <strong>180-500 kutu<\/strong> kapasiteye sahiptir ve <strong>12-15 saniye i\u00e7inde bir d\u00f6ng\u00fc tamamlar<\/strong>. Bu yenilik\u00e7i ambalaj teknolojisi \u00fc\u00e7 temel fayda sa\u011flar: <strong>s\u0131k\u0131 \u00fcr\u00fcn korumas\u0131, vakum koruma ve 3D g\u00f6rsel sunum<\/strong>, g\u0131da i\u015fleme, perakende ambalaj ve end\u00fcstriyel \u00fcr\u00fcn koruma alanlar\u0131nda yayg\u0131n olarak kullan\u0131l\u0131r.<\/p>    <h2 class=\"wp-block-heading\"><strong>VSP Vakum Cilt Ambalaj Makinesi \u00c7al\u0131\u015fma Videosu<\/strong><\/h2>   <figure class=\"wp-block-embed-youtube wp-block-embed is-type-video is-provider-youtube wp-embed-aspect-16-9 wp-has-aspect-ratio\"><div class=\"lyte-wrapper\" title=\"Vakum Cilt Ambalaj Makinesi \u00c7al\u0131\u015fma Videosu | M\u00fckemmel 3D G\u0131da Ambalaj \u00c7\u00f6z\u00fcm\u00fc \u2013 Fiyat i\u00e7in ileti\u015fime ge\u00e7in!\" style=\"width:853px;max-width:100%;margin:5px auto;\"><div class=\"lyMe\" id=\"WYL_XR3KQcHGhuc\" itemprop=\"video\" itemscope itemtype=\"https:\/\/schema.org\/VideoObject\"><div><meta itemprop=\"thumbnailUrl\" content=\"https:\/\/i.ytimg.com\/vi\/XR3KQcHGhuc\/hqdefault.jpg\" \/><meta itemprop=\"embedURL\" content=\"https:\/\/www.youtube.com\/embed\/XR3KQcHGhuc\" \/><meta itemprop=\"duration\" content=\"PT1M22S\" \/><meta itemprop=\"uploadDate\" content=\"2026-04-10T07:00:16Z\" \/><\/div><div id=\"lyte_XR3KQcHGhuc\" data-src=\"https:\/\/i.ytimg.com\/vi\/XR3KQcHGhuc\/hqdefault.jpg\" class=\"pL\"><div class=\"tC\"><div class=\"tT\" itemprop=\"name\">Vakum Cilt Ambalaj Makinesi \u00c7al\u0131\u015fma Videosu | M\u00fckemmel 3D G\u0131da Ambalaj \u00c7\u00f6z\u00fcm\u00fc \u2013 Fiyat i\u00e7in ileti\u015fime ge\u00e7in!<\/div><\/div><div class=\"play\"><\/div><div class=\"ctrl\"><div class=\"Lctrl\"><\/div><div class=\"Rctrl\"><\/div><\/div><\/div><noscript><a href=\"https:\/\/youtu.be\/XR3KQcHGhuc\" rel=\"nofollow noopener\" target=\"_blank\"><img loading=\"lazy\" decoding=\"async\" src=\"https:\/\/i.ytimg.com\/vi\/XR3KQcHGhuc\/0.jpg\" alt=\"Vakum Cilt Ambalaj Makinesi \u00c7al\u0131\u015fma Videosu | M\u00fckemmel 3D G\u0131da Ambalaj \u00c7\u00f6z\u00fcm\u00fc \u2013 Fiyat i\u00e7in ileti\u015fime ge\u00e7in!\" width=\"853\" height=\"460\" \/><\/a><\/noscript><meta itemprop=\"description\" content=\"#skinpack #vacuumpackaging #vacuumpacking WhatsApp No.: https:\/\/wa.me\/+8613673689272 WeChat\/Tel No.:+8613673689272 Email: sales@tianhuipackingmachine.com Website: https:\/\/tianhuipackingmachine.com\/vacuum-skin-packaging-machine\/ This video shows the working process of a vacuum skin packaging machine, designed for high-quality packaging of fresh food and industrial products. The machine uses vacuum pressure to tightly seal a heated film over the product, creating a 3D skin-tight package that enhances product appearance, extends shelf life, and prevents movement or damage during transport. \u2728 Key Features: Perfect 3D display for better product presentation Strong vacuum sealing for freshness and protection Suitable for meat, seafood, frozen food, and hardware Stable performance with high efficiency Widely used in supermarkets, food processing plants, and industrial packaging. \ud83d\udc49 Looking for a reliable vacuum skin packaging machine? Contact us now for detailed specifications, working videos, and the latest price! WhatsApp No.: https:\/\/wa.me\/+8613673689272 WeChat\/Tel No.:+8613673689272 Email: sales@tianhuipackingmachine.com Website: https:\/\/tianhuipackingmachine.com\/vacuum-skin-packaging-machine\/\"><\/div><\/div><div class=\"lL\" style=\"max-width:100%;width:853px;margin:5px auto;\"> <a href=\"https:\/\/youtu.be\/XR3KQcHGhuc\" target=\"_blank\" rel=\"noopener\">Bu videoyu YouTube'da izleyin<\/a>.<\/div><figcaption>manuel g\u0131da tepsi m\u00fch\u00fcrleme makinesi videosu<\/figcaption><\/figure>   <h2 class=\"wp-block-heading\"><strong>Cilt Vakum Ambalaj Makinesinin Teknik Parametreleri<\/strong><\/h2>    <p class=\"translation-block\">Shuliy'de sat\u0131l\u0131k iki model dik vakum cilt ambalaj makinesi vard\u0131r: <strong>JRB-M380V<\/strong> ve <strong>JRB-M450V<\/strong>. <\/p>    <p>Tepsi boyutu, ger\u00e7ek ihtiya\u00e7lara g\u00f6re \u00f6zelle\u015ftirilebilir. <\/p>    <figure class=\"wp-block-table\"><table class=\"has-fixed-layout\"><tbody><tr><td><strong>Modeli<\/strong><\/td><td><strong>JRB-M380V<\/strong><\/td><td><strong>JRB-M450V<\/strong><\/td><\/tr><tr><td><strong>Maksimum Film Geni\u015fli\u011fi<\/strong><\/td><td>380 mm<\/td><td>450 mm<\/td><\/tr><tr><td><strong>Maksimum film \u00e7ap\u0131<\/strong><\/td><td>240 mm<\/td><td> 240 mm<\/td><\/tr><tr><td><strong>Paketleme h\u0131z\u0131<\/strong><\/td><td>12\u201315 saniye\/d\u00f6ng\u00fc<\/td><td>12\u201315 saniye\/d\u00f6ng\u00fc<\/td><\/tr><tr><td><strong>\u00c7\u0131k\u0131\u015f kapasitesi<\/strong><\/td><td>2 tepsi: \u2248300 tepsi\/saat<br>4 tepsi: \u2248500 tepsi\/saat<\/td><td>1 tepsi: \u2248180 tepsi\/saat<br>2 tepsi: \u2248300 tepsi\/saat<br>4 tepsi: \u2248500 tepsi\/saat<\/td><\/tr><tr><td><strong>Vakum pompas\u0131 kapasitesi<\/strong><\/td><td>63 m\u00b3\/h<\/td><td>100 m\u00b3\/h<\/td><\/tr><tr><td><strong>G\u00fc\u00e7 kayna\u011f\u0131<\/strong><\/td><td>380V \/ 50Hz <\/td><td>380V \/ 50Hz<\/td><\/tr><tr><td><strong>Toplam g\u00fc\u00e7<\/strong><\/td><td>4.5 kW<\/td><td>6.5 kW <\/td><\/tr><tr><td><strong>Hava bas\u0131nc\u0131<\/strong><\/td><td> 0.6\u20130.8 MPa<\/td><td> 0.6\u20130.8 MPa<\/td><\/tr><tr><td><strong>Makina a\u011f\u0131rl\u0131\u011f\u0131<\/strong><\/td><td>330 kg<\/td><td>447 kg<\/td><\/tr><tr><td><strong>Makine boyutu<\/strong><\/td><td>1120 \u00d7 1100 \u00d7 1600 mm<\/td><td>1250 \u00d7 1200 \u00d7 1600 mm<\/td><\/tr><tr><td><strong>Maksimum Tepsi Boyutu<\/strong><\/td><td>2 tepsi: 310 \u00d7 200 \u00d7 60 mm<br>4 tepsi: 200 \u00d7 140 \u00d7 60 mm<\/td><td>2 tepsi: 380 \u00d7 260 \u00d7 60 mm<br>4 tepsi: 260 \u00d7 175 \u00d7 60 mm<\/td><\/tr><\/tbody><\/table><figcaption class=\"wp-element-caption\">Dikey VSP g\u0131da tepsi m\u00fch\u00fcrleme makinesi parametreleri<\/figcaption><\/figure>    <figure class=\"wp-block-image aligncenter size-large\"><img loading=\"lazy\" decoding=\"async\" width=\"667\" height=\"500\" src=\"https:\/\/tianhuipackingmachine.com\/wp-content\/uploads\/2026\/04\/commercial-vacuum-tray-sealing-machine-for-skin-packing-667x500.webp\" alt=\"commercial vacuum tray sealing machine for skin packing\" class=\"wp-image-9361\" srcset=\"https:\/\/tianhuipackingmachine.com\/wp-content\/uploads\/2026\/04\/commercial-vacuum-tray-sealing-machine-for-skin-packing-667x500.webp 667w, https:\/\/tianhuipackingmachine.com\/wp-content\/uploads\/2026\/04\/commercial-vacuum-tray-sealing-machine-for-skin-packing-480x360.webp 480w, https:\/\/tianhuipackingmachine.com\/wp-content\/uploads\/2026\/04\/commercial-vacuum-tray-sealing-machine-for-skin-packing-16x12.webp 16w, https:\/\/tianhuipackingmachine.com\/wp-content\/uploads\/2026\/04\/commercial-vacuum-tray-sealing-machine-for-skin-packing.webp 720w\" sizes=\"auto, (max-width: 667px) 100vw, 667px\" \/><figcaption class=\"wp-element-caption\">Ticari Vakum Tepsi Makineleri ile Cilt Ambalaj\u0131<\/figcaption><\/figure>    <h2 class=\"wp-block-heading\"><strong>Shuliy Vakum Cilt Ambalaj Makinesi nas\u0131l \u00e7al\u0131\u015f\u0131r?<\/strong><\/h2>    <p>Bir cilt vakum ambalaj makinesinin \u00e7al\u0131\u015fma s\u00fcreci basit ama olduk\u00e7a etkilidir:<\/p>   <div id=\"rank-math-howto\" class=\"rank-math-block\" > <div class=\"rank-math-howto-description\">  <\/div>  <div class=\"rank-math-steps\"> <div id=\"howto-step-1775803819391\" class=\"rank-math-step\"> <h3 class=\"rank-math-step-title\"> <strong>\u00dcr\u00fcn Yerle\u015ftirme<\/strong><\/h3> <div class=\"rank-math-step-content\"><p>\u00dcr\u00fcn, nefes alabilen karton veya delikli tepsi gibi bir tabana yerle\u015ftirilir.<\/p> <\/div> <\/div> <div id=\"howto-step-1775803893070\" class=\"rank-math-step\"> <h3 class=\"rank-math-step-title\"><strong>Film Is\u0131tma<\/strong><\/h3> <div class=\"rank-math-step-content\"><p>Ambalaj filmi, yumu\u015fama s\u0131cakl\u0131\u011f\u0131na kadar \u0131s\u0131t\u0131l\u0131r ve esnek ve \u015fekillendirilebilir hale gelir.<\/p> <\/div> <\/div> <div id=\"howto-step-1775803912682\" class=\"rank-math-step\"> <h3 class=\"rank-math-step-title\"><strong>Vakum S\u0131zd\u0131rmazl\u0131k<\/strong><\/h3> <div class=\"rank-math-step-content\"><p>Bir vakum sistemi, odadan havay\u0131 uzakla\u015ft\u0131r\u0131r. Negatif bas\u0131n\u00e7 alt\u0131nda, \u0131s\u0131t\u0131lm\u0131\u015f film \u00fcr\u00fcn\u00fcn etraf\u0131n\u0131 s\u0131k\u0131ca sarar ve tabanla ba\u011flan\u0131r.<\/p> <\/div> <\/div> <div id=\"howto-step-1775803933822\" class=\"rank-math-step\"> <h3 class=\"rank-math-step-title\"><strong>So\u011futma ve \u015eekillendirme<\/strong><\/h3> <div class=\"rank-math-step-content\"><img loading=\"lazy\" decoding=\"async\" width=\"639\" height=\"540\" src=\"https:\/\/tianhuipackingmachine.com\/wp-content\/uploads\/2026\/04\/vacuum-skin-packaging-effect.webp\" class=\"attachment-full size-full\" alt=\"vacuum skin packaging effect\" srcset=\"https:\/\/tianhuipackingmachine.com\/wp-content\/uploads\/2026\/04\/vacuum-skin-packaging-effect.webp 639w, https:\/\/tianhuipackingmachine.com\/wp-content\/uploads\/2026\/04\/vacuum-skin-packaging-effect-426x360.webp 426w, https:\/\/tianhuipackingmachine.com\/wp-content\/uploads\/2026\/04\/vacuum-skin-packaging-effect-592x500.webp 592w, https:\/\/tianhuipackingmachine.com\/wp-content\/uploads\/2026\/04\/vacuum-skin-packaging-effect-14x12.webp 14w\" sizes=\"auto, (max-width: 639px) 100vw, 639px\" \/><p>Film, yumu\u015fama s\u0131cakl\u0131\u011f\u0131na kadar \u0131s\u0131t\u0131l\u0131r ve esnek ve \u015fekillendirilebilir hale gelir, dayan\u0131kl\u0131 ve g\u00f6rsel olarak \u00e7ekici (3D) paket olu\u015fturur.<\/p> <\/div> <\/div> <\/div> <\/div>       <h2 class=\"wp-block-heading\"><strong>Vakum Cilt Ambalaj\u0131n\u0131n Temel Faydalar\u0131<\/strong><\/h2>    <ul class=\"wp-block-list\"> <li><strong>Daha \u0130yi Sat\u0131\u015flar \u0130\u00e7in 3D G\u00f6rsel G\u00f6sterim<\/strong> <ul class=\"wp-block-list\"> <li>Products are displayed like a &#8220;sculpture,&#8221; enhancing shelf appeal and allowing customers to clearly see product details.<\/li> <\/ul> <\/li>    <li><strong>\u00dcst\u00fcn Tazelik ve Koruma<\/strong> <ul class=\"wp-block-list\"> <li>Vakum cilt ambalaj\u0131, renk, doku ve tazeli\u011fi korumaya yard\u0131mc\u0131 olur ve \u015fu alanlarda idealdir: <ul class=\"wp-block-list\"> <li>Taze et<\/li>    <li>Deniz \u00dcr\u00fcnleri<\/li>    <li>Dondurulmu\u015f g\u0131da<\/li> <\/ul> <\/li>    <li>Ayr\u0131ca buz kristali olu\u015fumunu ve buz yan\u0131\u011f\u0131n\u0131 azalt\u0131r.<\/li> <\/ul> <\/li>    <li><strong>M\u00fckemmel Koruma ve Stabilite<\/strong> <ul class=\"wp-block-list\"> <li>S\u0131k\u0131 ambalaj, \u00fcr\u00fcn hareketini engeller ve \u015fu alanlar i\u00e7in uygundur: <ul class=\"wp-block-list\"> <li>Donan\u0131m ara\u00e7lar\u0131<\/li>    <li>Elektronik bile\u015fenler<\/li>    <li>K\u0131r\u0131lgan \u00fcr\u00fcnler<\/li> <\/ul> <\/li> <\/ul> <\/li> <\/ul>    <h2 class=\"wp-block-heading\"><strong>Ticari Vakum Cilt Ambalaj Makinesi Uygulamalar\u0131<\/strong><\/h2>    <p>G\u0131da i\u00e7in cilt ambalaj makinesi yayg\u0131n olarak kullan\u0131l\u0131r:<\/p>    <h3 class=\"wp-block-heading\"><strong>G\u0131da End\u00fcstrisi<\/strong><\/h3>    <ul class=\"wp-block-list\"> <li>Taze et ve s\u0131\u011f\u0131r eti<\/li>    <li>Deniz \u00fcr\u00fcnleri ve bal\u0131k<\/li>    <li>Dondurulmu\u015f g\u0131da<\/li>    <li>Haz\u0131r yemekler<\/li> <\/ul>    <figure class=\"wp-block-gallery has-nested-images columns-default is-cropped wp-block-gallery-2 is-layout-flex wp-block-gallery-is-layout-flex\"> <figure class=\"wp-block-image size-large\"><img loading=\"lazy\" decoding=\"async\" width=\"375\" height=\"500\" data-id=\"9357\" src=\"https:\/\/tianhuipackingmachine.com\/wp-content\/uploads\/2026\/04\/vacuum-skin-packaging-VSP-machine-for-food-375x500.webp\" alt=\"vacuum skin packaging (VSP) machine for food\" class=\"wp-image-9357\" srcset=\"https:\/\/tianhuipackingmachine.com\/wp-content\/uploads\/2026\/04\/vacuum-skin-packaging-VSP-machine-for-food-375x500.webp 375w, https:\/\/tianhuipackingmachine.com\/wp-content\/uploads\/2026\/04\/vacuum-skin-packaging-VSP-machine-for-food-270x360.webp 270w, https:\/\/tianhuipackingmachine.com\/wp-content\/uploads\/2026\/04\/vacuum-skin-packaging-VSP-machine-for-food-768x1024.webp 768w, https:\/\/tianhuipackingmachine.com\/wp-content\/uploads\/2026\/04\/vacuum-skin-packaging-VSP-machine-for-food-9x12.webp 9w, https:\/\/tianhuipackingmachine.com\/wp-content\/uploads\/2026\/04\/vacuum-skin-packaging-VSP-machine-for-food.webp 1080w\" sizes=\"auto, (max-width: 375px) 100vw, 375px\" \/><figcaption class=\"wp-element-caption\">G\u0131da i\u00e7in Vakum Cilt Ambalaj (Vsp) Makinesi<\/figcaption><\/figure>    <figure class=\"wp-block-image size-large\"><img loading=\"lazy\" decoding=\"async\" width=\"375\" height=\"500\" data-id=\"9358\" src=\"https:\/\/tianhuipackingmachine.com\/wp-content\/uploads\/2026\/04\/vacuum-skin-packaging-machine-for-foodstuffs-375x500.webp\" alt=\"vacuum skin packaging machine for foodstuffs\" class=\"wp-image-9358\" srcset=\"https:\/\/tianhuipackingmachine.com\/wp-content\/uploads\/2026\/04\/vacuum-skin-packaging-machine-for-foodstuffs-375x500.webp 375w, https:\/\/tianhuipackingmachine.com\/wp-content\/uploads\/2026\/04\/vacuum-skin-packaging-machine-for-foodstuffs-270x360.webp 270w, https:\/\/tianhuipackingmachine.com\/wp-content\/uploads\/2026\/04\/vacuum-skin-packaging-machine-for-foodstuffs-768x1024.webp 768w, https:\/\/tianhuipackingmachine.com\/wp-content\/uploads\/2026\/04\/vacuum-skin-packaging-machine-for-foodstuffs-9x12.webp 9w, https:\/\/tianhuipackingmachine.com\/wp-content\/uploads\/2026\/04\/vacuum-skin-packaging-machine-for-foodstuffs.webp 960w\" sizes=\"auto, (max-width: 375px) 100vw, 375px\" \/><figcaption class=\"wp-element-caption\">G\u0131da maddeleri i\u00e7in Vakum Cilt Ambalaj Makinesi<\/figcaption><\/figure>    <figure class=\"wp-block-image size-large\"><img loading=\"lazy\" decoding=\"async\" width=\"375\" height=\"500\" data-id=\"9359\" src=\"https:\/\/tianhuipackingmachine.com\/wp-content\/uploads\/2026\/04\/manual-vacuum-skin-packaging-machine-for-meat-375x500.webp\" alt=\"manual vacuum skin packaging machine for meat\" class=\"wp-image-9359\" srcset=\"https:\/\/tianhuipackingmachine.com\/wp-content\/uploads\/2026\/04\/manual-vacuum-skin-packaging-machine-for-meat-375x500.webp 375w, https:\/\/tianhuipackingmachine.com\/wp-content\/uploads\/2026\/04\/manual-vacuum-skin-packaging-machine-for-meat-270x360.webp 270w, https:\/\/tianhuipackingmachine.com\/wp-content\/uploads\/2026\/04\/manual-vacuum-skin-packaging-machine-for-meat-768x1024.webp 768w, https:\/\/tianhuipackingmachine.com\/wp-content\/uploads\/2026\/04\/manual-vacuum-skin-packaging-machine-for-meat-9x12.webp 9w, https:\/\/tianhuipackingmachine.com\/wp-content\/uploads\/2026\/04\/manual-vacuum-skin-packaging-machine-for-meat.webp 1080w\" sizes=\"auto, (max-width: 375px) 100vw, 375px\" \/><figcaption class=\"wp-element-caption\">Manuel Vakum Cilt Ambalaj Makinesi Et i\u00e7in<\/figcaption><\/figure> <\/figure>    <h3 class=\"wp-block-heading\"><strong>G\u0131da D\u0131\u015f\u0131 End\u00fcstri<\/strong><\/h3>    <ul class=\"wp-block-list\"> <li>Donan\u0131m ara\u00e7lar\u0131 ve DIY \u00fcr\u00fcnleri<\/li>    <li>Elektronik par\u00e7alar<\/li>    <li>End\u00fcstriyel bile\u015fenler<\/li>    <li>Kozmetik ve ki\u015fisel bak\u0131m \u00fcr\u00fcnleri<\/li> <\/ul>    <h2 class=\"wp-block-heading\"><strong>What&#8217;s the Vacuum Skin Packaging Machine Price?<\/strong><\/h2>    <p>Gaz \u00fcfleme paketleme makinesi fiyat\u0131 \u015funa ba\u011fl\u0131d\u0131r:<\/p>    <ul class=\"wp-block-list\"> <li>Makine modeli ve boyutu (\u00f6rne\u011fin, M380 vs M450)<\/li>    <li>Vakum pompas\u0131 kapasitesi<\/li>    <li>\u00dcretim kapasitesi (tepsi\/saat)<\/li>    <li>Film geni\u015fli\u011fi ve tepsi boyutu<\/li>    <li>\u0130ste\u011fe ba\u011fl\u0131 \u00f6zelle\u015ftirme \u00f6zellikleri<\/li> <\/ul>    <p>\u00dcretim hacminize, \u00fcr\u00fcn \u00f6zelliklerinize ve teslimat gereksinimlerinize g\u00f6re do\u011fru fiyatland\u0131rma i\u00e7in sat\u0131\u015f ekibimizle ileti\u015fime ge\u00e7in. Tekil \u00fcniteler ve toplu sipari\u015fler i\u00e7in rekabet\u00e7i teklifler sunuyoruz ve d\u00fcnya \u00e7ap\u0131nda 50'den fazla \u00fclkeye g\u00f6nderim yap\u0131yoruz.<\/p>    <h2 class=\"wp-block-heading\"><strong>Neden Shuliy Vakum Cilt Ambalaj Makinesi'ni Se\u00e7melisiniz?<\/strong><\/h2>    <ul class=\"wp-block-list\"> <li>S\u0131k\u0131 m\u00fch\u00fcrleme i\u00e7in y\u00fcksek performansl\u0131 vakum sistemi<\/li>    <li>D\u00fczenli ambalaj kalitesi ile stabil \u00e7al\u0131\u015fma<\/li>    <li>G\u0131da ve end\u00fcstriyel \u00fcr\u00fcnler i\u00e7in geni\u015f uygulama alan\u0131<\/li>    <li>\u00dcretim ihtiya\u00e7lar\u0131na g\u00f6re \u00f6zelle\u015ftirilebilir konfig\u00fcrasyonlar<\/li>    <li>Profesyonel destek ve k\u00fcresel ihracat deneyimi<\/li> <\/ul>    <figure class=\"wp-block-gallery has-nested-images columns-default is-cropped wp-block-gallery-3 is-layout-flex wp-block-gallery-is-layout-flex\"> <figure class=\"wp-block-image size-large\"><img loading=\"lazy\" decoding=\"async\" width=\"667\" height=\"500\" data-id=\"9364\" src=\"https:\/\/tianhuipackingmachine.com\/wp-content\/uploads\/2026\/04\/skin-vacuum-packaging-machine-for-sale-667x500.webp\" alt=\"skin vacuum packaging machine for sale\" class=\"wp-image-9364\" srcset=\"https:\/\/tianhuipackingmachine.com\/wp-content\/uploads\/2026\/04\/skin-vacuum-packaging-machine-for-sale-667x500.webp 667w, https:\/\/tianhuipackingmachine.com\/wp-content\/uploads\/2026\/04\/skin-vacuum-packaging-machine-for-sale-480x360.webp 480w, https:\/\/tianhuipackingmachine.com\/wp-content\/uploads\/2026\/04\/skin-vacuum-packaging-machine-for-sale-16x12.webp 16w, https:\/\/tianhuipackingmachine.com\/wp-content\/uploads\/2026\/04\/skin-vacuum-packaging-machine-for-sale.webp 720w\" sizes=\"auto, (max-width: 667px) 100vw, 667px\" \/><figcaption class=\"wp-element-caption\">Sat\u0131l\u0131k Vakum Cilt Ambalaj Makinesi<\/figcaption><\/figure>    <figure class=\"wp-block-image size-large\"><img loading=\"lazy\" decoding=\"async\" width=\"500\" height=\"500\" data-id=\"9363\" src=\"https:\/\/tianhuipackingmachine.com\/wp-content\/uploads\/2026\/04\/meat-skin-packaging-with-3D-effect-500x500.webp\" alt=\"meat skin packaging with 3D effect\" class=\"wp-image-9363\" srcset=\"https:\/\/tianhuipackingmachine.com\/wp-content\/uploads\/2026\/04\/meat-skin-packaging-with-3D-effect-500x500.webp 500w, https:\/\/tianhuipackingmachine.com\/wp-content\/uploads\/2026\/04\/meat-skin-packaging-with-3D-effect-360x360.webp 360w, https:\/\/tianhuipackingmachine.com\/wp-content\/uploads\/2026\/04\/meat-skin-packaging-with-3D-effect-150x150.webp 150w, https:\/\/tianhuipackingmachine.com\/wp-content\/uploads\/2026\/04\/meat-skin-packaging-with-3D-effect-768x768.webp 768w, https:\/\/tianhuipackingmachine.com\/wp-content\/uploads\/2026\/04\/meat-skin-packaging-with-3D-effect-12x12.webp 12w, https:\/\/tianhuipackingmachine.com\/wp-content\/uploads\/2026\/04\/meat-skin-packaging-with-3D-effect.webp 924w\" sizes=\"auto, (max-width: 500px) 100vw, 500px\" \/><figcaption class=\"wp-element-caption\">3D Etkili Etli Cilt Ambalaj\u0131<\/figcaption><\/figure> <\/figure>    <h2 class=\"wp-block-heading\"><strong>Cilt Ambalaj \u00c7\u00f6z\u00fcmleri i\u00e7in Bizimle \u0130leti\u015fime Ge\u00e7in<\/strong><\/h2>    <p class=\"translation-block\">Bir <strong>vakum cilt ambalaj makinesi<\/strong>, \u00fcr\u00fcn tazeli\u011fini, korumas\u0131n\u0131 ve g\u00f6rsel \u00e7ekicili\u011fi art\u0131rmak isteyen i\u015fletmeler i\u00e7in ideal bir \u00e7\u00f6z\u00fcmd\u00fcr. Geli\u015fmi\u015f vakum teknolojisi ve verimli performans\u0131yla, \u00fcr\u00fcn de\u011ferini ve pazar rekabet\u00e7ili\u011fini art\u0131rmaya yard\u0131mc\u0131 olur.<\/p>    <p class=\"translation-block\">&#x1f449; <strong>Contact us today to get detailed specifications, videos, and the best price for your vacuum skin packaging solution.<\/strong><\/p>    <h2 class=\"wp-block-heading\"><strong>ilgili \u00fcr\u00fcnler<\/strong><\/h2>    <ul class=\"wp-block-list\"> <li><strong><a href=\"https:\/\/tianhuipackingmachine.com\/tr\/modified-atmosphere-packaging-machine-map-tray-sealer\/\">Dikey MAP Ambalaj Makinesi<\/a><\/strong><\/li>    <li><strong>\u00c7ift Odac\u0131kl\u0131 Vakum Paketleme Makinas\u0131<\/strong><\/li>    <li><strong>Masa\u00fcst\u00fc Modifiye Atmosfer Ambalaj Makinesi<\/strong><\/li> <\/ul>","protected":false},"excerpt":{"rendered":"<p>Shuliy vacuum skin packaging machine creates 3D tight-fitting packages with superior product presentation. Perfect for premium meat, seafood, and retail display packaging.<\/p>","protected":false},"author":1,"featured_media":9351,"parent":0,"template":"","tags":[239,243,193,242,244],"product-type":[140],"class_list":["post-9350","product","type-product","status-publish","has-post-thumbnail","hentry","tag-map-packaging","tag-skin-packaging-machine","tag-vacuum-packaging","tag-vacuum-skin-packaging-machine","tag-vsp-packaging","product-type-vacuum-packaging-machines"],"_links":{"self":[{"href":"https:\/\/tianhuipackingmachine.com\/tr\/wp-json\/wp\/v2\/product\/9350","targetHints":{"allow":["GET"]}}],"collection":[{"href":"https:\/\/tianhuipackingmachine.com\/tr\/wp-json\/wp\/v2\/product"}],"about":[{"href":"https:\/\/tianhuipackingmachine.com\/tr\/wp-json\/wp\/v2\/types\/product"}],"author":[{"embeddable":true,"href":"https:\/\/tianhuipackingmachine.com\/tr\/wp-json\/wp\/v2\/users\/1"}],"wp:featuredmedia":[{"embeddable":true,"href":"https:\/\/tianhuipackingmachine.com\/tr\/wp-json\/wp\/v2\/media\/9351"}],"wp:attachment":[{"href":"https:\/\/tianhuipackingmachine.com\/tr\/wp-json\/wp\/v2\/media?parent=9350"}],"wp:term":[{"taxonomy":"post_tag","embeddable":true,"href":"https:\/\/tianhuipackingmachine.com\/tr\/wp-json\/wp\/v2\/tags?post=9350"},{"taxonomy":"product-type","embeddable":true,"href":"https:\/\/tianhuipackingmachine.com\/tr\/wp-json\/wp\/v2\/product-type?post=9350"}],"curies":[{"name":"wp","href":"https:\/\/api.w.org\/{rel}","templated":true}]}}