{"id":9173,"date":"2025-10-15T15:52:29","date_gmt":"2025-10-15T07:52:29","guid":{"rendered":"https:\/\/tianhuipackingmachine.com\/?post_type=product&#038;p=9173"},"modified":"2025-10-15T18:06:51","modified_gmt":"2025-10-15T10:06:51","slug":"popsicle-ice-pop-packing-machine","status":"publish","type":"product","link":"https:\/\/tianhuipackingmachine.com\/tr\/popsicle-ice-pop-packing-machine\/","title":{"rendered":"Otomatik buzlu dondurma \u00e7ubu\u011fu paketleme makinesi"},"content":{"rendered":"<p class=\"translation-block\">Shuliy <strong>dondurma paketi makinesi<\/strong>(ayn\u0131 zamanda dondurmal\u0131 paketleme makinesi, popsicle paketleme makinesi olarak da bilinir) s\u0131v\u0131 \u00fcr\u00fcnleri donarana kadar doldurup kapatmak \u00fczere tasarlanm\u0131\u015ft\u0131r. Kendili\u011finden akan besleme y\u00f6ntemini benimser ve dk ba\u015f\u0131na 20-72 po\u015fet kapasitesi elde eder. <\/p>    <p>Paketleme stili arka s\u0131zd\u0131rmazl\u0131kt\u0131r ve bitmi\u015f \u00fcr\u00fcnler tam daire \u015feklindedir. Ayr\u0131ca popsicle paketleme makinesini voltaj, fi\u015f vb. ihtiya\u00e7lar\u0131n\u0131za g\u00f6re \u00f6zelle\u015ftirebiliriz. \u0130lgileniyor musunuz? Daha ayr\u0131nt\u0131lar i\u00e7in bizimle ileti\u015fime ge\u00e7in!<\/p>   <figure class=\"wp-block-embed-youtube wp-block-embed is-type-video is-provider-youtube wp-embed-aspect-16-9 wp-has-aspect-ratio\"><div class=\"lyte-wrapper\" title=\"Dondurma lolly paketleme makinesi | Shuliy Machinery ile otomatik dondurma paketleme makinesi testi\" style=\"width:853px;max-width:100%;margin:5px auto;\"><div class=\"lyMe\" id=\"WYL_fkLxZ2Zatnk\" itemprop=\"video\" itemscope itemtype=\"https:\/\/schema.org\/VideoObject\"><div><meta itemprop=\"thumbnailUrl\" content=\"https:\/\/i.ytimg.com\/vi\/fkLxZ2Zatnk\/hqdefault.jpg\" \/><meta itemprop=\"embedURL\" content=\"https:\/\/www.youtube.com\/embed\/fkLxZ2Zatnk\" \/><meta itemprop=\"duration\" content=\"PT1M29S\" \/><meta itemprop=\"uploadDate\" content=\"2025-10-15T10:03:19Z\" \/><\/div><div id=\"lyte_fkLxZ2Zatnk\" data-src=\"https:\/\/i.ytimg.com\/vi\/fkLxZ2Zatnk\/hqdefault.jpg\" class=\"pL\"><div class=\"tC\"><div class=\"tT\" itemprop=\"name\">Dondurma lolly paketleme makinesi | Shuliy Machinery ile otomatik dondurma paketleme makinesi testi<\/div><\/div><div class=\"play\"><\/div><div class=\"ctrl\"><div class=\"Lctrl\"><\/div><div class=\"Rctrl\"><\/div><\/div><\/div><noscript><a href=\"https:\/\/youtu.be\/fkLxZ2Zatnk\" rel=\"nofollow noopener\" target=\"_blank\"><img loading=\"lazy\" decoding=\"async\" src=\"https:\/\/i.ytimg.com\/vi\/fkLxZ2Zatnk\/0.jpg\" alt=\"Dondurma lolly paketleme makinesi | Shuliy Machinery ile otomatik dondurma paketleme makinesi testi\" width=\"853\" height=\"460\" \/><\/a><\/noscript><meta itemprop=\"description\" content=\"#packing #icepop #icelolly #popsicle #packaging WhatsApp No.: https:\/\/wa.me\/+8613673689272 WeChat\/Tel No.:+8613673689272 Email: info@tianhuipackingmachine.com Website: https:\/\/tianhuipackingmachine.com\/popsicle-ice-pop-packing-machine\/ Watch the Shuliy Ice Pop Lolly Packing Machine in action! \ud83e\uddca This automatic popsicle packaging machine is designed for high-efficiency packaging of ice pops, juice bars, jelly sticks, and other frozen snacks. The machine automatically completes film forming, sealing, cutting, and date printing, ensuring clean, tight, and attractive packaging. \u2705 Key Features: Fast packing speed: 30\u201360 bags\/min Smooth sealing and cutting performance Support back seal and multi-bag continuous cutting Optional date printer and nitrogen filling device Voltage customizable (220V\/50Hz single phase) Perfect for ice pop factories, frozen snack producers, and beverage manufacturers who want to improve efficiency and product quality. \ud83d\udcde Contact Shuliy Machinery for details, price, and customized solutions: \ud83c\udf10 https:\/\/tianhuipackingmachine.com\/popsicle-ice-pop-packing-machine\/\"><\/div><\/div><div class=\"lL\" style=\"max-width:100%;width:853px;margin:5px auto;\"> <a href=\"https:\/\/youtu.be\/fkLxZ2Zatnk\" target=\"_blank\" rel=\"noopener\">Bu videoyu YouTube'da izleyin<\/a>.<\/div><figcaption>Dondurma paketleme makinesi videosu<\/figcaption><\/figure>   <h2 class=\"wp-block-heading\"><strong>Buzlu dondurma lolly, popsicle paketleme makinesinin avantajlar\u0131<\/strong><\/h2>    <ul class=\"wp-block-list\"> <li>Buzlu dondurma paketleme makinesi y\u00fcksek h\u0131zlarda \u00e7al\u0131\u015f\u0131r, \u00fcretir <strong>Dakikada 20\u201372 po\u015fet<\/strong>, manuel paketlemeye g\u00f6re 10 kat daha h\u0131zl\u0131.<\/li>    <li>S\u0131cakl\u0131k kontrol\u00fc ve bir kullan\u0131r <strong>kesin \u0131s\u0131 m\u00fch\u00fcrleme sistemi<\/strong> Ak\u0131c\u0131, g\u00fcvenli m\u00fch\u00fcrler olu\u015fturmak, \u00fcr\u00fcn b\u00fct\u00fcnl\u00fc\u011f\u00fcn\u00fc ve g\u00f6rsel \u00e7ekicili\u011fi sa\u011flamak.<\/li>    <li>Beslemeden po\u015fet \u015fekillendirmeye, m\u00fch\u00fcrlemeye ve bitmi\u015f \u00fcr\u00fcn \u00e7\u0131k\u0131\u015f\u0131na kadar, the <strong>T\u00fcm s\u00fcre\u00e7 tamamen otomatik<\/strong>, i\u015f\u00e7ilik maliyetlerini azalt\u0131r.<\/li>    <li>Esnek bir \u015fekilde <strong>Makine voltaj\u0131n\u0131 \u00f6zelle\u015ftirin (220V veya 380V), fi\u015f, po\u015fet geni\u015fli\u011fi<\/strong>, etc., to meet customers&#8217; demands.<\/li> <\/ul>    <figure class=\"wp-block-gallery has-nested-images columns-default is-cropped wp-block-gallery-2 is-layout-flex wp-block-gallery-is-layout-flex\"> <figure class=\"wp-block-image size-large\"><img loading=\"lazy\" decoding=\"async\" width=\"375\" height=\"500\" data-id=\"9174\" src=\"https:\/\/tianhuipackingmachine.com\/wp-content\/uploads\/2025\/10\/automatic-popsicle-packaging-machine-375x500.webp\" alt=\"otomatik lolly ambalajlama makinesi\" class=\"wp-image-9174\" srcset=\"https:\/\/tianhuipackingmachine.com\/wp-content\/uploads\/2025\/10\/automatic-popsicle-packaging-machine-375x500.webp 375w, https:\/\/tianhuipackingmachine.com\/wp-content\/uploads\/2025\/10\/automatic-popsicle-packaging-machine-270x360.webp 270w, https:\/\/tianhuipackingmachine.com\/wp-content\/uploads\/2025\/10\/automatic-popsicle-packaging-machine-9x12.webp 9w, https:\/\/tianhuipackingmachine.com\/wp-content\/uploads\/2025\/10\/automatic-popsicle-packaging-machine.webp 540w\" sizes=\"auto, (max-width: 375px) 100vw, 375px\" \/><figcaption class=\"wp-element-caption\">Otomatik Popsicle Paketleme Makinesi<\/figcaption><\/figure>    <figure class=\"wp-block-image size-large\"><img loading=\"lazy\" decoding=\"async\" width=\"375\" height=\"500\" data-id=\"9175\" src=\"https:\/\/tianhuipackingmachine.com\/wp-content\/uploads\/2025\/10\/ice-lolly-popsicle-filling-packing-machine-375x500.webp\" alt=\"ice lolly popsicle dolum ambalajlama makinesi\" class=\"wp-image-9175\" srcset=\"https:\/\/tianhuipackingmachine.com\/wp-content\/uploads\/2025\/10\/ice-lolly-popsicle-filling-packing-machine-375x500.webp 375w, https:\/\/tianhuipackingmachine.com\/wp-content\/uploads\/2025\/10\/ice-lolly-popsicle-filling-packing-machine-270x360.webp 270w, https:\/\/tianhuipackingmachine.com\/wp-content\/uploads\/2025\/10\/ice-lolly-popsicle-filling-packing-machine-9x12.webp 9w, https:\/\/tianhuipackingmachine.com\/wp-content\/uploads\/2025\/10\/ice-lolly-popsicle-filling-packing-machine.webp 540w\" sizes=\"auto, (max-width: 375px) 100vw, 375px\" \/><figcaption class=\"wp-element-caption\">Dondurmal\u0131k \u00e7ubuk dolgulu paketleme makinesi<\/figcaption><\/figure> <\/figure>    <h2 class=\"wp-block-heading\"><strong>Otomatik dondurmal\u0131k paketleme makinesinin teknik parametreleri<\/strong><\/h2>    <p>Bu popsicle paketleme makinesinin bir modeli vard\u0131r: SL-320C1. Po\u015fet uzunlu\u011fu 30-280mm ve po\u015fet geni\u015fli\u011fi 24-125mm aras\u0131ndad\u0131r. Ayr\u0131ca paketleme ekipman\u0131 1.8 kW g\u00fc\u00e7 t\u00fcketir. Ayr\u0131nt\u0131lar i\u00e7in a\u015fa\u011f\u0131daki tabloya bak\u0131n\u0131z.<\/p>    <figure class=\"wp-block-table\"><table class=\"has-fixed-layout\"><tbody><tr><td>Modeli<\/td><td>SL-320C1<\/td><\/tr><tr><td>\u00c7anta tarz\u0131<\/td><td>Arka s\u0131zd\u0131rmazl\u0131k<\/td><\/tr><tr><td>Paketleme h\u0131z\u0131<\/td><td>20-60po\u015fet\/dk veya 2-72po\u015fet\/dk<\/td><\/tr><tr><td>\u00c7anta uzunlu\u011fu<\/td><td>30-280mm<\/td><\/tr><tr><td>\u00c7anta geni\u015fli\u011fi<\/td><td>25-145mm (\u00d6nceden formun de\u011fi\u015ftirilmesi gerekir)<\/td><\/tr><tr><td>Besleme y\u00f6ntemleri<\/td><td>Kendili\u011finden akan besleme sistemi<\/td><\/tr><tr><td>G\u00fc\u00e7 t\u00fcketimi<\/td><td>1.8kw&nbsp;<\/td><\/tr><tr><td>A\u011f\u0131rl\u0131k<\/td><td>250kg<\/td><\/tr><tr><td>Boyut<\/td><td>650*850*1850mm&nbsp;<\/td><\/tr><tr><td>Makine malzemesi<\/td><td>F\u0131r\u0131nl\u0131 emaye veya paslanmaz \u00e7elik<\/td><\/tr><\/tbody><\/table><figcaption class=\"wp-element-caption\">dondurma lolly paketleme makinesinin teknik \u00f6zellikleri<\/figcaption><\/figure>    <h2 class=\"wp-block-heading\"><strong>Dondurma paketleme makinesinin uygulamalar\u0131<\/strong><\/h2>    <p>Otomatik dondurma lolly paketleme makinesi, \u00e7e\u015fitli so\u011fuk i\u00e7ecekler ve \u00e7ubuk \u015feklindeki \u00fcr\u00fcnler i\u00e7in geni\u015f \u00e7apta kullan\u0131l\u0131r, \u015funlar dahil:<\/p>    <ul class=\"wp-block-list\"> <li>T\u00fcm t\u00fcr dondurmal\u0131klar, buzlu poul, ve dondurma \u00e7ubuklar\u0131<\/li>    <li>Donmu\u015f meyve suyu \u00e7ubuklar\u0131, jel \u00e7ubuklar, enerji \u00e7ubuklar\u0131<\/li>    <li>Di\u011fer \u00e7ubuk \u015feklinde s\u0131v\u0131 g\u0131dalar<\/li> <\/ul>    <p>\u00c7e\u015fitli \u00fcretim taleplerine sahip so\u011fuk i\u00e7ecek \u00fcreticileri i\u00e7in uygundur. Bu ekipman, hem k\u00fc\u00e7\u00fck \u00f6l\u00e7ekli at\u00f6lyelere hem de b\u00fcy\u00fck \u00f6l\u00e7ekli otomatik montaj hatlar\u0131na sorunsuz uyum sa\u011flar.<\/p>    <h2 class=\"wp-block-heading\"><strong>Shuliy dondurma dolgu kapama makinesi nas\u0131l \u00e7al\u0131\u015f\u0131r?<\/strong><\/h2>    <p>Shuliy dondurma paketleme makinesi, hassas ve istikrarl\u0131 paketleme i\u00e7in fotoelektrik konumlama kontroll\u00fc otomatik bir servo sistemi kullan\u0131r. T\u00fcm i\u015f ak\u0131\u015f\u0131 \u015fu \u015fekildedir: <\/p>    <ol class=\"wp-block-list\"> <li>Otomatik besleme <ul class=\"wp-block-list\"> <li>S\u0131v\u0131, yer\u00e7ekimiyle po\u015fet \u015fekillendirme sistemine iletilir.<\/li> <\/ul> <\/li>    <li>\u00c7anta \u015fekillendirme <ul class=\"wp-block-list\"> <li>Film, dondurma paketleme makinesinin \u015fekillendirme \u00fcnitesi taraf\u0131ndan po\u015fet bi\u00e7imine al\u0131n\u0131r. Po\u015fet geni\u015fli\u011fi ve po\u015fet uzunlu\u011fu otomatik olarak ayarlan\u0131r.<\/li> <\/ul> <\/li>    <li>S\u0131zd\u0131rmazl\u0131k ve kesme <ul class=\"wp-block-list\"> <li>Is\u0131 s\u0131zd\u0131rmazl\u0131k b\u0131\u00e7aklar\u0131 tamam\u0131 boyuna ve enine s\u0131zd\u0131rmazl\u0131klar sa\u011flar, g\u00fcvenli, p\u00fcr\u00fczs\u00fcz bir biti\u015f sa\u011flar.<\/li> <\/ul> <\/li>    <li>Tarih bas\u0131m\u0131 (iste\u011fe ba\u011fl\u0131) <ul class=\"wp-block-list\"> <li>Otomatik bir kodlama sistemi \u00fcretim tarihi ve parti numaras\u0131n\u0131 basar. Tarih yaz\u0131c\u0131s\u0131, jel \u00e7ubuk paketleme makinesi ile iste\u011fe ba\u011fl\u0131d\u0131r.<\/li> <\/ul> <\/li>    <li>Bitmi\u015f \u00fcr\u00fcn \u00e7\u0131kt\u0131s\u0131 <ul class=\"wp-block-list\"> <li>Paketlenmi\u015f dondurmalar otomatik olarak toplama platformuna iletilir, kutulamaya veya dondurulmu\u015f depolamaya haz\u0131rd\u0131r.<\/li> <\/ul> <\/li> <\/ol>    <p>T\u00fcm s\u00fcre\u00e7 manuel m\u00fcdahale gerektirmez, \u00fcretim hatt\u0131 verimlili\u011fini ve hijyen standartlar\u0131n\u0131 \u00f6nemli \u00f6l\u00e7\u00fcde art\u0131r\u0131r.<\/p>    <figure class=\"wp-block-gallery has-nested-images columns-default is-cropped wp-block-gallery-3 is-layout-flex wp-block-gallery-is-layout-flex\"> <figure class=\"wp-block-image size-large\"><img loading=\"lazy\" decoding=\"async\" width=\"375\" height=\"500\" data-id=\"9177\" src=\"https:\/\/tianhuipackingmachine.com\/wp-content\/uploads\/2025\/10\/liquid-ice-lolly-packing-machine-for-sale-375x500.webp\" alt=\"sat\u0131\u015f i\u00e7in s\u0131v\u0131 dondurmal\u0131 lolly ambalaj makinesi\" class=\"wp-image-9177\" srcset=\"https:\/\/tianhuipackingmachine.com\/wp-content\/uploads\/2025\/10\/liquid-ice-lolly-packing-machine-for-sale-375x500.webp 375w, https:\/\/tianhuipackingmachine.com\/wp-content\/uploads\/2025\/10\/liquid-ice-lolly-packing-machine-for-sale-270x360.webp 270w, https:\/\/tianhuipackingmachine.com\/wp-content\/uploads\/2025\/10\/liquid-ice-lolly-packing-machine-for-sale-9x12.webp 9w, https:\/\/tianhuipackingmachine.com\/wp-content\/uploads\/2025\/10\/liquid-ice-lolly-packing-machine-for-sale.webp 540w\" sizes=\"auto, (max-width: 375px) 100vw, 375px\" \/><figcaption class=\"wp-element-caption\">Sat\u0131l\u0131k S\u0131v\u0131 Dondurma Lolusi Paketleme Makinesi<\/figcaption><\/figure>    <figure class=\"wp-block-image size-large\"><img loading=\"lazy\" decoding=\"async\" width=\"375\" height=\"500\" data-id=\"9176\" src=\"https:\/\/tianhuipackingmachine.com\/wp-content\/uploads\/2025\/10\/ice-pop-filling-sealing-machine-375x500.webp\" alt=\"ice lolly dolum ve s\u0131zd\u0131rmazl\u0131k makinesi\" class=\"wp-image-9176\" srcset=\"https:\/\/tianhuipackingmachine.com\/wp-content\/uploads\/2025\/10\/ice-pop-filling-sealing-machine-375x500.webp 375w, https:\/\/tianhuipackingmachine.com\/wp-content\/uploads\/2025\/10\/ice-pop-filling-sealing-machine-270x360.webp 270w, https:\/\/tianhuipackingmachine.com\/wp-content\/uploads\/2025\/10\/ice-pop-filling-sealing-machine-9x12.webp 9w, https:\/\/tianhuipackingmachine.com\/wp-content\/uploads\/2025\/10\/ice-pop-filling-sealing-machine.webp 540w\" sizes=\"auto, (max-width: 375px) 100vw, 375px\" \/><figcaption class=\"wp-element-caption\">Dondurmal\u0131 Dolgu ve Kapama Makinesi<\/figcaption><\/figure> <\/figure>    <h2 class=\"wp-block-heading\"><strong>Bir dondurma paketi makinesi ne kadar maliyetlidir?<\/strong><\/h2>    <p>Dondurmal\u0131k paketleme makinesi fiyat\u0131 modele, h\u0131za, film malzemesine ve \u00f6zelle\u015ftirmeye ba\u011fl\u0131d\u0131r. Giri\u015f d\u00fczeyi modeller binlerce dolardan ba\u015flar, yaz\u0131c\u0131lar veya konvey\u00f6rlerle tamamen otomatik sistemler ise daha y\u00fcksek fiyatl\u0131d\u0131r.<\/p>    <p>\u015eimdi Shuliy ile ayr\u0131nt\u0131l\u0131 teklifler ve tesis \u00f6l\u00e7e\u011finize ve paketleme ihtiya\u00e7lar\u0131n\u0131za g\u00f6re profesyonel tavsiye almak i\u00e7in ileti\u015fime ge\u00e7in.<\/p>    <h2 class=\"wp-block-heading\"><strong>Neden Shuliy dondurma paketi makinesini se\u00e7melisiniz?<\/strong><\/h2>    <p>Profesyonel bir paketleme makinesi \u00fcreticisi olarak Shuliy Machinery, otomatik paketleme \u00e7\u00f6z\u00fcmlerinde on y\u0131l\u0131 a\u015fk\u0131n deneyime sahiptir. \u00dcr\u00fcnlerimiz Nijerya, \u00d6zbekistan, Filipinler, Rusya ve Birle\u015fik Arap Emirlikleri dahil olmak \u00fczere d\u00fcnya \u00e7ap\u0131nda 80'den fazla \u00fclkeye ihra\u00e7 edilmektedir.<\/p>    <p>Sunuyoruz:<\/p>    <ul class=\"wp-block-list\"> <li>Profesyonel tasar\u0131m ve \u00f6zelle\u015ftirme: Belirli po\u015fet tipleri, boyutlar\u0131, gerilim gereksinimleri ve daha fazlas\u0131 i\u00e7in uyarlanm\u0131\u015f \u00e7\u00f6z\u00fcmler.<\/li>    <li>S\u0131k\u0131 fabrika testi: Her makine sevkattan \u00f6nce birden \u00e7ok deneme \u00e7al\u0131\u015fmas\u0131 ve kalite denetiminden ge\u00e7er.<\/li>    <li>Kapsaml\u0131 sat\u0131\u015f sonras\u0131 destek: \u0130ngilizce i\u015fletim videolar\u0131, kullan\u0131c\u0131 k\u0131lavuzlar\u0131 ve \u00e7evrimi\u00e7i teknik rehberlik dahil.<\/li>    <li>Y\u00fcksek maliyet-etkinlik: \u015eeffaf maliyetlerle fabrika \u00e7\u0131k\u0131\u015f fiyat\u0131 ve d\u00fc\u015f\u00fck bak\u0131m giderleri.<\/li>    <li>H\u0131zl\u0131 teslimat: \u0130hracat ambalajlamas\u0131 ve birden \u00e7ok sevkiyat y\u00f6ntemi deste\u011fi.<\/li> <\/ul>    <figure class=\"wp-block-gallery has-nested-images columns-default is-cropped wp-block-gallery-4 is-layout-flex wp-block-gallery-is-layout-flex\"> <figure class=\"wp-block-image size-large\"><img loading=\"lazy\" decoding=\"async\" width=\"375\" height=\"500\" data-id=\"9179\" src=\"https:\/\/tianhuipackingmachine.com\/wp-content\/uploads\/2025\/10\/jelly-stick-packing-machine-from-Shuliy-375x500.webp\" alt=\"Shuliy&#039;den jel \u00e7ubuk ambalajlama makinesi\" class=\"wp-image-9179\" srcset=\"https:\/\/tianhuipackingmachine.com\/wp-content\/uploads\/2025\/10\/jelly-stick-packing-machine-from-Shuliy-375x500.webp 375w, https:\/\/tianhuipackingmachine.com\/wp-content\/uploads\/2025\/10\/jelly-stick-packing-machine-from-Shuliy-270x360.webp 270w, https:\/\/tianhuipackingmachine.com\/wp-content\/uploads\/2025\/10\/jelly-stick-packing-machine-from-Shuliy-9x12.webp 9w, https:\/\/tianhuipackingmachine.com\/wp-content\/uploads\/2025\/10\/jelly-stick-packing-machine-from-Shuliy.webp 540w\" sizes=\"auto, (max-width: 375px) 100vw, 375px\" \/><figcaption class=\"wp-element-caption\">Shuliy Jel \u00c7ubu\u011fu Paketleme Makinesi<\/figcaption><\/figure>    <figure class=\"wp-block-image size-large\"><img loading=\"lazy\" decoding=\"async\" width=\"375\" height=\"500\" data-id=\"9178\" src=\"https:\/\/tianhuipackingmachine.com\/wp-content\/uploads\/2025\/10\/ice-lolly-packing-machine-manufacturer-375x500.webp\" alt=\"ice lolly ambalajlama makinesi \u00fcreticisi\" class=\"wp-image-9178\" srcset=\"https:\/\/tianhuipackingmachine.com\/wp-content\/uploads\/2025\/10\/ice-lolly-packing-machine-manufacturer-375x500.webp 375w, https:\/\/tianhuipackingmachine.com\/wp-content\/uploads\/2025\/10\/ice-lolly-packing-machine-manufacturer-270x360.webp 270w, https:\/\/tianhuipackingmachine.com\/wp-content\/uploads\/2025\/10\/ice-lolly-packing-machine-manufacturer-9x12.webp 9w, https:\/\/tianhuipackingmachine.com\/wp-content\/uploads\/2025\/10\/ice-lolly-packing-machine-manufacturer.webp 540w\" sizes=\"auto, (max-width: 375px) 100vw, 375px\" \/><figcaption class=\"wp-element-caption\">Dondurma Paketi Makinesi \u00dcreticisi<\/figcaption><\/figure>    <figure class=\"wp-block-image size-large\"><img loading=\"lazy\" decoding=\"async\" width=\"375\" height=\"500\" data-id=\"9181\" src=\"https:\/\/tianhuipackingmachine.com\/wp-content\/uploads\/2025\/10\/ice-lolly-packaging-machine-for-sale-375x500.webp\" alt=\"sat\u0131\u015f i\u00e7in dondurma lolly ambalajlama makinesi\" class=\"wp-image-9181\" srcset=\"https:\/\/tianhuipackingmachine.com\/wp-content\/uploads\/2025\/10\/ice-lolly-packaging-machine-for-sale-375x500.webp 375w, https:\/\/tianhuipackingmachine.com\/wp-content\/uploads\/2025\/10\/ice-lolly-packaging-machine-for-sale-270x360.webp 270w, https:\/\/tianhuipackingmachine.com\/wp-content\/uploads\/2025\/10\/ice-lolly-packaging-machine-for-sale-9x12.webp 9w, https:\/\/tianhuipackingmachine.com\/wp-content\/uploads\/2025\/10\/ice-lolly-packaging-machine-for-sale.webp 540w\" sizes=\"auto, (max-width: 375px) 100vw, 375px\" \/><figcaption class=\"wp-element-caption\">Sat\u0131l\u0131k Dondurma Paketi Makinesi<\/figcaption><\/figure> <\/figure>    <figure class=\"wp-block-gallery has-nested-images columns-default is-cropped wp-block-gallery-5 is-layout-flex wp-block-gallery-is-layout-flex\"> <figure class=\"wp-block-image size-large\"><img loading=\"lazy\" decoding=\"async\" width=\"375\" height=\"500\" data-id=\"9182\" src=\"https:\/\/tianhuipackingmachine.com\/wp-content\/uploads\/2025\/10\/automatic-popsicle-packing-machine-375x500.webp\" alt=\"otomatik lolly ambalajlama makinesi\" class=\"wp-image-9182\" srcset=\"https:\/\/tianhuipackingmachine.com\/wp-content\/uploads\/2025\/10\/automatic-popsicle-packing-machine-375x500.webp 375w, https:\/\/tianhuipackingmachine.com\/wp-content\/uploads\/2025\/10\/automatic-popsicle-packing-machine-270x360.webp 270w, https:\/\/tianhuipackingmachine.com\/wp-content\/uploads\/2025\/10\/automatic-popsicle-packing-machine-9x12.webp 9w, https:\/\/tianhuipackingmachine.com\/wp-content\/uploads\/2025\/10\/automatic-popsicle-packing-machine.webp 540w\" sizes=\"auto, (max-width: 375px) 100vw, 375px\" \/><figcaption class=\"wp-element-caption\">Otomatik Popsicle Paketleme Makinesi<\/figcaption><\/figure>    <figure class=\"wp-block-image size-large\"><img loading=\"lazy\" decoding=\"async\" width=\"375\" height=\"500\" data-id=\"9183\" src=\"https:\/\/tianhuipackingmachine.com\/wp-content\/uploads\/2025\/10\/ice-pop-lolly-jelly-stick-packing-machine-375x500.webp\" alt=\"ice pop lolly jel \u00e7ubuk ambalajlama makinesi\" class=\"wp-image-9183\" srcset=\"https:\/\/tianhuipackingmachine.com\/wp-content\/uploads\/2025\/10\/ice-pop-lolly-jelly-stick-packing-machine-375x500.webp 375w, https:\/\/tianhuipackingmachine.com\/wp-content\/uploads\/2025\/10\/ice-pop-lolly-jelly-stick-packing-machine-270x360.webp 270w, https:\/\/tianhuipackingmachine.com\/wp-content\/uploads\/2025\/10\/ice-pop-lolly-jelly-stick-packing-machine-9x12.webp 9w, https:\/\/tianhuipackingmachine.com\/wp-content\/uploads\/2025\/10\/ice-pop-lolly-jelly-stick-packing-machine.webp 540w\" sizes=\"auto, (max-width: 375px) 100vw, 375px\" \/><figcaption class=\"wp-element-caption\">Dondurma Lolyi Jel \u00c7ubu\u011fu Paketleme Makinesi<\/figcaption><\/figure>    <figure class=\"wp-block-image size-large\"><img loading=\"lazy\" decoding=\"async\" width=\"375\" height=\"500\" data-id=\"9184\" src=\"https:\/\/tianhuipackingmachine.com\/wp-content\/uploads\/2025\/10\/popsicle-packing-machine-in-wooden-crate-375x500.webp\" alt=\"ah\u015fap sand\u0131k i\u00e7inde dondurmal\u0131 k\u00fclah ambalaj makinesi\" class=\"wp-image-9184\" srcset=\"https:\/\/tianhuipackingmachine.com\/wp-content\/uploads\/2025\/10\/popsicle-packing-machine-in-wooden-crate-375x500.webp 375w, https:\/\/tianhuipackingmachine.com\/wp-content\/uploads\/2025\/10\/popsicle-packing-machine-in-wooden-crate-270x360.webp 270w, https:\/\/tianhuipackingmachine.com\/wp-content\/uploads\/2025\/10\/popsicle-packing-machine-in-wooden-crate-9x12.webp 9w, https:\/\/tianhuipackingmachine.com\/wp-content\/uploads\/2025\/10\/popsicle-packing-machine-in-wooden-crate.webp 540w\" sizes=\"auto, (max-width: 375px) 100vw, 375px\" \/><figcaption class=\"wp-element-caption\">Ah\u015fap sand\u0131kta dondurma paketi makinesi<\/figcaption><\/figure> <\/figure>    <p>Dondurma paketi makinesinin yan\u0131 s\u0131ra, ayr\u0131ca \u015fu paketleme makinelerimiz de vard\u0131r:<\/p>    <ul class=\"wp-block-list\"> <li><a href=\"https:\/\/tianhuipackingmachine.com\/tr\/liquid-packing-machine\/\">S\u0131v\u0131 paketleme makinesi<\/a><\/li>    <li><a href=\"https:\/\/tianhuipackingmachine.com\/tr\/paste-packing-machine\/\">Yap\u0131\u015ft\u0131rma paketleme makinesi<\/a><\/li>    <li><a href=\"https:\/\/tianhuipackingmachine.com\/tr\/powder-packing-machine\/\">Toz paketleme makinesi<\/a><\/li>    <li><a href=\"https:\/\/tianhuipackingmachine.com\/tr\/granule-packing-machine\/\">Gran\u00fcl paketleme makinesi<\/a><\/li> <\/ul>    <p>\u0130lginiz varsa, daha fazla bilgi i\u00e7in \u015fimdi bizimle ileti\u015fime ge\u00e7in!<\/p>","protected":false},"excerpt":{"rendered":"<p>Shuliy dondurma lolly ambalajlama makinesi, dondurma \u00e7ubu\u011fu ve dondurma bar ambalaj\u0131 i\u00e7in tamamen otomatik bir \u00e7\u00f6z\u00fcm sunar. Hassas s\u0131cakl\u0131k kontrol\u00fc, y\u00fcksek s\u0131zd\u0131rmazl\u0131k kalitesi ve \u00f6zelle\u015ftirilebilir \u00f6zelliklerle so\u011fuk yiyecek \u00fcreticilerinin verimlili\u011fini art\u0131rmaya, i\u015f\u00e7ilik maliyetlerini azaltmaya ve hijyenik, \u00e7ekici ambalajlar sa\u011flamaya yard\u0131mc\u0131 olur.<\/p>","protected":false},"author":1,"featured_media":9186,"parent":0,"template":"","tags":[235],"product-type":[137],"class_list":["post-9173","product","type-product","status-publish","has-post-thumbnail","hentry","tag-liquid","product-type-liquid-packing-machines"],"_links":{"self":[{"href":"https:\/\/tianhuipackingmachine.com\/tr\/wp-json\/wp\/v2\/product\/9173","targetHints":{"allow":["GET"]}}],"collection":[{"href":"https:\/\/tianhuipackingmachine.com\/tr\/wp-json\/wp\/v2\/product"}],"about":[{"href":"https:\/\/tianhuipackingmachine.com\/tr\/wp-json\/wp\/v2\/types\/product"}],"author":[{"embeddable":true,"href":"https:\/\/tianhuipackingmachine.com\/tr\/wp-json\/wp\/v2\/users\/1"}],"wp:featuredmedia":[{"embeddable":true,"href":"https:\/\/tianhuipackingmachine.com\/tr\/wp-json\/wp\/v2\/media\/9186"}],"wp:attachment":[{"href":"https:\/\/tianhuipackingmachine.com\/tr\/wp-json\/wp\/v2\/media?parent=9173"}],"wp:term":[{"taxonomy":"post_tag","embeddable":true,"href":"https:\/\/tianhuipackingmachine.com\/tr\/wp-json\/wp\/v2\/tags?post=9173"},{"taxonomy":"product-type","embeddable":true,"href":"https:\/\/tianhuipackingmachine.com\/tr\/wp-json\/wp\/v2\/product-type?post=9173"}],"curies":[{"name":"wp","href":"https:\/\/api.w.org\/{rel}","templated":true}]}}