{"id":6402,"date":"2023-03-22T18:10:21","date_gmt":"2023-03-22T10:10:21","guid":{"rendered":"https:\/\/tianhuipackingmachine.com\/?post_type=product&#038;p=6402"},"modified":"2023-04-03T09:49:30","modified_gmt":"2023-04-03T01:49:30","slug":"jumbo-bag-filling-machine","status":"publish","type":"product","link":"https:\/\/tianhuipackingmachine.com\/tr\/jumbo-bag-filling-machine\/","title":{"rendered":"Jumbo Torba Dolum Makinas\u0131"},"content":{"rendered":"<p class=\"translation-block\"><strong>Jumbo torba doldurma makinesi<\/strong>, ton torba paketleme makinesi olarak da bilinir, malzeme elle\u00e7leme s\u00fcrecinizi basitle\u015ftirmek ve modernize etmek i\u00e7in tasarlanm\u0131\u015ft\u0131r. Bizden ald\u0131\u011f\u0131n\u0131z makine, gran\u00fcl, toz ve peletler dahil olmak \u00fczere \u00e7ok \u00e7e\u015fitli malzemelerin verimli, do\u011fru ve otomatik paketlenmesini gerektiren end\u00fcstriler i\u00e7in m\u00fckemmeldir. Paketleme s\u00fcrecini otomatikle\u015ftirerek, jumbo torba doldurma makinesi \u00fcretim verimlili\u011fini \u00f6nemli \u00f6l\u00e7\u00fcde art\u0131rabilir ve i\u015f\u00e7ilik maliyetlerini d\u00fc\u015f\u00fcrebilir.<\/p>    <figure class=\"wp-block-image size-full\"><img loading=\"lazy\" decoding=\"async\" width=\"720\" height=\"540\" src=\"https:\/\/tianhuipackingmachine.com\/wp-content\/uploads\/2023\/03\/jumbo-bag-filling-station.jpg\" alt=\"jumbo torba dolum istasyonu\" class=\"wp-image-6406\"\/><figcaption class=\"wp-element-caption\">Jumbo Torba Dolum \u0130stasyonu<\/figcaption><\/figure>    <h2 class=\"wp-block-heading\">Jumbo torba dolum makinas\u0131n\u0131n performans \u00f6zellikleri<\/h2>    <ol class=\"wp-block-list\" type=\"1\"> <li>Y\u00fcksek doldurma do\u011frulu\u011fu ve h\u0131z\u0131<\/li>    <li>Tamam\u0131 paslanmaz \u00e7elik makine g\u00f6vde yap\u0131s\u0131, dayan\u0131kl\u0131 ve g\u00fcvenilir<\/li>    <li>\u00c7ok \u00e7e\u015fitli torba boyutlar\u0131 ve a\u011f\u0131rl\u0131klar\u0131n\u0131 ta\u015f\u0131ma yetene\u011fi<\/li>    <li>LCD dokunmatik ekran\u0131 benimseyin, kullan\u0131m\u0131 kolay<\/li>    <li>Tozlar, gran\u00fcller veya s\u0131v\u0131lar gibi farkl\u0131 malzeme t\u00fcrlerine uyum sa\u011flama esnekli\u011fi<\/li>    <li>Otomatik prosesler i\u00e7in tart\u0131m ve ta\u015f\u0131ma sistemleriyle entegrasyon<\/li>    <li>G\u00fcvenlik standartlar\u0131na ve y\u00f6netmeliklere uygunluk<\/li>    <li>\u00d6zel paketleme gereksinimlerini kar\u015f\u0131lamak i\u00e7in \u00f6zelle\u015ftirme hizmeti mevcuttur<\/li> <\/ol>    <h2 class=\"wp-block-heading has-luminous-vivid-orange-color has-text-color\">Toplu torba dolum makinas\u0131 parametreleri<\/h2>    <figure class=\"wp-block-table\"><table><tbody><tr><td>Modeli<\/td><td>ph-2000T<\/td><td>ph-2000T<\/td><\/tr><tr><td>Uygulamalar<\/td><td>Par\u00e7ac\u0131klar<\/td><td>pudra<\/td><\/tr><tr><td>Tart\u0131m aral\u0131\u011f\u0131<\/td><td>200-1000kg<\/td><td>200-1500kg<\/td><\/tr><tr><td>Do\u011fruluk derecesi<\/td><td>\u00b10,2%<\/td><td>\u00b10,5%<\/td><\/tr><tr><td>Paketleme h\u0131z\u0131<\/td><td>\u00c7anta ba\u015f\u0131na\/2~3 dk<\/td><td>Min. 15 torba\/saat<\/td><\/tr><tr><td>Besleme y\u00f6ntemi<\/td><td>Yer\u00e7ekimi beslemesi<\/td><td>Burgu besleme<\/td><\/tr><tr><td>\u00a0Hava bas\u0131nc\u0131<\/td><td>0.6-0.8Mpa<\/td><td>0.8Mpa<\/td><\/tr><tr><td>Hava t\u00fcketimi<\/td><td>1 m3\/saat<\/td><td>1 m3\/saat<\/td><\/tr><tr><td>G\u00fc\u00e7 t\u00fcketimi<\/td><td>380V\/8KW<\/td><td>380V\/8KW,50hz<\/td><\/tr><tr><td>Makine boyutu (mm)<\/td><td>2000\u00d72000\u00d73000<\/td><td>2000\u00d72000\u00d73400<\/td><\/tr><\/tbody><\/table><\/figure>    <h2 class=\"wp-block-heading\">Jumbo \u00e7anta nedir?<\/h2>    <p class=\"translation-block\">Jumbo torbalar, d\u00f6kme torbalar veya <a href=\"https:\/\/en.wikipedia.org\/wiki\/Flexible_intermediate_bulk_container\" target=\"_blank\" rel=\"noopener\">FIBC'ler<\/a> (Esnek Ara D\u00f6kme Konteynerler) olarak da bilinir, kum, \u00e7imento, tah\u0131l, kimyasallar ve mineraller gibi kuru, ak\u0131\u015fkan \u00fcr\u00fcnlerin depolanmas\u0131 ve ta\u015f\u0131nmas\u0131 i\u00e7in kullan\u0131lan b\u00fcy\u00fck end\u00fcstriyel konteynerlerdir. Tipik olarak 500 kg ila birka\u00e7 ton aras\u0131nda bir kapasiteye sahiptirler ve vin\u00e7ler veya forkliftler kullan\u0131larak kolay ta\u015f\u0131ma i\u00e7in kald\u0131rma halkalar\u0131na sahip dokuma polipropilen kuma\u015ftan yap\u0131lm\u0131\u015ft\u0131r. Jumbo torbalar, daha k\u00fc\u00e7\u00fck torbalara ve varillere g\u00f6re daha az paketleme at\u0131\u011f\u0131 ve daha iyi lojistik verimlili\u011fi sa\u011flad\u0131\u011f\u0131 i\u00e7in uygun maliyetli ve \u00e7evre dostu bir alternatiftir.<\/p>    <figure class=\"wp-block-image size-full\"><img loading=\"lazy\" decoding=\"async\" width=\"720\" height=\"540\" src=\"https:\/\/tianhuipackingmachine.com\/wp-content\/uploads\/2023\/03\/ton-bags.jpg\" alt=\"tonluk \u00e7antalar\" class=\"wp-image-6407\"\/><figcaption class=\"wp-element-caption\">Tonluk \u00c7antalar<\/figcaption><\/figure>    <h2 class=\"wp-block-heading\">Jumbo Torba Dolum Makinesi Kullanman\u0131n Faydalar\u0131<\/h2>    <p>Jumbo torba dolum makinas\u0131 kullanman\u0131n ba\u015fl\u0131ca faydalar\u0131ndan biri de sa\u011flad\u0131klar\u0131 verim art\u0131\u015f\u0131d\u0131r. Bu makineler torbalar\u0131 h\u0131zl\u0131 ve do\u011fru bir \u015fekilde doldurma kapasitesine sahiptir, bu da manuel torba dolumu i\u00e7in gereken s\u00fcreyi ve i\u015f\u00e7ili\u011fi \u00f6nemli \u00f6l\u00e7\u00fcde azaltabilecekleri anlam\u0131na gelir. Bunun sonucunda daha y\u00fcksek \u00fcretim oranlar\u0131, artan verim ve daha d\u00fc\u015f\u00fck i\u015f\u00e7ilik maliyetleri elde edilir.<\/p>    <p>Jumbo torba paketleme makinesi de son derece hassast\u0131r ve her torban\u0131n do\u011fru a\u011f\u0131rl\u0131\u011fa ve hacme kadar doldurulmas\u0131n\u0131 sa\u011flar. Bu \u00f6zellikle kimya ve ila\u00e7 end\u00fcstrileri gibi hassas \u00f6l\u00e7\u00fcmler gerektiren end\u00fcstriler i\u00e7in \u00f6nemlidir.<\/p>    <p>Ek olarak jumbo torba dolum makineleri, a\u015f\u0131nd\u0131r\u0131c\u0131 ve i\u015flenmesi zor malzemeler de dahil olmak \u00fczere \u00e7ok \u00e7e\u015fitli malzemeleri i\u015flemek \u00fczere tasarlanm\u0131\u015ft\u0131r. Bu, madencilik, in\u015faat, tar\u0131m ve g\u0131da i\u015fleme dahil olmak \u00fczere \u00e7e\u015fitli end\u00fcstrilerde kullan\u0131labilece\u011fi anlam\u0131na gelir.<\/p>    <figure class=\"wp-block-image size-full\"><img loading=\"lazy\" decoding=\"async\" width=\"720\" height=\"540\" src=\"https:\/\/tianhuipackingmachine.com\/wp-content\/uploads\/2023\/03\/jumbo-bag-packing-machine-parts.jpg\" alt=\"jumbo torba paketleme makinesi par\u00e7alar\u0131\" class=\"wp-image-6408\"\/><figcaption class=\"wp-element-caption\">Jumbo \u00c7anta Paketleme Makinas\u0131 Par\u00e7alar\u0131<\/figcaption><\/figure>    <h2 class=\"wp-block-heading\">Jumbo Torba Dolum Makinesi Se\u00e7erken Dikkat Edilmesi Gereken Temel Fakt\u00f6rler<\/h2>    <p>Jumbo torba dolum makinesi se\u00e7erken dikkate al\u0131nmas\u0131 gereken birka\u00e7 fakt\u00f6r vard\u0131r:<\/p>    <p class=\"translation-block\"><strong>Malzeme t\u00fcr\u00fc:<\/strong> Dolduraca\u011f\u0131n\u0131z malzemenin t\u00fcr\u00fc, ihtiyac\u0131n\u0131z olan makine t\u00fcr\u00fcn\u00fc belirleyecektir. \u00d6rne\u011fin, a\u015f\u0131nd\u0131r\u0131c\u0131 malzemeler dolduruyorsan\u0131z, bu malzemeleri i\u015flemek i\u00e7in tasarlanm\u0131\u015f bir makineye ihtiyac\u0131n\u0131z olacakt\u0131r.<\/p>    <p class=\"translation-block\"><strong>Torba boyutu ve a\u011f\u0131rl\u0131\u011f\u0131:<\/strong> Jumbo torba doldurma makineleri farkl\u0131 boyut ve a\u011f\u0131rl\u0131ktaki torbalar\u0131 i\u015fleyebilir, bu nedenle kullanaca\u011f\u0131n\u0131z torbalar\u0131 alabilen bir makine se\u00e7mek \u00f6nemlidir.<\/p>    <p class=\"translation-block\"><strong>Doldurma h\u0131z\u0131:<\/strong> Bir makinenin doldurma h\u0131z\u0131, torbalar\u0131 ne kadar h\u0131zl\u0131 doldurabilece\u011fini belirler. K\u0131sa s\u00fcrede \u00e7ok say\u0131da torba doldurman\u0131z gerekiyorsa bu \u00f6nemli bir husustur.<\/p>    <p class=\"translation-block\"><strong>Otomasyon seviyesi:<\/strong> Jumbo torba doldurma makineleri tam otomatik veya yar\u0131 otomatik olabilir. Tam otomatik makineler daha az operat\u00f6r girdisi gerektirirken, yar\u0131 otomatik makineler daha fazla operat\u00f6r girdisi gerektirir ancak genellikle daha ucuzdur.<\/p>    <figure class=\"wp-block-image size-full\"><img loading=\"lazy\" decoding=\"async\" width=\"720\" height=\"540\" src=\"https:\/\/tianhuipackingmachine.com\/wp-content\/uploads\/2023\/03\/big-bag-filling-machine-factory.jpg\" alt=\"b\u00fcy\u00fck torba dolum makinas\u0131 fabrikas\u0131\" class=\"wp-image-6409\"\/><figcaption class=\"wp-element-caption\">Big Bag Dolum Makinas\u0131 Fabrikas\u0131<\/figcaption><\/figure>    <h2 class=\"wp-block-heading\">\u00c7\u00f6z\u00fcm<\/h2>    <p>Jumbo torba dolum makinesi, bir\u00e7ok end\u00fcstri i\u00e7in \u00f6nemli bir ara\u00e7t\u0131r ve d\u00f6kme malzemeleri paketlemek i\u00e7in h\u0131zl\u0131, do\u011fru ve verimli bir yol sa\u011flar. Bu makineler dolum s\u00fcrecini otomatikle\u015ftirerek \u00fcretim oranlar\u0131n\u0131 \u00f6nemli \u00f6l\u00e7\u00fcde art\u0131rabilir ve i\u015f\u00e7ilik maliyetlerini azaltabilir. Jumbo torba dolum makinesi se\u00e7erken malzeme t\u00fcr\u00fc, torba boyutu ve a\u011f\u0131rl\u0131\u011f\u0131, dolum oran\u0131, otomasyon d\u00fczeyi gibi fakt\u00f6rlerin dikkate al\u0131nmas\u0131 \u00f6nemlidir.  <\/p>    <p class=\"translation-block\">Henan Top Packaging Machinery Co., Ltd, k\u00fcresel m\u00fc\u015fteriler i\u00e7in profesyonel <a href=\"https:\/\/tianhuipackingmachine.com\/tr\/product\/\">paketleme ve doldurma \u00e7\u00f6z\u00fcmleri<\/a> sunmaktad\u0131r. Sat\u0131\u015fa sundu\u011fumuz jumbo torba doldurma makinemiz m\u00fckemmel performans\u0131 ve iyi fiyat\u0131yla \u00fcnl\u00fcd\u00fcr. B\u00fcy\u00fck torba doldurma sistemi ar\u0131yorsan\u0131z, daha fazla makine detay\u0131 i\u00e7in bizimle ileti\u015fime ho\u015f geldiniz. <\/p>","protected":false},"excerpt":{"rendered":"<p>Jumbo bag filling machine, also named ton bag packing machine, is designed to simplify and streamline your material handling process. The machine from us is perfect for industries that require efficient, accurate, and automated packaging of a wide range of materials, including granules, powders, and pellets. By automating the packaging process, jumbo bag filling machine [&hellip;]<\/p>\n","protected":false},"author":1,"featured_media":6404,"parent":0,"template":"","tags":[162],"product-type":[141],"class_list":["post-6402","product","type-product","status-publish","has-post-thumbnail","hentry","tag-filling-machine","product-type-filling-machines"],"_links":{"self":[{"href":"https:\/\/tianhuipackingmachine.com\/tr\/wp-json\/wp\/v2\/product\/6402","targetHints":{"allow":["GET"]}}],"collection":[{"href":"https:\/\/tianhuipackingmachine.com\/tr\/wp-json\/wp\/v2\/product"}],"about":[{"href":"https:\/\/tianhuipackingmachine.com\/tr\/wp-json\/wp\/v2\/types\/product"}],"author":[{"embeddable":true,"href":"https:\/\/tianhuipackingmachine.com\/tr\/wp-json\/wp\/v2\/users\/1"}],"wp:featuredmedia":[{"embeddable":true,"href":"https:\/\/tianhuipackingmachine.com\/tr\/wp-json\/wp\/v2\/media\/6404"}],"wp:attachment":[{"href":"https:\/\/tianhuipackingmachine.com\/tr\/wp-json\/wp\/v2\/media?parent=6402"}],"wp:term":[{"taxonomy":"post_tag","embeddable":true,"href":"https:\/\/tianhuipackingmachine.com\/tr\/wp-json\/wp\/v2\/tags?post=6402"},{"taxonomy":"product-type","embeddable":true,"href":"https:\/\/tianhuipackingmachine.com\/tr\/wp-json\/wp\/v2\/product-type?post=6402"}],"curies":[{"name":"wp","href":"https:\/\/api.w.org\/{rel}","templated":true}]}}