{"id":6356,"date":"2023-03-03T15:28:21","date_gmt":"2023-03-03T07:28:21","guid":{"rendered":"https:\/\/tianhuipackingmachine.com\/?post_type=product&#038;p=6356"},"modified":"2023-03-03T17:19:30","modified_gmt":"2023-03-03T09:19:30","slug":"soap-making-machine","status":"publish","type":"product","link":"https:\/\/tianhuipackingmachine.com\/tr\/soap-making-machine\/","title":{"rendered":"Sabun Yapma Makinesi"},"content":{"rendered":"<p class=\"translation-block\"><strong>Sabun yap\u0131m makinesi<\/strong> sabun yap\u0131m s\u00fcrecini otomatik hale getirmek i\u00e7in kullan\u0131lan harika bir ara\u00e7t\u0131r. Makine, sabunlar\u0131 kar\u0131\u015ft\u0131rmak, harmanlamak, ekstr\u00fcde etmek ve kesmek i\u00e7in tasarlanm\u0131\u015ft\u0131r. Sabun yap\u0131m makinesi, kat\u0131 sabun, \u00e7ama\u015f\u0131r sabunu, banyo sabunu, tuvalet sabunu ve \u015feffaf sabun gibi \u00e7e\u015fitli sabun \u00fcr\u00fcnlerini \u00fcretmek i\u00e7in kullan\u0131labilir. \u00a0<\/p>    <p>Sabun y\u00fczy\u0131llard\u0131r insan hijyeninin ve temizli\u011finin vazge\u00e7ilmez bir par\u00e7as\u0131 olmu\u015ftur. Ve sabun yapma makinesi, sabunlar\u0131n \u00fcretilme bi\u00e7iminde devrim yarat\u0131yor. Sabun \u00fcreticilerinin daha b\u00fcy\u00fck \u00f6l\u00e7ekte, daha fazla verimlilik ve g\u00fcvenilirlikle sabun \u00fcr\u00fcnleri \u00fcretmesini m\u00fcmk\u00fcn k\u0131ld\u0131.<\/p>    <figure class=\"wp-block-image size-full\"><img loading=\"lazy\" decoding=\"async\" width=\"720\" height=\"540\" src=\"https:\/\/tianhuipackingmachine.com\/wp-content\/uploads\/2023\/03\/soap-making-machine.jpg\" alt=\"sabun yapma makinesi\" class=\"wp-image-6357\"\/><figcaption class=\"wp-element-caption\">Sabun Yapma Makinesi<\/figcaption><\/figure>    <h2 class=\"wp-block-heading\"><strong>Sat\u0131l\u0131k kal\u0131p sabun yapma makinesi \u00e7e\u015fitleri<\/strong><\/h2>    <p>Tam otomatik bir sabun yap\u0131m prosesi ger\u00e7ekle\u015ftirmek i\u00e7in k\u00fcresel pazarda her biri \u00f6zel \u00fcretim ihtiya\u00e7lar\u0131n\u0131 kar\u015f\u0131lamak \u00fczere tasarlanm\u0131\u015f \u00e7e\u015fitli tipte sabun yap\u0131m makineleri bulunmaktad\u0131r. Ve tam bir sabun \u00fcretim hatt\u0131 olu\u015fturmak i\u00e7in bir araya geldiler. \u0130\u015fte en yayg\u0131n sabun yapma makinesi t\u00fcrlerinden baz\u0131lar\u0131 \u015funlard\u0131r:<\/p>    <p class=\"translation-block\"><strong>Sabun kar\u0131\u015ft\u0131rma makinesi:<\/strong> sabun kar\u0131\u015ft\u0131rma makinesi, malzemeleri \u00f6\u011f\u00fctmeden \u00f6nce kar\u0131\u015ft\u0131rmak i\u00e7in kullan\u0131l\u0131r. Makine \u00e7er\u00e7evesinin malzemesi iyi kalitede Q235 karbon \u00e7eli\u011finden yap\u0131lm\u0131\u015ft\u0131r ve sabun hamurunun ula\u015ft\u0131\u011f\u0131 k\u0131s\u0131m paslanmaz \u00e7elikten yap\u0131lm\u0131\u015ft\u0131r.<\/p>    <p class=\"translation-block\"><strong>Sabun \u00f6\u011f\u00fctme makinesi: <\/strong>sabun \u00f6\u011f\u00fctme makinesi, sabun gran\u00fcllerini daha k\u00fc\u00e7\u00fck hale getirmek i\u00e7in uygulan\u0131r. Bu, sabun malzemesi haz\u0131rl\u0131\u011f\u0131 i\u00e7in ana bir ad\u0131md\u0131r. Makinenin motor g\u00fcc\u00fc 4kw'dir. &nbsp;<\/p>    <p class=\"translation-block\"><strong>Sabun ekstr\u00fcder makinesi: <\/strong>sabun ekstr\u00fcder makinesi, \u00e7e\u015fitli sabun \u00fcr\u00fcnleri yapmak i\u00e7in kullan\u0131lan sabun hamurlar\u0131 \u00fcretmek i\u00e7in kullan\u0131l\u0131r. Sabun plodder'\u0131n \u00fcretim kapasitesi saatte 100 kg'a ula\u015fabilir.<\/p>    <p class=\"translation-block\"><strong>Sabun kesme makinesi:<\/strong> sabun kesme makinesi, sabun \u00e7ubuklar\u0131n\u0131 uniform \u015fekil ve boyutlarda kesmek i\u00e7in kullan\u0131l\u0131r. Ve ihtiya\u00e7lar\u0131n\u0131za g\u00f6re \u00f6zelle\u015ftirilebilirler. Kapasitesi her dakika 200 kat\u0131 sabuna kadar ula\u015fabilir.<\/p>    <p class=\"translation-block\"><strong>Sabun damgalama makinesi:<\/strong> sabun damgalama makinesi, sabun \u00e7ubuklar\u0131na logo veya tasar\u0131m basmak i\u00e7in uygulan\u0131r. Vakumlu pedler, orijinal sabunu al\u0131r ve kal\u0131ba koyar, \u015fekillendikten sonra bitmi\u015f sabun \u00e7ubuklar\u0131n\u0131 konvey\u00f6re al\u0131r. T\u00fcm s\u00fcre\u00e7 tamamen otomatik, y\u00fcksek verimlilikte ve g\u00fcvenilir performans ile ger\u00e7ekle\u015fir.<\/p>    <p class=\"translation-block\"><strong>Sabun paketleme makinesi: <\/strong><a href=\"https:\/\/tianhuipackingmachine.com\/tr\/soap-packaging-machines\/\" target=\"_blank\" rel=\"noreferrer noopener\">sabun paketleme makinesi<\/a>, bitmi\u015f sabun \u00e7ubuklar\u0131n\u0131 po\u015fetler i\u00e7ine sarmak i\u00e7in kullan\u0131l\u0131r. Bu, sabun \u00fcr\u00fcnlerinizi s\u00fcpermarket raf\u0131nda sergilemeden \u00f6nce gerekli bir ad\u0131md\u0131r. \u00a0<\/p>    <h2 class=\"wp-block-heading\"><strong>Sabun yapma makinesi hatt\u0131n\u0131n \u00fcretim s\u00fcreci<\/strong><\/h2>    <p>Bir sabun yap\u0131m hatt\u0131 birka\u00e7 sabun yap\u0131m makinesinden olu\u015fur. Ve t\u00fcm sabun \u00fcretim hatt\u0131n\u0131n \u00fcretim s\u00fcreci a\u015fa\u011f\u0131daki gibi ayr\u0131nt\u0131l\u0131d\u0131r:<\/p>    <p class=\"translation-block\"><strong>Sabun malzemeleri kar\u0131\u015ft\u0131rma \u2192 \u00f6\u011f\u00fctme <strong>\u2192<\/strong><\/strong> <strong>sabun hamurlar\u0131 ekstr\u00fczyonu <strong><strong><strong>\u2192<\/strong><\/strong> <\/strong>sabun \u00e7ubuklar\u0131 kesimi <strong><strong>\u2192<\/strong><\/strong> damgalama <strong><strong>\u2192<\/strong><\/strong> bitmi\u015f \u00fcr\u00fcnlerin paketlenmesi.<\/strong><\/p>    <figure class=\"wp-block-image size-full\"><img loading=\"lazy\" decoding=\"async\" width=\"720\" height=\"540\" src=\"https:\/\/tianhuipackingmachine.com\/wp-content\/uploads\/2023\/03\/soap-making-line.jpg\" alt=\"sabun yapma hatt\u0131\" class=\"wp-image-6363\"\/><figcaption class=\"wp-element-caption\">Sabun \u00dcretim Hatt\u0131<\/figcaption><\/figure>    <h2 class=\"wp-block-heading\"><strong>Bu otomatik sabun yapma makinesinin \u00f6zellikleri<\/strong><\/h2>    <ol class=\"wp-block-list\" type=\"1\"> <li>Basit g\u00f6vde yap\u0131s\u0131. Sabun yap\u0131m makinelerinin tamam\u0131 basit yap\u0131da tasarlanm\u0131\u015ft\u0131r. Kurulumu ve bak\u0131m\u0131 kolayd\u0131r.<\/li>    <li>Y\u00fcksek kaliteli g\u00f6vde malzemeleri. T\u00fcm makinelerde dayan\u0131kl\u0131 ve temizlenmesi kolay paslanmaz \u00e7elik kullan\u0131lmaktad\u0131r.<\/li>    <li>Kullan\u0131m\u0131 kolay. Geli\u015fmi\u015f bir kontrol sistemi ile kullan\u0131m\u0131 kolayd\u0131r ve yaln\u0131zca bir ki\u015fi bunu halledebilir.<\/li>    <li>\u00c7ok \u00e7e\u015fitli. Bu kal\u0131p sabun yapma makinesi hatt\u0131, \u00e7ama\u015f\u0131r sabunu, tuvalet sabunu, banyo sabunu vb. gibi \u00e7ok \u00e7e\u015fitli sabun \u00fcr\u00fcnleri \u00fcretebilir.<\/li>    <li>Tutarl\u0131 kalite. Otomatik sabun yapma makinesi, her kal\u0131p sabunun ayn\u0131 y\u00fcksek standartlar\u0131 kar\u015f\u0131lamas\u0131n\u0131 sa\u011flayan tutarl\u0131 kalitede sabun \u00fcr\u00fcnleri \u00fcretebilir.<\/li>    <li>OEM hizmeti mevcuttur. Zengin deneyimimizle sabun \u00fczerinde makine g\u00fcc\u00fc, malzeme, bile\u015fenler, logolar, \u015fekiller ve boyutlar gibi m\u00fckemmel \u00f6zelle\u015ftirme hizmetleri sunuyoruz.<\/li> <\/ol>    <h2 class=\"wp-block-heading\"><strong>Otomatik sabun yapma makinesi hatt\u0131n\u0131n ana par\u00e7alar\u0131<\/strong><\/h2>    <p>Tam bir otomatik sabun yap\u0131m hatt\u0131n\u0131n ana par\u00e7alar\u0131 aras\u0131nda malzeme kar\u0131\u015ft\u0131r\u0131c\u0131 makinesi, \u00f6\u011f\u00fct\u00fcc\u00fc makinesi, vakumlu kesici, kesme makinesi, sabun yaz\u0131c\u0131s\u0131, kontrol kabini, ta\u015f\u0131ma band\u0131 vb. bulunur. Her par\u00e7a harika bir sabun yapma makinesi olu\u015fturmak i\u00e7in birlikte \u00e7al\u0131\u015f\u0131r.<\/p>    <div class=\"wp-block-group is-layout-constrained wp-block-group-is-layout-constrained\"> <div class=\"wp-block-columns is-layout-flex wp-container-core-columns-is-layout-28f84493 wp-block-columns-is-layout-flex\"> <div class=\"wp-block-column is-layout-flow wp-block-column-is-layout-flow\"> <figure class=\"wp-block-gallery has-nested-images columns-default is-cropped wp-block-gallery-2 is-layout-flex wp-block-gallery-is-layout-flex\"> <figure class=\"wp-block-image size-full\"><img loading=\"lazy\" decoding=\"async\" width=\"720\" height=\"540\" data-id=\"6364\" src=\"https:\/\/tianhuipackingmachine.com\/wp-content\/uploads\/2023\/03\/soap-mixing-and-grinding-machine.jpg\" alt=\"sabun kar\u0131\u015ft\u0131rma ve ta\u015flama makinesi\" class=\"wp-image-6364\"\/><figcaption class=\"wp-element-caption\">Sabun Kar\u0131\u015ft\u0131rma ve Ta\u015flama Makinesi<\/figcaption><\/figure> <\/figure> <\/div>    <div class=\"wp-block-column is-layout-flow wp-block-column-is-layout-flow\"> <figure class=\"wp-block-gallery has-nested-images columns-default is-cropped wp-block-gallery-3 is-layout-flex wp-block-gallery-is-layout-flex\"> <figure class=\"wp-block-image size-full\"><img loading=\"lazy\" decoding=\"async\" width=\"720\" height=\"540\" data-id=\"6366\" src=\"https:\/\/tianhuipackingmachine.com\/wp-content\/uploads\/2023\/03\/soap-extruder.jpg\" alt=\"sabun ekstruder\" class=\"wp-image-6366\"\/><figcaption class=\"wp-element-caption\">Sabun Ekstruder<\/figcaption><\/figure> <\/figure> <\/div>    <div class=\"wp-block-column is-layout-flow wp-block-column-is-layout-flow\"> <figure class=\"wp-block-gallery has-nested-images columns-default is-cropped wp-block-gallery-4 is-layout-flex wp-block-gallery-is-layout-flex\"> <figure class=\"wp-block-image size-full\"><img loading=\"lazy\" decoding=\"async\" width=\"720\" height=\"540\" data-id=\"6367\" src=\"https:\/\/tianhuipackingmachine.com\/wp-content\/uploads\/2023\/03\/soap-cutter-machine.jpg\" alt=\"sabun kesici makinesi\" class=\"wp-image-6367\"\/><figcaption class=\"wp-element-caption\">Sabun Kesici Makinas\u0131<\/figcaption><\/figure> <\/figure> <\/div> <\/div> <\/div>    <h2 class=\"wp-block-heading\"><strong>Sabun yapma makinesinin maliyeti nedir?<\/strong><\/h2>    <p>Sabun yapma makinesi fiyat\u0131, farkl\u0131 konfig\u00fcrasyonlara, kapasitelere ve makine malzemelerine ba\u011fl\u0131 olarak de\u011fi\u015fiklik g\u00f6sterir. Ayr\u0131ca, nakliye maliyeti farkl\u0131 oldu\u011fundan sabun yapma makinesi fiyat\u0131 farkl\u0131 limanlara g\u00f6nderildi\u011finde farkl\u0131d\u0131r. Tam bir sabun \u00fcretim hatt\u0131 ve tek sabun yapma makinesi sa\u011fl\u0131yoruz. Yani ister tam bir sabun \u00fcretim hatt\u0131, ister yaln\u0131zca ihtiyac\u0131n\u0131z olan tek bir makine sat\u0131n almak isteyin, daha fazla ayr\u0131nt\u0131 ve fiyat listesi i\u00e7in bizimle ileti\u015fime ge\u00e7meniz harika.<\/p>    <h2 class=\"wp-block-heading\"><strong>Sabun yap\u0131m makinelerinin uygulamalar\u0131<\/strong><\/h2>    <p>Asl\u0131nda bu sabun yapma makinesi s\u0131v\u0131 sabunlar i\u00e7in de\u011fil, kal\u0131p sabunlar yapmak i\u00e7in tasarlanm\u0131\u015ft\u0131r. Sabun \u00fcretim hatt\u0131, farkl\u0131 damga ve kal\u0131plarla \u00e7ok \u00e7e\u015fitli kal\u0131p sabunlar \u00fcretebilir; bunlar \u00e7e\u015fitli boyutlarda, \u015fekillerde, renklerde ve logolarda tasarlanabilir. Ayr\u0131ca farkl\u0131 sabun malzemesi form\u00fclasyonu ile deterjan sabunu, tuvalet sabunu, \u00e7ama\u015f\u0131r sabunu, temizlik sabunu, banyo sabunu, \u015feffaf sabun vb. \u00fcretebilmektedir.<\/p>    <figure class=\"wp-block-image size-full\"><img loading=\"lazy\" decoding=\"async\" width=\"720\" height=\"540\" src=\"https:\/\/tianhuipackingmachine.com\/wp-content\/uploads\/2023\/03\/finished-soap-products.jpg\" alt=\"bitmi\u015f sabun \u00fcr\u00fcnleri\" class=\"wp-image-6360\"\/><figcaption class=\"wp-element-caption\">Bitmi\u015f Sabun \u00dcr\u00fcnleri<\/figcaption><\/figure>    <h2 class=\"wp-block-heading\"><strong>Sabun \u00dcretimini Kolayla\u015ft\u0131rmak i\u00e7in Sabun Yapma Makinelerini Kullanmak<\/strong><\/h2>    <p>Sabun yapma makinesi, sabun \u00fcretimini kolayla\u015ft\u0131rmak i\u00e7in bir\u00e7ok \u015fekilde uygulanabilir. B\u00fcy\u00fck \u00f6l\u00e7ekli sabun \u00fcretimini kolayla\u015ft\u0131rmak i\u00e7in sabun \u00fcretim makinesinin kullan\u0131labilece\u011fi baz\u0131 yollar \u015funlard\u0131r:<\/p>    <h3 class=\"wp-block-heading\">1. <strong>Verimlili\u011fi art\u0131r<\/strong><\/h3>    <p>Sabun yapma makinesi, sabun yapma i\u015flemini otomatikle\u015ftirerek verimlili\u011fi art\u0131rabilir. Bu, sabun \u00fcretmek i\u00e7in daha az \u00e7aba ve zaman gerekti\u011fi anlam\u0131na gelir; bu da i\u015fletmenizin maliyetlerini d\u00fc\u015f\u00fcrmenize ve k\u00e2r\u0131n\u0131z\u0131 art\u0131rman\u0131za yard\u0131mc\u0131 olabilir.<\/p>    <h3 class=\"wp-block-heading\">2. <strong>\u00dcretim kapasitesini art\u0131r\u0131n<\/strong><\/h3>    <p>Tam otomatik sabun yapma makinesi, \u00fcretim kapasitesini b\u00fcy\u00fck \u00f6l\u00e7\u00fcde art\u0131rabilir. Bu da daha k\u0131sa s\u00fcrede daha fazla sabun \u00fcretilebilece\u011fi anlam\u0131na geliyor. Bu da sabun \u00fcr\u00fcnlerinizin pazardaki rekabet g\u00fcc\u00fcn\u00fc art\u0131rabilir.<\/p>    <h3 class=\"wp-block-heading\">3. <strong>\u0130\u015f\u00e7ilik maliyetlerini azalt\u0131n<\/strong><\/h3>    <p>Manuel sabun yap\u0131m\u0131yla kar\u015f\u0131la\u015ft\u0131r\u0131ld\u0131\u011f\u0131nda otomatik sabun yapma makinesi daha az i\u015f\u00e7ilik gerektirir ve kullan\u0131m\u0131 \u00e7ok kolayd\u0131r. \u00a0\u00a0<\/p>    <h2 class=\"wp-block-heading\"><strong>Sabun yap\u0131m\u0131 i\u015finize ba\u015flamak i\u00e7in bug\u00fcn bizimle ileti\u015fime ge\u00e7in<\/strong><\/h2>    <p class=\"translation-block\">Bir <a href=\"https:\/\/tianhuipackingmachine.com\/tr\/\">kapsaml\u0131 makine \u00fcreticisi<\/a> olarak, sabun yap\u0131m makinelerimiz 15'ten fazla \u00fclke ve b\u00f6lgeye ba\u015far\u0131yla ihra\u00e7 edilmi\u015ftir, bunlar aras\u0131nda G\u00fcney Afrika, Kenya, Zimbabve, Gana, Nijerya, Filipinler, Etiyopya, ABD, Yeni Zelanda vb. bulunmaktad\u0131r. Sabun yap\u0131m projenize ba\u015flamak istiyorsan\u0131z, yard\u0131mc\u0131 makine ayr\u0131nt\u0131lar\u0131 ve en son fiyat listesi i\u00e7in bizimle ileti\u015fime ge\u00e7me zaman\u0131.<\/p>","protected":false},"excerpt":{"rendered":"<p>Soap making machine is a great tool used to automate the soap making process. The machine is designed to mix, blend, extrude, and cut of soaps. The soap making machine can be used to manufacture various soap products, such as bar soap, laundry soap, bath soap, toilet soap, and transparent soap. \u00a0 Soap has been [&hellip;]<\/p>\n","protected":false},"author":1,"featured_media":6357,"parent":0,"template":"","tags":[],"product-type":[145],"class_list":["post-6356","product","type-product","status-publish","has-post-thumbnail","hentry","product-type-other-products"],"_links":{"self":[{"href":"https:\/\/tianhuipackingmachine.com\/tr\/wp-json\/wp\/v2\/product\/6356","targetHints":{"allow":["GET"]}}],"collection":[{"href":"https:\/\/tianhuipackingmachine.com\/tr\/wp-json\/wp\/v2\/product"}],"about":[{"href":"https:\/\/tianhuipackingmachine.com\/tr\/wp-json\/wp\/v2\/types\/product"}],"author":[{"embeddable":true,"href":"https:\/\/tianhuipackingmachine.com\/tr\/wp-json\/wp\/v2\/users\/1"}],"wp:featuredmedia":[{"embeddable":true,"href":"https:\/\/tianhuipackingmachine.com\/tr\/wp-json\/wp\/v2\/media\/6357"}],"wp:attachment":[{"href":"https:\/\/tianhuipackingmachine.com\/tr\/wp-json\/wp\/v2\/media?parent=6356"}],"wp:term":[{"taxonomy":"post_tag","embeddable":true,"href":"https:\/\/tianhuipackingmachine.com\/tr\/wp-json\/wp\/v2\/tags?post=6356"},{"taxonomy":"product-type","embeddable":true,"href":"https:\/\/tianhuipackingmachine.com\/tr\/wp-json\/wp\/v2\/product-type?post=6356"}],"curies":[{"name":"wp","href":"https:\/\/api.w.org\/{rel}","templated":true}]}}