{"id":5923,"date":"2022-06-20T17:25:29","date_gmt":"2022-06-20T09:25:29","guid":{"rendered":"https:\/\/tianhuipackingmachine.com\/?post_type=product&#038;p=5923"},"modified":"2025-05-14T15:45:52","modified_gmt":"2025-05-14T07:45:52","slug":"sunflower-seed-packing-machine","status":"publish","type":"product","link":"https:\/\/tianhuipackingmachine.com\/tr\/sunflower-seed-packing-machine\/","title":{"rendered":"Ay\u00e7i\u00e7e\u011fi \u00c7ekirde\u011fi Paketleme Makinas\u0131"},"content":{"rendered":"<p class=\"translation-block\">[Shuliy <strong>ay\u00e7i\u00e7e\u011fi \u00e7ekirde\u011fi paketleme makinesi<\/strong> t\u00fcr olarak ay\u00e7i\u00e7e\u011fi \u00e7ekirde\u011fi, sebze \u00e7ekirde\u011fi vb. i\u00e7in otomatik torba paketleme makinesi, otomatik tart\u0131, doldurma, torba yapma, kapatma ve \u00e7\u0131kt\u0131 ile. Dakikada 5-100 torba paketleme h\u0131z\u0131 vard\u0131r. Torba ba\u015f\u0131na yayg\u0131n paketleme a\u011f\u0131rl\u0131\u011f\u0131 20g, 50g, 100g, 200g, 250g, 500g, 1kg, 5kg, 10kg, vb.\"<\/p>    <p>Paketlendikten sonra, ay\u00e7i\u00e7e\u011fi tohumlar\u0131 raf \u00f6mr\u00fcn\u00fc uzatabilir ve depolamas\u0131 ve ta\u015f\u0131nmas\u0131 kolayd\u0131r. Ayr\u0131ca, t\u00fcketicileri \u00e7ekebilecek g\u00fczel ve d\u00fczenli bir g\u00f6r\u00fcn\u00fcme sahiptir. Bu nedenle, bu makine at\u0131\u015ft\u0131rmal\u0131k g\u0131da end\u00fcstrisinde yayg\u0131n olarak kullan\u0131lmaktad\u0131r.<\/p>    <p>\u00a0G\u00fc\u00e7l\u00fc bir paketleme makinesi \u00fcreticisi olarak, belirli \u00fcretim ihtiya\u00e7lar\u0131n\u0131z\u0131 kar\u015f\u0131lamak i\u00e7in \u00e7e\u015fitli ay\u00e7i\u00e7e\u011fi tohumu paketleme makineleri sunuyoruz. E\u011fer ilgileniyorsan\u0131z, l\u00fctfen bizimle ileti\u015fime ge\u00e7in ve \u00fccretsiz fiyat listesi al\u0131n.<\/p>   <figure class=\"wp-block-embed-youtube wp-block-embed is-type-video is-provider-youtube wp-embed-aspect-16-9 wp-has-aspect-ratio\"><div class=\"lyte-wrapper\" title=\"Ay\u00e7i\u00e7e\u011fi tohumlar\u0131 nas\u0131l paketlenir? Uygun fiyatl\u0131 gran\u00fcl paketleme makinesi sat\u0131l\u0131k #paketleme\" style=\"width:853px;max-width:100%;margin:5px auto;\"><div class=\"lyMe\" id=\"WYL_029yLx8sBaU\" itemprop=\"video\" itemscope itemtype=\"https:\/\/schema.org\/VideoObject\"><div><meta itemprop=\"thumbnailUrl\" content=\"https:\/\/i.ytimg.com\/vi\/029yLx8sBaU\/hqdefault.jpg\" \/><meta itemprop=\"embedURL\" content=\"https:\/\/www.youtube.com\/embed\/029yLx8sBaU\" \/><meta itemprop=\"duration\" content=\"PT1M53S\" \/><meta itemprop=\"uploadDate\" content=\"2024-03-20T08:50:42Z\" \/><\/div><div id=\"lyte_029yLx8sBaU\" data-src=\"https:\/\/i.ytimg.com\/vi\/029yLx8sBaU\/hqdefault.jpg\" class=\"pL\"><div class=\"tC\"><div class=\"tT\" itemprop=\"name\">Ay\u00e7i\u00e7e\u011fi tohumlar\u0131 nas\u0131l paketlenir? Uygun fiyatl\u0131 gran\u00fcl paketleme makinesi sat\u0131l\u0131k #paketleme<\/div><\/div><div class=\"play\"><\/div><div class=\"ctrl\"><div class=\"Lctrl\"><\/div><div class=\"Rctrl\"><\/div><\/div><\/div><noscript><a href=\"https:\/\/youtu.be\/029yLx8sBaU\" rel=\"nofollow noopener\" target=\"_blank\"><img loading=\"lazy\" decoding=\"async\" src=\"https:\/\/i.ytimg.com\/vi\/029yLx8sBaU\/0.jpg\" alt=\"Ay\u00e7i\u00e7e\u011fi tohumlar\u0131 nas\u0131l paketlenir? Uygun fiyatl\u0131 gran\u00fcl paketleme makinesi sat\u0131l\u0131k #paketleme\" width=\"853\" height=\"460\" \/><\/a><\/noscript><meta itemprop=\"description\" content=\"#granulepackingmachine #packing #packingmachine WhatsApp No.: https:\/\/wa.me\/+8613673689272 WeChat\/Tel No.:+8613673689272 Email: sales@tianhuipackingmachine.com Website: https:\/\/tianhuipackingmachine.com\/sunflower-seed-packing-machine\/ Welcome to our channel! In this video, we showcase our advanced granule packing machine in action, specifically designed for packaging sunflower seeds. Our granule packaging machine offers precise and efficient packaging, ensuring consistent weights and high-quality sealing for each packet of sunflower seeds. With its user-friendly interface and reliable performance, our automatic granule packing machine is the perfect solution for sunflower seed producers looking to streamline their packaging process and enhance productivity. Watch the video to see our machine in operation and discover how it can benefit your packaging needs! WhatsApp No.: https:\/\/wa.me\/+8613673689272 WeChat\/Tel No.:+8613673689272 Email: sales@tianhuipackingmachine.com Website: https:\/\/tianhuipackingmachine.com\/sunflower-seed-packing-machine\/\"><\/div><\/div><div class=\"lL\" style=\"max-width:100%;width:853px;margin:5px auto;\"> <a href=\"https:\/\/youtu.be\/029yLx8sBaU\" target=\"_blank\" rel=\"noopener\">Bu videoyu YouTube'da izleyin<\/a>.<\/div><figcaption>tohum paketleme makinesi \u00e7al\u0131\u015fma videosu<\/figcaption><\/figure>   <h2 class=\"wp-block-heading\" id=\"h-what-is-sunflower-seed-packing-machine\"><strong>sat\u0131l\u0131k 3 farkl\u0131 ay\u00e7i\u00e7e\u011fi tohumu paketleme makinesi<\/strong><\/h2>    <p>T\u00fcketicilerimizin farkl\u0131 \u00fcretim gereksinimleri i\u00e7in, 3 farkl\u0131 ay\u00e7i\u00e7e\u011fi tohumu paketleme makinesi ara\u015ft\u0131r\u0131yor ve \u00fcretiyoruz. Farkl\u0131 \u00fcretim taleplerini, paketleme verimlili\u011fini ve b\u00fct\u00e7eleri kar\u015f\u0131lamak i\u00e7in farkl\u0131 avantajlar\u0131 ve \u00f6zellikleri vard\u0131r. Projeniz i\u00e7in en iyisini se\u00e7mek i\u00e7in a\u015fa\u011f\u0131daki makineleri g\u00f6z at\u0131n.<\/p>    <h3 class=\"wp-block-heading\"><strong>Tip 1: K\u00fc\u00e7\u00fck dikey ay\u00e7i\u00e7e\u011fi tohumu torba paketleme makinesi<\/strong><\/h3>    <p class=\"translation-block\">Bu dikey ay\u00e7i\u00e7e\u011fi \u00e7ekirde\u011fi dolum\/kapatma makinesi tamamen otomatik bir paketleme makinesidir. K\u00fc\u00e7\u00fck boyuttad\u0131r, uygun fiyatl\u0131d\u0131r ve iyi performansa sahiptir. <a href=\"https:\/\/tianhuipackingmachine.com\/tr\/granule-packing-machine\/\">k\u00fc\u00e7\u00fck tane paketleme makinesi<\/a> k\u00fc\u00e7\u00fck \u00fcretim gereksinimleri i\u00e7in idealdir. Geri-kapatma, \u00fc\u00e7 tarafl\u0131 kapatma ve d\u00f6rt tarafl\u0131 kapatma bu makinadan olur. 0-600g paketleme a\u011f\u0131rl\u0131\u011f\u0131 i\u00e7in uygundur.\"<\/p>    <figure class=\"wp-block-image size-full\"><img loading=\"lazy\" decoding=\"async\" width=\"720\" height=\"540\" src=\"https:\/\/tianhuipackingmachine.com\/wp-content\/uploads\/2022\/06\/small-sunflower-seed-packing-machine.jpg\" alt=\"k\u00fc\u00e7\u00fck ay\u00e7i\u00e7e\u011fi \u00e7ekirde\u011fi paketleme makinesi\" class=\"wp-image-5926\"\/><figcaption class=\"wp-element-caption\">K\u00fc\u00e7\u00fck Ay\u00e7i\u00e7e\u011fi \u00c7ekirde\u011fi Paketleme Makinas\u0131<\/figcaption><\/figure>    <h4 class=\"wp-block-heading\"><strong>K\u00fc\u00e7\u00fck dikey tip dolum kapatma makinesi parametreleri<\/strong><\/h4>    <figure class=\"wp-block-table\"><table><tbody><tr><td>Tip<\/td><td>SL-320<\/td><td>SL-450<\/td><\/tr><tr><td>\u00c7anta tarz\u0131<\/td><td>Arka conta\/3 tarafl\u0131 conta\/4 tarafl\u0131 conta<\/td><td>Arka conta\/3 tarafl\u0131 conta\/4 tarafl\u0131 conta<\/td><\/tr><tr><td>Paketleme h\u0131z\u0131<\/td><td>32-72 torba\/dak veya 50-100 torba\/dak<\/td><td>20-80 torba\/dak<\/td><\/tr><tr><td>\u00c7anta uzunlu\u011fu<\/td><td>30-180mm<\/td><td>30-180mm<\/td><\/tr><tr><td>\u00c7anta geni\u015fli\u011fi<\/td><td>20-145mm (eskisinin de\u011fi\u015ftirilmesi gerekir)<\/td><td>20-200mm<\/td><\/tr><tr><td>G\u00fc\u00e7 t\u00fcketimi<\/td><td>1.8kw<\/td><td>1.8kw<\/td><\/tr><tr><td>A\u011f\u0131rl\u0131k<\/td><td>250kg<\/td><td>420kg<\/td><\/tr><tr><td>Boyutlar<\/td><td>650*1050*1950mm<\/td><td>750*750*2100mm<\/td><\/tr><\/tbody><\/table><figcaption class=\"wp-element-caption\">ay\u00e7i\u00e7e\u011fi tohumlar\u0131 i\u00e7in gran\u00fcl paketleme makinesinin \u00f6zellikleri<\/figcaption><\/figure>    <h3 class=\"wp-block-heading\"><strong>Tip 2: S\u00fcper verimli tohum \u00e7ok ba\u015fl\u0131 tart\u0131m makinesi paketleme makinesi<\/strong><\/h3>    <p class=\"translation-block\">Ay\u00e7i\u00e7e\u011fi \u00e7ekirde\u011fi i\u00e7in bu \u00e7okba\u015fl\u0131 ay\u0131r\u0131c\u0131 paketleme makinesi de otomatik bir paketleme ekipman\u0131d\u0131r. S\u00fcper verimlilik ve m\u00fckemmel performansa sahiptir. <a href=\"https:\/\/tianhuipackingmachine.com\/tr\/multi-head-weigher-packing-machine\/\">\u00e7ok ba\u015fl\u0131 ay\u0131r\u0131c\u0131 paketleme makinesi<\/a> b\u00fcy\u00fck \u00fcretim gereksinimleri i\u00e7in uygundur. Makine esas olarak Z tipi bir asans\u00f6r, dikey paketleme makinesi, \u00e7ok ba\u015fl\u0131 ay\u0131r\u0131c\u0131 ve bir konvey\u00f6rden olu\u015fur. Torba ba\u015f\u0131na 0-6000g ay\u00e7i\u00e7e\u011fi \u00e7ekirde\u011fine uygundur.<\/p>    <figure class=\"wp-block-image size-full\"><img loading=\"lazy\" decoding=\"async\" width=\"720\" height=\"540\" src=\"https:\/\/tianhuipackingmachine.com\/wp-content\/uploads\/2022\/06\/multi-head-weigher-machine-for-sunflower-seed.jpg\" alt=\"ay\u00e7i\u00e7e\u011fi tohumu i\u00e7in \u00e7ok kafal\u0131 kantar makinesi\" class=\"wp-image-5928\"\/><figcaption class=\"wp-element-caption\">Ay\u00e7i\u00e7e\u011fi \u00c7ekirde\u011fi \u0130\u00e7in \u00c7ok Kafal\u0131 Kantar Makinas\u0131<\/figcaption><\/figure>    <h4 class=\"wp-block-heading\"><strong>\u00c7ok ba\u015fl\u0131 tart\u0131m ay\u00e7i\u00e7e\u011fi tohumu paketleme makinesi parametreleri<\/strong><\/h4>    <figure class=\"wp-block-table\"><table><tbody><tr><td>Modeli<\/td><td>SL-420<\/td><td>SL-520<\/td><td>SL-720<\/td><\/tr><tr><td>Ambalaj po\u015feti \u00e7e\u015fitleri<\/td><td>Arka m\u00fch\u00fcr<\/td><td>Arka m\u00fch\u00fcr<\/td><td>Arka m\u00fch\u00fcr<\/td><\/tr><tr><td>Paketleme h\u0131z\u0131<\/td><td>5-30 torba\/dak<\/td><td>5-50 torba\/dak<\/td><td>5-50 torba\/dak<\/td><\/tr><tr><td>G\u00fc\u00e7 t\u00fcketimi<\/td><td>220V, 2,2KW<\/td><td>220VAC\/50Hz<\/td><td>220VAC\/50Hz,5KW<\/td><\/tr><tr><td>Boyut<\/td><td>(U)1320*(G)950*(Y)1360mm<\/td><td>(U)1150*(G)1795*(Y)1650mm<\/td><td>(U)1780*(G)1350*(Y)1950mm<\/td><\/tr><tr><td>\u00c7anta uzunlu\u011fu<\/td><td>80-300mm<\/td><td>80-400mm<\/td><td>100-400mm<\/td><\/tr><tr><td>\u00c7anta geni\u015fli\u011fi<\/td><td>80-200mm<\/td><td>80-250mm<\/td><td>180-350mm<\/td><\/tr><tr><td>Hava t\u00fcketimi<\/td><td>0.65Mpa<\/td><td>0.65Mpa<\/td><td>0.65Mpa<\/td><\/tr><tr><td>Gaz t\u00fcketimi<\/td><td>0,4m3\/dak<\/td><td>0,4m3\/dak<\/td><td>0,4m3\/dak<\/td><\/tr><\/tbody><\/table><figcaption class=\"wp-element-caption\">\u00e7ok kafal\u0131 kantar paketleme makinesi parametreleri<\/figcaption><\/figure>    <h3 class=\"wp-block-heading\"><strong>Tip 3: Yar\u0131 otomatik ay\u00e7i\u00e7e\u011fi tohumu doldurma makinesi<\/strong><\/h3>    <p>Bu ay\u00e7i\u00e7e\u011fi tohumu paketleme makinesi, doldurma ve m\u00fch\u00fcrleme i\u015flevine sahiptir ve haz\u0131rlanm\u0131\u015f torbalarla birlikte kullan\u0131lmal\u0131d\u0131r. Ay\u00e7i\u00e7e\u011fi tohumu paketleme makinesi, 5 kg'dan 50 kg'a kadar \u00fcr\u00fcnlerin paketlenmesi i\u00e7in uygundur. \u0130yi bir performansa ve y\u00fcksek verimlili\u011fe sahiptir. Ayr\u0131ca, ay\u00e7i\u00e7e\u011fi tohumu doldurma makinesinin uygun bir maliyeti vard\u0131r.<\/p>    <figure class=\"wp-block-image size-full\"><img loading=\"lazy\" decoding=\"async\" width=\"720\" height=\"540\" src=\"https:\/\/tianhuipackingmachine.com\/wp-content\/uploads\/2022\/06\/sunflower-seed-filling-machine.jpg\" alt=\"ay\u00e7i\u00e7e\u011fi \u00e7ekirde\u011fi dolum makinas\u0131\" class=\"wp-image-5929\"\/><figcaption class=\"wp-element-caption\">Ay\u00e7i\u00e7e\u011fi \u00c7ekirde\u011fi Dolum Makinas\u0131<\/figcaption><\/figure>    <h2 class=\"wp-block-heading\"><strong>Neden ay\u00e7i\u00e7e\u011fi \u00e7ekirde\u011fi paketleme makinesine ihtiyac\u0131n\u0131z var?<\/strong><\/h2>    <p>Geleneksel tohum paketleme y\u00f6ntemlerinden farkl\u0131 olarak, otomatik paketleme bir trenddir ve i\u015finize b\u00fcy\u00fck fayda sa\u011flayabilir. Otomatik bir ay\u00e7i\u00e7e\u011fi tohumu paketleme makinesinin bir\u00e7ok avantaj\u0131 vard\u0131r.<\/p>    <ol style=\"list-style-type:1\" class=\"wp-block-list\"> <li>Y\u00fcksek verimlilik. Dakikada 5-100 torba paketleme h\u0131z\u0131 vard\u0131r ve makinenin verimlili\u011fi bir insan\u0131n 10 kat\u0131d\u0131r.<\/li>    <li>Maliyetlerinizi tasarruf edin. Y\u00fcksek verimlilik ile 10 veya daha fazla i\u015f\u00e7iyi de\u011fi\u015ftirebilir. Ayr\u0131ca, durmadan birka\u00e7 saat paketleme yapabilir. Bu nedenle, \u00e7ok fazla i\u015f g\u00fcc\u00fc maliyetinden tasarruf edebilir.<\/li>    <li>Daha fazla t\u00fcketici \u00e7ekin. Makine, ay\u00e7i\u00e7e\u011fi tohumlar\u0131n\u0131n m\u00fckemmel bir paketleme tasar\u0131m\u0131na sahip olmas\u0131n\u0131 sa\u011flar, bu da \u00fcr\u00fcnlerinizi benzersiz ve \u00e7ekici k\u0131lar.<\/li>    <li>Ay\u00e7i\u00e7e\u011fi tohumlar\u0131n\u0131n hizmet \u00f6mr\u00fcn\u00fc uzat\u0131n. Paketlendikten sonra, tohumlar y\u00fcksek s\u0131zd\u0131rmaz paketleme ger\u00e7ekle\u015ftirebilir, havay\u0131 ve nemi etkili bir \u015fekilde izole edebilir ve ay\u00e7i\u00e7e\u011fi tohumlar\u0131n\u0131n raf \u00f6mr\u00fcn\u00fc uzatabilir.<\/li>    <li>Depolamas\u0131, ta\u015f\u0131nmas\u0131 ve sat\u0131lmas\u0131 kolay. Paketlenmi\u015f \u00fcr\u00fcnler, istiflenmesi kolay, ta\u015f\u0131nmas\u0131 kolay ve yerle\u015ftirilmesi iyi olup, s\u00fcpermarketler, e-ticaret ve toptan \u00e7oklu sat\u0131\u015f senaryolar\u0131 i\u00e7in uygundur.<\/li> <\/ol>    <figure class=\"wp-block-gallery has-nested-images columns-default is-cropped wp-block-gallery-2 is-layout-flex wp-block-gallery-is-layout-flex\"> <figure class=\"wp-block-image size-large\"><img loading=\"lazy\" decoding=\"async\" width=\"667\" height=\"500\" data-id=\"7265\" src=\"https:\/\/tianhuipackingmachine.com\/wp-content\/uploads\/2024\/11\/granules-packing-machine-667x500.webp\" alt=\"gran\u00fcl paketleme makinesi\" class=\"wp-image-7265\" srcset=\"https:\/\/tianhuipackingmachine.com\/wp-content\/uploads\/2024\/11\/granules-packing-machine-667x500.webp 667w, https:\/\/tianhuipackingmachine.com\/wp-content\/uploads\/2024\/11\/granules-packing-machine-480x360.webp 480w, https:\/\/tianhuipackingmachine.com\/wp-content\/uploads\/2024\/11\/granules-packing-machine-16x12.webp 16w, https:\/\/tianhuipackingmachine.com\/wp-content\/uploads\/2024\/11\/granules-packing-machine.webp 720w\" sizes=\"auto, (max-width: 667px) 100vw, 667px\" \/><figcaption class=\"wp-element-caption\">Gran\u00fcl Paketleme Makinas\u0131<\/figcaption><\/figure>    <figure class=\"wp-block-image size-large\"><img loading=\"lazy\" decoding=\"async\" width=\"667\" height=\"500\" data-id=\"8650\" src=\"https:\/\/tianhuipackingmachine.com\/wp-content\/uploads\/2025\/03\/Shuliy-automatic-granule-packaging-machine-667x500.webp\" alt=\"Shuliy otomatik gran\u00fcl ambalaj makinesi\" class=\"wp-image-8650\" srcset=\"https:\/\/tianhuipackingmachine.com\/wp-content\/uploads\/2025\/03\/Shuliy-automatic-granule-packaging-machine-667x500.webp 667w, https:\/\/tianhuipackingmachine.com\/wp-content\/uploads\/2025\/03\/Shuliy-automatic-granule-packaging-machine-480x360.webp 480w, https:\/\/tianhuipackingmachine.com\/wp-content\/uploads\/2025\/03\/Shuliy-automatic-granule-packaging-machine-16x12.webp 16w, https:\/\/tianhuipackingmachine.com\/wp-content\/uploads\/2025\/03\/Shuliy-automatic-granule-packaging-machine.webp 720w\" sizes=\"auto, (max-width: 667px) 100vw, 667px\" \/><figcaption class=\"wp-element-caption\">Shuliy otomatik gran\u00fcl ambalaj makinesi<\/figcaption><\/figure> <\/figure>    <h2 class=\"wp-block-heading\"><strong>Uygun tohum t\u00fcr\u00fc paketleme ve yayg\u0131n paketleme spesifikasyonlar\u0131<\/strong><\/h2>    <p class=\"translation-block\"><strong>Paketlenecek uygun \u00e7ekirdekler<\/strong><\/p>    <ul class=\"wp-block-list\"> <li>Kabuklu ay\u00e7i\u00e7e\u011fi tohumlar\u0131<\/li>    <li>Kabuklu ay\u00e7i\u00e7e\u011fi tohumlar\u0131<\/li>    <li>Aromal\u0131, kar\u0131\u015f\u0131k ay\u00e7i\u00e7e\u011fi tohumlar\u0131<\/li>    <li>Toplu veya \u00e7oklu torba kombinasyon paketleme<\/li> <\/ul>    <p class=\"translation-block\"><strong>Paketleme i\u00e7in yayg\u0131n \u00e7ekirdek spesifikasyonlar\u0131<\/strong><\/p>    <ul class=\"wp-block-list\"> <li><strong>20g \u2013 50g<\/strong>: S\u00fcpermarket perakendecili\u011fi, k\u00fc\u00e7\u00fck paket kombinasyonlar\u0131, tad\u0131m paketleri<\/li>    <li><strong>100g \u2013 150g<\/strong>: Marketler, s\u00fcpermarketler, tek torba sat\u0131\u015flar\u0131<\/li>    <li><strong>200g \u2013 250g<\/strong>: Aile paketi, ana ak\u0131m sat\u0131\u015f spesifikasyonlar\u0131<\/li>    <li><strong>300g \u2013 500g<\/strong>Aile paketi, maliyet etkin ambalaj<\/li>    <li><strong>1kg \u2013 2.5kg<\/strong>Toptan pazarlar, e-ticaret, tam kutu teslimat\u0131<\/li>    <li><strong>\u00d6zelle\u015ftirilmi\u015f b\u00fcy\u00fck ambalaj<\/strong>End\u00fcstriyel ham maddeler ve OEM etiketleme<\/li> <\/ul>    <p>Torba t\u00fcrleri arka s\u0131zd\u0131rmaz torbalar, 3 tarafl\u0131 s\u0131zd\u0131rmaz torbalar, 4 tarafl\u0131 s\u0131zd\u0131rmaz torbalar, dik durabilen fermuarl\u0131 torbalar, kombinasyon torbalar\u0131, vakum torbalar\u0131\/azot dolu torbalar vb. G\u00fcne\u015f \u00e7i\u00e7e\u011fi tohumu ambalaj makinemiz yukar\u0131daki ambalaj\u0131 ger\u00e7ekle\u015ftirmenize yard\u0131mc\u0131 olabilir.<\/p>    <figure class=\"wp-block-image size-large\"><img loading=\"lazy\" decoding=\"async\" width=\"750\" height=\"187\" src=\"https:\/\/tianhuipackingmachine.com\/wp-content\/uploads\/2022\/06\/applications-of-sunflower-seed-packaging-machine-750x187.webp\" alt=\"ay\u00e7i\u00e7e\u011fi tohumu paketleme makinesi uygulamalar\u0131\" class=\"wp-image-8981\" srcset=\"https:\/\/tianhuipackingmachine.com\/wp-content\/uploads\/2022\/06\/applications-of-sunflower-seed-packaging-machine-750x187.webp 750w, https:\/\/tianhuipackingmachine.com\/wp-content\/uploads\/2022\/06\/applications-of-sunflower-seed-packaging-machine-480x119.webp 480w, https:\/\/tianhuipackingmachine.com\/wp-content\/uploads\/2022\/06\/applications-of-sunflower-seed-packaging-machine-768x191.webp 768w, https:\/\/tianhuipackingmachine.com\/wp-content\/uploads\/2022\/06\/applications-of-sunflower-seed-packaging-machine-1536x382.webp 1536w, https:\/\/tianhuipackingmachine.com\/wp-content\/uploads\/2022\/06\/applications-of-sunflower-seed-packaging-machine-2048x510.webp 2048w, https:\/\/tianhuipackingmachine.com\/wp-content\/uploads\/2022\/06\/applications-of-sunflower-seed-packaging-machine-18x4.webp 18w\" sizes=\"auto, (max-width: 750px) 100vw, 750px\" \/><figcaption class=\"wp-element-caption\">G\u00fcne\u015f \u00c7i\u00e7e\u011fi Tohumu Ambalaj Makinesi Uygulamalar\u0131<\/figcaption><\/figure>    <h2 class=\"wp-block-heading\"><strong>G\u00fcne\u015f \u00e7i\u00e7e\u011fi tohumu ambalaj makinesi fiyat\u0131 nedir?<\/strong><\/h2>    <p>A\u00e7\u0131k olmak gerekirse, g\u00fcne\u015f \u00e7i\u00e7e\u011fi tohumu sayma ve ambalaj makinesi maliyeti, makine modelleri, malzemeler, motor markalar\u0131 ve hatta uluslararas\u0131 d\u00f6viz kurlar\u0131 gibi bir\u00e7ok fakt\u00f6rden etkilenmektedir. Ancak, bizden sat\u0131l\u0131k g\u00fcne\u015f \u00e7i\u00e7e\u011fi tohumu ambalaj makinesi iyi kalitede ve rekabet\u00e7i bir fiyata sahiptir. \u00dccretsiz g\u00fcne\u015f \u00e7i\u00e7e\u011fi tohumu ambalaj makinesi fiyat listesi i\u00e7in bizimle ileti\u015fime ge\u00e7mekten \u00e7ekinmeyin.<\/p>    <h2 class=\"wp-block-heading\"><strong>Do\u011fru ay\u00e7i\u00e7e\u011fi \u00e7ekirde\u011fi paketleme makinesi nas\u0131l se\u00e7ilir?<\/strong><\/h2>    <p>G\u00fcne\u015f \u00e7i\u00e7e\u011fi tohumu ambalaj makinesi i\u015fine ba\u015flamak istedi\u011finizde, projenizden fayda sa\u011flamak i\u00e7in do\u011fru ve g\u00fcvenilir birini se\u00e7meniz gerekir. A\u015fa\u011f\u0131da referans\u0131n\u0131z i\u00e7in 3 ipucu bulunmaktad\u0131r:<\/p>    <ol class=\"wp-block-list\"> <li>Torba boyutu. Farkl\u0131 torba boyutlar\u0131 farkl\u0131 ambalaj makineleri gerektirir. \u00d6rne\u011fin, torba uzunlu\u011funuz 30-100mm ve torba geni\u015fli\u011finiz 25-80mm ise, k\u00fc\u00e7\u00fck tohum ambalaj makinesi se\u00e7meniz idealdir.<\/li>    <li>\u00dcretim gereksinimleri. Y\u00fcksek \u00fcretim talebi olan b\u00fcy\u00fck bir projeniz varsa, bir tohum \u00e7ok ba\u015fl\u0131 tart\u0131m ambalaj makinesi sizin i\u00e7in uygundur.<\/li>    <li>B\u00fct\u00e7e. Farkl\u0131 ambalaj makinelerinin farkl\u0131 maliyetleri vard\u0131r.<\/li> <\/ol>    <div class=\"wp-block-columns is-layout-flex wp-container-core-columns-is-layout-28f84493 wp-block-columns-is-layout-flex\"> <div class=\"wp-block-column is-layout-flow wp-block-column-is-layout-flow\"> <figure class=\"wp-block-image size-large\"><img loading=\"lazy\" decoding=\"async\" width=\"750\" height=\"500\" src=\"https:\/\/tianhuipackingmachine.com\/wp-content\/uploads\/2021\/12\/lots-of-customers-from-different-countries-750x500.jpg\" alt=\"farkl\u0131 \u00fclkelerden \u00e7ok say\u0131da m\u00fc\u015fteri\" class=\"wp-image-4727\" srcset=\"https:\/\/tianhuipackingmachine.com\/wp-content\/uploads\/2021\/12\/lots-of-customers-from-different-countries.jpg 750w, https:\/\/tianhuipackingmachine.com\/wp-content\/uploads\/2021\/12\/lots-of-customers-from-different-countries-480x320.jpg 480w\" sizes=\"auto, (max-width: 750px) 100vw, 750px\" \/><figcaption class=\"wp-element-caption\">Farkl\u0131 \u00dclkelerden \u00c7ok Say\u0131da M\u00fc\u015fteri<\/figcaption><\/figure> <\/div> <\/div>    <p class=\"translation-block\">Bir profesyonel otomatik \u00e7ekirdek paketleme makinesi \u00fcreticisi ve tedarik\u00e7isi olarak zengin paketleme tecr\u00fcbemiz, y\u00fcksek maliyet\/ performans makinelerimiz, tam hat \u00e7\u00f6z\u00fcmlerimiz, \u00f6zelle\u015ftirme ve kusursuz sat\u0131\u015f sonras\u0131 hizmetlerimiz mevcuttur. <a href=\"https:\/\/en.wikipedia.org\/wiki\/Sunflower_seed\" target=\"_blank\" rel=\"noopener\">ay\u00e7i\u00e7e\u011fi \u00e7ekirde\u011fi<\/a> i\u00e7in son derece verimli, do\u011fru ve otomatik paketleme makinesi ar\u0131yorsan\u0131z, daha fazla bilgi i\u00e7in bize mesaj b\u0131rak\u0131n veya bizimle ileti\u015fime ge\u00e7in.<\/p>","protected":false},"excerpt":{"rendered":"<p>G\u00fcne\u015f \u00e7i\u00e7e\u011fi tohumu ambalaj makinesi, g\u00fcne\u015f \u00e7i\u00e7e\u011fi, sebze tohumlar\u0131 vb. i\u00e7in otomatik po\u015fet ambalajlamad\u0131r, otomatik tartma, doldurma, torba yapma, m\u00fch\u00fcrleme ve \u00e7\u0131k\u0131\u015f ile. <\/p>","protected":false},"author":1,"featured_media":5926,"parent":0,"template":"","tags":[166,234,233],"product-type":[136],"class_list":["post-5923","product","type-product","status-publish","has-post-thumbnail","hentry","tag-granule","tag-seeds","tag-sunflower-seeds","product-type-granule-packing-machines"],"_links":{"self":[{"href":"https:\/\/tianhuipackingmachine.com\/tr\/wp-json\/wp\/v2\/product\/5923","targetHints":{"allow":["GET"]}}],"collection":[{"href":"https:\/\/tianhuipackingmachine.com\/tr\/wp-json\/wp\/v2\/product"}],"about":[{"href":"https:\/\/tianhuipackingmachine.com\/tr\/wp-json\/wp\/v2\/types\/product"}],"author":[{"embeddable":true,"href":"https:\/\/tianhuipackingmachine.com\/tr\/wp-json\/wp\/v2\/users\/1"}],"wp:featuredmedia":[{"embeddable":true,"href":"https:\/\/tianhuipackingmachine.com\/tr\/wp-json\/wp\/v2\/media\/5926"}],"wp:attachment":[{"href":"https:\/\/tianhuipackingmachine.com\/tr\/wp-json\/wp\/v2\/media?parent=5923"}],"wp:term":[{"taxonomy":"post_tag","embeddable":true,"href":"https:\/\/tianhuipackingmachine.com\/tr\/wp-json\/wp\/v2\/tags?post=5923"},{"taxonomy":"product-type","embeddable":true,"href":"https:\/\/tianhuipackingmachine.com\/tr\/wp-json\/wp\/v2\/product-type?post=5923"}],"curies":[{"name":"wp","href":"https:\/\/api.w.org\/{rel}","templated":true}]}}