{"id":5685,"date":"2022-04-19T09:28:57","date_gmt":"2022-04-19T01:28:57","guid":{"rendered":"http:\/\/tianhuipackingmachine.local\/?post_type=product&#038;p=5685"},"modified":"2024-09-20T18:32:44","modified_gmt":"2024-09-20T10:32:44","slug":"rice-vacuum-packing-machine-2","status":"publish","type":"product","link":"https:\/\/tianhuipackingmachine.com\/tr\/rice-vacuum-packing-machine\/","title":{"rendered":"Pirin\u00e7 vakum paketleme makinesi"},"content":{"rendered":"<p class=\"translation-block\">Shuliy <strong>pirin\u00e7 vakum paketleme makinesi<\/strong>, tu\u011fla \u015fekillerinde ve tu\u011fla ba\u015f\u0131na 0,5-20 kg a\u011f\u0131rl\u0131kta pirin\u00e7 vakumlama i\u00e7in \u00f6zel bir vakum paketleyici s\u0131zd\u0131rmazl\u0131k makinesidir. <\/p>    <p>Bu makine dakikada 1-20 paket pirin\u00e7 tu\u011flas\u0131n\u0131 vakumlayarak paketleyebilir. Bu makineyle vakumlu paketleme, oksidasyona, b\u00f6ceklere, k\u00fcf ve neme kar\u015f\u0131 diren\u00e7 g\u00f6stererek g\u0131dan\u0131n raf \u00f6mr\u00fcn\u00fc etkili bir \u015fekilde uzatabilir.<\/p>    <p>Ayr\u0131ca un, fermente kuru maya tozu, \u00e7ay, yer f\u0131st\u0131\u011f\u0131, kaju f\u0131st\u0131\u011f\u0131 vb. gibi \u00e7e\u015fitli toz halindeki ve gran\u00fcler malzemeleri de vakumlayabilir. \u0130lgileniyorsan\u0131z, daha fazla ayr\u0131nt\u0131 i\u00e7in bizimle ileti\u015fime ge\u00e7ebilirsiniz! <\/p>    <figure class=\"wp-block-image aligncenter size-large\"><img loading=\"lazy\" decoding=\"async\" width=\"750\" height=\"500\" src=\"https:\/\/tianhuipackingmachine.com\/wp-content\/uploads\/2021\/12\/rice-vacuum-packing-machine-750x500.jpg\" alt=\"pirin\u00e7 vakum paketleme makinesi\" class=\"wp-image-3870\" srcset=\"https:\/\/tianhuipackingmachine.com\/wp-content\/uploads\/2021\/12\/rice-vacuum-packing-machine.jpg 750w, https:\/\/tianhuipackingmachine.com\/wp-content\/uploads\/2021\/12\/rice-vacuum-packing-machine-480x320.jpg 480w\" sizes=\"auto, (max-width: 750px) 100vw, 750px\" \/><figcaption class=\"wp-element-caption\">Pirin\u00e7 Vakum Paketleme Makinas\u0131<\/figcaption><\/figure>    <h2 class=\"wp-block-heading\" id=\"h-what-raw-materials-can-be-packaged-into-brick-shape-by-this-machine\">Bu makineyle hangi hammaddeler tu\u011fla \u015fekillerine paketlenebilir?<\/h2>    <p>Ticari tu\u011fla \u015feklindeki pirin\u00e7 vakum paketleme makinesi, a\u015fa\u011f\u0131dakiler gibi \u00e7e\u015fitli \u00f6\u011feler i\u00e7in ge\u00e7erlidir: <\/p>    <ul class=\"wp-block-list\"> <li><strong>Tah\u0131llar<\/strong> <ul class=\"wp-block-list\"> <li>Pirin\u00e7, dar\u0131, ye\u015fil fasulye, k\u0131rm\u0131z\u0131 fasulye, yulaf, bu\u011fday taneleri, kar\u0131\u015f\u0131k kaba tah\u0131llar vb.<\/li> <\/ul> <\/li>    <li><strong>F\u0131nd\u0131k<\/strong> <ul class=\"wp-block-list\"> <li>Yer f\u0131st\u0131\u011f\u0131, kaju f\u0131st\u0131\u011f\u0131, antep f\u0131st\u0131\u011f\u0131, <a href=\"https:\/\/en.wikipedia.org\/wiki\/Macadamia_nuts\" target=\"_blank\" rel=\"noopener\">macadamia f\u0131st\u0131\u011f\u0131<\/a>, badem, k\u0131rm\u0131z\u0131 hurma vb.<\/li> <\/ul> <\/li>    <li><strong>Pudra<\/strong> <ul class=\"wp-block-list\"> <li>F\u0131r\u0131nlanm\u0131\u015f kuru maya tozu, un ve di\u011ferleri.<\/li> <\/ul> <\/li>    <li><strong>Di\u011ferleri<\/strong> <ul class=\"wp-block-list\"> <li>\u00c7ay, mercimek, deniz \u00fcr\u00fcnleri vb.<\/li> <\/ul> <\/li> <\/ul>    <p>Ayr\u0131ca pirin\u00e7 vakum paketleme makinemizde 250g, 500g, 1000g, 1500g, 2500g vb. gibi \u00e7e\u015fitli pirin\u00e7 tu\u011flas\u0131 torbalar\u0131 ve kal\u0131plar\u0131 bulunur. Ger\u00e7ek ihtiya\u00e7lar\u0131n\u0131za g\u00f6re se\u00e7ebilirsiniz.<\/p>    <figure class=\"wp-block-gallery has-nested-images columns-default is-cropped wp-block-gallery-2 is-layout-flex wp-block-gallery-is-layout-flex\"> <figure class=\"wp-block-image size-large\"><img loading=\"lazy\" decoding=\"async\" width=\"750\" height=\"500\" data-id=\"4623\" src=\"https:\/\/tianhuipackingmachine.com\/wp-content\/uploads\/2021\/12\/rice-brick-mold-and-packing-effect-750x500.jpg\" alt=\"pirin\u00e7 tu\u011flas\u0131 kal\u0131p ve paketleme etkisi\" class=\"wp-image-4623\" srcset=\"https:\/\/tianhuipackingmachine.com\/wp-content\/uploads\/2021\/12\/rice-brick-mold-and-packing-effect.jpg 750w, https:\/\/tianhuipackingmachine.com\/wp-content\/uploads\/2021\/12\/rice-brick-mold-and-packing-effect-480x320.jpg 480w\" sizes=\"auto, (max-width: 750px) 100vw, 750px\" \/><figcaption class=\"wp-element-caption\">Pirin\u00e7 Tu\u011fla Kal\u0131p ve Paketleme Etkisi<\/figcaption><\/figure>    <figure class=\"wp-block-image size-large\"><img loading=\"lazy\" decoding=\"async\" width=\"750\" height=\"500\" data-id=\"4626\" src=\"https:\/\/tianhuipackingmachine.com\/wp-content\/uploads\/2021\/12\/rice-brick-molds-sealing-effect-750x500.jpg\" alt=\"pirin\u00e7 tu\u011fla kal\u0131plar\u0131 ve s\u0131zd\u0131rmazl\u0131k etkisi\" class=\"wp-image-4626\" srcset=\"https:\/\/tianhuipackingmachine.com\/wp-content\/uploads\/2021\/12\/rice-brick-molds-sealing-effect.jpg 750w, https:\/\/tianhuipackingmachine.com\/wp-content\/uploads\/2021\/12\/rice-brick-molds-sealing-effect-480x320.jpg 480w\" sizes=\"auto, (max-width: 750px) 100vw, 750px\" \/><figcaption class=\"wp-element-caption\">Pirin\u00e7 Tu\u011fla Kal\u0131plar\u0131 ve S\u0131zd\u0131rmazl\u0131k Etkisi<\/figcaption><\/figure> <\/figure>    <h2 class=\"wp-block-heading\" id=\"h-characteristics-advantages-of-rice-vacuum-packing-machine\">Shuliy pirin\u00e7 vakum paketleme makinesinin \u00f6zellikleri<\/h2>    <ol style=\"list-style-type:1\" class=\"wp-block-list\"> <li>\u0130\u015fleyebilir <strong>Dakikada 1-20 torba pirin\u00e7 vakum tu\u011flas\u0131<\/strong>, ki bu verimlidir.<\/li>    <li>Makinenin bir \u00f6zelli\u011fi var <strong>akrilik plaka<\/strong>Renksiz \u015feffaf pleksiglast\u0131r. M\u00fckemmel \u015feffafl\u0131\u011fa sahiptir ve <strong>\u0131\u015f\u0131k ge\u00e7irgenli\u011fi 92%'den fazlas\u0131na ula\u015fabilir<\/strong>. <\/li>    <li>Hem \u00f6n hem de arka kenar a\u015fa\u011f\u0131dakilerle donat\u0131lm\u0131\u015ft\u0131r: <strong>s\u0131zd\u0131rmazl\u0131k \u015feridi<\/strong>.<\/li>    <li>Pirin\u00e7 tu\u011flas\u0131 vakum paketleme makinemiz a\u015fa\u011f\u0131dakilerle donat\u0131lm\u0131\u015ft\u0131r: <strong>d\u00f6rt tekerlek<\/strong>, rahat ve esnek bir \u015fekilde hareket eder.<\/li>    <li>Basit kullan\u0131m, kompakt yap\u0131, az yer kaplayan, d\u00fc\u015f\u00fck maliyetli.<\/li>    <li>Uzun \u00f6m\u00fcrl\u00fc koruma, s\u0131zd\u0131rmaz s\u0131zd\u0131rmazl\u0131k, raf \u00f6mr\u00fcn\u00fc etkili bir \u015fekilde uzatma.<\/li> <\/ol>    <figure class=\"wp-block-image size-large\"><img loading=\"lazy\" decoding=\"async\" width=\"750\" height=\"500\" src=\"https:\/\/tianhuipackingmachine.com\/wp-content\/uploads\/2021\/12\/rice-brick-packing-machine-750x500.jpg\" alt=\"pirin\u00e7 tu\u011fla paketleme makinesi\" class=\"wp-image-4624\" srcset=\"https:\/\/tianhuipackingmachine.com\/wp-content\/uploads\/2021\/12\/rice-brick-packing-machine.jpg 750w, https:\/\/tianhuipackingmachine.com\/wp-content\/uploads\/2021\/12\/rice-brick-packing-machine-480x320.jpg 480w\" sizes=\"auto, (max-width: 750px) 100vw, 750px\" \/><figcaption class=\"wp-element-caption\">Pirin\u00e7 Tu\u011fla Paketleme Makinas\u0131<\/figcaption><\/figure>    <h2 class=\"wp-block-heading has-black-color has-text-color\" id=\"h-technical-data-of-vacuum-packing-machine-for-rice-brick\">Pirin\u00e7 tu\u011flas\u0131 i\u00e7in vakum paketleme makinesinin teknik verileri<\/h2>    <p>SL-660 ve SL-850 olmak \u00fczere iki tip vakumlu pirin\u00e7 tu\u011flas\u0131 kapatma makinemiz mevcuttur. Say\u0131, s\u0131zd\u0131rmazl\u0131k \u015feritlerinin uzunlu\u011funu belirler. Ayr\u0131ca g\u00fcc\u00fcn\u00fc, a\u011f\u0131rl\u0131\u011f\u0131n\u0131, boyutunu vb. de \u00f6\u011frenebilirsiniz. A\u015fa\u011f\u0131daki tablo referans\u0131n\u0131z i\u00e7in ayr\u0131nt\u0131l\u0131 parametre bilgileridir.<\/p>    <figure class=\"wp-block-table is-style-stripes\"><table><tbody><tr><td>Modeli<\/td><td>SL-660<\/td><td>SL-850<\/td><\/tr><tr><td>Gerilim<\/td><td>AC220V\/50Hz<\/td><td>AC220V\/50Hz<\/td><\/tr><tr><td>Motor g\u00fcc\u00fc<\/td><td>1000W<\/td><td>1000W<\/td><\/tr><tr><td>S\u0131zd\u0131rmazl\u0131k g\u00fcc\u00fc<\/td><td>1200W<\/td><td>1600W<\/td><\/tr><tr><td>Her hazne i\u00e7in s\u0131zd\u0131rmazl\u0131k \u00e7ubu\u011fu say\u0131s\u0131<\/td><td>2 adet<\/td><td>2 adet<\/td><\/tr><tr><td>Nihai vakum Bas\u0131nc\u0131<\/td><td>1Kpa<\/td><td>1Kpa<\/td><\/tr><tr><td>Odan\u0131n boyutu<\/td><td>680 (U)*210(G)*350(Y)mm <\/td><td>900(U)*210(G)*350(Y)mm<\/td><\/tr><tr><td>S\u0131zd\u0131rmazl\u0131k yaz\u0131s\u0131n\u0131n boyutu<\/td><td>660(U)*10(G)mm<\/td><td>850(U)*10(G)mm<\/td><\/tr><tr><td>Vakum pompas\u0131 h\u0131z\u0131<\/td><td>20*1m<sup>3<\/sup>\/H<\/td><td>20*1m<sup>3<\/sup>\/H<\/td><\/tr><tr><td>Vakum odas\u0131 i\u00e7in malzeme<\/td><td>Paslanmaz \u00e7elik 201<\/td><td>Paslanmaz \u00e7elik 201<\/td><\/tr><tr><td>Boyut<\/td><td>740*480*800mm<\/td><td>930*450*800mm<\/td><\/tr><tr><td>Net a\u011f\u0131rl\u0131\u011f\u0131<\/td><td>88 kg<\/td><td>100kg<\/td><\/tr><tr><td>\u0130ki s\u0131zd\u0131rmazl\u0131k \u00e7ubu\u011fu aras\u0131ndaki merkez mesafesi<\/td><td>280 mm<\/td><td>280 mm<\/td><\/tr><\/tbody><\/table><figcaption class=\"wp-element-caption\">pirin\u00e7 vakum paketleme makinesinin verileri<\/figcaption><\/figure>    <h2 class=\"wp-block-heading\" id=\"h-main-parts-of-rice-vacuum-packing-machine\">Tam otomatik pirin\u00e7 vakum paketleme makinesinin ana par\u00e7alar\u0131<\/h2>    <p>Makine esas olarak bir kontrol paneli, bir motor, bir vakum odas\u0131, \u00e7ift s\u0131zd\u0131rmazl\u0131k \u015feritleri, akrilik \u015feffaf bir kapak, bir vakum pompas\u0131, d\u00f6rt tekerlek vb.'den olu\u015fur.<\/p>    <ul class=\"wp-block-list\"> <li>\u00d6ncelikle kontrol panelinden parametreleri ayarlayabilir ve kontrol edebilirsiniz. <ul class=\"wp-block-list\"> <li>Vakumlama ve kapatma s\u00fcresini ve kapatma s\u0131cakl\u0131\u011f\u0131n\u0131 ayarlay\u0131n.<\/li>    <li>Vakumlama, kapatma, sabit s\u0131cakl\u0131k ve so\u011futma i\u00e7in bir vakum g\u00f6stergesi ve bir zaman g\u00f6stergesi bulunmaktad\u0131r.<\/li> <\/ul> <\/li> <\/ul>    <figure class=\"wp-block-image size-large\"><img loading=\"lazy\" decoding=\"async\" width=\"750\" height=\"500\" src=\"https:\/\/tianhuipackingmachine.com\/wp-content\/uploads\/2021\/12\/the-control-panel-of-rice-brick-vacuum-sealer-750x500.jpg\" alt=\"pirin\u00e7 tu\u011flas\u0131 vakumlama makinesinin kontrol paneli\" class=\"wp-image-3859\" srcset=\"https:\/\/tianhuipackingmachine.com\/wp-content\/uploads\/2021\/12\/the-control-panel-of-rice-brick-vacuum-sealer.jpg 750w, https:\/\/tianhuipackingmachine.com\/wp-content\/uploads\/2021\/12\/the-control-panel-of-rice-brick-vacuum-sealer-480x320.jpg 480w\" sizes=\"auto, (max-width: 750px) 100vw, 750px\" \/><figcaption class=\"wp-element-caption\">Pirin\u00e7 Tu\u011fla Vakum M\u00fch\u00fcrleyenin Kontrol Paneli<\/figcaption><\/figure>    <ul class=\"wp-block-list\"> <li>\u0130kincisi, vakum odas\u0131 pirin\u00e7 tu\u011flas\u0131 vakumlu paketleme i\u00e7in \u00f6zel olarak tasarlanm\u0131\u015ft\u0131r.  <ul class=\"wp-block-list\"> <li>Kapasite s\u0131radan bir kapasiteden daha uzun ve derindir <a href=\"https:\/\/tianhuipackingmachine.com\/tr\/single-chamber-vacuum-packaging-machine\/\">tek odac\u0131kl\u0131 vakum m\u00fch\u00fcrleyen<\/a>. <\/li>    <li>Boyutu vakum po\u015fetinin boyutuna g\u00f6re \u00f6zelle\u015ftirilebilir. <\/li> <\/ul> <\/li>    <li>\u00dc\u00e7\u00fcnc\u00fcs\u00fc, pirin\u00e7 vakumlama makinesinin \u00f6n ve arka taraf\u0131nda s\u0131zd\u0131rmazl\u0131k \u015feritleri bulunur.  <ul class=\"wp-block-list\"> <li>\u0130ki s\u0131zd\u0131rmazl\u0131k \u015feridi, geni\u015f i\u015fleme kabiliyetine ve y\u00fcksek verimlili\u011fe sahiptir. <\/li> <\/ul> <\/li> <\/ul>    <figure class=\"wp-block-image size-large\"><img loading=\"lazy\" decoding=\"async\" width=\"750\" height=\"500\" src=\"https:\/\/tianhuipackingmachine.com\/wp-content\/uploads\/2021\/12\/two-sealing-strips-in-the-vacuum-chamber-1-750x500.jpg\" alt=\"vakum odas\u0131nda iki s\u0131zd\u0131rmazl\u0131k \u015feridi\" class=\"wp-image-3860\" srcset=\"https:\/\/tianhuipackingmachine.com\/wp-content\/uploads\/2021\/12\/two-sealing-strips-in-the-vacuum-chamber-1.jpg 750w, https:\/\/tianhuipackingmachine.com\/wp-content\/uploads\/2021\/12\/two-sealing-strips-in-the-vacuum-chamber-1-480x320.jpg 480w\" sizes=\"auto, (max-width: 750px) 100vw, 750px\" \/><figcaption class=\"wp-element-caption\">Vakum Odas\u0131nda \u0130ki S\u0131zd\u0131rmazl\u0131k \u015eeridi<\/figcaption><\/figure>    <ul class=\"wp-block-list\"> <li>Akrilik \u015feffaf kapak, g\u00fc\u00e7l\u00fc darbe dayan\u0131m\u0131, iyi toklu\u011fu, m\u00fckemmel yal\u0131t\u0131m performans\u0131 ve hafifli\u011fi nedeniyle pop\u00fclerdir. <\/li> <\/ul>    <figure class=\"wp-block-gallery has-nested-images columns-default is-cropped wp-block-gallery-3 is-layout-flex wp-block-gallery-is-layout-flex\"> <figure class=\"wp-block-image size-large\"><img loading=\"lazy\" decoding=\"async\" width=\"750\" height=\"500\" data-id=\"3861\" src=\"https:\/\/tianhuipackingmachine.com\/wp-content\/uploads\/2021\/12\/acrylic-transparent-cover-1-750x500.jpg\" alt=\"akrilik \u015feffaf kapak\" class=\"wp-image-3861\" srcset=\"https:\/\/tianhuipackingmachine.com\/wp-content\/uploads\/2021\/12\/acrylic-transparent-cover-1.jpg 750w, https:\/\/tianhuipackingmachine.com\/wp-content\/uploads\/2021\/12\/acrylic-transparent-cover-1-480x320.jpg 480w\" sizes=\"auto, (max-width: 750px) 100vw, 750px\" \/><figcaption class=\"wp-element-caption\">Akrilik \u015eeffaf Kapak<\/figcaption><\/figure>    <figure class=\"wp-block-image size-large\"><img loading=\"lazy\" decoding=\"async\" width=\"750\" height=\"500\" data-id=\"3862\" src=\"https:\/\/tianhuipackingmachine.com\/wp-content\/uploads\/2021\/12\/suitable-for-various-sizes-of-rice-bricks-1-750x500.jpg\" alt=\"\u00e7e\u015fitli boyutlarda pirin\u00e7 tu\u011flalar\u0131 i\u00e7in uygundur\" class=\"wp-image-3862\" srcset=\"https:\/\/tianhuipackingmachine.com\/wp-content\/uploads\/2021\/12\/suitable-for-various-sizes-of-rice-bricks-1.jpg 750w, https:\/\/tianhuipackingmachine.com\/wp-content\/uploads\/2021\/12\/suitable-for-various-sizes-of-rice-bricks-1-480x320.jpg 480w\" sizes=\"auto, (max-width: 750px) 100vw, 750px\" \/><figcaption class=\"wp-element-caption\">\u00c7e\u015fitli Boyutlardaki Pirin\u00e7 Tu\u011flalar\u0131na Uygun<\/figcaption><\/figure> <\/figure>    <h2 class=\"wp-block-heading\"><strong>Pirin\u00e7 vakum paketleme makinesi nas\u0131l \u00e7al\u0131\u015f\u0131r?<\/strong><\/h2>    <p>Pirin\u00e7 vakum paketleme makinesi, bir vakum olu\u015fturmak i\u00e7in torbadaki havay\u0131 \u00e7\u0131kararak ve ard\u0131ndan torbay\u0131 h\u0131zl\u0131 bir \u015fekilde kapatarak \u00e7al\u0131\u015f\u0131r.<\/p>    <ul class=\"wp-block-list\"> <li>\u0130lk olarak pirin\u00e7 otomatik olarak torbaya y\u00fcklenir.<\/li>    <li>Daha sonra makine, torban\u0131n i\u00e7inde negatif bir bas\u0131n\u00e7 olu\u015fturmak i\u00e7in havay\u0131 \u00e7\u0131karmaya ba\u015flar ve oksijen i\u00e7eri\u011fini azalt\u0131r.<\/li>    <li>Son olarak makine, s\u0131zd\u0131rmazl\u0131\u011f\u0131 sa\u011flamak ve pirincin raf \u00f6mr\u00fcn\u00fc uzatmak i\u00e7in torba a\u00e7\u0131kl\u0131\u011f\u0131n\u0131 \u0131s\u0131yla kapatacakt\u0131r.<\/li> <\/ul>    <p>T\u00fcm s\u00fcre\u00e7 son derece otomatiktir, kullan\u0131m\u0131 kolayd\u0131r ve son derece verimlidir. Makine k\u00fc\u00e7\u00fck ve orta \u00f6l\u00e7ekli pirin\u00e7 i\u015fleme i\u015fletmeleri i\u00e7in uygundur.<\/p>   <figure class=\"wp-block-embed-youtube wp-block-embed is-type-video is-provider-youtube wp-embed-aspect-16-9 wp-has-aspect-ratio\"><div class=\"lyte-wrapper\" title=\"Fas deniz \u00fcr\u00fcnleri paketi i\u00e7in vakumlama makinesi | Fabrikada vakum paketleme makinesinin test edilmesi\" style=\"width:853px;max-width:100%;margin:5px auto;\"><div class=\"lyMe\" id=\"WYL_2r2CLlFwGMk\" itemprop=\"video\" itemscope itemtype=\"https:\/\/schema.org\/VideoObject\"><div><meta itemprop=\"thumbnailUrl\" content=\"https:\/\/i.ytimg.com\/vi\/2r2CLlFwGMk\/hqdefault.jpg\" \/><meta itemprop=\"embedURL\" content=\"https:\/\/www.youtube.com\/embed\/2r2CLlFwGMk\" \/><meta itemprop=\"duration\" content=\"PT1M30S\" \/><meta itemprop=\"uploadDate\" content=\"2024-07-31T03:18:23Z\" \/><\/div><div id=\"lyte_2r2CLlFwGMk\" data-src=\"https:\/\/i.ytimg.com\/vi\/2r2CLlFwGMk\/hqdefault.jpg\" class=\"pL\"><div class=\"tC\"><div class=\"tT\" itemprop=\"name\">Fas deniz \u00fcr\u00fcnleri paketi i\u00e7in vakumlama makinesi | Fabrikada vakum paketleme makinesinin test edilmesi<\/div><\/div><div class=\"play\"><\/div><div class=\"ctrl\"><div class=\"Lctrl\"><\/div><div class=\"Rctrl\"><\/div><\/div><\/div><noscript><a href=\"https:\/\/youtu.be\/2r2CLlFwGMk\" rel=\"nofollow noopener\" target=\"_blank\"><img loading=\"lazy\" decoding=\"async\" src=\"https:\/\/i.ytimg.com\/vi\/2r2CLlFwGMk\/0.jpg\" alt=\"Fas deniz \u00fcr\u00fcnleri paketi i\u00e7in vakumlama makinesi | Fabrikada vakum paketleme makinesinin test edilmesi\" width=\"853\" height=\"460\" \/><\/a><\/noscript><meta itemprop=\"description\" content=\"WhatsApp No.: https:\/\/wa.me\/+8613673689272 WeChat\/Tel No.:+8613673689272 Email: sales@tianhuipackingmachine.com Website: https:\/\/tianhuipackingmachine.com\/double-chamber-vacuum-packaging-machine\/ In this video, we show the trial process of the vacuum packaging machine customized for Moroccan customers. This vacuum sealer will be used for seafood packaging to ensure that seafood remains fresh and high quality during transportation and storage. Through the trial machine, we verified the performance and effect of the machine to ensure that it can meet the needs of customers. Thank you for your trust and support, and hope that this vacuum packing machine can help their seafood business flourish. WhatsApp No.: https:\/\/wa.me\/+8613673689272 WeChat\/Tel No.:+8613673689272 Email: sales@tianhuipackingmachine.com Website: https:\/\/tianhuipackingmachine.com\/double-chamber-vacuum-packaging-machine\/\"><\/div><\/div><div class=\"lL\" style=\"max-width:100%;width:853px;margin:5px auto;\"> <a href=\"https:\/\/youtu.be\/2r2CLlFwGMk\" target=\"_blank\" rel=\"noopener\">Bu videoyu YouTube'da izleyin<\/a>.<\/div><figcaption>vakumlama makinesinin videosu<\/figcaption><\/figure>   <h2 class=\"wp-block-heading\"><strong>Pirin\u00e7 vakumlama makinesinin fiyat\u0131 nedir?<\/strong><\/h2>    <p>Shuliy pirin\u00e7 tu\u011flas\u0131 vakum paketleme makinesinin fiyat\u0131, kapasitesine, markas\u0131na, konfig\u00fcrasyonuna, sat\u0131\u015f sonras\u0131 servis hizmetine vb. g\u00f6re de\u011fi\u015fmektedir.<\/p>    <p>B\u00fcy\u00fck bir \u00fcretim makinesinin fiyat\u0131 k\u00fc\u00e7\u00fck olandan daha y\u00fcksektir. \u00d6zel paketleme ihtiya\u00e7lar\u0131 veya ki\u015fiselle\u015ftirme olmas\u0131 durumunda fiyatlar daha da artabilir.<\/p>    <p>Ayr\u0131nt\u0131l\u0131 makine fiyatland\u0131rmas\u0131 m\u0131 istiyorsunuz? H\u0131zl\u0131 bir \u015fekilde bizimle ileti\u015fime ge\u00e7in ve size ayr\u0131nt\u0131l\u0131 bir teklif sunal\u0131m.<\/p>    <figure class=\"wp-block-image size-large\"><img loading=\"lazy\" decoding=\"async\" width=\"750\" height=\"500\" src=\"https:\/\/tianhuipackingmachine.com\/wp-content\/uploads\/2021\/12\/the-rice-vacuum-sealer-display-750x500.jpg\" alt=\"pirin\u00e7 vakumlama makinesi ekran\u0131\" class=\"wp-image-4625\" srcset=\"https:\/\/tianhuipackingmachine.com\/wp-content\/uploads\/2021\/12\/the-rice-vacuum-sealer-display.jpg 750w, https:\/\/tianhuipackingmachine.com\/wp-content\/uploads\/2021\/12\/the-rice-vacuum-sealer-display-480x320.jpg 480w\" sizes=\"auto, (max-width: 750px) 100vw, 750px\" \/><figcaption class=\"wp-element-caption\">Pirin\u00e7 Vakum M\u00fch\u00fcrleyen Ekran\u0131<\/figcaption><\/figure>    <h2 class=\"wp-block-heading\"><strong>Vakum paketleme makineleri hakk\u0131nda hemen bilgi al\u0131n!<\/strong><\/h2>    <p>Yiyeceklerinizi daha uzun s\u00fcre saklamak m\u0131 istiyorsunuz? \u00d6yleyse hemen bizimle ileti\u015fime ge\u00e7in! \u0130htiya\u00e7lar\u0131n\u0131za g\u00f6re size en iyi teklifi sunaca\u011f\u0131z!<\/p>","protected":false},"excerpt":{"rendered":"<p>Shuliy pirin\u00e7 vakum paketleme makinesi, tu\u011fla \u015fekilleri ve tu\u011fla ba\u015f\u0131na 0,5-20 kg a\u011f\u0131rl\u0131klarla pirin\u00e7 vakumlama i\u00e7in \u00f6zel bir vakumlu paketleyicidir. <\/p>","protected":false},"author":1,"featured_media":3870,"parent":0,"template":"","tags":[218,194],"product-type":[140],"class_list":["post-5685","product","type-product","status-publish","has-post-thumbnail","hentry","tag-rice-vacuum-packing","tag-vacuum-packing-machine","product-type-vacuum-packaging-machines"],"_links":{"self":[{"href":"https:\/\/tianhuipackingmachine.com\/tr\/wp-json\/wp\/v2\/product\/5685","targetHints":{"allow":["GET"]}}],"collection":[{"href":"https:\/\/tianhuipackingmachine.com\/tr\/wp-json\/wp\/v2\/product"}],"about":[{"href":"https:\/\/tianhuipackingmachine.com\/tr\/wp-json\/wp\/v2\/types\/product"}],"author":[{"embeddable":true,"href":"https:\/\/tianhuipackingmachine.com\/tr\/wp-json\/wp\/v2\/users\/1"}],"wp:featuredmedia":[{"embeddable":true,"href":"https:\/\/tianhuipackingmachine.com\/tr\/wp-json\/wp\/v2\/media\/3870"}],"wp:attachment":[{"href":"https:\/\/tianhuipackingmachine.com\/tr\/wp-json\/wp\/v2\/media?parent=5685"}],"wp:term":[{"taxonomy":"post_tag","embeddable":true,"href":"https:\/\/tianhuipackingmachine.com\/tr\/wp-json\/wp\/v2\/tags?post=5685"},{"taxonomy":"product-type","embeddable":true,"href":"https:\/\/tianhuipackingmachine.com\/tr\/wp-json\/wp\/v2\/product-type?post=5685"}],"curies":[{"name":"wp","href":"https:\/\/api.w.org\/{rel}","templated":true}]}}