{"id":5538,"date":"2022-04-15T09:55:05","date_gmt":"2022-04-15T01:55:05","guid":{"rendered":"http:\/\/tianhuipackingmachine.local\/?post_type=product&#038;p=5538"},"modified":"2022-06-21T11:32:08","modified_gmt":"2022-06-21T03:32:08","slug":"non-food-packaging-solution-2","status":"publish","type":"product","link":"https:\/\/tianhuipackingmachine.com\/tr\/non-food-packaging-solution\/","title":{"rendered":"G\u0131da D\u0131\u015f\u0131 Ambalaj \u00c7\u00f6z\u00fcm\u00fc"},"content":{"rendered":"<p>HENAN TOP PACKING MACHINERY CO., LTD, farkl\u0131 \u00fcr\u00fcnler (donan\u0131m, tek kullan\u0131ml\u0131k \u00fcr\u00fcnler, t\u0131bbi \u00fcr\u00fcnler vb.) i\u00e7in \u00e7e\u015fitli g\u0131da d\u0131\u015f\u0131 ambalaj \u00e7\u00f6z\u00fcmleri sunmaktad\u0131r. Ambalaj po\u015feti t\u00fcrleri aras\u0131nda \u00e7ubuk po\u015fet, arka orta m\u00fch\u00fcrl\u00fc po\u015fet, 3 taraf\u0131 m\u00fch\u00fcrl\u00fc po\u015fet, 4- yan m\u00fch\u00fcrl\u00fc torba, s\u00fcrekli torbalar, k\u00f6\u015febent kese, dik duran torba, delikli kese, y\u0131rt\u0131lmas\u0131 kolay kese, d\u00fcz kesme torbas\u0131, testere di\u015fi kesme torbas\u0131, yuvarlak k\u00f6\u015fe kese, d\u00fcz torba, \u0131s\u0131yla b\u00fcz\u00fc\u015fen ambalaj, vb.<\/p>","protected":false},"excerpt":{"rendered":"<p>HENAN TOP PACKING MACHINERY CO., LTD supplies various non-food packaging solutions for different products ( hardware, disposable products, medical articles, etc. Packaging bag types include the stick bag, back center seal pouch, 3-side seal sachet, 4-side seal bag, continuous bags, gusset pouch, stand up bag, pouch with a hole, pouch easy to tear, flat cutting [&hellip;]<\/p>\n","protected":false},"author":1,"featured_media":0,"parent":0,"template":"","tags":[],"product-type":[135],"class_list":["post-5538","product","type-product","status-publish","hentry","product-type-solutions"],"_links":{"self":[{"href":"https:\/\/tianhuipackingmachine.com\/tr\/wp-json\/wp\/v2\/product\/5538","targetHints":{"allow":["GET"]}}],"collection":[{"href":"https:\/\/tianhuipackingmachine.com\/tr\/wp-json\/wp\/v2\/product"}],"about":[{"href":"https:\/\/tianhuipackingmachine.com\/tr\/wp-json\/wp\/v2\/types\/product"}],"author":[{"embeddable":true,"href":"https:\/\/tianhuipackingmachine.com\/tr\/wp-json\/wp\/v2\/users\/1"}],"wp:attachment":[{"href":"https:\/\/tianhuipackingmachine.com\/tr\/wp-json\/wp\/v2\/media?parent=5538"}],"wp:term":[{"taxonomy":"post_tag","embeddable":true,"href":"https:\/\/tianhuipackingmachine.com\/tr\/wp-json\/wp\/v2\/tags?post=5538"},{"taxonomy":"product-type","embeddable":true,"href":"https:\/\/tianhuipackingmachine.com\/tr\/wp-json\/wp\/v2\/product-type?post=5538"}],"curies":[{"name":"wp","href":"https:\/\/api.w.org\/{rel}","templated":true}]}}