{"id":5537,"date":"2022-04-15T09:52:16","date_gmt":"2022-04-15T01:52:16","guid":{"rendered":"http:\/\/tianhuipackingmachine.local\/?post_type=product&#038;p=5537"},"modified":"2022-12-01T15:33:48","modified_gmt":"2022-12-01T07:33:48","slug":"fresh-food-packaging-solution-2","status":"publish","type":"product","link":"https:\/\/tianhuipackingmachine.com\/tr\/fresh-food-packaging-solution\/","title":{"rendered":"Taze G\u0131da Paketleme \u00c7\u00f6z\u00fcm\u00fc"},"content":{"rendered":"<p>HENAN TOP PACKING MACHINERY CO., LTD, sebze, meyve, et, k\u00fcmes hayvanlar\u0131, deniz \u00fcr\u00fcnleri vb. gibi farkl\u0131 \u00fcr\u00fcnler i\u00e7in \u00e7e\u015fitli taze g\u0131da paketleme \u00e7\u00f6z\u00fcmleri sunmaktad\u0131r. Profesyonel ekibimiz, taze g\u0131da paketleme ekipmanlar\u0131n\u0131, \u00fcr\u00fcn\u00fcn \u00f6zelliklerine g\u00f6re tasarlayacak ve \u00fcretecektir. spesifik taze yiyecek ve di\u011fer talepler. \u00d6rne\u011fin g\u0131dan\u0131n b\u00fcy\u00fckl\u00fc\u011f\u00fcn\u00fc, do\u011frudan veya kutuyla paketlenmesini, vakumlu paketlenip paketlenmedi\u011fini vb. ifade eder. Nihai ambalaj t\u00fcrleri aras\u0131nda arka orta m\u00fch\u00fcrl\u00fc torba, k\u00f6r\u00fckl\u00fc torba, dik torba, vakum torba ambalaj\u0131 vb. bulunur.<\/p>","protected":false},"excerpt":{"rendered":"<p>HENAN TOP PACKING MACHINERY CO., LTD provides various fresh food packaging solutions for different products, such as vegetables, fruits, meat, poultry, seafood, etc. Our professional team will design and manufacture the fresh food packing equipment according to the properties of the specific fresh food and other demands. For instance, it refers to the size of [&hellip;]<\/p>\n","protected":false},"author":1,"featured_media":0,"parent":0,"template":"","tags":[],"product-type":[135],"class_list":["post-5537","product","type-product","status-publish","hentry","product-type-solutions"],"_links":{"self":[{"href":"https:\/\/tianhuipackingmachine.com\/tr\/wp-json\/wp\/v2\/product\/5537","targetHints":{"allow":["GET"]}}],"collection":[{"href":"https:\/\/tianhuipackingmachine.com\/tr\/wp-json\/wp\/v2\/product"}],"about":[{"href":"https:\/\/tianhuipackingmachine.com\/tr\/wp-json\/wp\/v2\/types\/product"}],"author":[{"embeddable":true,"href":"https:\/\/tianhuipackingmachine.com\/tr\/wp-json\/wp\/v2\/users\/1"}],"wp:attachment":[{"href":"https:\/\/tianhuipackingmachine.com\/tr\/wp-json\/wp\/v2\/media?parent=5537"}],"wp:term":[{"taxonomy":"post_tag","embeddable":true,"href":"https:\/\/tianhuipackingmachine.com\/tr\/wp-json\/wp\/v2\/tags?post=5537"},{"taxonomy":"product-type","embeddable":true,"href":"https:\/\/tianhuipackingmachine.com\/tr\/wp-json\/wp\/v2\/product-type?post=5537"}],"curies":[{"name":"wp","href":"https:\/\/api.w.org\/{rel}","templated":true}]}}