{"id":5536,"date":"2022-04-15T09:51:58","date_gmt":"2022-04-15T01:51:58","guid":{"rendered":"http:\/\/tianhuipackingmachine.local\/?post_type=product&#038;p=5536"},"modified":"2023-01-12T14:23:28","modified_gmt":"2023-01-12T06:23:28","slug":"food-packaging-solution-2","status":"publish","type":"product","link":"https:\/\/tianhuipackingmachine.com\/tr\/food-packaging-solution-2\/","title":{"rendered":"G\u0131da Paketleme \u00c7\u00f6z\u00fcm\u00fc"},"content":{"rendered":"<p>HENAN TOP PACKING MACHINERY CO., LTD, ekmek, f\u0131r\u0131nc\u0131l\u0131k, bisk\u00fcvi, \u00e7ikolata vb. gibi \u00e7ok \u00e7e\u015fitli g\u0131da paketleme \u00e7\u00f6z\u00fcmleri sunar. A\u011f\u0131rl\u0131kland\u0131rma y\u00f6ntemi, \u00f6l\u00e7\u00fcm kab\u0131, 2 kafal\u0131 kantar, 4 kafal\u0131 kantar, \u00e7ok kafal\u0131 kombinasyonu benimser terazi veya elektrikli kantitatif tart\u0131m. Ambalaj po\u015feti \u00e7e\u015fitleri aras\u0131nda arka orta kilitli po\u015fet, 3 tarafl\u0131 kilitli po\u015fet, 4 tarafl\u0131 po\u015fet, s\u00fcrekli po\u015fet, k\u00f6r\u00fckl\u00fc po\u015fet, dik po\u015fet, delikli po\u015fet, d\u00fcz kesme po\u015feti, testere di\u015fli kesme po\u015feti, d\u00fcz po\u015fet, yuvarlak k\u00f6\u015fe bulunur kese, nitrojen dolum torbas\u0131 vb.<\/p>","protected":false},"excerpt":{"rendered":"<p>HENAN TOP PACKING MACHINERY CO., LTD provides a wide range of food packaging solutions, such as for bread, bakery, biscuit, chocolate, etc. The weighting method adopts measuring cup, 2 head weigher, 4-head weigher, multi-head combination scale, or electric quantitative weighing. The packaging bag types include the back center seal bag, 3-side seal pouch, 4-side sachet, [&hellip;]<\/p>\n","protected":false},"author":1,"featured_media":0,"parent":0,"template":"","tags":[],"product-type":[135],"class_list":["post-5536","product","type-product","status-publish","hentry","product-type-solutions"],"_links":{"self":[{"href":"https:\/\/tianhuipackingmachine.com\/tr\/wp-json\/wp\/v2\/product\/5536","targetHints":{"allow":["GET"]}}],"collection":[{"href":"https:\/\/tianhuipackingmachine.com\/tr\/wp-json\/wp\/v2\/product"}],"about":[{"href":"https:\/\/tianhuipackingmachine.com\/tr\/wp-json\/wp\/v2\/types\/product"}],"author":[{"embeddable":true,"href":"https:\/\/tianhuipackingmachine.com\/tr\/wp-json\/wp\/v2\/users\/1"}],"wp:attachment":[{"href":"https:\/\/tianhuipackingmachine.com\/tr\/wp-json\/wp\/v2\/media?parent=5536"}],"wp:term":[{"taxonomy":"post_tag","embeddable":true,"href":"https:\/\/tianhuipackingmachine.com\/tr\/wp-json\/wp\/v2\/tags?post=5536"},{"taxonomy":"product-type","embeddable":true,"href":"https:\/\/tianhuipackingmachine.com\/tr\/wp-json\/wp\/v2\/product-type?post=5536"}],"curies":[{"name":"wp","href":"https:\/\/api.w.org\/{rel}","templated":true}]}}