{"id":5535,"date":"2022-04-15T09:51:38","date_gmt":"2022-04-15T01:51:38","guid":{"rendered":"http:\/\/tianhuipackingmachine.local\/?post_type=product&#038;p=5535"},"modified":"2022-09-28T18:40:31","modified_gmt":"2022-09-28T10:40:31","slug":"liquid-paste-packaging-solution-2","status":"publish","type":"product","link":"https:\/\/tianhuipackingmachine.com\/tr\/liquid-paste-packaging-solution\/","title":{"rendered":"S\u0131v\u0131\/Macun Paketleme \u00c7\u00f6z\u00fcm\u00fc"},"content":{"rendered":"<p>HENAN TOP PACKING MACHINERY CO., LTD, farkl\u0131 s\u0131v\u0131 ve macun \u00fcr\u00fcnleri i\u00e7in \u00e7ok say\u0131da s\u0131v\u0131 ve macun paketleme \u00e7\u00f6z\u00fcm\u00fc sunar. Profesyonel ekibimiz, spesifik s\u0131v\u0131, macun ve di\u011fer taleplerin \u00f6zelliklerine g\u00f6re s\u0131v\u0131 ve macun paketleme ekipmanlar\u0131n\u0131 tasarlayacak ve \u00fcretecektir. \u00d6rne\u011fin likidite, viskozite, ambalaj a\u011f\u0131rl\u0131\u011f\u0131, torbalanm\u0131\u015f veya \u015fi\u015felenmi\u015f vb. anlam\u0131na gelir. Nihai paketleme t\u00fcrleri aras\u0131nda arka ortas\u0131 kapal\u0131 torba, 3 taraf\u0131 kapal\u0131 torba, 4 taraf\u0131 kapal\u0131 torba, d\u00fcz kesme torbas\u0131, dik torba, a\u011f\u0131zl\u0131 kese, d\u00fczensiz torba, \u015fi\u015feler, teneke kutular, bardaklar vb. yer al\u0131r.<\/p>","protected":false},"excerpt":{"rendered":"<p>HENAN TOP PACKING MACHINERY CO., LTD provides a lot of liquid and paste packing solutions for different liquids and paste products. Our professional team will design and manufacture the liquid and paste packing equipment according to the properties of the specific liquid, paste, and other demands. For instance, it refers to liquidity, viscosity, packaging weight, [&hellip;]<\/p>\n","protected":false},"author":1,"featured_media":0,"parent":0,"template":"","tags":[],"product-type":[135],"class_list":["post-5535","product","type-product","status-publish","hentry","product-type-solutions"],"_links":{"self":[{"href":"https:\/\/tianhuipackingmachine.com\/tr\/wp-json\/wp\/v2\/product\/5535","targetHints":{"allow":["GET"]}}],"collection":[{"href":"https:\/\/tianhuipackingmachine.com\/tr\/wp-json\/wp\/v2\/product"}],"about":[{"href":"https:\/\/tianhuipackingmachine.com\/tr\/wp-json\/wp\/v2\/types\/product"}],"author":[{"embeddable":true,"href":"https:\/\/tianhuipackingmachine.com\/tr\/wp-json\/wp\/v2\/users\/1"}],"wp:attachment":[{"href":"https:\/\/tianhuipackingmachine.com\/tr\/wp-json\/wp\/v2\/media?parent=5535"}],"wp:term":[{"taxonomy":"post_tag","embeddable":true,"href":"https:\/\/tianhuipackingmachine.com\/tr\/wp-json\/wp\/v2\/tags?post=5535"},{"taxonomy":"product-type","embeddable":true,"href":"https:\/\/tianhuipackingmachine.com\/tr\/wp-json\/wp\/v2\/product-type?post=5535"}],"curies":[{"name":"wp","href":"https:\/\/api.w.org\/{rel}","templated":true}]}}