{"id":5534,"date":"2022-04-15T09:51:10","date_gmt":"2022-04-15T01:51:10","guid":{"rendered":"http:\/\/tianhuipackingmachine.local\/?post_type=product&#038;p=5534"},"modified":"2022-06-21T10:51:05","modified_gmt":"2022-06-21T02:51:05","slug":"powder-packaging-solution-2","status":"publish","type":"product","link":"https:\/\/tianhuipackingmachine.com\/tr\/powder-packaging-solution\/","title":{"rendered":"Toz Paketleme \u00c7\u00f6z\u00fcm\u00fc"},"content":{"rendered":"<p>HENAN TOP PACKING MACHINERY CO., LTD, farkl\u0131 toz \u00fcr\u00fcnler i\u00e7in \u00e7e\u015fitli toz paketleme \u00e7\u00f6z\u00fcmleri sunar. Profesyonel ekibimiz, toz paketleme ekipmanlar\u0131n\u0131, belirli tozun \u00f6zelliklerine ve di\u011fer taleplere g\u00f6re tasarlayacak ve \u00fcretecektir. \u00d6rne\u011fin incelik, viskozite, ambalaj\u0131n a\u011f\u0131rl\u0131\u011f\u0131, ambalaj po\u015fetinin t\u00fcr\u00fc vb. anlam\u0131na gelir. Son paketleme torbalar\u0131, \u00e7ubuk torba, arka orta m\u00fch\u00fcrl\u00fc torba, 3 taraf\u0131 m\u00fch\u00fcrl\u00fc kese, 4 taraf\u0131 kese, s\u00fcrekli torbalar, k\u00f6r\u00fckl\u00fc torba, dik duran torba, delikli kese, y\u0131rt\u0131lmas\u0131 kolay kese dahil olmak \u00fczere \u00e7ok iste\u011fe ba\u011fl\u0131d\u0131r. D\u00fcz kesme \u00e7antas\u0131, testere di\u015fi kesme \u00e7antas\u0131, d\u00fcz \u00e7anta, yuvarlak k\u00f6\u015fe \u00e7antas\u0131, dokuma \u00e7anta vb.<\/p>","protected":false},"excerpt":{"rendered":"<p>HENAN TOP PACKING MACHINERY CO., LTD provides various powder packing solutions for different powder products. Our professional team will design and manufacture the powder packing equipment according to the properties of the specific powder and other demands. For instance, it refers to the fineness, viscosity, packaging weight, the types of the packaging bag, and so [&hellip;]<\/p>\n","protected":false},"author":1,"featured_media":0,"parent":0,"template":"","tags":[],"product-type":[135],"class_list":["post-5534","product","type-product","status-publish","hentry","product-type-solutions"],"_links":{"self":[{"href":"https:\/\/tianhuipackingmachine.com\/tr\/wp-json\/wp\/v2\/product\/5534","targetHints":{"allow":["GET"]}}],"collection":[{"href":"https:\/\/tianhuipackingmachine.com\/tr\/wp-json\/wp\/v2\/product"}],"about":[{"href":"https:\/\/tianhuipackingmachine.com\/tr\/wp-json\/wp\/v2\/types\/product"}],"author":[{"embeddable":true,"href":"https:\/\/tianhuipackingmachine.com\/tr\/wp-json\/wp\/v2\/users\/1"}],"wp:attachment":[{"href":"https:\/\/tianhuipackingmachine.com\/tr\/wp-json\/wp\/v2\/media?parent=5534"}],"wp:term":[{"taxonomy":"post_tag","embeddable":true,"href":"https:\/\/tianhuipackingmachine.com\/tr\/wp-json\/wp\/v2\/tags?post=5534"},{"taxonomy":"product-type","embeddable":true,"href":"https:\/\/tianhuipackingmachine.com\/tr\/wp-json\/wp\/v2\/product-type?post=5534"}],"curies":[{"name":"wp","href":"https:\/\/api.w.org\/{rel}","templated":true}]}}