{"id":485,"date":"2021-05-13T11:03:45","date_gmt":"2021-05-13T03:03:45","guid":{"rendered":"https:\/\/tianhuipackingmachine.com\/?page_id=485"},"modified":"2022-12-08T10:01:58","modified_gmt":"2022-12-08T02:01:58","slug":"vertical-packaging-machine","status":"publish","type":"product","link":"https:\/\/tianhuipackingmachine.com\/tr\/vertical-packaging-machine\/","title":{"rendered":"Dikey paketleme makinesi"},"content":{"rendered":"<p class=\"translation-block\"><strong>Dikey paketleme makinesi<\/strong> ya da dikey form dolum kapama makinesi, g\u0131da, i\u00e7ecek, ila\u00e7, kimya ve bir\u00e7ok di\u011fer sekt\u00f6rde kullan\u0131labilen yeni bir paketleme makinesidir. \u00d6zellikle s\u0131v\u0131 dikey paketleme makineleri, gran\u00fcl dikey paketleme makineleri ve toz dikey paketleme makineleri i\u00e7erir. Temel yap\u0131 bak\u0131m\u0131ndan hepsi temelde ayn\u0131d\u0131r. Hazne d\u0131\u015f\u0131nda, ilki farkl\u0131 boyutlardaki paketleme malzemeleri i\u00e7in uygundur. Paketleme makinemiz, geli\u015fmi\u015f mikro bilgisayar sistem kontrol teknolojisini benimsemekte olup, g\u00fczel g\u00f6r\u00fcn\u00fcm, y\u00fcksek hassasiyet ve h\u0131zl\u0131 h\u0131z gibi \u00f6zelliklere sahiptir. Farkl\u0131 ihtiya\u00e7lara g\u00f6re \u00f6zelle\u015ftirebiliriz ve sizin i\u00e7in en uygun paketleme makinesini \u00f6nerebiliriz. Ayr\u0131ca, kalite garantilidir ve dikey paketleme makinemize yat\u0131r\u0131m yapmaktan asla pi\u015fman olmayaca\u011f\u0131n\u0131za inan\u0131yoruz.<\/p>    <h2 class=\"has-contrast-color has-text-color wp-block-heading\" id=\"h-different-types-of-vertical-packaging-machine-for-sale\">Sat\u0131l\u0131k farkl\u0131 tipte dikey paketleme makinesi <\/h2>    <p class=\"translation-block\">Se\u00e7im yapabilece\u011finiz d\u00f6rt farkl\u0131 dikey paketleme makinesi sunuyoruz; <a href=\"https:\/\/tianhuipackingmachine.com\/tr\/powder-packing-machine\/\"><strong>toz paketleme makinesi<\/strong><\/a>, <a href=\"https:\/\/tianhuipackingmachine.com\/tr\/granule-packing-machine\/\"><strong>gran\u00fcl paketleme makinesi<\/strong><\/a>, <a href=\"https:\/\/tianhuipackingmachine.com\/tr\/liquid-packing-machine\/\"><strong>s\u0131v\u0131 paketleme makinesi<\/strong><\/a> ve macun paketleme makinesi. \u00c7o\u011fu par\u00e7alar\u0131 ayn\u0131d\u0131r, yaln\u0131zca besleme sistemleri farkl\u0131d\u0131r. Bu nedenle, bir dikey paketleme makinesi sat\u0131n almak istiyorsan\u0131z, size \u00e7e\u015fitli makine t\u00fcrleri sunuyoruz. Ancak farkl\u0131 paketleme makineleri farkl\u0131 uygulamalara sahiptir. Dikey paketleme ekipman\u0131 sat\u0131n almadan \u00f6nce, hangi malzemeyi paketledi\u011finizi, paketleme h\u0131z\u0131n\u0131, b\u00fct\u00e7eyi vb. bize belirtmeniz gerekir. B\u00f6ylece size mevcut durumunuza en uygun makineyi \u00f6nerebiliriz. Ayr\u0131ca \u00f6zelle\u015ftirme hizmetlerini destekliyoruz. Ba\u015far\u0131l\u0131 i\u015finize ba\u015flamak i\u00e7in bug\u00fcn bizimle ileti\u015fime ge\u00e7in. <\/p>    <div class=\"wp-block-columns is-layout-flex wp-container-core-columns-is-layout-28f84493 wp-block-columns-is-layout-flex\"> <div class=\"wp-block-column is-layout-flow wp-block-column-is-layout-flow\"> <figure class=\"wp-block-image size-large\"><img loading=\"lazy\" decoding=\"async\" width=\"600\" height=\"450\" src=\"https:\/\/tianhuipackingmachine.com\/wp-content\/uploads\/2021\/07\/coffee-granule-packing-machine.jpg\" alt=\"kahve gran\u00fcl paketleme makinesi\" class=\"wp-image-1819\" srcset=\"https:\/\/tianhuipackingmachine.com\/wp-content\/uploads\/2021\/07\/coffee-granule-packing-machine.jpg 600w, https:\/\/tianhuipackingmachine.com\/wp-content\/uploads\/2021\/07\/coffee-granule-packing-machine-300x225.jpg 300w\" sizes=\"auto, (max-width: 600px) 100vw, 600px\" \/><figcaption class=\"wp-element-caption\">Kahve Gran\u00fcl Paketleme Makinas\u0131<\/figcaption><\/figure> <\/div>    <div class=\"wp-block-column is-layout-flow wp-block-column-is-layout-flow\"> <p><\/p>    <h3 class=\"has-text-color wp-block-heading\" id=\"h-th-320-granule-packing-machine-parameters\" style=\"color:#ff5200\">TH-320 Gran\u00fcl Paketleme Makinas\u0131 Parametreleri<\/h3>    <ul class=\"wp-block-list\"> <li>\u00c7anta stili: Arka m\u00fch\u00fcr\/\u00fc\u00e7 taraf\u0131 m\u00fch\u00fcr\/d\u00f6rt taraf\u0131 m\u00fch\u00fcr<\/li>    <li>Paketleme h\u0131z\u0131: 32-72 torba\/dakika veya 50-100 torba\/dakika<\/li>    <li>\u00c7anta uzunlu\u011fu: 30-180mm<\/li>    <li>\u00c7anta geni\u015fli\u011fi: 25-145 mm (Eskinin de\u011fi\u015ftirilmesi gerekir)<\/li>    <li>Doldurma aral\u0131\u011f\u0131: 22-220 ml<\/li>    <li>G\u00fc\u00e7 T\u00fcketimi: 1,8 KW<\/li>    <li>A\u011f\u0131rl\u0131k: 250kg<\/li>    <li>Boyutlar: 650*1050*1950mm<\/li>    <li>Karton boyutu: 1100*750*1820mm<\/li>    <li>Not: \u00d6zel servis mevcuttur<\/li> <\/ul> <\/div> <\/div>    <div class=\"wp-block-columns is-layout-flex wp-container-core-columns-is-layout-28f84493 wp-block-columns-is-layout-flex\"> <div class=\"wp-block-column is-layout-flow wp-block-column-is-layout-flow\"> <figure class=\"wp-block-image size-large\"><img loading=\"lazy\" decoding=\"async\" width=\"600\" height=\"450\" src=\"https:\/\/tianhuipackingmachine.com\/wp-content\/uploads\/2021\/06\/powder-pouch-packing-machine-2.jpg\" alt=\"toz kese paketleme makinesi tedarik\u00e7isi\" class=\"wp-image-1351\" srcset=\"https:\/\/tianhuipackingmachine.com\/wp-content\/uploads\/2021\/06\/powder-pouch-packing-machine-2.jpg 600w, https:\/\/tianhuipackingmachine.com\/wp-content\/uploads\/2021\/06\/powder-pouch-packing-machine-2-300x225.jpg 300w\" sizes=\"auto, (max-width: 600px) 100vw, 600px\" \/><figcaption class=\"wp-element-caption\">Toz Kese Paketleme Makinas\u0131<\/figcaption><\/figure> <\/div>    <div class=\"wp-block-column is-layout-flow wp-block-column-is-layout-flow\"> <p><\/p>    <h3 class=\"has-text-color wp-block-heading\" id=\"h-vertical-powder-packing-machine-parameters\" style=\"color:#ff5200\">Dikey toz paketleme makinesi parametreleri <\/h3>    <ul class=\"wp-block-list\"> <li>Ambalaj stili (\u00c7anta stili): 3 tarafl\u0131 conta \/ arka conta \/ 4 tarafl\u0131 conta<\/li>    <li>Paketleme h\u0131z\u0131: 20-80 torba\/dak<\/li>    <li>G\u00fc\u00e7 T\u00fcketimi: 1.8kw<\/li>    <li>G\u00fc\u00e7 T\u00fcketimi: 1.8kw<\/li>    <li>A\u011f\u0131rl\u0131k: 250 kg<\/li>    <li>Boyutlar: 650*1050*1950mm<\/li>    <li>Ambalaj a\u011f\u0131rl\u0131\u011f\u0131: 0-100g<\/li>    <li>Torba geni\u015fli\u011fi: 20-150 mm (eski torbay\u0131 de\u011fi\u015ftirin)<\/li>    <li>\u00c7anta uzunlu\u011fu: 30-180mm ayarlama<\/li>    <li>Not: \u00f6zel servis mevcut<\/li> <\/ul> <\/div> <\/div>    <div class=\"wp-block-columns is-layout-flex wp-container-core-columns-is-layout-28f84493 wp-block-columns-is-layout-flex\"> <div class=\"wp-block-column is-layout-flow wp-block-column-is-layout-flow\"> <figure class=\"wp-block-image size-large\"><img loading=\"lazy\" decoding=\"async\" width=\"600\" height=\"450\" src=\"https:\/\/tianhuipackingmachine.com\/wp-content\/uploads\/2021\/05\/TH-liquid-packaging-machine.jpg\" alt=\"s\u0131v\u0131 paketleme makinesi\" class=\"wp-image-721\" srcset=\"https:\/\/tianhuipackingmachine.com\/wp-content\/uploads\/2021\/05\/TH-liquid-packaging-machine.jpg 600w, https:\/\/tianhuipackingmachine.com\/wp-content\/uploads\/2021\/05\/TH-liquid-packaging-machine-300x225.jpg 300w\" sizes=\"auto, (max-width: 600px) 100vw, 600px\" \/><figcaption class=\"wp-element-caption\">Dikey S\u0131v\u0131 Paketleme Makinas\u0131<\/figcaption><\/figure> <\/div>    <div class=\"wp-block-column is-layout-flow wp-block-column-is-layout-flow\"> <p><\/p>    <h3 class=\"has-text-color wp-block-heading\" id=\"h-vertical-liquid-packing-machine-parameters\" style=\"color:#ff5200\">Dikey s\u0131v\u0131 paketleme makinesi parametreleri <\/h3>    <ul class=\"wp-block-list\"> <li>\u00c7anta uzunlu\u011fu: 80-300mm(L)<\/li>    <li>\u00c7anta geni\u015fli\u011fi: 50-200mm(W)<\/li>    <li>Paketleme h\u0131z\u0131: 5-30 torba\/dak<\/li>    <li>\u00d6l\u00e7\u00fcm aral\u0131\u011f\u0131: 5-1000ml<\/li>    <li>Hava t\u00fcketimi: 0,65mpa<\/li>    <li>Gaz t\u00fcketimi: 0,3m\u00b3\/dak<\/li>    <li>Gerilim: 220V<\/li>    <li>G\u00fc\u00e7 :2.2KW<\/li>    <li>Boyut:(U)1320mm\u00d7(G)950mm\u00d7(Y)1360mm<\/li>    <li>A\u011f\u0131rl\u0131k :540Kg<\/li>    <li>Not: \u00d6zel mevcut<\/li> <\/ul> <\/div> <\/div>    <div class=\"wp-block-columns is-layout-flex wp-container-core-columns-is-layout-28f84493 wp-block-columns-is-layout-flex\"> <div class=\"wp-block-column is-layout-flow wp-block-column-is-layout-flow\"> <figure class=\"wp-block-image size-large\"><a href=\"https:\/\/tianhuipackingmachine.com\/tr\/candy-packaging-machine\/\"><img loading=\"lazy\" decoding=\"async\" width=\"600\" height=\"450\" src=\"https:\/\/tianhuipackingmachine.com\/wp-content\/uploads\/2021\/06\/multi-head-weigher-candy-packaging-machine.jpg\" alt=\"\u00e7ok kafal\u0131 kantar \u015feker paketleme makinesi\" class=\"wp-image-1338\" srcset=\"https:\/\/tianhuipackingmachine.com\/wp-content\/uploads\/2021\/06\/multi-head-weigher-candy-packaging-machine.jpg 600w, https:\/\/tianhuipackingmachine.com\/wp-content\/uploads\/2021\/06\/multi-head-weigher-candy-packaging-machine-300x225.jpg 300w\" sizes=\"auto, (max-width: 600px) 100vw, 600px\" \/><\/a><figcaption class=\"wp-element-caption\">\u00c7ok Kafal\u0131 Terazi \u015eeker Paketleme Makinas\u0131<\/figcaption><\/figure> <\/div>    <div class=\"wp-block-column is-layout-flow wp-block-column-is-layout-flow\"> <h3 class=\"has-text-color wp-block-heading\" id=\"h-tz-520-multi-head-weigher-packaging-machine-parameters\" style=\"color:#ff5200\">TZ-520 \u00c7ok kafal\u0131 kantar paketleme makinesi parametreleri<\/h3>    <ul class=\"wp-block-list\"> <li>Film geni\u015fli\u011fi: Maks.520<\/li>    <li>Torba uzunlu\u011fu (mm): 80-350<\/li>    <li>\u00c7anta geni\u015fli\u011fi (mm): 100-250<\/li>    <li>Film \u00e7ap\u0131 (mm): Maks.320<\/li>    <li>Paketleme h\u0131z\u0131 (P\/dak): 5-60<\/li>    <li>\u00d6l\u00e7\u00fcm aral\u0131\u011f\u0131: 2000<\/li>    <li>G\u00fc\u00e7(220v 50\/60HZ):3KW<\/li>    <li>Boyut (mm): 1488*1080*1490<\/li>    <li>Not: OEM servisi mevcuttur<\/li> <\/ul> <\/div> <\/div>    <h2 class=\"has-contrast-color has-text-color wp-block-heading\" id=\"h-features-of-henan-top-vertical-form-filling-sealing-machine\">Henan Top dikey form dolum kapatma makinesinin \u00f6zellikleri <\/h2>    <ul class=\"wp-block-list\"> <li>Y\u00fcksek hassasiyetli yap\u0131, kolay kullan\u0131m ve bak\u0131m;<\/li>    <li>304 paslanmaz \u00e7elik yap\u0131m\u0131na uygun olmayan yaylar ve kesiciler hari\u00e7 makinenin tamam\u0131 304 paslanmaz \u00e7elikten imal edilmi\u015ftir;<\/li>    <li>Torba yap\u0131m\u0131, \u00f6l\u00e7\u00fcm, kesme, m\u00fch\u00fcrleme, dilme, sayma ve di\u011fer i\u015flevleri otomatik olarak tamamlayabilir ve m\u00fc\u015fteri gereksinimlerine g\u00f6re parti numaralar\u0131n\u0131 yazd\u0131rabilir;<\/li>    <li>G\u00fc\u00e7l\u00fc uygulanabilirlik ve geni\u015f uygulamalar;<\/li>    <li>Torba uzunlu\u011funu kontrol etmek i\u00e7in geli\u015fmi\u015f bir mikrobilgisayar denetleyicisi ve ad\u0131m motorunu benimseyen performans istikrarl\u0131d\u0131r, ayarlama uygundur ve alg\u0131lama do\u011frudur.<\/li> <\/ul>    <h2 class=\"has-contrast-color has-text-color wp-block-heading\" id=\"h-wide-applications-of-vertical-packaging-machine\">Dikey paketleme makinesinin geni\u015f uygulamalar\u0131 <\/h2>    <p class=\"translation-block\"><strong>Dikey paketleme makinesi<\/strong>, <strong><a href=\"https:\/\/tianhuipackingmachine.com\/tr\/popcorn-packaging-machine\/\">patlam\u0131\u015f m\u0131s\u0131r<\/a><\/strong>, tohumlar, kuruyemi\u015fler ve di\u011fer par\u00e7ac\u0131klar gibi \u00e7e\u015fitli malzemelerin paketlenmesi i\u00e7in uygundur veya su, i\u00e7ecekler, ac\u0131 biber ya\u011f\u0131 gibi s\u0131v\u0131 ve macunlar da dahil olmak \u00fczere \u00e7e\u015fitli toz paketleme malzemelerine de uygundur. Kullan\u0131c\u0131lar\u0131n \u00e7e\u015fitli ihtiya\u00e7lar\u0131n\u0131 kar\u015f\u0131layabilir ve geni\u015f bir uygulama yelpazesine sahiptir.<\/p>    <div class=\"wp-block-columns is-layout-flex wp-container-core-columns-is-layout-28f84493 wp-block-columns-is-layout-flex\"> <div class=\"wp-block-column is-layout-flow wp-block-column-is-layout-flow\"> <figure class=\"wp-block-image size-large\"><img loading=\"lazy\" decoding=\"async\" width=\"600\" height=\"450\" src=\"https:\/\/tianhuipackingmachine.com\/wp-content\/uploads\/2021\/07\/applications-of-powder-packaging-machine.jpg\" alt=\"toz paketleme makinesi uygulamalar\u0131\" class=\"wp-image-1742\" srcset=\"https:\/\/tianhuipackingmachine.com\/wp-content\/uploads\/2021\/07\/applications-of-powder-packaging-machine.jpg 600w, https:\/\/tianhuipackingmachine.com\/wp-content\/uploads\/2021\/07\/applications-of-powder-packaging-machine-300x225.jpg 300w\" sizes=\"auto, (max-width: 600px) 100vw, 600px\" \/><figcaption class=\"wp-element-caption\">Toz Paketleme Makinesi Uygulamalar\u0131<\/figcaption><\/figure> <\/div>    <div class=\"wp-block-column is-layout-flow wp-block-column-is-layout-flow\"> <figure class=\"wp-block-image size-large\"><img loading=\"lazy\" decoding=\"async\" width=\"600\" height=\"450\" src=\"https:\/\/tianhuipackingmachine.com\/wp-content\/uploads\/2021\/07\/snacks-packing-equipment-applications.jpg\" alt=\"gran\u00fcl paketleme ekipman\u0131 uygulamalar\u0131\" class=\"wp-image-1712\" srcset=\"https:\/\/tianhuipackingmachine.com\/wp-content\/uploads\/2021\/07\/snacks-packing-equipment-applications.jpg 600w, https:\/\/tianhuipackingmachine.com\/wp-content\/uploads\/2021\/07\/snacks-packing-equipment-applications-300x225.jpg 300w\" sizes=\"auto, (max-width: 600px) 100vw, 600px\" \/><figcaption class=\"wp-element-caption\">Gran\u00fcl Paketleme Ekipmanlar\u0131 Uygulamalar\u0131<\/figcaption><\/figure> <\/div>    <div class=\"wp-block-column is-layout-flow wp-block-column-is-layout-flow\"> <figure class=\"wp-block-image size-large\"><img loading=\"lazy\" decoding=\"async\" width=\"720\" height=\"484\" src=\"https:\/\/tianhuipackingmachine.com\/wp-content\/uploads\/2021\/05\/liquid-packing-products-display.jpg\" alt=\"s\u0131v\u0131 ambalaj \u00fcr\u00fcnleri ekran\u0131\" class=\"wp-image-720\" srcset=\"https:\/\/tianhuipackingmachine.com\/wp-content\/uploads\/2021\/05\/liquid-packing-products-display.jpg 720w, https:\/\/tianhuipackingmachine.com\/wp-content\/uploads\/2021\/05\/liquid-packing-products-display-300x202.jpg 300w, https:\/\/tianhuipackingmachine.com\/wp-content\/uploads\/2021\/05\/liquid-packing-products-display-272x182.jpg 272w\" sizes=\"auto, (max-width: 720px) 100vw, 720px\" \/><figcaption class=\"wp-element-caption\">S\u0131v\u0131 Ambalaj \u00dcr\u00fcnleri Te\u015fhir<\/figcaption><\/figure> <\/div> <\/div>    <h2 class=\"has-contrast-color has-text-color wp-block-heading\" id=\"h-what-is-the-cost-of-vertical-form-packing-equipment\">Dikey form paketleme ekipman\u0131n\u0131n maliyeti nedir? <\/h2>    <p>Piyasa ko\u015fullar\u0131n\u0131n anla\u015f\u0131lmas\u0131na g\u00f6re dikey paketleme makinesinin \u00e7e\u015fitli stilleri vard\u0131r ve fiyat\u0131 \u00e7ok farkl\u0131d\u0131r. Bunlar aras\u0131nda dikey paketleme makinesinin fiyat\u0131n\u0131 etkileyen fakt\u00f6rler esas olarak iki husustur: model ve parametreler. Dikey paketleme makinesinin maliyeti esas olarak namlu, eski, kesici ve 304 paslanmaz \u00e7elik malzeme yap\u0131s\u0131 dahil olmak \u00fczere i\u00e7 yap\u0131s\u0131yla ilgilidir ve eski ve kesicinin boyutlar\u0131 farkl\u0131d\u0131r ve \u00fcretim maliyeti farkl\u0131d\u0131r.\u2002<\/p>    <p class=\"translation-block\"><a href=\"https:\/\/tianhuipackingmachine.com\/tr\/about-us\/\"><strong>Henan TOP Machinery<\/strong><\/a>, profesyonel bir paketleme makinesi \u00fcreticisidir. Paketleme makinemizi sat\u0131n ald\u0131\u011f\u0131n\u0131zda, ekipman\u0131n kalitesi garanti alt\u0131ndad\u0131r, ayr\u0131ca sat\u0131\u015f sonras\u0131 hizmet de garanti alt\u0131ndad\u0131r. Elbette, ger\u00e7ek ihtiya\u00e7lar\u0131n\u0131za g\u00f6re en iyi kar\u015f\u0131layan paketleme makinesini de \u00f6nerece\u011fiz. Endi\u015feniz olmas\u0131n, herhangi bir kalite problemi hakk\u0131nda endi\u015felenmeyin.<\/p>    <h2 class=\"has-contrast-color has-text-color wp-block-heading\" id=\"h-vertical-packing-machine-vs-pillow-packing-machine\">Dikey paketleme makinesi vs yast\u0131k paketleme makinesi <\/h2>    <p class=\"translation-block\"><strong>Dikey paketleme makinesi<\/strong>, dikey form dolum kapama makinesi (VFFS makinesi) anlam\u0131na gelir, bobin genellikle makinenin \u00fcst ucundad\u0131r. Bobin, torba yap\u0131c\u0131 taraf\u0131ndan \u015fekillendirilmi\u015f bir paketleme torbas\u0131na d\u00f6n\u00fc\u015ft\u00fcr\u00fcl\u00fcr ve ard\u0131ndan dolum, paketleme ve kapama i\u015flemi ger\u00e7ekle\u015ftirilir. Gran\u00fcller, tozlar, s\u0131v\u0131lar ve macunlar i\u00e7in kullan\u0131labilir. Geni\u015f bir yelpazeye sahiptir ve fabrikada \u00e7ok fazla alan tasarrufu sa\u011flayabilir.<\/p>    <p class=\"translation-block\"><strong>Yast\u0131k paketleme makinesi<\/strong>, yatay form dolum kapama makinesi (HFFS makinesi) anlam\u0131na gelir, paketlenmi\u015f \u00fcr\u00fcnler, konvey\u00f6r taraf\u0131ndan film giri\u015fine yatay olarak ta\u015f\u0131n\u0131r (bu s\u0131rada film zaten torba yap\u0131c\u0131 taraf\u0131ndan silindirik hale getirilmi\u015ftir ve paketlenmi\u015f \u00fcr\u00fcnler silindirik paketleme malzemesine girecektir) ve ard\u0131ndan \u0131s\u0131 iletimi, pompalama veya aspirasyon, kesme vb. s\u00fcre\u00e7leri ile paketleme tamamlan\u0131r. Ekmek, \u00e7ikolata, bisk\u00fcvi, instant noodle gibi yiyecekler, yast\u0131k paketleme makineleri ile paketlenmektedir. Dikey paketleme ile kar\u015f\u0131la\u015ft\u0131r\u0131ld\u0131\u011f\u0131nda, <a href=\"https:\/\/tianhuipackingmachine.com\/tr\/pillow-packing-machine\/\"><strong>Yast\u0131k paketleme ekipman\u0131<\/strong><\/a>, genellikle bloklar, kay\u0131\u015flar ve toplar gibi nispeten \u015f\u0131k bireysel \u00fcr\u00fcnleri veya entegre \u00fcr\u00fcnleri paketlemek i\u00e7in kullan\u0131l\u0131r.&nbsp;<\/p>    <div class=\"wp-block-columns is-layout-flex wp-container-core-columns-is-layout-28f84493 wp-block-columns-is-layout-flex\"> <div class=\"wp-block-column is-layout-flow wp-block-column-is-layout-flow\"> <figure class=\"wp-block-image size-large\"><img loading=\"lazy\" decoding=\"async\" width=\"600\" height=\"450\" src=\"https:\/\/tianhuipackingmachine.com\/wp-content\/uploads\/2021\/07\/vertical-packing-machines-in-stock.jpg\" alt=\"stoklar\u0131m\u0131zda dikey paketleme makineleri\" class=\"wp-image-1825\" srcset=\"https:\/\/tianhuipackingmachine.com\/wp-content\/uploads\/2021\/07\/vertical-packing-machines-in-stock.jpg 600w, https:\/\/tianhuipackingmachine.com\/wp-content\/uploads\/2021\/07\/vertical-packing-machines-in-stock-300x225.jpg 300w\" sizes=\"auto, (max-width: 600px) 100vw, 600px\" \/><figcaption class=\"wp-element-caption\">Stokta Dikey Paketleme Makinalar\u0131<\/figcaption><\/figure> <\/div>    <div class=\"wp-block-column is-layout-flow wp-block-column-is-layout-flow\"> <figure class=\"wp-block-image size-large\"><img loading=\"lazy\" decoding=\"async\" width=\"600\" height=\"450\" src=\"https:\/\/tianhuipackingmachine.com\/wp-content\/uploads\/2021\/07\/pillow-packaging-machine-in-stock.jpg\" alt=\"yast\u0131k paketleme makinesi stoklar\u0131m\u0131zda\" class=\"wp-image-1770\" srcset=\"https:\/\/tianhuipackingmachine.com\/wp-content\/uploads\/2021\/07\/pillow-packaging-machine-in-stock.jpg 600w, https:\/\/tianhuipackingmachine.com\/wp-content\/uploads\/2021\/07\/pillow-packaging-machine-in-stock-300x225.jpg 300w\" sizes=\"auto, (max-width: 600px) 100vw, 600px\" \/><figcaption class=\"wp-element-caption\">Yast\u0131k Paketleme Makinas\u0131 Stokta Var<\/figcaption><\/figure> <\/div> <\/div>    <h2 class=\"has-contrast-color has-text-color wp-block-heading\" id=\"h-how-to-choose-a-reliable-vertical-packing-machine-manufacturer\">G\u00fcvenilir bir dikey paketleme makinesi \u00fcreticisi nas\u0131l se\u00e7ilir? <\/h2>    <p>Muhtemelen \u00fcr\u00fcnleri sat\u0131n al\u0131rken \u00e7e\u015fitli konulardan da olduk\u00e7a endi\u015feleniyorsunuz, bu nedenle g\u00fcvenilir bir paketleme makinesi \u00fcreticisini se\u00e7mek size b\u00fcy\u00fck kolayl\u0131k sa\u011flayabilir. G\u00fcvenilir bir \u00fcretici se\u00e7erken a\u015fa\u011f\u0131daki noktalar\u0131 g\u00f6z \u00f6n\u00fcnde bulundurabilirsiniz:<\/p>    <p>1. Her \u015feyden \u00f6nce y\u00fcksek maliyet performans\u0131 ilk prensibimizdir. Bir paketleme makinesi \u00fcreticisi se\u00e7erken, d\u00fc\u015f\u00fck enerji t\u00fcketimi, d\u00fc\u015f\u00fck manuel \u00e7al\u0131\u015fma ve d\u00fc\u015f\u00fck at\u0131k oran\u0131 elde etmek amac\u0131yla paketlemenin daha h\u0131zl\u0131 ve daha istikrarl\u0131 olabilmesi i\u00e7in olgun \u00fcretim teknolojisine ve istikrarl\u0131 kaliteye sahip bir \u00fcretici se\u00e7meye dikkat etmeliyiz. ;<\/p>    <p>2. Sat\u0131\u015f sonras\u0131 hizmet a\u00e7\u0131s\u0131ndan iyi bir itibara sahip olmak i\u00e7in \u201c\u00e7evrede\u201d se\u00e7imini yapmak gerekir. Sat\u0131\u015f sonras\u0131 hizmetin garanti edildi\u011finden emin olmak i\u00e7in zaman\u0131nda sat\u0131\u015f sonras\u0131 hizmet;<\/p>    <p>3. Sekt\u00f6r\u00fcn g\u00fcvendi\u011fi paketleme makinesine \u00f6ncelik verilebilir ve \u00fcretici mi yoksa ticaret \u015firketi mi oldu\u011fu ay\u0131rt edilmelidir;<\/p>    <p>4. Profesyonel \u00f6zel tasar\u0131m \u00fcreticileri ar\u0131yoruz. Montaj hatt\u0131n\u0131n tasar\u0131m\u0131n\u0131 \u00fcr\u00fcn \u00f6zelliklerine, ambalaj filmi malzemelerine ve saha ko\u015fullar\u0131na g\u00f6re \u00f6zelle\u015ftirebilir ve \u00fcretim hatt\u0131 olgun ve eksiksizdir.<\/p>    <p class=\"translation-block\">Henan TOP Machinery \u015eirketi, <a href=\"https:\/\/tianhuipackingmachine.com\/tr\/\"><strong>profesyonel bir paketleme makinesi fabrikas\u0131d\u0131r<\/strong><\/a>. Y\u0131llard\u0131r paketleme makinesi \u00fcretim sekt\u00f6r\u00fcnde faaliyet g\u00f6stermekteyiz. \u00dcr\u00fcnlerimiz d\u00fcnya genelinde m\u00fc\u015fteriler taraf\u0131ndan sevilmektedir. Ve g\u00fcveninizi hak ediyoruz!<\/p>    <h2 class=\"has-contrast-color has-text-color wp-block-heading\" id=\"h-tips-to-choose-a-correct-vertical-form-filling-sealing-machine\">Do\u011fru dikey form dolum kapatma makinesini se\u00e7mek i\u00e7in ipu\u00e7lar\u0131<\/h2>    <p>Bir\u00e7ok al\u0131c\u0131 acemi al\u0131c\u0131lard\u0131r ve dikey paketleme makinesinin nas\u0131l sat\u0131n al\u0131naca\u011f\u0131n\u0131 bilmiyorlar, bu nedenle paketleme makinesi plan\u0131 hakk\u0131nda bilgi al\u0131rken l\u00fctfen a\u015fa\u011f\u0131daki \u00f6nemli bilgileri bize bildirin, b\u00f6ylece i\u015fletmenize uygun paketleme \u00e7\u00f6z\u00fcmleri sunabiliriz. \u015eema referans\u0131n\u0131z ve se\u00e7iminiz i\u00e7indir:<\/p>    <p>1. Paketlemeniz gereken malzemeler nelerdir?<\/p>    <p>2. Ne t\u00fcr bir \u00e7antaya ihtiya\u00e7 var? (Arkadan m\u00fch\u00fcrl\u00fc torba, \u00fc\u00e7 taraf\u0131 m\u00fch\u00fcrl\u00fc, d\u00f6rt taraf\u0131 m\u00fch\u00fcrl\u00fc veya ba\u015fka bir \u015fey)<\/p>    <p>3. Birden fazla paket mi paketlemeniz gerekiyor? Veya ka\u00e7 adet\/paket?<\/p>    <p>4. \u00dcretim tarihini yazd\u0131rmam gerekiyor mu?<\/p>    <p>5. G\u00f6vde i\u00e7in herhangi bir gereksinim var m\u0131? T\u00fcm paslanmaz \u00e7elik g\u00f6vdeler gerekli mi? Yoksa malzemeye temas eden k\u0131s\u0131m paslanmaz \u00e7elik g\u00f6vdeden mi yap\u0131lmal\u0131?<\/p>    <p>6. \u00d6l\u00e7\u00fcm do\u011frulu\u011fu y\u00fcksek mi? (Otomatik paketleme makinesi i\u00e7in)<\/p>    <h2 class=\"has-contrast-color has-text-color wp-block-heading\" id=\"h-contact-us-today-for-the-best-price\">En iyi fiyat i\u00e7in bug\u00fcn bizimle ileti\u015fime ge\u00e7in <\/h2>    <p class=\"translation-block\">Fabrikam\u0131z taraf\u0131ndan sat\u0131lan <strong>Dikey paketleme makinesi<\/strong>, iyi performansa ve kesinlikle m\u00fckemmel bir sat\u0131\u015f sonras\u0131 hizmete sahiptir. Ayr\u0131ca, daha d\u00fc\u015f\u00fck i\u015fletme maliyetleri ve fabrika fiyatlar\u0131 sunar, ayr\u0131ca tesis alan\u0131n\u0131z\u0131 da tasarruf ettirir ve basit ve verimli bir i\u015fletim sa\u011flar, bu nedenle kaliteli bir dikey paketleme makinesi se\u00e7mek i\u015finize b\u00fcy\u00fck fayda sa\u011flayabilir. Ayr\u0131ca, yast\u0131k paketleme makineleri, <a href=\"https:\/\/tianhuipackingmachine.com\/tr\/vacuum-packaging-machine\/\"><strong>vakum paketleme makinesi<\/strong><\/a> gibi di\u011fer farkl\u0131 paketleme makinesi t\u00fcrlerini de sunuyoruz. Bug\u00fcn bizimle ileti\u015fime ge\u00e7mekten memnuniyet duyar\u0131z ve sizden haber almay\u0131 d\u00f6rt g\u00f6zle bekliyoruz.<\/p>","protected":false},"excerpt":{"rendered":"<p>Vertical packaging machine&nbsp;or vertical form fill seal machine is a new type of packaging machine that can be used in food, beverage, medicine, chemical, and many other industries.&nbsp;It&nbsp;mainly includes liquid vertical packaging machines, granule&nbsp;vertical packaging machines, and powder vertical packaging machines. They are all basically the same in the main structure. Except for the hopper, [&hellip;]<\/p>\n","protected":false},"author":1,"featured_media":1819,"parent":0,"template":"","tags":[199],"product-type":[145],"class_list":["post-485","product","type-product","status-publish","has-post-thumbnail","hentry","tag-vertical-packing-machine","product-type-other-products"],"_links":{"self":[{"href":"https:\/\/tianhuipackingmachine.com\/tr\/wp-json\/wp\/v2\/product\/485","targetHints":{"allow":["GET"]}}],"collection":[{"href":"https:\/\/tianhuipackingmachine.com\/tr\/wp-json\/wp\/v2\/product"}],"about":[{"href":"https:\/\/tianhuipackingmachine.com\/tr\/wp-json\/wp\/v2\/types\/product"}],"author":[{"embeddable":true,"href":"https:\/\/tianhuipackingmachine.com\/tr\/wp-json\/wp\/v2\/users\/1"}],"wp:featuredmedia":[{"embeddable":true,"href":"https:\/\/tianhuipackingmachine.com\/tr\/wp-json\/wp\/v2\/media\/1819"}],"wp:attachment":[{"href":"https:\/\/tianhuipackingmachine.com\/tr\/wp-json\/wp\/v2\/media?parent=485"}],"wp:term":[{"taxonomy":"post_tag","embeddable":true,"href":"https:\/\/tianhuipackingmachine.com\/tr\/wp-json\/wp\/v2\/tags?post=485"},{"taxonomy":"product-type","embeddable":true,"href":"https:\/\/tianhuipackingmachine.com\/tr\/wp-json\/wp\/v2\/product-type?post=485"}],"curies":[{"name":"wp","href":"https:\/\/api.w.org\/{rel}","templated":true}]}}