{"id":4793,"date":"2022-01-12T09:55:21","date_gmt":"2022-01-12T01:55:21","guid":{"rendered":"https:\/\/tianhuipackingmachine.com\/?page_id=4793"},"modified":"2023-12-22T15:04:45","modified_gmt":"2023-12-22T07:04:45","slug":"counting-packing-machine","status":"publish","type":"product","link":"https:\/\/tianhuipackingmachine.com\/tr\/counting-packing-machine\/","title":{"rendered":"Sayma paketleme makinesi"},"content":{"rendered":"<p class=\"translation-block\"><strong>Sayma paketleme makinesi<\/strong>, farkl\u0131 say\u0131da hazne besleyici e\u015fle\u015ftirilerek tek \u00e7e\u015fit veya birka\u00e7 \u00e7e\u015fit k\u00fc\u00e7\u00fck par\u00e7a paketlemesi i\u00e7in uygundur. Ana olarak bir sayma sisteminden ve bir paketleme sisteminden olu\u015fur. Sayma sisteminin iki t\u00fcr\u00fc vard\u0131r. Biri k\u0131z\u0131l\u00f6tesi \u0131\u015f\u0131n ind\u00fcksiyon sens\u00f6r\u00fcd\u00fcr ve di\u011feri torba ba\u015f\u0131na belirli bir say\u0131 i\u00e7in \u00f6zelle\u015ftirilmi\u015f bir cihazd\u0131r. Paketleme sistemi, torba yap\u0131m\u0131, doldurma, s\u0131zd\u0131rmazl\u0131k ve kesme i\u015flemlerini otomatik olarak tamamlayabilir. Y\u00fcksek otomasyon, zeka, verimlilik, hassasiyet ve benzeri avantajlara sahiptir. Sayma besleyici, nesnelerin boyutuna ve say\u0131s\u0131na g\u00f6re \u00f6zelle\u015ftirilir. Paketleme h\u0131z\u0131n\u0131 art\u0131rmak veya farkl\u0131 t\u00fcrde malzemeleri tek bir torbaya paketlemek istiyorsan\u0131z, titre\u015fimli besleyiciler eklemek iyi bir fikirdir.<\/p>    <figure class=\"wp-block-image aligncenter size-large\"><img loading=\"lazy\" decoding=\"async\" width=\"667\" height=\"500\" src=\"https:\/\/tianhuipackingmachine.com\/wp-content\/uploads\/2022\/01\/counting-packaging-machine-667x500.webp\" alt=\"sayma paketleme makinesi\" class=\"wp-image-6525\" srcset=\"https:\/\/tianhuipackingmachine.com\/wp-content\/uploads\/2022\/01\/counting-packaging-machine-667x500.webp 667w, https:\/\/tianhuipackingmachine.com\/wp-content\/uploads\/2022\/01\/counting-packaging-machine-480x360.webp 480w, https:\/\/tianhuipackingmachine.com\/wp-content\/uploads\/2022\/01\/counting-packaging-machine.webp 720w\" sizes=\"auto, (max-width: 667px) 100vw, 667px\" \/><figcaption class=\"wp-element-caption\">Sayma Paketleme Makinas\u0131<\/figcaption><\/figure>    <h2 class=\"wp-block-heading\" id=\"h-what-are-the-characteristics-of-the-counting-packing-machine\">Sayma paketleme makinesinin \u00f6zellikleri nelerdir?<\/h2>    <ol class=\"wp-block-list\"> <li>Basit yap\u0131, kurulumu, \u00e7al\u0131\u015ft\u0131rmas\u0131 ve bak\u0131m\u0131 kolay<\/li>    <li>Paketleme etkisi m\u00fckemmel, \u0131s\u0131yla s\u0131k\u0131, d\u00fczg\u00fcn ve d\u00fczg\u00fcn bir \u015fekilde kapat\u0131l\u0131yor<\/li>    <li>Y\u00fcksek \u00fcretim h\u0131z\u0131, kalitesi, verimlili\u011fi ve dayan\u0131kl\u0131l\u0131\u011f\u0131,<\/li>    <li>\u00c7ivi paketleme makinesi, \u00e7e\u015fitli ilgili \u00e7al\u0131\u015fma verilerini ayarlamaya uygun bir PLC kontrol ekran\u0131 kullan\u0131r.<\/li>    <li>Par\u00e7alara g\u00f6re \u00f6zelle\u015ftirilmi\u015f vida besleme diski, teker teker torbaya doldurulur<\/li>    <li>Kesicinin etraf\u0131ndaki kapak gibi tehlikeli par\u00e7alar i\u00e7in g\u00fcvenlik koruma cihaz\u0131yla donat\u0131lm\u0131\u015f olun.<\/li>    <li>Titre\u015fimli besleme tasar\u0131m\u0131, malzemelerin otomatik olarak say\u0131lmak \u00fczere s\u0131raya girmesini sa\u011flar<\/li>    <li>M\u00fc\u015fterinin ihtiya\u00e7lar\u0131na g\u00f6re farkl\u0131 say\u0131da vidal\u0131 kase besleyiciyle e\u015fle\u015febilir.<\/li>    <li>Tarih yaz\u0131c\u0131s\u0131, etiketleme makinesi, \u00e7\u0131k\u0131\u015f konvey\u00f6r\u00fc ve di\u011fer destekleyici cihazlarla e\u015fle\u015febilir.<\/li> <\/ol>    <figure class=\"wp-block-gallery has-nested-images columns-default is-cropped wp-block-gallery-2 is-layout-flex wp-block-gallery-is-layout-flex\"> <figure class=\"wp-block-image size-large\"><img loading=\"lazy\" decoding=\"async\" width=\"667\" height=\"500\" data-id=\"6529\" src=\"https:\/\/tianhuipackingmachine.com\/wp-content\/uploads\/2022\/01\/multiple-feeder-of-counting-packing-machine-667x500.webp\" alt=\"sayma paketleme makinesinin \u00e7oklu besleyicisi\" class=\"wp-image-6529\" srcset=\"https:\/\/tianhuipackingmachine.com\/wp-content\/uploads\/2022\/01\/multiple-feeder-of-counting-packing-machine-667x500.webp 667w, https:\/\/tianhuipackingmachine.com\/wp-content\/uploads\/2022\/01\/multiple-feeder-of-counting-packing-machine-480x360.webp 480w, https:\/\/tianhuipackingmachine.com\/wp-content\/uploads\/2022\/01\/multiple-feeder-of-counting-packing-machine.webp 720w\" sizes=\"auto, (max-width: 667px) 100vw, 667px\" \/><figcaption class=\"wp-element-caption\">Sayma Paketleme Makinas\u0131n\u0131n \u00c7oklu Besleyicisi<\/figcaption><\/figure>    <figure class=\"wp-block-image size-large\"><img loading=\"lazy\" decoding=\"async\" width=\"750\" height=\"500\" data-id=\"4811\" src=\"https:\/\/tianhuipackingmachine.com\/wp-content\/uploads\/2022\/01\/screw-bowl-feeders-750x500.jpg\" alt=\"vidal\u0131 kase besleyiciler\" class=\"wp-image-4811\" srcset=\"https:\/\/tianhuipackingmachine.com\/wp-content\/uploads\/2022\/01\/screw-bowl-feeders.jpg 750w, https:\/\/tianhuipackingmachine.com\/wp-content\/uploads\/2022\/01\/screw-bowl-feeders-480x320.jpg 480w\" sizes=\"auto, (max-width: 750px) 100vw, 750px\" \/><figcaption class=\"wp-element-caption\">Vidal\u0131 Kase Besleyiciler<\/figcaption><\/figure> <\/figure>    <h2 class=\"wp-block-heading\" id=\"h-main-components-of-screw-nail-packing-machine\">Vidal\u0131 \u00e7ivi paketleme makinesinin ana bile\u015fenleri<\/h2>    <p class=\"translation-block\">C\u0131vata paketleme makinesi, vida titre\u015fimli besleyici, ambalaj filmi ta\u015f\u0131ma sistemi, torba yap\u0131c\u0131, kontrol paneli, s\u0131zd\u0131rmazl\u0131k cihaz\u0131, kesici, filmi \u00e7ekmek i\u00e7in \u00e7ift tekerlekler, bir palet ve benzeri bile\u015fenlerden olu\u015fur. Spiral titre\u015fimli besleyici, \u00f6\u011feleri d\u00fczene sokmak i\u00e7in kullan\u0131l\u0131r. <strong><a href=\"https:\/\/tianhuipackingmachine.com\/tr\/chain-bucket-packing-machine\/\">Kova zincirli paketleme makineleri<\/a><\/strong> gibi, farkl\u0131 t\u00fcrde nesneleri tek bir torbaya paketlemek i\u00e7in birden fazla vida besleyiciyi e\u015fle\u015ftirebilir. Ambalaj filmi ta\u015f\u0131ma sistemi, birka\u00e7 silindir ve film \u00e7ekme cihaz\u0131 i\u00e7erir, bu da s\u00fcrekli paketleme i\u00e7in faydal\u0131d\u0131r. PLC dokunmatik ekran, \u0131s\u0131 s\u0131zd\u0131rmazl\u0131k cihaz\u0131 ekran\u0131, acil durum d\u00fc\u011fmesi ve ba\u015flatma ve durdurma anahtar\u0131 kontrol panelinde bulunur. Di\u011fer paketleme makinelerine benzer \u015fekilde, yatay s\u0131zd\u0131rmazl\u0131k ve u\u00e7 s\u0131zd\u0131rmazl\u0131k ve kesme cihazlar\u0131 ile donat\u0131lm\u0131\u015ft\u0131r. Nihai \u00fcr\u00fcn\u00fc korumak i\u00e7in ekipman\u0131n alt\u0131nda bir palet bulunur. Ayr\u0131ca, bir\u00e7ok m\u00fc\u015fteri paletin alt\u0131na bir \u00e7\u0131k\u0131\u015f konvey\u00f6r\u00fc e\u015fle\u015ftirir. <\/p>    <h2 class=\"wp-block-heading\" id=\"h-wide-applications-of-counting-and-packaging-equipment\">Sayma ve paketleme ekipmanlar\u0131n\u0131n geni\u015f uygulamalar\u0131<\/h2>    <p class=\"translation-block\">Vida besleyicili sayma paketleme makinesi, \u00e7e\u015fitli g\u0131da d\u0131\u015f\u0131 ve g\u0131da end\u00fcstrilerinde kullan\u0131l\u0131r. Yayg\u0131n paketlenen \u00f6\u011feler aras\u0131nda ba\u011flant\u0131 eleman\u0131 kiti, mobilya ah\u015fap vidas\u0131, plastik d\u00fcbel, <a href=\"https:\/\/en.wikipedia.org\/wiki\/Bolt_(fastener)\" target=\"_blank\" rel=\"noopener\">c\u0131vata<\/a>, plastik \u015fi\u015fe kapa\u011f\u0131, kau\u00e7uk O-ring, donan\u0131m, biblolar, pul, \u00e7ivi, k\u00fc\u00e7\u00fck aksesuarlar, oyuncaklar, yap\u0131 bloklar\u0131, d\u00fc\u011fme, ila\u00e7, \u015feker, s\u00fct tableti, somun ve di\u011fer k\u00fc\u00e7\u00fck \u00f6\u011feler vb. bulunur.<\/p>    <figure class=\"wp-block-gallery has-nested-images columns-default is-cropped wp-block-gallery-3 is-layout-flex wp-block-gallery-is-layout-flex\"> <figure class=\"wp-block-image size-large\"><img loading=\"lazy\" decoding=\"async\" width=\"750\" height=\"500\" data-id=\"4808\" src=\"https:\/\/tianhuipackingmachine.com\/wp-content\/uploads\/2022\/01\/widely-applicable-raw-material-750x500.jpg\" alt=\"yayg\u0131n olarak uygulanabilir hammadde\" class=\"wp-image-4808\" srcset=\"https:\/\/tianhuipackingmachine.com\/wp-content\/uploads\/2022\/01\/widely-applicable-raw-material.jpg 750w, https:\/\/tianhuipackingmachine.com\/wp-content\/uploads\/2022\/01\/widely-applicable-raw-material-480x320.jpg 480w\" sizes=\"auto, (max-width: 750px) 100vw, 750px\" \/><figcaption class=\"wp-element-caption\">Yayg\u0131n Olarak Uygulanabilir Hammadde<\/figcaption><\/figure>    <figure class=\"wp-block-image size-large\"><img loading=\"lazy\" decoding=\"async\" width=\"750\" height=\"500\" data-id=\"4807\" src=\"https:\/\/tianhuipackingmachine.com\/wp-content\/uploads\/2022\/01\/fastener-parts-packaging-effect-750x500.jpg\" alt=\"ba\u011flant\u0131 eleman\u0131 par\u00e7alar\u0131 paketleme etkisi\" class=\"wp-image-4807\" srcset=\"https:\/\/tianhuipackingmachine.com\/wp-content\/uploads\/2022\/01\/fastener-parts-packaging-effect.jpg 750w, https:\/\/tianhuipackingmachine.com\/wp-content\/uploads\/2022\/01\/fastener-parts-packaging-effect-480x320.jpg 480w\" sizes=\"auto, (max-width: 750px) 100vw, 750px\" \/><figcaption class=\"wp-element-caption\">Ba\u011flant\u0131 Eleman\u0131 Par\u00e7alar\u0131 Paketleme Etkisi<\/figcaption><\/figure> <\/figure>    <h2 class=\"wp-block-heading\" id=\"h-how-does-the-hardware-counting-packing-machine-work\">Donan\u0131m sayma paketleme makinesi nas\u0131l \u00e7al\u0131\u015f\u0131r?<\/h2>    <ol class=\"wp-block-list\"> <li>Otomatik say\u0131ml\u0131 paketleme makinesinin her bir par\u00e7as\u0131n\u0131 tak\u0131n ve g\u00fcce ba\u011flay\u0131n.<\/li>    <li>Ambalaj filminin tak\u0131ld\u0131\u011f\u0131ndan emin olun ve ambalaj nesnelerini titre\u015fimli besleyiciye yerle\u015ftirin.<\/li>    <li>Dil kullan\u0131m\u0131, torba uzunlu\u011fu, yap\u0131\u015ft\u0131rma s\u0131cakl\u0131\u011f\u0131 vb. gibi paketleme parametrelerini kontrol panelinde ayarlay\u0131n.<\/li>    <li>Ekipman ba\u015flat\u0131ld\u0131\u011f\u0131nda, ambalaj \u00f6\u011felerinin \u00e7\u0131k\u0131\u015fa ta\u015f\u0131nmas\u0131, ambalaj po\u015fetinin \u015fekillendirilmesi, e\u015fyalar\u0131n po\u015fetlere d\u00f6k\u00fclmesi, kapat\u0131lmas\u0131 ve kesilmesi otomatik olarak tamamlanacakt\u0131r.<\/li>    <li>Dokunmatik ekranda tamamlanan \u00fcr\u00fcnlerin say\u0131s\u0131 g\u00f6r\u00fcnt\u00fclenecektir.<\/li>    <li>\u00c7al\u0131\u015fmay\u0131 bitiriyorsan\u0131z paketleme makinesini kapat\u0131n.<\/li>    <li>D\u00fczenli aral\u0131klarla bunu koruyun.<\/li> <\/ol>    <h2 class=\"wp-block-heading\" id=\"h-automatic-counting-packaging-equipment-working-video\">Otomatik sayma paketleme ekipman\u0131 \u00e7al\u0131\u015fma videosu <\/h2>   <figure class=\"wp-block-embed-youtube wp-block-embed is-type-video is-provider-youtube wp-embed-aspect-16-9 wp-has-aspect-ratio\"><div class=\"lyte-wrapper\" title=\"Otomatik Sayma ve Paketleme Makinas\u0131 | K\u00fc\u00e7\u00fck Par\u00e7alar, Hareware, Vida, S\u00fct Tableti, Bile\u015fenler\" style=\"width:853px;max-width:100%;margin:5px auto;\"><div class=\"lyMe\" id=\"WYL_KaRf02S05d4\" itemprop=\"video\" itemscope itemtype=\"https:\/\/schema.org\/VideoObject\"><div><meta itemprop=\"thumbnailUrl\" content=\"https:\/\/i.ytimg.com\/vi\/KaRf02S05d4\/hqdefault.jpg\" \/><meta itemprop=\"embedURL\" content=\"https:\/\/www.youtube.com\/embed\/KaRf02S05d4\" \/><meta itemprop=\"duration\" content=\"PT3M27S\" \/><meta itemprop=\"uploadDate\" content=\"2022-01-07T05:57:22Z\" \/><\/div><div id=\"lyte_KaRf02S05d4\" data-src=\"https:\/\/i.ytimg.com\/vi\/KaRf02S05d4\/hqdefault.jpg\" class=\"pL\"><div class=\"tC\"><div class=\"tT\" itemprop=\"name\">Otomatik Sayma ve Paketleme Makinas\u0131 | K\u00fc\u00e7\u00fck Par\u00e7alar, Hareware, Vida, S\u00fct Tableti, Bile\u015fenler<\/div><\/div><div class=\"play\"><\/div><div class=\"ctrl\"><div class=\"Lctrl\"><\/div><div class=\"Rctrl\"><\/div><\/div><\/div><noscript><a href=\"https:\/\/youtu.be\/KaRf02S05d4\" rel=\"nofollow noopener\" target=\"_blank\"><img loading=\"lazy\" decoding=\"async\" src=\"https:\/\/i.ytimg.com\/vi\/KaRf02S05d4\/0.jpg\" alt=\"Otomatik Sayma ve Paketleme Makinas\u0131 | K\u00fc\u00e7\u00fck Par\u00e7alar, Hareware, Vida, S\u00fct Tableti, Bile\u015fenler\" width=\"853\" height=\"460\" \/><\/a><\/noscript><meta itemprop=\"description\" content=\"If you are interested in it, welcome to contact us. Website: https:\/\/tianhuipackingmachine.com\/counting-packing-machine\/ Whatsapp\/Tel: +86 17329326135 Email: sales@toppackingmachine.com The automatic counting and packing machine is composed of vibratory feeders counting system and bag packaging system. It applies to small parts, hardware, screw, milk tablet, components, and other granular materials. The number of vibratory feeders depends on the packaging objects and actual requirements for packing speed. Each vibrating tray is customized in accordance with the size of the packaging things. TH-320 granule packing machine: https:\/\/youtu.be\/WL8gU11AWqI Electric vertical packing machine: https:\/\/youtu.be\/7TSMlFBWPOY Four-head weigher packing machine: https:\/\/youtu.be\/m3XHQ9LlhgY Email: sales@toppackingmachine.com Whatsapp\/Tel: +86 17329326135\"><\/div><\/div><div class=\"lL\" style=\"max-width:100%;width:853px;margin:5px auto;\"> <a href=\"https:\/\/youtu.be\/KaRf02S05d4\" target=\"_blank\" rel=\"noopener\">Bu videoyu YouTube'da izleyin<\/a>.<\/div><figcaption><\/figcaption><\/figure>   <h2 class=\"wp-block-heading\" id=\"h-technical-data-of-automatic-counting-packaging-machine\">Otomatik sayma paketleme makinesinin teknik verileri<\/h2>    <figure class=\"wp-block-table is-style-stripes\"><table><tbody><tr><td>Modeli<\/td><td>TH-320<\/td><\/tr><tr><td>G\u00fc\u00e7<\/td><td>220V, 50\/60Hz, 2KW<\/td><\/tr><tr><td>Paketleme h\u0131z\u0131<\/td><td>30-60 torba\/dak<\/td><\/tr><tr><td>\u00c7anta uzunlu\u011fu<\/td><td>50-180mm<\/td><\/tr><tr><td>\u00c7anta geni\u015fli\u011fi<\/td><td>40-150mm<\/td><\/tr><tr><td>Ambalaj filminin maksimum geni\u015fli\u011fi<\/td><td>320 mm<\/td><\/tr><tr><td>A\u011f\u0131rl\u0131k<\/td><td>300kg<\/td><\/tr><tr><td>Boyut<\/td><td>1200*1000*1600mm<\/td><\/tr><\/tbody><\/table><\/figure>    <p>Parametre, standart TH-320 say\u0131m paketleme makinesi i\u00e7in yaln\u0131zca bir referanst\u0131r. Nihai ekipman m\u00fc\u015fterinin gereksinimlerine ba\u011fl\u0131d\u0131r. Ve vidal\u0131 kase besleyicisi genellikle ambalaj\u0131n boyutuna ve torba ba\u015f\u0131na say\u0131ya g\u00f6re \u00f6zelle\u015ftirilmi\u015ftir. <\/p>","protected":false},"excerpt":{"rendered":"<p>Counting packing machine&nbsp;is suitable for single kind or several kinds of small parts packaging by matching different numbers of bowl feeders. It mainly consists of a counting system and a packaging system. The counting system has two types. One is an infrared ray induction sensor, and the other one is a customized device for a [&hellip;]<\/p>\n","protected":false},"author":1,"featured_media":6525,"parent":0,"template":"","tags":[164],"product-type":[136],"class_list":["post-4793","product","type-product","status-publish","has-post-thumbnail","hentry","tag-packing-machine","product-type-granule-packing-machines"],"_links":{"self":[{"href":"https:\/\/tianhuipackingmachine.com\/tr\/wp-json\/wp\/v2\/product\/4793","targetHints":{"allow":["GET"]}}],"collection":[{"href":"https:\/\/tianhuipackingmachine.com\/tr\/wp-json\/wp\/v2\/product"}],"about":[{"href":"https:\/\/tianhuipackingmachine.com\/tr\/wp-json\/wp\/v2\/types\/product"}],"author":[{"embeddable":true,"href":"https:\/\/tianhuipackingmachine.com\/tr\/wp-json\/wp\/v2\/users\/1"}],"wp:featuredmedia":[{"embeddable":true,"href":"https:\/\/tianhuipackingmachine.com\/tr\/wp-json\/wp\/v2\/media\/6525"}],"wp:attachment":[{"href":"https:\/\/tianhuipackingmachine.com\/tr\/wp-json\/wp\/v2\/media?parent=4793"}],"wp:term":[{"taxonomy":"post_tag","embeddable":true,"href":"https:\/\/tianhuipackingmachine.com\/tr\/wp-json\/wp\/v2\/tags?post=4793"},{"taxonomy":"product-type","embeddable":true,"href":"https:\/\/tianhuipackingmachine.com\/tr\/wp-json\/wp\/v2\/product-type?post=4793"}],"curies":[{"name":"wp","href":"https:\/\/api.w.org\/{rel}","templated":true}]}}