{"id":3035,"date":"2021-10-29T17:39:09","date_gmt":"2021-10-29T09:39:09","guid":{"rendered":"https:\/\/tianhuipackingmachine.com\/?page_id=3035"},"modified":"2023-03-17T16:23:44","modified_gmt":"2023-03-17T08:23:44","slug":"food-grinding-machine","status":"publish","type":"product","link":"https:\/\/tianhuipackingmachine.com\/tr\/food-grinding-machine\/","title":{"rendered":"G\u0131da Ta\u015flama Makinesi"},"content":{"rendered":"<p class=\"translation-block\"><strong>G\u0131da \u00f6\u011f\u00fctme makinesi<\/strong> \u00e7e\u015fitli kuru g\u0131dalar i\u00e7in kullan\u0131lan bir \u00f6\u011f\u00fct\u00fcc\u00fcd\u00fcr, bunlar aras\u0131nda tah\u0131llar, pirin\u00e7, soya fasulyesi, \u015feker, biber, baharat, karabiber, otlar, f\u0131st\u0131k vb. bulunmaktad\u0131r. Negatif bas\u0131n\u00e7 ta\u015f\u0131ma, \u00f6\u011f\u00fctme s\u00fcreci s\u0131ras\u0131nda makine bo\u015flu\u011funda olu\u015fan \u0131s\u0131n\u0131n s\u00fcrekli olarak d\u0131\u015far\u0131 at\u0131lmas\u0131n\u0131 sa\u011flar, bu nedenle \u0131s\u0131ya duyarl\u0131 malzemelerin \u00f6\u011f\u00fct\u00fclmesi i\u00e7in de uygundur. Hareketli di\u015fli disk ile sabit di\u015fli tekerlek aras\u0131ndaki nispeten y\u00fcksek h\u0131zl\u0131 i\u015flemle, malzeme di\u015fli disk taraf\u0131ndan darbe, s\u00fcrt\u00fcnme ve birbirleriyle \u00e7arp\u0131\u015fma etkisine maruz kal\u0131r ve toz elde edilir.<\/p>    <h2 class=\"wp-block-heading\" id=\"h-types-of-food-grinding-machine\">Sat\u0131l\u0131k g\u0131da \u00f6\u011f\u00fctme makinesi \u00e7e\u015fitleri<\/h2>    <p class=\"translation-block\"><strong><a href=\"https:\/\/tianhuipackingmachine.com\/tr\/\">Henan Top Packing Machinery<\/a><\/strong>\u2019de sat\u0131l\u0131k kuru g\u0131da \u00f6\u011f\u00fctme makineleri, b\u0131\u00e7ak tipi, \u00e7apraz \u00e7eki\u00e7 tipi, turbo tipi, di\u015fli tipi ve elek tipi dahil olmak \u00fczere \u00e7e\u015fitli modelleri i\u00e7erir. Elek tipleri i\u00e7in 40 mesh, 60 mesh, 80 mesh, 100 mesh ve 120 mesh mevcut. Mesh, in\u00e7 ba\u015f\u0131na delik say\u0131s\u0131n\u0131 ifade eder. In\u00e7 ba\u015f\u0131na mesh say\u0131s\u0131 ne kadar y\u00fcksekse, o kadar fazla delik ve ge\u00e7i\u015f yapan par\u00e7ac\u0131k boyutu o kadar k\u00fc\u00e7\u00fckt\u00fcr. Bu nedenle, daha ince toz elde etmek istiyorsan\u0131z, daha fazla mesh'e sahip elek tipini se\u00e7ebilirsiniz.<\/p>    <figure class=\"wp-block-image aligncenter size-full\"><img loading=\"lazy\" decoding=\"async\" width=\"750\" height=\"500\" src=\"https:\/\/tianhuipackingmachine.com\/wp-content\/uploads\/2021\/10\/grinding-machine-for-food.jpg\" alt=\"g\u0131da i\u00e7in ta\u015flama makinesi\" class=\"wp-image-3036\" srcset=\"https:\/\/tianhuipackingmachine.com\/wp-content\/uploads\/2021\/10\/grinding-machine-for-food.jpg 750w, https:\/\/tianhuipackingmachine.com\/wp-content\/uploads\/2021\/10\/grinding-machine-for-food-300x200.jpg 300w\" sizes=\"auto, (max-width: 750px) 100vw, 750px\" \/><figcaption class=\"wp-element-caption\">G\u0131da \u0130\u00e7in Ta\u015flama Makinesi<\/figcaption><\/figure>    <h2 class=\"wp-block-heading\" id=\"h-food-grinding-machine-working-video\">G\u0131da \u00f6\u011f\u00fctme makinesi \u00e7al\u0131\u015fma videosu <\/h2>   <figure class=\"wp-block-embed-youtube wp-block-embed is-type-video is-provider-youtube wp-embed-aspect-16-9 wp-has-aspect-ratio\"><div class=\"lyte-wrapper\" title=\"Kuru G\u0131da \u00d6\u011f\u00fctme Makinesi | G\u0131da \u00d6\u011f\u00fctme De\u011firmeni Nas\u0131l \u00c7al\u0131\u015f\u0131r? | Sat\u0131l\u0131k G\u0131da \u00d6\u011f\u00fctme Makinesi\" style=\"width:853px;max-width:100%;margin:5px auto;\"><div class=\"lyMe\" id=\"WYL_6Wacp-y2C6A\" itemprop=\"video\" itemscope itemtype=\"https:\/\/schema.org\/VideoObject\"><div><meta itemprop=\"thumbnailUrl\" content=\"https:\/\/i.ytimg.com\/vi\/6Wacp-y2C6A\/hqdefault.jpg\" \/><meta itemprop=\"embedURL\" content=\"https:\/\/www.youtube.com\/embed\/6Wacp-y2C6A\" \/><meta itemprop=\"duration\" content=\"PT3M8S\" \/><meta itemprop=\"uploadDate\" content=\"2021-11-01T05:59:07Z\" \/><\/div><div id=\"lyte_6Wacp-y2C6A\" data-src=\"https:\/\/i.ytimg.com\/vi\/6Wacp-y2C6A\/hqdefault.jpg\" class=\"pL\"><div class=\"tC\"><div class=\"tT\" itemprop=\"name\">Kuru G\u0131da \u00d6\u011f\u00fctme Makinesi | G\u0131da \u00d6\u011f\u00fctme De\u011firmeni Nas\u0131l \u00c7al\u0131\u015f\u0131r? | Sat\u0131l\u0131k G\u0131da \u00d6\u011f\u00fctme Makinesi<\/div><\/div><div class=\"play\"><\/div><div class=\"ctrl\"><div class=\"Lctrl\"><\/div><div class=\"Rctrl\"><\/div><\/div><\/div><noscript><a href=\"https:\/\/youtu.be\/6Wacp-y2C6A\" rel=\"nofollow noopener\" target=\"_blank\"><img loading=\"lazy\" decoding=\"async\" src=\"https:\/\/i.ytimg.com\/vi\/6Wacp-y2C6A\/0.jpg\" alt=\"Kuru G\u0131da \u00d6\u011f\u00fctme Makinesi | G\u0131da \u00d6\u011f\u00fctme De\u011firmeni Nas\u0131l \u00c7al\u0131\u015f\u0131r? | Sat\u0131l\u0131k G\u0131da \u00d6\u011f\u00fctme Makinesi\" width=\"853\" height=\"460\" \/><\/a><\/noscript><meta itemprop=\"description\" content=\"More information here: https:\/\/tianhuipackingmachine.com\/food-grinding-machine\/ sales@toppackingmachine.com Whatsapp\/Tel: +86 17329326135 Dry food grinding machine is suitable for various dry food milling, such as grains, sugar, ginger, chilli, black pepper, bean, rice, seasoning, etc. It has the features of compact structure, reasonable design, simple operation, wide applications, and efficient working. The machine is made of stainless steel, durable and convenient to clean and maintain.\"><\/div><\/div><div class=\"lL\" style=\"max-width:100%;width:853px;margin:5px auto;\"> <a href=\"https:\/\/youtu.be\/6Wacp-y2C6A\" target=\"_blank\" rel=\"noopener\">Bu videoyu YouTube'da izleyin<\/a>.<\/div><figcaption><\/figcaption><\/figure>   <h2 class=\"has-text-color wp-block-heading\" id=\"h-parameters-of-food-grinding-machine\" style=\"color:#ff5200\">G\u0131da \u00f6\u011f\u00fctme makinesinin parametreleri<\/h2>    <figure class=\"wp-block-table is-style-stripes\"><table><tbody><tr><td>modeli<\/td><td>TZ-18<\/td><td>TZ-20<\/td><td>TZ-30<\/td><td>TZ-40<\/td><td>TZ-60<\/td><\/tr><tr><td>\u0130\u015fleme inceli\u011fi<\/td><td>5-120 a\u011f<\/td><td>5-120 a\u011f<\/td><td>5-120 a\u011f<\/td><td>5-120 a\u011f<\/td><td>5-120 a\u011f<\/td><\/tr><tr><td>Kapasite<\/td><td>5-60kg\/saat<\/td><td>6-150kg\/saat<\/td><td>100-200kg\/saat<\/td><td>160-800kg\/saat<\/td><td>500-1500kg\/saat<\/td><\/tr><tr><td>G\u00fc\u00e7<\/td><td>2,2kw\/saat<\/td><td>4kw\/saat<\/td><td>5,5kw\/saat<\/td><td>7,5kw\/saat<\/td><td>15kw\/saat<\/td><\/tr><tr><td>Boyut<\/td><td>550*600*1000mm<\/td><td>550*600*1250mm<\/td><td>600*700*1450mm<\/td><td>800*900*1550mm<\/td><td>1000*900*1680mm<\/td><\/tr><\/tbody><\/table><\/figure>    <h2 class=\"wp-block-heading\" id=\"h-features-of-food-grinder\">G\u0131da \u00f6\u011f\u00fct\u00fcc\u00fc makinesinin \u00f6zellikleri<\/h2>    <ol class=\"wp-block-list\" type=\"1\"> <li>Makul tasar\u0131m, kompakt yap\u0131, basit kullan\u0131m<\/li>    <li>Kararl\u0131 \u00e7al\u0131\u015fma, verimli \u00e7al\u0131\u015fma, y\u00fcksek h\u0131zda ta\u015flama<\/li>    <li>Paslanmaz \u00e7elikten yap\u0131lm\u0131\u015f, dayan\u0131kl\u0131, temizlik ve bak\u0131m i\u00e7in uygun<\/li>    <li>Pirin\u00e7, soya fasulyesi, \u015feker, k\u0131rm\u0131z\u0131 biber, tah\u0131llar, \u00e7e\u015fniler vb. gibi \u00e7e\u015fitli malzemeler i\u00e7in uygundur.<\/li>    <li>Bir\u00e7ok g\u0131da \u00f6\u011f\u00fct\u00fcc\u00fc t\u00fcr\u00fc iste\u011fe ba\u011fl\u0131d\u0131r<\/li> <\/ol>    <h2 class=\"wp-block-heading\" id=\"h-applications-of-grinding-miller\">\u00d6\u011f\u00fctme de\u011firmeni uygulamalar\u0131<\/h2>    <p>Ticari g\u0131da \u00f6\u011f\u00fctme makinesi esas olarak her t\u00fcrl\u00fc tah\u0131l, baharat, k\u00f6kl\u00fc, dall\u0131, blok malzemeli \u00c7in bitkisel ila\u00e7lar\u0131nda ve di\u011fer d\u00fc\u015f\u00fck ya\u011fl\u0131 kuru sert veya k\u0131r\u0131lgan malzemelerde kullan\u0131l\u0131r. Uygulanabilir malzemeler aras\u0131nda fasulye, bu\u011fday, pirin\u00e7, dar\u0131, arpa, siyah pirin\u00e7, karabu\u011fday, sorgum, m\u0131s\u0131r \u00e7ekirde\u011fi, karabiber, k\u0131rm\u0131z\u0131 biber, kakao \u00e7ekirde\u011fi, zencefil, rezene tohumlar\u0131 vb. yer al\u0131r. Ayr\u0131ca kimyasal madde, ila\u00e7 ve pestisit end\u00fcstrilerinde de uygulanabilmektedir.<\/p>    <div class=\"wp-block-columns is-layout-flex wp-container-core-columns-is-layout-28f84493 wp-block-columns-is-layout-flex\"> <div class=\"wp-block-column is-layout-flow wp-block-column-is-layout-flow\"> <figure class=\"wp-block-image size-full\"><img loading=\"lazy\" decoding=\"async\" width=\"750\" height=\"500\" src=\"https:\/\/tianhuipackingmachine.com\/wp-content\/uploads\/2021\/10\/applications-of-food-grinder.jpg\" alt=\"g\u0131da \u00f6\u011f\u00fct\u00fcc\u00fc uygulamalar\u0131\" class=\"wp-image-3039\" srcset=\"https:\/\/tianhuipackingmachine.com\/wp-content\/uploads\/2021\/10\/applications-of-food-grinder.jpg 750w, https:\/\/tianhuipackingmachine.com\/wp-content\/uploads\/2021\/10\/applications-of-food-grinder-300x200.jpg 300w\" sizes=\"auto, (max-width: 750px) 100vw, 750px\" \/><figcaption class=\"wp-element-caption\">G\u0131da \u00d6\u011f\u00fct\u00fcc\u00fc Uygulamalar\u0131<\/figcaption><\/figure> <\/div>    <div class=\"wp-block-column is-layout-flow wp-block-column-is-layout-flow\"> <figure class=\"wp-block-image size-full\"><img loading=\"lazy\" decoding=\"async\" width=\"750\" height=\"500\" src=\"https:\/\/tianhuipackingmachine.com\/wp-content\/uploads\/2021\/10\/food-grinder-applications.jpg\" alt=\"g\u0131da \u00f6\u011f\u00fct\u00fcc\u00fc uygulamalar\u0131\" class=\"wp-image-3040\" srcset=\"https:\/\/tianhuipackingmachine.com\/wp-content\/uploads\/2021\/10\/food-grinder-applications.jpg 750w, https:\/\/tianhuipackingmachine.com\/wp-content\/uploads\/2021\/10\/food-grinder-applications-300x200.jpg 300w\" sizes=\"auto, (max-width: 750px) 100vw, 750px\" \/><figcaption class=\"wp-element-caption\">G\u0131da \u00d6\u011f\u00fct\u00fcc\u00fc Uygulamalar\u0131<\/figcaption><\/figure> <\/div> <\/div>    <h2 class=\"wp-block-heading\" id=\"h-structure-of-food-grinder\">G\u0131da \u00f6\u011f\u00fct\u00fcc\u00fc ekipman\u0131n\u0131n yap\u0131s\u0131<\/h2>    <p>G\u0131da \u00f6\u011f\u00fctme makinesi giri\u015f, h\u0131z ayar cihaz\u0131, kilitleme vidas\u0131, k\u0131rma bo\u015flu\u011fu, anahtar d\u00fc\u011fmesi, \u00e7\u0131k\u0131\u015ftan olu\u015fur. Makineyi kullanmadan \u00f6nce k\u0131rma bo\u015flu\u011funun kapal\u0131 oldu\u011fundan ve vida kilitlemesinin yap\u0131ld\u0131\u011f\u0131ndan emin olunmal\u0131d\u0131r. Ana \u00e7al\u0131\u015fma s\u00fcreci, malzemeyi giri\u015f yoluyla de\u011firmene yerle\u015ftirmek, daha sonra malzeme toz haline getirmek i\u00e7in k\u0131rma bo\u015flu\u011funa akacak ve son olarak \u00e7\u0131k\u0131\u015ftan kar\u015f\u0131l\u0131k gelen tozu alacakt\u0131r. \u00c7\u0131k\u0131\u015fa sabitlemek i\u00e7in temiz bir torba haz\u0131rlasan\u0131z iyi olur, bu sadece tozu kolayca toplamakla kalmaz, ayn\u0131 zamanda \u00e7al\u0131\u015fma alan\u0131n\u0131 daha iyi temiz tutar.<\/p>    <figure class=\"wp-block-image aligncenter size-full\"><img loading=\"lazy\" decoding=\"async\" width=\"750\" height=\"500\" src=\"https:\/\/tianhuipackingmachine.com\/wp-content\/uploads\/2021\/11\/structure-of-grinding-miller.jpg\" alt=\"\u00f6\u011f\u00fctme de\u011firmeninin yap\u0131s\u0131\" class=\"wp-image-3050\" srcset=\"https:\/\/tianhuipackingmachine.com\/wp-content\/uploads\/2021\/11\/structure-of-grinding-miller.jpg 750w, https:\/\/tianhuipackingmachine.com\/wp-content\/uploads\/2021\/11\/structure-of-grinding-miller-300x200.jpg 300w\" sizes=\"auto, (max-width: 750px) 100vw, 750px\" \/><figcaption class=\"wp-element-caption\">\u00d6\u011f\u00fctme De\u011firmeninin Yap\u0131s\u0131<\/figcaption><\/figure>    <h2 class=\"wp-block-heading\" id=\"h-related-machines\">\u0130lgili makineler<\/h2>    <p class=\"translation-block\">G\u0131da \u00f6\u011f\u00fctme ekipman\u0131 yaln\u0131zca tek ba\u015f\u0131na kullan\u0131lmakla kalmaz, ayn\u0131 zamanda bir kar\u0131\u015ft\u0131r\u0131c\u0131 (drum mixer, yatay kar\u0131\u015ft\u0131r\u0131c\u0131 iste\u011fe ba\u011fl\u0131) ile ve <strong><a href=\"https:\/\/tianhuipackingmachine.com\/tr\/powder-packing-machine\/\">toz paketleme makinesi<\/a><\/strong> ile bir araya gelerek tamamen otomatik bir \u00fcretim hatt\u0131 olu\u015fturabilir. Hat, \u00f6\u011f\u00fctme, kar\u0131\u015ft\u0131rma, sarmalama, m\u00fch\u00fcrleme ve sayma s\u00fcre\u00e7lerini tamamlayabilir. E\u011fer ilgileniyorsan\u0131z, daha fazla detay ve en iyi fiyat\u0131 almak i\u00e7in bizimle ileti\u015fime ge\u00e7ebilirsiniz.<\/p>","protected":false},"excerpt":{"rendered":"<p>Food grinding machine&nbsp;is a grinder&nbsp;used for various dry food, like grains, rice, soybean, sugar, chili, spice, black pepper, herbs, peanut, etc. Negative pressure conveying causes the heat generated in the machine cavity to be continuously discharged during the grinding process, so it is also suitable for the milling of heat-sensitive materials. Local using the relatively [&hellip;]<\/p>\n","protected":false},"author":1,"featured_media":3036,"parent":0,"template":"","tags":[203],"product-type":[144],"class_list":["post-3035","product","type-product","status-publish","has-post-thumbnail","hentry","tag-food-grinding-machine","product-type-supporting-equipment"],"_links":{"self":[{"href":"https:\/\/tianhuipackingmachine.com\/tr\/wp-json\/wp\/v2\/product\/3035","targetHints":{"allow":["GET"]}}],"collection":[{"href":"https:\/\/tianhuipackingmachine.com\/tr\/wp-json\/wp\/v2\/product"}],"about":[{"href":"https:\/\/tianhuipackingmachine.com\/tr\/wp-json\/wp\/v2\/types\/product"}],"author":[{"embeddable":true,"href":"https:\/\/tianhuipackingmachine.com\/tr\/wp-json\/wp\/v2\/users\/1"}],"wp:featuredmedia":[{"embeddable":true,"href":"https:\/\/tianhuipackingmachine.com\/tr\/wp-json\/wp\/v2\/media\/3036"}],"wp:attachment":[{"href":"https:\/\/tianhuipackingmachine.com\/tr\/wp-json\/wp\/v2\/media?parent=3035"}],"wp:term":[{"taxonomy":"post_tag","embeddable":true,"href":"https:\/\/tianhuipackingmachine.com\/tr\/wp-json\/wp\/v2\/tags?post=3035"},{"taxonomy":"product-type","embeddable":true,"href":"https:\/\/tianhuipackingmachine.com\/tr\/wp-json\/wp\/v2\/product-type?post=3035"}],"curies":[{"name":"wp","href":"https:\/\/api.w.org\/{rel}","templated":true}]}}