{"id":2876,"date":"2021-10-11T14:28:12","date_gmt":"2021-10-11T06:28:12","guid":{"rendered":"https:\/\/tianhuipackingmachine.com\/?page_id=2876"},"modified":"2024-03-08T15:03:08","modified_gmt":"2024-03-08T07:03:08","slug":"multi-head-filling-machine","status":"publish","type":"product","link":"https:\/\/tianhuipackingmachine.com\/tr\/multi-head-filling-machine\/","title":{"rendered":"\u00c7ok kafal\u0131 dolum makinas\u0131"},"content":{"rendered":"<p class=\"translation-block\"><strong>\u00c7ok ba\u015fl\u0131 dolum makinesi<\/strong>, malzemeleri doldurmak i\u00e7in birden fazla tart\u0131 veya \u00e7\u0131k\u0131\u015f ile donat\u0131lm\u0131\u015ft\u0131r. Bu, bir t\u00fcr kantitatif dolum makinesidir. Makine, malzemeleri torbalara, \u015fi\u015felere, kutulara vb. doldurabilir. Toz, gran\u00fcl, s\u0131v\u0131 veya macun i\u00e7in \u00e7e\u015fitli \u00e7ok ba\u015fl\u0131 dolum makineleri bulunmaktad\u0131r. Ayr\u0131ca, \u00e7ok ba\u015fl\u0131 dolum ekipmanlar\u0131, paketleme makineleri haline gelmek i\u00e7in uyumlu paketleme sistemleriyle birle\u015ftirilebilir. \u00c7ok ba\u015fl\u0131 torba paketleme makineleri, \u00e7ok ba\u015fl\u0131 pn\u00f6matik po\u015fet paketleme makinesi ve \u00e7ok ba\u015fl\u0131 kombinasyon paketleme makinesini i\u00e7erir. Pn\u00f6matik olan, pn\u00f6matik g\u00fc\u00e7le \u00e7al\u0131\u015f\u0131r ve stabil bir \u015fekilde \u00e7al\u0131\u015f\u0131r. Ayr\u0131ca, \u00f6zelle\u015ftirme hizmeti, ger\u00e7ek gereksinimlerinize g\u00f6re mevcuttur.<\/p>    <h2 class=\"wp-block-heading\" id=\"h-multi-head-filling-machine-for-sale\">Sat\u0131l\u0131k \u00e7ok kafal\u0131 dolum makinas\u0131<\/h2>    <h3 class=\"wp-block-heading\" id=\"h-pneumatic-electronic-scale-filling-machine\">Pn\u00f6matik elektronik terazi dolum makinas\u0131<\/h3>    <p>Elektronik terazili pn\u00f6matik dolum makinalar\u0131 \u00e7ift kafal\u0131, \u00fc\u00e7 kafal\u0131, d\u00f6rt kafal\u0131 ve be\u015f kafal\u0131 opsiyoneldir. Farkl\u0131 gramajlara sahip terazili farkl\u0131 haznelere farkl\u0131 t\u00fcrdeki malzemeler ayr\u0131 ayr\u0131 konulabilece\u011fi gibi, bu malzemeler ayn\u0131 torba, \u015fi\u015fe veya teneke kutuya konulabilir. Ayn\u0131 \u00fcr\u00fcn i\u00e7in, \u00fcretim verimlili\u011fini art\u0131rmak amac\u0131yla \u00e7ok kafal\u0131 dolum \u00e7\u0131k\u0131\u015flar\u0131 d\u00f6n\u00fc\u015f\u00fcml\u00fc olarak ayarlanabilir. S\u00fct tozu, kahve tozu, un, tah\u0131llar, kokulu \u00e7ay, kahve \u00e7ekirde\u011fi, pirin\u00e7, dar\u0131, patlam\u0131\u015f m\u0131s\u0131r, at\u0131\u015ft\u0131rmal\u0131klar, kuruyemi\u015fler, tohumlar, \u015fi\u015firilmi\u015f yiyecekler, kurt \u00fcz\u00fcm\u00fc, tah\u0131l, kurutulmu\u015f meyve, kestane gibi \u00e7e\u015fitli par\u00e7ac\u0131klar ve tozlar i\u00e7in uygundur. , k\u00f6pek mamas\u0131, biblo, donan\u0131m aksesuarlar\u0131 vb. Ayr\u0131ca tart\u0131m ve dolum makinesi, tart\u0131m, torba yap\u0131m\u0131, doldurma, kapatma ve kesme i\u015flemlerini tamamlayan bir paketleme sistemi ile donat\u0131labilir. Arka conta ve yan conta iste\u011fe ba\u011fl\u0131d\u0131r.<\/p>    <div class=\"wp-block-image\"><figure class=\"aligncenter size-full\"><img loading=\"lazy\" decoding=\"async\" width=\"750\" height=\"500\" src=\"https:\/\/tianhuipackingmachine.com\/wp-content\/uploads\/2021\/10\/pneumatic-multi-head-weigher-filler.jpg\" alt=\"Pn\u00f6matik \u00e7ok kafal\u0131 kantar dolgusu\" class=\"wp-image-2879\" srcset=\"https:\/\/tianhuipackingmachine.com\/wp-content\/uploads\/2021\/10\/pneumatic-multi-head-weigher-filler.jpg 750w, https:\/\/tianhuipackingmachine.com\/wp-content\/uploads\/2021\/10\/pneumatic-multi-head-weigher-filler-300x200.jpg 300w\" sizes=\"auto, (max-width: 750px) 100vw, 750px\" \/><figcaption>Pn\u00f6matik \u00e7ok kafal\u0131 kantar dolgusu<\/figcaption><\/figure><\/div>    <h3 class=\"wp-block-heading\" id=\"h-multi-head-liquid-filling-machine\">\u00c7ok kafal\u0131 s\u0131v\u0131 dolum makinas\u0131<\/h3>    <p class=\"translation-block\">\u00c7ok \u00e7\u0131k\u0131\u015fl\u0131 <strong><a href=\"https:\/\/tianhuipackingmachine.com\/tr\/liquid-filling-machines\/\">s\u0131v\u0131 dolum ekipman\u0131<\/a><\/strong>, ba\u011f\u0131ms\u0131z olarak veya bir \u00fcretim hatt\u0131n\u0131n par\u00e7as\u0131 olarak kullan\u0131labilir. Ayn\u0131 anda birden fazla \u015fi\u015fe veya kutuyu doldurabilir. Pompa modellerinin dolum aral\u0131\u011f\u0131 10-100ml, 50-500ml, 100-1000ml, 500-3000ml, 1000-5000ml vb. gibi \u00e7e\u015fitleri i\u00e7erir. Doldurma \u00e7\u0131k\u0131\u015flar\u0131n\u0131n say\u0131s\u0131 ihtiya\u00e7lar\u0131n\u0131za g\u00f6re \u00f6zelle\u015ftirilebilir. \u00c7ok ba\u015fl\u0131 s\u0131v\u0131 dolum makinesi, s\u0131z\u0131nt\u0131s\u0131z dolum sa\u011flamak i\u00e7in bir damlama \u00f6nleyici cihaz kullan\u0131r. Ayr\u0131ca, \u015fi\u015fe ay\u0131rma makinesi, <strong><a href=\"https:\/\/tianhuipackingmachine.com\/tr\/vacuum-capping-machines\/\">kapak kapama makinesi<\/a><\/strong>, etiketleme makinesi, <strong><a href=\"https:\/\/tianhuipackingmachine.com\/tr\/carton-sealing-machine\/\">karton kapama makinesi<\/a><\/strong> gibi di\u011fer makinelerle birle\u015ftirilerek bir b\u00fct\u00fcn \u00fcretim hatt\u0131 olu\u015fturabilir. Macun doldurmak istiyorsan\u0131z, macun pompalar\u0131 ile donat\u0131lm\u0131\u015f macun dolum makineleri bulunmaktad\u0131r. Ve \u00f6zelle\u015ftirme hizmeti sa\u011flanmaktad\u0131r.<\/p>    <div class=\"wp-block-image\"><figure class=\"aligncenter size-full\"><img loading=\"lazy\" decoding=\"async\" width=\"750\" height=\"500\" src=\"https:\/\/tianhuipackingmachine.com\/wp-content\/uploads\/2021\/09\/multi-head-automatic-liquid-filler.jpg\" alt=\"\u00e7ok kafal\u0131 otomatik s\u0131v\u0131 doldurucu\" class=\"wp-image-2564\" srcset=\"https:\/\/tianhuipackingmachine.com\/wp-content\/uploads\/2021\/09\/multi-head-automatic-liquid-filler.jpg 750w, https:\/\/tianhuipackingmachine.com\/wp-content\/uploads\/2021\/09\/multi-head-automatic-liquid-filler-300x200.jpg 300w\" sizes=\"auto, (max-width: 750px) 100vw, 750px\" \/><figcaption>\u00e7ok kafal\u0131 otomatik s\u0131v\u0131 doldurucu<\/figcaption><\/figure><\/div>    <h2 class=\"wp-block-heading\" id=\"h-pneumatic-multi-head-pouch-packing-machine-chain-bucket-packing-machine\">Pn\u00f6matik \u00e7ok kafal\u0131 kese paketleme makinesi ve zincir kova paketleme makinesi<\/h2>    <p class=\"translation-block\">Pn\u00f6matik \u00e7oklu iz po\u015fet paketleme makineleri, yaln\u0131zca ayn\u0131 malzemeyi doldurmak i\u00e7in doldurma \u00e7\u0131k\u0131\u015flar\u0131n\u0131 s\u0131rayla ayarlamakla kalmaz, ayn\u0131 zamanda farkl\u0131 t\u00fcrde malzemeleri farkl\u0131 gramajlarda ayr\u0131 ayr\u0131 tartabilir ve bunlar\u0131 tek bir torbaya paketleyebilir. Zincir kovas\u0131 paketleme makinesi, tartma i\u015flevine sahip de\u011fildir. Farkl\u0131 malzemelerin belirli bir a\u011f\u0131rl\u0131\u011f\u0131n\u0131 paketlemek i\u00e7in gran\u00fcl veya tozlar i\u00e7in birka\u00e7 k\u00fc\u00e7\u00fck <strong><a href=\"https:\/\/tianhuipackingmachine.com\/tr\/small-filling-machine\/\">masa\u00fcst\u00fc kantitatif dolum makineleri<\/a><\/strong> ile birle\u015ftirilebilir, \u00f6rne\u011fin aromal\u0131 \u00e7ay, tah\u0131llar ve di\u011fer kar\u0131\u015f\u0131k \u00fcr\u00fcnler. \u00d6ncekilerle kar\u015f\u0131la\u015ft\u0131r\u0131ld\u0131\u011f\u0131nda, <strong><a href=\"https:\/\/tianhuipackingmachine.com\/tr\/chain-bucket-packing-machine\/\">zincir kova paketleme makinesi<\/a><\/strong> daha fazla maliyet gerektirir. Her ikisi de, besleme makineleri, \u00e7\u0131k\u0131\u015f konvey\u00f6rleri, tarih yaz\u0131c\u0131lar\u0131, azot dolum cihazlar\u0131 gibi destekleyici makinelerle birlikte \u00e7al\u0131\u015fabilir.<\/p>    <div class=\"wp-block-columns is-layout-flex wp-container-core-columns-is-layout-28f84493 wp-block-columns-is-layout-flex\"> <div class=\"wp-block-column is-layout-flow wp-block-column-is-layout-flow\"> <figure class=\"wp-block-image size-full\"><img loading=\"lazy\" decoding=\"async\" width=\"600\" height=\"450\" src=\"https:\/\/tianhuipackingmachine.com\/wp-content\/uploads\/2021\/10\/pneumatic-multitrack-pouch-packing-machine.jpg\" alt=\"Pn\u00f6matik \u00e7ok kanall\u0131 kese paketleme makinesi\" class=\"wp-image-2880\" srcset=\"https:\/\/tianhuipackingmachine.com\/wp-content\/uploads\/2021\/10\/pneumatic-multitrack-pouch-packing-machine.jpg 600w, https:\/\/tianhuipackingmachine.com\/wp-content\/uploads\/2021\/10\/pneumatic-multitrack-pouch-packing-machine-300x225.jpg 300w\" sizes=\"auto, (max-width: 600px) 100vw, 600px\" \/><figcaption>Pn\u00f6matik \u00c7ok Kanall\u0131 Kese Paketleme Makinas\u0131<\/figcaption><\/figure> <\/div>    <div class=\"wp-block-column is-layout-flow wp-block-column-is-layout-flow\"> <figure class=\"wp-block-image size-full\"><img loading=\"lazy\" decoding=\"async\" width=\"600\" height=\"450\" src=\"https:\/\/tianhuipackingmachine.com\/wp-content\/uploads\/2021\/09\/chain-bucket-packing-machine.jpg\" alt=\"zincir kova paketleme makinesi\" class=\"wp-image-2605\" srcset=\"https:\/\/tianhuipackingmachine.com\/wp-content\/uploads\/2021\/09\/chain-bucket-packing-machine.jpg 600w, https:\/\/tianhuipackingmachine.com\/wp-content\/uploads\/2021\/09\/chain-bucket-packing-machine-300x225.jpg 300w\" sizes=\"auto, (max-width: 600px) 100vw, 600px\" \/><figcaption>Zincirli Kova Paketleme Makinas\u0131<\/figcaption><\/figure> <\/div> <\/div>    <h2 class=\"wp-block-heading\" id=\"h-conclusion\">\u00c7\u00f6z\u00fcm<\/h2>    <p class=\"translation-block\">\u00c7ok ba\u015fl\u0131 dolum makinesi, malzemeleri doldurmak i\u00e7in kullan\u0131lan bir ekipmand\u0131r. Pn\u00f6matik \u00e7ok ba\u015fl\u0131 elektrikli \u00f6l\u00e7ek tart\u0131c\u0131, tek bir malzemeyi s\u0131rayla doldurabilir veya farkl\u0131 gramajlardaki malzemeleri ayr\u0131 ayr\u0131 tartabilir ve ayn\u0131 anda doldurabilir. Toz, gran\u00fcl, s\u0131v\u0131 veya macun olsun, kar\u015f\u0131l\u0131k gelen dolum sistemleri ve paketleme sistemleri mevcuttur. Bir <strong><a href=\"https:\/\/tianhuipackingmachine.com\/tr\/\">paketleme makinesi \u00fcreticisi ve tedarik\u00e7isi<\/a><\/strong> olarak, ayr\u0131ca yast\u0131k paketleme makineleri, <strong><a href=\"https:\/\/tianhuipackingmachine.com\/tr\/vacuum-packaging-machine\/\">vakum paketleme makineleri<\/a><\/strong>, s\u00fcrekli kapama makineleri, kapak kapama makineleri, <strong><a href=\"https:\/\/tianhuipackingmachine.com\/tr\/semi-automatic-round-bottle-labeling-machine\/\">etiketleme makineleri<\/a><\/strong>, karton kapama makineleri, y\u00fckleme konvey\u00f6rleri, \u00e7\u0131k\u0131\u015f konvey\u00f6r bantlar\u0131, kodlama yaz\u0131c\u0131lar\u0131 vb. sa\u011flamaktay\u0131z. Ayr\u0131ca, \u00f6zel gereksinimlerinize dayal\u0131 OEM hizmetlerini destekliyoruz. <strong><a href=\"https:\/\/tianhuipackingmachine.com\/tr\/contact\/\">Bizimle ileti\u015fime ge\u00e7in<\/a><\/strong> daha fazla bilgi ve en iyi fiyat i\u00e7in, size en k\u0131sa s\u00fcrede geri d\u00f6nece\u011fiz.<\/p>","protected":false},"excerpt":{"rendered":"<p>Multi-head filling machine is equipped with multiple weighers or outlets to fill materials. It\u2019s one kind of quantitative filling machine. The machine can fill materials into bags, bottles, cans, etc. There are a variety of multi-head filling machines for powder, granules, liquid, or paste. Besides, the multi-head filling equipment can match with accordant packaging system [&hellip;]<\/p>\n","protected":false},"author":1,"featured_media":2879,"parent":0,"template":"","tags":[162],"product-type":[141],"class_list":["post-2876","product","type-product","status-publish","has-post-thumbnail","hentry","tag-filling-machine","product-type-filling-machines"],"_links":{"self":[{"href":"https:\/\/tianhuipackingmachine.com\/tr\/wp-json\/wp\/v2\/product\/2876","targetHints":{"allow":["GET"]}}],"collection":[{"href":"https:\/\/tianhuipackingmachine.com\/tr\/wp-json\/wp\/v2\/product"}],"about":[{"href":"https:\/\/tianhuipackingmachine.com\/tr\/wp-json\/wp\/v2\/types\/product"}],"author":[{"embeddable":true,"href":"https:\/\/tianhuipackingmachine.com\/tr\/wp-json\/wp\/v2\/users\/1"}],"wp:featuredmedia":[{"embeddable":true,"href":"https:\/\/tianhuipackingmachine.com\/tr\/wp-json\/wp\/v2\/media\/2879"}],"wp:attachment":[{"href":"https:\/\/tianhuipackingmachine.com\/tr\/wp-json\/wp\/v2\/media?parent=2876"}],"wp:term":[{"taxonomy":"post_tag","embeddable":true,"href":"https:\/\/tianhuipackingmachine.com\/tr\/wp-json\/wp\/v2\/tags?post=2876"},{"taxonomy":"product-type","embeddable":true,"href":"https:\/\/tianhuipackingmachine.com\/tr\/wp-json\/wp\/v2\/product-type?post=2876"}],"curies":[{"name":"wp","href":"https:\/\/api.w.org\/{rel}","templated":true}]}}