{"id":2827,"date":"2021-09-28T16:17:47","date_gmt":"2021-09-28T08:17:47","guid":{"rendered":"https:\/\/tianhuipackingmachine.com\/?page_id=2827"},"modified":"2024-03-08T14:44:22","modified_gmt":"2024-03-08T06:44:22","slug":"flat-label-applicator","status":"publish","type":"product","link":"https:\/\/tianhuipackingmachine.com\/tr\/flat-label-applicator\/","title":{"rendered":"D\u00fcz etiket aplikat\u00f6r\u00fc"},"content":{"rendered":"<p class=\"translation-block\"><strong>D\u00fcz etiket uygulay\u0131c\u0131<\/strong>, masa\u00fcst\u00fc d\u00fcz etiketleme makinesi ve dikey d\u00fcz etiketleme makinesini i\u00e7erir. Bu, \u00e7e\u015fitli d\u00fcz y\u00fczeyler i\u00e7in uygun olan otomatik bir etiketleme makinesidir; d\u00fcz torbalar, kutular veya d\u00fcz kapakl\u0131 kutular, kartonlar vb. gibi. Makine tek ba\u015f\u0131na kullan\u0131labilir veya doldurma makinesi, m\u00fch\u00fcrleme makinesi, paketleme makinesi, kapaklama makinesi, y\u00fckleme makinesi, konvey\u00f6r band\u0131, tarih yaz\u0131c\u0131 vb. gibi di\u011fer makinelerle e\u015fle\u015ftirilerek bir \u00fcretim hatt\u0131 olu\u015fturulabilir. Etiketlerin boyutu, etiketleme nesnelerinin boyutlar\u0131, etiketleme h\u0131z\u0131 vb. hakk\u0131nda ihtiya\u00e7lar\u0131n\u0131za g\u00f6re se\u00e7im yapabilirsiniz. Ayr\u0131ca, gereksinimlerinize dayal\u0131 olarak yararl\u0131 \u00f6neriler almak i\u00e7in bizimle ileti\u015fime ge\u00e7ebilirsiniz.<\/p>    <h2 class=\"wp-block-heading\" id=\"h-flat-label-applicator-for-sale\">Sat\u0131l\u0131k d\u00fcz etiket aplikat\u00f6r\u00fc<\/h2>    <p>Sat\u0131l\u0131k Top(Henan) Machinery'deki d\u00fcz y\u00fczey i\u00e7in otomatik etiketleme makinesi, dikey d\u00fcz etiketleme aplikat\u00f6r\u00fc ve masa\u00fcst\u00fc olarak an\u0131l\u0131r. Birincisi ikincisinden daha y\u00fcksektir. Dikey bir makinenin uygun y\u00fckseklikte \u00e7al\u0131\u015ft\u0131r\u0131lmas\u0131 uygundur. Ve masa\u00fcst\u00fc makine ta\u015f\u0131nabilirdir ve k\u00fc\u00e7\u00fck ve orta \u00f6l\u00e7ekli i\u015fletmelere uygundur. D\u00fcz torbalar i\u00e7in, bir \u00fcretim hatt\u0131 olu\u015fturmak \u00fczere toz, gran\u00fcl, s\u0131v\u0131 veya macun dolum makineleri ve s\u00fcrekli torba kapatma makinesiyle e\u015fle\u015febilir. Kutular\u0131 etiketlemek istiyorsan\u0131z s\u0131v\u0131 veya macun dolum makinesi ve kapak kapatma makinesini se\u00e7erek \u00fcretim hatt\u0131 olu\u015fturabilirsiniz. Daha fazla ayr\u0131nt\u0131 i\u00e7in bizimle ileti\u015fime ge\u00e7in.<\/p>    <div class=\"wp-block-columns is-layout-flex wp-container-core-columns-is-layout-28f84493 wp-block-columns-is-layout-flex\"> <div class=\"wp-block-column is-layout-flow wp-block-column-is-layout-flow\"> <figure class=\"wp-block-image size-full\"><img loading=\"lazy\" decoding=\"async\" width=\"750\" height=\"500\" src=\"https:\/\/tianhuipackingmachine.com\/wp-content\/uploads\/2021\/09\/vertical-automatic-flat-labeling-machine.jpg\" alt=\"dikey otomatik d\u00fcz etiketleme makinesi\" class=\"wp-image-2830\" srcset=\"https:\/\/tianhuipackingmachine.com\/wp-content\/uploads\/2021\/09\/vertical-automatic-flat-labeling-machine.jpg 750w, https:\/\/tianhuipackingmachine.com\/wp-content\/uploads\/2021\/09\/vertical-automatic-flat-labeling-machine-300x200.jpg 300w\" sizes=\"auto, (max-width: 750px) 100vw, 750px\" \/><figcaption class=\"wp-element-caption\">Dikey Otomatik D\u00fcz Etiketleme Makinesi<\/figcaption><\/figure> <\/div>    <div class=\"wp-block-column is-layout-flow wp-block-column-is-layout-flow\"> <figure class=\"wp-block-image size-full\"><img loading=\"lazy\" decoding=\"async\" width=\"750\" height=\"500\" src=\"https:\/\/tianhuipackingmachine.com\/wp-content\/uploads\/2021\/09\/desktop-flat-labeling-machine.jpg\" alt=\"masa\u00fcst\u00fc d\u00fcz etiketleme makinesi\" class=\"wp-image-2831\" srcset=\"https:\/\/tianhuipackingmachine.com\/wp-content\/uploads\/2021\/09\/desktop-flat-labeling-machine.jpg 750w, https:\/\/tianhuipackingmachine.com\/wp-content\/uploads\/2021\/09\/desktop-flat-labeling-machine-300x200.jpg 300w\" sizes=\"auto, (max-width: 750px) 100vw, 750px\" \/><figcaption class=\"wp-element-caption\">Masa\u00fcst\u00fc D\u00fcz Etiketleme Makinesi<\/figcaption><\/figure> <\/div> <\/div>    <h2 class=\"wp-block-heading\" id=\"h-features-of-flat-surface-labeling-machine\">D\u00fcz y\u00fczey etiketleme makinesinin \u00f6zellikleri<\/h2>    <ol class=\"wp-block-list\"> <li>Makul tasar\u0131m, basit yap\u0131, y\u00fcksek verimlilik, geni\u015f uygulama, d\u00fc\u015f\u00fck g\u00fcr\u00fclt\u00fc<\/li>    <li>\u0130stikrarl\u0131 bir \u015fekilde \u00e7al\u0131\u015f\u0131n, verimli \u00e7al\u0131\u015f\u0131n, iyi etiketleyin, otomatik olarak tamamlay\u0131n<\/li>    <li>Dikey d\u00fcz y\u00fczeyli etiket aplikat\u00f6r\u00fc ve masa\u00fcst\u00fc olan\u0131 mevcuttur.<\/li>    <li>Etiketin y\u00fcksekli\u011fi, ta\u015f\u0131ma band\u0131n\u0131n geni\u015fli\u011fi ve etiketin a\u00e7\u0131k uzunlu\u011fu ayarlanabilir<\/li>    <li>Ak\u0131ll\u0131 kontrol paneli, etiketlemeyi tamamlamak i\u00e7in bir\u00e7ok parametreyi ayarlayabilir.<\/li>    <li>Etiketleme h\u0131z\u0131, konvey\u00f6r bant h\u0131z\u0131n\u0131n h\u0131z\u0131yla otomatik olarak senkronizedir.<\/li>    <li>Acil stop butonu g\u00fcvenlik \u00f6nlemi olarak tasarlanm\u0131\u015ft\u0131r.<\/li>    <li>\u00d6zelle\u015ftirme hizmeti mevcut<\/li> <\/ol>    <h2 class=\"wp-block-heading\" id=\"h-applicable-objects-of-flat-label-applicator\">D\u00fcz etiket aplikat\u00f6r\u00fcn\u00fcn uygulanabilir nesneleri<\/h2>    <p class=\"translation-block\">D\u00fcz y\u00fczey etiket uygulay\u0131c\u0131, g\u0131da, teslimat, oyuncak, kozmetik, g\u00fcnl\u00fck ihtiya\u00e7lar, k\u0131rtasiye, ila\u00e7 ve di\u011fer end\u00fcstriler gibi \u00e7e\u015fitli end\u00fcstrilerde d\u00fcz y\u00fczeylere sahip her t\u00fcrl\u00fc nesne i\u00e7in uygundur. <strong><a href=\"https:\/\/tianhuipackingmachine.com\/tr\/automatic-round-bottle-labeling-machine-sale\/\">etiketleme makinesi<\/a><\/strong> d\u00fcz paket, kutu ve kartonlar\u0131n paket at\u0131\u015ft\u0131rmal\u0131klar\u0131, kuruyemi\u015f, \u015fekerleme, meyve, sebze, giysi, ayakkab\u0131, aloe vera jeli, kozmetik, \u015fampuan, du\u015f jeli, \u00e7ama\u015f\u0131r deterjan\u0131, ka\u011f\u0131t, dosya cebi, \u00f6\u011fle yeme\u011fi kutular\u0131, hediye kutular\u0131 vb. i\u00e7in yayg\u0131n olarak uygulanmaktad\u0131r.<\/p>    <figure class=\"wp-block-image aligncenter size-full\"><img loading=\"lazy\" decoding=\"async\" width=\"750\" height=\"500\" src=\"https:\/\/tianhuipackingmachine.com\/wp-content\/uploads\/2021\/09\/applications-of-flat-label-applicator.jpg\" alt=\"d\u00fcz etiket aplikat\u00f6r\u00fcn\u00fcn uygulamalar\u0131\" class=\"wp-image-2832\" srcset=\"https:\/\/tianhuipackingmachine.com\/wp-content\/uploads\/2021\/09\/applications-of-flat-label-applicator.jpg 750w, https:\/\/tianhuipackingmachine.com\/wp-content\/uploads\/2021\/09\/applications-of-flat-label-applicator-300x200.jpg 300w\" sizes=\"auto, (max-width: 750px) 100vw, 750px\" \/><figcaption class=\"wp-element-caption\">D\u00fcz Etiket Aplikat\u00f6r\u00fcn\u00fcn Uygulamalar\u0131<\/figcaption><\/figure>    <h2 class=\"wp-block-heading\" id=\"h-automatic-flat-labeling-machine-structure\">Otomatik d\u00fcz etiketleme makinesi yap\u0131s\u0131<\/h2>    <p>D\u00fcz y\u00fczeye y\u00f6nelik etiket aplikat\u00f6r\u00fc etiketleme yap\u0131s\u0131, etiket tutucusu, d\u00f6ner d\u00fc\u011fme, \u00e7al\u0131\u015ft\u0131rma paneli, elektrikli g\u00f6z, motor, acil durdurma d\u00fc\u011fmesi vb. par\u00e7alardan olu\u015fur. Etiketleme yap\u0131s\u0131, nesnelerin etiketlenece\u011fi yer, rulo etiketi sabitlemek i\u00e7in etiket tutucu, d\u00f6ner d\u00fc\u011fmeden olu\u015fur. etiketlemenin y\u00fcksekli\u011fini ayarlamak i\u00e7in, \u00e7e\u015fitli parametreleri ayarlamak i\u00e7in kontrol panelini kullan\u0131n. Elektrikli g\u00f6z, malzemeyi alg\u0131lamaya duyarl\u0131d\u0131r ve \u00e7al\u0131\u015fma hassasiyetini art\u0131r\u0131r. Standart bir d\u00fcz etiketleme aplikat\u00f6r\u00fc bir etiket tutucuyla donat\u0131lm\u0131\u015ft\u0131r, ancak ihtiya\u00e7lar\u0131n\u0131za uygun olarak OEM hizmeti de mevcuttur. \u00d6rne\u011fin yuvarlak bir kutunun \u00fcst ve yan k\u0131s\u0131mlar\u0131n\u0131 etiketlemek istiyorsan\u0131z, entegre bir etiket aplikat\u00f6r\u00fc bunu ger\u00e7ekle\u015ftirebilir. <\/p>    <figure class=\"wp-block-image aligncenter size-full\"><img loading=\"lazy\" decoding=\"async\" width=\"750\" height=\"500\" src=\"https:\/\/tianhuipackingmachine.com\/wp-content\/uploads\/2021\/09\/the-structure-of-labeling-machine-for-flat-surfaces.jpg\" alt=\"d\u00fcz y\u00fczeyler i\u00e7in etiketleme makinesinin yap\u0131s\u0131\" class=\"wp-image-2833\" srcset=\"https:\/\/tianhuipackingmachine.com\/wp-content\/uploads\/2021\/09\/the-structure-of-labeling-machine-for-flat-surfaces.jpg 750w, https:\/\/tianhuipackingmachine.com\/wp-content\/uploads\/2021\/09\/the-structure-of-labeling-machine-for-flat-surfaces-300x200.jpg 300w\" sizes=\"auto, (max-width: 750px) 100vw, 750px\" \/><figcaption class=\"wp-element-caption\">D\u00fcz Y\u00fczeyler \u0130\u00e7in Etiketleme Makinas\u0131n\u0131n Yap\u0131s\u0131<\/figcaption><\/figure>    <h2 class=\"wp-block-heading\" id=\"h-related-machines\">\u0130lgili makineler<\/h2>    <p class=\"translation-block\">Etiketleme makineleri i\u00e7in Top(Henen) Packing Machinery'de <strong><a href=\"https:\/\/tianhuipackingmachine.com\/tr\/automatic-round-bottle-labeling-machine-sale\/\">otomatik yuvarlak \u015fi\u015fe etiketleme makineleri<\/a><\/strong> ve <strong><a href=\"https:\/\/tianhuipackingmachine.com\/tr\/semi-automatic-round-bottle-labeling-machine\/\">yar\u0131 otomatik yuvarlak \u015fi\u015fe etiketleme makineleri<\/a><\/strong> de bulunmaktad\u0131r, d\u00fcz etiket uygulay\u0131c\u0131 d\u0131\u015f\u0131nda. Bu etiketleyiciler tek ba\u015f\u0131na kullan\u0131labilir veya doldurma makineleri, kapaklama makineleri, m\u00fch\u00fcrleme makineleri, \u0131s\u0131 ile shrink saran makineler, vakumlu paketleme makineleri, <strong><a href=\"https:\/\/tianhuipackingmachine.com\/tr\/\">paketleme makineleri<\/a><\/strong> vb. ile e\u015fle\u015ftirilerek bir \u00fcretim hatt\u0131 olu\u015fturulabilir. Daha fazla bilgi almak isterseniz, <strong><a href=\"https:\/\/tianhuipackingmachine.com\/tr\/contact\/\">bizimle ileti\u015fime ge\u00e7ebilirsiniz<\/a><\/strong> ve size en k\u0131sa s\u00fcrede geri d\u00f6nece\u011fiz.<\/p>","protected":false},"excerpt":{"rendered":"<p>Flat label applicator includes desktop flat labeling machine and a vertical flat labeling machine. It\u2019s an automatic labeling machine, suitable for various flat surfaces, such as flat bags, boxes, or cans with flat covers, cartons, etc. The machine can be used alone or matched with other machines to compose a whole production line, like filling [&hellip;]<\/p>\n","protected":false},"author":1,"featured_media":2831,"parent":0,"template":"","tags":[172],"product-type":[144],"class_list":["post-2827","product","type-product","status-publish","has-post-thumbnail","hentry","tag-labeling-machine","product-type-supporting-equipment"],"_links":{"self":[{"href":"https:\/\/tianhuipackingmachine.com\/tr\/wp-json\/wp\/v2\/product\/2827","targetHints":{"allow":["GET"]}}],"collection":[{"href":"https:\/\/tianhuipackingmachine.com\/tr\/wp-json\/wp\/v2\/product"}],"about":[{"href":"https:\/\/tianhuipackingmachine.com\/tr\/wp-json\/wp\/v2\/types\/product"}],"author":[{"embeddable":true,"href":"https:\/\/tianhuipackingmachine.com\/tr\/wp-json\/wp\/v2\/users\/1"}],"wp:featuredmedia":[{"embeddable":true,"href":"https:\/\/tianhuipackingmachine.com\/tr\/wp-json\/wp\/v2\/media\/2831"}],"wp:attachment":[{"href":"https:\/\/tianhuipackingmachine.com\/tr\/wp-json\/wp\/v2\/media?parent=2827"}],"wp:term":[{"taxonomy":"post_tag","embeddable":true,"href":"https:\/\/tianhuipackingmachine.com\/tr\/wp-json\/wp\/v2\/tags?post=2827"},{"taxonomy":"product-type","embeddable":true,"href":"https:\/\/tianhuipackingmachine.com\/tr\/wp-json\/wp\/v2\/product-type?post=2827"}],"curies":[{"name":"wp","href":"https:\/\/api.w.org\/{rel}","templated":true}]}}